{"id":25201,"date":"2017-03-21T14:50:23","date_gmt":"2017-03-21T13:50:23","guid":{"rendered":"https:\/\/www.perzijskepreproge.si\/izdelek\/perserteppich-nain-perserteppich-nain-9\/"},"modified":"2017-03-21T14:50:23","modified_gmt":"2017-03-21T13:50:23","slug":"perserteppich-nain-perserteppich-nain-9","status":"publish","type":"product","link":"https:\/\/www.perzijskepreproge.si\/de\/produkt\/perserteppich-nain-perserteppich-nain-9\/","title":{"rendered":"Perserteppich Nain \/ Perserteppich Nain"},"content":{"rendered":"<p>Nain ist eine Stadt am Rande der W\u00fcste und sehr ber\u00fchmt f\u00fcr die Herstellung edler, insbesondere klassischer Perserteppiche. Sie bestehen normalerweise aus Baumwollketten (Fransen) und sehr feiner und weicher Wolle und Seide mit viel Lanolin. Lanolin (Wachs) sorgt f\u00fcr die Langlebigkeit der Wolle, sodass hochwertige Teppiche von Generation zu Generation weitergegeben werden und wunderbare Familienerbst\u00fccke sind.  <\/p>\n<p>Ein sehr dicht gekn\u00fcpfter, schneewei\u00dfer Nain mit karminroter Basis, auf der ein Medaillon in voller Bl\u00fcte schwebt. Lotusblumen und Lilien sind kunstvoll ineinander verschlungen, Seidenbord\u00fcren unterstreichen ihre Sch\u00f6nheit durch ihre Brillanz. Nain-Teppiche gelten als einige der sch\u00f6nsten, kunstvollsten und bezauberndsten Perserteppiche.  <\/p>\n<p>Zu den klassischen Teppichen z\u00e4hlen jene Teppiche, die in St\u00e4dten wie T\u00e4bris, Isfahan, <strong>Nain<\/strong> , Qum, Maschhad, Kaschmar, Kerman, Ardabil usw. hergestellt werden. Sie werden nach grafischen Vorlagen (persisch \u2013 Talim) hergestellt, auf denen Sie alle Details und Farben f\u00fcr jeden verwendeten Teppich sehen k\u00f6nnen. Aus diesem Grund k\u00f6nnen sie mehrere Teppiche mit \u00e4hnlichem Design herstellen. Diese Teppiche werden in Meisterwerkst\u00e4tten hergestellt und die Designs sind das Werk etablierter Teppichdesigner und -maler. Die h\u00e4ufigsten Motive sind Blumen, Arabesken, Tiere, G\u00e4rten, Jagdszenen und verschiedene Darstellungen aus dem reichen Schatz der persischen Mythologie. Diese Teppiche sind die Tr\u00e4ger der Tradition der Teppichkn\u00fcpferei f\u00fcr die persischen H\u00f6fe, die im 16. Jahrhundert w\u00e4hrend der Safawiden-Dynastie ihren H\u00f6hepunkt erreichte.     <\/p>\n","protected":false},"excerpt":{"rendered":"<p>Reg. Nr.: 554<\/p>\n<p>Gr\u00f6\u00dfe: 204 x 133 cm<\/p>\n<p>Material \/ Flor: Wolle, Seide<\/p>\n<p>Basis: Baumwolle<\/p>\n<p>Farben: Pflanzen<\/p>\n<p>Design: floral (Medaillon)<\/p>\n<p>Webtechnik: handgefertigter Florteppich<\/p>\n<p>Knotendichte: 400.000 m\/2<\/p>\n<p>Herkunft: Iran<\/p>\n<p>&nbsp;<\/p>\n","protected":false},"featured_media":20870,"template":"","meta":{"iawp_total_views":9},"product_brand":[],"product_cat":[305,306],"product_tag":[],"class_list":{"0":"post-25201","1":"product","2":"type-product","3":"status-publish","4":"has-post-thumbnail","6":"product_cat-klassische-teppiche","7":"product_cat-mittlere-teppiche","8":"pa_barva-osnovna-gold-gelb","9":"pa_material-wolle-seide","10":"pa_oblika-rechteckig","11":"pa_velikost-cca-200-x-150-de","13":"first","14":"instock","15":"sold-individually","16":"taxable","17":"shipping-taxable","18":"purchasable","19":"product-type-simple"},"yoast_head":"<!-- This site is optimized with the Yoast SEO plugin v27.3 - https:\/\/yoast.com\/product\/yoast-seo-wordpress\/ -->\n<title>Perserteppich Nain \/ Perserteppich Nain - Perzijske preproge Farzad<\/title>\n<meta name=\"robots\" content=\"index, follow, max-snippet:-1, max-image-preview:large, max-video-preview:-1\" \/>\n<link rel=\"canonical\" href=\"https:\/\/www.perzijskepreproge.si\/de\/produkt\/perserteppich-nain-perserteppich-nain-9\/\" \/>\n<meta property=\"og:locale\" content=\"de_DE\" \/>\n<meta property=\"og:type\" content=\"article\" \/>\n<meta property=\"og:title\" content=\"Perserteppich Nain \/ Perserteppich Nain - Perzijske preproge Farzad\" \/>\n<meta property=\"og:description\" content=\"Reg. Nr.: 554 Gr\u00f6\u00dfe: 204 x 133 cm Material \/ Flor: Wolle, Seide Basis: Baumwolle Farben: Pflanzen Design: floral (Medaillon) Webtechnik: handgefertigter Florteppich Knotendichte: 400.000 m\/2 Herkunft: Iran &nbsp;\" \/>\n<meta property=\"og:url\" content=\"https:\/\/www.perzijskepreproge.si\/de\/produkt\/perserteppich-nain-perserteppich-nain-9\/\" \/>\n<meta property=\"og:site_name\" content=\"Perzijske preproge Farzad\" \/>\n<meta property=\"og:image\" content=\"https:\/\/www.perzijskepreproge.si\/wp-content\/uploads\/2017\/03\/DSCF7063.jpg\" \/>\n\t<meta property=\"og:image:width\" content=\"518\" \/>\n\t<meta property=\"og:image:height\" content=\"900\" \/>\n\t<meta property=\"og:image:type\" content=\"image\/jpeg\" \/>\n<meta name=\"twitter:card\" content=\"summary_large_image\" \/>\n<meta name=\"twitter:label1\" content=\"Gesch\u00e4tzte Lesezeit\" \/>\n\t<meta name=\"twitter:data1\" content=\"1\u00a0Minute\" \/>\n<script type=\"application\/ld+json\" class=\"yoast-schema-graph\">{\"@context\":\"https:\\\/\\\/schema.org\",\"@graph\":[{\"@type\":\"WebPage\",\"@id\":\"https:\\\/\\\/www.perzijskepreproge.si\\\/de\\\/produkt\\\/perserteppich-nain-perserteppich-nain-9\\\/\",\"url\":\"https:\\\/\\\/www.perzijskepreproge.si\\\/de\\\/produkt\\\/perserteppich-nain-perserteppich-nain-9\\\/\",\"name\":\"Perserteppich Nain \\\/ Perserteppich Nain - Perzijske preproge Farzad\",\"isPartOf\":{\"@id\":\"https:\\\/\\\/www.perzijskepreproge.si\\\/de\\\/#website\"},\"primaryImageOfPage\":{\"@id\":\"https:\\\/\\\/www.perzijskepreproge.si\\\/de\\\/produkt\\\/perserteppich-nain-perserteppich-nain-9\\\/#primaryimage\"},\"image\":{\"@id\":\"https:\\\/\\\/www.perzijskepreproge.si\\\/de\\\/produkt\\\/perserteppich-nain-perserteppich-nain-9\\\/#primaryimage\"},\"thumbnailUrl\":\"https:\\\/\\\/www.perzijskepreproge.si\\\/wp-content\\\/uploads\\\/2017\\\/03\\\/DSCF7063.jpg\",\"datePublished\":\"2017-03-21T13:50:23+00:00\",\"breadcrumb\":{\"@id\":\"https:\\\/\\\/www.perzijskepreproge.si\\\/de\\\/produkt\\\/perserteppich-nain-perserteppich-nain-9\\\/#breadcrumb\"},\"inLanguage\":\"de\",\"potentialAction\":[{\"@type\":\"ReadAction\",\"target\":[\"https:\\\/\\\/www.perzijskepreproge.si\\\/de\\\/produkt\\\/perserteppich-nain-perserteppich-nain-9\\\/\"]}]},{\"@type\":\"ImageObject\",\"inLanguage\":\"de\",\"@id\":\"https:\\\/\\\/www.perzijskepreproge.si\\\/de\\\/produkt\\\/perserteppich-nain-perserteppich-nain-9\\\/#primaryimage\",\"url\":\"https:\\\/\\\/www.perzijskepreproge.si\\\/wp-content\\\/uploads\\\/2017\\\/03\\\/DSCF7063.jpg\",\"contentUrl\":\"https:\\\/\\\/www.perzijskepreproge.si\\\/wp-content\\\/uploads\\\/2017\\\/03\\\/DSCF7063.jpg\",\"width\":518,\"height\":900},{\"@type\":\"BreadcrumbList\",\"@id\":\"https:\\\/\\\/www.perzijskepreproge.si\\\/de\\\/produkt\\\/perserteppich-nain-perserteppich-nain-9\\\/#breadcrumb\",\"itemListElement\":[{\"@type\":\"ListItem\",\"position\":1,\"name\":\"Heim\",\"item\":\"https:\\\/\\\/www.perzijskepreproge.si\\\/de\\\/perserteppiche-farzad\\\/\"},{\"@type\":\"ListItem\",\"position\":2,\"name\":\"Shop\",\"item\":\"https:\\\/\\\/www.perzijskepreproge.si\\\/de\\\/shop\\\/\"},{\"@type\":\"ListItem\",\"position\":3,\"name\":\"Perserteppich Nain \\\/ Perserteppich Nain\"}]},{\"@type\":\"WebSite\",\"@id\":\"https:\\\/\\\/www.perzijskepreproge.si\\\/de\\\/#website\",\"url\":\"https:\\\/\\\/www.perzijskepreproge.si\\\/de\\\/\",\"name\":\"Perzijske preproge Farzad\",\"description\":\"Perzijske preproge,  preprog in \u010di\u0161\u010denje preprog\",\"potentialAction\":[{\"@type\":\"SearchAction\",\"target\":{\"@type\":\"EntryPoint\",\"urlTemplate\":\"https:\\\/\\\/www.perzijskepreproge.si\\\/de\\\/?s={search_term_string}\"},\"query-input\":{\"@type\":\"PropertyValueSpecification\",\"valueRequired\":true,\"valueName\":\"search_term_string\"}}],\"inLanguage\":\"de\"}]}<\/script>\n<!-- \/ Yoast SEO plugin. -->","yoast_head_json":{"title":"Perserteppich Nain \/ Perserteppich Nain - Perzijske preproge Farzad","robots":{"index":"index","follow":"follow","max-snippet":"max-snippet:-1","max-image-preview":"max-image-preview:large","max-video-preview":"max-video-preview:-1"},"canonical":"https:\/\/www.perzijskepreproge.si\/de\/produkt\/perserteppich-nain-perserteppich-nain-9\/","og_locale":"de_DE","og_type":"article","og_title":"Perserteppich Nain \/ Perserteppich Nain - Perzijske preproge Farzad","og_description":"Reg. Nr.: 554 Gr\u00f6\u00dfe: 204 x 133 cm Material \/ Flor: Wolle, Seide Basis: Baumwolle Farben: Pflanzen Design: floral (Medaillon) Webtechnik: handgefertigter Florteppich Knotendichte: 400.000 m\/2 Herkunft: Iran &nbsp;","og_url":"https:\/\/www.perzijskepreproge.si\/de\/produkt\/perserteppich-nain-perserteppich-nain-9\/","og_site_name":"Perzijske preproge Farzad","og_image":[{"width":518,"height":900,"url":"https:\/\/www.perzijskepreproge.si\/wp-content\/uploads\/2017\/03\/DSCF7063.jpg","type":"image\/jpeg"}],"twitter_card":"summary_large_image","twitter_misc":{"Gesch\u00e4tzte Lesezeit":"1\u00a0Minute"},"schema":{"@context":"https:\/\/schema.org","@graph":[{"@type":"WebPage","@id":"https:\/\/www.perzijskepreproge.si\/de\/produkt\/perserteppich-nain-perserteppich-nain-9\/","url":"https:\/\/www.perzijskepreproge.si\/de\/produkt\/perserteppich-nain-perserteppich-nain-9\/","name":"Perserteppich Nain \/ Perserteppich Nain - Perzijske preproge Farzad","isPartOf":{"@id":"https:\/\/www.perzijskepreproge.si\/de\/#website"},"primaryImageOfPage":{"@id":"https:\/\/www.perzijskepreproge.si\/de\/produkt\/perserteppich-nain-perserteppich-nain-9\/#primaryimage"},"image":{"@id":"https:\/\/www.perzijskepreproge.si\/de\/produkt\/perserteppich-nain-perserteppich-nain-9\/#primaryimage"},"thumbnailUrl":"https:\/\/www.perzijskepreproge.si\/wp-content\/uploads\/2017\/03\/DSCF7063.jpg","datePublished":"2017-03-21T13:50:23+00:00","breadcrumb":{"@id":"https:\/\/www.perzijskepreproge.si\/de\/produkt\/perserteppich-nain-perserteppich-nain-9\/#breadcrumb"},"inLanguage":"de","potentialAction":[{"@type":"ReadAction","target":["https:\/\/www.perzijskepreproge.si\/de\/produkt\/perserteppich-nain-perserteppich-nain-9\/"]}]},{"@type":"ImageObject","inLanguage":"de","@id":"https:\/\/www.perzijskepreproge.si\/de\/produkt\/perserteppich-nain-perserteppich-nain-9\/#primaryimage","url":"https:\/\/www.perzijskepreproge.si\/wp-content\/uploads\/2017\/03\/DSCF7063.jpg","contentUrl":"https:\/\/www.perzijskepreproge.si\/wp-content\/uploads\/2017\/03\/DSCF7063.jpg","width":518,"height":900},{"@type":"BreadcrumbList","@id":"https:\/\/www.perzijskepreproge.si\/de\/produkt\/perserteppich-nain-perserteppich-nain-9\/#breadcrumb","itemListElement":[{"@type":"ListItem","position":1,"name":"Heim","item":"https:\/\/www.perzijskepreproge.si\/de\/perserteppiche-farzad\/"},{"@type":"ListItem","position":2,"name":"Shop","item":"https:\/\/www.perzijskepreproge.si\/de\/shop\/"},{"@type":"ListItem","position":3,"name":"Perserteppich Nain \/ Perserteppich Nain"}]},{"@type":"WebSite","@id":"https:\/\/www.perzijskepreproge.si\/de\/#website","url":"https:\/\/www.perzijskepreproge.si\/de\/","name":"Perzijske preproge Farzad","description":"Perzijske preproge,  preprog in \u010di\u0161\u010denje preprog","potentialAction":[{"@type":"SearchAction","target":{"@type":"EntryPoint","urlTemplate":"https:\/\/www.perzijskepreproge.si\/de\/?s={search_term_string}"},"query-input":{"@type":"PropertyValueSpecification","valueRequired":true,"valueName":"search_term_string"}}],"inLanguage":"de"}]}},"_links":{"self":[{"href":"https:\/\/www.perzijskepreproge.si\/de\/wp-json\/wp\/v2\/product\/25201","targetHints":{"allow":["GET"]}}],"collection":[{"href":"https:\/\/www.perzijskepreproge.si\/de\/wp-json\/wp\/v2\/product"}],"about":[{"href":"https:\/\/www.perzijskepreproge.si\/de\/wp-json\/wp\/v2\/types\/product"}],"version-history":[{"count":0,"href":"https:\/\/www.perzijskepreproge.si\/de\/wp-json\/wp\/v2\/product\/25201\/revisions"}],"wp:featuredmedia":[{"embeddable":true,"href":"https:\/\/www.perzijskepreproge.si\/de\/wp-json\/wp\/v2\/media\/20870"}],"wp:attachment":[{"href":"https:\/\/www.perzijskepreproge.si\/de\/wp-json\/wp\/v2\/media?parent=25201"}],"wp:term":[{"taxonomy":"product_brand","embeddable":true,"href":"https:\/\/www.perzijskepreproge.si\/de\/wp-json\/wp\/v2\/product_brand?post=25201"},{"taxonomy":"product_cat","embeddable":true,"href":"https:\/\/www.perzijskepreproge.si\/de\/wp-json\/wp\/v2\/product_cat?post=25201"},{"taxonomy":"product_tag","embeddable":true,"href":"https:\/\/www.perzijskepreproge.si\/de\/wp-json\/wp\/v2\/product_tag?post=25201"}],"curies":[{"name":"wp","href":"https:\/\/api.w.org\/{rel}","templated":true}]}}