{"id":25210,"date":"2017-03-09T15:04:32","date_gmt":"2017-03-09T14:04:32","guid":{"rendered":"https:\/\/www.perzijskepreproge.si\/izdelek\/perserteppich-mahal-perserteppich-mahal\/"},"modified":"2026-04-13T13:09:37","modified_gmt":"2026-04-13T11:09:37","slug":"perserteppich-mahal-perserteppich-mahal","status":"publish","type":"product","link":"https:\/\/www.perzijskepreproge.si\/de\/produkt\/perserteppich-mahal-perserteppich-mahal\/","title":{"rendered":"Persischer Teppich Mahal \/ Persian carpet Mahal"},"content":{"rendered":"<p data-start=\"0\" data-end=\"337\">Dieser persische Mahal-Teppich (auch Mahallat), handgekn\u00fcpft in Zentraliran, strahlt die W\u00e4rme, Behaglichkeit und den Reichtum des traditionellen Designs aus, das f\u00fcr die Region Sarough-Mahal charakteristisch ist. Seine \u00c4sthetik ist ausgewogen, angenehm und zug\u00e4nglich, was Mahal-Teppichen seit langem ihre Beliebtheit bei Sammlern und Liebhabern orientalischer Teppiche sichert. <\/p>\n<p data-start=\"339\" data-end=\"797\">Das Hauptfeld des Teppichs ziert ein reiches <strong data-start=\"373\" data-end=\"385\">All-over<\/strong>-Muster, das sich \u00fcber die gesamte Fl\u00e4che wiederholt, ohne zentrales Medaillon. Der dunkelblau grundierte Hintergrund bietet eine tiefe und kontrastreiche Basis, auf der florale Motive in warmen T\u00f6nen \u2013 Rot, Koralle, Beige, Ocker, Blau und Hellgr\u00fcn \u2013 lebhaft erstrahlen. Die Motivik ist stark von der Natur inspiriert und umfasst stilisierte Bl\u00fcten, Palmetten und Blattrosetten, die in einem geometrischen Netz verbunden sind und ein Gef\u00fchl von Ordnung und Rhythmus erzeugen.  <\/p>\n<p data-start=\"799\" data-end=\"1102\">Die Bord\u00fcre des Teppichs ist klassisch und mehrschichtig. Die breite Hauptbord\u00fcre in lebhaftem Rot ist reich mit floralen Motiven und feinen Details verziert, die sich farblich harmonisch mit dem Innenfeld verbinden. Innere und \u00e4u\u00dfere Streifen in Beige und dunkleren T\u00f6nen schaffen sanfte \u00dcberg\u00e4nge und rahmen die gesamte Komposition ein.  <\/p>\n<p data-start=\"1104\" data-end=\"1552\" data-is-last-node=\"\" data-is-only-node=\"\">Mahal-Teppiche sind bekannt f\u00fcr ihren etwas dickeren, weichen Wollflor und zeichnen sich durch ihre Strapazierf\u00e4higkeit und Praktikabilit\u00e4t aus. Aufgrund des warmen Farbspektrums und des markanten, aber unaufdringlichen Musters f\u00fcgt sich dieser Teppich wunderbar in traditionelle, rustikale oder klassische Interieurs ein, kann aber auch einem moderneren Ambiente einen interessanten Kontrast verleihen. Dies ist ein authentischer Orientteppich mit starkem Charakter, der eine reiche Geschichte und zeitlose \u00c4sthetik in jeden Raum bringt.  <\/p>\n","protected":false},"excerpt":{"rendered":"<p>Reg.Nr.: 985<\/p>\n<p>Gr\u00f6\u00dfe \/ Size: 316 x 207 cm<\/p>\n<p>Material \/ Flor: Wolle<\/p>\n<p>Kette \/ Base: Baumwolle \/ cotton<\/p>\n<p>Farben \/ Colours: pflanzlich \/ plants<\/p>\n<p>Design \/ Design: floral \/ floral<\/p>\n<p>Herstellungstechnik \/ Weaving technique: handgekn\u00fcpfter Teppich \/ handmade pile carpet<\/p>\n<p>Knotendichte \/ Knot density: 120.000 m\/2<\/p>\n<p>Herkunft \/ Origin: Iran<\/p>\n<p>&nbsp;<\/p>\n","protected":false},"featured_media":20759,"template":"","meta":{"iawp_total_views":2},"product_brand":[],"product_cat":[338,305],"product_tag":[],"class_list":{"0":"post-25210","1":"product","2":"type-product","3":"status-publish","4":"has-post-thumbnail","6":"product_cat-grose-teppiche-de","7":"product_cat-klassische-teppiche","8":"pa_barva-osnovna-rot-burgunderrot","9":"pa_material-wolle","10":"pa_oblika-rechteckig","11":"pa_tip-preproge-klassisch-meisterlich","12":"pa_velikost-cca-300-x-200-de","14":"first","15":"instock","16":"featured","17":"sold-individually","18":"taxable","19":"shipping-taxable","20":"purchasable","21":"product-type-simple"},"yoast_head":"<!-- This site is optimized with the Yoast SEO plugin v27.3 - https:\/\/yoast.com\/product\/yoast-seo-wordpress\/ -->\n<title>Persischer Teppich Mahal \/ Persian carpet Mahal - Perzijske preproge Farzad<\/title>\n<meta name=\"robots\" content=\"index, follow, max-snippet:-1, max-image-preview:large, max-video-preview:-1\" \/>\n<link rel=\"canonical\" href=\"https:\/\/www.perzijskepreproge.si\/de\/produkt\/perserteppich-mahal-perserteppich-mahal\/\" \/>\n<meta property=\"og:locale\" content=\"de_DE\" \/>\n<meta property=\"og:type\" content=\"article\" \/>\n<meta property=\"og:title\" content=\"Persischer Teppich Mahal \/ Persian carpet Mahal - Perzijske preproge Farzad\" \/>\n<meta property=\"og:description\" content=\"Reg.Nr.: 985 Gr\u00f6\u00dfe \/ Size: 316 x 207 cm Material \/ Flor: Wolle Kette \/ Base: Baumwolle \/ cotton Farben \/ Colours: pflanzlich \/ plants Design \/ Design: floral \/ floral Herstellungstechnik \/ Weaving technique: handgekn\u00fcpfter Teppich \/ handmade pile carpet Knotendichte \/ Knot density: 120.000 m\/2 Herkunft \/ Origin: Iran &nbsp;\" \/>\n<meta property=\"og:url\" content=\"https:\/\/www.perzijskepreproge.si\/de\/produkt\/perserteppich-mahal-perserteppich-mahal\/\" \/>\n<meta property=\"og:site_name\" content=\"Perzijske preproge Farzad\" \/>\n<meta property=\"article:modified_time\" content=\"2026-04-13T11:09:37+00:00\" \/>\n<meta property=\"og:image\" content=\"https:\/\/www.perzijskepreproge.si\/wp-content\/uploads\/2017\/03\/DSCF6982.webp\" \/>\n\t<meta property=\"og:image:width\" content=\"502\" \/>\n\t<meta property=\"og:image:height\" content=\"900\" \/>\n\t<meta property=\"og:image:type\" content=\"image\/jpeg\" \/>\n<meta name=\"twitter:card\" content=\"summary_large_image\" \/>\n<meta name=\"twitter:label1\" content=\"Gesch\u00e4tzte Lesezeit\" \/>\n\t<meta name=\"twitter:data1\" content=\"1\u00a0Minute\" \/>\n<script type=\"application\/ld+json\" class=\"yoast-schema-graph\">{\"@context\":\"https:\\\/\\\/schema.org\",\"@graph\":[{\"@type\":\"WebPage\",\"@id\":\"https:\\\/\\\/www.perzijskepreproge.si\\\/de\\\/produkt\\\/perserteppich-mahal-perserteppich-mahal\\\/\",\"url\":\"https:\\\/\\\/www.perzijskepreproge.si\\\/de\\\/produkt\\\/perserteppich-mahal-perserteppich-mahal\\\/\",\"name\":\"Persischer Teppich Mahal \\\/ Persian carpet Mahal - Perzijske preproge Farzad\",\"isPartOf\":{\"@id\":\"https:\\\/\\\/www.perzijskepreproge.si\\\/de\\\/#website\"},\"primaryImageOfPage\":{\"@id\":\"https:\\\/\\\/www.perzijskepreproge.si\\\/de\\\/produkt\\\/perserteppich-mahal-perserteppich-mahal\\\/#primaryimage\"},\"image\":{\"@id\":\"https:\\\/\\\/www.perzijskepreproge.si\\\/de\\\/produkt\\\/perserteppich-mahal-perserteppich-mahal\\\/#primaryimage\"},\"thumbnailUrl\":\"https:\\\/\\\/www.perzijskepreproge.si\\\/wp-content\\\/uploads\\\/2017\\\/03\\\/DSCF6982.jpg\",\"datePublished\":\"2017-03-09T14:04:32+00:00\",\"dateModified\":\"2026-04-13T11:09:37+00:00\",\"breadcrumb\":{\"@id\":\"https:\\\/\\\/www.perzijskepreproge.si\\\/de\\\/produkt\\\/perserteppich-mahal-perserteppich-mahal\\\/#breadcrumb\"},\"inLanguage\":\"de\",\"potentialAction\":[{\"@type\":\"ReadAction\",\"target\":[\"https:\\\/\\\/www.perzijskepreproge.si\\\/de\\\/produkt\\\/perserteppich-mahal-perserteppich-mahal\\\/\"]}]},{\"@type\":\"ImageObject\",\"inLanguage\":\"de\",\"@id\":\"https:\\\/\\\/www.perzijskepreproge.si\\\/de\\\/produkt\\\/perserteppich-mahal-perserteppich-mahal\\\/#primaryimage\",\"url\":\"https:\\\/\\\/www.perzijskepreproge.si\\\/wp-content\\\/uploads\\\/2017\\\/03\\\/DSCF6982.jpg\",\"contentUrl\":\"https:\\\/\\\/www.perzijskepreproge.si\\\/wp-content\\\/uploads\\\/2017\\\/03\\\/DSCF6982.jpg\",\"width\":502,\"height\":900,\"caption\":\"Teppich Mahal\"},{\"@type\":\"BreadcrumbList\",\"@id\":\"https:\\\/\\\/www.perzijskepreproge.si\\\/de\\\/produkt\\\/perserteppich-mahal-perserteppich-mahal\\\/#breadcrumb\",\"itemListElement\":[{\"@type\":\"ListItem\",\"position\":1,\"name\":\"Heim\",\"item\":\"https:\\\/\\\/www.perzijskepreproge.si\\\/de\\\/perserteppiche-farzad\\\/\"},{\"@type\":\"ListItem\",\"position\":2,\"name\":\"Shop\",\"item\":\"https:\\\/\\\/www.perzijskepreproge.si\\\/de\\\/shop\\\/\"},{\"@type\":\"ListItem\",\"position\":3,\"name\":\"Persischer Teppich Mahal \\\/ Persian carpet Mahal\"}]},{\"@type\":\"WebSite\",\"@id\":\"https:\\\/\\\/www.perzijskepreproge.si\\\/de\\\/#website\",\"url\":\"https:\\\/\\\/www.perzijskepreproge.si\\\/de\\\/\",\"name\":\"Perzijske preproge Farzad\",\"description\":\"Perzijske preproge,  preprog in \u010di\u0161\u010denje preprog\",\"potentialAction\":[{\"@type\":\"SearchAction\",\"target\":{\"@type\":\"EntryPoint\",\"urlTemplate\":\"https:\\\/\\\/www.perzijskepreproge.si\\\/de\\\/?s={search_term_string}\"},\"query-input\":{\"@type\":\"PropertyValueSpecification\",\"valueRequired\":true,\"valueName\":\"search_term_string\"}}],\"inLanguage\":\"de\"}]}<\/script>\n<!-- \/ Yoast SEO plugin. -->","yoast_head_json":{"title":"Persischer Teppich Mahal \/ Persian carpet Mahal - Perzijske preproge Farzad","robots":{"index":"index","follow":"follow","max-snippet":"max-snippet:-1","max-image-preview":"max-image-preview:large","max-video-preview":"max-video-preview:-1"},"canonical":"https:\/\/www.perzijskepreproge.si\/de\/produkt\/perserteppich-mahal-perserteppich-mahal\/","og_locale":"de_DE","og_type":"article","og_title":"Persischer Teppich Mahal \/ Persian carpet Mahal - Perzijske preproge Farzad","og_description":"Reg.Nr.: 985 Gr\u00f6\u00dfe \/ Size: 316 x 207 cm Material \/ Flor: Wolle Kette \/ Base: Baumwolle \/ cotton Farben \/ Colours: pflanzlich \/ plants Design \/ Design: floral \/ floral Herstellungstechnik \/ Weaving technique: handgekn\u00fcpfter Teppich \/ handmade pile carpet Knotendichte \/ Knot density: 120.000 m\/2 Herkunft \/ Origin: Iran &nbsp;","og_url":"https:\/\/www.perzijskepreproge.si\/de\/produkt\/perserteppich-mahal-perserteppich-mahal\/","og_site_name":"Perzijske preproge Farzad","article_modified_time":"2026-04-13T11:09:37+00:00","og_image":[{"width":502,"height":900,"url":"https:\/\/www.perzijskepreproge.si\/wp-content\/uploads\/2017\/03\/DSCF6982.webp","type":"image\/jpeg"}],"twitter_card":"summary_large_image","twitter_misc":{"Gesch\u00e4tzte Lesezeit":"1\u00a0Minute"},"schema":{"@context":"https:\/\/schema.org","@graph":[{"@type":"WebPage","@id":"https:\/\/www.perzijskepreproge.si\/de\/produkt\/perserteppich-mahal-perserteppich-mahal\/","url":"https:\/\/www.perzijskepreproge.si\/de\/produkt\/perserteppich-mahal-perserteppich-mahal\/","name":"Persischer Teppich Mahal \/ Persian carpet Mahal - Perzijske preproge Farzad","isPartOf":{"@id":"https:\/\/www.perzijskepreproge.si\/de\/#website"},"primaryImageOfPage":{"@id":"https:\/\/www.perzijskepreproge.si\/de\/produkt\/perserteppich-mahal-perserteppich-mahal\/#primaryimage"},"image":{"@id":"https:\/\/www.perzijskepreproge.si\/de\/produkt\/perserteppich-mahal-perserteppich-mahal\/#primaryimage"},"thumbnailUrl":"https:\/\/www.perzijskepreproge.si\/wp-content\/uploads\/2017\/03\/DSCF6982.jpg","datePublished":"2017-03-09T14:04:32+00:00","dateModified":"2026-04-13T11:09:37+00:00","breadcrumb":{"@id":"https:\/\/www.perzijskepreproge.si\/de\/produkt\/perserteppich-mahal-perserteppich-mahal\/#breadcrumb"},"inLanguage":"de","potentialAction":[{"@type":"ReadAction","target":["https:\/\/www.perzijskepreproge.si\/de\/produkt\/perserteppich-mahal-perserteppich-mahal\/"]}]},{"@type":"ImageObject","inLanguage":"de","@id":"https:\/\/www.perzijskepreproge.si\/de\/produkt\/perserteppich-mahal-perserteppich-mahal\/#primaryimage","url":"https:\/\/www.perzijskepreproge.si\/wp-content\/uploads\/2017\/03\/DSCF6982.jpg","contentUrl":"https:\/\/www.perzijskepreproge.si\/wp-content\/uploads\/2017\/03\/DSCF6982.jpg","width":502,"height":900,"caption":"Teppich Mahal"},{"@type":"BreadcrumbList","@id":"https:\/\/www.perzijskepreproge.si\/de\/produkt\/perserteppich-mahal-perserteppich-mahal\/#breadcrumb","itemListElement":[{"@type":"ListItem","position":1,"name":"Heim","item":"https:\/\/www.perzijskepreproge.si\/de\/perserteppiche-farzad\/"},{"@type":"ListItem","position":2,"name":"Shop","item":"https:\/\/www.perzijskepreproge.si\/de\/shop\/"},{"@type":"ListItem","position":3,"name":"Persischer Teppich Mahal \/ Persian carpet Mahal"}]},{"@type":"WebSite","@id":"https:\/\/www.perzijskepreproge.si\/de\/#website","url":"https:\/\/www.perzijskepreproge.si\/de\/","name":"Perzijske preproge Farzad","description":"Perzijske preproge,  preprog in \u010di\u0161\u010denje preprog","potentialAction":[{"@type":"SearchAction","target":{"@type":"EntryPoint","urlTemplate":"https:\/\/www.perzijskepreproge.si\/de\/?s={search_term_string}"},"query-input":{"@type":"PropertyValueSpecification","valueRequired":true,"valueName":"search_term_string"}}],"inLanguage":"de"}]}},"_links":{"self":[{"href":"https:\/\/www.perzijskepreproge.si\/de\/wp-json\/wp\/v2\/product\/25210","targetHints":{"allow":["GET"]}}],"collection":[{"href":"https:\/\/www.perzijskepreproge.si\/de\/wp-json\/wp\/v2\/product"}],"about":[{"href":"https:\/\/www.perzijskepreproge.si\/de\/wp-json\/wp\/v2\/types\/product"}],"version-history":[{"count":1,"href":"https:\/\/www.perzijskepreproge.si\/de\/wp-json\/wp\/v2\/product\/25210\/revisions"}],"predecessor-version":[{"id":29394,"href":"https:\/\/www.perzijskepreproge.si\/de\/wp-json\/wp\/v2\/product\/25210\/revisions\/29394"}],"wp:featuredmedia":[{"embeddable":true,"href":"https:\/\/www.perzijskepreproge.si\/de\/wp-json\/wp\/v2\/media\/20759"}],"wp:attachment":[{"href":"https:\/\/www.perzijskepreproge.si\/de\/wp-json\/wp\/v2\/media?parent=25210"}],"wp:term":[{"taxonomy":"product_brand","embeddable":true,"href":"https:\/\/www.perzijskepreproge.si\/de\/wp-json\/wp\/v2\/product_brand?post=25210"},{"taxonomy":"product_cat","embeddable":true,"href":"https:\/\/www.perzijskepreproge.si\/de\/wp-json\/wp\/v2\/product_cat?post=25210"},{"taxonomy":"product_tag","embeddable":true,"href":"https:\/\/www.perzijskepreproge.si\/de\/wp-json\/wp\/v2\/product_tag?post=25210"}],"curies":[{"name":"wp","href":"https:\/\/api.w.org\/{rel}","templated":true}]}}