{"id":25221,"date":"2017-03-08T15:47:34","date_gmt":"2017-03-08T14:47:34","guid":{"rendered":"https:\/\/www.perzijskepreproge.si\/izdelek\/perserteppich-heriz-perserteppich-heriz\/"},"modified":"2026-04-13T13:09:04","modified_gmt":"2026-04-13T11:09:04","slug":"perserteppich-heriz-perserteppich-heriz","status":"publish","type":"product","link":"https:\/\/www.perzijskepreproge.si\/de\/produkt\/perserteppich-heriz-perserteppich-heriz\/","title":{"rendered":"Persischer Teppich Heriz \/ Persian carpet Heriz"},"content":{"rendered":"<p data-start=\"241\" data-end=\"577\">Teppiche aus der Region Heriz im Nordwesten Irans geh\u00f6ren zu den bekanntesten persischen Teppichen und sind f\u00fcr ihre robuste Struktur, geometrischen Muster und imposante Pr\u00e4senz im Raum bekannt. Im Gegensatz zu den zarteren floralen Motiven, die f\u00fcr Zentralpersien charakteristisch sind, verk\u00f6rpern Heriz-Teppiche Kraft, Stabilit\u00e4t und nat\u00fcrliche Harmonie. <\/p>\n<p data-start=\"579\" data-end=\"997\">Ihr <strong data-start=\"586\" data-end=\"616\">charakteristisches zentrales Medaillon<\/strong> mit oft scharfen, symmetrischen Linien ist in einen reich verzierten Hintergrund aus geometrischen und stilisierten Pflanzenmustern eingebettet. Die Farbpalette ist warm und erdig \u2013 Rot, Dunkelblau, Ocker, Beige und gelegentlich auch zarte Gr\u00fcn- oder T\u00fcrkist\u00f6ne. Dank ihrer <strong data-start=\"866\" data-end=\"894\">ausgewogenen Komposition<\/strong> sind Heriz-Teppiche ideal f\u00fcr R\u00e4ume, in denen Tradition mit modernem \u00c4sthetikempfinden vereint werden soll.  <\/p>\n<p data-start=\"999\" data-end=\"1352\">Heriz-Teppiche werden von Hand aus <strong data-start=\"1034\" data-end=\"1057\">100 % nat\u00fcrlicher Wolle<\/strong> gekn\u00fcpft, die f\u00fcr ihre Festigkeit und Elastizit\u00e4t bekannt ist. Die Grundlage (Kette und Schuss) besteht \u00fcblicherweise aus robuster Baumwolle, was die Stabilit\u00e4t des Gewebes zus\u00e4tzlich erh\u00f6ht. Die Wolle wird mit nat\u00fcrlichen Farbstoffen aus Pflanzen, Wurzeln und Mineralien gef\u00e4rbt, was tiefe, best\u00e4ndige Farben garantiert, die mit der Zeit nur noch an Charakter gewinnen.  <\/p>\n<p data-start=\"1354\" data-end=\"1580\">Aufgrund ihrer Strapazierf\u00e4higkeit und dichten Kn\u00fcpfung eignen sich Heriz-Teppiche sehr gut auch f\u00fcr stark frequentierte R\u00e4ume \u2013 Esszimmer, Wohnzimmer, sogar Flure. Gleichzeitig bringen sie in den Raum ein <strong data-start=\"1531\" data-end=\"1579\">Gef\u00fchl von Behaglichkeit, Kraft und zeitloser Sch\u00f6nheit<\/strong>. <\/p>\n","protected":false},"excerpt":{"rendered":"<p>Reg.-Nr.: 984<\/p>\n<p>Gr\u00f6\u00dfe \/ Size: 294 x 256 cm<\/p>\n<p>Material \/ Flor: Wolle<\/p>\n<p>Kette \/ Base: Baumwolle \/ cotton<\/p>\n<p>Farben \/ Colours: pflanzlich \/ plants<\/p>\n<p>Design \/ Design: geometrisch \/ geometrical with medalion<\/p>\n<p>Herstellungstechnik \/ Weaving technique: handgekn\u00fcpfter Teppich \/ handmade pile carpet<\/p>\n<p>Kn\u00fcpfdichte \/ Knot density: 250.000 m\/2<\/p>\n<p>Herkunft \/ Origin: Iran<\/p>\n<p>&nbsp;<\/p>\n","protected":false},"featured_media":27133,"template":"","meta":{"iawp_total_views":2},"product_brand":[],"product_cat":[338,305,277],"product_tag":[],"class_list":{"0":"post-25221","1":"product","2":"type-product","3":"status-publish","4":"has-post-thumbnail","6":"product_cat-grose-teppiche-de","7":"product_cat-klassische-teppiche","8":"product_cat-sonderangebot","9":"pa_barva-osnovna-ziegelrot-kupferfarben","10":"pa_material-wolle","11":"pa_oblika-rechteckig","12":"pa_tip-preproge-klassisch-meisterlich","13":"pa_velikost-cca-300-x-200-de","15":"first","16":"instock","17":"sale","18":"featured","19":"sold-individually","20":"taxable","21":"shipping-taxable","22":"purchasable","23":"product-type-simple"},"yoast_head":"<!-- This site is optimized with the Yoast SEO plugin v27.3 - https:\/\/yoast.com\/product\/yoast-seo-wordpress\/ -->\n<title>Persischer Teppich Heriz \/ Persian carpet Heriz - Perzijske preproge Farzad<\/title>\n<meta name=\"robots\" content=\"index, follow, max-snippet:-1, max-image-preview:large, max-video-preview:-1\" \/>\n<link rel=\"canonical\" href=\"https:\/\/www.perzijskepreproge.si\/de\/produkt\/perserteppich-heriz-perserteppich-heriz\/\" \/>\n<meta property=\"og:locale\" content=\"de_DE\" \/>\n<meta property=\"og:type\" content=\"article\" \/>\n<meta property=\"og:title\" content=\"Persischer Teppich Heriz \/ Persian carpet Heriz - Perzijske preproge Farzad\" \/>\n<meta property=\"og:description\" content=\"Reg.-Nr.: 984 Gr\u00f6\u00dfe \/ Size: 294 x 256 cm Material \/ Flor: Wolle Kette \/ Base: Baumwolle \/ cotton Farben \/ Colours: pflanzlich \/ plants Design \/ Design: geometrisch \/ geometrical with medalion Herstellungstechnik \/ Weaving technique: handgekn\u00fcpfter Teppich \/ handmade pile carpet Kn\u00fcpfdichte \/ Knot density: 250.000 m\/2 Herkunft \/ Origin: Iran &nbsp;\" \/>\n<meta property=\"og:url\" content=\"https:\/\/www.perzijskepreproge.si\/de\/produkt\/perserteppich-heriz-perserteppich-heriz\/\" \/>\n<meta property=\"og:site_name\" content=\"Perzijske preproge Farzad\" \/>\n<meta property=\"article:modified_time\" content=\"2026-04-13T11:09:04+00:00\" \/>\n<meta property=\"og:image\" content=\"https:\/\/www.perzijskepreproge.si\/wp-content\/uploads\/2017\/03\/jpg.webp\" \/>\n\t<meta property=\"og:image:width\" content=\"801\" \/>\n\t<meta property=\"og:image:height\" content=\"1200\" \/>\n\t<meta property=\"og:image:type\" content=\"image\/jpeg\" \/>\n<meta name=\"twitter:card\" content=\"summary_large_image\" \/>\n<meta name=\"twitter:label1\" content=\"Gesch\u00e4tzte Lesezeit\" \/>\n\t<meta name=\"twitter:data1\" content=\"1\u00a0Minute\" \/>\n<script type=\"application\/ld+json\" class=\"yoast-schema-graph\">{\"@context\":\"https:\\\/\\\/schema.org\",\"@graph\":[{\"@type\":\"WebPage\",\"@id\":\"https:\\\/\\\/www.perzijskepreproge.si\\\/de\\\/produkt\\\/perserteppich-heriz-perserteppich-heriz\\\/\",\"url\":\"https:\\\/\\\/www.perzijskepreproge.si\\\/de\\\/produkt\\\/perserteppich-heriz-perserteppich-heriz\\\/\",\"name\":\"Persischer Teppich Heriz \\\/ Persian carpet Heriz - Perzijske preproge Farzad\",\"isPartOf\":{\"@id\":\"https:\\\/\\\/www.perzijskepreproge.si\\\/de\\\/#website\"},\"primaryImageOfPage\":{\"@id\":\"https:\\\/\\\/www.perzijskepreproge.si\\\/de\\\/produkt\\\/perserteppich-heriz-perserteppich-heriz\\\/#primaryimage\"},\"image\":{\"@id\":\"https:\\\/\\\/www.perzijskepreproge.si\\\/de\\\/produkt\\\/perserteppich-heriz-perserteppich-heriz\\\/#primaryimage\"},\"thumbnailUrl\":\"https:\\\/\\\/www.perzijskepreproge.si\\\/wp-content\\\/uploads\\\/2017\\\/03\\\/jpg.jpg\",\"datePublished\":\"2017-03-08T14:47:34+00:00\",\"dateModified\":\"2026-04-13T11:09:04+00:00\",\"breadcrumb\":{\"@id\":\"https:\\\/\\\/www.perzijskepreproge.si\\\/de\\\/produkt\\\/perserteppich-heriz-perserteppich-heriz\\\/#breadcrumb\"},\"inLanguage\":\"de\",\"potentialAction\":[{\"@type\":\"ReadAction\",\"target\":[\"https:\\\/\\\/www.perzijskepreproge.si\\\/de\\\/produkt\\\/perserteppich-heriz-perserteppich-heriz\\\/\"]}]},{\"@type\":\"ImageObject\",\"inLanguage\":\"de\",\"@id\":\"https:\\\/\\\/www.perzijskepreproge.si\\\/de\\\/produkt\\\/perserteppich-heriz-perserteppich-heriz\\\/#primaryimage\",\"url\":\"https:\\\/\\\/www.perzijskepreproge.si\\\/wp-content\\\/uploads\\\/2017\\\/03\\\/jpg.jpg\",\"contentUrl\":\"https:\\\/\\\/www.perzijskepreproge.si\\\/wp-content\\\/uploads\\\/2017\\\/03\\\/jpg.jpg\",\"width\":801,\"height\":1200},{\"@type\":\"BreadcrumbList\",\"@id\":\"https:\\\/\\\/www.perzijskepreproge.si\\\/de\\\/produkt\\\/perserteppich-heriz-perserteppich-heriz\\\/#breadcrumb\",\"itemListElement\":[{\"@type\":\"ListItem\",\"position\":1,\"name\":\"Heim\",\"item\":\"https:\\\/\\\/www.perzijskepreproge.si\\\/de\\\/perserteppiche-farzad\\\/\"},{\"@type\":\"ListItem\",\"position\":2,\"name\":\"Shop\",\"item\":\"https:\\\/\\\/www.perzijskepreproge.si\\\/de\\\/shop\\\/\"},{\"@type\":\"ListItem\",\"position\":3,\"name\":\"Persischer Teppich Heriz \\\/ Persian carpet Heriz\"}]},{\"@type\":\"WebSite\",\"@id\":\"https:\\\/\\\/www.perzijskepreproge.si\\\/de\\\/#website\",\"url\":\"https:\\\/\\\/www.perzijskepreproge.si\\\/de\\\/\",\"name\":\"Perzijske preproge Farzad\",\"description\":\"Perzijske preproge,  preprog in \u010di\u0161\u010denje preprog\",\"potentialAction\":[{\"@type\":\"SearchAction\",\"target\":{\"@type\":\"EntryPoint\",\"urlTemplate\":\"https:\\\/\\\/www.perzijskepreproge.si\\\/de\\\/?s={search_term_string}\"},\"query-input\":{\"@type\":\"PropertyValueSpecification\",\"valueRequired\":true,\"valueName\":\"search_term_string\"}}],\"inLanguage\":\"de\"}]}<\/script>\n<!-- \/ Yoast SEO plugin. -->","yoast_head_json":{"title":"Persischer Teppich Heriz \/ Persian carpet Heriz - Perzijske preproge Farzad","robots":{"index":"index","follow":"follow","max-snippet":"max-snippet:-1","max-image-preview":"max-image-preview:large","max-video-preview":"max-video-preview:-1"},"canonical":"https:\/\/www.perzijskepreproge.si\/de\/produkt\/perserteppich-heriz-perserteppich-heriz\/","og_locale":"de_DE","og_type":"article","og_title":"Persischer Teppich Heriz \/ Persian carpet Heriz - Perzijske preproge Farzad","og_description":"Reg.-Nr.: 984 Gr\u00f6\u00dfe \/ Size: 294 x 256 cm Material \/ Flor: Wolle Kette \/ Base: Baumwolle \/ cotton Farben \/ Colours: pflanzlich \/ plants Design \/ Design: geometrisch \/ geometrical with medalion Herstellungstechnik \/ Weaving technique: handgekn\u00fcpfter Teppich \/ handmade pile carpet Kn\u00fcpfdichte \/ Knot density: 250.000 m\/2 Herkunft \/ Origin: Iran &nbsp;","og_url":"https:\/\/www.perzijskepreproge.si\/de\/produkt\/perserteppich-heriz-perserteppich-heriz\/","og_site_name":"Perzijske preproge Farzad","article_modified_time":"2026-04-13T11:09:04+00:00","og_image":[{"width":801,"height":1200,"url":"https:\/\/www.perzijskepreproge.si\/wp-content\/uploads\/2017\/03\/jpg.webp","type":"image\/jpeg"}],"twitter_card":"summary_large_image","twitter_misc":{"Gesch\u00e4tzte Lesezeit":"1\u00a0Minute"},"schema":{"@context":"https:\/\/schema.org","@graph":[{"@type":"WebPage","@id":"https:\/\/www.perzijskepreproge.si\/de\/produkt\/perserteppich-heriz-perserteppich-heriz\/","url":"https:\/\/www.perzijskepreproge.si\/de\/produkt\/perserteppich-heriz-perserteppich-heriz\/","name":"Persischer Teppich Heriz \/ Persian carpet Heriz - Perzijske preproge Farzad","isPartOf":{"@id":"https:\/\/www.perzijskepreproge.si\/de\/#website"},"primaryImageOfPage":{"@id":"https:\/\/www.perzijskepreproge.si\/de\/produkt\/perserteppich-heriz-perserteppich-heriz\/#primaryimage"},"image":{"@id":"https:\/\/www.perzijskepreproge.si\/de\/produkt\/perserteppich-heriz-perserteppich-heriz\/#primaryimage"},"thumbnailUrl":"https:\/\/www.perzijskepreproge.si\/wp-content\/uploads\/2017\/03\/jpg.jpg","datePublished":"2017-03-08T14:47:34+00:00","dateModified":"2026-04-13T11:09:04+00:00","breadcrumb":{"@id":"https:\/\/www.perzijskepreproge.si\/de\/produkt\/perserteppich-heriz-perserteppich-heriz\/#breadcrumb"},"inLanguage":"de","potentialAction":[{"@type":"ReadAction","target":["https:\/\/www.perzijskepreproge.si\/de\/produkt\/perserteppich-heriz-perserteppich-heriz\/"]}]},{"@type":"ImageObject","inLanguage":"de","@id":"https:\/\/www.perzijskepreproge.si\/de\/produkt\/perserteppich-heriz-perserteppich-heriz\/#primaryimage","url":"https:\/\/www.perzijskepreproge.si\/wp-content\/uploads\/2017\/03\/jpg.jpg","contentUrl":"https:\/\/www.perzijskepreproge.si\/wp-content\/uploads\/2017\/03\/jpg.jpg","width":801,"height":1200},{"@type":"BreadcrumbList","@id":"https:\/\/www.perzijskepreproge.si\/de\/produkt\/perserteppich-heriz-perserteppich-heriz\/#breadcrumb","itemListElement":[{"@type":"ListItem","position":1,"name":"Heim","item":"https:\/\/www.perzijskepreproge.si\/de\/perserteppiche-farzad\/"},{"@type":"ListItem","position":2,"name":"Shop","item":"https:\/\/www.perzijskepreproge.si\/de\/shop\/"},{"@type":"ListItem","position":3,"name":"Persischer Teppich Heriz \/ Persian carpet Heriz"}]},{"@type":"WebSite","@id":"https:\/\/www.perzijskepreproge.si\/de\/#website","url":"https:\/\/www.perzijskepreproge.si\/de\/","name":"Perzijske preproge Farzad","description":"Perzijske preproge,  preprog in \u010di\u0161\u010denje preprog","potentialAction":[{"@type":"SearchAction","target":{"@type":"EntryPoint","urlTemplate":"https:\/\/www.perzijskepreproge.si\/de\/?s={search_term_string}"},"query-input":{"@type":"PropertyValueSpecification","valueRequired":true,"valueName":"search_term_string"}}],"inLanguage":"de"}]}},"_links":{"self":[{"href":"https:\/\/www.perzijskepreproge.si\/de\/wp-json\/wp\/v2\/product\/25221","targetHints":{"allow":["GET"]}}],"collection":[{"href":"https:\/\/www.perzijskepreproge.si\/de\/wp-json\/wp\/v2\/product"}],"about":[{"href":"https:\/\/www.perzijskepreproge.si\/de\/wp-json\/wp\/v2\/types\/product"}],"version-history":[{"count":1,"href":"https:\/\/www.perzijskepreproge.si\/de\/wp-json\/wp\/v2\/product\/25221\/revisions"}],"predecessor-version":[{"id":29390,"href":"https:\/\/www.perzijskepreproge.si\/de\/wp-json\/wp\/v2\/product\/25221\/revisions\/29390"}],"wp:featuredmedia":[{"embeddable":true,"href":"https:\/\/www.perzijskepreproge.si\/de\/wp-json\/wp\/v2\/media\/27133"}],"wp:attachment":[{"href":"https:\/\/www.perzijskepreproge.si\/de\/wp-json\/wp\/v2\/media?parent=25221"}],"wp:term":[{"taxonomy":"product_brand","embeddable":true,"href":"https:\/\/www.perzijskepreproge.si\/de\/wp-json\/wp\/v2\/product_brand?post=25221"},{"taxonomy":"product_cat","embeddable":true,"href":"https:\/\/www.perzijskepreproge.si\/de\/wp-json\/wp\/v2\/product_cat?post=25221"},{"taxonomy":"product_tag","embeddable":true,"href":"https:\/\/www.perzijskepreproge.si\/de\/wp-json\/wp\/v2\/product_tag?post=25221"}],"curies":[{"name":"wp","href":"https:\/\/api.w.org\/{rel}","templated":true}]}}