{"id":25226,"date":"2017-03-08T14:27:56","date_gmt":"2017-03-08T13:27:56","guid":{"rendered":"https:\/\/www.perzijskepreproge.si\/izdelek\/perserteppich-afshar-perserteppich-afshar\/"},"modified":"2026-04-13T13:08:47","modified_gmt":"2026-04-13T11:08:47","slug":"perserteppich-afshar-perserteppich-afshar","status":"publish","type":"product","link":"https:\/\/www.perzijskepreproge.si\/de\/produkt\/perserteppich-afshar-perserteppich-afshar\/","title":{"rendered":"Persischer Afschar-Teppich"},"content":{"rendered":"<p>Ein Teppich ist die Sprache des Volkes, dem er angeh\u00f6rt. In ihm sind Geschichte, Geografie, Kosmogonie und die Erz\u00e4hlungen der Menschen durch charakteristische Ornamente kodiert. Das Kn\u00fcpfen von Teppichen ist eine Kunst, die dazu beitr\u00e4gt, die Verbindung zwischen den Generationen \u00fcber die Zeit hinweg zu bewahren. F\u00fcr Nomadenv\u00f6lker sind Teppiche seit Jahrtausenden treue und bew\u00e4hrte Begleiter, die als Bodenbelag, M\u00f6belersatz, Schmuck, Satteldecke, Schlafst\u00e4tte, Reisezelte, zur Meditation oder als Totentuch verwendet werden &#8230; Besondere Teppiche werden f\u00fcr Heilungs- und Hochzeitszeremonien oder Rituale bei Geburt und Tod gefertigt. Teppiche sind reich an Symbolik; sie erm\u00f6glichen die Kommunikation \u00fcber Zeit und Raum hinweg, wobei Botschaften durch verschiedene Kompositionsstrukturen, Farben und Figuren ausgedr\u00fcckt werden.     <\/p>\n<p>Der Stamm der Afscharen wanderte aus Nordpersien \u00fcber das Sagros-Gebirge in das Gebiet des heutigen S\u00fcdwest-Irans aus. Sie sind bekannt f\u00fcr die Herstellung pr\u00e4chtiger Teppiche, f\u00fcr die sie die Wolle ihrer eigenen Schafe verwenden, die sie selbst f\u00e4rben und spinnen. Der Teppich weist in der Mitte ein Medaillon auf, das von kunstvoll verschlungenen Blumen umgeben ist, die auch das Hauptfeld dominieren. Am oberen und unteren Rand befinden sich in der Mitte Vasen. Die Vase war bereits bei den alten Sumerern ein Attribut ihrer Wasserg\u00f6ttin.    <\/p>\n","protected":false},"excerpt":{"rendered":"<p>Reg.-Nr.: 685<\/p>\n<p>Gr\u00f6\u00dfe: 340 x 248 cm<\/p>\n<p>Material \/ Flor: Wolle<\/p>\n<p>Kette \/ Base: Baumwolle \/ cotton<\/p>\n<p>Farben \/ Colours: pflanzlich \/ plants<\/p>\n<p>Design \/ Design: floral \/ floral<\/p>\n<p>Herstellungstechnik \/ Weaving technique: handgekn\u00fcpfter Teppich \/ handmade pile carpet<\/p>\n<p>Kn\u00fcpfdichte: 300.000\/m\u00b2<\/p>\n<p>Herkunft \/ Origin: Iran<\/p>\n<p>&nbsp;<\/p>\n","protected":false},"featured_media":26819,"template":"","meta":{"iawp_total_views":2},"product_brand":[],"product_cat":[338,305,277],"product_tag":[],"class_list":{"0":"post-25226","1":"product","2":"type-product","3":"status-publish","4":"has-post-thumbnail","6":"product_cat-grose-teppiche-de","7":"product_cat-klassische-teppiche","8":"product_cat-sonderangebot","9":"pa_barva-osnovna-rot-burgunderrot","10":"pa_material-wolle","11":"pa_oblika-rechteckig","12":"pa_tip-preproge-klassisch-meisterlich","13":"pa_velikost-cca-350-x-250-de","15":"first","16":"instock","17":"sale","18":"featured","19":"sold-individually","20":"taxable","21":"shipping-taxable","22":"purchasable","23":"product-type-simple"},"yoast_head":"<!-- This site is optimized with the Yoast SEO plugin v27.3 - https:\/\/yoast.com\/product\/yoast-seo-wordpress\/ -->\n<title>Persischer Afschar-Teppich - Perzijske preproge Farzad<\/title>\n<meta name=\"robots\" content=\"index, follow, max-snippet:-1, max-image-preview:large, max-video-preview:-1\" \/>\n<link rel=\"canonical\" href=\"https:\/\/www.perzijskepreproge.si\/de\/produkt\/perserteppich-afshar-perserteppich-afshar\/\" \/>\n<meta property=\"og:locale\" content=\"de_DE\" \/>\n<meta property=\"og:type\" content=\"article\" \/>\n<meta property=\"og:title\" content=\"Persischer Afschar-Teppich - Perzijske preproge Farzad\" \/>\n<meta property=\"og:description\" content=\"Reg.-Nr.: 685 Gr\u00f6\u00dfe: 340 x 248 cm Material \/ Flor: Wolle Kette \/ Base: Baumwolle \/ cotton Farben \/ Colours: pflanzlich \/ plants Design \/ Design: floral \/ floral Herstellungstechnik \/ Weaving technique: handgekn\u00fcpfter Teppich \/ handmade pile carpet Kn\u00fcpfdichte: 300.000\/m\u00b2 Herkunft \/ Origin: Iran &nbsp;\" \/>\n<meta property=\"og:url\" content=\"https:\/\/www.perzijskepreproge.si\/de\/produkt\/perserteppich-afshar-perserteppich-afshar\/\" \/>\n<meta property=\"og:site_name\" content=\"Perzijske preproge Farzad\" \/>\n<meta property=\"article:modified_time\" content=\"2026-04-13T11:08:47+00:00\" \/>\n<meta property=\"og:image\" content=\"https:\/\/www.perzijskepreproge.si\/wp-content\/uploads\/2017\/03\/121DSC_8601-1024x1024.jpg\" \/>\n\t<meta property=\"og:image:width\" content=\"1024\" \/>\n\t<meta property=\"og:image:height\" content=\"1024\" \/>\n\t<meta property=\"og:image:type\" content=\"image\/jpeg\" \/>\n<meta name=\"twitter:card\" content=\"summary_large_image\" \/>\n<meta name=\"twitter:label1\" content=\"Gesch\u00e4tzte Lesezeit\" \/>\n\t<meta name=\"twitter:data1\" content=\"1\u00a0Minute\" \/>\n<script type=\"application\/ld+json\" class=\"yoast-schema-graph\">{\"@context\":\"https:\\\/\\\/schema.org\",\"@graph\":[{\"@type\":\"WebPage\",\"@id\":\"https:\\\/\\\/www.perzijskepreproge.si\\\/de\\\/produkt\\\/perserteppich-afshar-perserteppich-afshar\\\/\",\"url\":\"https:\\\/\\\/www.perzijskepreproge.si\\\/de\\\/produkt\\\/perserteppich-afshar-perserteppich-afshar\\\/\",\"name\":\"Persischer Afschar-Teppich - Perzijske preproge Farzad\",\"isPartOf\":{\"@id\":\"https:\\\/\\\/www.perzijskepreproge.si\\\/de\\\/#website\"},\"primaryImageOfPage\":{\"@id\":\"https:\\\/\\\/www.perzijskepreproge.si\\\/de\\\/produkt\\\/perserteppich-afshar-perserteppich-afshar\\\/#primaryimage\"},\"image\":{\"@id\":\"https:\\\/\\\/www.perzijskepreproge.si\\\/de\\\/produkt\\\/perserteppich-afshar-perserteppich-afshar\\\/#primaryimage\"},\"thumbnailUrl\":\"https:\\\/\\\/www.perzijskepreproge.si\\\/wp-content\\\/uploads\\\/2017\\\/03\\\/121DSC_8601.jpg\",\"datePublished\":\"2017-03-08T13:27:56+00:00\",\"dateModified\":\"2026-04-13T11:08:47+00:00\",\"breadcrumb\":{\"@id\":\"https:\\\/\\\/www.perzijskepreproge.si\\\/de\\\/produkt\\\/perserteppich-afshar-perserteppich-afshar\\\/#breadcrumb\"},\"inLanguage\":\"de\",\"potentialAction\":[{\"@type\":\"ReadAction\",\"target\":[\"https:\\\/\\\/www.perzijskepreproge.si\\\/de\\\/produkt\\\/perserteppich-afshar-perserteppich-afshar\\\/\"]}]},{\"@type\":\"ImageObject\",\"inLanguage\":\"de\",\"@id\":\"https:\\\/\\\/www.perzijskepreproge.si\\\/de\\\/produkt\\\/perserteppich-afshar-perserteppich-afshar\\\/#primaryimage\",\"url\":\"https:\\\/\\\/www.perzijskepreproge.si\\\/wp-content\\\/uploads\\\/2017\\\/03\\\/121DSC_8601.jpg\",\"contentUrl\":\"https:\\\/\\\/www.perzijskepreproge.si\\\/wp-content\\\/uploads\\\/2017\\\/03\\\/121DSC_8601.jpg\",\"width\":3008,\"height\":2000},{\"@type\":\"BreadcrumbList\",\"@id\":\"https:\\\/\\\/www.perzijskepreproge.si\\\/de\\\/produkt\\\/perserteppich-afshar-perserteppich-afshar\\\/#breadcrumb\",\"itemListElement\":[{\"@type\":\"ListItem\",\"position\":1,\"name\":\"Heim\",\"item\":\"https:\\\/\\\/www.perzijskepreproge.si\\\/de\\\/perserteppiche-farzad\\\/\"},{\"@type\":\"ListItem\",\"position\":2,\"name\":\"Shop\",\"item\":\"https:\\\/\\\/www.perzijskepreproge.si\\\/de\\\/shop\\\/\"},{\"@type\":\"ListItem\",\"position\":3,\"name\":\"Persischer Afschar-Teppich\"}]},{\"@type\":\"WebSite\",\"@id\":\"https:\\\/\\\/www.perzijskepreproge.si\\\/de\\\/#website\",\"url\":\"https:\\\/\\\/www.perzijskepreproge.si\\\/de\\\/\",\"name\":\"Perzijske preproge Farzad\",\"description\":\"Perzijske preproge,  preprog in \u010di\u0161\u010denje preprog\",\"potentialAction\":[{\"@type\":\"SearchAction\",\"target\":{\"@type\":\"EntryPoint\",\"urlTemplate\":\"https:\\\/\\\/www.perzijskepreproge.si\\\/de\\\/?s={search_term_string}\"},\"query-input\":{\"@type\":\"PropertyValueSpecification\",\"valueRequired\":true,\"valueName\":\"search_term_string\"}}],\"inLanguage\":\"de\"}]}<\/script>\n<!-- \/ Yoast SEO plugin. -->","yoast_head_json":{"title":"Persischer Afschar-Teppich - Perzijske preproge Farzad","robots":{"index":"index","follow":"follow","max-snippet":"max-snippet:-1","max-image-preview":"max-image-preview:large","max-video-preview":"max-video-preview:-1"},"canonical":"https:\/\/www.perzijskepreproge.si\/de\/produkt\/perserteppich-afshar-perserteppich-afshar\/","og_locale":"de_DE","og_type":"article","og_title":"Persischer Afschar-Teppich - Perzijske preproge Farzad","og_description":"Reg.-Nr.: 685 Gr\u00f6\u00dfe: 340 x 248 cm Material \/ Flor: Wolle Kette \/ Base: Baumwolle \/ cotton Farben \/ Colours: pflanzlich \/ plants Design \/ Design: floral \/ floral Herstellungstechnik \/ Weaving technique: handgekn\u00fcpfter Teppich \/ handmade pile carpet Kn\u00fcpfdichte: 300.000\/m\u00b2 Herkunft \/ Origin: Iran &nbsp;","og_url":"https:\/\/www.perzijskepreproge.si\/de\/produkt\/perserteppich-afshar-perserteppich-afshar\/","og_site_name":"Perzijske preproge Farzad","article_modified_time":"2026-04-13T11:08:47+00:00","og_image":[{"width":1024,"height":1024,"url":"https:\/\/www.perzijskepreproge.si\/wp-content\/uploads\/2017\/03\/121DSC_8601-1024x1024.jpg","type":"image\/jpeg"}],"twitter_card":"summary_large_image","twitter_misc":{"Gesch\u00e4tzte Lesezeit":"1\u00a0Minute"},"schema":{"@context":"https:\/\/schema.org","@graph":[{"@type":"WebPage","@id":"https:\/\/www.perzijskepreproge.si\/de\/produkt\/perserteppich-afshar-perserteppich-afshar\/","url":"https:\/\/www.perzijskepreproge.si\/de\/produkt\/perserteppich-afshar-perserteppich-afshar\/","name":"Persischer Afschar-Teppich - Perzijske preproge Farzad","isPartOf":{"@id":"https:\/\/www.perzijskepreproge.si\/de\/#website"},"primaryImageOfPage":{"@id":"https:\/\/www.perzijskepreproge.si\/de\/produkt\/perserteppich-afshar-perserteppich-afshar\/#primaryimage"},"image":{"@id":"https:\/\/www.perzijskepreproge.si\/de\/produkt\/perserteppich-afshar-perserteppich-afshar\/#primaryimage"},"thumbnailUrl":"https:\/\/www.perzijskepreproge.si\/wp-content\/uploads\/2017\/03\/121DSC_8601.jpg","datePublished":"2017-03-08T13:27:56+00:00","dateModified":"2026-04-13T11:08:47+00:00","breadcrumb":{"@id":"https:\/\/www.perzijskepreproge.si\/de\/produkt\/perserteppich-afshar-perserteppich-afshar\/#breadcrumb"},"inLanguage":"de","potentialAction":[{"@type":"ReadAction","target":["https:\/\/www.perzijskepreproge.si\/de\/produkt\/perserteppich-afshar-perserteppich-afshar\/"]}]},{"@type":"ImageObject","inLanguage":"de","@id":"https:\/\/www.perzijskepreproge.si\/de\/produkt\/perserteppich-afshar-perserteppich-afshar\/#primaryimage","url":"https:\/\/www.perzijskepreproge.si\/wp-content\/uploads\/2017\/03\/121DSC_8601.jpg","contentUrl":"https:\/\/www.perzijskepreproge.si\/wp-content\/uploads\/2017\/03\/121DSC_8601.jpg","width":3008,"height":2000},{"@type":"BreadcrumbList","@id":"https:\/\/www.perzijskepreproge.si\/de\/produkt\/perserteppich-afshar-perserteppich-afshar\/#breadcrumb","itemListElement":[{"@type":"ListItem","position":1,"name":"Heim","item":"https:\/\/www.perzijskepreproge.si\/de\/perserteppiche-farzad\/"},{"@type":"ListItem","position":2,"name":"Shop","item":"https:\/\/www.perzijskepreproge.si\/de\/shop\/"},{"@type":"ListItem","position":3,"name":"Persischer Afschar-Teppich"}]},{"@type":"WebSite","@id":"https:\/\/www.perzijskepreproge.si\/de\/#website","url":"https:\/\/www.perzijskepreproge.si\/de\/","name":"Perzijske preproge Farzad","description":"Perzijske preproge,  preprog in \u010di\u0161\u010denje preprog","potentialAction":[{"@type":"SearchAction","target":{"@type":"EntryPoint","urlTemplate":"https:\/\/www.perzijskepreproge.si\/de\/?s={search_term_string}"},"query-input":{"@type":"PropertyValueSpecification","valueRequired":true,"valueName":"search_term_string"}}],"inLanguage":"de"}]}},"_links":{"self":[{"href":"https:\/\/www.perzijskepreproge.si\/de\/wp-json\/wp\/v2\/product\/25226","targetHints":{"allow":["GET"]}}],"collection":[{"href":"https:\/\/www.perzijskepreproge.si\/de\/wp-json\/wp\/v2\/product"}],"about":[{"href":"https:\/\/www.perzijskepreproge.si\/de\/wp-json\/wp\/v2\/types\/product"}],"version-history":[{"count":1,"href":"https:\/\/www.perzijskepreproge.si\/de\/wp-json\/wp\/v2\/product\/25226\/revisions"}],"predecessor-version":[{"id":29387,"href":"https:\/\/www.perzijskepreproge.si\/de\/wp-json\/wp\/v2\/product\/25226\/revisions\/29387"}],"wp:featuredmedia":[{"embeddable":true,"href":"https:\/\/www.perzijskepreproge.si\/de\/wp-json\/wp\/v2\/media\/26819"}],"wp:attachment":[{"href":"https:\/\/www.perzijskepreproge.si\/de\/wp-json\/wp\/v2\/media?parent=25226"}],"wp:term":[{"taxonomy":"product_brand","embeddable":true,"href":"https:\/\/www.perzijskepreproge.si\/de\/wp-json\/wp\/v2\/product_brand?post=25226"},{"taxonomy":"product_cat","embeddable":true,"href":"https:\/\/www.perzijskepreproge.si\/de\/wp-json\/wp\/v2\/product_cat?post=25226"},{"taxonomy":"product_tag","embeddable":true,"href":"https:\/\/www.perzijskepreproge.si\/de\/wp-json\/wp\/v2\/product_tag?post=25226"}],"curies":[{"name":"wp","href":"https:\/\/api.w.org\/{rel}","templated":true}]}}