{"id":25242,"date":"2017-02-28T14:48:00","date_gmt":"2017-02-28T13:48:00","guid":{"rendered":"https:\/\/www.perzijskepreproge.si\/izdelek\/perserteppich-kerman-perserteppich-kerman\/"},"modified":"2026-04-13T13:15:00","modified_gmt":"2026-04-13T11:15:00","slug":"perserteppich-kerman-perserteppich-kerman","status":"publish","type":"product","link":"https:\/\/www.perzijskepreproge.si\/de\/produkt\/perserteppich-kerman-perserteppich-kerman\/","title":{"rendered":"Perserteppich Kerman \/ Persian carpet Kerman"},"content":{"rendered":"<p data-start=\"0\" data-end=\"313\">Dieser wundersch\u00f6ne Perserteppich aus der Stadt Kerman (oder Kirman) ist ein hervorragendes Beispiel traditioneller persischer Webkunst, bekannt f\u00fcr seine au\u00dfergew\u00f6hnliche Farbharmonie, Detaildichte und raffinierte k\u00fcnstlerische Komposition. \u00c4sthetisch wirkt der Teppich sehr lebendig, dynamisch und bewegt, zugleich jedoch harmonisch und ausgewogen. <\/p>\n<p data-start=\"315\" data-end=\"866\">Sein Zentrum ziert ein dicht verflochtenes Muster aus Blumen und Bl\u00e4ttern, das sich \u00fcber die gesamte Fl\u00e4che erstreckt \u2013 ohne ausgepr\u00e4gtes zentrales Medaillon, was eine Besonderheit vieler Kerman-Teppiche ist. Das gesamte Design erinnert an einen \u00fcppigen persischen Garten \u2013 in voller Bl\u00fcte, in dem Farben und Formen zu einem nahezu kaleidoskopischen Effekt verschmelzen. Die Farbpalette ist reich und lebhaft: Vorherrschend ist ein tiefes Rot als Grundton des Feldes, in dem sich Motive in Hellblau, Goldbeige, T\u00fcrkis, Dunkelblau und Gr\u00fcn winden, erg\u00e4nzt durch Akzente in Orange, Wei\u00df und Schwarz.  <\/p>\n<p data-start=\"868\" data-end=\"1192\">Die Bord\u00fcre des Teppichs ist breit und aus mehreren B\u00e4ndern aufgebaut. Der Hauptrand ist in kontrastierendem Dunkelblau gehalten und reich mit floralen Motiven in hellen Nuancen besetzt, was einen sch\u00f6nen \u00dcbergang und einen visuellen Rahmen schafft. Zus\u00e4tzliche innere und \u00e4u\u00dfere B\u00e4nder mit feineren ornamentalen Mustern erg\u00e4nzen die Komposition und verleihen ihr ein Gef\u00fchl von Vollst\u00e4ndigkeit.  <\/p>\n<p data-start=\"1194\" data-end=\"1661\" data-is-last-node=\"\" data-is-only-node=\"\">Das Design des Teppichs ist deutlich entlang der diagonalen Achse symmetrisch und strahlt die klassische persische \u00c4sthetikphilosophie aus \u2013 Ordnung, F\u00fclle, Sch\u00f6nheit und die Symbolik der Natur. Dank seiner farblichen Lebendigkeit und k\u00fcnstlerischen Komplexit\u00e4t ist dieser Teppich ideal f\u00fcr R\u00e4ume, in denen Sie ein warmes, reiches und kulturell inspiriertes Ambiente schaffen m\u00f6chten. Er passt hervorragend sowohl zu Holzb\u00f6den als auch zu klassischen Interieurs und verleiht jedem Raum Charakter \u2013 ob Wohnzimmer, Bibliothek oder Empfangssalon.  <\/p>\n","protected":false},"excerpt":{"rendered":"<p>Reg.-Nr.: 1019<\/p>\n<p>Gr\u00f6\u00dfe \/ Size: 427 \u00d7 294 cm<\/p>\n<p>Material \/ Flor: Wolle<\/p>\n<p>Kette \/ Base: Baumwolle \/ cotton<\/p>\n<p>Farben \/ Colours: pflanzlich \/ plants<\/p>\n<p>Design \/ Design: floral \/ floral<\/p>\n<p>Herstellungstechnik \/ Weaving technique: handgekn\u00fcpfter Teppich \/ handmade pile carpet<\/p>\n<p>Kn\u00fcpfdichte \/ Knot density: 360.000\/m\u00b2<\/p>\n<p>Herkunft \/ Origin: Iran<\/p>\n<p>&nbsp;<\/p>\n","protected":false},"featured_media":20351,"template":"","meta":{"iawp_total_views":2},"product_brand":[],"product_cat":[338,305],"product_tag":[],"class_list":{"0":"post-25242","1":"product","2":"type-product","3":"status-publish","4":"has-post-thumbnail","6":"product_cat-grose-teppiche-de","7":"product_cat-klassische-teppiche","8":"pa_barva-osnovna-rot-burgunderrot","9":"pa_material-wolle","10":"pa_oblika-rechteckig","11":"pa_tip-preproge-klassisch-meisterlich","12":"pa_velikost-cca-400-x-300-de","14":"first","15":"instock","16":"sold-individually","17":"taxable","18":"shipping-taxable","19":"purchasable","20":"product-type-simple"},"yoast_head":"<!-- This site is optimized with the Yoast SEO plugin v27.3 - https:\/\/yoast.com\/product\/yoast-seo-wordpress\/ -->\n<title>Perserteppich Kerman \/ Persian carpet Kerman - Perzijske preproge Farzad<\/title>\n<meta name=\"robots\" content=\"index, follow, max-snippet:-1, max-image-preview:large, max-video-preview:-1\" \/>\n<link rel=\"canonical\" href=\"https:\/\/www.perzijskepreproge.si\/de\/produkt\/perserteppich-kerman-perserteppich-kerman\/\" \/>\n<meta property=\"og:locale\" content=\"de_DE\" \/>\n<meta property=\"og:type\" content=\"article\" \/>\n<meta property=\"og:title\" content=\"Perserteppich Kerman \/ Persian carpet Kerman - Perzijske preproge Farzad\" \/>\n<meta property=\"og:description\" content=\"Reg.-Nr.: 1019 Gr\u00f6\u00dfe \/ Size: 427 \u00d7 294 cm Material \/ Flor: Wolle Kette \/ Base: Baumwolle \/ cotton Farben \/ Colours: pflanzlich \/ plants Design \/ Design: floral \/ floral Herstellungstechnik \/ Weaving technique: handgekn\u00fcpfter Teppich \/ handmade pile carpet Kn\u00fcpfdichte \/ Knot density: 360.000\/m\u00b2 Herkunft \/ Origin: Iran &nbsp;\" \/>\n<meta property=\"og:url\" content=\"https:\/\/www.perzijskepreproge.si\/de\/produkt\/perserteppich-kerman-perserteppich-kerman\/\" \/>\n<meta property=\"og:site_name\" content=\"Perzijske preproge Farzad\" \/>\n<meta property=\"article:modified_time\" content=\"2026-04-13T11:15:00+00:00\" \/>\n<meta property=\"og:image\" content=\"https:\/\/www.perzijskepreproge.si\/wp-content\/uploads\/2017\/02\/DSCF6652.webp\" \/>\n\t<meta property=\"og:image:width\" content=\"900\" \/>\n\t<meta property=\"og:image:height\" content=\"600\" \/>\n\t<meta property=\"og:image:type\" content=\"image\/jpeg\" \/>\n<meta name=\"twitter:card\" content=\"summary_large_image\" \/>\n<meta name=\"twitter:label1\" content=\"Gesch\u00e4tzte Lesezeit\" \/>\n\t<meta name=\"twitter:data1\" content=\"1\u00a0Minute\" \/>\n<script type=\"application\/ld+json\" class=\"yoast-schema-graph\">{\"@context\":\"https:\\\/\\\/schema.org\",\"@graph\":[{\"@type\":\"WebPage\",\"@id\":\"https:\\\/\\\/www.perzijskepreproge.si\\\/de\\\/produkt\\\/perserteppich-kerman-perserteppich-kerman\\\/\",\"url\":\"https:\\\/\\\/www.perzijskepreproge.si\\\/de\\\/produkt\\\/perserteppich-kerman-perserteppich-kerman\\\/\",\"name\":\"Perserteppich Kerman \\\/ Persian carpet Kerman - Perzijske preproge Farzad\",\"isPartOf\":{\"@id\":\"https:\\\/\\\/www.perzijskepreproge.si\\\/de\\\/#website\"},\"primaryImageOfPage\":{\"@id\":\"https:\\\/\\\/www.perzijskepreproge.si\\\/de\\\/produkt\\\/perserteppich-kerman-perserteppich-kerman\\\/#primaryimage\"},\"image\":{\"@id\":\"https:\\\/\\\/www.perzijskepreproge.si\\\/de\\\/produkt\\\/perserteppich-kerman-perserteppich-kerman\\\/#primaryimage\"},\"thumbnailUrl\":\"https:\\\/\\\/www.perzijskepreproge.si\\\/wp-content\\\/uploads\\\/2017\\\/02\\\/DSCF6652.jpg\",\"datePublished\":\"2017-02-28T13:48:00+00:00\",\"dateModified\":\"2026-04-13T11:15:00+00:00\",\"breadcrumb\":{\"@id\":\"https:\\\/\\\/www.perzijskepreproge.si\\\/de\\\/produkt\\\/perserteppich-kerman-perserteppich-kerman\\\/#breadcrumb\"},\"inLanguage\":\"de\",\"potentialAction\":[{\"@type\":\"ReadAction\",\"target\":[\"https:\\\/\\\/www.perzijskepreproge.si\\\/de\\\/produkt\\\/perserteppich-kerman-perserteppich-kerman\\\/\"]}]},{\"@type\":\"ImageObject\",\"inLanguage\":\"de\",\"@id\":\"https:\\\/\\\/www.perzijskepreproge.si\\\/de\\\/produkt\\\/perserteppich-kerman-perserteppich-kerman\\\/#primaryimage\",\"url\":\"https:\\\/\\\/www.perzijskepreproge.si\\\/wp-content\\\/uploads\\\/2017\\\/02\\\/DSCF6652.jpg\",\"contentUrl\":\"https:\\\/\\\/www.perzijskepreproge.si\\\/wp-content\\\/uploads\\\/2017\\\/02\\\/DSCF6652.jpg\",\"width\":900,\"height\":600,\"caption\":\"Teppich Kerman\"},{\"@type\":\"BreadcrumbList\",\"@id\":\"https:\\\/\\\/www.perzijskepreproge.si\\\/de\\\/produkt\\\/perserteppich-kerman-perserteppich-kerman\\\/#breadcrumb\",\"itemListElement\":[{\"@type\":\"ListItem\",\"position\":1,\"name\":\"Heim\",\"item\":\"https:\\\/\\\/www.perzijskepreproge.si\\\/de\\\/perserteppiche-farzad\\\/\"},{\"@type\":\"ListItem\",\"position\":2,\"name\":\"Shop\",\"item\":\"https:\\\/\\\/www.perzijskepreproge.si\\\/de\\\/shop\\\/\"},{\"@type\":\"ListItem\",\"position\":3,\"name\":\"Perserteppich Kerman \\\/ Persian carpet Kerman\"}]},{\"@type\":\"WebSite\",\"@id\":\"https:\\\/\\\/www.perzijskepreproge.si\\\/de\\\/#website\",\"url\":\"https:\\\/\\\/www.perzijskepreproge.si\\\/de\\\/\",\"name\":\"Perzijske preproge Farzad\",\"description\":\"Perzijske preproge,  preprog in \u010di\u0161\u010denje preprog\",\"potentialAction\":[{\"@type\":\"SearchAction\",\"target\":{\"@type\":\"EntryPoint\",\"urlTemplate\":\"https:\\\/\\\/www.perzijskepreproge.si\\\/de\\\/?s={search_term_string}\"},\"query-input\":{\"@type\":\"PropertyValueSpecification\",\"valueRequired\":true,\"valueName\":\"search_term_string\"}}],\"inLanguage\":\"de\"}]}<\/script>\n<!-- \/ Yoast SEO plugin. -->","yoast_head_json":{"title":"Perserteppich Kerman \/ Persian carpet Kerman - Perzijske preproge Farzad","robots":{"index":"index","follow":"follow","max-snippet":"max-snippet:-1","max-image-preview":"max-image-preview:large","max-video-preview":"max-video-preview:-1"},"canonical":"https:\/\/www.perzijskepreproge.si\/de\/produkt\/perserteppich-kerman-perserteppich-kerman\/","og_locale":"de_DE","og_type":"article","og_title":"Perserteppich Kerman \/ Persian carpet Kerman - Perzijske preproge Farzad","og_description":"Reg.-Nr.: 1019 Gr\u00f6\u00dfe \/ Size: 427 \u00d7 294 cm Material \/ Flor: Wolle Kette \/ Base: Baumwolle \/ cotton Farben \/ Colours: pflanzlich \/ plants Design \/ Design: floral \/ floral Herstellungstechnik \/ Weaving technique: handgekn\u00fcpfter Teppich \/ handmade pile carpet Kn\u00fcpfdichte \/ Knot density: 360.000\/m\u00b2 Herkunft \/ Origin: Iran &nbsp;","og_url":"https:\/\/www.perzijskepreproge.si\/de\/produkt\/perserteppich-kerman-perserteppich-kerman\/","og_site_name":"Perzijske preproge Farzad","article_modified_time":"2026-04-13T11:15:00+00:00","og_image":[{"width":900,"height":600,"url":"https:\/\/www.perzijskepreproge.si\/wp-content\/uploads\/2017\/02\/DSCF6652.webp","type":"image\/jpeg"}],"twitter_card":"summary_large_image","twitter_misc":{"Gesch\u00e4tzte Lesezeit":"1\u00a0Minute"},"schema":{"@context":"https:\/\/schema.org","@graph":[{"@type":"WebPage","@id":"https:\/\/www.perzijskepreproge.si\/de\/produkt\/perserteppich-kerman-perserteppich-kerman\/","url":"https:\/\/www.perzijskepreproge.si\/de\/produkt\/perserteppich-kerman-perserteppich-kerman\/","name":"Perserteppich Kerman \/ Persian carpet Kerman - Perzijske preproge Farzad","isPartOf":{"@id":"https:\/\/www.perzijskepreproge.si\/de\/#website"},"primaryImageOfPage":{"@id":"https:\/\/www.perzijskepreproge.si\/de\/produkt\/perserteppich-kerman-perserteppich-kerman\/#primaryimage"},"image":{"@id":"https:\/\/www.perzijskepreproge.si\/de\/produkt\/perserteppich-kerman-perserteppich-kerman\/#primaryimage"},"thumbnailUrl":"https:\/\/www.perzijskepreproge.si\/wp-content\/uploads\/2017\/02\/DSCF6652.jpg","datePublished":"2017-02-28T13:48:00+00:00","dateModified":"2026-04-13T11:15:00+00:00","breadcrumb":{"@id":"https:\/\/www.perzijskepreproge.si\/de\/produkt\/perserteppich-kerman-perserteppich-kerman\/#breadcrumb"},"inLanguage":"de","potentialAction":[{"@type":"ReadAction","target":["https:\/\/www.perzijskepreproge.si\/de\/produkt\/perserteppich-kerman-perserteppich-kerman\/"]}]},{"@type":"ImageObject","inLanguage":"de","@id":"https:\/\/www.perzijskepreproge.si\/de\/produkt\/perserteppich-kerman-perserteppich-kerman\/#primaryimage","url":"https:\/\/www.perzijskepreproge.si\/wp-content\/uploads\/2017\/02\/DSCF6652.jpg","contentUrl":"https:\/\/www.perzijskepreproge.si\/wp-content\/uploads\/2017\/02\/DSCF6652.jpg","width":900,"height":600,"caption":"Teppich Kerman"},{"@type":"BreadcrumbList","@id":"https:\/\/www.perzijskepreproge.si\/de\/produkt\/perserteppich-kerman-perserteppich-kerman\/#breadcrumb","itemListElement":[{"@type":"ListItem","position":1,"name":"Heim","item":"https:\/\/www.perzijskepreproge.si\/de\/perserteppiche-farzad\/"},{"@type":"ListItem","position":2,"name":"Shop","item":"https:\/\/www.perzijskepreproge.si\/de\/shop\/"},{"@type":"ListItem","position":3,"name":"Perserteppich Kerman \/ Persian carpet Kerman"}]},{"@type":"WebSite","@id":"https:\/\/www.perzijskepreproge.si\/de\/#website","url":"https:\/\/www.perzijskepreproge.si\/de\/","name":"Perzijske preproge Farzad","description":"Perzijske preproge,  preprog in \u010di\u0161\u010denje preprog","potentialAction":[{"@type":"SearchAction","target":{"@type":"EntryPoint","urlTemplate":"https:\/\/www.perzijskepreproge.si\/de\/?s={search_term_string}"},"query-input":{"@type":"PropertyValueSpecification","valueRequired":true,"valueName":"search_term_string"}}],"inLanguage":"de"}]}},"_links":{"self":[{"href":"https:\/\/www.perzijskepreproge.si\/de\/wp-json\/wp\/v2\/product\/25242","targetHints":{"allow":["GET"]}}],"collection":[{"href":"https:\/\/www.perzijskepreproge.si\/de\/wp-json\/wp\/v2\/product"}],"about":[{"href":"https:\/\/www.perzijskepreproge.si\/de\/wp-json\/wp\/v2\/types\/product"}],"version-history":[{"count":1,"href":"https:\/\/www.perzijskepreproge.si\/de\/wp-json\/wp\/v2\/product\/25242\/revisions"}],"predecessor-version":[{"id":29435,"href":"https:\/\/www.perzijskepreproge.si\/de\/wp-json\/wp\/v2\/product\/25242\/revisions\/29435"}],"wp:featuredmedia":[{"embeddable":true,"href":"https:\/\/www.perzijskepreproge.si\/de\/wp-json\/wp\/v2\/media\/20351"}],"wp:attachment":[{"href":"https:\/\/www.perzijskepreproge.si\/de\/wp-json\/wp\/v2\/media?parent=25242"}],"wp:term":[{"taxonomy":"product_brand","embeddable":true,"href":"https:\/\/www.perzijskepreproge.si\/de\/wp-json\/wp\/v2\/product_brand?post=25242"},{"taxonomy":"product_cat","embeddable":true,"href":"https:\/\/www.perzijskepreproge.si\/de\/wp-json\/wp\/v2\/product_cat?post=25242"},{"taxonomy":"product_tag","embeddable":true,"href":"https:\/\/www.perzijskepreproge.si\/de\/wp-json\/wp\/v2\/product_tag?post=25242"}],"curies":[{"name":"wp","href":"https:\/\/api.w.org\/{rel}","templated":true}]}}