{"id":25259,"date":"2017-01-16T10:27:16","date_gmt":"2017-01-16T09:27:16","guid":{"rendered":"https:\/\/www.perzijskepreproge.si\/izdelek\/persischer-kelim-avan-persischer-kelim-avan\/"},"modified":"2026-04-13T13:15:59","modified_gmt":"2026-04-13T11:15:59","slug":"persischer-kelim-avan-persischer-kelim-avan","status":"publish","type":"product","link":"https:\/\/www.perzijskepreproge.si\/de\/produkt\/persischer-kelim-avan-persischer-kelim-avan\/","title":{"rendered":"Persischer Kelim Avan"},"content":{"rendered":"<p data-start=\"0\" data-end=\"381\">Ein sch\u00f6nes Beispiel <strong data-start=\"23\" data-end=\"55\">nomadischer Textilien aus dem Iran<\/strong>, die von Stammesgruppen wie den <strong data-start=\"157\" data-end=\"168\">Qashqai<\/strong>, <strong data-start=\"170\" data-end=\"178\">Luri<\/strong> oder <strong data-start=\"183\" data-end=\"196\">Bakhtiari<\/strong> stammen. Solche Textilien waren und sind immer noch ein wichtiger Bestandteil des Alltags iranischer Nomaden \u2013 sie werden als Decken, Bodenbel\u00e4ge, Bett\u00fcberw\u00fcrfe oder Tragetaschen verwendet. <\/p>\n<p data-start=\"383\" data-end=\"845\">Dieses St\u00fcck weist <strong data-start=\"394\" data-end=\"425\">vertikal angeordnete Streifen<\/strong> auf, was charakteristisch f\u00fcr einen <strong data-start=\"446\" data-end=\"456\">Djajim<\/strong> ist \u2013 eine Art Teppich, der in Streifen gewebt wird, oft aus mehreren St\u00fccken bestehend, die sp\u00e4ter von Hand zusammengen\u00e4ht werden. Das Muster ist stark geometrisch, mit abwechselnden Motivstreifen, unter denen Rauten, Sterne und kleine sich wiederholende geometrische Zeichen deutlich erkennbar sind. Der Mittelstreifen enth\u00e4lt sich wiederholende runde oder rautenf\u00f6rmige Elemente in Kontrastfarben, die eine zentrale Symmetrieachse bilden.  <\/p>\n<p data-start=\"847\" data-end=\"1103\">Die Farbpalette ist typisch f\u00fcr nomadische Gewebe \u2013 <strong data-start=\"895\" data-end=\"948\">Dunkelblau, Indigo, Rot, Orange, Ocker und Wei\u00df<\/strong>. Die Farben wurden h\u00f6chstwahrscheinlich mit nat\u00fcrlichen Farbstoffen gewonnen, wie Indigo (f\u00fcr Blau), Krappwurzel (<em data-start=\"1057\" data-end=\"1070\">madder root<\/em>) und Walnussschalen f\u00fcr Braunt\u00f6ne. <\/p>\n<p data-start=\"1105\" data-end=\"1350\">Es handelt sich um ein Produkt mit ausgepr\u00e4gtem <strong data-start=\"1131\" data-end=\"1170\">funktionalem und \u00e4sthetischem Wert<\/strong>, da nomadische Textilien stets N\u00fctzlichkeit (Isolation, Tragbarkeit) und reiche Ornamentik vereinten, die <strong data-start=\"1285\" data-end=\"1349\">Stammesidentit\u00e4t, sozialen Status und sch\u00fctzende Symbolik<\/strong> ausdr\u00fcckt.<\/p>\n<p data-start=\"1352\" data-end=\"1637\" data-is-last-node=\"\" data-is-only-node=\"\">Aufgrund seiner Struktur und erkennbaren Form kann dieses St\u00fcck als <strong data-start=\"1425\" data-end=\"1435\">Djajim<\/strong> identifiziert werden \u2013 eine Art Flachgewebe, das besonders in den Regionen des westlichen Iran beliebt ist. Das Weben solcher St\u00fccke erfordert viel Geschick und Kenntnis traditioneller Muster, die oft von Generation zu Generation weitergegeben werden. <\/p>\n","protected":false},"excerpt":{"rendered":"<p>Reg.Nr.: 842<\/p>\n<p>Gr\u00f6\u00dfe: 147 x 88 cm<\/p>\n<p>Material \/ Flor: Wolle<\/p>\n<p>Grundgewebe: Wolle<\/p>\n<p>Farben: Pflanzenfarben<\/p>\n<p>Design: geometrisch<\/p>\n<p>Webtechnik: handgefertigtes Doppel-Flachgewebe (Kissen)<\/p>\n<p>Herkunft: Iran<\/p>\n<p>&nbsp;<\/p>\n","protected":false},"featured_media":20282,"template":"","meta":{"iawp_total_views":1},"product_brand":[],"product_cat":[358,359],"product_tag":[],"class_list":{"0":"post-25259","1":"product","2":"type-product","3":"status-publish","4":"has-post-thumbnail","6":"product_cat-kelims","7":"product_cat-kleine-teppiche","8":"pa_barva-osnovna-mehrfarbig","9":"pa_material-wolle","10":"pa_oblika-rechteckig","11":"pa_tip-preproge-kilim","12":"pa_velikost-cca-150-x-100-de","14":"first","15":"instock","16":"sold-individually","17":"taxable","18":"shipping-taxable","19":"purchasable","20":"product-type-simple"},"yoast_head":"<!-- This site is optimized with the Yoast SEO plugin v27.3 - https:\/\/yoast.com\/product\/yoast-seo-wordpress\/ -->\n<title>Persischer Kelim Avan - Perzijske preproge Farzad<\/title>\n<meta name=\"robots\" content=\"index, follow, max-snippet:-1, max-image-preview:large, max-video-preview:-1\" \/>\n<link rel=\"canonical\" href=\"https:\/\/www.perzijskepreproge.si\/de\/produkt\/persischer-kelim-avan-persischer-kelim-avan\/\" \/>\n<meta property=\"og:locale\" content=\"de_DE\" \/>\n<meta property=\"og:type\" content=\"article\" \/>\n<meta property=\"og:title\" content=\"Persischer Kelim Avan - Perzijske preproge Farzad\" \/>\n<meta property=\"og:description\" content=\"Reg.Nr.: 842 Gr\u00f6\u00dfe: 147 x 88 cm Material \/ Flor: Wolle Grundgewebe: Wolle Farben: Pflanzenfarben Design: geometrisch Webtechnik: handgefertigtes Doppel-Flachgewebe (Kissen) Herkunft: Iran &nbsp;\" \/>\n<meta property=\"og:url\" content=\"https:\/\/www.perzijskepreproge.si\/de\/produkt\/persischer-kelim-avan-persischer-kelim-avan\/\" \/>\n<meta property=\"og:site_name\" content=\"Perzijske preproge Farzad\" \/>\n<meta property=\"article:modified_time\" content=\"2026-04-13T11:15:59+00:00\" \/>\n<meta property=\"og:image\" content=\"https:\/\/www.perzijskepreproge.si\/wp-content\/uploads\/2017\/01\/DSCF6584-e1661175915537.jpg\" \/>\n\t<meta property=\"og:image:width\" content=\"524\" \/>\n\t<meta property=\"og:image:height\" content=\"900\" \/>\n\t<meta property=\"og:image:type\" content=\"image\/jpeg\" \/>\n<meta name=\"twitter:card\" content=\"summary_large_image\" \/>\n<meta name=\"twitter:label1\" content=\"Gesch\u00e4tzte Lesezeit\" \/>\n\t<meta name=\"twitter:data1\" content=\"1\u00a0Minute\" \/>\n<script type=\"application\/ld+json\" class=\"yoast-schema-graph\">{\"@context\":\"https:\\\/\\\/schema.org\",\"@graph\":[{\"@type\":\"WebPage\",\"@id\":\"https:\\\/\\\/www.perzijskepreproge.si\\\/de\\\/produkt\\\/persischer-kelim-avan-persischer-kelim-avan\\\/\",\"url\":\"https:\\\/\\\/www.perzijskepreproge.si\\\/de\\\/produkt\\\/persischer-kelim-avan-persischer-kelim-avan\\\/\",\"name\":\"Persischer Kelim Avan - Perzijske preproge Farzad\",\"isPartOf\":{\"@id\":\"https:\\\/\\\/www.perzijskepreproge.si\\\/de\\\/#website\"},\"primaryImageOfPage\":{\"@id\":\"https:\\\/\\\/www.perzijskepreproge.si\\\/de\\\/produkt\\\/persischer-kelim-avan-persischer-kelim-avan\\\/#primaryimage\"},\"image\":{\"@id\":\"https:\\\/\\\/www.perzijskepreproge.si\\\/de\\\/produkt\\\/persischer-kelim-avan-persischer-kelim-avan\\\/#primaryimage\"},\"thumbnailUrl\":\"https:\\\/\\\/www.perzijskepreproge.si\\\/wp-content\\\/uploads\\\/2017\\\/01\\\/DSCF6584-e1661175915537.jpg\",\"datePublished\":\"2017-01-16T09:27:16+00:00\",\"dateModified\":\"2026-04-13T11:15:59+00:00\",\"breadcrumb\":{\"@id\":\"https:\\\/\\\/www.perzijskepreproge.si\\\/de\\\/produkt\\\/persischer-kelim-avan-persischer-kelim-avan\\\/#breadcrumb\"},\"inLanguage\":\"de\",\"potentialAction\":[{\"@type\":\"ReadAction\",\"target\":[\"https:\\\/\\\/www.perzijskepreproge.si\\\/de\\\/produkt\\\/persischer-kelim-avan-persischer-kelim-avan\\\/\"]}]},{\"@type\":\"ImageObject\",\"inLanguage\":\"de\",\"@id\":\"https:\\\/\\\/www.perzijskepreproge.si\\\/de\\\/produkt\\\/persischer-kelim-avan-persischer-kelim-avan\\\/#primaryimage\",\"url\":\"https:\\\/\\\/www.perzijskepreproge.si\\\/wp-content\\\/uploads\\\/2017\\\/01\\\/DSCF6584-e1661175915537.jpg\",\"contentUrl\":\"https:\\\/\\\/www.perzijskepreproge.si\\\/wp-content\\\/uploads\\\/2017\\\/01\\\/DSCF6584-e1661175915537.jpg\",\"width\":524,\"height\":900,\"caption\":\"Kelim (Kissen)\"},{\"@type\":\"BreadcrumbList\",\"@id\":\"https:\\\/\\\/www.perzijskepreproge.si\\\/de\\\/produkt\\\/persischer-kelim-avan-persischer-kelim-avan\\\/#breadcrumb\",\"itemListElement\":[{\"@type\":\"ListItem\",\"position\":1,\"name\":\"Heim\",\"item\":\"https:\\\/\\\/www.perzijskepreproge.si\\\/de\\\/perserteppiche-farzad\\\/\"},{\"@type\":\"ListItem\",\"position\":2,\"name\":\"Shop\",\"item\":\"https:\\\/\\\/www.perzijskepreproge.si\\\/de\\\/shop\\\/\"},{\"@type\":\"ListItem\",\"position\":3,\"name\":\"Persischer Kelim Avan\"}]},{\"@type\":\"WebSite\",\"@id\":\"https:\\\/\\\/www.perzijskepreproge.si\\\/de\\\/#website\",\"url\":\"https:\\\/\\\/www.perzijskepreproge.si\\\/de\\\/\",\"name\":\"Perzijske preproge Farzad\",\"description\":\"Perzijske preproge,  preprog in \u010di\u0161\u010denje preprog\",\"potentialAction\":[{\"@type\":\"SearchAction\",\"target\":{\"@type\":\"EntryPoint\",\"urlTemplate\":\"https:\\\/\\\/www.perzijskepreproge.si\\\/de\\\/?s={search_term_string}\"},\"query-input\":{\"@type\":\"PropertyValueSpecification\",\"valueRequired\":true,\"valueName\":\"search_term_string\"}}],\"inLanguage\":\"de\"}]}<\/script>\n<!-- \/ Yoast SEO plugin. -->","yoast_head_json":{"title":"Persischer Kelim Avan - Perzijske preproge Farzad","robots":{"index":"index","follow":"follow","max-snippet":"max-snippet:-1","max-image-preview":"max-image-preview:large","max-video-preview":"max-video-preview:-1"},"canonical":"https:\/\/www.perzijskepreproge.si\/de\/produkt\/persischer-kelim-avan-persischer-kelim-avan\/","og_locale":"de_DE","og_type":"article","og_title":"Persischer Kelim Avan - Perzijske preproge Farzad","og_description":"Reg.Nr.: 842 Gr\u00f6\u00dfe: 147 x 88 cm Material \/ Flor: Wolle Grundgewebe: Wolle Farben: Pflanzenfarben Design: geometrisch Webtechnik: handgefertigtes Doppel-Flachgewebe (Kissen) Herkunft: Iran &nbsp;","og_url":"https:\/\/www.perzijskepreproge.si\/de\/produkt\/persischer-kelim-avan-persischer-kelim-avan\/","og_site_name":"Perzijske preproge Farzad","article_modified_time":"2026-04-13T11:15:59+00:00","og_image":[{"width":524,"height":900,"url":"https:\/\/www.perzijskepreproge.si\/wp-content\/uploads\/2017\/01\/DSCF6584-e1661175915537.jpg","type":"image\/jpeg"}],"twitter_card":"summary_large_image","twitter_misc":{"Gesch\u00e4tzte Lesezeit":"1\u00a0Minute"},"schema":{"@context":"https:\/\/schema.org","@graph":[{"@type":"WebPage","@id":"https:\/\/www.perzijskepreproge.si\/de\/produkt\/persischer-kelim-avan-persischer-kelim-avan\/","url":"https:\/\/www.perzijskepreproge.si\/de\/produkt\/persischer-kelim-avan-persischer-kelim-avan\/","name":"Persischer Kelim Avan - Perzijske preproge Farzad","isPartOf":{"@id":"https:\/\/www.perzijskepreproge.si\/de\/#website"},"primaryImageOfPage":{"@id":"https:\/\/www.perzijskepreproge.si\/de\/produkt\/persischer-kelim-avan-persischer-kelim-avan\/#primaryimage"},"image":{"@id":"https:\/\/www.perzijskepreproge.si\/de\/produkt\/persischer-kelim-avan-persischer-kelim-avan\/#primaryimage"},"thumbnailUrl":"https:\/\/www.perzijskepreproge.si\/wp-content\/uploads\/2017\/01\/DSCF6584-e1661175915537.jpg","datePublished":"2017-01-16T09:27:16+00:00","dateModified":"2026-04-13T11:15:59+00:00","breadcrumb":{"@id":"https:\/\/www.perzijskepreproge.si\/de\/produkt\/persischer-kelim-avan-persischer-kelim-avan\/#breadcrumb"},"inLanguage":"de","potentialAction":[{"@type":"ReadAction","target":["https:\/\/www.perzijskepreproge.si\/de\/produkt\/persischer-kelim-avan-persischer-kelim-avan\/"]}]},{"@type":"ImageObject","inLanguage":"de","@id":"https:\/\/www.perzijskepreproge.si\/de\/produkt\/persischer-kelim-avan-persischer-kelim-avan\/#primaryimage","url":"https:\/\/www.perzijskepreproge.si\/wp-content\/uploads\/2017\/01\/DSCF6584-e1661175915537.jpg","contentUrl":"https:\/\/www.perzijskepreproge.si\/wp-content\/uploads\/2017\/01\/DSCF6584-e1661175915537.jpg","width":524,"height":900,"caption":"Kelim (Kissen)"},{"@type":"BreadcrumbList","@id":"https:\/\/www.perzijskepreproge.si\/de\/produkt\/persischer-kelim-avan-persischer-kelim-avan\/#breadcrumb","itemListElement":[{"@type":"ListItem","position":1,"name":"Heim","item":"https:\/\/www.perzijskepreproge.si\/de\/perserteppiche-farzad\/"},{"@type":"ListItem","position":2,"name":"Shop","item":"https:\/\/www.perzijskepreproge.si\/de\/shop\/"},{"@type":"ListItem","position":3,"name":"Persischer Kelim Avan"}]},{"@type":"WebSite","@id":"https:\/\/www.perzijskepreproge.si\/de\/#website","url":"https:\/\/www.perzijskepreproge.si\/de\/","name":"Perzijske preproge Farzad","description":"Perzijske preproge,  preprog in \u010di\u0161\u010denje preprog","potentialAction":[{"@type":"SearchAction","target":{"@type":"EntryPoint","urlTemplate":"https:\/\/www.perzijskepreproge.si\/de\/?s={search_term_string}"},"query-input":{"@type":"PropertyValueSpecification","valueRequired":true,"valueName":"search_term_string"}}],"inLanguage":"de"}]}},"_links":{"self":[{"href":"https:\/\/www.perzijskepreproge.si\/de\/wp-json\/wp\/v2\/product\/25259","targetHints":{"allow":["GET"]}}],"collection":[{"href":"https:\/\/www.perzijskepreproge.si\/de\/wp-json\/wp\/v2\/product"}],"about":[{"href":"https:\/\/www.perzijskepreproge.si\/de\/wp-json\/wp\/v2\/types\/product"}],"version-history":[{"count":1,"href":"https:\/\/www.perzijskepreproge.si\/de\/wp-json\/wp\/v2\/product\/25259\/revisions"}],"predecessor-version":[{"id":29442,"href":"https:\/\/www.perzijskepreproge.si\/de\/wp-json\/wp\/v2\/product\/25259\/revisions\/29442"}],"wp:featuredmedia":[{"embeddable":true,"href":"https:\/\/www.perzijskepreproge.si\/de\/wp-json\/wp\/v2\/media\/20282"}],"wp:attachment":[{"href":"https:\/\/www.perzijskepreproge.si\/de\/wp-json\/wp\/v2\/media?parent=25259"}],"wp:term":[{"taxonomy":"product_brand","embeddable":true,"href":"https:\/\/www.perzijskepreproge.si\/de\/wp-json\/wp\/v2\/product_brand?post=25259"},{"taxonomy":"product_cat","embeddable":true,"href":"https:\/\/www.perzijskepreproge.si\/de\/wp-json\/wp\/v2\/product_cat?post=25259"},{"taxonomy":"product_tag","embeddable":true,"href":"https:\/\/www.perzijskepreproge.si\/de\/wp-json\/wp\/v2\/product_tag?post=25259"}],"curies":[{"name":"wp","href":"https:\/\/api.w.org\/{rel}","templated":true}]}}