{"id":25304,"date":"2017-01-12T10:23:02","date_gmt":"2017-01-12T09:23:02","guid":{"rendered":"https:\/\/www.perzijskepreproge.si\/izdelek\/persischer-kelim-azari-persischer-kelim-azari-2\/"},"modified":"2026-04-13T13:00:22","modified_gmt":"2026-04-13T11:00:22","slug":"persischer-kelim-azari-persischer-kelim-azari-2","status":"publish","type":"product","link":"https:\/\/www.perzijskepreproge.si\/de\/produkt\/persischer-kelim-azari-persischer-kelim-azari-2\/","title":{"rendered":"Persischer Kilim Azari \/ Persian kilim Azari"},"content":{"rendered":"<p>Nomadenv\u00f6lkern sind Teppiche seit Jahrtausenden treue und bew\u00e4hrte Begleiter: Sie dienen als Bodenbelag, als Ersatz f\u00fcr M\u00f6bel, als Dekoration, als Sattelunterlage, zum Schlafen, als Reisezelt, zur Meditation, als Decke f\u00fcr den letzten Abschied von dieser Welt &#8230; F\u00fcr Heil- und Hochzeitsrituale werden besondere Teppiche gefertigt. Teppiche sind voller reicher Symbolik; durch sie findet Kommunikation \u00fcber Zeit und Raum statt, und die Botschaften werden durch unterschiedliche Kompositionsstrukturen, Farben und darin enthaltene Figuren ausgedr\u00fcckt.   Die Azeri, die im Norden Irans und in Aserbaidschan leben, fertigen seit Jahrhunderten und Jahrtausenden Teppiche auf urspr\u00fcngliche, unver\u00e4nderte Weise. Herstellungstechnik und traditionelle Muster werden von Generation zu Generation weitergegeben, doch das endg\u00fcltige Erscheinungsbild des Teppichs h\u00e4ngt am st\u00e4rksten von der pers\u00f6nlichen Handschrift der Weberin bzw. des Webers ab. M\u00fctter lehren ihre T\u00f6chter das Spinnen und den Umgang mit Wolle, w\u00e4hrend V\u00e4ter ihren S\u00f6hnen das Wissen \u00fcber das F\u00e4rben der Wolle und den Bau der Webst\u00fchle vermitteln. Die dargestellten Motive sch\u00f6pfen sie aus ihrer Umgebung, lokalen Traditionen und ihrem Leben. So finden sich in den Teppichen Motive von Sternen bis hin zu archaischen mesopotamischen Formen. Unter geschickten Fingern entstanden wundersch\u00f6ne Kombinationen aus pflanzlichen Erdfarben und archaischen Mustern.      <\/p>\n","protected":false},"excerpt":{"rendered":"<p>Reg.-Nr.: 347<\/p>\n<p>Gr\u00f6\u00dfe \/ Size: 336 x 142 cm<\/p>\n<p>Material \/ Pile: Wolle \/ wool<\/p>\n<p>Grundgewebe \/ Base: Baumwolle \/ cotton<\/p>\n<p>Farben \/ Colours: pflanzlich \/ plants<\/p>\n<p>Design \/ Design: geometrisch \/ geometrical<\/p>\n<p>Webtechnik \/ Weaving technique: handgewebter Flachgewebe-Teppich \/ handmade flatweave<\/p>\n<p>Herkunft \/ Origin: Iran<\/p>\n<p>&nbsp;<\/p>\n","protected":false},"featured_media":20225,"template":"","meta":{"iawp_total_views":1},"product_brand":[],"product_cat":[371,358],"product_tag":[],"class_list":{"0":"post-25304","1":"product","2":"type-product","3":"status-publish","4":"has-post-thumbnail","6":"product_cat-grose-teppiche-de-2","7":"product_cat-kelims","8":"pa_barva-osnovna-rot-burgunderrot","9":"pa_material-wolle","10":"pa_oblika-rechteckig","11":"pa_tip-preproge-kilim","12":"pa_velikost-cca-300-x-200-de","14":"first","15":"instock","16":"sold-individually","17":"taxable","18":"shipping-taxable","19":"purchasable","20":"product-type-simple"},"yoast_head":"<!-- This site is optimized with the Yoast SEO plugin v27.3 - https:\/\/yoast.com\/product\/yoast-seo-wordpress\/ -->\n<title>Persischer Kilim Azari \/ Persian kilim Azari - Perzijske preproge Farzad<\/title>\n<meta name=\"robots\" content=\"index, follow, max-snippet:-1, max-image-preview:large, max-video-preview:-1\" \/>\n<link rel=\"canonical\" href=\"https:\/\/www.perzijskepreproge.si\/de\/produkt\/persischer-kelim-azari-persischer-kelim-azari-2\/\" \/>\n<meta property=\"og:locale\" content=\"de_DE\" \/>\n<meta property=\"og:type\" content=\"article\" \/>\n<meta property=\"og:title\" content=\"Persischer Kilim Azari \/ Persian kilim Azari - Perzijske preproge Farzad\" \/>\n<meta property=\"og:description\" content=\"Reg.-Nr.: 347 Gr\u00f6\u00dfe \/ Size: 336 x 142 cm Material \/ Pile: Wolle \/ wool Grundgewebe \/ Base: Baumwolle \/ cotton Farben \/ Colours: pflanzlich \/ plants Design \/ Design: geometrisch \/ geometrical Webtechnik \/ Weaving technique: handgewebter Flachgewebe-Teppich \/ handmade flatweave Herkunft \/ Origin: Iran &nbsp;\" \/>\n<meta property=\"og:url\" content=\"https:\/\/www.perzijskepreproge.si\/de\/produkt\/persischer-kelim-azari-persischer-kelim-azari-2\/\" \/>\n<meta property=\"og:site_name\" content=\"Perzijske preproge Farzad\" \/>\n<meta property=\"article:modified_time\" content=\"2026-04-13T11:00:22+00:00\" \/>\n<meta property=\"og:image\" content=\"https:\/\/www.perzijskepreproge.si\/wp-content\/uploads\/2017\/01\/kilim.jpg\" \/>\n\t<meta property=\"og:image:width\" content=\"408\" \/>\n\t<meta property=\"og:image:height\" content=\"922\" \/>\n\t<meta property=\"og:image:type\" content=\"image\/jpeg\" \/>\n<meta name=\"twitter:card\" content=\"summary_large_image\" \/>\n<meta name=\"twitter:label1\" content=\"Gesch\u00e4tzte Lesezeit\" \/>\n\t<meta name=\"twitter:data1\" content=\"1\u00a0Minute\" \/>\n<script type=\"application\/ld+json\" class=\"yoast-schema-graph\">{\"@context\":\"https:\\\/\\\/schema.org\",\"@graph\":[{\"@type\":\"WebPage\",\"@id\":\"https:\\\/\\\/www.perzijskepreproge.si\\\/de\\\/produkt\\\/persischer-kelim-azari-persischer-kelim-azari-2\\\/\",\"url\":\"https:\\\/\\\/www.perzijskepreproge.si\\\/de\\\/produkt\\\/persischer-kelim-azari-persischer-kelim-azari-2\\\/\",\"name\":\"Persischer Kilim Azari \\\/ Persian kilim Azari - Perzijske preproge Farzad\",\"isPartOf\":{\"@id\":\"https:\\\/\\\/www.perzijskepreproge.si\\\/de\\\/#website\"},\"primaryImageOfPage\":{\"@id\":\"https:\\\/\\\/www.perzijskepreproge.si\\\/de\\\/produkt\\\/persischer-kelim-azari-persischer-kelim-azari-2\\\/#primaryimage\"},\"image\":{\"@id\":\"https:\\\/\\\/www.perzijskepreproge.si\\\/de\\\/produkt\\\/persischer-kelim-azari-persischer-kelim-azari-2\\\/#primaryimage\"},\"thumbnailUrl\":\"https:\\\/\\\/www.perzijskepreproge.si\\\/wp-content\\\/uploads\\\/2017\\\/01\\\/kilim.jpg\",\"datePublished\":\"2017-01-12T09:23:02+00:00\",\"dateModified\":\"2026-04-13T11:00:22+00:00\",\"breadcrumb\":{\"@id\":\"https:\\\/\\\/www.perzijskepreproge.si\\\/de\\\/produkt\\\/persischer-kelim-azari-persischer-kelim-azari-2\\\/#breadcrumb\"},\"inLanguage\":\"de\",\"potentialAction\":[{\"@type\":\"ReadAction\",\"target\":[\"https:\\\/\\\/www.perzijskepreproge.si\\\/de\\\/produkt\\\/persischer-kelim-azari-persischer-kelim-azari-2\\\/\"]}]},{\"@type\":\"ImageObject\",\"inLanguage\":\"de\",\"@id\":\"https:\\\/\\\/www.perzijskepreproge.si\\\/de\\\/produkt\\\/persischer-kelim-azari-persischer-kelim-azari-2\\\/#primaryimage\",\"url\":\"https:\\\/\\\/www.perzijskepreproge.si\\\/wp-content\\\/uploads\\\/2017\\\/01\\\/kilim.jpg\",\"contentUrl\":\"https:\\\/\\\/www.perzijskepreproge.si\\\/wp-content\\\/uploads\\\/2017\\\/01\\\/kilim.jpg\",\"width\":408,\"height\":922,\"caption\":\"Kelim\"},{\"@type\":\"BreadcrumbList\",\"@id\":\"https:\\\/\\\/www.perzijskepreproge.si\\\/de\\\/produkt\\\/persischer-kelim-azari-persischer-kelim-azari-2\\\/#breadcrumb\",\"itemListElement\":[{\"@type\":\"ListItem\",\"position\":1,\"name\":\"Heim\",\"item\":\"https:\\\/\\\/www.perzijskepreproge.si\\\/de\\\/perserteppiche-farzad\\\/\"},{\"@type\":\"ListItem\",\"position\":2,\"name\":\"Shop\",\"item\":\"https:\\\/\\\/www.perzijskepreproge.si\\\/de\\\/shop\\\/\"},{\"@type\":\"ListItem\",\"position\":3,\"name\":\"Persischer Kilim Azari \\\/ Persian kilim Azari\"}]},{\"@type\":\"WebSite\",\"@id\":\"https:\\\/\\\/www.perzijskepreproge.si\\\/de\\\/#website\",\"url\":\"https:\\\/\\\/www.perzijskepreproge.si\\\/de\\\/\",\"name\":\"Perzijske preproge Farzad\",\"description\":\"Perzijske preproge,  preprog in \u010di\u0161\u010denje preprog\",\"potentialAction\":[{\"@type\":\"SearchAction\",\"target\":{\"@type\":\"EntryPoint\",\"urlTemplate\":\"https:\\\/\\\/www.perzijskepreproge.si\\\/de\\\/?s={search_term_string}\"},\"query-input\":{\"@type\":\"PropertyValueSpecification\",\"valueRequired\":true,\"valueName\":\"search_term_string\"}}],\"inLanguage\":\"de\"}]}<\/script>\n<!-- \/ Yoast SEO plugin. -->","yoast_head_json":{"title":"Persischer Kilim Azari \/ Persian kilim Azari - Perzijske preproge Farzad","robots":{"index":"index","follow":"follow","max-snippet":"max-snippet:-1","max-image-preview":"max-image-preview:large","max-video-preview":"max-video-preview:-1"},"canonical":"https:\/\/www.perzijskepreproge.si\/de\/produkt\/persischer-kelim-azari-persischer-kelim-azari-2\/","og_locale":"de_DE","og_type":"article","og_title":"Persischer Kilim Azari \/ Persian kilim Azari - Perzijske preproge Farzad","og_description":"Reg.-Nr.: 347 Gr\u00f6\u00dfe \/ Size: 336 x 142 cm Material \/ Pile: Wolle \/ wool Grundgewebe \/ Base: Baumwolle \/ cotton Farben \/ Colours: pflanzlich \/ plants Design \/ Design: geometrisch \/ geometrical Webtechnik \/ Weaving technique: handgewebter Flachgewebe-Teppich \/ handmade flatweave Herkunft \/ Origin: Iran &nbsp;","og_url":"https:\/\/www.perzijskepreproge.si\/de\/produkt\/persischer-kelim-azari-persischer-kelim-azari-2\/","og_site_name":"Perzijske preproge Farzad","article_modified_time":"2026-04-13T11:00:22+00:00","og_image":[{"width":408,"height":922,"url":"https:\/\/www.perzijskepreproge.si\/wp-content\/uploads\/2017\/01\/kilim.jpg","type":"image\/jpeg"}],"twitter_card":"summary_large_image","twitter_misc":{"Gesch\u00e4tzte Lesezeit":"1\u00a0Minute"},"schema":{"@context":"https:\/\/schema.org","@graph":[{"@type":"WebPage","@id":"https:\/\/www.perzijskepreproge.si\/de\/produkt\/persischer-kelim-azari-persischer-kelim-azari-2\/","url":"https:\/\/www.perzijskepreproge.si\/de\/produkt\/persischer-kelim-azari-persischer-kelim-azari-2\/","name":"Persischer Kilim Azari \/ Persian kilim Azari - Perzijske preproge Farzad","isPartOf":{"@id":"https:\/\/www.perzijskepreproge.si\/de\/#website"},"primaryImageOfPage":{"@id":"https:\/\/www.perzijskepreproge.si\/de\/produkt\/persischer-kelim-azari-persischer-kelim-azari-2\/#primaryimage"},"image":{"@id":"https:\/\/www.perzijskepreproge.si\/de\/produkt\/persischer-kelim-azari-persischer-kelim-azari-2\/#primaryimage"},"thumbnailUrl":"https:\/\/www.perzijskepreproge.si\/wp-content\/uploads\/2017\/01\/kilim.jpg","datePublished":"2017-01-12T09:23:02+00:00","dateModified":"2026-04-13T11:00:22+00:00","breadcrumb":{"@id":"https:\/\/www.perzijskepreproge.si\/de\/produkt\/persischer-kelim-azari-persischer-kelim-azari-2\/#breadcrumb"},"inLanguage":"de","potentialAction":[{"@type":"ReadAction","target":["https:\/\/www.perzijskepreproge.si\/de\/produkt\/persischer-kelim-azari-persischer-kelim-azari-2\/"]}]},{"@type":"ImageObject","inLanguage":"de","@id":"https:\/\/www.perzijskepreproge.si\/de\/produkt\/persischer-kelim-azari-persischer-kelim-azari-2\/#primaryimage","url":"https:\/\/www.perzijskepreproge.si\/wp-content\/uploads\/2017\/01\/kilim.jpg","contentUrl":"https:\/\/www.perzijskepreproge.si\/wp-content\/uploads\/2017\/01\/kilim.jpg","width":408,"height":922,"caption":"Kelim"},{"@type":"BreadcrumbList","@id":"https:\/\/www.perzijskepreproge.si\/de\/produkt\/persischer-kelim-azari-persischer-kelim-azari-2\/#breadcrumb","itemListElement":[{"@type":"ListItem","position":1,"name":"Heim","item":"https:\/\/www.perzijskepreproge.si\/de\/perserteppiche-farzad\/"},{"@type":"ListItem","position":2,"name":"Shop","item":"https:\/\/www.perzijskepreproge.si\/de\/shop\/"},{"@type":"ListItem","position":3,"name":"Persischer Kilim Azari \/ Persian kilim Azari"}]},{"@type":"WebSite","@id":"https:\/\/www.perzijskepreproge.si\/de\/#website","url":"https:\/\/www.perzijskepreproge.si\/de\/","name":"Perzijske preproge Farzad","description":"Perzijske preproge,  preprog in \u010di\u0161\u010denje preprog","potentialAction":[{"@type":"SearchAction","target":{"@type":"EntryPoint","urlTemplate":"https:\/\/www.perzijskepreproge.si\/de\/?s={search_term_string}"},"query-input":{"@type":"PropertyValueSpecification","valueRequired":true,"valueName":"search_term_string"}}],"inLanguage":"de"}]}},"_links":{"self":[{"href":"https:\/\/www.perzijskepreproge.si\/de\/wp-json\/wp\/v2\/product\/25304","targetHints":{"allow":["GET"]}}],"collection":[{"href":"https:\/\/www.perzijskepreproge.si\/de\/wp-json\/wp\/v2\/product"}],"about":[{"href":"https:\/\/www.perzijskepreproge.si\/de\/wp-json\/wp\/v2\/types\/product"}],"version-history":[{"count":1,"href":"https:\/\/www.perzijskepreproge.si\/de\/wp-json\/wp\/v2\/product\/25304\/revisions"}],"predecessor-version":[{"id":29326,"href":"https:\/\/www.perzijskepreproge.si\/de\/wp-json\/wp\/v2\/product\/25304\/revisions\/29326"}],"wp:featuredmedia":[{"embeddable":true,"href":"https:\/\/www.perzijskepreproge.si\/de\/wp-json\/wp\/v2\/media\/20225"}],"wp:attachment":[{"href":"https:\/\/www.perzijskepreproge.si\/de\/wp-json\/wp\/v2\/media?parent=25304"}],"wp:term":[{"taxonomy":"product_brand","embeddable":true,"href":"https:\/\/www.perzijskepreproge.si\/de\/wp-json\/wp\/v2\/product_brand?post=25304"},{"taxonomy":"product_cat","embeddable":true,"href":"https:\/\/www.perzijskepreproge.si\/de\/wp-json\/wp\/v2\/product_cat?post=25304"},{"taxonomy":"product_tag","embeddable":true,"href":"https:\/\/www.perzijskepreproge.si\/de\/wp-json\/wp\/v2\/product_tag?post=25304"}],"curies":[{"name":"wp","href":"https:\/\/api.w.org\/{rel}","templated":true}]}}