{"id":25360,"date":"2022-08-23T14:40:24","date_gmt":"2022-08-23T12:40:24","guid":{"rendered":"https:\/\/www.perzijskepreproge.si\/izdelek\/perserteppich-antik-5\/"},"modified":"2022-08-23T14:40:24","modified_gmt":"2022-08-23T12:40:24","slug":"perserteppich-antik-5","status":"publish","type":"product","link":"https:\/\/www.perzijskepreproge.si\/de\/produkt\/perserteppich-antik-5\/","title":{"rendered":"Perserteppich \u2013 Antik"},"content":{"rendered":"","protected":false},"excerpt":{"rendered":"<p>Reg. Nr.: 1080<\/p>\n<p>Gr\u00f6\u00dfe: 183 x 142 cm<\/p>\n<p>Material \/ Flor: Wolle<\/p>\n<p>Basis: Baumwolle<\/p>\n<p>Farben: Pflanzen<\/p>\n<p>Design: Blumen, Medaillon, stilisierte Figuren<\/p>\n<p>Webtechnik: handgefertigter Florteppich<\/p>\n<p>Knotendichte: 160.000 m\/2<\/p>\n<p>Herkunft: Iran<\/p>\n<p>&nbsp;<\/p>\n","protected":false},"featured_media":23648,"template":"","meta":{"iawp_total_views":1},"product_brand":[],"product_cat":[341],"product_tag":[],"class_list":{"0":"post-25360","1":"product","2":"type-product","3":"status-publish","4":"has-post-thumbnail","6":"product_cat-antike-teppiche","7":"pa_barva-osnovna-blau-turkis","8":"pa_material-wolle","9":"pa_oblika-rechteckig","10":"pa_velikost-cca-200-x-150-de","12":"first","13":"instock","14":"sold-individually","15":"taxable","16":"shipping-taxable","17":"purchasable","18":"product-type-simple"},"yoast_head":"<!-- This site is optimized with the Yoast SEO plugin v27.3 - https:\/\/yoast.com\/product\/yoast-seo-wordpress\/ -->\n<title>Perserteppich - Antik - Perzijske preproge Farzad<\/title>\n<meta name=\"robots\" content=\"index, follow, max-snippet:-1, max-image-preview:large, max-video-preview:-1\" \/>\n<link rel=\"canonical\" href=\"https:\/\/www.perzijskepreproge.si\/de\/produkt\/perserteppich-antik-5\/\" \/>\n<meta property=\"og:locale\" content=\"de_DE\" \/>\n<meta property=\"og:type\" content=\"article\" \/>\n<meta property=\"og:title\" content=\"Perserteppich - Antik - Perzijske preproge Farzad\" \/>\n<meta property=\"og:description\" content=\"Reg. Nr.: 1080 Gr\u00f6\u00dfe: 183 x 142 cm Material \/ Flor: Wolle Basis: Baumwolle Farben: Pflanzen Design: Blumen, Medaillon, stilisierte Figuren Webtechnik: handgefertigter Florteppich Knotendichte: 160.000 m\/2 Herkunft: Iran &nbsp;\" \/>\n<meta property=\"og:url\" content=\"https:\/\/www.perzijskepreproge.si\/de\/produkt\/perserteppich-antik-5\/\" \/>\n<meta property=\"og:site_name\" content=\"Perzijske preproge Farzad\" \/>\n<meta property=\"og:image\" content=\"https:\/\/www.perzijskepreproge.si\/wp-content\/uploads\/2022\/08\/IMG_20220823_115645jpg.jpg\" \/>\n\t<meta property=\"og:image:width\" content=\"731\" \/>\n\t<meta property=\"og:image:height\" content=\"1000\" \/>\n\t<meta property=\"og:image:type\" content=\"image\/jpeg\" \/>\n<meta name=\"twitter:card\" content=\"summary_large_image\" \/>\n<script type=\"application\/ld+json\" class=\"yoast-schema-graph\">{\"@context\":\"https:\\\/\\\/schema.org\",\"@graph\":[{\"@type\":\"WebPage\",\"@id\":\"https:\\\/\\\/www.perzijskepreproge.si\\\/de\\\/produkt\\\/perserteppich-antik-5\\\/\",\"url\":\"https:\\\/\\\/www.perzijskepreproge.si\\\/de\\\/produkt\\\/perserteppich-antik-5\\\/\",\"name\":\"Perserteppich - Antik - Perzijske preproge Farzad\",\"isPartOf\":{\"@id\":\"https:\\\/\\\/www.perzijskepreproge.si\\\/de\\\/#website\"},\"primaryImageOfPage\":{\"@id\":\"https:\\\/\\\/www.perzijskepreproge.si\\\/de\\\/produkt\\\/perserteppich-antik-5\\\/#primaryimage\"},\"image\":{\"@id\":\"https:\\\/\\\/www.perzijskepreproge.si\\\/de\\\/produkt\\\/perserteppich-antik-5\\\/#primaryimage\"},\"thumbnailUrl\":\"https:\\\/\\\/www.perzijskepreproge.si\\\/wp-content\\\/uploads\\\/2022\\\/08\\\/IMG_20220823_115645jpg.jpg\",\"datePublished\":\"2022-08-23T12:40:24+00:00\",\"breadcrumb\":{\"@id\":\"https:\\\/\\\/www.perzijskepreproge.si\\\/de\\\/produkt\\\/perserteppich-antik-5\\\/#breadcrumb\"},\"inLanguage\":\"de\",\"potentialAction\":[{\"@type\":\"ReadAction\",\"target\":[\"https:\\\/\\\/www.perzijskepreproge.si\\\/de\\\/produkt\\\/perserteppich-antik-5\\\/\"]}]},{\"@type\":\"ImageObject\",\"inLanguage\":\"de\",\"@id\":\"https:\\\/\\\/www.perzijskepreproge.si\\\/de\\\/produkt\\\/perserteppich-antik-5\\\/#primaryimage\",\"url\":\"https:\\\/\\\/www.perzijskepreproge.si\\\/wp-content\\\/uploads\\\/2022\\\/08\\\/IMG_20220823_115645jpg.jpg\",\"contentUrl\":\"https:\\\/\\\/www.perzijskepreproge.si\\\/wp-content\\\/uploads\\\/2022\\\/08\\\/IMG_20220823_115645jpg.jpg\",\"width\":731,\"height\":1000},{\"@type\":\"BreadcrumbList\",\"@id\":\"https:\\\/\\\/www.perzijskepreproge.si\\\/de\\\/produkt\\\/perserteppich-antik-5\\\/#breadcrumb\",\"itemListElement\":[{\"@type\":\"ListItem\",\"position\":1,\"name\":\"Heim\",\"item\":\"https:\\\/\\\/www.perzijskepreproge.si\\\/de\\\/perserteppiche-farzad\\\/\"},{\"@type\":\"ListItem\",\"position\":2,\"name\":\"Shop\",\"item\":\"https:\\\/\\\/www.perzijskepreproge.si\\\/de\\\/shop\\\/\"},{\"@type\":\"ListItem\",\"position\":3,\"name\":\"Perserteppich \u2013 Antik\"}]},{\"@type\":\"WebSite\",\"@id\":\"https:\\\/\\\/www.perzijskepreproge.si\\\/de\\\/#website\",\"url\":\"https:\\\/\\\/www.perzijskepreproge.si\\\/de\\\/\",\"name\":\"Perzijske preproge Farzad\",\"description\":\"Perzijske preproge,  preprog in \u010di\u0161\u010denje preprog\",\"potentialAction\":[{\"@type\":\"SearchAction\",\"target\":{\"@type\":\"EntryPoint\",\"urlTemplate\":\"https:\\\/\\\/www.perzijskepreproge.si\\\/de\\\/?s={search_term_string}\"},\"query-input\":{\"@type\":\"PropertyValueSpecification\",\"valueRequired\":true,\"valueName\":\"search_term_string\"}}],\"inLanguage\":\"de\"}]}<\/script>\n<!-- \/ Yoast SEO plugin. -->","yoast_head_json":{"title":"Perserteppich - Antik - Perzijske preproge Farzad","robots":{"index":"index","follow":"follow","max-snippet":"max-snippet:-1","max-image-preview":"max-image-preview:large","max-video-preview":"max-video-preview:-1"},"canonical":"https:\/\/www.perzijskepreproge.si\/de\/produkt\/perserteppich-antik-5\/","og_locale":"de_DE","og_type":"article","og_title":"Perserteppich - Antik - Perzijske preproge Farzad","og_description":"Reg. Nr.: 1080 Gr\u00f6\u00dfe: 183 x 142 cm Material \/ Flor: Wolle Basis: Baumwolle Farben: Pflanzen Design: Blumen, Medaillon, stilisierte Figuren Webtechnik: handgefertigter Florteppich Knotendichte: 160.000 m\/2 Herkunft: Iran &nbsp;","og_url":"https:\/\/www.perzijskepreproge.si\/de\/produkt\/perserteppich-antik-5\/","og_site_name":"Perzijske preproge Farzad","og_image":[{"width":731,"height":1000,"url":"https:\/\/www.perzijskepreproge.si\/wp-content\/uploads\/2022\/08\/IMG_20220823_115645jpg.jpg","type":"image\/jpeg"}],"twitter_card":"summary_large_image","schema":{"@context":"https:\/\/schema.org","@graph":[{"@type":"WebPage","@id":"https:\/\/www.perzijskepreproge.si\/de\/produkt\/perserteppich-antik-5\/","url":"https:\/\/www.perzijskepreproge.si\/de\/produkt\/perserteppich-antik-5\/","name":"Perserteppich - Antik - Perzijske preproge Farzad","isPartOf":{"@id":"https:\/\/www.perzijskepreproge.si\/de\/#website"},"primaryImageOfPage":{"@id":"https:\/\/www.perzijskepreproge.si\/de\/produkt\/perserteppich-antik-5\/#primaryimage"},"image":{"@id":"https:\/\/www.perzijskepreproge.si\/de\/produkt\/perserteppich-antik-5\/#primaryimage"},"thumbnailUrl":"https:\/\/www.perzijskepreproge.si\/wp-content\/uploads\/2022\/08\/IMG_20220823_115645jpg.jpg","datePublished":"2022-08-23T12:40:24+00:00","breadcrumb":{"@id":"https:\/\/www.perzijskepreproge.si\/de\/produkt\/perserteppich-antik-5\/#breadcrumb"},"inLanguage":"de","potentialAction":[{"@type":"ReadAction","target":["https:\/\/www.perzijskepreproge.si\/de\/produkt\/perserteppich-antik-5\/"]}]},{"@type":"ImageObject","inLanguage":"de","@id":"https:\/\/www.perzijskepreproge.si\/de\/produkt\/perserteppich-antik-5\/#primaryimage","url":"https:\/\/www.perzijskepreproge.si\/wp-content\/uploads\/2022\/08\/IMG_20220823_115645jpg.jpg","contentUrl":"https:\/\/www.perzijskepreproge.si\/wp-content\/uploads\/2022\/08\/IMG_20220823_115645jpg.jpg","width":731,"height":1000},{"@type":"BreadcrumbList","@id":"https:\/\/www.perzijskepreproge.si\/de\/produkt\/perserteppich-antik-5\/#breadcrumb","itemListElement":[{"@type":"ListItem","position":1,"name":"Heim","item":"https:\/\/www.perzijskepreproge.si\/de\/perserteppiche-farzad\/"},{"@type":"ListItem","position":2,"name":"Shop","item":"https:\/\/www.perzijskepreproge.si\/de\/shop\/"},{"@type":"ListItem","position":3,"name":"Perserteppich \u2013 Antik"}]},{"@type":"WebSite","@id":"https:\/\/www.perzijskepreproge.si\/de\/#website","url":"https:\/\/www.perzijskepreproge.si\/de\/","name":"Perzijske preproge Farzad","description":"Perzijske preproge,  preprog in \u010di\u0161\u010denje preprog","potentialAction":[{"@type":"SearchAction","target":{"@type":"EntryPoint","urlTemplate":"https:\/\/www.perzijskepreproge.si\/de\/?s={search_term_string}"},"query-input":{"@type":"PropertyValueSpecification","valueRequired":true,"valueName":"search_term_string"}}],"inLanguage":"de"}]}},"_links":{"self":[{"href":"https:\/\/www.perzijskepreproge.si\/de\/wp-json\/wp\/v2\/product\/25360","targetHints":{"allow":["GET"]}}],"collection":[{"href":"https:\/\/www.perzijskepreproge.si\/de\/wp-json\/wp\/v2\/product"}],"about":[{"href":"https:\/\/www.perzijskepreproge.si\/de\/wp-json\/wp\/v2\/types\/product"}],"version-history":[{"count":0,"href":"https:\/\/www.perzijskepreproge.si\/de\/wp-json\/wp\/v2\/product\/25360\/revisions"}],"wp:featuredmedia":[{"embeddable":true,"href":"https:\/\/www.perzijskepreproge.si\/de\/wp-json\/wp\/v2\/media\/23648"}],"wp:attachment":[{"href":"https:\/\/www.perzijskepreproge.si\/de\/wp-json\/wp\/v2\/media?parent=25360"}],"wp:term":[{"taxonomy":"product_brand","embeddable":true,"href":"https:\/\/www.perzijskepreproge.si\/de\/wp-json\/wp\/v2\/product_brand?post=25360"},{"taxonomy":"product_cat","embeddable":true,"href":"https:\/\/www.perzijskepreproge.si\/de\/wp-json\/wp\/v2\/product_cat?post=25360"},{"taxonomy":"product_tag","embeddable":true,"href":"https:\/\/www.perzijskepreproge.si\/de\/wp-json\/wp\/v2\/product_tag?post=25360"}],"curies":[{"name":"wp","href":"https:\/\/api.w.org\/{rel}","templated":true}]}}