{"id":25370,"date":"2022-08-22T15:34:33","date_gmt":"2022-08-22T13:34:33","guid":{"rendered":"https:\/\/www.perzijskepreproge.si\/izdelek\/persischer-kelim-azari-persischer-kelim-azari-6\/"},"modified":"2026-04-13T13:18:56","modified_gmt":"2026-04-13T11:18:56","slug":"persischer-kelim-azari-persischer-kelim-azari-6","status":"publish","type":"product","link":"https:\/\/www.perzijskepreproge.si\/de\/produkt\/persischer-kelim-azari-persischer-kelim-azari-6\/","title":{"rendered":"Persischer Kilim Azari"},"content":{"rendered":"<p>Nomadenv\u00f6lkern dienen Teppiche seit Jahrtausenden als treue und bew\u00e4hrte Begleiter, die als Bodenbel\u00e4ge, M\u00f6belersatz, Dekoration, Satteldecken, Schlafunterlagen, Reisezelte, zur Meditation oder als Totenhemden verwendet werden. Besondere Teppiche werden f\u00fcr Heilungs- und Hochzeitsrituale gefertigt. Diese Teppiche sind reich an Symbolik; sie erm\u00f6glichen eine Kommunikation \u00fcber Zeit und Raum hinweg, wobei Botschaften durch verschiedene Kompositionsstrukturen, Farben und Figuren ausgedr\u00fcckt werden. Die Azeri, die im Norden Irans und in Aserbaidschan leben, fertigen seit Jahrhunderten und Jahrtausenden Teppiche auf urspr\u00fcngliche, unver\u00e4nderte Weise an. Die Herstellungstechnik und die traditionellen Muster werden von Generation zu Generation weitergegeben, doch das endg\u00fcltige Erscheinungsbild h\u00e4ngt ma\u00dfgeblich von der pers\u00f6nlichen Note des Kn\u00fcpfers ab. M\u00fctter lehren ihre T\u00f6chter das Spinnen und die Verwendung von Wolle, w\u00e4hrend V\u00e4ter ihr Wissen \u00fcber das F\u00e4rben der Wolle und den Bau von Webst\u00fchlen an ihre S\u00f6hne weitergeben. Die dargestellten Motive entstammen der Umgebung, der lokalen Tradition und dem t\u00e4glichen Leben. So finden sich in den Teppichen Elemente von Sternen bis hin zu archaischen mesopotamischen Formen. Charakteristische stilisierte Figuren (gestufte Rauten und Sterne) verleihen diesem Azeri-Kilim eine besondere Verspieltheit. Unter geschickten Fingern entstanden durch pflanzliche Erdfarben und archaische Muster wundervolle Kombinationen.          <\/p>\n","protected":false},"excerpt":{"rendered":"<p>Reg.-Nr.: 1106<\/p>\n<p>Gr\u00f6\u00dfe: 298 x 140 cm<\/p>\n<p>Material (Flor): Wolle<\/p>\n<p>Kette: Wolle<\/p>\n<p>Farben: pflanzlich<\/p>\n<p>Design: geometrisch<\/p>\n<p>Herstellungsart: handgewebt<\/p>\n<p>Herkunft: Iran<\/p>\n<p>&nbsp;<\/p>\n","protected":false},"featured_media":23630,"template":"","meta":{"iawp_total_views":1},"product_brand":[],"product_cat":[371,358,277],"product_tag":[],"class_list":{"0":"post-25370","1":"product","2":"type-product","3":"status-publish","4":"has-post-thumbnail","6":"product_cat-grose-teppiche-de-2","7":"product_cat-kelims","8":"product_cat-sonderangebot","9":"pa_barva-osnovna-braun-erdig","10":"pa_barva-osnovna-orange-kurkuma","11":"pa_barva-osnovna-rosa-lila","12":"pa_barva-osnovna-rot-burgunderrot","13":"pa_material-wolle","14":"pa_oblika-laufer","15":"pa_oblika-rechteckig","16":"pa_tip-preproge-kilim","17":"pa_velikost-cca-laufer","19":"first","20":"instock","21":"sale","22":"featured","23":"sold-individually","24":"taxable","25":"shipping-taxable","26":"purchasable","27":"product-type-simple"},"yoast_head":"<!-- This site is optimized with the Yoast SEO plugin v27.3 - https:\/\/yoast.com\/product\/yoast-seo-wordpress\/ -->\n<title>Persischer Kilim Azari - Perzijske preproge Farzad<\/title>\n<meta name=\"robots\" content=\"index, follow, max-snippet:-1, max-image-preview:large, max-video-preview:-1\" \/>\n<link rel=\"canonical\" href=\"https:\/\/www.perzijskepreproge.si\/de\/produkt\/persischer-kelim-azari-persischer-kelim-azari-6\/\" \/>\n<meta property=\"og:locale\" content=\"de_DE\" \/>\n<meta property=\"og:type\" content=\"article\" \/>\n<meta property=\"og:title\" content=\"Persischer Kilim Azari - Perzijske preproge Farzad\" \/>\n<meta property=\"og:description\" content=\"Reg.-Nr.: 1106 Gr\u00f6\u00dfe: 298 x 140 cm Material (Flor): Wolle Kette: Wolle Farben: pflanzlich Design: geometrisch Herstellungsart: handgewebt Herkunft: Iran &nbsp;\" \/>\n<meta property=\"og:url\" content=\"https:\/\/www.perzijskepreproge.si\/de\/produkt\/persischer-kelim-azari-persischer-kelim-azari-6\/\" \/>\n<meta property=\"og:site_name\" content=\"Perzijske preproge Farzad\" \/>\n<meta property=\"article:modified_time\" content=\"2026-04-13T11:18:56+00:00\" \/>\n<meta property=\"og:image\" content=\"https:\/\/www.perzijskepreproge.si\/wp-content\/uploads\/2022\/08\/IMG_20220706_095614_resized_20220706_124327929jpg.webp\" \/>\n\t<meta property=\"og:image:width\" content=\"498\" \/>\n\t<meta property=\"og:image:height\" content=\"1000\" \/>\n\t<meta property=\"og:image:type\" content=\"image\/jpeg\" \/>\n<meta name=\"twitter:card\" content=\"summary_large_image\" \/>\n<meta name=\"twitter:label1\" content=\"Gesch\u00e4tzte Lesezeit\" \/>\n\t<meta name=\"twitter:data1\" content=\"1\u00a0Minute\" \/>\n<script type=\"application\/ld+json\" class=\"yoast-schema-graph\">{\"@context\":\"https:\\\/\\\/schema.org\",\"@graph\":[{\"@type\":\"WebPage\",\"@id\":\"https:\\\/\\\/www.perzijskepreproge.si\\\/de\\\/produkt\\\/persischer-kelim-azari-persischer-kelim-azari-6\\\/\",\"url\":\"https:\\\/\\\/www.perzijskepreproge.si\\\/de\\\/produkt\\\/persischer-kelim-azari-persischer-kelim-azari-6\\\/\",\"name\":\"Persischer Kilim Azari - Perzijske preproge Farzad\",\"isPartOf\":{\"@id\":\"https:\\\/\\\/www.perzijskepreproge.si\\\/de\\\/#website\"},\"primaryImageOfPage\":{\"@id\":\"https:\\\/\\\/www.perzijskepreproge.si\\\/de\\\/produkt\\\/persischer-kelim-azari-persischer-kelim-azari-6\\\/#primaryimage\"},\"image\":{\"@id\":\"https:\\\/\\\/www.perzijskepreproge.si\\\/de\\\/produkt\\\/persischer-kelim-azari-persischer-kelim-azari-6\\\/#primaryimage\"},\"thumbnailUrl\":\"https:\\\/\\\/www.perzijskepreproge.si\\\/wp-content\\\/uploads\\\/2022\\\/08\\\/IMG_20220706_095614_resized_20220706_124327929jpg.jpg\",\"datePublished\":\"2022-08-22T13:34:33+00:00\",\"dateModified\":\"2026-04-13T11:18:56+00:00\",\"breadcrumb\":{\"@id\":\"https:\\\/\\\/www.perzijskepreproge.si\\\/de\\\/produkt\\\/persischer-kelim-azari-persischer-kelim-azari-6\\\/#breadcrumb\"},\"inLanguage\":\"de\",\"potentialAction\":[{\"@type\":\"ReadAction\",\"target\":[\"https:\\\/\\\/www.perzijskepreproge.si\\\/de\\\/produkt\\\/persischer-kelim-azari-persischer-kelim-azari-6\\\/\"]}]},{\"@type\":\"ImageObject\",\"inLanguage\":\"de\",\"@id\":\"https:\\\/\\\/www.perzijskepreproge.si\\\/de\\\/produkt\\\/persischer-kelim-azari-persischer-kelim-azari-6\\\/#primaryimage\",\"url\":\"https:\\\/\\\/www.perzijskepreproge.si\\\/wp-content\\\/uploads\\\/2022\\\/08\\\/IMG_20220706_095614_resized_20220706_124327929jpg.jpg\",\"contentUrl\":\"https:\\\/\\\/www.perzijskepreproge.si\\\/wp-content\\\/uploads\\\/2022\\\/08\\\/IMG_20220706_095614_resized_20220706_124327929jpg.jpg\",\"width\":498,\"height\":1000},{\"@type\":\"BreadcrumbList\",\"@id\":\"https:\\\/\\\/www.perzijskepreproge.si\\\/de\\\/produkt\\\/persischer-kelim-azari-persischer-kelim-azari-6\\\/#breadcrumb\",\"itemListElement\":[{\"@type\":\"ListItem\",\"position\":1,\"name\":\"Heim\",\"item\":\"https:\\\/\\\/www.perzijskepreproge.si\\\/de\\\/perserteppiche-farzad\\\/\"},{\"@type\":\"ListItem\",\"position\":2,\"name\":\"Shop\",\"item\":\"https:\\\/\\\/www.perzijskepreproge.si\\\/de\\\/shop\\\/\"},{\"@type\":\"ListItem\",\"position\":3,\"name\":\"Persischer Kilim Azari\"}]},{\"@type\":\"WebSite\",\"@id\":\"https:\\\/\\\/www.perzijskepreproge.si\\\/de\\\/#website\",\"url\":\"https:\\\/\\\/www.perzijskepreproge.si\\\/de\\\/\",\"name\":\"Perzijske preproge Farzad\",\"description\":\"Perzijske preproge,  preprog in \u010di\u0161\u010denje preprog\",\"potentialAction\":[{\"@type\":\"SearchAction\",\"target\":{\"@type\":\"EntryPoint\",\"urlTemplate\":\"https:\\\/\\\/www.perzijskepreproge.si\\\/de\\\/?s={search_term_string}\"},\"query-input\":{\"@type\":\"PropertyValueSpecification\",\"valueRequired\":true,\"valueName\":\"search_term_string\"}}],\"inLanguage\":\"de\"}]}<\/script>\n<!-- \/ Yoast SEO plugin. -->","yoast_head_json":{"title":"Persischer Kilim Azari - Perzijske preproge Farzad","robots":{"index":"index","follow":"follow","max-snippet":"max-snippet:-1","max-image-preview":"max-image-preview:large","max-video-preview":"max-video-preview:-1"},"canonical":"https:\/\/www.perzijskepreproge.si\/de\/produkt\/persischer-kelim-azari-persischer-kelim-azari-6\/","og_locale":"de_DE","og_type":"article","og_title":"Persischer Kilim Azari - Perzijske preproge Farzad","og_description":"Reg.-Nr.: 1106 Gr\u00f6\u00dfe: 298 x 140 cm Material (Flor): Wolle Kette: Wolle Farben: pflanzlich Design: geometrisch Herstellungsart: handgewebt Herkunft: Iran &nbsp;","og_url":"https:\/\/www.perzijskepreproge.si\/de\/produkt\/persischer-kelim-azari-persischer-kelim-azari-6\/","og_site_name":"Perzijske preproge Farzad","article_modified_time":"2026-04-13T11:18:56+00:00","og_image":[{"width":498,"height":1000,"url":"https:\/\/www.perzijskepreproge.si\/wp-content\/uploads\/2022\/08\/IMG_20220706_095614_resized_20220706_124327929jpg.webp","type":"image\/jpeg"}],"twitter_card":"summary_large_image","twitter_misc":{"Gesch\u00e4tzte Lesezeit":"1\u00a0Minute"},"schema":{"@context":"https:\/\/schema.org","@graph":[{"@type":"WebPage","@id":"https:\/\/www.perzijskepreproge.si\/de\/produkt\/persischer-kelim-azari-persischer-kelim-azari-6\/","url":"https:\/\/www.perzijskepreproge.si\/de\/produkt\/persischer-kelim-azari-persischer-kelim-azari-6\/","name":"Persischer Kilim Azari - Perzijske preproge Farzad","isPartOf":{"@id":"https:\/\/www.perzijskepreproge.si\/de\/#website"},"primaryImageOfPage":{"@id":"https:\/\/www.perzijskepreproge.si\/de\/produkt\/persischer-kelim-azari-persischer-kelim-azari-6\/#primaryimage"},"image":{"@id":"https:\/\/www.perzijskepreproge.si\/de\/produkt\/persischer-kelim-azari-persischer-kelim-azari-6\/#primaryimage"},"thumbnailUrl":"https:\/\/www.perzijskepreproge.si\/wp-content\/uploads\/2022\/08\/IMG_20220706_095614_resized_20220706_124327929jpg.jpg","datePublished":"2022-08-22T13:34:33+00:00","dateModified":"2026-04-13T11:18:56+00:00","breadcrumb":{"@id":"https:\/\/www.perzijskepreproge.si\/de\/produkt\/persischer-kelim-azari-persischer-kelim-azari-6\/#breadcrumb"},"inLanguage":"de","potentialAction":[{"@type":"ReadAction","target":["https:\/\/www.perzijskepreproge.si\/de\/produkt\/persischer-kelim-azari-persischer-kelim-azari-6\/"]}]},{"@type":"ImageObject","inLanguage":"de","@id":"https:\/\/www.perzijskepreproge.si\/de\/produkt\/persischer-kelim-azari-persischer-kelim-azari-6\/#primaryimage","url":"https:\/\/www.perzijskepreproge.si\/wp-content\/uploads\/2022\/08\/IMG_20220706_095614_resized_20220706_124327929jpg.jpg","contentUrl":"https:\/\/www.perzijskepreproge.si\/wp-content\/uploads\/2022\/08\/IMG_20220706_095614_resized_20220706_124327929jpg.jpg","width":498,"height":1000},{"@type":"BreadcrumbList","@id":"https:\/\/www.perzijskepreproge.si\/de\/produkt\/persischer-kelim-azari-persischer-kelim-azari-6\/#breadcrumb","itemListElement":[{"@type":"ListItem","position":1,"name":"Heim","item":"https:\/\/www.perzijskepreproge.si\/de\/perserteppiche-farzad\/"},{"@type":"ListItem","position":2,"name":"Shop","item":"https:\/\/www.perzijskepreproge.si\/de\/shop\/"},{"@type":"ListItem","position":3,"name":"Persischer Kilim Azari"}]},{"@type":"WebSite","@id":"https:\/\/www.perzijskepreproge.si\/de\/#website","url":"https:\/\/www.perzijskepreproge.si\/de\/","name":"Perzijske preproge Farzad","description":"Perzijske preproge,  preprog in \u010di\u0161\u010denje preprog","potentialAction":[{"@type":"SearchAction","target":{"@type":"EntryPoint","urlTemplate":"https:\/\/www.perzijskepreproge.si\/de\/?s={search_term_string}"},"query-input":{"@type":"PropertyValueSpecification","valueRequired":true,"valueName":"search_term_string"}}],"inLanguage":"de"}]}},"_links":{"self":[{"href":"https:\/\/www.perzijskepreproge.si\/de\/wp-json\/wp\/v2\/product\/25370","targetHints":{"allow":["GET"]}}],"collection":[{"href":"https:\/\/www.perzijskepreproge.si\/de\/wp-json\/wp\/v2\/product"}],"about":[{"href":"https:\/\/www.perzijskepreproge.si\/de\/wp-json\/wp\/v2\/types\/product"}],"version-history":[{"count":1,"href":"https:\/\/www.perzijskepreproge.si\/de\/wp-json\/wp\/v2\/product\/25370\/revisions"}],"predecessor-version":[{"id":29481,"href":"https:\/\/www.perzijskepreproge.si\/de\/wp-json\/wp\/v2\/product\/25370\/revisions\/29481"}],"wp:featuredmedia":[{"embeddable":true,"href":"https:\/\/www.perzijskepreproge.si\/de\/wp-json\/wp\/v2\/media\/23630"}],"wp:attachment":[{"href":"https:\/\/www.perzijskepreproge.si\/de\/wp-json\/wp\/v2\/media?parent=25370"}],"wp:term":[{"taxonomy":"product_brand","embeddable":true,"href":"https:\/\/www.perzijskepreproge.si\/de\/wp-json\/wp\/v2\/product_brand?post=25370"},{"taxonomy":"product_cat","embeddable":true,"href":"https:\/\/www.perzijskepreproge.si\/de\/wp-json\/wp\/v2\/product_cat?post=25370"},{"taxonomy":"product_tag","embeddable":true,"href":"https:\/\/www.perzijskepreproge.si\/de\/wp-json\/wp\/v2\/product_tag?post=25370"}],"curies":[{"name":"wp","href":"https:\/\/api.w.org\/{rel}","templated":true}]}}