{"id":25393,"date":"2021-11-08T14:55:13","date_gmt":"2021-11-08T13:55:13","guid":{"rendered":"https:\/\/www.perzijskepreproge.si\/izdelek\/persischer-seidenteppich-ghom-persischer-seidenteppich-ghom\/"},"modified":"2026-04-13T13:17:34","modified_gmt":"2026-04-13T11:17:34","slug":"persischer-seidenteppich-ghom-persischer-seidenteppich-ghom","status":"publish","type":"product","link":"https:\/\/www.perzijskepreproge.si\/de\/produkt\/persischer-seidenteppich-ghom-persischer-seidenteppich-ghom\/","title":{"rendered":"Persischer Seidenteppich Ghom \/ Persian silk carpet Ghom"},"content":{"rendered":"<article class=\"text-token-text-primary w-full focus:outline-none scroll-mt-[calc(var(--header-height)+min(200px,max(70px,20svh)))]\" dir=\"auto\" tabindex=\"-1\" data-testid=\"conversation-turn-18\" data-scroll-anchor=\"true\" data-turn=\"assistant\">\n<div class=\"text-base my-auto mx-auto pb-10 [--thread-content-margin:--spacing(4)] @[37rem]:[--thread-content-margin:--spacing(6)] @[72rem]:[--thread-content-margin:--spacing(16)] px-(--thread-content-margin)\">\n<div class=\"[--thread-content-max-width:32rem] @[34rem]:[--thread-content-max-width:40rem] @[64rem]:[--thread-content-max-width:48rem] mx-auto max-w-(--thread-content-max-width) flex-1 group\/turn-messages focus-visible:outline-hidden relative flex w-full min-w-0 flex-col agent-turn\" tabindex=\"-1\">\n<div class=\"flex max-w-full flex-col grow\">\n<div class=\"min-h-8 text-message relative flex w-full flex-col items-end gap-2 text-start break-words whitespace-normal [.text-message+&amp;]:mt-5\" dir=\"auto\" data-message-author-role=\"assistant\" data-message-id=\"fafeac3c-5049-4f7f-bcb7-abd062e6f1b7\" data-message-model-slug=\"gpt-4o\">\n<div class=\"flex w-full flex-col gap-1 empty:hidden first:pt-[3px]\">\n<div class=\"markdown prose dark:prose-invert w-full break-words light\">\n<p data-start=\"0\" data-end=\"376\">Dieser Teppich ist ein exquisites Beispiel f\u00fcr einen <strong data-start=\"31\" data-end=\"76\">seidenen Perserteppich aus Ghom (Qom)<\/strong>, der sich durch seine verbl\u00fcffende Pr\u00e4zision, seinen Glanz und seine reiche dekorative Wirkung auszeichnet. Er ist aus <strong data-start=\"176\" data-end=\"191\">reiner Seide<\/strong> gefertigt, was sich sofort im Lichtspiel auf seiner Oberfl\u00e4che widerspiegelt: Die F\u00e4den schimmern und ver\u00e4ndern ihren Farbton je nach Blickwinkel und Beleuchtung \u2013 einer der wesentlichen Reize von Ghom-Teppichen. <\/p>\n<p data-start=\"378\" data-end=\"818\">Die Komposition ist klassisch und doch \u00e4u\u00dferst raffiniert: Ein <strong data-start=\"425\" data-end=\"446\">zentrales Medaillon<\/strong> mit harmonischem, symmetrischem Muster erstreckt sich \u00fcber das gesamte Feld, das dicht mit floralen und sternf\u00f6rmigen Motiven besetzt ist. Der rote Grund ist tief und warm, was die goldenen, blauen und wei\u00dfen Details wundersch\u00f6n hervorhebt. Die Bord\u00fcre mit einer intensiven <strong data-start=\"671\" data-end=\"696\">kobaltblauen Einfassung<\/strong> voller Arabesken und stilisierter Blumen schafft einen optisch reichen Kontrast zum Innenfeld und verleiht dem Ganzen gleichzeitig Ausgewogenheit.  <\/p>\n<p data-start=\"820\" data-end=\"1146\">Ein solcher Teppich ist ein wahres visuelles Meisterwerk, das im Raum als <strong data-start=\"892\" data-end=\"912\">k\u00fcnstlerischer Mittelpunkt<\/strong> erstrahlt. Durch seine Pr\u00e4zision und Lichtwirkung wirkt er fast wie ein Mosaik- oder Glasmalereigewebe. In klassischen Interieurs erg\u00e4nzt er luxuri\u00f6ses Mobiliar, w\u00e4hrend er in modernen R\u00e4umen einen edlen Kontrapunkt setzt \u2013 W\u00e4rme, Textur und kulturelle Tiefe.  <\/p>\n<p data-start=\"1148\" data-end=\"1377\" data-is-last-node=\"\" data-is-only-node=\"\">Teppiche aus Ghom wie dieser sind nicht nur f\u00fcr den Gebrauch, sondern zur <strong data-start=\"1219\" data-end=\"1234\">Bewunderung<\/strong> gefertigt. Aufgrund ihrer au\u00dfergew\u00f6hnlichen Verarbeitung, Seltenheit und ihres Prestiges geh\u00f6ren sie zu den <strong data-start=\"1293\" data-end=\"1330\">gesch\u00e4tztesten Sammlerst\u00fccken<\/strong>, die oft mit Kunstwerken in Galerien vergleichbar sind. <\/p>\n<\/div>\n<\/div>\n<\/div>\n<\/div>\n<div class=\"flex min-h-[46px] justify-start\">\n<div class=\"touch:-me-2 touch:-ms-3.5 -ms-2.5 -me-1 flex flex-wrap items-center gap-y-4 p-1 select-none touch:w-[calc(100%+--spacing(3.5))] -mt-1 w-[calc(100%+--spacing(2.5))] duration-[1.5s] focus-within:transition-none hover:transition-none pointer-events-none [mask-image:linear-gradient(to_right,black_33%,transparent_66%)] [mask-size:300%_100%] [mask-position:100%_0%] motion-safe:transition-[mask-position] group-hover\/turn-messages:pointer-events-auto group-hover\/turn-messages:[mask-position:0_0] group-focus-within\/turn-messages:pointer-events-auto group-focus-within\/turn-messages:[mask-position:0_0] has-data-[state=open]:pointer-events-auto has-data-[state=open]:[mask-position:0_0]\"> <\/div>\n<\/div>\n<div class=\"aria-live=polite absolute\">\n<div class=\"flex items-center justify-center\"> <\/div>\n<\/div>\n<\/div>\n<\/div>\n<\/article>\n<div class=\"pointer-events-none h-px w-px\" aria-hidden=\"true\" data-edge=\"true\"> <\/div>\n","protected":false},"excerpt":{"rendered":"<p>Reg.-Nr.: 1092<\/p>\n<p>Gr\u00f6\u00dfe \/ Size: 121 x 79 cm<\/p>\n<p>Material \/ Flor: Seide \/ silk<\/p>\n<p>Grundgewebe \/ Base: Seide \/ silk<\/p>\n<p>Farben \/ Colours: pflanzlich \/ plants<\/p>\n<p>Design \/ Design: floral \/ Florales Medaillon-Design<\/p>\n<p>Herstellungstechnik \/ Weaving technique: handgekn\u00fcpfter Teppich \/ handmade pile carpet<\/p>\n<p>Knotendichte: 1.000.000 m\u00b2<\/p>\n<p>Herkunft \/ Origin: Iran<\/p>\n<p>&nbsp;<\/p>\n","protected":false},"featured_media":23531,"template":"","meta":{"iawp_total_views":4},"product_brand":[],"product_cat":[412],"product_tag":[],"class_list":{"0":"post-25393","1":"product","2":"type-product","3":"status-publish","4":"has-post-thumbnail","6":"product_cat-seidenteppiche","7":"pa_barva-osnovna-gold-gelb","8":"pa_barva-osnovna-rot-burgunderrot","9":"pa_material-seide","10":"pa_oblika-rechteckig","11":"pa_tip-preproge-exklusiv","12":"pa_velikost-cca-120-x-80-de","14":"first","15":"instock","16":"sold-individually","17":"taxable","18":"shipping-taxable","19":"purchasable","20":"product-type-simple"},"yoast_head":"<!-- This site is optimized with the Yoast SEO plugin v27.3 - https:\/\/yoast.com\/product\/yoast-seo-wordpress\/ -->\n<title>Persischer Seidenteppich Ghom \/ Persian silk carpet Ghom - Perzijske preproge Farzad<\/title>\n<meta name=\"description\" content=\"Exklusiver persischer Seidenteppich aus der Stadt Ghom, wo die raffiniertesten und wertvollsten Seidenteppiche der Welt hergestellt werden. 100 % Naturseide.\" \/>\n<meta name=\"robots\" content=\"index, follow, max-snippet:-1, max-image-preview:large, max-video-preview:-1\" \/>\n<link rel=\"canonical\" href=\"https:\/\/www.perzijskepreproge.si\/de\/produkt\/persischer-seidenteppich-ghom-persischer-seidenteppich-ghom\/\" \/>\n<meta property=\"og:locale\" content=\"de_DE\" \/>\n<meta property=\"og:type\" content=\"article\" \/>\n<meta property=\"og:title\" content=\"Persischer Seidenteppich Ghom \/ Persian silk carpet Ghom - Perzijske preproge Farzad\" \/>\n<meta property=\"og:description\" content=\"Exklusiver persischer Seidenteppich aus der Stadt Ghom, wo die raffiniertesten und wertvollsten Seidenteppiche der Welt hergestellt werden. 100 % Naturseide.\" \/>\n<meta property=\"og:url\" content=\"https:\/\/www.perzijskepreproge.si\/de\/produkt\/persischer-seidenteppich-ghom-persischer-seidenteppich-ghom\/\" \/>\n<meta property=\"og:site_name\" content=\"Perzijske preproge Farzad\" \/>\n<meta property=\"article:modified_time\" content=\"2026-04-13T11:17:34+00:00\" \/>\n<meta property=\"og:image\" content=\"https:\/\/www.perzijskepreproge.si\/wp-content\/uploads\/2021\/11\/IMG_20211108_125052_resized_20211108_125958348jpg.jpg\" \/>\n\t<meta property=\"og:image:width\" content=\"700\" \/>\n\t<meta property=\"og:image:height\" content=\"1114\" \/>\n\t<meta property=\"og:image:type\" content=\"image\/jpeg\" \/>\n<meta name=\"twitter:card\" content=\"summary_large_image\" \/>\n<meta name=\"twitter:label1\" content=\"Gesch\u00e4tzte Lesezeit\" \/>\n\t<meta name=\"twitter:data1\" content=\"1\u00a0Minute\" \/>\n<script type=\"application\/ld+json\" class=\"yoast-schema-graph\">{\"@context\":\"https:\\\/\\\/schema.org\",\"@graph\":[{\"@type\":\"WebPage\",\"@id\":\"https:\\\/\\\/www.perzijskepreproge.si\\\/de\\\/produkt\\\/persischer-seidenteppich-ghom-persischer-seidenteppich-ghom\\\/\",\"url\":\"https:\\\/\\\/www.perzijskepreproge.si\\\/de\\\/produkt\\\/persischer-seidenteppich-ghom-persischer-seidenteppich-ghom\\\/\",\"name\":\"Persischer Seidenteppich Ghom \\\/ Persian silk carpet Ghom - Perzijske preproge Farzad\",\"isPartOf\":{\"@id\":\"https:\\\/\\\/www.perzijskepreproge.si\\\/de\\\/#website\"},\"primaryImageOfPage\":{\"@id\":\"https:\\\/\\\/www.perzijskepreproge.si\\\/de\\\/produkt\\\/persischer-seidenteppich-ghom-persischer-seidenteppich-ghom\\\/#primaryimage\"},\"image\":{\"@id\":\"https:\\\/\\\/www.perzijskepreproge.si\\\/de\\\/produkt\\\/persischer-seidenteppich-ghom-persischer-seidenteppich-ghom\\\/#primaryimage\"},\"thumbnailUrl\":\"https:\\\/\\\/www.perzijskepreproge.si\\\/wp-content\\\/uploads\\\/2021\\\/11\\\/IMG_20211108_125052_resized_20211108_125958348jpg.jpg\",\"datePublished\":\"2021-11-08T13:55:13+00:00\",\"dateModified\":\"2026-04-13T11:17:34+00:00\",\"description\":\"Exklusiver persischer Seidenteppich aus der Stadt Ghom, wo die raffiniertesten und wertvollsten Seidenteppiche der Welt hergestellt werden. 100 % Naturseide.\",\"breadcrumb\":{\"@id\":\"https:\\\/\\\/www.perzijskepreproge.si\\\/de\\\/produkt\\\/persischer-seidenteppich-ghom-persischer-seidenteppich-ghom\\\/#breadcrumb\"},\"inLanguage\":\"de\",\"potentialAction\":[{\"@type\":\"ReadAction\",\"target\":[\"https:\\\/\\\/www.perzijskepreproge.si\\\/de\\\/produkt\\\/persischer-seidenteppich-ghom-persischer-seidenteppich-ghom\\\/\"]}]},{\"@type\":\"ImageObject\",\"inLanguage\":\"de\",\"@id\":\"https:\\\/\\\/www.perzijskepreproge.si\\\/de\\\/produkt\\\/persischer-seidenteppich-ghom-persischer-seidenteppich-ghom\\\/#primaryimage\",\"url\":\"https:\\\/\\\/www.perzijskepreproge.si\\\/wp-content\\\/uploads\\\/2021\\\/11\\\/IMG_20211108_125052_resized_20211108_125958348jpg.jpg\",\"contentUrl\":\"https:\\\/\\\/www.perzijskepreproge.si\\\/wp-content\\\/uploads\\\/2021\\\/11\\\/IMG_20211108_125052_resized_20211108_125958348jpg.jpg\",\"width\":700,\"height\":1114},{\"@type\":\"BreadcrumbList\",\"@id\":\"https:\\\/\\\/www.perzijskepreproge.si\\\/de\\\/produkt\\\/persischer-seidenteppich-ghom-persischer-seidenteppich-ghom\\\/#breadcrumb\",\"itemListElement\":[{\"@type\":\"ListItem\",\"position\":1,\"name\":\"Heim\",\"item\":\"https:\\\/\\\/www.perzijskepreproge.si\\\/de\\\/perserteppiche-farzad\\\/\"},{\"@type\":\"ListItem\",\"position\":2,\"name\":\"Shop\",\"item\":\"https:\\\/\\\/www.perzijskepreproge.si\\\/de\\\/shop\\\/\"},{\"@type\":\"ListItem\",\"position\":3,\"name\":\"Persischer Seidenteppich Ghom \\\/ Persian silk carpet Ghom\"}]},{\"@type\":\"WebSite\",\"@id\":\"https:\\\/\\\/www.perzijskepreproge.si\\\/de\\\/#website\",\"url\":\"https:\\\/\\\/www.perzijskepreproge.si\\\/de\\\/\",\"name\":\"Perzijske preproge Farzad\",\"description\":\"Perzijske preproge,  preprog in \u010di\u0161\u010denje preprog\",\"potentialAction\":[{\"@type\":\"SearchAction\",\"target\":{\"@type\":\"EntryPoint\",\"urlTemplate\":\"https:\\\/\\\/www.perzijskepreproge.si\\\/de\\\/?s={search_term_string}\"},\"query-input\":{\"@type\":\"PropertyValueSpecification\",\"valueRequired\":true,\"valueName\":\"search_term_string\"}}],\"inLanguage\":\"de\"}]}<\/script>\n<!-- \/ Yoast SEO plugin. -->","yoast_head_json":{"title":"Persischer Seidenteppich Ghom \/ Persian silk carpet Ghom - Perzijske preproge Farzad","description":"Exklusiver persischer Seidenteppich aus der Stadt Ghom, wo die raffiniertesten und wertvollsten Seidenteppiche der Welt hergestellt werden. 100 % Naturseide.","robots":{"index":"index","follow":"follow","max-snippet":"max-snippet:-1","max-image-preview":"max-image-preview:large","max-video-preview":"max-video-preview:-1"},"canonical":"https:\/\/www.perzijskepreproge.si\/de\/produkt\/persischer-seidenteppich-ghom-persischer-seidenteppich-ghom\/","og_locale":"de_DE","og_type":"article","og_title":"Persischer Seidenteppich Ghom \/ Persian silk carpet Ghom - Perzijske preproge Farzad","og_description":"Exklusiver persischer Seidenteppich aus der Stadt Ghom, wo die raffiniertesten und wertvollsten Seidenteppiche der Welt hergestellt werden. 100 % Naturseide.","og_url":"https:\/\/www.perzijskepreproge.si\/de\/produkt\/persischer-seidenteppich-ghom-persischer-seidenteppich-ghom\/","og_site_name":"Perzijske preproge Farzad","article_modified_time":"2026-04-13T11:17:34+00:00","og_image":[{"width":700,"height":1114,"url":"https:\/\/www.perzijskepreproge.si\/wp-content\/uploads\/2021\/11\/IMG_20211108_125052_resized_20211108_125958348jpg.jpg","type":"image\/jpeg"}],"twitter_card":"summary_large_image","twitter_misc":{"Gesch\u00e4tzte Lesezeit":"1\u00a0Minute"},"schema":{"@context":"https:\/\/schema.org","@graph":[{"@type":"WebPage","@id":"https:\/\/www.perzijskepreproge.si\/de\/produkt\/persischer-seidenteppich-ghom-persischer-seidenteppich-ghom\/","url":"https:\/\/www.perzijskepreproge.si\/de\/produkt\/persischer-seidenteppich-ghom-persischer-seidenteppich-ghom\/","name":"Persischer Seidenteppich Ghom \/ Persian silk carpet Ghom - Perzijske preproge Farzad","isPartOf":{"@id":"https:\/\/www.perzijskepreproge.si\/de\/#website"},"primaryImageOfPage":{"@id":"https:\/\/www.perzijskepreproge.si\/de\/produkt\/persischer-seidenteppich-ghom-persischer-seidenteppich-ghom\/#primaryimage"},"image":{"@id":"https:\/\/www.perzijskepreproge.si\/de\/produkt\/persischer-seidenteppich-ghom-persischer-seidenteppich-ghom\/#primaryimage"},"thumbnailUrl":"https:\/\/www.perzijskepreproge.si\/wp-content\/uploads\/2021\/11\/IMG_20211108_125052_resized_20211108_125958348jpg.jpg","datePublished":"2021-11-08T13:55:13+00:00","dateModified":"2026-04-13T11:17:34+00:00","description":"Exklusiver persischer Seidenteppich aus der Stadt Ghom, wo die raffiniertesten und wertvollsten Seidenteppiche der Welt hergestellt werden. 100 % Naturseide.","breadcrumb":{"@id":"https:\/\/www.perzijskepreproge.si\/de\/produkt\/persischer-seidenteppich-ghom-persischer-seidenteppich-ghom\/#breadcrumb"},"inLanguage":"de","potentialAction":[{"@type":"ReadAction","target":["https:\/\/www.perzijskepreproge.si\/de\/produkt\/persischer-seidenteppich-ghom-persischer-seidenteppich-ghom\/"]}]},{"@type":"ImageObject","inLanguage":"de","@id":"https:\/\/www.perzijskepreproge.si\/de\/produkt\/persischer-seidenteppich-ghom-persischer-seidenteppich-ghom\/#primaryimage","url":"https:\/\/www.perzijskepreproge.si\/wp-content\/uploads\/2021\/11\/IMG_20211108_125052_resized_20211108_125958348jpg.jpg","contentUrl":"https:\/\/www.perzijskepreproge.si\/wp-content\/uploads\/2021\/11\/IMG_20211108_125052_resized_20211108_125958348jpg.jpg","width":700,"height":1114},{"@type":"BreadcrumbList","@id":"https:\/\/www.perzijskepreproge.si\/de\/produkt\/persischer-seidenteppich-ghom-persischer-seidenteppich-ghom\/#breadcrumb","itemListElement":[{"@type":"ListItem","position":1,"name":"Heim","item":"https:\/\/www.perzijskepreproge.si\/de\/perserteppiche-farzad\/"},{"@type":"ListItem","position":2,"name":"Shop","item":"https:\/\/www.perzijskepreproge.si\/de\/shop\/"},{"@type":"ListItem","position":3,"name":"Persischer Seidenteppich Ghom \/ Persian silk carpet Ghom"}]},{"@type":"WebSite","@id":"https:\/\/www.perzijskepreproge.si\/de\/#website","url":"https:\/\/www.perzijskepreproge.si\/de\/","name":"Perzijske preproge Farzad","description":"Perzijske preproge,  preprog in \u010di\u0161\u010denje preprog","potentialAction":[{"@type":"SearchAction","target":{"@type":"EntryPoint","urlTemplate":"https:\/\/www.perzijskepreproge.si\/de\/?s={search_term_string}"},"query-input":{"@type":"PropertyValueSpecification","valueRequired":true,"valueName":"search_term_string"}}],"inLanguage":"de"}]}},"_links":{"self":[{"href":"https:\/\/www.perzijskepreproge.si\/de\/wp-json\/wp\/v2\/product\/25393","targetHints":{"allow":["GET"]}}],"collection":[{"href":"https:\/\/www.perzijskepreproge.si\/de\/wp-json\/wp\/v2\/product"}],"about":[{"href":"https:\/\/www.perzijskepreproge.si\/de\/wp-json\/wp\/v2\/types\/product"}],"version-history":[{"count":1,"href":"https:\/\/www.perzijskepreproge.si\/de\/wp-json\/wp\/v2\/product\/25393\/revisions"}],"predecessor-version":[{"id":29463,"href":"https:\/\/www.perzijskepreproge.si\/de\/wp-json\/wp\/v2\/product\/25393\/revisions\/29463"}],"wp:featuredmedia":[{"embeddable":true,"href":"https:\/\/www.perzijskepreproge.si\/de\/wp-json\/wp\/v2\/media\/23531"}],"wp:attachment":[{"href":"https:\/\/www.perzijskepreproge.si\/de\/wp-json\/wp\/v2\/media?parent=25393"}],"wp:term":[{"taxonomy":"product_brand","embeddable":true,"href":"https:\/\/www.perzijskepreproge.si\/de\/wp-json\/wp\/v2\/product_brand?post=25393"},{"taxonomy":"product_cat","embeddable":true,"href":"https:\/\/www.perzijskepreproge.si\/de\/wp-json\/wp\/v2\/product_cat?post=25393"},{"taxonomy":"product_tag","embeddable":true,"href":"https:\/\/www.perzijskepreproge.si\/de\/wp-json\/wp\/v2\/product_tag?post=25393"}],"curies":[{"name":"wp","href":"https:\/\/api.w.org\/{rel}","templated":true}]}}