{"id":25401,"date":"2021-11-04T15:39:13","date_gmt":"2021-11-04T14:39:13","guid":{"rendered":"https:\/\/www.perzijskepreproge.si\/izdelek\/persischer-seidenteppich-ghom-persischer-seidenteppich-ghom-4\/"},"modified":"2026-04-13T13:16:29","modified_gmt":"2026-04-13T11:16:29","slug":"persischer-seidenteppich-ghom-persischer-seidenteppich-ghom-4","status":"publish","type":"product","link":"https:\/\/www.perzijskepreproge.si\/de\/produkt\/persischer-seidenteppich-ghom-persischer-seidenteppich-ghom-4\/","title":{"rendered":"Persischer Seidenteppich Ghom \/ Persian silk carpet Ghom"},"content":{"rendered":"<div class=\"flex basis-auto flex-col -mb-(--composer-overlap-px) [--composer-overlap-px:55px] grow overflow-hidden\">\n<div class=\"relative h-full\">\n<div class=\"flex h-full flex-col overflow-y-auto [scrollbar-gutter:stable_both-edges] @[84rem]\/thread:pt-(--header-height)\">\n<div class=\"@thread-xl\/thread:pt-header-height flex flex-col text-sm pb-25\">\n<article class=\"text-token-text-primary w-full focus:outline-none scroll-mt-[calc(var(--header-height)+min(200px,max(70px,20svh)))]\" dir=\"auto\" tabindex=\"-1\" data-testid=\"conversation-turn-16\" data-scroll-anchor=\"true\" data-turn=\"assistant\">\n<div class=\"text-base my-auto mx-auto pb-10 [--thread-content-margin:--spacing(4)] @[37rem]:[--thread-content-margin:--spacing(6)] @[72rem]:[--thread-content-margin:--spacing(16)] px-(--thread-content-margin)\">\n<div class=\"[--thread-content-max-width:32rem] @[34rem]:[--thread-content-max-width:40rem] @[64rem]:[--thread-content-max-width:48rem] mx-auto max-w-(--thread-content-max-width) flex-1 group\/turn-messages focus-visible:outline-hidden relative flex w-full min-w-0 flex-col agent-turn\" tabindex=\"-1\">\n<div class=\"flex max-w-full flex-col grow\">\n<div class=\"min-h-8 text-message relative flex w-full flex-col items-end gap-2 text-start break-words whitespace-normal [.text-message+&amp;]:mt-5\" dir=\"auto\" data-message-author-role=\"assistant\" data-message-id=\"9065f4fc-a56d-48c6-a1e9-db5c7b64df1c\" data-message-model-slug=\"gpt-4o\">\n<div class=\"flex w-full flex-col gap-1 empty:hidden first:pt-[3px]\">\n<div class=\"markdown prose dark:prose-invert w-full break-words light\">\n<p data-start=\"0\" data-end=\"312\">Dieser Teppich ist ein herausragendes Beispiel f\u00fcr <strong data-start=\"222\" data-end=\"273\">technische Perfektion und dekorative Vielfalt<\/strong>, die f\u00fcr Ghom-Seidenteppiche charakteristisch sind.<\/p>\n<p data-start=\"314\" data-end=\"728\">Das Design basiert auf einem <strong data-start=\"333\" data-end=\"371\">geometrischen Gitter aus rechteckigen Feldern<\/strong>, was f\u00fcr Qom-Seidenteppiche nicht so h\u00e4ufig ist und dieses Exemplar daher besonders interessant macht. Jedes Feld ist pr\u00e4zise gezeichnet, mit feinen figurativen oder floralen Motiven, die sich wiederholen, aber jeweils einzigartig gestaltet sind. Eine solche Komposition entstammt der alten persischen Symbolik des <strong data-start=\"646\" data-end=\"671\">geordneten Gartens \u2013 des Paradieses<\/strong>, wie wir sie in klassischen Illustrationen und Tapisserien finden.  <\/p>\n<p data-start=\"730\" data-end=\"1074\">Die Farbpalette basiert auf <strong data-start=\"755\" data-end=\"784\">k\u00fchlen, eleganten T\u00f6nen<\/strong> \u2013 Silbergrau, Bl\u00e4ulich, mit Akzenten in Rot, Braun und Wei\u00df. Das Seidengarn verleiht dem Teppich einen au\u00dfergew\u00f6hnlichen Glanz, wodurch die Farben je nach Lichteinfall und Blickwinkel variieren. Dies erzeugt eine ganz besondere visuelle Dynamik, fast wie bei einem Seidengem\u00e4lde, das mit jeder Bewegung des Blicks zum Leben erwacht.  <\/p>\n<p data-start=\"1076\" data-end=\"1543\" data-is-last-node=\"\" data-is-only-node=\"\">In einem Raum wirkt ein solcher Teppich als <strong data-start=\"1114\" data-end=\"1145\">kulturelles und \u00e4sthetisches Statement<\/strong> \u2013 er ist nicht nur Dekoration, sondern ein Objekt, das Aufmerksamkeit, Bewunderung und Respekt weckt. Aufgrund seiner Geometrie und des ruhigen Farbspiels passt er hervorragend sowohl in klassische als auch in moderne Ambiente, wo er mit seiner Struktur Ordnung, Textur und raffinierte Symbolik einbringen kann. Ein Qom-Teppich mit einem solchen Muster ist seltener und daher auch <strong data-start=\"1474\" data-end=\"1542\">bei Sammlern und Liebhabern einzigartiger Handwerkskunst sehr gesch\u00e4tzt<\/strong>.  <\/p>\n<\/div>\n<\/div>\n<\/div>\n<\/div>\n<div class=\"flex min-h-[46px] justify-start\">\n<div class=\"touch:-me-2 touch:-ms-3.5 -ms-2.5 -me-1 flex flex-wrap items-center gap-y-4 p-1 select-none touch:w-[calc(100%+--spacing(3.5))] -mt-1 w-[calc(100%+--spacing(2.5))] duration-[1.5s] focus-within:transition-none hover:transition-none pointer-events-none [mask-image:linear-gradient(to_right,black_33%,transparent_66%)] [mask-size:300%_100%] [mask-position:100%_0%] motion-safe:transition-[mask-position] group-hover\/turn-messages:pointer-events-auto group-hover\/turn-messages:[mask-position:0_0] group-focus-within\/turn-messages:pointer-events-auto group-focus-within\/turn-messages:[mask-position:0_0] has-data-[state=open]:pointer-events-auto has-data-[state=open]:[mask-position:0_0]\"> <\/div>\n<\/div>\n<div class=\"aria-live=polite absolute\">\n<div class=\"flex items-center justify-center\"><span class=\"flex items-center gap-1.5 select-none\"><span class=\"sr-only whitespace-nowrap! md:not-sr-only\">Fragen Sie ChatGPT<\/span><\/span><\/div>\n<\/div>\n<\/div>\n<\/div>\n<\/article>\n<div class=\"pointer-events-none h-px w-px\" aria-hidden=\"true\" data-edge=\"true\"> <\/div>\n<div> <\/div>\n<div> <\/div>\n<\/div>\n<\/div>\n<\/div>\n<\/div>\n<div id=\"thread-bottom-container\" class=\"content-fade relative isolate z-10 w-full basis-auto has-data-has-thread-error:pt-2 has-data-has-thread-error:[box-shadow:var(--sharp-edge-bottom-shadow)] md:border-transparent md:pt-0 dark:border-white\/20 md:dark:border-transparent flex flex-col\">\n<div id=\"thread-bottom\">\n<div class=\"text-base mx-auto [--thread-content-margin:--spacing(4)] @[37rem]:[--thread-content-margin:--spacing(6)] @[72rem]:[--thread-content-margin:--spacing(16)] px-(--thread-content-margin)\">\n<div class=\"[--thread-content-max-width:32rem] @[34rem]:[--thread-content-max-width:40rem] @[64rem]:[--thread-content-max-width:48rem] mx-auto max-w-(--thread-content-max-width) flex-1\">\n<div class=\"flex justify-center empty:hidden\"> <\/div>\n<div class=\"max-xs:[--force-hide-label:none] relative z-1 flex h-full max-w-full flex-1 flex-col\"><button class=\"invisible absolute self-center\" tabindex=\"-1\" name=\"context-connector-pasted-link-popover-trigger\" type=\"button\" aria-hidden=\"true\" aria-haspopup=\"dialog\" aria-expanded=\"false\" aria-controls=\"radix-\u00abR1695cj5ect954mj5\u00bb\" data-state=\"closed\"><\/button><\/p>\n<div class=\"absolute start-0 end-0 bottom-full z-20\"> <\/div>\n<form class=\"w-full [view-transition-name:var(--vt-composer)]\" data-type=\"unified-composer\">\n<div class=\"hidden\"><input tabindex=\"-1\" accept=\"image\/jpeg,.jpg,.jpeg,image\/gif,.gif,image\/webp,.webp,image\/png,.png\" multiple type=\"file\"><\/div>\n<div class=\"bg-token-bg-primary shadow-short flex w-full cursor-text flex-col items-center justify-center overflow-clip bg-clip-padding contain-inline-size dark:bg-[#303030] rounded-[28px]\">\n<div class=\"relative flex min-h-14 w-full items-end\">\n<div class=\"relative flex w-full flex-auto flex-col\">\n<div class=\"relative mx-5 flex min-h-14 flex-auto bg-transparent items-start\">\n<div class=\"_prosemirror-parent_276o5_2 text-token-text-primary max-h-[25dvh] max-h-52 flex-1 overflow-auto [scrollbar-width:thin] default-browser vertical-scroll-fade-mask\"><textarea class=\"_fallbackTextarea_276o5_2\" name=\"prompt-textarea\" autofocus=\"\" placeholder=\"Fragen Sie alles\" data-virtualkeyboard=\"true\"><\/textarea><script>window.__oai_logHTML?window.__oai_logHTML():window.__oai_SSR_HTML=window.__oai_SSR_HTML||Date.now();requestAnimationFrame((function(){window.__oai_logTTI?window.__oai_logTTI():window.__oai_SSR_TTI=window.__oai_SSR_TTI||Date.now()}))<\/script><\/p>\n<div id=\"prompt-textarea\" class=\"ProseMirror\" contenteditable=\"true\" translate=\"no\" data-virtualkeyboard=\"true\"> <\/div>\n<\/div>\n<\/div>\n<div class=\"justify-content-end relative ms-2 flex w-full flex-auto flex-col\">\n<div class=\"flex-auto\"> <\/div>\n<\/div>\n<div> <\/div>\n<\/div>\n<\/div>\n<\/div>\n<\/form>\n<\/div>\n<\/div>\n<\/div>\n<\/div>\n<\/div>\n","protected":false},"excerpt":{"rendered":"<p>Reg.-Nr.: 1104<\/p>\n<p>Gr\u00f6\u00dfe: 142 x 100 cm<\/p>\n<p>Material \/ Flor: Seide \/ silk<\/p>\n<p>Grundgewebe \/ Base: Seide \/ silk<\/p>\n<p>Farben \/ Colours: pflanzlich \/ plants<\/p>\n<p>Design: Paradiesg\u00e4rten \/ Garden Design<\/p>\n<p>Herstellungstechnik \/ Weaving technique: handgekn\u00fcpfter Teppich \/ handmade pile carpet<\/p>\n<p>Knotendichte: 1.000.000 m\u00b2<\/p>\n<p>Herkunft \/ Origin: Iran<\/p>\n<p>&nbsp;<\/p>\n","protected":false},"featured_media":23459,"template":"","meta":{"iawp_total_views":10},"product_brand":[],"product_cat":[412],"product_tag":[],"class_list":{"0":"post-25401","1":"product","2":"type-product","3":"status-publish","4":"has-post-thumbnail","6":"product_cat-seidenteppiche","7":"pa_barva-osnovna-braun-erdig","8":"pa_barva-osnovna-gold-gelb","9":"pa_material-seide","10":"pa_oblika-rechteckig","11":"pa_tip-preproge-exklusiv","12":"pa_velikost-cca-150-x-100-de","14":"first","15":"instock","16":"sold-individually","17":"taxable","18":"shipping-taxable","19":"purchasable","20":"product-type-simple"},"yoast_head":"<!-- This site is optimized with the Yoast SEO plugin v27.3 - https:\/\/yoast.com\/product\/yoast-seo-wordpress\/ -->\n<title>Persischer Seidenteppich Ghom \/ Persian silk carpet Ghom - Perzijske preproge Farzad<\/title>\n<meta name=\"description\" content=\"Exklusiver persischer Seidenteppich aus der Stadt Ghom, wo die raffiniertesten und wertvollsten Seidenteppiche der Welt hergestellt werden. 100 % Naturseide.\" \/>\n<meta name=\"robots\" content=\"index, follow, max-snippet:-1, max-image-preview:large, max-video-preview:-1\" \/>\n<link rel=\"canonical\" href=\"https:\/\/www.perzijskepreproge.si\/de\/produkt\/persischer-seidenteppich-ghom-persischer-seidenteppich-ghom-4\/\" \/>\n<meta property=\"og:locale\" content=\"de_DE\" \/>\n<meta property=\"og:type\" content=\"article\" \/>\n<meta property=\"og:title\" content=\"Persischer Seidenteppich Ghom \/ Persian silk carpet Ghom - Perzijske preproge Farzad\" \/>\n<meta property=\"og:description\" content=\"Exklusiver persischer Seidenteppich aus der Stadt Ghom, wo die raffiniertesten und wertvollsten Seidenteppiche der Welt hergestellt werden. 100 % Naturseide.\" \/>\n<meta property=\"og:url\" content=\"https:\/\/www.perzijskepreproge.si\/de\/produkt\/persischer-seidenteppich-ghom-persischer-seidenteppich-ghom-4\/\" \/>\n<meta property=\"og:site_name\" content=\"Perzijske preproge Farzad\" \/>\n<meta property=\"article:modified_time\" content=\"2026-04-13T11:16:29+00:00\" \/>\n<meta property=\"og:image\" content=\"https:\/\/www.perzijskepreproge.si\/wp-content\/uploads\/2021\/11\/IMG_20211104_143117_resized_20211104_025837895jpg.webp\" \/>\n\t<meta property=\"og:image:width\" content=\"700\" \/>\n\t<meta property=\"og:image:height\" content=\"1061\" \/>\n\t<meta property=\"og:image:type\" content=\"image\/jpeg\" \/>\n<meta name=\"twitter:card\" content=\"summary_large_image\" \/>\n<meta name=\"twitter:label1\" content=\"Gesch\u00e4tzte Lesezeit\" \/>\n\t<meta name=\"twitter:data1\" content=\"1\u00a0Minute\" \/>\n<script type=\"application\/ld+json\" class=\"yoast-schema-graph\">{\"@context\":\"https:\\\/\\\/schema.org\",\"@graph\":[{\"@type\":\"WebPage\",\"@id\":\"https:\\\/\\\/www.perzijskepreproge.si\\\/de\\\/produkt\\\/persischer-seidenteppich-ghom-persischer-seidenteppich-ghom-4\\\/\",\"url\":\"https:\\\/\\\/www.perzijskepreproge.si\\\/de\\\/produkt\\\/persischer-seidenteppich-ghom-persischer-seidenteppich-ghom-4\\\/\",\"name\":\"Persischer Seidenteppich Ghom \\\/ Persian silk carpet Ghom - Perzijske preproge Farzad\",\"isPartOf\":{\"@id\":\"https:\\\/\\\/www.perzijskepreproge.si\\\/de\\\/#website\"},\"primaryImageOfPage\":{\"@id\":\"https:\\\/\\\/www.perzijskepreproge.si\\\/de\\\/produkt\\\/persischer-seidenteppich-ghom-persischer-seidenteppich-ghom-4\\\/#primaryimage\"},\"image\":{\"@id\":\"https:\\\/\\\/www.perzijskepreproge.si\\\/de\\\/produkt\\\/persischer-seidenteppich-ghom-persischer-seidenteppich-ghom-4\\\/#primaryimage\"},\"thumbnailUrl\":\"https:\\\/\\\/www.perzijskepreproge.si\\\/wp-content\\\/uploads\\\/2021\\\/11\\\/IMG_20211104_143117_resized_20211104_025837895jpg.jpg\",\"datePublished\":\"2021-11-04T14:39:13+00:00\",\"dateModified\":\"2026-04-13T11:16:29+00:00\",\"description\":\"Exklusiver persischer Seidenteppich aus der Stadt Ghom, wo die raffiniertesten und wertvollsten Seidenteppiche der Welt hergestellt werden. 100 % Naturseide.\",\"breadcrumb\":{\"@id\":\"https:\\\/\\\/www.perzijskepreproge.si\\\/de\\\/produkt\\\/persischer-seidenteppich-ghom-persischer-seidenteppich-ghom-4\\\/#breadcrumb\"},\"inLanguage\":\"de\",\"potentialAction\":[{\"@type\":\"ReadAction\",\"target\":[\"https:\\\/\\\/www.perzijskepreproge.si\\\/de\\\/produkt\\\/persischer-seidenteppich-ghom-persischer-seidenteppich-ghom-4\\\/\"]}]},{\"@type\":\"ImageObject\",\"inLanguage\":\"de\",\"@id\":\"https:\\\/\\\/www.perzijskepreproge.si\\\/de\\\/produkt\\\/persischer-seidenteppich-ghom-persischer-seidenteppich-ghom-4\\\/#primaryimage\",\"url\":\"https:\\\/\\\/www.perzijskepreproge.si\\\/wp-content\\\/uploads\\\/2021\\\/11\\\/IMG_20211104_143117_resized_20211104_025837895jpg.jpg\",\"contentUrl\":\"https:\\\/\\\/www.perzijskepreproge.si\\\/wp-content\\\/uploads\\\/2021\\\/11\\\/IMG_20211104_143117_resized_20211104_025837895jpg.jpg\",\"width\":700,\"height\":1061},{\"@type\":\"BreadcrumbList\",\"@id\":\"https:\\\/\\\/www.perzijskepreproge.si\\\/de\\\/produkt\\\/persischer-seidenteppich-ghom-persischer-seidenteppich-ghom-4\\\/#breadcrumb\",\"itemListElement\":[{\"@type\":\"ListItem\",\"position\":1,\"name\":\"Heim\",\"item\":\"https:\\\/\\\/www.perzijskepreproge.si\\\/de\\\/perserteppiche-farzad\\\/\"},{\"@type\":\"ListItem\",\"position\":2,\"name\":\"Shop\",\"item\":\"https:\\\/\\\/www.perzijskepreproge.si\\\/de\\\/shop\\\/\"},{\"@type\":\"ListItem\",\"position\":3,\"name\":\"Persischer Seidenteppich Ghom \\\/ Persian silk carpet Ghom\"}]},{\"@type\":\"WebSite\",\"@id\":\"https:\\\/\\\/www.perzijskepreproge.si\\\/de\\\/#website\",\"url\":\"https:\\\/\\\/www.perzijskepreproge.si\\\/de\\\/\",\"name\":\"Perzijske preproge Farzad\",\"description\":\"Perzijske preproge,  preprog in \u010di\u0161\u010denje preprog\",\"potentialAction\":[{\"@type\":\"SearchAction\",\"target\":{\"@type\":\"EntryPoint\",\"urlTemplate\":\"https:\\\/\\\/www.perzijskepreproge.si\\\/de\\\/?s={search_term_string}\"},\"query-input\":{\"@type\":\"PropertyValueSpecification\",\"valueRequired\":true,\"valueName\":\"search_term_string\"}}],\"inLanguage\":\"de\"}]}<\/script>\n<!-- \/ Yoast SEO plugin. -->","yoast_head_json":{"title":"Persischer Seidenteppich Ghom \/ Persian silk carpet Ghom - Perzijske preproge Farzad","description":"Exklusiver persischer Seidenteppich aus der Stadt Ghom, wo die raffiniertesten und wertvollsten Seidenteppiche der Welt hergestellt werden. 100 % Naturseide.","robots":{"index":"index","follow":"follow","max-snippet":"max-snippet:-1","max-image-preview":"max-image-preview:large","max-video-preview":"max-video-preview:-1"},"canonical":"https:\/\/www.perzijskepreproge.si\/de\/produkt\/persischer-seidenteppich-ghom-persischer-seidenteppich-ghom-4\/","og_locale":"de_DE","og_type":"article","og_title":"Persischer Seidenteppich Ghom \/ Persian silk carpet Ghom - Perzijske preproge Farzad","og_description":"Exklusiver persischer Seidenteppich aus der Stadt Ghom, wo die raffiniertesten und wertvollsten Seidenteppiche der Welt hergestellt werden. 100 % Naturseide.","og_url":"https:\/\/www.perzijskepreproge.si\/de\/produkt\/persischer-seidenteppich-ghom-persischer-seidenteppich-ghom-4\/","og_site_name":"Perzijske preproge Farzad","article_modified_time":"2026-04-13T11:16:29+00:00","og_image":[{"width":700,"height":1061,"url":"https:\/\/www.perzijskepreproge.si\/wp-content\/uploads\/2021\/11\/IMG_20211104_143117_resized_20211104_025837895jpg.webp","type":"image\/jpeg"}],"twitter_card":"summary_large_image","twitter_misc":{"Gesch\u00e4tzte Lesezeit":"1\u00a0Minute"},"schema":{"@context":"https:\/\/schema.org","@graph":[{"@type":"WebPage","@id":"https:\/\/www.perzijskepreproge.si\/de\/produkt\/persischer-seidenteppich-ghom-persischer-seidenteppich-ghom-4\/","url":"https:\/\/www.perzijskepreproge.si\/de\/produkt\/persischer-seidenteppich-ghom-persischer-seidenteppich-ghom-4\/","name":"Persischer Seidenteppich Ghom \/ Persian silk carpet Ghom - Perzijske preproge Farzad","isPartOf":{"@id":"https:\/\/www.perzijskepreproge.si\/de\/#website"},"primaryImageOfPage":{"@id":"https:\/\/www.perzijskepreproge.si\/de\/produkt\/persischer-seidenteppich-ghom-persischer-seidenteppich-ghom-4\/#primaryimage"},"image":{"@id":"https:\/\/www.perzijskepreproge.si\/de\/produkt\/persischer-seidenteppich-ghom-persischer-seidenteppich-ghom-4\/#primaryimage"},"thumbnailUrl":"https:\/\/www.perzijskepreproge.si\/wp-content\/uploads\/2021\/11\/IMG_20211104_143117_resized_20211104_025837895jpg.jpg","datePublished":"2021-11-04T14:39:13+00:00","dateModified":"2026-04-13T11:16:29+00:00","description":"Exklusiver persischer Seidenteppich aus der Stadt Ghom, wo die raffiniertesten und wertvollsten Seidenteppiche der Welt hergestellt werden. 100 % Naturseide.","breadcrumb":{"@id":"https:\/\/www.perzijskepreproge.si\/de\/produkt\/persischer-seidenteppich-ghom-persischer-seidenteppich-ghom-4\/#breadcrumb"},"inLanguage":"de","potentialAction":[{"@type":"ReadAction","target":["https:\/\/www.perzijskepreproge.si\/de\/produkt\/persischer-seidenteppich-ghom-persischer-seidenteppich-ghom-4\/"]}]},{"@type":"ImageObject","inLanguage":"de","@id":"https:\/\/www.perzijskepreproge.si\/de\/produkt\/persischer-seidenteppich-ghom-persischer-seidenteppich-ghom-4\/#primaryimage","url":"https:\/\/www.perzijskepreproge.si\/wp-content\/uploads\/2021\/11\/IMG_20211104_143117_resized_20211104_025837895jpg.jpg","contentUrl":"https:\/\/www.perzijskepreproge.si\/wp-content\/uploads\/2021\/11\/IMG_20211104_143117_resized_20211104_025837895jpg.jpg","width":700,"height":1061},{"@type":"BreadcrumbList","@id":"https:\/\/www.perzijskepreproge.si\/de\/produkt\/persischer-seidenteppich-ghom-persischer-seidenteppich-ghom-4\/#breadcrumb","itemListElement":[{"@type":"ListItem","position":1,"name":"Heim","item":"https:\/\/www.perzijskepreproge.si\/de\/perserteppiche-farzad\/"},{"@type":"ListItem","position":2,"name":"Shop","item":"https:\/\/www.perzijskepreproge.si\/de\/shop\/"},{"@type":"ListItem","position":3,"name":"Persischer Seidenteppich Ghom \/ Persian silk carpet Ghom"}]},{"@type":"WebSite","@id":"https:\/\/www.perzijskepreproge.si\/de\/#website","url":"https:\/\/www.perzijskepreproge.si\/de\/","name":"Perzijske preproge Farzad","description":"Perzijske preproge,  preprog in \u010di\u0161\u010denje preprog","potentialAction":[{"@type":"SearchAction","target":{"@type":"EntryPoint","urlTemplate":"https:\/\/www.perzijskepreproge.si\/de\/?s={search_term_string}"},"query-input":{"@type":"PropertyValueSpecification","valueRequired":true,"valueName":"search_term_string"}}],"inLanguage":"de"}]}},"_links":{"self":[{"href":"https:\/\/www.perzijskepreproge.si\/de\/wp-json\/wp\/v2\/product\/25401","targetHints":{"allow":["GET"]}}],"collection":[{"href":"https:\/\/www.perzijskepreproge.si\/de\/wp-json\/wp\/v2\/product"}],"about":[{"href":"https:\/\/www.perzijskepreproge.si\/de\/wp-json\/wp\/v2\/types\/product"}],"version-history":[{"count":1,"href":"https:\/\/www.perzijskepreproge.si\/de\/wp-json\/wp\/v2\/product\/25401\/revisions"}],"predecessor-version":[{"id":29448,"href":"https:\/\/www.perzijskepreproge.si\/de\/wp-json\/wp\/v2\/product\/25401\/revisions\/29448"}],"wp:featuredmedia":[{"embeddable":true,"href":"https:\/\/www.perzijskepreproge.si\/de\/wp-json\/wp\/v2\/media\/23459"}],"wp:attachment":[{"href":"https:\/\/www.perzijskepreproge.si\/de\/wp-json\/wp\/v2\/media?parent=25401"}],"wp:term":[{"taxonomy":"product_brand","embeddable":true,"href":"https:\/\/www.perzijskepreproge.si\/de\/wp-json\/wp\/v2\/product_brand?post=25401"},{"taxonomy":"product_cat","embeddable":true,"href":"https:\/\/www.perzijskepreproge.si\/de\/wp-json\/wp\/v2\/product_cat?post=25401"},{"taxonomy":"product_tag","embeddable":true,"href":"https:\/\/www.perzijskepreproge.si\/de\/wp-json\/wp\/v2\/product_tag?post=25401"}],"curies":[{"name":"wp","href":"https:\/\/api.w.org\/{rel}","templated":true}]}}