{"id":25403,"date":"2021-11-04T10:48:04","date_gmt":"2021-11-04T09:48:04","guid":{"rendered":"https:\/\/www.perzijskepreproge.si\/izdelek\/persischer-seidenteppich-ghom-persischer-seidenteppich-ghom-5\/"},"modified":"2026-04-13T13:04:22","modified_gmt":"2026-04-13T11:04:22","slug":"persischer-seidenteppich-ghom-persischer-seidenteppich-ghom-5","status":"publish","type":"product","link":"https:\/\/www.perzijskepreproge.si\/de\/produkt\/persischer-seidenteppich-ghom-persischer-seidenteppich-ghom-5\/","title":{"rendered":"Persischer Seidenteppich Ghom \/ Persian silk carpet Ghom"},"content":{"rendered":"<article class=\"text-token-text-primary w-full focus:outline-none scroll-mt-[calc(var(--header-height)+min(200px,max(70px,20svh)))]\" dir=\"auto\" tabindex=\"-1\" data-testid=\"conversation-turn-12\" data-scroll-anchor=\"true\" data-turn=\"assistant\">\n<div class=\"text-base my-auto mx-auto pb-10 [--thread-content-margin:--spacing(4)] @[37rem]:[--thread-content-margin:--spacing(6)] @[72rem]:[--thread-content-margin:--spacing(16)] px-(--thread-content-margin)\">\n<div class=\"[--thread-content-max-width:32rem] @[34rem]:[--thread-content-max-width:40rem] @[64rem]:[--thread-content-max-width:48rem] mx-auto max-w-(--thread-content-max-width) flex-1 group\/turn-messages focus-visible:outline-hidden relative flex w-full min-w-0 flex-col agent-turn\" tabindex=\"-1\">\n<div class=\"flex max-w-full flex-col grow\">\n<div class=\"min-h-8 text-message relative flex w-full flex-col items-end gap-2 text-start break-words whitespace-normal [.text-message+&amp;]:mt-5\" dir=\"auto\" data-message-author-role=\"assistant\" data-message-id=\"de002f65-bb3a-4fd5-9c32-912eb69182d2\" data-message-model-slug=\"gpt-4o\">\n<div class=\"flex w-full flex-col gap-1 empty:hidden first:pt-[3px]\">\n<div class=\"markdown prose dark:prose-invert w-full break-words light\">\n<p data-start=\"0\" data-end=\"472\">Dieser Teppich ist ein charakteristischer Vertreter <strong data-start=\"37\" data-end=\"83\">seidener persischer Teppiche aus Qom (Ghom)<\/strong>, einem Webzentrum, das f\u00fcr seine kompromisslose Pr\u00e4zision, Raffinesse und k\u00fcnstlerischen Anspruch bekannt ist. Er ist aus <strong data-start=\"203\" data-end=\"224\">100 % reiner Seide<\/strong> gefertigt, was ihm einen gl\u00e4nzenden, nahezu lichtreaktiven Charakter verleiht und zugleich die Herstellung au\u00dferordentlich dichter und feiner Knoten erm\u00f6glicht, oft \u00fcber 1.000.000 Knoten pro Quadratmeter. Das Ergebnis ist eine nahezu bildhafte Pr\u00e4zision der Motive und eine unglaubliche haptische Weichheit.  <\/p>\n<p data-start=\"474\" data-end=\"1013\">Das Motiv dieses Teppichs folgt dem klassischen Schema eines <strong data-start=\"513\" data-end=\"537\">zentralen Medaillons<\/strong>, eingebettet in ein elliptisches Feld, das sich wie eine Bl\u00fcte zu den R\u00e4ndern hin ausbreitet. Es handelt sich um eine symbolische Gestaltung, die einen Garten evoziert \u2013 einen paradiesischen, harmonischen Raum, in dem sich Ordnung und Sch\u00f6nheit verflechten. Der Hintergrund des Feldes ist hell, nahezu blassrosa oder cremefarben, was einen Eindruck von Luftigkeit vermittelt, w\u00e4hrend die Muster in warmen T\u00f6nen von Gold, Braun, Gr\u00fcn und R\u00f6tlich changieren. Die Bord\u00fcre ist komplex, aber ausgewogen, voller Arabesken und floraler Details, die die zentrale Komposition erg\u00e4nzen, ohne visuelle \u00dcbers\u00e4ttigung.   <\/p>\n<p data-start=\"1015\" data-end=\"1485\" data-is-last-node=\"\" data-is-only-node=\"\">Im Raum dominiert ein solcher Teppich nicht durch Dramatik, sondern <strong data-start=\"1079\" data-end=\"1103\">durch stille Vornehmheit<\/strong>. Er eignet sich f\u00fcr klassische Interieurs, wo er M\u00f6bel mit einem Hauch von Geschichte erg\u00e4nzt, aber auch f\u00fcr moderne, helle Ambiente, wo er durch seine feine Verarbeitung und zur\u00fcckhaltende Palette ein Gef\u00fchl von kultivierter W\u00e4rme und diskretem Luxus schafft. Teppiche aus Qom wie dieser sind mehr als raffinierte Dekorationselemente \u2013 sie sind Ausdruck einer Meisterschaft, die die Grenzen der Funktionalit\u00e4t \u00fcberschreitet und die Sph\u00e4re reiner Kunst ber\u00fchrt.  <\/p>\n<\/div>\n<\/div>\n<\/div>\n<\/div>\n<div class=\"flex min-h-[46px] justify-start\">\n<div class=\"touch:-me-2 touch:-ms-3.5 -ms-2.5 -me-1 flex flex-wrap items-center gap-y-4 p-1 select-none touch:w-[calc(100%+--spacing(3.5))] -mt-1 w-[calc(100%+--spacing(2.5))] duration-[1.5s] focus-within:transition-none hover:transition-none pointer-events-none [mask-image:linear-gradient(to_right,black_33%,transparent_66%)] [mask-size:300%_100%] [mask-position:100%_0%] motion-safe:transition-[mask-position] group-hover\/turn-messages:pointer-events-auto group-hover\/turn-messages:[mask-position:0_0] group-focus-within\/turn-messages:pointer-events-auto group-focus-within\/turn-messages:[mask-position:0_0] has-data-[state=open]:pointer-events-auto has-data-[state=open]:[mask-position:0_0]\"> <\/div>\n<\/div>\n<div class=\"aria-live=polite absolute\">\n<div class=\"flex items-center justify-center\"> <\/div>\n<\/div>\n<\/div>\n<\/div>\n<\/article>\n<div class=\"pointer-events-none h-px w-px\" aria-hidden=\"true\" data-edge=\"true\"> <\/div>\n","protected":false},"excerpt":{"rendered":"<p>Reg.Nr.: 1105<\/p>\n<p>Gr\u00f6\u00dfe: 147 x 97 cm<\/p>\n<p>Material \/ Flor: Seide \/ silk<\/p>\n<p>Grundgewebe \/ Base: Seide \/ silk<\/p>\n<p>Farben \/ Colours: pflanzlich \/ plants<\/p>\n<p>Design: floral \u2013 Medaillon<\/p>\n<p>Herstellungstechnik \/ Weaving technique: handgekn\u00fcpfter Teppich \/ handmade pile carpet<\/p>\n<p>Knotendichte: 1.000.000 m\u00b2<\/p>\n<p>Herkunft \/ Origin: Iran<\/p>\n<p>&nbsp;<\/p>\n","protected":false},"featured_media":23411,"template":"","meta":{"iawp_total_views":1},"product_brand":[],"product_cat":[412],"product_tag":[],"class_list":{"0":"post-25403","1":"product","2":"type-product","3":"status-publish","4":"has-post-thumbnail","6":"product_cat-seidenteppiche","7":"pa_barva-osnovna-braun-erdig","8":"pa_material-seide","9":"pa_oblika-rechteckig","10":"pa_tip-preproge-exklusiv","11":"pa_velikost-cca-150-x-100-de","13":"first","14":"instock","15":"sold-individually","16":"taxable","17":"shipping-taxable","18":"purchasable","19":"product-type-simple"},"yoast_head":"<!-- This site is optimized with the Yoast SEO plugin v27.3 - https:\/\/yoast.com\/product\/yoast-seo-wordpress\/ -->\n<title>Persischer Seidenteppich Ghom \/ Persian silk carpet Ghom - Perzijske preproge Farzad<\/title>\n<meta name=\"description\" content=\"Exklusiver persischer Seidenteppich aus der Stadt Ghom, wo die raffiniertesten und wertvollsten Seidenteppiche der Welt hergestellt werden. 100 % Naturseide.\" \/>\n<meta name=\"robots\" content=\"index, follow, max-snippet:-1, max-image-preview:large, max-video-preview:-1\" \/>\n<link rel=\"canonical\" href=\"https:\/\/www.perzijskepreproge.si\/de\/produkt\/persischer-seidenteppich-ghom-persischer-seidenteppich-ghom-5\/\" \/>\n<meta property=\"og:locale\" content=\"de_DE\" \/>\n<meta property=\"og:type\" content=\"article\" \/>\n<meta property=\"og:title\" content=\"Persischer Seidenteppich Ghom \/ Persian silk carpet Ghom - Perzijske preproge Farzad\" \/>\n<meta property=\"og:description\" content=\"Exklusiver persischer Seidenteppich aus der Stadt Ghom, wo die raffiniertesten und wertvollsten Seidenteppiche der Welt hergestellt werden. 100 % Naturseide.\" \/>\n<meta property=\"og:url\" content=\"https:\/\/www.perzijskepreproge.si\/de\/produkt\/persischer-seidenteppich-ghom-persischer-seidenteppich-ghom-5\/\" \/>\n<meta property=\"og:site_name\" content=\"Perzijske preproge Farzad\" \/>\n<meta property=\"article:modified_time\" content=\"2026-04-13T11:04:22+00:00\" \/>\n<meta property=\"og:image\" content=\"https:\/\/www.perzijskepreproge.si\/wp-content\/uploads\/2021\/11\/IMG_20211103_143111_resized_20211103_025404223jpg.webp\" \/>\n\t<meta property=\"og:image:width\" content=\"700\" \/>\n\t<meta property=\"og:image:height\" content=\"1057\" \/>\n\t<meta property=\"og:image:type\" content=\"image\/jpeg\" \/>\n<meta name=\"twitter:card\" content=\"summary_large_image\" \/>\n<meta name=\"twitter:label1\" content=\"Gesch\u00e4tzte Lesezeit\" \/>\n\t<meta name=\"twitter:data1\" content=\"1\u00a0Minute\" \/>\n<script type=\"application\/ld+json\" class=\"yoast-schema-graph\">{\"@context\":\"https:\\\/\\\/schema.org\",\"@graph\":[{\"@type\":\"WebPage\",\"@id\":\"https:\\\/\\\/www.perzijskepreproge.si\\\/de\\\/produkt\\\/persischer-seidenteppich-ghom-persischer-seidenteppich-ghom-5\\\/\",\"url\":\"https:\\\/\\\/www.perzijskepreproge.si\\\/de\\\/produkt\\\/persischer-seidenteppich-ghom-persischer-seidenteppich-ghom-5\\\/\",\"name\":\"Persischer Seidenteppich Ghom \\\/ Persian silk carpet Ghom - Perzijske preproge Farzad\",\"isPartOf\":{\"@id\":\"https:\\\/\\\/www.perzijskepreproge.si\\\/de\\\/#website\"},\"primaryImageOfPage\":{\"@id\":\"https:\\\/\\\/www.perzijskepreproge.si\\\/de\\\/produkt\\\/persischer-seidenteppich-ghom-persischer-seidenteppich-ghom-5\\\/#primaryimage\"},\"image\":{\"@id\":\"https:\\\/\\\/www.perzijskepreproge.si\\\/de\\\/produkt\\\/persischer-seidenteppich-ghom-persischer-seidenteppich-ghom-5\\\/#primaryimage\"},\"thumbnailUrl\":\"https:\\\/\\\/www.perzijskepreproge.si\\\/wp-content\\\/uploads\\\/2021\\\/11\\\/IMG_20211103_143111_resized_20211103_025404223jpg.jpg\",\"datePublished\":\"2021-11-04T09:48:04+00:00\",\"dateModified\":\"2026-04-13T11:04:22+00:00\",\"description\":\"Exklusiver persischer Seidenteppich aus der Stadt Ghom, wo die raffiniertesten und wertvollsten Seidenteppiche der Welt hergestellt werden. 100 % Naturseide.\",\"breadcrumb\":{\"@id\":\"https:\\\/\\\/www.perzijskepreproge.si\\\/de\\\/produkt\\\/persischer-seidenteppich-ghom-persischer-seidenteppich-ghom-5\\\/#breadcrumb\"},\"inLanguage\":\"de\",\"potentialAction\":[{\"@type\":\"ReadAction\",\"target\":[\"https:\\\/\\\/www.perzijskepreproge.si\\\/de\\\/produkt\\\/persischer-seidenteppich-ghom-persischer-seidenteppich-ghom-5\\\/\"]}]},{\"@type\":\"ImageObject\",\"inLanguage\":\"de\",\"@id\":\"https:\\\/\\\/www.perzijskepreproge.si\\\/de\\\/produkt\\\/persischer-seidenteppich-ghom-persischer-seidenteppich-ghom-5\\\/#primaryimage\",\"url\":\"https:\\\/\\\/www.perzijskepreproge.si\\\/wp-content\\\/uploads\\\/2021\\\/11\\\/IMG_20211103_143111_resized_20211103_025404223jpg.jpg\",\"contentUrl\":\"https:\\\/\\\/www.perzijskepreproge.si\\\/wp-content\\\/uploads\\\/2021\\\/11\\\/IMG_20211103_143111_resized_20211103_025404223jpg.jpg\",\"width\":700,\"height\":1057},{\"@type\":\"BreadcrumbList\",\"@id\":\"https:\\\/\\\/www.perzijskepreproge.si\\\/de\\\/produkt\\\/persischer-seidenteppich-ghom-persischer-seidenteppich-ghom-5\\\/#breadcrumb\",\"itemListElement\":[{\"@type\":\"ListItem\",\"position\":1,\"name\":\"Heim\",\"item\":\"https:\\\/\\\/www.perzijskepreproge.si\\\/de\\\/perserteppiche-farzad\\\/\"},{\"@type\":\"ListItem\",\"position\":2,\"name\":\"Shop\",\"item\":\"https:\\\/\\\/www.perzijskepreproge.si\\\/de\\\/shop\\\/\"},{\"@type\":\"ListItem\",\"position\":3,\"name\":\"Persischer Seidenteppich Ghom \\\/ Persian silk carpet Ghom\"}]},{\"@type\":\"WebSite\",\"@id\":\"https:\\\/\\\/www.perzijskepreproge.si\\\/de\\\/#website\",\"url\":\"https:\\\/\\\/www.perzijskepreproge.si\\\/de\\\/\",\"name\":\"Perzijske preproge Farzad\",\"description\":\"Perzijske preproge,  preprog in \u010di\u0161\u010denje preprog\",\"potentialAction\":[{\"@type\":\"SearchAction\",\"target\":{\"@type\":\"EntryPoint\",\"urlTemplate\":\"https:\\\/\\\/www.perzijskepreproge.si\\\/de\\\/?s={search_term_string}\"},\"query-input\":{\"@type\":\"PropertyValueSpecification\",\"valueRequired\":true,\"valueName\":\"search_term_string\"}}],\"inLanguage\":\"de\"}]}<\/script>\n<!-- \/ Yoast SEO plugin. -->","yoast_head_json":{"title":"Persischer Seidenteppich Ghom \/ Persian silk carpet Ghom - Perzijske preproge Farzad","description":"Exklusiver persischer Seidenteppich aus der Stadt Ghom, wo die raffiniertesten und wertvollsten Seidenteppiche der Welt hergestellt werden. 100 % Naturseide.","robots":{"index":"index","follow":"follow","max-snippet":"max-snippet:-1","max-image-preview":"max-image-preview:large","max-video-preview":"max-video-preview:-1"},"canonical":"https:\/\/www.perzijskepreproge.si\/de\/produkt\/persischer-seidenteppich-ghom-persischer-seidenteppich-ghom-5\/","og_locale":"de_DE","og_type":"article","og_title":"Persischer Seidenteppich Ghom \/ Persian silk carpet Ghom - Perzijske preproge Farzad","og_description":"Exklusiver persischer Seidenteppich aus der Stadt Ghom, wo die raffiniertesten und wertvollsten Seidenteppiche der Welt hergestellt werden. 100 % Naturseide.","og_url":"https:\/\/www.perzijskepreproge.si\/de\/produkt\/persischer-seidenteppich-ghom-persischer-seidenteppich-ghom-5\/","og_site_name":"Perzijske preproge Farzad","article_modified_time":"2026-04-13T11:04:22+00:00","og_image":[{"width":700,"height":1057,"url":"https:\/\/www.perzijskepreproge.si\/wp-content\/uploads\/2021\/11\/IMG_20211103_143111_resized_20211103_025404223jpg.webp","type":"image\/jpeg"}],"twitter_card":"summary_large_image","twitter_misc":{"Gesch\u00e4tzte Lesezeit":"1\u00a0Minute"},"schema":{"@context":"https:\/\/schema.org","@graph":[{"@type":"WebPage","@id":"https:\/\/www.perzijskepreproge.si\/de\/produkt\/persischer-seidenteppich-ghom-persischer-seidenteppich-ghom-5\/","url":"https:\/\/www.perzijskepreproge.si\/de\/produkt\/persischer-seidenteppich-ghom-persischer-seidenteppich-ghom-5\/","name":"Persischer Seidenteppich Ghom \/ Persian silk carpet Ghom - Perzijske preproge Farzad","isPartOf":{"@id":"https:\/\/www.perzijskepreproge.si\/de\/#website"},"primaryImageOfPage":{"@id":"https:\/\/www.perzijskepreproge.si\/de\/produkt\/persischer-seidenteppich-ghom-persischer-seidenteppich-ghom-5\/#primaryimage"},"image":{"@id":"https:\/\/www.perzijskepreproge.si\/de\/produkt\/persischer-seidenteppich-ghom-persischer-seidenteppich-ghom-5\/#primaryimage"},"thumbnailUrl":"https:\/\/www.perzijskepreproge.si\/wp-content\/uploads\/2021\/11\/IMG_20211103_143111_resized_20211103_025404223jpg.jpg","datePublished":"2021-11-04T09:48:04+00:00","dateModified":"2026-04-13T11:04:22+00:00","description":"Exklusiver persischer Seidenteppich aus der Stadt Ghom, wo die raffiniertesten und wertvollsten Seidenteppiche der Welt hergestellt werden. 100 % Naturseide.","breadcrumb":{"@id":"https:\/\/www.perzijskepreproge.si\/de\/produkt\/persischer-seidenteppich-ghom-persischer-seidenteppich-ghom-5\/#breadcrumb"},"inLanguage":"de","potentialAction":[{"@type":"ReadAction","target":["https:\/\/www.perzijskepreproge.si\/de\/produkt\/persischer-seidenteppich-ghom-persischer-seidenteppich-ghom-5\/"]}]},{"@type":"ImageObject","inLanguage":"de","@id":"https:\/\/www.perzijskepreproge.si\/de\/produkt\/persischer-seidenteppich-ghom-persischer-seidenteppich-ghom-5\/#primaryimage","url":"https:\/\/www.perzijskepreproge.si\/wp-content\/uploads\/2021\/11\/IMG_20211103_143111_resized_20211103_025404223jpg.jpg","contentUrl":"https:\/\/www.perzijskepreproge.si\/wp-content\/uploads\/2021\/11\/IMG_20211103_143111_resized_20211103_025404223jpg.jpg","width":700,"height":1057},{"@type":"BreadcrumbList","@id":"https:\/\/www.perzijskepreproge.si\/de\/produkt\/persischer-seidenteppich-ghom-persischer-seidenteppich-ghom-5\/#breadcrumb","itemListElement":[{"@type":"ListItem","position":1,"name":"Heim","item":"https:\/\/www.perzijskepreproge.si\/de\/perserteppiche-farzad\/"},{"@type":"ListItem","position":2,"name":"Shop","item":"https:\/\/www.perzijskepreproge.si\/de\/shop\/"},{"@type":"ListItem","position":3,"name":"Persischer Seidenteppich Ghom \/ Persian silk carpet Ghom"}]},{"@type":"WebSite","@id":"https:\/\/www.perzijskepreproge.si\/de\/#website","url":"https:\/\/www.perzijskepreproge.si\/de\/","name":"Perzijske preproge Farzad","description":"Perzijske preproge,  preprog in \u010di\u0161\u010denje preprog","potentialAction":[{"@type":"SearchAction","target":{"@type":"EntryPoint","urlTemplate":"https:\/\/www.perzijskepreproge.si\/de\/?s={search_term_string}"},"query-input":{"@type":"PropertyValueSpecification","valueRequired":true,"valueName":"search_term_string"}}],"inLanguage":"de"}]}},"_links":{"self":[{"href":"https:\/\/www.perzijskepreproge.si\/de\/wp-json\/wp\/v2\/product\/25403","targetHints":{"allow":["GET"]}}],"collection":[{"href":"https:\/\/www.perzijskepreproge.si\/de\/wp-json\/wp\/v2\/product"}],"about":[{"href":"https:\/\/www.perzijskepreproge.si\/de\/wp-json\/wp\/v2\/types\/product"}],"version-history":[{"count":1,"href":"https:\/\/www.perzijskepreproge.si\/de\/wp-json\/wp\/v2\/product\/25403\/revisions"}],"predecessor-version":[{"id":29356,"href":"https:\/\/www.perzijskepreproge.si\/de\/wp-json\/wp\/v2\/product\/25403\/revisions\/29356"}],"wp:featuredmedia":[{"embeddable":true,"href":"https:\/\/www.perzijskepreproge.si\/de\/wp-json\/wp\/v2\/media\/23411"}],"wp:attachment":[{"href":"https:\/\/www.perzijskepreproge.si\/de\/wp-json\/wp\/v2\/media?parent=25403"}],"wp:term":[{"taxonomy":"product_brand","embeddable":true,"href":"https:\/\/www.perzijskepreproge.si\/de\/wp-json\/wp\/v2\/product_brand?post=25403"},{"taxonomy":"product_cat","embeddable":true,"href":"https:\/\/www.perzijskepreproge.si\/de\/wp-json\/wp\/v2\/product_cat?post=25403"},{"taxonomy":"product_tag","embeddable":true,"href":"https:\/\/www.perzijskepreproge.si\/de\/wp-json\/wp\/v2\/product_tag?post=25403"}],"curies":[{"name":"wp","href":"https:\/\/api.w.org\/{rel}","templated":true}]}}