{"id":25417,"date":"2021-07-22T17:09:05","date_gmt":"2021-07-22T15:09:05","guid":{"rendered":"https:\/\/www.perzijskepreproge.si\/izdelek\/perserteppich-kashan-perserteppich-kashan-3\/"},"modified":"2026-04-13T13:03:44","modified_gmt":"2026-04-13T11:03:44","slug":"perserteppich-kashan-perserteppich-kashan-3","status":"publish","type":"product","link":"https:\/\/www.perzijskepreproge.si\/de\/produkt\/perserteppich-kashan-perserteppich-kashan-3\/","title":{"rendered":"Persischer Teppich Kaschan \/ Persian carpet Kashan"},"content":{"rendered":"<p style=\"text-align: left;\">Die Stadt Kaschan liegt 250 km s\u00fcdlich von Teheran in einer gro\u00dfen Oase an der Kavir-W\u00fcste im zentralen Iran. Dieses Gebiet war bereits in der Urzeit besiedelt und war schon zur Zeit der Sassaniden-Dynastie sowie sp\u00e4ter nach der Ankunft der islamischen Kultur von Bedeutung. Kaschan-Teppiche werden aus feinster <em>Kork<\/em>-Wolle (vom Hals der L\u00e4mmer) gefertigt. Bei der Herstellung wird die Technik des asymmetrischen Kn\u00fcpfens (persischer Knoten) verwendet, wodurch die Teppiche extrem fein und zugleich sehr strapazierf\u00e4hig sind. Charakteristisch sind vielf\u00e4ltige Blumenmuster, Arabesken, Palmetten und Blattmotive; ein solches Design ist ideal f\u00fcr die klassische Raumgestaltung. Sie repr\u00e4sentieren das Erbe des goldenen Zeitalters der Teppichherstellung im Iran (16. und 17. Jahrhundert), als Schah Abbas ein gro\u00dfer F\u00f6rderer dieser Kunst war.    <\/p>\n<p data-start=\"223\" data-end=\"555\">Teppiche aus der Stadt <strong data-start=\"241\" data-end=\"251\">Kaschan<\/strong>, einem der \u00e4ltesten und angesehensten Zentren persischer Webkunst, repr\u00e4sentieren den H\u00f6hepunkt der klassischen persischen \u00c4sthetik. Ihre geordnete Komposition, reiche Symbolik und raffinierte Farbpalette sind der Grund, warum sie zu den beliebtesten Wahlm\u00f6glichkeiten von Liebhabern traditioneller Teppiche weltweit geh\u00f6ren. <\/p>\n<p data-start=\"557\" data-end=\"895\">Die <strong data-start=\"557\" data-end=\"585\">\u00c4sthetik des Kaschan-Teppichs<\/strong> basiert auf Ausgewogenheit und Harmonie \u2013 er ist erkennbar an einem zentralen <strong data-start=\"656\" data-end=\"669\">Medaillon<\/strong> mit opulenten Blumenornamenten, die sich in Form von Vignetten, Bl\u00e4ttern und Arabesken \u00fcber die gesamte Oberfl\u00e4che ergie\u00dfen. Die Muster sind \u00e4u\u00dferst detailliert und mit hoher Pr\u00e4zision gefertigt, was dem Teppich ein Gef\u00fchl von Zartheit und Noblesse verleiht. <\/p>\n<p data-start=\"897\" data-end=\"1220\">Die <strong data-start=\"897\" data-end=\"914\">Farbpalette<\/strong> der Kaschan-Teppiche umfasst typischerweise tiefe Rot-, Dunkelblau-, Elfenbein- und Goldt\u00f6ne, gelegentlich aber auch zartere bl\u00e4uliche oder Pastellt\u00f6ne. Die Farben werden aus <strong data-start=\"1087\" data-end=\"1106\">nat\u00fcrlichen Farbstoffen<\/strong> wie Indigo, Rhabarberwurzeln, Granatapfel oder Walnussschalen gewonnen, was ihnen eine besondere Weichheit und W\u00e4rme verleiht. <\/p>\n","protected":false},"excerpt":{"rendered":"<p>Reg.-Nr.: 1045<\/p>\n<p>Gr\u00f6\u00dfe \/ Size: 303 x 202 cm<\/p>\n<p>Material \/ Pile: Wolle, Seide \/ wool, silk<\/p>\n<p>Kette \/ Base: Baumwolle \/ cotton<\/p>\n<p>Farben \/ Colours: pflanzlich \/ plants<\/p>\n<p>Design \/ Design: floral \/ floral<\/p>\n<p>Herstellungstechnik \/ Weaving technique: handgekn\u00fcpfter Teppich \/ handmade pile carpet<\/p>\n<p>Kn\u00fcpfdichte \/ Knot density: 350.000 m\/2<\/p>\n<p>Herkunft \/ Origin: Iran<\/p>\n<p>&nbsp;<\/p>\n","protected":false},"featured_media":23327,"template":"","meta":{"iawp_total_views":2},"product_brand":[],"product_cat":[338,305],"product_tag":[],"class_list":{"0":"post-25417","1":"product","2":"type-product","3":"status-publish","4":"has-post-thumbnail","6":"product_cat-grose-teppiche-de","7":"product_cat-klassische-teppiche","8":"pa_barva-osnovna-weis-beige","9":"pa_material-wolle-seide","10":"pa_oblika-rechteckig","11":"pa_tip-preproge-klassisch-meisterlich","12":"pa_velikost-cca-300-x-200-de","14":"first","15":"instock","16":"sold-individually","17":"taxable","18":"shipping-taxable","19":"purchasable","20":"product-type-simple"},"yoast_head":"<!-- This site is optimized with the Yoast SEO plugin v27.3 - https:\/\/yoast.com\/product\/yoast-seo-wordpress\/ -->\n<title>Persischer Teppich Kaschan \/ Persian carpet Kashan - Perzijske preproge Farzad<\/title>\n<meta name=\"robots\" content=\"index, follow, max-snippet:-1, max-image-preview:large, max-video-preview:-1\" \/>\n<link rel=\"canonical\" href=\"https:\/\/www.perzijskepreproge.si\/de\/produkt\/perserteppich-kashan-perserteppich-kashan-3\/\" \/>\n<meta property=\"og:locale\" content=\"de_DE\" \/>\n<meta property=\"og:type\" content=\"article\" \/>\n<meta property=\"og:title\" content=\"Persischer Teppich Kaschan \/ Persian carpet Kashan - Perzijske preproge Farzad\" \/>\n<meta property=\"og:description\" content=\"Reg.-Nr.: 1045 Gr\u00f6\u00dfe \/ Size: 303 x 202 cm Material \/ Pile: Wolle, Seide \/ wool, silk Kette \/ Base: Baumwolle \/ cotton Farben \/ Colours: pflanzlich \/ plants Design \/ Design: floral \/ floral Herstellungstechnik \/ Weaving technique: handgekn\u00fcpfter Teppich \/ handmade pile carpet Kn\u00fcpfdichte \/ Knot density: 350.000 m\/2 Herkunft \/ Origin: Iran &nbsp;\" \/>\n<meta property=\"og:url\" content=\"https:\/\/www.perzijskepreproge.si\/de\/produkt\/perserteppich-kashan-perserteppich-kashan-3\/\" \/>\n<meta property=\"og:site_name\" content=\"Perzijske preproge Farzad\" \/>\n<meta property=\"article:modified_time\" content=\"2026-04-13T11:03:44+00:00\" \/>\n<meta property=\"og:image\" content=\"https:\/\/www.perzijskepreproge.si\/wp-content\/uploads\/2021\/07\/IMG_20210721_161959jpg.webp\" \/>\n\t<meta property=\"og:image:width\" content=\"635\" \/>\n\t<meta property=\"og:image:height\" content=\"1000\" \/>\n\t<meta property=\"og:image:type\" content=\"image\/jpeg\" \/>\n<meta name=\"twitter:card\" content=\"summary_large_image\" \/>\n<meta name=\"twitter:label1\" content=\"Gesch\u00e4tzte Lesezeit\" \/>\n\t<meta name=\"twitter:data1\" content=\"1\u00a0Minute\" \/>\n<script type=\"application\/ld+json\" class=\"yoast-schema-graph\">{\"@context\":\"https:\\\/\\\/schema.org\",\"@graph\":[{\"@type\":\"WebPage\",\"@id\":\"https:\\\/\\\/www.perzijskepreproge.si\\\/de\\\/produkt\\\/perserteppich-kashan-perserteppich-kashan-3\\\/\",\"url\":\"https:\\\/\\\/www.perzijskepreproge.si\\\/de\\\/produkt\\\/perserteppich-kashan-perserteppich-kashan-3\\\/\",\"name\":\"Persischer Teppich Kaschan \\\/ Persian carpet Kashan - Perzijske preproge Farzad\",\"isPartOf\":{\"@id\":\"https:\\\/\\\/www.perzijskepreproge.si\\\/de\\\/#website\"},\"primaryImageOfPage\":{\"@id\":\"https:\\\/\\\/www.perzijskepreproge.si\\\/de\\\/produkt\\\/perserteppich-kashan-perserteppich-kashan-3\\\/#primaryimage\"},\"image\":{\"@id\":\"https:\\\/\\\/www.perzijskepreproge.si\\\/de\\\/produkt\\\/perserteppich-kashan-perserteppich-kashan-3\\\/#primaryimage\"},\"thumbnailUrl\":\"https:\\\/\\\/www.perzijskepreproge.si\\\/wp-content\\\/uploads\\\/2021\\\/07\\\/IMG_20210721_161959jpg.jpg\",\"datePublished\":\"2021-07-22T15:09:05+00:00\",\"dateModified\":\"2026-04-13T11:03:44+00:00\",\"breadcrumb\":{\"@id\":\"https:\\\/\\\/www.perzijskepreproge.si\\\/de\\\/produkt\\\/perserteppich-kashan-perserteppich-kashan-3\\\/#breadcrumb\"},\"inLanguage\":\"de\",\"potentialAction\":[{\"@type\":\"ReadAction\",\"target\":[\"https:\\\/\\\/www.perzijskepreproge.si\\\/de\\\/produkt\\\/perserteppich-kashan-perserteppich-kashan-3\\\/\"]}]},{\"@type\":\"ImageObject\",\"inLanguage\":\"de\",\"@id\":\"https:\\\/\\\/www.perzijskepreproge.si\\\/de\\\/produkt\\\/perserteppich-kashan-perserteppich-kashan-3\\\/#primaryimage\",\"url\":\"https:\\\/\\\/www.perzijskepreproge.si\\\/wp-content\\\/uploads\\\/2021\\\/07\\\/IMG_20210721_161959jpg.jpg\",\"contentUrl\":\"https:\\\/\\\/www.perzijskepreproge.si\\\/wp-content\\\/uploads\\\/2021\\\/07\\\/IMG_20210721_161959jpg.jpg\",\"width\":635,\"height\":1000},{\"@type\":\"BreadcrumbList\",\"@id\":\"https:\\\/\\\/www.perzijskepreproge.si\\\/de\\\/produkt\\\/perserteppich-kashan-perserteppich-kashan-3\\\/#breadcrumb\",\"itemListElement\":[{\"@type\":\"ListItem\",\"position\":1,\"name\":\"Heim\",\"item\":\"https:\\\/\\\/www.perzijskepreproge.si\\\/de\\\/perserteppiche-farzad\\\/\"},{\"@type\":\"ListItem\",\"position\":2,\"name\":\"Shop\",\"item\":\"https:\\\/\\\/www.perzijskepreproge.si\\\/de\\\/shop\\\/\"},{\"@type\":\"ListItem\",\"position\":3,\"name\":\"Persischer Teppich Kaschan \\\/ Persian carpet Kashan\"}]},{\"@type\":\"WebSite\",\"@id\":\"https:\\\/\\\/www.perzijskepreproge.si\\\/de\\\/#website\",\"url\":\"https:\\\/\\\/www.perzijskepreproge.si\\\/de\\\/\",\"name\":\"Perzijske preproge Farzad\",\"description\":\"Perzijske preproge,  preprog in \u010di\u0161\u010denje preprog\",\"potentialAction\":[{\"@type\":\"SearchAction\",\"target\":{\"@type\":\"EntryPoint\",\"urlTemplate\":\"https:\\\/\\\/www.perzijskepreproge.si\\\/de\\\/?s={search_term_string}\"},\"query-input\":{\"@type\":\"PropertyValueSpecification\",\"valueRequired\":true,\"valueName\":\"search_term_string\"}}],\"inLanguage\":\"de\"}]}<\/script>\n<!-- \/ Yoast SEO plugin. -->","yoast_head_json":{"title":"Persischer Teppich Kaschan \/ Persian carpet Kashan - Perzijske preproge Farzad","robots":{"index":"index","follow":"follow","max-snippet":"max-snippet:-1","max-image-preview":"max-image-preview:large","max-video-preview":"max-video-preview:-1"},"canonical":"https:\/\/www.perzijskepreproge.si\/de\/produkt\/perserteppich-kashan-perserteppich-kashan-3\/","og_locale":"de_DE","og_type":"article","og_title":"Persischer Teppich Kaschan \/ Persian carpet Kashan - Perzijske preproge Farzad","og_description":"Reg.-Nr.: 1045 Gr\u00f6\u00dfe \/ Size: 303 x 202 cm Material \/ Pile: Wolle, Seide \/ wool, silk Kette \/ Base: Baumwolle \/ cotton Farben \/ Colours: pflanzlich \/ plants Design \/ Design: floral \/ floral Herstellungstechnik \/ Weaving technique: handgekn\u00fcpfter Teppich \/ handmade pile carpet Kn\u00fcpfdichte \/ Knot density: 350.000 m\/2 Herkunft \/ Origin: Iran &nbsp;","og_url":"https:\/\/www.perzijskepreproge.si\/de\/produkt\/perserteppich-kashan-perserteppich-kashan-3\/","og_site_name":"Perzijske preproge Farzad","article_modified_time":"2026-04-13T11:03:44+00:00","og_image":[{"width":635,"height":1000,"url":"https:\/\/www.perzijskepreproge.si\/wp-content\/uploads\/2021\/07\/IMG_20210721_161959jpg.webp","type":"image\/jpeg"}],"twitter_card":"summary_large_image","twitter_misc":{"Gesch\u00e4tzte Lesezeit":"1\u00a0Minute"},"schema":{"@context":"https:\/\/schema.org","@graph":[{"@type":"WebPage","@id":"https:\/\/www.perzijskepreproge.si\/de\/produkt\/perserteppich-kashan-perserteppich-kashan-3\/","url":"https:\/\/www.perzijskepreproge.si\/de\/produkt\/perserteppich-kashan-perserteppich-kashan-3\/","name":"Persischer Teppich Kaschan \/ Persian carpet Kashan - Perzijske preproge Farzad","isPartOf":{"@id":"https:\/\/www.perzijskepreproge.si\/de\/#website"},"primaryImageOfPage":{"@id":"https:\/\/www.perzijskepreproge.si\/de\/produkt\/perserteppich-kashan-perserteppich-kashan-3\/#primaryimage"},"image":{"@id":"https:\/\/www.perzijskepreproge.si\/de\/produkt\/perserteppich-kashan-perserteppich-kashan-3\/#primaryimage"},"thumbnailUrl":"https:\/\/www.perzijskepreproge.si\/wp-content\/uploads\/2021\/07\/IMG_20210721_161959jpg.jpg","datePublished":"2021-07-22T15:09:05+00:00","dateModified":"2026-04-13T11:03:44+00:00","breadcrumb":{"@id":"https:\/\/www.perzijskepreproge.si\/de\/produkt\/perserteppich-kashan-perserteppich-kashan-3\/#breadcrumb"},"inLanguage":"de","potentialAction":[{"@type":"ReadAction","target":["https:\/\/www.perzijskepreproge.si\/de\/produkt\/perserteppich-kashan-perserteppich-kashan-3\/"]}]},{"@type":"ImageObject","inLanguage":"de","@id":"https:\/\/www.perzijskepreproge.si\/de\/produkt\/perserteppich-kashan-perserteppich-kashan-3\/#primaryimage","url":"https:\/\/www.perzijskepreproge.si\/wp-content\/uploads\/2021\/07\/IMG_20210721_161959jpg.jpg","contentUrl":"https:\/\/www.perzijskepreproge.si\/wp-content\/uploads\/2021\/07\/IMG_20210721_161959jpg.jpg","width":635,"height":1000},{"@type":"BreadcrumbList","@id":"https:\/\/www.perzijskepreproge.si\/de\/produkt\/perserteppich-kashan-perserteppich-kashan-3\/#breadcrumb","itemListElement":[{"@type":"ListItem","position":1,"name":"Heim","item":"https:\/\/www.perzijskepreproge.si\/de\/perserteppiche-farzad\/"},{"@type":"ListItem","position":2,"name":"Shop","item":"https:\/\/www.perzijskepreproge.si\/de\/shop\/"},{"@type":"ListItem","position":3,"name":"Persischer Teppich Kaschan \/ Persian carpet Kashan"}]},{"@type":"WebSite","@id":"https:\/\/www.perzijskepreproge.si\/de\/#website","url":"https:\/\/www.perzijskepreproge.si\/de\/","name":"Perzijske preproge Farzad","description":"Perzijske preproge,  preprog in \u010di\u0161\u010denje preprog","potentialAction":[{"@type":"SearchAction","target":{"@type":"EntryPoint","urlTemplate":"https:\/\/www.perzijskepreproge.si\/de\/?s={search_term_string}"},"query-input":{"@type":"PropertyValueSpecification","valueRequired":true,"valueName":"search_term_string"}}],"inLanguage":"de"}]}},"_links":{"self":[{"href":"https:\/\/www.perzijskepreproge.si\/de\/wp-json\/wp\/v2\/product\/25417","targetHints":{"allow":["GET"]}}],"collection":[{"href":"https:\/\/www.perzijskepreproge.si\/de\/wp-json\/wp\/v2\/product"}],"about":[{"href":"https:\/\/www.perzijskepreproge.si\/de\/wp-json\/wp\/v2\/types\/product"}],"version-history":[{"count":1,"href":"https:\/\/www.perzijskepreproge.si\/de\/wp-json\/wp\/v2\/product\/25417\/revisions"}],"predecessor-version":[{"id":29350,"href":"https:\/\/www.perzijskepreproge.si\/de\/wp-json\/wp\/v2\/product\/25417\/revisions\/29350"}],"wp:featuredmedia":[{"embeddable":true,"href":"https:\/\/www.perzijskepreproge.si\/de\/wp-json\/wp\/v2\/media\/23327"}],"wp:attachment":[{"href":"https:\/\/www.perzijskepreproge.si\/de\/wp-json\/wp\/v2\/media?parent=25417"}],"wp:term":[{"taxonomy":"product_brand","embeddable":true,"href":"https:\/\/www.perzijskepreproge.si\/de\/wp-json\/wp\/v2\/product_brand?post=25417"},{"taxonomy":"product_cat","embeddable":true,"href":"https:\/\/www.perzijskepreproge.si\/de\/wp-json\/wp\/v2\/product_cat?post=25417"},{"taxonomy":"product_tag","embeddable":true,"href":"https:\/\/www.perzijskepreproge.si\/de\/wp-json\/wp\/v2\/product_tag?post=25417"}],"curies":[{"name":"wp","href":"https:\/\/api.w.org\/{rel}","templated":true}]}}