{"id":25440,"date":"2021-04-21T15:37:38","date_gmt":"2021-04-21T13:37:38","guid":{"rendered":"https:\/\/www.perzijskepreproge.si\/izdelek\/persischer-kelim-shiraz-persischer-kelim-shiraz-2\/"},"modified":"2026-04-13T13:13:16","modified_gmt":"2026-04-13T11:13:16","slug":"persischer-kelim-shiraz-persischer-kelim-shiraz-2","status":"publish","type":"product","link":"https:\/\/www.perzijskepreproge.si\/de\/produkt\/persischer-kelim-shiraz-persischer-kelim-shiraz-2\/","title":{"rendered":"Persischer Kelim Shiraz \/ Persian kilim Shiraz"},"content":{"rendered":"<div class=\"qode-single-product-summary\">\n<div class=\"summary entry-summary\">\n<div class=\"clearfix\">\n<div class=\"q_accordion_holder toggle boxed woocommerce-accordion accordion ui-accordion ui-accordion-icons ui-widget ui-helper-reset\">\n<div class=\"accordion_content ui-accordion-content ui-helper-reset ui-widget-content ui-corner-bottom ui-accordion-content-active\">\n<div class=\"accordion_content_inner\">\n<p><strong>Teppiche spielten in Familien seit jeher eine wichtige Rolle als Brautgeld oder Mitgift. Die Hochzeit stellte weit mehr dar als nur die Verbindung von Mann und Frau. Ein M\u00e4dchen, dem bereits in jungen Jahren ein zuk\u00fcnftiger Ehemann gefunden wurde, wurde zu einer Art Bindeglied im B\u00fcndnis zweier Familien. Die Verbindung zweier Familien wurde in der Praxis durch die Schenkung von Teppichen, Schmuck und anderen G\u00fctern besiegelt. Die Mitgift konnte auch Tiere, Weidefl\u00e4chen und Wasserquellen umfassen. Das junge M\u00e4dchen begann beim Lernen von ihrer Mutter und anderen Familienmitgliedern bald, ihre eigenen Teppiche und andere Erzeugnisse herzustellen. Jedes St\u00fcck repr\u00e4sentierte die Familientradition und Folklore ihres Volkes. Der Status der Familie war eng mit der Qualit\u00e4t und Menge der Brautmitgift verbunden. Daher wurden die Teppiche mit viel M\u00fche, Liebe und Kreativit\u00e4t gefertigt, obwohl sie nicht f\u00fcr den Verkauf auf dem Basar bestimmt waren.        <\/strong><\/p>\n<p><strong> Das Nomadenvolk der Qashqai aus dem s\u00fcdwestlichen Teil Irans (Umgebung von Shiraz) ist bekannt f\u00fcr seine traditionellen Teppiche. Im 16. Jahrhundert kamen sie zusammen mit anderen t\u00fcrkischen Gruppen aus Zentralasien. Daher findet man bei den Teppichen eine Verbindung zwischen den Mustern der Qashqai und jenen aus dem Kaukasus. Einst waren diese Nomaden ber\u00fchmt f\u00fcr ihre langwierige und beschwerliche j\u00e4hrliche Wanderung von den Wintergebieten am Persischen Golf zu den Sommerweiden im Zagros-Gebirge. Seit 1925 litten sie erheblich unter den repressiven Politiken der persischen Beh\u00f6rden.    <\/strong><\/p>\n<p><strong> Die Qashqai fertigen Teppiche, wenn sie nicht unterwegs sind oder an Zwischenstationen rasten. Auff\u00e4llig sind interessante pl\u00f6tzliche Wechsel bei Mustern und Farben, da sie nur kleinere Mengen gef\u00e4rbten Garns mit sich f\u00fchren k\u00f6nnen. Die Bodenwebst\u00fchle werden oft zusammengeklappt, wenn der Teppich noch nicht fertig ist, und sie brechen auf. Im n\u00e4chsten Lager werden sie wieder ausgebreitet und die Arbeit fortgesetzt, weshalb \u00c4nderungen bei den Mustern nicht verwunderlich sind.  <\/strong><\/p>\n<p><strong> <\/strong><\/p>\n<p><strong> <\/strong><\/p>\n<\/div>\n<\/div>\n<\/div>\n<\/div>\n<\/div>\n<\/div>\n<div class=\"related products\">\n<h4 class=\"qode-related-upsells-title\"><\/h4>\n<\/div>\n<p>&nbsp;<\/p>\n","protected":false},"excerpt":{"rendered":"<p>Reg.-Nr.: 963<\/p>\n<p>Gr\u00f6\u00dfe \/ Size: 460 x 140 cm<\/p>\n<p>Material \/ Pile: Wolle \/ wool<\/p>\n<p>Grundgewebe \/ Base: Wolle \/ wool<\/p>\n<p>Farben \/ Colours: pflanzlich \/ plants<\/p>\n<p>Design \/ Design: geometrisch \/ geometrical<\/p>\n<p>Webtechnik \/ Weaving technique: handgewebter Flachgewebe-Teppich \/ handmade flatweave<\/p>\n<p>Herkunft \/ Origin: Iran<\/p>\n<p>&nbsp;<\/p>\n","protected":false},"featured_media":23240,"template":"","meta":{"iawp_total_views":3},"product_brand":[],"product_cat":[371,358,277],"product_tag":[],"class_list":{"0":"post-25440","1":"product","2":"type-product","3":"status-publish","4":"has-post-thumbnail","6":"product_cat-grose-teppiche-de-2","7":"product_cat-kelims","8":"product_cat-sonderangebot","9":"pa_barva-osnovna-mehrfarbig","10":"pa_material-wolle","11":"pa_oblika-laufer","12":"pa_oblika-rechteckig","13":"pa_tip-preproge-kilim","14":"pa_velikost-cca-laufer","16":"first","17":"instock","18":"sale","19":"featured","20":"sold-individually","21":"taxable","22":"shipping-taxable","23":"purchasable","24":"product-type-simple"},"yoast_head":"<!-- This site is optimized with the Yoast SEO plugin v27.3 - https:\/\/yoast.com\/product\/yoast-seo-wordpress\/ -->\n<title>Persischer Kelim Shiraz \/ Persian kilim Shiraz - Perzijske preproge Farzad<\/title>\n<meta name=\"robots\" content=\"index, follow, max-snippet:-1, max-image-preview:large, max-video-preview:-1\" \/>\n<link rel=\"canonical\" href=\"https:\/\/www.perzijskepreproge.si\/de\/produkt\/persischer-kelim-shiraz-persischer-kelim-shiraz-2\/\" \/>\n<meta property=\"og:locale\" content=\"de_DE\" \/>\n<meta property=\"og:type\" content=\"article\" \/>\n<meta property=\"og:title\" content=\"Persischer Kelim Shiraz \/ Persian kilim Shiraz - Perzijske preproge Farzad\" \/>\n<meta property=\"og:description\" content=\"Reg.-Nr.: 963 Gr\u00f6\u00dfe \/ Size: 460 x 140 cm Material \/ Pile: Wolle \/ wool Grundgewebe \/ Base: Wolle \/ wool Farben \/ Colours: pflanzlich \/ plants Design \/ Design: geometrisch \/ geometrical Webtechnik \/ Weaving technique: handgewebter Flachgewebe-Teppich \/ handmade flatweave Herkunft \/ Origin: Iran &nbsp;\" \/>\n<meta property=\"og:url\" content=\"https:\/\/www.perzijskepreproge.si\/de\/produkt\/persischer-kelim-shiraz-persischer-kelim-shiraz-2\/\" \/>\n<meta property=\"og:site_name\" content=\"Perzijske preproge Farzad\" \/>\n<meta property=\"article:modified_time\" content=\"2026-04-13T11:13:16+00:00\" \/>\n<meta property=\"og:image\" content=\"https:\/\/www.perzijskepreproge.si\/wp-content\/uploads\/2017\/01\/DSCF1516jpg.jpg\" \/>\n\t<meta property=\"og:image:width\" content=\"394\" \/>\n\t<meta property=\"og:image:height\" content=\"700\" \/>\n\t<meta property=\"og:image:type\" content=\"image\/jpeg\" \/>\n<meta name=\"twitter:card\" content=\"summary_large_image\" \/>\n<meta name=\"twitter:label1\" content=\"Gesch\u00e4tzte Lesezeit\" \/>\n\t<meta name=\"twitter:data1\" content=\"2\u00a0Minute\" \/>\n<script type=\"application\/ld+json\" class=\"yoast-schema-graph\">{\"@context\":\"https:\\\/\\\/schema.org\",\"@graph\":[{\"@type\":\"WebPage\",\"@id\":\"https:\\\/\\\/www.perzijskepreproge.si\\\/de\\\/produkt\\\/persischer-kelim-shiraz-persischer-kelim-shiraz-2\\\/\",\"url\":\"https:\\\/\\\/www.perzijskepreproge.si\\\/de\\\/produkt\\\/persischer-kelim-shiraz-persischer-kelim-shiraz-2\\\/\",\"name\":\"Persischer Kelim Shiraz \\\/ Persian kilim Shiraz - Perzijske preproge Farzad\",\"isPartOf\":{\"@id\":\"https:\\\/\\\/www.perzijskepreproge.si\\\/de\\\/#website\"},\"primaryImageOfPage\":{\"@id\":\"https:\\\/\\\/www.perzijskepreproge.si\\\/de\\\/produkt\\\/persischer-kelim-shiraz-persischer-kelim-shiraz-2\\\/#primaryimage\"},\"image\":{\"@id\":\"https:\\\/\\\/www.perzijskepreproge.si\\\/de\\\/produkt\\\/persischer-kelim-shiraz-persischer-kelim-shiraz-2\\\/#primaryimage\"},\"thumbnailUrl\":\"https:\\\/\\\/www.perzijskepreproge.si\\\/wp-content\\\/uploads\\\/2017\\\/01\\\/DSCF1516jpg.jpg\",\"datePublished\":\"2021-04-21T13:37:38+00:00\",\"dateModified\":\"2026-04-13T11:13:16+00:00\",\"breadcrumb\":{\"@id\":\"https:\\\/\\\/www.perzijskepreproge.si\\\/de\\\/produkt\\\/persischer-kelim-shiraz-persischer-kelim-shiraz-2\\\/#breadcrumb\"},\"inLanguage\":\"de\",\"potentialAction\":[{\"@type\":\"ReadAction\",\"target\":[\"https:\\\/\\\/www.perzijskepreproge.si\\\/de\\\/produkt\\\/persischer-kelim-shiraz-persischer-kelim-shiraz-2\\\/\"]}]},{\"@type\":\"ImageObject\",\"inLanguage\":\"de\",\"@id\":\"https:\\\/\\\/www.perzijskepreproge.si\\\/de\\\/produkt\\\/persischer-kelim-shiraz-persischer-kelim-shiraz-2\\\/#primaryimage\",\"url\":\"https:\\\/\\\/www.perzijskepreproge.si\\\/wp-content\\\/uploads\\\/2017\\\/01\\\/DSCF1516jpg.jpg\",\"contentUrl\":\"https:\\\/\\\/www.perzijskepreproge.si\\\/wp-content\\\/uploads\\\/2017\\\/01\\\/DSCF1516jpg.jpg\",\"width\":394,\"height\":700},{\"@type\":\"BreadcrumbList\",\"@id\":\"https:\\\/\\\/www.perzijskepreproge.si\\\/de\\\/produkt\\\/persischer-kelim-shiraz-persischer-kelim-shiraz-2\\\/#breadcrumb\",\"itemListElement\":[{\"@type\":\"ListItem\",\"position\":1,\"name\":\"Heim\",\"item\":\"https:\\\/\\\/www.perzijskepreproge.si\\\/de\\\/perserteppiche-farzad\\\/\"},{\"@type\":\"ListItem\",\"position\":2,\"name\":\"Shop\",\"item\":\"https:\\\/\\\/www.perzijskepreproge.si\\\/de\\\/shop\\\/\"},{\"@type\":\"ListItem\",\"position\":3,\"name\":\"Persischer Kelim Shiraz \\\/ Persian kilim Shiraz\"}]},{\"@type\":\"WebSite\",\"@id\":\"https:\\\/\\\/www.perzijskepreproge.si\\\/de\\\/#website\",\"url\":\"https:\\\/\\\/www.perzijskepreproge.si\\\/de\\\/\",\"name\":\"Perzijske preproge Farzad\",\"description\":\"Perzijske preproge,  preprog in \u010di\u0161\u010denje preprog\",\"potentialAction\":[{\"@type\":\"SearchAction\",\"target\":{\"@type\":\"EntryPoint\",\"urlTemplate\":\"https:\\\/\\\/www.perzijskepreproge.si\\\/de\\\/?s={search_term_string}\"},\"query-input\":{\"@type\":\"PropertyValueSpecification\",\"valueRequired\":true,\"valueName\":\"search_term_string\"}}],\"inLanguage\":\"de\"}]}<\/script>\n<!-- \/ Yoast SEO plugin. -->","yoast_head_json":{"title":"Persischer Kelim Shiraz \/ Persian kilim Shiraz - Perzijske preproge Farzad","robots":{"index":"index","follow":"follow","max-snippet":"max-snippet:-1","max-image-preview":"max-image-preview:large","max-video-preview":"max-video-preview:-1"},"canonical":"https:\/\/www.perzijskepreproge.si\/de\/produkt\/persischer-kelim-shiraz-persischer-kelim-shiraz-2\/","og_locale":"de_DE","og_type":"article","og_title":"Persischer Kelim Shiraz \/ Persian kilim Shiraz - Perzijske preproge Farzad","og_description":"Reg.-Nr.: 963 Gr\u00f6\u00dfe \/ Size: 460 x 140 cm Material \/ Pile: Wolle \/ wool Grundgewebe \/ Base: Wolle \/ wool Farben \/ Colours: pflanzlich \/ plants Design \/ Design: geometrisch \/ geometrical Webtechnik \/ Weaving technique: handgewebter Flachgewebe-Teppich \/ handmade flatweave Herkunft \/ Origin: Iran &nbsp;","og_url":"https:\/\/www.perzijskepreproge.si\/de\/produkt\/persischer-kelim-shiraz-persischer-kelim-shiraz-2\/","og_site_name":"Perzijske preproge Farzad","article_modified_time":"2026-04-13T11:13:16+00:00","og_image":[{"width":394,"height":700,"url":"https:\/\/www.perzijskepreproge.si\/wp-content\/uploads\/2017\/01\/DSCF1516jpg.jpg","type":"image\/jpeg"}],"twitter_card":"summary_large_image","twitter_misc":{"Gesch\u00e4tzte Lesezeit":"2\u00a0Minute"},"schema":{"@context":"https:\/\/schema.org","@graph":[{"@type":"WebPage","@id":"https:\/\/www.perzijskepreproge.si\/de\/produkt\/persischer-kelim-shiraz-persischer-kelim-shiraz-2\/","url":"https:\/\/www.perzijskepreproge.si\/de\/produkt\/persischer-kelim-shiraz-persischer-kelim-shiraz-2\/","name":"Persischer Kelim Shiraz \/ Persian kilim Shiraz - Perzijske preproge Farzad","isPartOf":{"@id":"https:\/\/www.perzijskepreproge.si\/de\/#website"},"primaryImageOfPage":{"@id":"https:\/\/www.perzijskepreproge.si\/de\/produkt\/persischer-kelim-shiraz-persischer-kelim-shiraz-2\/#primaryimage"},"image":{"@id":"https:\/\/www.perzijskepreproge.si\/de\/produkt\/persischer-kelim-shiraz-persischer-kelim-shiraz-2\/#primaryimage"},"thumbnailUrl":"https:\/\/www.perzijskepreproge.si\/wp-content\/uploads\/2017\/01\/DSCF1516jpg.jpg","datePublished":"2021-04-21T13:37:38+00:00","dateModified":"2026-04-13T11:13:16+00:00","breadcrumb":{"@id":"https:\/\/www.perzijskepreproge.si\/de\/produkt\/persischer-kelim-shiraz-persischer-kelim-shiraz-2\/#breadcrumb"},"inLanguage":"de","potentialAction":[{"@type":"ReadAction","target":["https:\/\/www.perzijskepreproge.si\/de\/produkt\/persischer-kelim-shiraz-persischer-kelim-shiraz-2\/"]}]},{"@type":"ImageObject","inLanguage":"de","@id":"https:\/\/www.perzijskepreproge.si\/de\/produkt\/persischer-kelim-shiraz-persischer-kelim-shiraz-2\/#primaryimage","url":"https:\/\/www.perzijskepreproge.si\/wp-content\/uploads\/2017\/01\/DSCF1516jpg.jpg","contentUrl":"https:\/\/www.perzijskepreproge.si\/wp-content\/uploads\/2017\/01\/DSCF1516jpg.jpg","width":394,"height":700},{"@type":"BreadcrumbList","@id":"https:\/\/www.perzijskepreproge.si\/de\/produkt\/persischer-kelim-shiraz-persischer-kelim-shiraz-2\/#breadcrumb","itemListElement":[{"@type":"ListItem","position":1,"name":"Heim","item":"https:\/\/www.perzijskepreproge.si\/de\/perserteppiche-farzad\/"},{"@type":"ListItem","position":2,"name":"Shop","item":"https:\/\/www.perzijskepreproge.si\/de\/shop\/"},{"@type":"ListItem","position":3,"name":"Persischer Kelim Shiraz \/ Persian kilim Shiraz"}]},{"@type":"WebSite","@id":"https:\/\/www.perzijskepreproge.si\/de\/#website","url":"https:\/\/www.perzijskepreproge.si\/de\/","name":"Perzijske preproge Farzad","description":"Perzijske preproge,  preprog in \u010di\u0161\u010denje preprog","potentialAction":[{"@type":"SearchAction","target":{"@type":"EntryPoint","urlTemplate":"https:\/\/www.perzijskepreproge.si\/de\/?s={search_term_string}"},"query-input":{"@type":"PropertyValueSpecification","valueRequired":true,"valueName":"search_term_string"}}],"inLanguage":"de"}]}},"_links":{"self":[{"href":"https:\/\/www.perzijskepreproge.si\/de\/wp-json\/wp\/v2\/product\/25440","targetHints":{"allow":["GET"]}}],"collection":[{"href":"https:\/\/www.perzijskepreproge.si\/de\/wp-json\/wp\/v2\/product"}],"about":[{"href":"https:\/\/www.perzijskepreproge.si\/de\/wp-json\/wp\/v2\/types\/product"}],"version-history":[{"count":1,"href":"https:\/\/www.perzijskepreproge.si\/de\/wp-json\/wp\/v2\/product\/25440\/revisions"}],"predecessor-version":[{"id":29420,"href":"https:\/\/www.perzijskepreproge.si\/de\/wp-json\/wp\/v2\/product\/25440\/revisions\/29420"}],"wp:featuredmedia":[{"embeddable":true,"href":"https:\/\/www.perzijskepreproge.si\/de\/wp-json\/wp\/v2\/media\/23240"}],"wp:attachment":[{"href":"https:\/\/www.perzijskepreproge.si\/de\/wp-json\/wp\/v2\/media?parent=25440"}],"wp:term":[{"taxonomy":"product_brand","embeddable":true,"href":"https:\/\/www.perzijskepreproge.si\/de\/wp-json\/wp\/v2\/product_brand?post=25440"},{"taxonomy":"product_cat","embeddable":true,"href":"https:\/\/www.perzijskepreproge.si\/de\/wp-json\/wp\/v2\/product_cat?post=25440"},{"taxonomy":"product_tag","embeddable":true,"href":"https:\/\/www.perzijskepreproge.si\/de\/wp-json\/wp\/v2\/product_tag?post=25440"}],"curies":[{"name":"wp","href":"https:\/\/api.w.org\/{rel}","templated":true}]}}