{"id":25445,"date":"2021-03-24T15:37:53","date_gmt":"2021-03-24T14:37:53","guid":{"rendered":"https:\/\/www.perzijskepreproge.si\/izdelek\/persischer-kelim-persischer-kelim\/"},"modified":"2026-04-13T12:57:56","modified_gmt":"2026-04-13T10:57:56","slug":"persischer-kelim-persischer-kelim","status":"publish","type":"product","link":"https:\/\/www.perzijskepreproge.si\/de\/produkt\/persischer-kelim-persischer-kelim\/","title":{"rendered":"Persischer Kelim \/ Persian kilim"},"content":{"rendered":"<p style=\"text-align: left;\">Nomadische persische Kelims sind wundersch\u00f6ne Kunstwerke, die das reiche kulturelle Erbe und die Lebensweise nomadischer Gemeinschaften widerspiegeln. Ihre Muster und Farben sind oft ein Spiegel von Geschichte, Natur und Glauben der Menschen, die sie herstellen, und sind voller Symbolik und Geschichten. Was nomadische persische Kelims besonders sch\u00f6n macht, ist ihre Authentizit\u00e4t und Einzigartigkeit. Jedes St\u00fcck wird mit Liebe und Sorgfalt handgefertigt, was ihnen einen besonderen Wert verleiht. Ihre lebendigen Motive, geometrischen Muster und Symbole spiegeln nat\u00fcrliche Elemente, Schutzsymbole, Fruchtbarkeit und andere wichtige Aspekte des Nomadenlebens wider. Neben ihrem \u00e4sthetischen Wert sind diese Kelims auch funktional \u2013 sie dienen als Decken, Schlafunterlagen oder dekorative Elemente in Wohnr\u00e4umen und \u00fcberliefern gleichzeitig Geschichten und Traditionen, die von Generation zu Generation weitergegeben wurden. Jeder nomadische persische Kelim ist somit ein einzigartiges Erbe, das Kunst, Geschichte und Leben vereint&#8230;       <\/p><\/p>\n","protected":false},"excerpt":{"rendered":"<p>Reg.Nr.: 128<\/p>\n<p>Gr\u00f6\u00dfe: 161 x 107 cm<\/p>\n<p>Material \/ Flor: Wolle<\/p>\n<p>Grundgewebe: Wolle<\/p>\n<p>Farben: Pflanzenfarben<\/p>\n<p>Design: geometrisch<\/p>\n<p>Webtechnik: handgewebter Flachgewebe-Teppich<\/p>\n<p>Herkunft: Iran<\/p>\n<p>&nbsp;<\/p>\n","protected":false},"featured_media":23204,"template":"","meta":{"iawp_total_views":2},"product_brand":[],"product_cat":[358,363],"product_tag":[],"class_list":{"0":"post-25445","1":"product","2":"type-product","3":"status-publish","4":"has-post-thumbnail","6":"product_cat-kelims","7":"product_cat-mittlere-teppiche-de","8":"pa_barva-osnovna-rot-burgunderrot","9":"pa_material-wolle","10":"pa_oblika-rechteckig","11":"pa_velikost-cca-150-x-100-de","13":"first","14":"instock","15":"featured","16":"sold-individually","17":"taxable","18":"shipping-taxable","19":"purchasable","20":"product-type-simple"},"yoast_head":"<!-- This site is optimized with the Yoast SEO plugin v27.3 - https:\/\/yoast.com\/product\/yoast-seo-wordpress\/ -->\n<title>Persischer Kelim \/ Persian kilim - Perzijske preproge Farzad<\/title>\n<meta name=\"robots\" content=\"index, follow, max-snippet:-1, max-image-preview:large, max-video-preview:-1\" \/>\n<link rel=\"canonical\" href=\"https:\/\/www.perzijskepreproge.si\/de\/produkt\/persischer-kelim-persischer-kelim\/\" \/>\n<meta property=\"og:locale\" content=\"de_DE\" \/>\n<meta property=\"og:type\" content=\"article\" \/>\n<meta property=\"og:title\" content=\"Persischer Kelim \/ Persian kilim - Perzijske preproge Farzad\" \/>\n<meta property=\"og:description\" content=\"Reg.Nr.: 128 Gr\u00f6\u00dfe: 161 x 107 cm Material \/ Flor: Wolle Grundgewebe: Wolle Farben: Pflanzenfarben Design: geometrisch Webtechnik: handgewebter Flachgewebe-Teppich Herkunft: Iran &nbsp;\" \/>\n<meta property=\"og:url\" content=\"https:\/\/www.perzijskepreproge.si\/de\/produkt\/persischer-kelim-persischer-kelim\/\" \/>\n<meta property=\"og:site_name\" content=\"Perzijske preproge Farzad\" \/>\n<meta property=\"article:modified_time\" content=\"2026-04-13T10:57:56+00:00\" \/>\n<meta property=\"og:image\" content=\"https:\/\/www.perzijskepreproge.si\/wp-content\/uploads\/2021\/03\/DSCF1190jpg.webp\" \/>\n\t<meta property=\"og:image:width\" content=\"510\" \/>\n\t<meta property=\"og:image:height\" content=\"800\" \/>\n\t<meta property=\"og:image:type\" content=\"image\/jpeg\" \/>\n<meta name=\"twitter:card\" content=\"summary_large_image\" \/>\n<meta name=\"twitter:label1\" content=\"Gesch\u00e4tzte Lesezeit\" \/>\n\t<meta name=\"twitter:data1\" content=\"1\u00a0Minute\" \/>\n<script type=\"application\/ld+json\" class=\"yoast-schema-graph\">{\"@context\":\"https:\\\/\\\/schema.org\",\"@graph\":[{\"@type\":\"WebPage\",\"@id\":\"https:\\\/\\\/www.perzijskepreproge.si\\\/de\\\/produkt\\\/persischer-kelim-persischer-kelim\\\/\",\"url\":\"https:\\\/\\\/www.perzijskepreproge.si\\\/de\\\/produkt\\\/persischer-kelim-persischer-kelim\\\/\",\"name\":\"Persischer Kelim \\\/ Persian kilim - Perzijske preproge Farzad\",\"isPartOf\":{\"@id\":\"https:\\\/\\\/www.perzijskepreproge.si\\\/de\\\/#website\"},\"primaryImageOfPage\":{\"@id\":\"https:\\\/\\\/www.perzijskepreproge.si\\\/de\\\/produkt\\\/persischer-kelim-persischer-kelim\\\/#primaryimage\"},\"image\":{\"@id\":\"https:\\\/\\\/www.perzijskepreproge.si\\\/de\\\/produkt\\\/persischer-kelim-persischer-kelim\\\/#primaryimage\"},\"thumbnailUrl\":\"https:\\\/\\\/www.perzijskepreproge.si\\\/wp-content\\\/uploads\\\/2021\\\/03\\\/DSCF1190jpg.jpg\",\"datePublished\":\"2021-03-24T14:37:53+00:00\",\"dateModified\":\"2026-04-13T10:57:56+00:00\",\"breadcrumb\":{\"@id\":\"https:\\\/\\\/www.perzijskepreproge.si\\\/de\\\/produkt\\\/persischer-kelim-persischer-kelim\\\/#breadcrumb\"},\"inLanguage\":\"de\",\"potentialAction\":[{\"@type\":\"ReadAction\",\"target\":[\"https:\\\/\\\/www.perzijskepreproge.si\\\/de\\\/produkt\\\/persischer-kelim-persischer-kelim\\\/\"]}]},{\"@type\":\"ImageObject\",\"inLanguage\":\"de\",\"@id\":\"https:\\\/\\\/www.perzijskepreproge.si\\\/de\\\/produkt\\\/persischer-kelim-persischer-kelim\\\/#primaryimage\",\"url\":\"https:\\\/\\\/www.perzijskepreproge.si\\\/wp-content\\\/uploads\\\/2021\\\/03\\\/DSCF1190jpg.jpg\",\"contentUrl\":\"https:\\\/\\\/www.perzijskepreproge.si\\\/wp-content\\\/uploads\\\/2021\\\/03\\\/DSCF1190jpg.jpg\",\"width\":510,\"height\":800},{\"@type\":\"BreadcrumbList\",\"@id\":\"https:\\\/\\\/www.perzijskepreproge.si\\\/de\\\/produkt\\\/persischer-kelim-persischer-kelim\\\/#breadcrumb\",\"itemListElement\":[{\"@type\":\"ListItem\",\"position\":1,\"name\":\"Heim\",\"item\":\"https:\\\/\\\/www.perzijskepreproge.si\\\/de\\\/perserteppiche-farzad\\\/\"},{\"@type\":\"ListItem\",\"position\":2,\"name\":\"Shop\",\"item\":\"https:\\\/\\\/www.perzijskepreproge.si\\\/de\\\/shop\\\/\"},{\"@type\":\"ListItem\",\"position\":3,\"name\":\"Persischer Kelim \\\/ Persian kilim\"}]},{\"@type\":\"WebSite\",\"@id\":\"https:\\\/\\\/www.perzijskepreproge.si\\\/de\\\/#website\",\"url\":\"https:\\\/\\\/www.perzijskepreproge.si\\\/de\\\/\",\"name\":\"Perzijske preproge Farzad\",\"description\":\"Perzijske preproge,  preprog in \u010di\u0161\u010denje preprog\",\"potentialAction\":[{\"@type\":\"SearchAction\",\"target\":{\"@type\":\"EntryPoint\",\"urlTemplate\":\"https:\\\/\\\/www.perzijskepreproge.si\\\/de\\\/?s={search_term_string}\"},\"query-input\":{\"@type\":\"PropertyValueSpecification\",\"valueRequired\":true,\"valueName\":\"search_term_string\"}}],\"inLanguage\":\"de\"}]}<\/script>\n<!-- \/ Yoast SEO plugin. -->","yoast_head_json":{"title":"Persischer Kelim \/ Persian kilim - Perzijske preproge Farzad","robots":{"index":"index","follow":"follow","max-snippet":"max-snippet:-1","max-image-preview":"max-image-preview:large","max-video-preview":"max-video-preview:-1"},"canonical":"https:\/\/www.perzijskepreproge.si\/de\/produkt\/persischer-kelim-persischer-kelim\/","og_locale":"de_DE","og_type":"article","og_title":"Persischer Kelim \/ Persian kilim - Perzijske preproge Farzad","og_description":"Reg.Nr.: 128 Gr\u00f6\u00dfe: 161 x 107 cm Material \/ Flor: Wolle Grundgewebe: Wolle Farben: Pflanzenfarben Design: geometrisch Webtechnik: handgewebter Flachgewebe-Teppich Herkunft: Iran &nbsp;","og_url":"https:\/\/www.perzijskepreproge.si\/de\/produkt\/persischer-kelim-persischer-kelim\/","og_site_name":"Perzijske preproge Farzad","article_modified_time":"2026-04-13T10:57:56+00:00","og_image":[{"width":510,"height":800,"url":"https:\/\/www.perzijskepreproge.si\/wp-content\/uploads\/2021\/03\/DSCF1190jpg.webp","type":"image\/jpeg"}],"twitter_card":"summary_large_image","twitter_misc":{"Gesch\u00e4tzte Lesezeit":"1\u00a0Minute"},"schema":{"@context":"https:\/\/schema.org","@graph":[{"@type":"WebPage","@id":"https:\/\/www.perzijskepreproge.si\/de\/produkt\/persischer-kelim-persischer-kelim\/","url":"https:\/\/www.perzijskepreproge.si\/de\/produkt\/persischer-kelim-persischer-kelim\/","name":"Persischer Kelim \/ Persian kilim - Perzijske preproge Farzad","isPartOf":{"@id":"https:\/\/www.perzijskepreproge.si\/de\/#website"},"primaryImageOfPage":{"@id":"https:\/\/www.perzijskepreproge.si\/de\/produkt\/persischer-kelim-persischer-kelim\/#primaryimage"},"image":{"@id":"https:\/\/www.perzijskepreproge.si\/de\/produkt\/persischer-kelim-persischer-kelim\/#primaryimage"},"thumbnailUrl":"https:\/\/www.perzijskepreproge.si\/wp-content\/uploads\/2021\/03\/DSCF1190jpg.jpg","datePublished":"2021-03-24T14:37:53+00:00","dateModified":"2026-04-13T10:57:56+00:00","breadcrumb":{"@id":"https:\/\/www.perzijskepreproge.si\/de\/produkt\/persischer-kelim-persischer-kelim\/#breadcrumb"},"inLanguage":"de","potentialAction":[{"@type":"ReadAction","target":["https:\/\/www.perzijskepreproge.si\/de\/produkt\/persischer-kelim-persischer-kelim\/"]}]},{"@type":"ImageObject","inLanguage":"de","@id":"https:\/\/www.perzijskepreproge.si\/de\/produkt\/persischer-kelim-persischer-kelim\/#primaryimage","url":"https:\/\/www.perzijskepreproge.si\/wp-content\/uploads\/2021\/03\/DSCF1190jpg.jpg","contentUrl":"https:\/\/www.perzijskepreproge.si\/wp-content\/uploads\/2021\/03\/DSCF1190jpg.jpg","width":510,"height":800},{"@type":"BreadcrumbList","@id":"https:\/\/www.perzijskepreproge.si\/de\/produkt\/persischer-kelim-persischer-kelim\/#breadcrumb","itemListElement":[{"@type":"ListItem","position":1,"name":"Heim","item":"https:\/\/www.perzijskepreproge.si\/de\/perserteppiche-farzad\/"},{"@type":"ListItem","position":2,"name":"Shop","item":"https:\/\/www.perzijskepreproge.si\/de\/shop\/"},{"@type":"ListItem","position":3,"name":"Persischer Kelim \/ Persian kilim"}]},{"@type":"WebSite","@id":"https:\/\/www.perzijskepreproge.si\/de\/#website","url":"https:\/\/www.perzijskepreproge.si\/de\/","name":"Perzijske preproge Farzad","description":"Perzijske preproge,  preprog in \u010di\u0161\u010denje preprog","potentialAction":[{"@type":"SearchAction","target":{"@type":"EntryPoint","urlTemplate":"https:\/\/www.perzijskepreproge.si\/de\/?s={search_term_string}"},"query-input":{"@type":"PropertyValueSpecification","valueRequired":true,"valueName":"search_term_string"}}],"inLanguage":"de"}]}},"_links":{"self":[{"href":"https:\/\/www.perzijskepreproge.si\/de\/wp-json\/wp\/v2\/product\/25445","targetHints":{"allow":["GET"]}}],"collection":[{"href":"https:\/\/www.perzijskepreproge.si\/de\/wp-json\/wp\/v2\/product"}],"about":[{"href":"https:\/\/www.perzijskepreproge.si\/de\/wp-json\/wp\/v2\/types\/product"}],"version-history":[{"count":1,"href":"https:\/\/www.perzijskepreproge.si\/de\/wp-json\/wp\/v2\/product\/25445\/revisions"}],"predecessor-version":[{"id":29308,"href":"https:\/\/www.perzijskepreproge.si\/de\/wp-json\/wp\/v2\/product\/25445\/revisions\/29308"}],"wp:featuredmedia":[{"embeddable":true,"href":"https:\/\/www.perzijskepreproge.si\/de\/wp-json\/wp\/v2\/media\/23204"}],"wp:attachment":[{"href":"https:\/\/www.perzijskepreproge.si\/de\/wp-json\/wp\/v2\/media?parent=25445"}],"wp:term":[{"taxonomy":"product_brand","embeddable":true,"href":"https:\/\/www.perzijskepreproge.si\/de\/wp-json\/wp\/v2\/product_brand?post=25445"},{"taxonomy":"product_cat","embeddable":true,"href":"https:\/\/www.perzijskepreproge.si\/de\/wp-json\/wp\/v2\/product_cat?post=25445"},{"taxonomy":"product_tag","embeddable":true,"href":"https:\/\/www.perzijskepreproge.si\/de\/wp-json\/wp\/v2\/product_tag?post=25445"}],"curies":[{"name":"wp","href":"https:\/\/api.w.org\/{rel}","templated":true}]}}