{"id":25460,"date":"2019-12-20T10:19:40","date_gmt":"2019-12-20T09:19:40","guid":{"rendered":"https:\/\/www.perzijskepreproge.si\/izdelek\/perserteppich-tabriz-perserteppich-tabriz-6\/"},"modified":"2019-12-20T10:19:40","modified_gmt":"2019-12-20T09:19:40","slug":"perserteppich-tabriz-perserteppich-tabriz-6","status":"publish","type":"product","link":"https:\/\/www.perzijskepreproge.si\/de\/produkt\/perserteppich-tabriz-perserteppich-tabriz-6\/","title":{"rendered":"Perserteppich Tabriz \/ Perserteppich Tabriz"},"content":{"rendered":"<p>Die Stadt T\u00e4bris liegt 600 km westlich von Teheran und ist die Hauptstadt der Provinz Aserbaidschan. Die dort lebenden Azaren sind die gr\u00f6\u00dfte ethnische Minderheit im Iran und sprechen einen t\u00fcrkischen Dialekt. T\u00e4bris ist eine antike Stadt, die seit Jahrhunderten eine wichtige Handelsposition in der Grenzregion einnimmt. <em>Die Blaue Moschee und der Gro\u00dfe Basar sind sehr ber\u00fchmt.<\/em>   <\/p>\n<p>Hochwertige Teppiche aus T\u00e4bris haben kurze und starke Knoten. Ein charakteristisches Muster ist ein Motiv mit einem zentralen Medaillon <em>(persisch: toranj),<\/em> umgeben von Arabesken, Ranken oder Zypressen ( <em>Boteh-Motiv<\/em> ). Ein weiteres bekanntes Motiv ist das Motiv der vier Jahreszeiten. Manchmal sind auch die gr\u00f6\u00dften persischen Dichter wie Sadi, Hafez, Firduzi und Omar Khayam in den Teppich eingewebt.   <\/p>\n<p>T\u00e4bris ist seit Jahrtausenden ein Ort der Begegnung verschiedener Kulturen und sein Basar ist eines der wichtigsten Handelszentren entlang der ehemaligen Seidenstra\u00dfe. Der Gro\u00dfe Basar befindet sich im Stadtzentrum und besteht aus mehreren kleineren Basaren wie Amir Bazar (Schmuck, Gold), Mozzafarieh (Teppiche) und vielen anderen. Ihren gr\u00f6\u00dften Wohlstand erlebte die Stadt w\u00e4hrend der Safawiden-Dynastie im 16. Jahrhundert, als T\u00e4bris die Hauptstadt des Safawiden-K\u00f6nigreichs war. Die Safawiden-Dynastie f\u00f6rderte die K\u00fcnste und w\u00e4hrend dieser Zeit entstanden unsch\u00e4tzbar wertvolle Meisterwerke, die heute in allen gro\u00dfen Museen der Welt zu sehen sind. (New York, London, Paris, Wien)     <\/p>\n<p>Die Safawiden-Dynastie, benannt nach den Sufi-Muslimen und urspr\u00fcnglich aus Ardabil im Nordwesten des Iran stammend, \u00fcbernahm den schiitischen Islam, vereinigte das Land wieder und f\u00f6rderte die Entwicklung der K\u00fcnste. W\u00e4hrend ihrer Herrschaft erlebte die Kunst der Perser eine wahre Renaissance. Kalligraphie, Malerei, Lederverarbeitung, Architektur und Teppichkn\u00fcpfen erlebten ihre volle Bl\u00fcte. W\u00e4hrend dieser Zeit schufen persische Hofhandwerker, Maler und andere K\u00fcnstler interessante Muster und Motive f\u00fcr Teppiche, die noch heute nachgeahmt werden. Die Meisterwerke der safawidischen Hofteppichkn\u00fcpfer waren so vollendet und raffiniert, dass es bis heute nur wenigen gelungen ist, die urspr\u00fcnglichen Motive der Safawiden genau nachzubilden. Diese Meister schufen in dieser Zeit rund 1.500 Hofteppiche, von denen viele weltber\u00fchmte Meisterwerke sind. Safawidenk\u00f6nige wie Schah Tahmasp und Schah Abbas gr\u00fcndeten Hofteppichwerkst\u00e4tten in den St\u00e4dten Kaschan, Isfahan, T\u00e4bris, Qazvin, Kerman und vielen anderen Teilen des damaligen Persiens.      <\/p>\n<p>Die Tageb\u00fccher europ\u00e4ischer Reisender wie Jean Tavernier und Jean Chardin (17. Jahrhundert) sind eine hervorragende Quelle f\u00fcr Einblicke in die Teppichherstellung jener Zeit. Persische Teppiche begannen, die europ\u00e4ischen M\u00e4rkte zu erobern, und einer der bekanntesten Teppiche dieser Zeit ist der Teppich namens Ardabil, der zu Beginn des 16. Jahrhunderts hergestellt wurde. Aufgrund seiner wundersch\u00f6nen Farben, Muster und extrem feinen Seidenf\u00e4den gilt dieser Teppich als eines der gr\u00f6\u00dften Meisterwerke \u00e4lterer, erhaltener Kn\u00fcpfteppiche. Im 19. Jahrhundert wurde es von einer britischen Firma erworben und f\u00fcr damals 2.000 Pfund an das Londoner Victoria &amp; Albert Museum verkauft, wo es noch heute bewundert werden kann. Seine Abmessungen betragen 11,53 x 5,34 Meter. \u00dcber seine Herkunft gehen die Meinungen der Experten auseinander: Einige gehen davon aus, dass er in der Stadt Ardabil hergestellt wurde, andere wiederum glauben, er stamme aus der Stadt Maschhad, was nat\u00fcrlich keinen Einfluss auf den Wert des Teppichs selbst hat. Der untere Teil des Teppichs tr\u00e4gt zudem die Signatur des Meisters und einen Vers des gro\u00dfen persischen Dichters Hafiz. Schah Abbas ernannte die Stadt Isfahan (zuvor Ardabil) zu seiner Hauptstadt und sorgte daf\u00fcr, dass sie zu einem Zentrum aller K\u00fcnste wurde. Sie bauten Pal\u00e4ste und Moscheen, die von den geschicktesten Handwerkern und K\u00fcnstlern fertiggestellt wurden, die ihnen zur Verf\u00fcgung standen. Er gr\u00fcndete auch eine Hofteppichwerkstatt, in der Teppiche nicht nur f\u00fcr den Schah, sondern auch f\u00fcr die Arbeitsr\u00e4ume und Wohnungen der Hofbeamten hergestellt wurden&#8230; Der Ardabil-Teppich veranschaulicht die interessante Entwicklung persischer Teppiche im 15. und 16. Jahrhundert. Mit seinem zentralen Medaillon und den Spiralen erinnert es an Miniaturen auf Buchdeckeln dieser Zeit. Mit seiner pr\u00e4zisen Musterung und den aufwendigen Designs erinnert es auch an die Miniaturen des Safawidenhofes. Ein weiterer interessanter Teppich aus dieser Zeit ist im Wiener Museum ausgestellt. Er wurde \u201eJagdteppich\u201c genannt, weil er ein Jagdmotiv darstellt. Dieses Motiv ist ein klassisches Motiv persischer Teppiche aus dem 16. Jahrhundert, da Schahs und F\u00fcrsten sich gerne als tapfere J\u00e4ger zu Pferd darstellen lie\u00dfen. Auf dem Teppich sehen wir einen J\u00e4ger, der mit Bogen und Speer Leoparden, Antilopen und sogar B\u00e4ren jagt. Der gesamte Teppich besteht aus Seide und misst 6,80 x 3,29 Meter. Experten gehen davon aus, dass der Teppich in der Stadt Kashan unter der Anleitung des erfahrenen Malers Sultan Mahammad hergestellt wurde, der ein Sch\u00fcler des ber\u00fchmten persischen Malers Bizhad war.                   <\/p>\n<p>&nbsp;<\/p>\n","protected":false},"excerpt":{"rendered":"<p>Reg. Nr.: 536<\/p>\n<p>Gr\u00f6\u00dfe: 205 X 149 cm<\/p>\n<p>Material \/ Flor: Wolle, Seide<\/p>\n<p>Basis: Seide<\/p>\n<p>Farben: Pflanzen<\/p>\n<p>Design: floral<\/p>\n<p>Webtechnik: handgefertigter Florteppich<\/p>\n<p>Knotendichte: 640.000 m\/2<\/p>\n<p>Herkunft: Iran<\/p>\n<p>&nbsp;<\/p>\n","protected":false},"featured_media":23054,"template":"","meta":{"iawp_total_views":1},"product_brand":[],"product_cat":[305,306],"product_tag":[],"class_list":{"0":"post-25460","1":"product","2":"type-product","3":"status-publish","4":"has-post-thumbnail","6":"product_cat-klassische-teppiche","7":"product_cat-mittlere-teppiche","8":"pa_barva-osnovna-rosa-lila","9":"pa_material-wolle-seide","10":"pa_oblika-rechteckig","11":"pa_velikost-cca-200-x-150-de","13":"first","14":"instock","15":"sold-individually","16":"taxable","17":"shipping-taxable","18":"purchasable","19":"product-type-simple"},"yoast_head":"<!-- This site is optimized with the Yoast SEO plugin v27.3 - https:\/\/yoast.com\/product\/yoast-seo-wordpress\/ -->\n<title>Perserteppich Tabriz \/ Perserteppich Tabriz - Perzijske preproge Farzad<\/title>\n<meta name=\"robots\" content=\"index, follow, max-snippet:-1, max-image-preview:large, max-video-preview:-1\" \/>\n<link rel=\"canonical\" href=\"https:\/\/www.perzijskepreproge.si\/de\/produkt\/perserteppich-tabriz-perserteppich-tabriz-6\/\" \/>\n<meta property=\"og:locale\" content=\"de_DE\" \/>\n<meta property=\"og:type\" content=\"article\" \/>\n<meta property=\"og:title\" content=\"Perserteppich Tabriz \/ Perserteppich Tabriz - Perzijske preproge Farzad\" \/>\n<meta property=\"og:description\" content=\"Reg. Nr.: 536 Gr\u00f6\u00dfe: 205 X 149 cm Material \/ Flor: Wolle, Seide Basis: Seide Farben: Pflanzen Design: floral Webtechnik: handgefertigter Florteppich Knotendichte: 640.000 m\/2 Herkunft: Iran &nbsp;\" \/>\n<meta property=\"og:url\" content=\"https:\/\/www.perzijskepreproge.si\/de\/produkt\/perserteppich-tabriz-perserteppich-tabriz-6\/\" \/>\n<meta property=\"og:site_name\" content=\"Perzijske preproge Farzad\" \/>\n<meta property=\"og:image\" content=\"https:\/\/www.perzijskepreproge.si\/wp-content\/uploads\/2019\/12\/DSCF9780.jpg\" \/>\n\t<meta property=\"og:image:width\" content=\"544\" \/>\n\t<meta property=\"og:image:height\" content=\"900\" \/>\n\t<meta property=\"og:image:type\" content=\"image\/jpeg\" \/>\n<meta name=\"twitter:card\" content=\"summary_large_image\" \/>\n<meta name=\"twitter:label1\" content=\"Gesch\u00e4tzte Lesezeit\" \/>\n\t<meta name=\"twitter:data1\" content=\"4\u00a0Minute\" \/>\n<script type=\"application\/ld+json\" class=\"yoast-schema-graph\">{\"@context\":\"https:\\\/\\\/schema.org\",\"@graph\":[{\"@type\":\"WebPage\",\"@id\":\"https:\\\/\\\/www.perzijskepreproge.si\\\/de\\\/produkt\\\/perserteppich-tabriz-perserteppich-tabriz-6\\\/\",\"url\":\"https:\\\/\\\/www.perzijskepreproge.si\\\/de\\\/produkt\\\/perserteppich-tabriz-perserteppich-tabriz-6\\\/\",\"name\":\"Perserteppich Tabriz \\\/ Perserteppich Tabriz - Perzijske preproge Farzad\",\"isPartOf\":{\"@id\":\"https:\\\/\\\/www.perzijskepreproge.si\\\/de\\\/#website\"},\"primaryImageOfPage\":{\"@id\":\"https:\\\/\\\/www.perzijskepreproge.si\\\/de\\\/produkt\\\/perserteppich-tabriz-perserteppich-tabriz-6\\\/#primaryimage\"},\"image\":{\"@id\":\"https:\\\/\\\/www.perzijskepreproge.si\\\/de\\\/produkt\\\/perserteppich-tabriz-perserteppich-tabriz-6\\\/#primaryimage\"},\"thumbnailUrl\":\"https:\\\/\\\/www.perzijskepreproge.si\\\/wp-content\\\/uploads\\\/2019\\\/12\\\/DSCF9780.jpg\",\"datePublished\":\"2019-12-20T09:19:40+00:00\",\"breadcrumb\":{\"@id\":\"https:\\\/\\\/www.perzijskepreproge.si\\\/de\\\/produkt\\\/perserteppich-tabriz-perserteppich-tabriz-6\\\/#breadcrumb\"},\"inLanguage\":\"de\",\"potentialAction\":[{\"@type\":\"ReadAction\",\"target\":[\"https:\\\/\\\/www.perzijskepreproge.si\\\/de\\\/produkt\\\/perserteppich-tabriz-perserteppich-tabriz-6\\\/\"]}]},{\"@type\":\"ImageObject\",\"inLanguage\":\"de\",\"@id\":\"https:\\\/\\\/www.perzijskepreproge.si\\\/de\\\/produkt\\\/perserteppich-tabriz-perserteppich-tabriz-6\\\/#primaryimage\",\"url\":\"https:\\\/\\\/www.perzijskepreproge.si\\\/wp-content\\\/uploads\\\/2019\\\/12\\\/DSCF9780.jpg\",\"contentUrl\":\"https:\\\/\\\/www.perzijskepreproge.si\\\/wp-content\\\/uploads\\\/2019\\\/12\\\/DSCF9780.jpg\",\"width\":544,\"height\":900},{\"@type\":\"BreadcrumbList\",\"@id\":\"https:\\\/\\\/www.perzijskepreproge.si\\\/de\\\/produkt\\\/perserteppich-tabriz-perserteppich-tabriz-6\\\/#breadcrumb\",\"itemListElement\":[{\"@type\":\"ListItem\",\"position\":1,\"name\":\"Heim\",\"item\":\"https:\\\/\\\/www.perzijskepreproge.si\\\/de\\\/perserteppiche-farzad\\\/\"},{\"@type\":\"ListItem\",\"position\":2,\"name\":\"Shop\",\"item\":\"https:\\\/\\\/www.perzijskepreproge.si\\\/de\\\/shop\\\/\"},{\"@type\":\"ListItem\",\"position\":3,\"name\":\"Perserteppich Tabriz \\\/ Perserteppich Tabriz\"}]},{\"@type\":\"WebSite\",\"@id\":\"https:\\\/\\\/www.perzijskepreproge.si\\\/de\\\/#website\",\"url\":\"https:\\\/\\\/www.perzijskepreproge.si\\\/de\\\/\",\"name\":\"Perzijske preproge Farzad\",\"description\":\"Perzijske preproge,  preprog in \u010di\u0161\u010denje preprog\",\"potentialAction\":[{\"@type\":\"SearchAction\",\"target\":{\"@type\":\"EntryPoint\",\"urlTemplate\":\"https:\\\/\\\/www.perzijskepreproge.si\\\/de\\\/?s={search_term_string}\"},\"query-input\":{\"@type\":\"PropertyValueSpecification\",\"valueRequired\":true,\"valueName\":\"search_term_string\"}}],\"inLanguage\":\"de\"}]}<\/script>\n<!-- \/ Yoast SEO plugin. -->","yoast_head_json":{"title":"Perserteppich Tabriz \/ Perserteppich Tabriz - Perzijske preproge Farzad","robots":{"index":"index","follow":"follow","max-snippet":"max-snippet:-1","max-image-preview":"max-image-preview:large","max-video-preview":"max-video-preview:-1"},"canonical":"https:\/\/www.perzijskepreproge.si\/de\/produkt\/perserteppich-tabriz-perserteppich-tabriz-6\/","og_locale":"de_DE","og_type":"article","og_title":"Perserteppich Tabriz \/ Perserteppich Tabriz - Perzijske preproge Farzad","og_description":"Reg. Nr.: 536 Gr\u00f6\u00dfe: 205 X 149 cm Material \/ Flor: Wolle, Seide Basis: Seide Farben: Pflanzen Design: floral Webtechnik: handgefertigter Florteppich Knotendichte: 640.000 m\/2 Herkunft: Iran &nbsp;","og_url":"https:\/\/www.perzijskepreproge.si\/de\/produkt\/perserteppich-tabriz-perserteppich-tabriz-6\/","og_site_name":"Perzijske preproge Farzad","og_image":[{"width":544,"height":900,"url":"https:\/\/www.perzijskepreproge.si\/wp-content\/uploads\/2019\/12\/DSCF9780.jpg","type":"image\/jpeg"}],"twitter_card":"summary_large_image","twitter_misc":{"Gesch\u00e4tzte Lesezeit":"4\u00a0Minute"},"schema":{"@context":"https:\/\/schema.org","@graph":[{"@type":"WebPage","@id":"https:\/\/www.perzijskepreproge.si\/de\/produkt\/perserteppich-tabriz-perserteppich-tabriz-6\/","url":"https:\/\/www.perzijskepreproge.si\/de\/produkt\/perserteppich-tabriz-perserteppich-tabriz-6\/","name":"Perserteppich Tabriz \/ Perserteppich Tabriz - Perzijske preproge Farzad","isPartOf":{"@id":"https:\/\/www.perzijskepreproge.si\/de\/#website"},"primaryImageOfPage":{"@id":"https:\/\/www.perzijskepreproge.si\/de\/produkt\/perserteppich-tabriz-perserteppich-tabriz-6\/#primaryimage"},"image":{"@id":"https:\/\/www.perzijskepreproge.si\/de\/produkt\/perserteppich-tabriz-perserteppich-tabriz-6\/#primaryimage"},"thumbnailUrl":"https:\/\/www.perzijskepreproge.si\/wp-content\/uploads\/2019\/12\/DSCF9780.jpg","datePublished":"2019-12-20T09:19:40+00:00","breadcrumb":{"@id":"https:\/\/www.perzijskepreproge.si\/de\/produkt\/perserteppich-tabriz-perserteppich-tabriz-6\/#breadcrumb"},"inLanguage":"de","potentialAction":[{"@type":"ReadAction","target":["https:\/\/www.perzijskepreproge.si\/de\/produkt\/perserteppich-tabriz-perserteppich-tabriz-6\/"]}]},{"@type":"ImageObject","inLanguage":"de","@id":"https:\/\/www.perzijskepreproge.si\/de\/produkt\/perserteppich-tabriz-perserteppich-tabriz-6\/#primaryimage","url":"https:\/\/www.perzijskepreproge.si\/wp-content\/uploads\/2019\/12\/DSCF9780.jpg","contentUrl":"https:\/\/www.perzijskepreproge.si\/wp-content\/uploads\/2019\/12\/DSCF9780.jpg","width":544,"height":900},{"@type":"BreadcrumbList","@id":"https:\/\/www.perzijskepreproge.si\/de\/produkt\/perserteppich-tabriz-perserteppich-tabriz-6\/#breadcrumb","itemListElement":[{"@type":"ListItem","position":1,"name":"Heim","item":"https:\/\/www.perzijskepreproge.si\/de\/perserteppiche-farzad\/"},{"@type":"ListItem","position":2,"name":"Shop","item":"https:\/\/www.perzijskepreproge.si\/de\/shop\/"},{"@type":"ListItem","position":3,"name":"Perserteppich Tabriz \/ Perserteppich Tabriz"}]},{"@type":"WebSite","@id":"https:\/\/www.perzijskepreproge.si\/de\/#website","url":"https:\/\/www.perzijskepreproge.si\/de\/","name":"Perzijske preproge Farzad","description":"Perzijske preproge,  preprog in \u010di\u0161\u010denje preprog","potentialAction":[{"@type":"SearchAction","target":{"@type":"EntryPoint","urlTemplate":"https:\/\/www.perzijskepreproge.si\/de\/?s={search_term_string}"},"query-input":{"@type":"PropertyValueSpecification","valueRequired":true,"valueName":"search_term_string"}}],"inLanguage":"de"}]}},"_links":{"self":[{"href":"https:\/\/www.perzijskepreproge.si\/de\/wp-json\/wp\/v2\/product\/25460","targetHints":{"allow":["GET"]}}],"collection":[{"href":"https:\/\/www.perzijskepreproge.si\/de\/wp-json\/wp\/v2\/product"}],"about":[{"href":"https:\/\/www.perzijskepreproge.si\/de\/wp-json\/wp\/v2\/types\/product"}],"version-history":[{"count":0,"href":"https:\/\/www.perzijskepreproge.si\/de\/wp-json\/wp\/v2\/product\/25460\/revisions"}],"wp:featuredmedia":[{"embeddable":true,"href":"https:\/\/www.perzijskepreproge.si\/de\/wp-json\/wp\/v2\/media\/23054"}],"wp:attachment":[{"href":"https:\/\/www.perzijskepreproge.si\/de\/wp-json\/wp\/v2\/media?parent=25460"}],"wp:term":[{"taxonomy":"product_brand","embeddable":true,"href":"https:\/\/www.perzijskepreproge.si\/de\/wp-json\/wp\/v2\/product_brand?post=25460"},{"taxonomy":"product_cat","embeddable":true,"href":"https:\/\/www.perzijskepreproge.si\/de\/wp-json\/wp\/v2\/product_cat?post=25460"},{"taxonomy":"product_tag","embeddable":true,"href":"https:\/\/www.perzijskepreproge.si\/de\/wp-json\/wp\/v2\/product_tag?post=25460"}],"curies":[{"name":"wp","href":"https:\/\/api.w.org\/{rel}","templated":true}]}}