{"id":25473,"date":"2018-05-29T11:17:26","date_gmt":"2018-05-29T09:17:26","guid":{"rendered":"https:\/\/www.perzijskepreproge.si\/izdelek\/perserteppich-belutsch-perserteppich-belutsch\/"},"modified":"2018-05-29T11:17:26","modified_gmt":"2018-05-29T09:17:26","slug":"perserteppich-belutsch-perserteppich-belutsch","status":"publish","type":"product","link":"https:\/\/www.perzijskepreproge.si\/de\/produkt\/perserteppich-belutsch-perserteppich-belutsch\/","title":{"rendered":"Perserteppich Belutsch \/ Perserteppich Belutsch"},"content":{"rendered":"","protected":false},"excerpt":{"rendered":"<p>Reg. Nr.: 974<\/p>\n<p>Gr\u00f6\u00dfe: 144 x 89 cm<\/p>\n<p>Material \/ Flor: Wolle<\/p>\n<p>Basis: Wolle<\/p>\n<p>Farben: Pflanzen<\/p>\n<p>Design: geometrisch<\/p>\n<p>Webtechnik: handgefertigter Florteppich<\/p>\n<p>Knotendichte: 200.000 m\/2<\/p>\n<p>Herkunft: Iran<\/p>\n<p>&nbsp;<\/p>\n","protected":false},"featured_media":22913,"template":"","meta":{"iawp_total_views":1},"product_brand":[],"product_cat":[392,288],"product_tag":[],"class_list":{"0":"post-25473","1":"product","2":"type-product","3":"status-publish","4":"has-post-thumbnail","6":"product_cat-kleine-teppiche-de-2","7":"product_cat-nomad-teppiche","8":"pa_barva-osnovna-braun-erdig","9":"pa_material-wolle","10":"pa_oblika-rechteckig","11":"pa_velikost-cca-150-x-100-de","13":"first","14":"instock","15":"sold-individually","16":"taxable","17":"shipping-taxable","18":"purchasable","19":"product-type-simple"},"yoast_head":"<!-- This site is optimized with the Yoast SEO plugin v27.3 - https:\/\/yoast.com\/product\/yoast-seo-wordpress\/ -->\n<title>Perserteppich Belutsch \/ Perserteppich Belutsch - Perzijske preproge Farzad<\/title>\n<meta name=\"robots\" content=\"index, follow, max-snippet:-1, max-image-preview:large, max-video-preview:-1\" \/>\n<link rel=\"canonical\" href=\"https:\/\/www.perzijskepreproge.si\/de\/produkt\/perserteppich-belutsch-perserteppich-belutsch\/\" \/>\n<meta property=\"og:locale\" content=\"de_DE\" \/>\n<meta property=\"og:type\" content=\"article\" \/>\n<meta property=\"og:title\" content=\"Perserteppich Belutsch \/ Perserteppich Belutsch - Perzijske preproge Farzad\" \/>\n<meta property=\"og:description\" content=\"Reg. Nr.: 974 Gr\u00f6\u00dfe: 144 x 89 cm Material \/ Flor: Wolle Basis: Wolle Farben: Pflanzen Design: geometrisch Webtechnik: handgefertigter Florteppich Knotendichte: 200.000 m\/2 Herkunft: Iran &nbsp;\" \/>\n<meta property=\"og:url\" content=\"https:\/\/www.perzijskepreproge.si\/de\/produkt\/perserteppich-belutsch-perserteppich-belutsch\/\" \/>\n<meta property=\"og:site_name\" content=\"Perzijske preproge Farzad\" \/>\n<meta property=\"og:image\" content=\"https:\/\/www.perzijskepreproge.si\/wp-content\/uploads\/2018\/05\/DSCF6040.jpg\" \/>\n\t<meta property=\"og:image:width\" content=\"577\" \/>\n\t<meta property=\"og:image:height\" content=\"900\" \/>\n\t<meta property=\"og:image:type\" content=\"image\/jpeg\" \/>\n<meta name=\"twitter:card\" content=\"summary_large_image\" \/>\n<script type=\"application\/ld+json\" class=\"yoast-schema-graph\">{\"@context\":\"https:\\\/\\\/schema.org\",\"@graph\":[{\"@type\":\"WebPage\",\"@id\":\"https:\\\/\\\/www.perzijskepreproge.si\\\/de\\\/produkt\\\/perserteppich-belutsch-perserteppich-belutsch\\\/\",\"url\":\"https:\\\/\\\/www.perzijskepreproge.si\\\/de\\\/produkt\\\/perserteppich-belutsch-perserteppich-belutsch\\\/\",\"name\":\"Perserteppich Belutsch \\\/ Perserteppich Belutsch - Perzijske preproge Farzad\",\"isPartOf\":{\"@id\":\"https:\\\/\\\/www.perzijskepreproge.si\\\/de\\\/#website\"},\"primaryImageOfPage\":{\"@id\":\"https:\\\/\\\/www.perzijskepreproge.si\\\/de\\\/produkt\\\/perserteppich-belutsch-perserteppich-belutsch\\\/#primaryimage\"},\"image\":{\"@id\":\"https:\\\/\\\/www.perzijskepreproge.si\\\/de\\\/produkt\\\/perserteppich-belutsch-perserteppich-belutsch\\\/#primaryimage\"},\"thumbnailUrl\":\"https:\\\/\\\/www.perzijskepreproge.si\\\/wp-content\\\/uploads\\\/2018\\\/05\\\/DSCF6040.jpg\",\"datePublished\":\"2018-05-29T09:17:26+00:00\",\"breadcrumb\":{\"@id\":\"https:\\\/\\\/www.perzijskepreproge.si\\\/de\\\/produkt\\\/perserteppich-belutsch-perserteppich-belutsch\\\/#breadcrumb\"},\"inLanguage\":\"de\",\"potentialAction\":[{\"@type\":\"ReadAction\",\"target\":[\"https:\\\/\\\/www.perzijskepreproge.si\\\/de\\\/produkt\\\/perserteppich-belutsch-perserteppich-belutsch\\\/\"]}]},{\"@type\":\"ImageObject\",\"inLanguage\":\"de\",\"@id\":\"https:\\\/\\\/www.perzijskepreproge.si\\\/de\\\/produkt\\\/perserteppich-belutsch-perserteppich-belutsch\\\/#primaryimage\",\"url\":\"https:\\\/\\\/www.perzijskepreproge.si\\\/wp-content\\\/uploads\\\/2018\\\/05\\\/DSCF6040.jpg\",\"contentUrl\":\"https:\\\/\\\/www.perzijskepreproge.si\\\/wp-content\\\/uploads\\\/2018\\\/05\\\/DSCF6040.jpg\",\"width\":577,\"height\":900},{\"@type\":\"BreadcrumbList\",\"@id\":\"https:\\\/\\\/www.perzijskepreproge.si\\\/de\\\/produkt\\\/perserteppich-belutsch-perserteppich-belutsch\\\/#breadcrumb\",\"itemListElement\":[{\"@type\":\"ListItem\",\"position\":1,\"name\":\"Heim\",\"item\":\"https:\\\/\\\/www.perzijskepreproge.si\\\/de\\\/perserteppiche-farzad\\\/\"},{\"@type\":\"ListItem\",\"position\":2,\"name\":\"Shop\",\"item\":\"https:\\\/\\\/www.perzijskepreproge.si\\\/de\\\/shop\\\/\"},{\"@type\":\"ListItem\",\"position\":3,\"name\":\"Perserteppich Belutsch \\\/ Perserteppich Belutsch\"}]},{\"@type\":\"WebSite\",\"@id\":\"https:\\\/\\\/www.perzijskepreproge.si\\\/de\\\/#website\",\"url\":\"https:\\\/\\\/www.perzijskepreproge.si\\\/de\\\/\",\"name\":\"Perzijske preproge Farzad\",\"description\":\"Perzijske preproge,  preprog in \u010di\u0161\u010denje preprog\",\"potentialAction\":[{\"@type\":\"SearchAction\",\"target\":{\"@type\":\"EntryPoint\",\"urlTemplate\":\"https:\\\/\\\/www.perzijskepreproge.si\\\/de\\\/?s={search_term_string}\"},\"query-input\":{\"@type\":\"PropertyValueSpecification\",\"valueRequired\":true,\"valueName\":\"search_term_string\"}}],\"inLanguage\":\"de\"}]}<\/script>\n<!-- \/ Yoast SEO plugin. -->","yoast_head_json":{"title":"Perserteppich Belutsch \/ Perserteppich Belutsch - Perzijske preproge Farzad","robots":{"index":"index","follow":"follow","max-snippet":"max-snippet:-1","max-image-preview":"max-image-preview:large","max-video-preview":"max-video-preview:-1"},"canonical":"https:\/\/www.perzijskepreproge.si\/de\/produkt\/perserteppich-belutsch-perserteppich-belutsch\/","og_locale":"de_DE","og_type":"article","og_title":"Perserteppich Belutsch \/ Perserteppich Belutsch - Perzijske preproge Farzad","og_description":"Reg. Nr.: 974 Gr\u00f6\u00dfe: 144 x 89 cm Material \/ Flor: Wolle Basis: Wolle Farben: Pflanzen Design: geometrisch Webtechnik: handgefertigter Florteppich Knotendichte: 200.000 m\/2 Herkunft: Iran &nbsp;","og_url":"https:\/\/www.perzijskepreproge.si\/de\/produkt\/perserteppich-belutsch-perserteppich-belutsch\/","og_site_name":"Perzijske preproge Farzad","og_image":[{"width":577,"height":900,"url":"https:\/\/www.perzijskepreproge.si\/wp-content\/uploads\/2018\/05\/DSCF6040.jpg","type":"image\/jpeg"}],"twitter_card":"summary_large_image","schema":{"@context":"https:\/\/schema.org","@graph":[{"@type":"WebPage","@id":"https:\/\/www.perzijskepreproge.si\/de\/produkt\/perserteppich-belutsch-perserteppich-belutsch\/","url":"https:\/\/www.perzijskepreproge.si\/de\/produkt\/perserteppich-belutsch-perserteppich-belutsch\/","name":"Perserteppich Belutsch \/ Perserteppich Belutsch - Perzijske preproge Farzad","isPartOf":{"@id":"https:\/\/www.perzijskepreproge.si\/de\/#website"},"primaryImageOfPage":{"@id":"https:\/\/www.perzijskepreproge.si\/de\/produkt\/perserteppich-belutsch-perserteppich-belutsch\/#primaryimage"},"image":{"@id":"https:\/\/www.perzijskepreproge.si\/de\/produkt\/perserteppich-belutsch-perserteppich-belutsch\/#primaryimage"},"thumbnailUrl":"https:\/\/www.perzijskepreproge.si\/wp-content\/uploads\/2018\/05\/DSCF6040.jpg","datePublished":"2018-05-29T09:17:26+00:00","breadcrumb":{"@id":"https:\/\/www.perzijskepreproge.si\/de\/produkt\/perserteppich-belutsch-perserteppich-belutsch\/#breadcrumb"},"inLanguage":"de","potentialAction":[{"@type":"ReadAction","target":["https:\/\/www.perzijskepreproge.si\/de\/produkt\/perserteppich-belutsch-perserteppich-belutsch\/"]}]},{"@type":"ImageObject","inLanguage":"de","@id":"https:\/\/www.perzijskepreproge.si\/de\/produkt\/perserteppich-belutsch-perserteppich-belutsch\/#primaryimage","url":"https:\/\/www.perzijskepreproge.si\/wp-content\/uploads\/2018\/05\/DSCF6040.jpg","contentUrl":"https:\/\/www.perzijskepreproge.si\/wp-content\/uploads\/2018\/05\/DSCF6040.jpg","width":577,"height":900},{"@type":"BreadcrumbList","@id":"https:\/\/www.perzijskepreproge.si\/de\/produkt\/perserteppich-belutsch-perserteppich-belutsch\/#breadcrumb","itemListElement":[{"@type":"ListItem","position":1,"name":"Heim","item":"https:\/\/www.perzijskepreproge.si\/de\/perserteppiche-farzad\/"},{"@type":"ListItem","position":2,"name":"Shop","item":"https:\/\/www.perzijskepreproge.si\/de\/shop\/"},{"@type":"ListItem","position":3,"name":"Perserteppich Belutsch \/ Perserteppich Belutsch"}]},{"@type":"WebSite","@id":"https:\/\/www.perzijskepreproge.si\/de\/#website","url":"https:\/\/www.perzijskepreproge.si\/de\/","name":"Perzijske preproge Farzad","description":"Perzijske preproge,  preprog in \u010di\u0161\u010denje preprog","potentialAction":[{"@type":"SearchAction","target":{"@type":"EntryPoint","urlTemplate":"https:\/\/www.perzijskepreproge.si\/de\/?s={search_term_string}"},"query-input":{"@type":"PropertyValueSpecification","valueRequired":true,"valueName":"search_term_string"}}],"inLanguage":"de"}]}},"_links":{"self":[{"href":"https:\/\/www.perzijskepreproge.si\/de\/wp-json\/wp\/v2\/product\/25473","targetHints":{"allow":["GET"]}}],"collection":[{"href":"https:\/\/www.perzijskepreproge.si\/de\/wp-json\/wp\/v2\/product"}],"about":[{"href":"https:\/\/www.perzijskepreproge.si\/de\/wp-json\/wp\/v2\/types\/product"}],"version-history":[{"count":0,"href":"https:\/\/www.perzijskepreproge.si\/de\/wp-json\/wp\/v2\/product\/25473\/revisions"}],"wp:featuredmedia":[{"embeddable":true,"href":"https:\/\/www.perzijskepreproge.si\/de\/wp-json\/wp\/v2\/media\/22913"}],"wp:attachment":[{"href":"https:\/\/www.perzijskepreproge.si\/de\/wp-json\/wp\/v2\/media?parent=25473"}],"wp:term":[{"taxonomy":"product_brand","embeddable":true,"href":"https:\/\/www.perzijskepreproge.si\/de\/wp-json\/wp\/v2\/product_brand?post=25473"},{"taxonomy":"product_cat","embeddable":true,"href":"https:\/\/www.perzijskepreproge.si\/de\/wp-json\/wp\/v2\/product_cat?post=25473"},{"taxonomy":"product_tag","embeddable":true,"href":"https:\/\/www.perzijskepreproge.si\/de\/wp-json\/wp\/v2\/product_tag?post=25473"}],"curies":[{"name":"wp","href":"https:\/\/api.w.org\/{rel}","templated":true}]}}