{"id":25482,"date":"2018-05-24T17:11:02","date_gmt":"2018-05-24T15:11:02","guid":{"rendered":"https:\/\/www.perzijskepreproge.si\/izdelek\/perserteppich-isfahan-perserteppich-isfahan-2\/"},"modified":"2018-05-24T17:11:02","modified_gmt":"2018-05-24T15:11:02","slug":"perserteppich-isfahan-perserteppich-isfahan-2","status":"publish","type":"product","link":"https:\/\/www.perzijskepreproge.si\/de\/produkt\/perserteppich-isfahan-perserteppich-isfahan-2\/","title":{"rendered":"Perserteppich Isfahan \/ Perserteppich Isfahan"},"content":{"rendered":"","protected":false},"excerpt":{"rendered":"<p>Reg. Nr.: 904<\/p>\n<p>Gr\u00f6\u00dfe: 153 x 102 cm<\/p>\n<p>Material \/ Flor: Wolle, Seide, Goldfaden \/ Wolle, Seide, Goldfaden<\/p>\n<p>Basis: Baumwolle<\/p>\n<p>Farben: Pflanzen<\/p>\n<p>Design: floral<\/p>\n<p>Webtechnik: handgefertigter Florreliefteppich<\/p>\n<p>Knotendichte: 360.000 m\/2<\/p>\n<p>Herkunft: Iran<\/p>\n<p>&nbsp;<\/p>\n","protected":false},"featured_media":22838,"template":"","meta":{"iawp_total_views":3},"product_brand":[],"product_cat":[305,383],"product_tag":[],"class_list":{"0":"post-25482","1":"product","2":"type-product","3":"status-publish","4":"has-post-thumbnail","6":"product_cat-klassische-teppiche","7":"product_cat-kleine-teppiche-de","8":"pa_barva-osnovna-gold-gelb","9":"pa_material-wolle-seide","10":"pa_oblika-rechteckig","11":"pa_velikost-cca-150-x-100-de","13":"first","14":"instock","15":"sold-individually","16":"taxable","17":"shipping-taxable","18":"purchasable","19":"product-type-simple"},"yoast_head":"<!-- This site is optimized with the Yoast SEO plugin v27.3 - https:\/\/yoast.com\/product\/yoast-seo-wordpress\/ -->\n<title>Perserteppich Isfahan \/ Perserteppich Isfahan - Perzijske preproge Farzad<\/title>\n<meta name=\"robots\" content=\"index, follow, max-snippet:-1, max-image-preview:large, max-video-preview:-1\" \/>\n<link rel=\"canonical\" href=\"https:\/\/www.perzijskepreproge.si\/de\/produkt\/perserteppich-isfahan-perserteppich-isfahan-2\/\" \/>\n<meta property=\"og:locale\" content=\"de_DE\" \/>\n<meta property=\"og:type\" content=\"article\" \/>\n<meta property=\"og:title\" content=\"Perserteppich Isfahan \/ Perserteppich Isfahan - Perzijske preproge Farzad\" \/>\n<meta property=\"og:description\" content=\"Reg. Nr.: 904 Gr\u00f6\u00dfe: 153 x 102 cm Material \/ Flor: Wolle, Seide, Goldfaden \/ Wolle, Seide, Goldfaden Basis: Baumwolle Farben: Pflanzen Design: floral Webtechnik: handgefertigter Florreliefteppich Knotendichte: 360.000 m\/2 Herkunft: Iran &nbsp;\" \/>\n<meta property=\"og:url\" content=\"https:\/\/www.perzijskepreproge.si\/de\/produkt\/perserteppich-isfahan-perserteppich-isfahan-2\/\" \/>\n<meta property=\"og:site_name\" content=\"Perzijske preproge Farzad\" \/>\n<meta property=\"og:image\" content=\"https:\/\/www.perzijskepreproge.si\/wp-content\/uploads\/2018\/05\/DSCF6155.jpg\" \/>\n\t<meta property=\"og:image:width\" content=\"661\" \/>\n\t<meta property=\"og:image:height\" content=\"900\" \/>\n\t<meta property=\"og:image:type\" content=\"image\/jpeg\" \/>\n<meta name=\"twitter:card\" content=\"summary_large_image\" \/>\n<script type=\"application\/ld+json\" class=\"yoast-schema-graph\">{\"@context\":\"https:\\\/\\\/schema.org\",\"@graph\":[{\"@type\":\"WebPage\",\"@id\":\"https:\\\/\\\/www.perzijskepreproge.si\\\/de\\\/produkt\\\/perserteppich-isfahan-perserteppich-isfahan-2\\\/\",\"url\":\"https:\\\/\\\/www.perzijskepreproge.si\\\/de\\\/produkt\\\/perserteppich-isfahan-perserteppich-isfahan-2\\\/\",\"name\":\"Perserteppich Isfahan \\\/ Perserteppich Isfahan - Perzijske preproge Farzad\",\"isPartOf\":{\"@id\":\"https:\\\/\\\/www.perzijskepreproge.si\\\/de\\\/#website\"},\"primaryImageOfPage\":{\"@id\":\"https:\\\/\\\/www.perzijskepreproge.si\\\/de\\\/produkt\\\/perserteppich-isfahan-perserteppich-isfahan-2\\\/#primaryimage\"},\"image\":{\"@id\":\"https:\\\/\\\/www.perzijskepreproge.si\\\/de\\\/produkt\\\/perserteppich-isfahan-perserteppich-isfahan-2\\\/#primaryimage\"},\"thumbnailUrl\":\"https:\\\/\\\/www.perzijskepreproge.si\\\/wp-content\\\/uploads\\\/2018\\\/05\\\/DSCF6155.jpg\",\"datePublished\":\"2018-05-24T15:11:02+00:00\",\"breadcrumb\":{\"@id\":\"https:\\\/\\\/www.perzijskepreproge.si\\\/de\\\/produkt\\\/perserteppich-isfahan-perserteppich-isfahan-2\\\/#breadcrumb\"},\"inLanguage\":\"de\",\"potentialAction\":[{\"@type\":\"ReadAction\",\"target\":[\"https:\\\/\\\/www.perzijskepreproge.si\\\/de\\\/produkt\\\/perserteppich-isfahan-perserteppich-isfahan-2\\\/\"]}]},{\"@type\":\"ImageObject\",\"inLanguage\":\"de\",\"@id\":\"https:\\\/\\\/www.perzijskepreproge.si\\\/de\\\/produkt\\\/perserteppich-isfahan-perserteppich-isfahan-2\\\/#primaryimage\",\"url\":\"https:\\\/\\\/www.perzijskepreproge.si\\\/wp-content\\\/uploads\\\/2018\\\/05\\\/DSCF6155.jpg\",\"contentUrl\":\"https:\\\/\\\/www.perzijskepreproge.si\\\/wp-content\\\/uploads\\\/2018\\\/05\\\/DSCF6155.jpg\",\"width\":661,\"height\":900},{\"@type\":\"BreadcrumbList\",\"@id\":\"https:\\\/\\\/www.perzijskepreproge.si\\\/de\\\/produkt\\\/perserteppich-isfahan-perserteppich-isfahan-2\\\/#breadcrumb\",\"itemListElement\":[{\"@type\":\"ListItem\",\"position\":1,\"name\":\"Heim\",\"item\":\"https:\\\/\\\/www.perzijskepreproge.si\\\/de\\\/perserteppiche-farzad\\\/\"},{\"@type\":\"ListItem\",\"position\":2,\"name\":\"Shop\",\"item\":\"https:\\\/\\\/www.perzijskepreproge.si\\\/de\\\/shop\\\/\"},{\"@type\":\"ListItem\",\"position\":3,\"name\":\"Perserteppich Isfahan \\\/ Perserteppich Isfahan\"}]},{\"@type\":\"WebSite\",\"@id\":\"https:\\\/\\\/www.perzijskepreproge.si\\\/de\\\/#website\",\"url\":\"https:\\\/\\\/www.perzijskepreproge.si\\\/de\\\/\",\"name\":\"Perzijske preproge Farzad\",\"description\":\"Perzijske preproge,  preprog in \u010di\u0161\u010denje preprog\",\"potentialAction\":[{\"@type\":\"SearchAction\",\"target\":{\"@type\":\"EntryPoint\",\"urlTemplate\":\"https:\\\/\\\/www.perzijskepreproge.si\\\/de\\\/?s={search_term_string}\"},\"query-input\":{\"@type\":\"PropertyValueSpecification\",\"valueRequired\":true,\"valueName\":\"search_term_string\"}}],\"inLanguage\":\"de\"}]}<\/script>\n<!-- \/ Yoast SEO plugin. -->","yoast_head_json":{"title":"Perserteppich Isfahan \/ Perserteppich Isfahan - Perzijske preproge Farzad","robots":{"index":"index","follow":"follow","max-snippet":"max-snippet:-1","max-image-preview":"max-image-preview:large","max-video-preview":"max-video-preview:-1"},"canonical":"https:\/\/www.perzijskepreproge.si\/de\/produkt\/perserteppich-isfahan-perserteppich-isfahan-2\/","og_locale":"de_DE","og_type":"article","og_title":"Perserteppich Isfahan \/ Perserteppich Isfahan - Perzijske preproge Farzad","og_description":"Reg. Nr.: 904 Gr\u00f6\u00dfe: 153 x 102 cm Material \/ Flor: Wolle, Seide, Goldfaden \/ Wolle, Seide, Goldfaden Basis: Baumwolle Farben: Pflanzen Design: floral Webtechnik: handgefertigter Florreliefteppich Knotendichte: 360.000 m\/2 Herkunft: Iran &nbsp;","og_url":"https:\/\/www.perzijskepreproge.si\/de\/produkt\/perserteppich-isfahan-perserteppich-isfahan-2\/","og_site_name":"Perzijske preproge Farzad","og_image":[{"width":661,"height":900,"url":"https:\/\/www.perzijskepreproge.si\/wp-content\/uploads\/2018\/05\/DSCF6155.jpg","type":"image\/jpeg"}],"twitter_card":"summary_large_image","schema":{"@context":"https:\/\/schema.org","@graph":[{"@type":"WebPage","@id":"https:\/\/www.perzijskepreproge.si\/de\/produkt\/perserteppich-isfahan-perserteppich-isfahan-2\/","url":"https:\/\/www.perzijskepreproge.si\/de\/produkt\/perserteppich-isfahan-perserteppich-isfahan-2\/","name":"Perserteppich Isfahan \/ Perserteppich Isfahan - Perzijske preproge Farzad","isPartOf":{"@id":"https:\/\/www.perzijskepreproge.si\/de\/#website"},"primaryImageOfPage":{"@id":"https:\/\/www.perzijskepreproge.si\/de\/produkt\/perserteppich-isfahan-perserteppich-isfahan-2\/#primaryimage"},"image":{"@id":"https:\/\/www.perzijskepreproge.si\/de\/produkt\/perserteppich-isfahan-perserteppich-isfahan-2\/#primaryimage"},"thumbnailUrl":"https:\/\/www.perzijskepreproge.si\/wp-content\/uploads\/2018\/05\/DSCF6155.jpg","datePublished":"2018-05-24T15:11:02+00:00","breadcrumb":{"@id":"https:\/\/www.perzijskepreproge.si\/de\/produkt\/perserteppich-isfahan-perserteppich-isfahan-2\/#breadcrumb"},"inLanguage":"de","potentialAction":[{"@type":"ReadAction","target":["https:\/\/www.perzijskepreproge.si\/de\/produkt\/perserteppich-isfahan-perserteppich-isfahan-2\/"]}]},{"@type":"ImageObject","inLanguage":"de","@id":"https:\/\/www.perzijskepreproge.si\/de\/produkt\/perserteppich-isfahan-perserteppich-isfahan-2\/#primaryimage","url":"https:\/\/www.perzijskepreproge.si\/wp-content\/uploads\/2018\/05\/DSCF6155.jpg","contentUrl":"https:\/\/www.perzijskepreproge.si\/wp-content\/uploads\/2018\/05\/DSCF6155.jpg","width":661,"height":900},{"@type":"BreadcrumbList","@id":"https:\/\/www.perzijskepreproge.si\/de\/produkt\/perserteppich-isfahan-perserteppich-isfahan-2\/#breadcrumb","itemListElement":[{"@type":"ListItem","position":1,"name":"Heim","item":"https:\/\/www.perzijskepreproge.si\/de\/perserteppiche-farzad\/"},{"@type":"ListItem","position":2,"name":"Shop","item":"https:\/\/www.perzijskepreproge.si\/de\/shop\/"},{"@type":"ListItem","position":3,"name":"Perserteppich Isfahan \/ Perserteppich Isfahan"}]},{"@type":"WebSite","@id":"https:\/\/www.perzijskepreproge.si\/de\/#website","url":"https:\/\/www.perzijskepreproge.si\/de\/","name":"Perzijske preproge Farzad","description":"Perzijske preproge,  preprog in \u010di\u0161\u010denje preprog","potentialAction":[{"@type":"SearchAction","target":{"@type":"EntryPoint","urlTemplate":"https:\/\/www.perzijskepreproge.si\/de\/?s={search_term_string}"},"query-input":{"@type":"PropertyValueSpecification","valueRequired":true,"valueName":"search_term_string"}}],"inLanguage":"de"}]}},"_links":{"self":[{"href":"https:\/\/www.perzijskepreproge.si\/de\/wp-json\/wp\/v2\/product\/25482","targetHints":{"allow":["GET"]}}],"collection":[{"href":"https:\/\/www.perzijskepreproge.si\/de\/wp-json\/wp\/v2\/product"}],"about":[{"href":"https:\/\/www.perzijskepreproge.si\/de\/wp-json\/wp\/v2\/types\/product"}],"version-history":[{"count":0,"href":"https:\/\/www.perzijskepreproge.si\/de\/wp-json\/wp\/v2\/product\/25482\/revisions"}],"wp:featuredmedia":[{"embeddable":true,"href":"https:\/\/www.perzijskepreproge.si\/de\/wp-json\/wp\/v2\/media\/22838"}],"wp:attachment":[{"href":"https:\/\/www.perzijskepreproge.si\/de\/wp-json\/wp\/v2\/media?parent=25482"}],"wp:term":[{"taxonomy":"product_brand","embeddable":true,"href":"https:\/\/www.perzijskepreproge.si\/de\/wp-json\/wp\/v2\/product_brand?post=25482"},{"taxonomy":"product_cat","embeddable":true,"href":"https:\/\/www.perzijskepreproge.si\/de\/wp-json\/wp\/v2\/product_cat?post=25482"},{"taxonomy":"product_tag","embeddable":true,"href":"https:\/\/www.perzijskepreproge.si\/de\/wp-json\/wp\/v2\/product_tag?post=25482"}],"curies":[{"name":"wp","href":"https:\/\/api.w.org\/{rel}","templated":true}]}}