{"id":25488,"date":"2018-05-24T16:53:41","date_gmt":"2018-05-24T14:53:41","guid":{"rendered":"https:\/\/www.perzijskepreproge.si\/izdelek\/perserteppich-schlamm-perserteppich-moud\/"},"modified":"2018-05-24T16:53:41","modified_gmt":"2018-05-24T14:53:41","slug":"perserteppich-schlamm-perserteppich-moud","status":"publish","type":"product","link":"https:\/\/www.perzijskepreproge.si\/de\/produkt\/perserteppich-schlamm-perserteppich-moud\/","title":{"rendered":"Perserteppich Schlamm \/ Perserteppich Moud"},"content":{"rendered":"<p>Persischer Schlammteppich mit einem charakteristischen, sich wiederholenden minimalistischen Herati-Design, in dessen Mitte sich ein Medaillon oder ein persischer <em>Turm<\/em> befindet. Der burgunderrote Rahmen zeigt Lotusblumen und eine archaische mesopotamische Boteh-Figur. Seide gl\u00e4nzt von den Bl\u00fcten. Ein wundersch\u00f6ner Teppich, der bei unterschiedlicher Beleuchtung immer wieder neue Farbspektren zaubert.   <\/p>\n<p>Bei klassischen (meisterhaft) handgekn\u00fcpften Teppichen dominieren Motive wie Arabesken, Blumen, G\u00e4rten, Tiere, Jagd und Szenen aus der reichen persischen Mythologie. Sie werden in Meisterwerkst\u00e4tten in St\u00e4dten wie Isfahan, T\u00e4bris, Nain, Ghom, Maschhad, Kerman, Mud, Kaschan usw. hergestellt. Sie sind die Tr\u00e4ger der Tradition der Teppichherstellung f\u00fcr die persischen H\u00f6fe, die ihren H\u00f6hepunkt im 16. Jahrhundert zur Zeit von Schah Abbas erreichte, der ein gro\u00dfer F\u00f6rderer der K\u00fcnste war. Teppiche aus dieser Zeit sind heute in Museen in Teheran, Wien, London, New York usw. ausgestellt. Sie werden pr\u00e4zise nach bildlichen Vorlagen hergestellt, deren Urheber renommierte Maler oder Teppichdesigner waren. Das Mahi-Motiv (Rhombus \u2013 eine Raute, umgeben von vier Palmetten) wurde bereits im 16. Jahrhundert in der Stadt Herat an der Seidenstra\u00dfe entwickelt, als sie das Zentrum der Kultur und Kunst in diesem Teil der Welt war, wo die gr\u00f6\u00dften Meister der Zeit unter der Schirmherrschaft der Herrscher Werke schufen.       <\/p>\n","protected":false},"excerpt":{"rendered":"<p>Reg. Nr.: 892<\/p>\n<p>Gr\u00f6\u00dfe: 123 x 79 cm<\/p>\n<p>Material \/ Flor: Wolle, Seide<\/p>\n<p>Basis: Baumwolle<\/p>\n<p>Farben: Pflanzen<\/p>\n<p>Design: floral<\/p>\n<p>Webtechnik: handgefertigter Florteppich<\/p>\n<p>Knotendichte: 420.000 m\/2<\/p>\n<p>Herkunft: Iran<\/p>\n<p>&nbsp;<\/p>\n","protected":false},"featured_media":22823,"template":"","meta":{"iawp_total_views":3},"product_brand":[],"product_cat":[305,383],"product_tag":[],"class_list":{"0":"post-25488","1":"product","2":"type-product","3":"status-publish","4":"has-post-thumbnail","6":"product_cat-klassische-teppiche","7":"product_cat-kleine-teppiche-de","8":"pa_barva-osnovna-rosa-lila","9":"pa_material-wolle-seide","10":"pa_oblika-rechteckig","11":"pa_velikost-cca-120-x-80-de","13":"first","14":"instock","15":"sold-individually","16":"taxable","17":"shipping-taxable","18":"purchasable","19":"product-type-simple"},"yoast_head":"<!-- This site is optimized with the Yoast SEO plugin v27.3 - https:\/\/yoast.com\/product\/yoast-seo-wordpress\/ -->\n<title>Perserteppich Schlamm \/ Perserteppich Moud - Perzijske preproge Farzad<\/title>\n<meta name=\"robots\" content=\"index, follow, max-snippet:-1, max-image-preview:large, max-video-preview:-1\" \/>\n<link rel=\"canonical\" href=\"https:\/\/www.perzijskepreproge.si\/de\/produkt\/perserteppich-schlamm-perserteppich-moud\/\" \/>\n<meta property=\"og:locale\" content=\"de_DE\" \/>\n<meta property=\"og:type\" content=\"article\" \/>\n<meta property=\"og:title\" content=\"Perserteppich Schlamm \/ Perserteppich Moud - Perzijske preproge Farzad\" \/>\n<meta property=\"og:description\" content=\"Reg. Nr.: 892 Gr\u00f6\u00dfe: 123 x 79 cm Material \/ Flor: Wolle, Seide Basis: Baumwolle Farben: Pflanzen Design: floral Webtechnik: handgefertigter Florteppich Knotendichte: 420.000 m\/2 Herkunft: Iran &nbsp;\" \/>\n<meta property=\"og:url\" content=\"https:\/\/www.perzijskepreproge.si\/de\/produkt\/perserteppich-schlamm-perserteppich-moud\/\" \/>\n<meta property=\"og:site_name\" content=\"Perzijske preproge Farzad\" \/>\n<meta property=\"og:image\" content=\"https:\/\/www.perzijskepreproge.si\/wp-content\/uploads\/2018\/05\/DSCF6113.jpg\" \/>\n\t<meta property=\"og:image:width\" content=\"615\" \/>\n\t<meta property=\"og:image:height\" content=\"900\" \/>\n\t<meta property=\"og:image:type\" content=\"image\/jpeg\" \/>\n<meta name=\"twitter:card\" content=\"summary_large_image\" \/>\n<meta name=\"twitter:label1\" content=\"Gesch\u00e4tzte Lesezeit\" \/>\n\t<meta name=\"twitter:data1\" content=\"1\u00a0Minute\" \/>\n<script type=\"application\/ld+json\" class=\"yoast-schema-graph\">{\"@context\":\"https:\\\/\\\/schema.org\",\"@graph\":[{\"@type\":\"WebPage\",\"@id\":\"https:\\\/\\\/www.perzijskepreproge.si\\\/de\\\/produkt\\\/perserteppich-schlamm-perserteppich-moud\\\/\",\"url\":\"https:\\\/\\\/www.perzijskepreproge.si\\\/de\\\/produkt\\\/perserteppich-schlamm-perserteppich-moud\\\/\",\"name\":\"Perserteppich Schlamm \\\/ Perserteppich Moud - Perzijske preproge Farzad\",\"isPartOf\":{\"@id\":\"https:\\\/\\\/www.perzijskepreproge.si\\\/de\\\/#website\"},\"primaryImageOfPage\":{\"@id\":\"https:\\\/\\\/www.perzijskepreproge.si\\\/de\\\/produkt\\\/perserteppich-schlamm-perserteppich-moud\\\/#primaryimage\"},\"image\":{\"@id\":\"https:\\\/\\\/www.perzijskepreproge.si\\\/de\\\/produkt\\\/perserteppich-schlamm-perserteppich-moud\\\/#primaryimage\"},\"thumbnailUrl\":\"https:\\\/\\\/www.perzijskepreproge.si\\\/wp-content\\\/uploads\\\/2018\\\/05\\\/DSCF6113.jpg\",\"datePublished\":\"2018-05-24T14:53:41+00:00\",\"breadcrumb\":{\"@id\":\"https:\\\/\\\/www.perzijskepreproge.si\\\/de\\\/produkt\\\/perserteppich-schlamm-perserteppich-moud\\\/#breadcrumb\"},\"inLanguage\":\"de\",\"potentialAction\":[{\"@type\":\"ReadAction\",\"target\":[\"https:\\\/\\\/www.perzijskepreproge.si\\\/de\\\/produkt\\\/perserteppich-schlamm-perserteppich-moud\\\/\"]}]},{\"@type\":\"ImageObject\",\"inLanguage\":\"de\",\"@id\":\"https:\\\/\\\/www.perzijskepreproge.si\\\/de\\\/produkt\\\/perserteppich-schlamm-perserteppich-moud\\\/#primaryimage\",\"url\":\"https:\\\/\\\/www.perzijskepreproge.si\\\/wp-content\\\/uploads\\\/2018\\\/05\\\/DSCF6113.jpg\",\"contentUrl\":\"https:\\\/\\\/www.perzijskepreproge.si\\\/wp-content\\\/uploads\\\/2018\\\/05\\\/DSCF6113.jpg\",\"width\":615,\"height\":900},{\"@type\":\"BreadcrumbList\",\"@id\":\"https:\\\/\\\/www.perzijskepreproge.si\\\/de\\\/produkt\\\/perserteppich-schlamm-perserteppich-moud\\\/#breadcrumb\",\"itemListElement\":[{\"@type\":\"ListItem\",\"position\":1,\"name\":\"Heim\",\"item\":\"https:\\\/\\\/www.perzijskepreproge.si\\\/de\\\/perserteppiche-farzad\\\/\"},{\"@type\":\"ListItem\",\"position\":2,\"name\":\"Shop\",\"item\":\"https:\\\/\\\/www.perzijskepreproge.si\\\/de\\\/shop\\\/\"},{\"@type\":\"ListItem\",\"position\":3,\"name\":\"Perserteppich Schlamm \\\/ Perserteppich Moud\"}]},{\"@type\":\"WebSite\",\"@id\":\"https:\\\/\\\/www.perzijskepreproge.si\\\/de\\\/#website\",\"url\":\"https:\\\/\\\/www.perzijskepreproge.si\\\/de\\\/\",\"name\":\"Perzijske preproge Farzad\",\"description\":\"Perzijske preproge,  preprog in \u010di\u0161\u010denje preprog\",\"potentialAction\":[{\"@type\":\"SearchAction\",\"target\":{\"@type\":\"EntryPoint\",\"urlTemplate\":\"https:\\\/\\\/www.perzijskepreproge.si\\\/de\\\/?s={search_term_string}\"},\"query-input\":{\"@type\":\"PropertyValueSpecification\",\"valueRequired\":true,\"valueName\":\"search_term_string\"}}],\"inLanguage\":\"de\"}]}<\/script>\n<!-- \/ Yoast SEO plugin. -->","yoast_head_json":{"title":"Perserteppich Schlamm \/ Perserteppich Moud - Perzijske preproge Farzad","robots":{"index":"index","follow":"follow","max-snippet":"max-snippet:-1","max-image-preview":"max-image-preview:large","max-video-preview":"max-video-preview:-1"},"canonical":"https:\/\/www.perzijskepreproge.si\/de\/produkt\/perserteppich-schlamm-perserteppich-moud\/","og_locale":"de_DE","og_type":"article","og_title":"Perserteppich Schlamm \/ Perserteppich Moud - Perzijske preproge Farzad","og_description":"Reg. Nr.: 892 Gr\u00f6\u00dfe: 123 x 79 cm Material \/ Flor: Wolle, Seide Basis: Baumwolle Farben: Pflanzen Design: floral Webtechnik: handgefertigter Florteppich Knotendichte: 420.000 m\/2 Herkunft: Iran &nbsp;","og_url":"https:\/\/www.perzijskepreproge.si\/de\/produkt\/perserteppich-schlamm-perserteppich-moud\/","og_site_name":"Perzijske preproge Farzad","og_image":[{"width":615,"height":900,"url":"https:\/\/www.perzijskepreproge.si\/wp-content\/uploads\/2018\/05\/DSCF6113.jpg","type":"image\/jpeg"}],"twitter_card":"summary_large_image","twitter_misc":{"Gesch\u00e4tzte Lesezeit":"1\u00a0Minute"},"schema":{"@context":"https:\/\/schema.org","@graph":[{"@type":"WebPage","@id":"https:\/\/www.perzijskepreproge.si\/de\/produkt\/perserteppich-schlamm-perserteppich-moud\/","url":"https:\/\/www.perzijskepreproge.si\/de\/produkt\/perserteppich-schlamm-perserteppich-moud\/","name":"Perserteppich Schlamm \/ Perserteppich Moud - Perzijske preproge Farzad","isPartOf":{"@id":"https:\/\/www.perzijskepreproge.si\/de\/#website"},"primaryImageOfPage":{"@id":"https:\/\/www.perzijskepreproge.si\/de\/produkt\/perserteppich-schlamm-perserteppich-moud\/#primaryimage"},"image":{"@id":"https:\/\/www.perzijskepreproge.si\/de\/produkt\/perserteppich-schlamm-perserteppich-moud\/#primaryimage"},"thumbnailUrl":"https:\/\/www.perzijskepreproge.si\/wp-content\/uploads\/2018\/05\/DSCF6113.jpg","datePublished":"2018-05-24T14:53:41+00:00","breadcrumb":{"@id":"https:\/\/www.perzijskepreproge.si\/de\/produkt\/perserteppich-schlamm-perserteppich-moud\/#breadcrumb"},"inLanguage":"de","potentialAction":[{"@type":"ReadAction","target":["https:\/\/www.perzijskepreproge.si\/de\/produkt\/perserteppich-schlamm-perserteppich-moud\/"]}]},{"@type":"ImageObject","inLanguage":"de","@id":"https:\/\/www.perzijskepreproge.si\/de\/produkt\/perserteppich-schlamm-perserteppich-moud\/#primaryimage","url":"https:\/\/www.perzijskepreproge.si\/wp-content\/uploads\/2018\/05\/DSCF6113.jpg","contentUrl":"https:\/\/www.perzijskepreproge.si\/wp-content\/uploads\/2018\/05\/DSCF6113.jpg","width":615,"height":900},{"@type":"BreadcrumbList","@id":"https:\/\/www.perzijskepreproge.si\/de\/produkt\/perserteppich-schlamm-perserteppich-moud\/#breadcrumb","itemListElement":[{"@type":"ListItem","position":1,"name":"Heim","item":"https:\/\/www.perzijskepreproge.si\/de\/perserteppiche-farzad\/"},{"@type":"ListItem","position":2,"name":"Shop","item":"https:\/\/www.perzijskepreproge.si\/de\/shop\/"},{"@type":"ListItem","position":3,"name":"Perserteppich Schlamm \/ Perserteppich Moud"}]},{"@type":"WebSite","@id":"https:\/\/www.perzijskepreproge.si\/de\/#website","url":"https:\/\/www.perzijskepreproge.si\/de\/","name":"Perzijske preproge Farzad","description":"Perzijske preproge,  preprog in \u010di\u0161\u010denje preprog","potentialAction":[{"@type":"SearchAction","target":{"@type":"EntryPoint","urlTemplate":"https:\/\/www.perzijskepreproge.si\/de\/?s={search_term_string}"},"query-input":{"@type":"PropertyValueSpecification","valueRequired":true,"valueName":"search_term_string"}}],"inLanguage":"de"}]}},"_links":{"self":[{"href":"https:\/\/www.perzijskepreproge.si\/de\/wp-json\/wp\/v2\/product\/25488","targetHints":{"allow":["GET"]}}],"collection":[{"href":"https:\/\/www.perzijskepreproge.si\/de\/wp-json\/wp\/v2\/product"}],"about":[{"href":"https:\/\/www.perzijskepreproge.si\/de\/wp-json\/wp\/v2\/types\/product"}],"version-history":[{"count":0,"href":"https:\/\/www.perzijskepreproge.si\/de\/wp-json\/wp\/v2\/product\/25488\/revisions"}],"wp:featuredmedia":[{"embeddable":true,"href":"https:\/\/www.perzijskepreproge.si\/de\/wp-json\/wp\/v2\/media\/22823"}],"wp:attachment":[{"href":"https:\/\/www.perzijskepreproge.si\/de\/wp-json\/wp\/v2\/media?parent=25488"}],"wp:term":[{"taxonomy":"product_brand","embeddable":true,"href":"https:\/\/www.perzijskepreproge.si\/de\/wp-json\/wp\/v2\/product_brand?post=25488"},{"taxonomy":"product_cat","embeddable":true,"href":"https:\/\/www.perzijskepreproge.si\/de\/wp-json\/wp\/v2\/product_cat?post=25488"},{"taxonomy":"product_tag","embeddable":true,"href":"https:\/\/www.perzijskepreproge.si\/de\/wp-json\/wp\/v2\/product_tag?post=25488"}],"curies":[{"name":"wp","href":"https:\/\/api.w.org\/{rel}","templated":true}]}}