{"id":25531,"date":"2017-04-21T14:43:41","date_gmt":"2017-04-21T12:43:41","guid":{"rendered":"https:\/\/www.perzijskepreproge.si\/izdelek\/perserteppich-hamedan-perserteppich-hamedan-4\/"},"modified":"2026-04-13T12:56:41","modified_gmt":"2026-04-13T10:56:41","slug":"perserteppich-hamedan-perserteppich-hamedan-4","status":"publish","type":"product","link":"https:\/\/www.perzijskepreproge.si\/de\/produkt\/perserteppich-hamedan-perserteppich-hamedan-4\/","title":{"rendered":"Persischer Teppich Hamedan"},"content":{"rendered":"<p style=\"text-align: left;\">Hamadan ist eine der \u00e4ltesten St\u00e4dte der Welt und seit Jahrhunderten ein bedeutendes Handels- und Verwaltungszentrum Irans. Im 6. Jahrhundert v. Chr. war sie unter dem Namen Ekbatana die Hauptstadt des Mederreichs und sp\u00e4ter die Sommerresidenz der persischen Ach\u00e4meniden-Dynastie. Die Stadt liegt auf einem weitl\u00e4ufigen Plateau auf 1800 Metern H\u00f6he am Fu\u00dfe des Alvand-Gebirges, weshalb dort ein Klima mit milden Sommern und kalten Wintern herrscht. Aufgrund ihrer strategisch wichtigen Lage zwischen dem ehemaligen Persien und Mesopotamien war die Stadt oft Ziel verschiedener Armeen. Sie wurde bereits von Alexander dem Gro\u00dfen erobert, und im elften Jahrhundert besetzten die Seldschuken die gesamte Region Hamadan sowie das benachbarte Aserbaidschan. Obwohl das gesamte Gebiet vom kulturellen Einfluss turko-altaischer V\u00f6lker gepr\u00e4gt wurde, wird in Hamadan heute noch Persisch (Farsi) gesprochen, im Gegensatz zum umliegenden l\u00e4ndlichen Raum, wo t\u00fcrkische Dialekte \u00fcberwiegen. Teppiche aus mehr als 600 D\u00f6rfern westlich und n\u00f6rdlich von Hamadan warten auf dem Basar von Hamadan auf K\u00e4ufer. Die Bev\u00f6lkerung dieser D\u00f6rfer umfasst auch viele Kurden, \u00fcber die auch Teppiche aus Bidschar und Sanandaj ihren Weg auf die Basare finden, was die Bestimmung der Herkunft erschweren kann. Vor einigen Jahrzehnten wies jedes Dorf eine charakteristische Kombination aus Mustern und Farben auf, sodass H\u00e4ndler auf den Basaren von Hamadan einen echten Hamadan-Teppich schnell erkennen konnten. Charakteristisch f\u00fcr Hamadan-Teppiche ist, dass sie zwischen zwei Knotenreihen einen einzelnen Schussfaden aus Baumwolle haben; die Knoten sind symmetrisch, und die Grundstruktur besteht, mit Ausnahme einiger sehr alter Teppiche, immer aus Baumwolle. Zwar nutzen auch Belutschen- und Bachtiaren-Nomaden diese Technik, doch unterscheiden sie sich durch die Art der Wolle. Wichtige Kn\u00fcpfgebiete sind Dergazin, Mehriban, Khamseh und Borchalou, wobei ein einzelnes Gebiet mehr als 40 D\u00f6rfer umfassen kann. Im 16. Jahrhundert schenkte der Safawiden-Schah Tahmasp dem osmanischen Sultan S\u00fcleyman dem Pr\u00e4chtigen einen Teppich aus der Region Dergazin, was belegt, dass hier neben traditionellen Teppichen auch feinere St\u00fccke f\u00fcr die H\u00f6fe gefertigt wurden.<\/p>\n","protected":false},"excerpt":{"rendered":"<p>Reg.-Nr.: 875<\/p>\n<p>Gr\u00f6\u00dfe: 209 x 123 cm<\/p>\n<p>Material \/ Flor: Wolle<\/p>\n<p>Kette \/ Base: Baumwolle \/ cotton<\/p>\n<p>Farben \/ Colours: pflanzlich \/ plants<\/p>\n<p>Design: floral (stilisiert)<\/p>\n<p>Herstellungstechnik \/ Weaving technique: handgekn\u00fcpfter Teppich \/ handmade pile carpet<\/p>\n<p>Kn\u00fcpfdichte: 120.000 m\/2<\/p>\n<p>Herkunft \/ Origin: Iran<\/p>\n<p>&nbsp;<\/p>\n","protected":false},"featured_media":27381,"template":"","meta":{"iawp_total_views":1},"product_brand":[],"product_cat":[403,288],"product_tag":[],"class_list":{"0":"post-25531","1":"product","2":"type-product","3":"status-publish","4":"has-post-thumbnail","6":"product_cat-mittlere-teppiche-de-2","7":"product_cat-nomad-teppiche","8":"pa_barva-osnovna-rot-burgunderrot","9":"pa_material-wolle","10":"pa_oblika-rechteckig","11":"pa_velikost-cca-200-x-120-de","13":"first","14":"instock","15":"sold-individually","16":"taxable","17":"shipping-taxable","18":"purchasable","19":"product-type-simple"},"yoast_head":"<!-- This site is optimized with the Yoast SEO plugin v27.3 - https:\/\/yoast.com\/product\/yoast-seo-wordpress\/ -->\n<title>Persischer Teppich Hamedan - Perzijske preproge Farzad<\/title>\n<meta name=\"robots\" content=\"index, follow, max-snippet:-1, max-image-preview:large, max-video-preview:-1\" \/>\n<link rel=\"canonical\" href=\"https:\/\/www.perzijskepreproge.si\/de\/produkt\/perserteppich-hamedan-perserteppich-hamedan-4\/\" \/>\n<meta property=\"og:locale\" content=\"de_DE\" \/>\n<meta property=\"og:type\" content=\"article\" \/>\n<meta property=\"og:title\" content=\"Persischer Teppich Hamedan - Perzijske preproge Farzad\" \/>\n<meta property=\"og:description\" content=\"Reg.-Nr.: 875 Gr\u00f6\u00dfe: 209 x 123 cm Material \/ Flor: Wolle Kette \/ Base: Baumwolle \/ cotton Farben \/ Colours: pflanzlich \/ plants Design: floral (stilisiert) Herstellungstechnik \/ Weaving technique: handgekn\u00fcpfter Teppich \/ handmade pile carpet Kn\u00fcpfdichte: 120.000 m\/2 Herkunft \/ Origin: Iran &nbsp;\" \/>\n<meta property=\"og:url\" content=\"https:\/\/www.perzijskepreproge.si\/de\/produkt\/perserteppich-hamedan-perserteppich-hamedan-4\/\" \/>\n<meta property=\"og:site_name\" content=\"Perzijske preproge Farzad\" \/>\n<meta property=\"article:modified_time\" content=\"2026-04-13T10:56:41+00:00\" \/>\n<meta property=\"og:image\" content=\"https:\/\/www.perzijskepreproge.si\/wp-content\/uploads\/2017\/04\/DSCF7980-1.webp\" \/>\n\t<meta property=\"og:image:width\" content=\"511\" \/>\n\t<meta property=\"og:image:height\" content=\"900\" \/>\n\t<meta property=\"og:image:type\" content=\"image\/webp\" \/>\n<meta name=\"twitter:card\" content=\"summary_large_image\" \/>\n<meta name=\"twitter:label1\" content=\"Gesch\u00e4tzte Lesezeit\" \/>\n\t<meta name=\"twitter:data1\" content=\"2\u00a0Minute\" \/>\n<script type=\"application\/ld+json\" class=\"yoast-schema-graph\">{\"@context\":\"https:\\\/\\\/schema.org\",\"@graph\":[{\"@type\":\"WebPage\",\"@id\":\"https:\\\/\\\/www.perzijskepreproge.si\\\/de\\\/produkt\\\/perserteppich-hamedan-perserteppich-hamedan-4\\\/\",\"url\":\"https:\\\/\\\/www.perzijskepreproge.si\\\/de\\\/produkt\\\/perserteppich-hamedan-perserteppich-hamedan-4\\\/\",\"name\":\"Persischer Teppich Hamedan - Perzijske preproge Farzad\",\"isPartOf\":{\"@id\":\"https:\\\/\\\/www.perzijskepreproge.si\\\/de\\\/#website\"},\"primaryImageOfPage\":{\"@id\":\"https:\\\/\\\/www.perzijskepreproge.si\\\/de\\\/produkt\\\/perserteppich-hamedan-perserteppich-hamedan-4\\\/#primaryimage\"},\"image\":{\"@id\":\"https:\\\/\\\/www.perzijskepreproge.si\\\/de\\\/produkt\\\/perserteppich-hamedan-perserteppich-hamedan-4\\\/#primaryimage\"},\"thumbnailUrl\":\"https:\\\/\\\/www.perzijskepreproge.si\\\/wp-content\\\/uploads\\\/2017\\\/04\\\/DSCF7980-1.webp\",\"datePublished\":\"2017-04-21T12:43:41+00:00\",\"dateModified\":\"2026-04-13T10:56:41+00:00\",\"breadcrumb\":{\"@id\":\"https:\\\/\\\/www.perzijskepreproge.si\\\/de\\\/produkt\\\/perserteppich-hamedan-perserteppich-hamedan-4\\\/#breadcrumb\"},\"inLanguage\":\"de\",\"potentialAction\":[{\"@type\":\"ReadAction\",\"target\":[\"https:\\\/\\\/www.perzijskepreproge.si\\\/de\\\/produkt\\\/perserteppich-hamedan-perserteppich-hamedan-4\\\/\"]}]},{\"@type\":\"ImageObject\",\"inLanguage\":\"de\",\"@id\":\"https:\\\/\\\/www.perzijskepreproge.si\\\/de\\\/produkt\\\/perserteppich-hamedan-perserteppich-hamedan-4\\\/#primaryimage\",\"url\":\"https:\\\/\\\/www.perzijskepreproge.si\\\/wp-content\\\/uploads\\\/2017\\\/04\\\/DSCF7980-1.webp\",\"contentUrl\":\"https:\\\/\\\/www.perzijskepreproge.si\\\/wp-content\\\/uploads\\\/2017\\\/04\\\/DSCF7980-1.webp\",\"width\":511,\"height\":900},{\"@type\":\"BreadcrumbList\",\"@id\":\"https:\\\/\\\/www.perzijskepreproge.si\\\/de\\\/produkt\\\/perserteppich-hamedan-perserteppich-hamedan-4\\\/#breadcrumb\",\"itemListElement\":[{\"@type\":\"ListItem\",\"position\":1,\"name\":\"Heim\",\"item\":\"https:\\\/\\\/www.perzijskepreproge.si\\\/de\\\/perserteppiche-farzad\\\/\"},{\"@type\":\"ListItem\",\"position\":2,\"name\":\"Shop\",\"item\":\"https:\\\/\\\/www.perzijskepreproge.si\\\/de\\\/shop\\\/\"},{\"@type\":\"ListItem\",\"position\":3,\"name\":\"Persischer Teppich Hamedan\"}]},{\"@type\":\"WebSite\",\"@id\":\"https:\\\/\\\/www.perzijskepreproge.si\\\/de\\\/#website\",\"url\":\"https:\\\/\\\/www.perzijskepreproge.si\\\/de\\\/\",\"name\":\"Perzijske preproge Farzad\",\"description\":\"Perzijske preproge,  preprog in \u010di\u0161\u010denje preprog\",\"potentialAction\":[{\"@type\":\"SearchAction\",\"target\":{\"@type\":\"EntryPoint\",\"urlTemplate\":\"https:\\\/\\\/www.perzijskepreproge.si\\\/de\\\/?s={search_term_string}\"},\"query-input\":{\"@type\":\"PropertyValueSpecification\",\"valueRequired\":true,\"valueName\":\"search_term_string\"}}],\"inLanguage\":\"de\"}]}<\/script>\n<!-- \/ Yoast SEO plugin. -->","yoast_head_json":{"title":"Persischer Teppich Hamedan - Perzijske preproge Farzad","robots":{"index":"index","follow":"follow","max-snippet":"max-snippet:-1","max-image-preview":"max-image-preview:large","max-video-preview":"max-video-preview:-1"},"canonical":"https:\/\/www.perzijskepreproge.si\/de\/produkt\/perserteppich-hamedan-perserteppich-hamedan-4\/","og_locale":"de_DE","og_type":"article","og_title":"Persischer Teppich Hamedan - Perzijske preproge Farzad","og_description":"Reg.-Nr.: 875 Gr\u00f6\u00dfe: 209 x 123 cm Material \/ Flor: Wolle Kette \/ Base: Baumwolle \/ cotton Farben \/ Colours: pflanzlich \/ plants Design: floral (stilisiert) Herstellungstechnik \/ Weaving technique: handgekn\u00fcpfter Teppich \/ handmade pile carpet Kn\u00fcpfdichte: 120.000 m\/2 Herkunft \/ Origin: Iran &nbsp;","og_url":"https:\/\/www.perzijskepreproge.si\/de\/produkt\/perserteppich-hamedan-perserteppich-hamedan-4\/","og_site_name":"Perzijske preproge Farzad","article_modified_time":"2026-04-13T10:56:41+00:00","og_image":[{"width":511,"height":900,"url":"https:\/\/www.perzijskepreproge.si\/wp-content\/uploads\/2017\/04\/DSCF7980-1.webp","type":"image\/webp"}],"twitter_card":"summary_large_image","twitter_misc":{"Gesch\u00e4tzte Lesezeit":"2\u00a0Minute"},"schema":{"@context":"https:\/\/schema.org","@graph":[{"@type":"WebPage","@id":"https:\/\/www.perzijskepreproge.si\/de\/produkt\/perserteppich-hamedan-perserteppich-hamedan-4\/","url":"https:\/\/www.perzijskepreproge.si\/de\/produkt\/perserteppich-hamedan-perserteppich-hamedan-4\/","name":"Persischer Teppich Hamedan - Perzijske preproge Farzad","isPartOf":{"@id":"https:\/\/www.perzijskepreproge.si\/de\/#website"},"primaryImageOfPage":{"@id":"https:\/\/www.perzijskepreproge.si\/de\/produkt\/perserteppich-hamedan-perserteppich-hamedan-4\/#primaryimage"},"image":{"@id":"https:\/\/www.perzijskepreproge.si\/de\/produkt\/perserteppich-hamedan-perserteppich-hamedan-4\/#primaryimage"},"thumbnailUrl":"https:\/\/www.perzijskepreproge.si\/wp-content\/uploads\/2017\/04\/DSCF7980-1.webp","datePublished":"2017-04-21T12:43:41+00:00","dateModified":"2026-04-13T10:56:41+00:00","breadcrumb":{"@id":"https:\/\/www.perzijskepreproge.si\/de\/produkt\/perserteppich-hamedan-perserteppich-hamedan-4\/#breadcrumb"},"inLanguage":"de","potentialAction":[{"@type":"ReadAction","target":["https:\/\/www.perzijskepreproge.si\/de\/produkt\/perserteppich-hamedan-perserteppich-hamedan-4\/"]}]},{"@type":"ImageObject","inLanguage":"de","@id":"https:\/\/www.perzijskepreproge.si\/de\/produkt\/perserteppich-hamedan-perserteppich-hamedan-4\/#primaryimage","url":"https:\/\/www.perzijskepreproge.si\/wp-content\/uploads\/2017\/04\/DSCF7980-1.webp","contentUrl":"https:\/\/www.perzijskepreproge.si\/wp-content\/uploads\/2017\/04\/DSCF7980-1.webp","width":511,"height":900},{"@type":"BreadcrumbList","@id":"https:\/\/www.perzijskepreproge.si\/de\/produkt\/perserteppich-hamedan-perserteppich-hamedan-4\/#breadcrumb","itemListElement":[{"@type":"ListItem","position":1,"name":"Heim","item":"https:\/\/www.perzijskepreproge.si\/de\/perserteppiche-farzad\/"},{"@type":"ListItem","position":2,"name":"Shop","item":"https:\/\/www.perzijskepreproge.si\/de\/shop\/"},{"@type":"ListItem","position":3,"name":"Persischer Teppich Hamedan"}]},{"@type":"WebSite","@id":"https:\/\/www.perzijskepreproge.si\/de\/#website","url":"https:\/\/www.perzijskepreproge.si\/de\/","name":"Perzijske preproge Farzad","description":"Perzijske preproge,  preprog in \u010di\u0161\u010denje preprog","potentialAction":[{"@type":"SearchAction","target":{"@type":"EntryPoint","urlTemplate":"https:\/\/www.perzijskepreproge.si\/de\/?s={search_term_string}"},"query-input":{"@type":"PropertyValueSpecification","valueRequired":true,"valueName":"search_term_string"}}],"inLanguage":"de"}]}},"_links":{"self":[{"href":"https:\/\/www.perzijskepreproge.si\/de\/wp-json\/wp\/v2\/product\/25531","targetHints":{"allow":["GET"]}}],"collection":[{"href":"https:\/\/www.perzijskepreproge.si\/de\/wp-json\/wp\/v2\/product"}],"about":[{"href":"https:\/\/www.perzijskepreproge.si\/de\/wp-json\/wp\/v2\/types\/product"}],"version-history":[{"count":1,"href":"https:\/\/www.perzijskepreproge.si\/de\/wp-json\/wp\/v2\/product\/25531\/revisions"}],"predecessor-version":[{"id":29285,"href":"https:\/\/www.perzijskepreproge.si\/de\/wp-json\/wp\/v2\/product\/25531\/revisions\/29285"}],"wp:featuredmedia":[{"embeddable":true,"href":"https:\/\/www.perzijskepreproge.si\/de\/wp-json\/wp\/v2\/media\/27381"}],"wp:attachment":[{"href":"https:\/\/www.perzijskepreproge.si\/de\/wp-json\/wp\/v2\/media?parent=25531"}],"wp:term":[{"taxonomy":"product_brand","embeddable":true,"href":"https:\/\/www.perzijskepreproge.si\/de\/wp-json\/wp\/v2\/product_brand?post=25531"},{"taxonomy":"product_cat","embeddable":true,"href":"https:\/\/www.perzijskepreproge.si\/de\/wp-json\/wp\/v2\/product_cat?post=25531"},{"taxonomy":"product_tag","embeddable":true,"href":"https:\/\/www.perzijskepreproge.si\/de\/wp-json\/wp\/v2\/product_tag?post=25531"}],"curies":[{"name":"wp","href":"https:\/\/api.w.org\/{rel}","templated":true}]}}