{"id":25534,"date":"2017-04-20T17:00:42","date_gmt":"2017-04-20T15:00:42","guid":{"rendered":"https:\/\/www.perzijskepreproge.si\/izdelek\/perserteppich-shiraz-perserteppich-shiraz-2\/"},"modified":"2026-04-13T12:55:46","modified_gmt":"2026-04-13T10:55:46","slug":"perserteppich-shiraz-perserteppich-shiraz-2","status":"publish","type":"product","link":"https:\/\/www.perzijskepreproge.si\/de\/produkt\/perserteppich-shiraz-perserteppich-shiraz-2\/","title":{"rendered":"Persischer Teppich Shiraz \/ Persian carpet Shiraz"},"content":{"rendered":"<p style=\"text-align: left;\">Gaba, Gabeh (<em>gava<\/em> im kurdischen und Lori-Dialekt, <em>ker\u0161ak<\/em> im Bachtiari-Dialekt) ist ein gekn\u00fcpfter Wollteppich, der sich durch l\u00e4ngere Fasern auszeichnet, als f\u00fcr persische Teppiche \u00fcblich. Charakteristisch ist auch das einfache Design, f\u00fcr das meist nur wenige Farben, Figuren und Ornamente verwendet werden, auch stilisierte Figuren von Menschen oder Tieren. Solche Teppiche werden von den Lori, Kurden und Kaschgai im Zagros-Gebirge hergestellt, das sich \u00fcber einen Gro\u00dfteil des Iran erstreckt. Der Ursprung dieser Teppiche soll im Gebiet von Lorestan liegen, von wo aus sich ihre Verwendung und Herstellung nach Norden in die Gebiete der Kurden und nach S\u00fcden zu den Kaschgai ausbreitete.   <\/p>\n<p style=\"text-align: left;\">Die gebirgige Landschaft im Westen des Iran ist die Heimat der Lori und Bachtiari, stolzer V\u00f6lker, deren Angeh\u00f6rige Nachkommen der urspr\u00fcnglichen Siedler des heutigen Iran sind. Die Lori stellen seit Jahrtausenden Teppiche auf urspr\u00fcngliche, unver\u00e4nderte Weise her. Die Herstellungstechnik und traditionellen Muster werden von Generation zu Generation weitergegeben, doch das endg\u00fcltige Erscheinungsbild h\u00e4ngt am meisten von der pers\u00f6nlichen Handschrift des Herstellers ab. M\u00fctter lehren ihre T\u00f6chter, wie man Wolle spinnt und verwendet, w\u00e4hrend V\u00e4ter ihr Wissen \u00fcber das Scheren der Wolle und die Herstellung von Webst\u00fchlen an ihre S\u00f6hne weitergeben. Die Motive, die sie darstellen, sch\u00f6pfen sie aus ihrer Umgebung, der lokalen Tradition und ihrem Leben. So finden sich in den Teppichen alles von Sternen bis zu archaischen mesopotamischen Formen.     <\/p>\n<p style=\"text-align: left;\">Traditionelle Gabehs sind locker gekn\u00fcpft (geringe Knotendichte pro Quadratzentimeter oder Meter), haben daf\u00fcr aber recht lange Fasern (ca. 3\u20134 cm) und viele Schussf\u00e4den (Querf\u00e4den in der Kette) zwischen den Knotenreihen, was f\u00fcr andere heutige Teppiche nicht charakteristisch ist. Eine Ausnahme bilden nur alte <em>Gabbehs ye Shiri<\/em> mit L\u00f6wenmotiv, die im Stamm der Darrashuri hergestellt werden. Die Farben der Gabehs sind meist pflanzlichen Ursprungs, aber es wird auch ungef\u00e4rbte Wolle verwendet (<em>shiri<\/em> \u2013 creme, <em>shotori<\/em> \u2013 hellbraun, <em>siah<\/em> \u2013 schwarz).  <\/p>\n<p style=\"text-align: left;\">In einen solchen dicken Wollteppich kann eine Frau, die ihn vor der Reise hergestellt hat, <em>mashk<\/em> (Wasserschlauch aus Ziegenleder), zusammenklappbare Webst\u00fchle, eine Wiege, wertvolles Fell oder andere Dinge einwickeln. Der Gaba ist aufgrund seiner Weichheit auch sehr n\u00fctzlich als Sattelersatz und zum Schlafen. <\/p>\n","protected":false},"excerpt":{"rendered":"<p>Reg.Nr.: 695<\/p>\n<p>Gr\u00f6\u00dfe \/ Size: 195 x 115 cm<\/p>\n<p>Material \/ Flor: Wolle<\/p>\n<p>Kette \/ Base: Pferdehaar \/ horse hair<\/p>\n<p>Farben \/ Colours: pflanzlich \/ plants<\/p>\n<p>Design \/ Design: geometrisch \/ geometrical<\/p>\n<p>Herstellungstechnik \/ Weaving technique: handgekn\u00fcpfter Teppich \/ handmade pile carpet<\/p>\n<p>Knotendichte \/ Knot density: 90.000 m\/2<\/p>\n<p>Herkunft \/ Origin: Iran<\/p>\n<p>&nbsp;<\/p>\n","protected":false},"featured_media":27055,"template":"","meta":{"iawp_total_views":1},"product_brand":[],"product_cat":[403,288,277],"product_tag":[],"class_list":{"0":"post-25534","1":"product","2":"type-product","3":"status-publish","4":"has-post-thumbnail","6":"product_cat-mittlere-teppiche-de-2","7":"product_cat-nomad-teppiche","8":"product_cat-sonderangebot","9":"pa_barva-osnovna-schwarz-dunkelblau","10":"pa_material-wolle","11":"pa_oblika-rechteckig","12":"pa_velikost-cca-200-x-120-de","14":"first","15":"instock","16":"sale","17":"sold-individually","18":"taxable","19":"shipping-taxable","20":"purchasable","21":"product-type-simple"},"yoast_head":"<!-- This site is optimized with the Yoast SEO plugin v27.3 - https:\/\/yoast.com\/product\/yoast-seo-wordpress\/ -->\n<title>Persischer Teppich Shiraz \/ Persian carpet Shiraz - Perzijske preproge Farzad<\/title>\n<meta name=\"robots\" content=\"index, follow, max-snippet:-1, max-image-preview:large, max-video-preview:-1\" \/>\n<link rel=\"canonical\" href=\"https:\/\/www.perzijskepreproge.si\/de\/produkt\/perserteppich-shiraz-perserteppich-shiraz-2\/\" \/>\n<meta property=\"og:locale\" content=\"de_DE\" \/>\n<meta property=\"og:type\" content=\"article\" \/>\n<meta property=\"og:title\" content=\"Persischer Teppich Shiraz \/ Persian carpet Shiraz - Perzijske preproge Farzad\" \/>\n<meta property=\"og:description\" content=\"Reg.Nr.: 695 Gr\u00f6\u00dfe \/ Size: 195 x 115 cm Material \/ Flor: Wolle Kette \/ Base: Pferdehaar \/ horse hair Farben \/ Colours: pflanzlich \/ plants Design \/ Design: geometrisch \/ geometrical Herstellungstechnik \/ Weaving technique: handgekn\u00fcpfter Teppich \/ handmade pile carpet Knotendichte \/ Knot density: 90.000 m\/2 Herkunft \/ Origin: Iran &nbsp;\" \/>\n<meta property=\"og:url\" content=\"https:\/\/www.perzijskepreproge.si\/de\/produkt\/perserteppich-shiraz-perserteppich-shiraz-2\/\" \/>\n<meta property=\"og:site_name\" content=\"Perzijske preproge Farzad\" \/>\n<meta property=\"article:modified_time\" content=\"2026-04-13T10:55:46+00:00\" \/>\n<meta property=\"og:image\" content=\"https:\/\/www.perzijskepreproge.si\/wp-content\/uploads\/2017\/04\/tepih-8289jpg.webp\" \/>\n\t<meta property=\"og:image:width\" content=\"798\" \/>\n\t<meta property=\"og:image:height\" content=\"1200\" \/>\n\t<meta property=\"og:image:type\" content=\"image\/jpeg\" \/>\n<meta name=\"twitter:card\" content=\"summary_large_image\" \/>\n<meta name=\"twitter:label1\" content=\"Gesch\u00e4tzte Lesezeit\" \/>\n\t<meta name=\"twitter:data1\" content=\"2\u00a0Minute\" \/>\n<script type=\"application\/ld+json\" class=\"yoast-schema-graph\">{\"@context\":\"https:\\\/\\\/schema.org\",\"@graph\":[{\"@type\":\"WebPage\",\"@id\":\"https:\\\/\\\/www.perzijskepreproge.si\\\/de\\\/produkt\\\/perserteppich-shiraz-perserteppich-shiraz-2\\\/\",\"url\":\"https:\\\/\\\/www.perzijskepreproge.si\\\/de\\\/produkt\\\/perserteppich-shiraz-perserteppich-shiraz-2\\\/\",\"name\":\"Persischer Teppich Shiraz \\\/ Persian carpet Shiraz - Perzijske preproge Farzad\",\"isPartOf\":{\"@id\":\"https:\\\/\\\/www.perzijskepreproge.si\\\/de\\\/#website\"},\"primaryImageOfPage\":{\"@id\":\"https:\\\/\\\/www.perzijskepreproge.si\\\/de\\\/produkt\\\/perserteppich-shiraz-perserteppich-shiraz-2\\\/#primaryimage\"},\"image\":{\"@id\":\"https:\\\/\\\/www.perzijskepreproge.si\\\/de\\\/produkt\\\/perserteppich-shiraz-perserteppich-shiraz-2\\\/#primaryimage\"},\"thumbnailUrl\":\"https:\\\/\\\/www.perzijskepreproge.si\\\/wp-content\\\/uploads\\\/2017\\\/04\\\/tepih-8289jpg.jpg\",\"datePublished\":\"2017-04-20T15:00:42+00:00\",\"dateModified\":\"2026-04-13T10:55:46+00:00\",\"breadcrumb\":{\"@id\":\"https:\\\/\\\/www.perzijskepreproge.si\\\/de\\\/produkt\\\/perserteppich-shiraz-perserteppich-shiraz-2\\\/#breadcrumb\"},\"inLanguage\":\"de\",\"potentialAction\":[{\"@type\":\"ReadAction\",\"target\":[\"https:\\\/\\\/www.perzijskepreproge.si\\\/de\\\/produkt\\\/perserteppich-shiraz-perserteppich-shiraz-2\\\/\"]}]},{\"@type\":\"ImageObject\",\"inLanguage\":\"de\",\"@id\":\"https:\\\/\\\/www.perzijskepreproge.si\\\/de\\\/produkt\\\/perserteppich-shiraz-perserteppich-shiraz-2\\\/#primaryimage\",\"url\":\"https:\\\/\\\/www.perzijskepreproge.si\\\/wp-content\\\/uploads\\\/2017\\\/04\\\/tepih-8289jpg.jpg\",\"contentUrl\":\"https:\\\/\\\/www.perzijskepreproge.si\\\/wp-content\\\/uploads\\\/2017\\\/04\\\/tepih-8289jpg.jpg\",\"width\":798,\"height\":1200},{\"@type\":\"BreadcrumbList\",\"@id\":\"https:\\\/\\\/www.perzijskepreproge.si\\\/de\\\/produkt\\\/perserteppich-shiraz-perserteppich-shiraz-2\\\/#breadcrumb\",\"itemListElement\":[{\"@type\":\"ListItem\",\"position\":1,\"name\":\"Heim\",\"item\":\"https:\\\/\\\/www.perzijskepreproge.si\\\/de\\\/perserteppiche-farzad\\\/\"},{\"@type\":\"ListItem\",\"position\":2,\"name\":\"Shop\",\"item\":\"https:\\\/\\\/www.perzijskepreproge.si\\\/de\\\/shop\\\/\"},{\"@type\":\"ListItem\",\"position\":3,\"name\":\"Persischer Teppich Shiraz \\\/ Persian carpet Shiraz\"}]},{\"@type\":\"WebSite\",\"@id\":\"https:\\\/\\\/www.perzijskepreproge.si\\\/de\\\/#website\",\"url\":\"https:\\\/\\\/www.perzijskepreproge.si\\\/de\\\/\",\"name\":\"Perzijske preproge Farzad\",\"description\":\"Perzijske preproge,  preprog in \u010di\u0161\u010denje preprog\",\"potentialAction\":[{\"@type\":\"SearchAction\",\"target\":{\"@type\":\"EntryPoint\",\"urlTemplate\":\"https:\\\/\\\/www.perzijskepreproge.si\\\/de\\\/?s={search_term_string}\"},\"query-input\":{\"@type\":\"PropertyValueSpecification\",\"valueRequired\":true,\"valueName\":\"search_term_string\"}}],\"inLanguage\":\"de\"}]}<\/script>\n<!-- \/ Yoast SEO plugin. -->","yoast_head_json":{"title":"Persischer Teppich Shiraz \/ Persian carpet Shiraz - Perzijske preproge Farzad","robots":{"index":"index","follow":"follow","max-snippet":"max-snippet:-1","max-image-preview":"max-image-preview:large","max-video-preview":"max-video-preview:-1"},"canonical":"https:\/\/www.perzijskepreproge.si\/de\/produkt\/perserteppich-shiraz-perserteppich-shiraz-2\/","og_locale":"de_DE","og_type":"article","og_title":"Persischer Teppich Shiraz \/ Persian carpet Shiraz - Perzijske preproge Farzad","og_description":"Reg.Nr.: 695 Gr\u00f6\u00dfe \/ Size: 195 x 115 cm Material \/ Flor: Wolle Kette \/ Base: Pferdehaar \/ horse hair Farben \/ Colours: pflanzlich \/ plants Design \/ Design: geometrisch \/ geometrical Herstellungstechnik \/ Weaving technique: handgekn\u00fcpfter Teppich \/ handmade pile carpet Knotendichte \/ Knot density: 90.000 m\/2 Herkunft \/ Origin: Iran &nbsp;","og_url":"https:\/\/www.perzijskepreproge.si\/de\/produkt\/perserteppich-shiraz-perserteppich-shiraz-2\/","og_site_name":"Perzijske preproge Farzad","article_modified_time":"2026-04-13T10:55:46+00:00","og_image":[{"width":798,"height":1200,"url":"https:\/\/www.perzijskepreproge.si\/wp-content\/uploads\/2017\/04\/tepih-8289jpg.webp","type":"image\/jpeg"}],"twitter_card":"summary_large_image","twitter_misc":{"Gesch\u00e4tzte Lesezeit":"2\u00a0Minute"},"schema":{"@context":"https:\/\/schema.org","@graph":[{"@type":"WebPage","@id":"https:\/\/www.perzijskepreproge.si\/de\/produkt\/perserteppich-shiraz-perserteppich-shiraz-2\/","url":"https:\/\/www.perzijskepreproge.si\/de\/produkt\/perserteppich-shiraz-perserteppich-shiraz-2\/","name":"Persischer Teppich Shiraz \/ Persian carpet Shiraz - Perzijske preproge Farzad","isPartOf":{"@id":"https:\/\/www.perzijskepreproge.si\/de\/#website"},"primaryImageOfPage":{"@id":"https:\/\/www.perzijskepreproge.si\/de\/produkt\/perserteppich-shiraz-perserteppich-shiraz-2\/#primaryimage"},"image":{"@id":"https:\/\/www.perzijskepreproge.si\/de\/produkt\/perserteppich-shiraz-perserteppich-shiraz-2\/#primaryimage"},"thumbnailUrl":"https:\/\/www.perzijskepreproge.si\/wp-content\/uploads\/2017\/04\/tepih-8289jpg.jpg","datePublished":"2017-04-20T15:00:42+00:00","dateModified":"2026-04-13T10:55:46+00:00","breadcrumb":{"@id":"https:\/\/www.perzijskepreproge.si\/de\/produkt\/perserteppich-shiraz-perserteppich-shiraz-2\/#breadcrumb"},"inLanguage":"de","potentialAction":[{"@type":"ReadAction","target":["https:\/\/www.perzijskepreproge.si\/de\/produkt\/perserteppich-shiraz-perserteppich-shiraz-2\/"]}]},{"@type":"ImageObject","inLanguage":"de","@id":"https:\/\/www.perzijskepreproge.si\/de\/produkt\/perserteppich-shiraz-perserteppich-shiraz-2\/#primaryimage","url":"https:\/\/www.perzijskepreproge.si\/wp-content\/uploads\/2017\/04\/tepih-8289jpg.jpg","contentUrl":"https:\/\/www.perzijskepreproge.si\/wp-content\/uploads\/2017\/04\/tepih-8289jpg.jpg","width":798,"height":1200},{"@type":"BreadcrumbList","@id":"https:\/\/www.perzijskepreproge.si\/de\/produkt\/perserteppich-shiraz-perserteppich-shiraz-2\/#breadcrumb","itemListElement":[{"@type":"ListItem","position":1,"name":"Heim","item":"https:\/\/www.perzijskepreproge.si\/de\/perserteppiche-farzad\/"},{"@type":"ListItem","position":2,"name":"Shop","item":"https:\/\/www.perzijskepreproge.si\/de\/shop\/"},{"@type":"ListItem","position":3,"name":"Persischer Teppich Shiraz \/ Persian carpet Shiraz"}]},{"@type":"WebSite","@id":"https:\/\/www.perzijskepreproge.si\/de\/#website","url":"https:\/\/www.perzijskepreproge.si\/de\/","name":"Perzijske preproge Farzad","description":"Perzijske preproge,  preprog in \u010di\u0161\u010denje preprog","potentialAction":[{"@type":"SearchAction","target":{"@type":"EntryPoint","urlTemplate":"https:\/\/www.perzijskepreproge.si\/de\/?s={search_term_string}"},"query-input":{"@type":"PropertyValueSpecification","valueRequired":true,"valueName":"search_term_string"}}],"inLanguage":"de"}]}},"_links":{"self":[{"href":"https:\/\/www.perzijskepreproge.si\/de\/wp-json\/wp\/v2\/product\/25534","targetHints":{"allow":["GET"]}}],"collection":[{"href":"https:\/\/www.perzijskepreproge.si\/de\/wp-json\/wp\/v2\/product"}],"about":[{"href":"https:\/\/www.perzijskepreproge.si\/de\/wp-json\/wp\/v2\/types\/product"}],"version-history":[{"count":1,"href":"https:\/\/www.perzijskepreproge.si\/de\/wp-json\/wp\/v2\/product\/25534\/revisions"}],"predecessor-version":[{"id":29276,"href":"https:\/\/www.perzijskepreproge.si\/de\/wp-json\/wp\/v2\/product\/25534\/revisions\/29276"}],"wp:featuredmedia":[{"embeddable":true,"href":"https:\/\/www.perzijskepreproge.si\/de\/wp-json\/wp\/v2\/media\/27055"}],"wp:attachment":[{"href":"https:\/\/www.perzijskepreproge.si\/de\/wp-json\/wp\/v2\/media?parent=25534"}],"wp:term":[{"taxonomy":"product_brand","embeddable":true,"href":"https:\/\/www.perzijskepreproge.si\/de\/wp-json\/wp\/v2\/product_brand?post=25534"},{"taxonomy":"product_cat","embeddable":true,"href":"https:\/\/www.perzijskepreproge.si\/de\/wp-json\/wp\/v2\/product_cat?post=25534"},{"taxonomy":"product_tag","embeddable":true,"href":"https:\/\/www.perzijskepreproge.si\/de\/wp-json\/wp\/v2\/product_tag?post=25534"}],"curies":[{"name":"wp","href":"https:\/\/api.w.org\/{rel}","templated":true}]}}