{"id":25536,"date":"2017-04-20T16:30:34","date_gmt":"2017-04-20T14:30:34","guid":{"rendered":"https:\/\/www.perzijskepreproge.si\/izdelek\/perserteppich-ardabil-perserteppich-ardabil-6\/"},"modified":"2017-04-20T16:30:34","modified_gmt":"2017-04-20T14:30:34","slug":"perserteppich-ardabil-perserteppich-ardabil-6","status":"publish","type":"product","link":"https:\/\/www.perzijskepreproge.si\/de\/produkt\/perserteppich-ardabil-perserteppich-ardabil-6\/","title":{"rendered":"Perserteppich Ardabil \/ Perserteppich Ardabil"},"content":{"rendered":"<p style=\"text-align: left;\">Die Stadt Ardabil liegt auf einer H\u00f6he von 1.200 Metern \u00fcber dem Meeresspiegel im Nordwesten des Iran in der Provinz Ardabil. Der Name stammt vom zoroastrischen Wort \u201eArtavil\u201c, was heiliger Ort bedeutet. Die Stadt wird bereits im zoroastrischen heiligen Buch Avesta erw\u00e4hnt, in dem es hei\u00dft, dass Zoroaster am Fluss Aras geboren wurde und seine Schriften in den Salaban-Bergen verfasst haben soll. Eine der Hauptattraktionen von Ardabil ist das Grab des Safi-Herrschers Aldin Ardabili, der 1334 starb. Zu seiner Zeit war er ein Anf\u00fchrer der Sufis, die ihm in der Aus\u00fcbung des mystischen Sufismus folgten. Einer seiner Nachfolger, Schah Ismail, vereinigte den Iran nach mehreren Jahrhunderten der Fremdherrschaft wieder und f\u00fchrte den Schiismus als Staatsreligion ein. Er war der Gr\u00fcnder der Safawiden-Dynastie, in deren Verlauf die K\u00fcnste im Iran erneut aufbl\u00fchten. Ismails Sohn Shah Tahmasp erweiterte den Schrein 1530 um ein Grabmal und zu dieser Zeit wurden auch die ber\u00fchmten Ardabil-Teppiche f\u00fcr diesen Raum hergestellt. Laut zwei britischen Reisenden waren die Teppiche im Jahr 1843 noch an ihrem Platz, doch 30 Jahre sp\u00e4ter wurde das Grab durch ein Erdbeben schwer besch\u00e4digt und die Teppiche wurden verkauft, um Geld f\u00fcr die Renovierung zu sammeln. Sie wurden von einer britischen Firma gekauft und da sie besch\u00e4digt waren, wurden einige Teile eines Teppichs bei der Restaurierung des anderen verwendet, was daran zu erkennen war, dass bei einem Teppich ein Rahmen fehlte. Im Jahr 1892 wurde der gr\u00f6\u00dfere Teppich in London versteigert, wo der Designer William Morris davon beeindruckt war und die Museumsleitung davon \u00fcberzeugte, ihn f\u00fcr damals 2.000 Pfund zu kaufen. Das kleinere wurde an einen amerikanischen Sammler verkauft und befindet sich heute in einem Museum in Los Angeles. Heute sind Ardabil und die umliegenden D\u00f6rfer ein wichtiges Zentrum f\u00fcr die Herstellung und den Verkauf von Teppichen. In Bezug auf Verarbeitung, Farben und Muster k\u00f6nnen sie als kaukasische Teppiche betrachtet werden, insbesondere diejenigen, die den kasachischen Stil imitieren. Sie bestehen normalerweise aus zwei gewebten F\u00e4den zwischen zwei Knotenreihen auf einer Baumwollbasis, einem symmetrischen Knoten, geometrischen Mustern und ruhigen, harmonischen Farben. Allerdings k\u00f6nnen Teppiche aus dem weiteren Gebiet der Provinz Ardabil sehr unterschiedlich sein, da dort V\u00f6lker wie Afscharen, Kurden, Baharluis und Schahsavanen leben, die jeweils ihre eigenen Traditionen in der Teppichherstellung haben. Die Schahsavanen sind eine Art Stammesbund, der im 17. Jahrhundert unter der F\u00fchrung von Schah Abbas gegr\u00fcndet wurde, um gemeinsam mit seiner Armee die Grenzen des Iran zu verteidigen. Diejenigen, die sich noch nicht niedergelassen haben, verbringen den Sommer noch immer in den Bergen entlang des Kaspischen Meeres und ziehen im Winter in die Hochebenen s\u00fcdlich von Teheran und \u00f6stlich von Hamadan.                 <\/p>\n<p>&nbsp;<\/p>\n","protected":false},"excerpt":{"rendered":"<p>Reg. Nr.: 653<\/p>\n<p>Gr\u00f6\u00dfe: 224 x 111 cm<\/p>\n<p>Material \/ Flor: Wolle<\/p>\n<p>Basis: Baumwolle<\/p>\n<p>Farben: Pflanzen<\/p>\n<p>Design: geometrisch (Medaillon)<\/p>\n<p>Webtechnik: handgefertigter Florteppich<\/p>\n<p>Knotendichte: 90.000 m\/2<\/p>\n<p>Herkunft: Iran<\/p>\n<p>&nbsp;<\/p>\n","protected":false},"featured_media":22022,"template":"","meta":{"iawp_total_views":4},"product_brand":[],"product_cat":[403,288],"product_tag":[],"class_list":{"0":"post-25536","1":"product","2":"type-product","3":"status-publish","4":"has-post-thumbnail","6":"product_cat-mittlere-teppiche-de-2","7":"product_cat-nomad-teppiche","8":"pa_barva-osnovna-rot-burgunderrot","9":"pa_material-wolle","10":"pa_oblika-rechteckig","11":"pa_velikost-cca-200-x-120-de","13":"first","14":"instock","15":"sold-individually","16":"taxable","17":"shipping-taxable","18":"purchasable","19":"product-type-simple"},"yoast_head":"<!-- This site is optimized with the Yoast SEO plugin v27.3 - https:\/\/yoast.com\/product\/yoast-seo-wordpress\/ -->\n<title>Perserteppich Ardabil \/ Perserteppich Ardabil - Perzijske preproge Farzad<\/title>\n<meta name=\"robots\" content=\"index, follow, max-snippet:-1, max-image-preview:large, max-video-preview:-1\" \/>\n<link rel=\"canonical\" href=\"https:\/\/www.perzijskepreproge.si\/de\/produkt\/perserteppich-ardabil-perserteppich-ardabil-6\/\" \/>\n<meta property=\"og:locale\" content=\"de_DE\" \/>\n<meta property=\"og:type\" content=\"article\" \/>\n<meta property=\"og:title\" content=\"Perserteppich Ardabil \/ Perserteppich Ardabil - Perzijske preproge Farzad\" \/>\n<meta property=\"og:description\" content=\"Reg. Nr.: 653 Gr\u00f6\u00dfe: 224 x 111 cm Material \/ Flor: Wolle Basis: Baumwolle Farben: Pflanzen Design: geometrisch (Medaillon) Webtechnik: handgefertigter Florteppich Knotendichte: 90.000 m\/2 Herkunft: Iran &nbsp;\" \/>\n<meta property=\"og:url\" content=\"https:\/\/www.perzijskepreproge.si\/de\/produkt\/perserteppich-ardabil-perserteppich-ardabil-6\/\" \/>\n<meta property=\"og:site_name\" content=\"Perzijske preproge Farzad\" \/>\n<meta property=\"og:image\" content=\"https:\/\/www.perzijskepreproge.si\/wp-content\/uploads\/2017\/04\/DSCF7907.jpg\" \/>\n\t<meta property=\"og:image:width\" content=\"477\" \/>\n\t<meta property=\"og:image:height\" content=\"900\" \/>\n\t<meta property=\"og:image:type\" content=\"image\/jpeg\" \/>\n<meta name=\"twitter:card\" content=\"summary_large_image\" \/>\n<meta name=\"twitter:label1\" content=\"Gesch\u00e4tzte Lesezeit\" \/>\n\t<meta name=\"twitter:data1\" content=\"2\u00a0Minute\" \/>\n<script type=\"application\/ld+json\" class=\"yoast-schema-graph\">{\"@context\":\"https:\\\/\\\/schema.org\",\"@graph\":[{\"@type\":\"WebPage\",\"@id\":\"https:\\\/\\\/www.perzijskepreproge.si\\\/de\\\/produkt\\\/perserteppich-ardabil-perserteppich-ardabil-6\\\/\",\"url\":\"https:\\\/\\\/www.perzijskepreproge.si\\\/de\\\/produkt\\\/perserteppich-ardabil-perserteppich-ardabil-6\\\/\",\"name\":\"Perserteppich Ardabil \\\/ Perserteppich Ardabil - Perzijske preproge Farzad\",\"isPartOf\":{\"@id\":\"https:\\\/\\\/www.perzijskepreproge.si\\\/de\\\/#website\"},\"primaryImageOfPage\":{\"@id\":\"https:\\\/\\\/www.perzijskepreproge.si\\\/de\\\/produkt\\\/perserteppich-ardabil-perserteppich-ardabil-6\\\/#primaryimage\"},\"image\":{\"@id\":\"https:\\\/\\\/www.perzijskepreproge.si\\\/de\\\/produkt\\\/perserteppich-ardabil-perserteppich-ardabil-6\\\/#primaryimage\"},\"thumbnailUrl\":\"https:\\\/\\\/www.perzijskepreproge.si\\\/wp-content\\\/uploads\\\/2017\\\/04\\\/DSCF7907.jpg\",\"datePublished\":\"2017-04-20T14:30:34+00:00\",\"breadcrumb\":{\"@id\":\"https:\\\/\\\/www.perzijskepreproge.si\\\/de\\\/produkt\\\/perserteppich-ardabil-perserteppich-ardabil-6\\\/#breadcrumb\"},\"inLanguage\":\"de\",\"potentialAction\":[{\"@type\":\"ReadAction\",\"target\":[\"https:\\\/\\\/www.perzijskepreproge.si\\\/de\\\/produkt\\\/perserteppich-ardabil-perserteppich-ardabil-6\\\/\"]}]},{\"@type\":\"ImageObject\",\"inLanguage\":\"de\",\"@id\":\"https:\\\/\\\/www.perzijskepreproge.si\\\/de\\\/produkt\\\/perserteppich-ardabil-perserteppich-ardabil-6\\\/#primaryimage\",\"url\":\"https:\\\/\\\/www.perzijskepreproge.si\\\/wp-content\\\/uploads\\\/2017\\\/04\\\/DSCF7907.jpg\",\"contentUrl\":\"https:\\\/\\\/www.perzijskepreproge.si\\\/wp-content\\\/uploads\\\/2017\\\/04\\\/DSCF7907.jpg\",\"width\":477,\"height\":900},{\"@type\":\"BreadcrumbList\",\"@id\":\"https:\\\/\\\/www.perzijskepreproge.si\\\/de\\\/produkt\\\/perserteppich-ardabil-perserteppich-ardabil-6\\\/#breadcrumb\",\"itemListElement\":[{\"@type\":\"ListItem\",\"position\":1,\"name\":\"Heim\",\"item\":\"https:\\\/\\\/www.perzijskepreproge.si\\\/de\\\/perserteppiche-farzad\\\/\"},{\"@type\":\"ListItem\",\"position\":2,\"name\":\"Shop\",\"item\":\"https:\\\/\\\/www.perzijskepreproge.si\\\/de\\\/shop\\\/\"},{\"@type\":\"ListItem\",\"position\":3,\"name\":\"Perserteppich Ardabil \\\/ Perserteppich Ardabil\"}]},{\"@type\":\"WebSite\",\"@id\":\"https:\\\/\\\/www.perzijskepreproge.si\\\/de\\\/#website\",\"url\":\"https:\\\/\\\/www.perzijskepreproge.si\\\/de\\\/\",\"name\":\"Perzijske preproge Farzad\",\"description\":\"Perzijske preproge,  preprog in \u010di\u0161\u010denje preprog\",\"potentialAction\":[{\"@type\":\"SearchAction\",\"target\":{\"@type\":\"EntryPoint\",\"urlTemplate\":\"https:\\\/\\\/www.perzijskepreproge.si\\\/de\\\/?s={search_term_string}\"},\"query-input\":{\"@type\":\"PropertyValueSpecification\",\"valueRequired\":true,\"valueName\":\"search_term_string\"}}],\"inLanguage\":\"de\"}]}<\/script>\n<!-- \/ Yoast SEO plugin. -->","yoast_head_json":{"title":"Perserteppich Ardabil \/ Perserteppich Ardabil - Perzijske preproge Farzad","robots":{"index":"index","follow":"follow","max-snippet":"max-snippet:-1","max-image-preview":"max-image-preview:large","max-video-preview":"max-video-preview:-1"},"canonical":"https:\/\/www.perzijskepreproge.si\/de\/produkt\/perserteppich-ardabil-perserteppich-ardabil-6\/","og_locale":"de_DE","og_type":"article","og_title":"Perserteppich Ardabil \/ Perserteppich Ardabil - Perzijske preproge Farzad","og_description":"Reg. Nr.: 653 Gr\u00f6\u00dfe: 224 x 111 cm Material \/ Flor: Wolle Basis: Baumwolle Farben: Pflanzen Design: geometrisch (Medaillon) Webtechnik: handgefertigter Florteppich Knotendichte: 90.000 m\/2 Herkunft: Iran &nbsp;","og_url":"https:\/\/www.perzijskepreproge.si\/de\/produkt\/perserteppich-ardabil-perserteppich-ardabil-6\/","og_site_name":"Perzijske preproge Farzad","og_image":[{"width":477,"height":900,"url":"https:\/\/www.perzijskepreproge.si\/wp-content\/uploads\/2017\/04\/DSCF7907.jpg","type":"image\/jpeg"}],"twitter_card":"summary_large_image","twitter_misc":{"Gesch\u00e4tzte Lesezeit":"2\u00a0Minute"},"schema":{"@context":"https:\/\/schema.org","@graph":[{"@type":"WebPage","@id":"https:\/\/www.perzijskepreproge.si\/de\/produkt\/perserteppich-ardabil-perserteppich-ardabil-6\/","url":"https:\/\/www.perzijskepreproge.si\/de\/produkt\/perserteppich-ardabil-perserteppich-ardabil-6\/","name":"Perserteppich Ardabil \/ Perserteppich Ardabil - Perzijske preproge Farzad","isPartOf":{"@id":"https:\/\/www.perzijskepreproge.si\/de\/#website"},"primaryImageOfPage":{"@id":"https:\/\/www.perzijskepreproge.si\/de\/produkt\/perserteppich-ardabil-perserteppich-ardabil-6\/#primaryimage"},"image":{"@id":"https:\/\/www.perzijskepreproge.si\/de\/produkt\/perserteppich-ardabil-perserteppich-ardabil-6\/#primaryimage"},"thumbnailUrl":"https:\/\/www.perzijskepreproge.si\/wp-content\/uploads\/2017\/04\/DSCF7907.jpg","datePublished":"2017-04-20T14:30:34+00:00","breadcrumb":{"@id":"https:\/\/www.perzijskepreproge.si\/de\/produkt\/perserteppich-ardabil-perserteppich-ardabil-6\/#breadcrumb"},"inLanguage":"de","potentialAction":[{"@type":"ReadAction","target":["https:\/\/www.perzijskepreproge.si\/de\/produkt\/perserteppich-ardabil-perserteppich-ardabil-6\/"]}]},{"@type":"ImageObject","inLanguage":"de","@id":"https:\/\/www.perzijskepreproge.si\/de\/produkt\/perserteppich-ardabil-perserteppich-ardabil-6\/#primaryimage","url":"https:\/\/www.perzijskepreproge.si\/wp-content\/uploads\/2017\/04\/DSCF7907.jpg","contentUrl":"https:\/\/www.perzijskepreproge.si\/wp-content\/uploads\/2017\/04\/DSCF7907.jpg","width":477,"height":900},{"@type":"BreadcrumbList","@id":"https:\/\/www.perzijskepreproge.si\/de\/produkt\/perserteppich-ardabil-perserteppich-ardabil-6\/#breadcrumb","itemListElement":[{"@type":"ListItem","position":1,"name":"Heim","item":"https:\/\/www.perzijskepreproge.si\/de\/perserteppiche-farzad\/"},{"@type":"ListItem","position":2,"name":"Shop","item":"https:\/\/www.perzijskepreproge.si\/de\/shop\/"},{"@type":"ListItem","position":3,"name":"Perserteppich Ardabil \/ Perserteppich Ardabil"}]},{"@type":"WebSite","@id":"https:\/\/www.perzijskepreproge.si\/de\/#website","url":"https:\/\/www.perzijskepreproge.si\/de\/","name":"Perzijske preproge Farzad","description":"Perzijske preproge,  preprog in \u010di\u0161\u010denje preprog","potentialAction":[{"@type":"SearchAction","target":{"@type":"EntryPoint","urlTemplate":"https:\/\/www.perzijskepreproge.si\/de\/?s={search_term_string}"},"query-input":{"@type":"PropertyValueSpecification","valueRequired":true,"valueName":"search_term_string"}}],"inLanguage":"de"}]}},"_links":{"self":[{"href":"https:\/\/www.perzijskepreproge.si\/de\/wp-json\/wp\/v2\/product\/25536","targetHints":{"allow":["GET"]}}],"collection":[{"href":"https:\/\/www.perzijskepreproge.si\/de\/wp-json\/wp\/v2\/product"}],"about":[{"href":"https:\/\/www.perzijskepreproge.si\/de\/wp-json\/wp\/v2\/types\/product"}],"version-history":[{"count":0,"href":"https:\/\/www.perzijskepreproge.si\/de\/wp-json\/wp\/v2\/product\/25536\/revisions"}],"wp:featuredmedia":[{"embeddable":true,"href":"https:\/\/www.perzijskepreproge.si\/de\/wp-json\/wp\/v2\/media\/22022"}],"wp:attachment":[{"href":"https:\/\/www.perzijskepreproge.si\/de\/wp-json\/wp\/v2\/media?parent=25536"}],"wp:term":[{"taxonomy":"product_brand","embeddable":true,"href":"https:\/\/www.perzijskepreproge.si\/de\/wp-json\/wp\/v2\/product_brand?post=25536"},{"taxonomy":"product_cat","embeddable":true,"href":"https:\/\/www.perzijskepreproge.si\/de\/wp-json\/wp\/v2\/product_cat?post=25536"},{"taxonomy":"product_tag","embeddable":true,"href":"https:\/\/www.perzijskepreproge.si\/de\/wp-json\/wp\/v2\/product_tag?post=25536"}],"curies":[{"name":"wp","href":"https:\/\/api.w.org\/{rel}","templated":true}]}}