{"id":25542,"date":"2017-04-18T11:37:10","date_gmt":"2017-04-18T09:37:10","guid":{"rendered":"https:\/\/www.perzijskepreproge.si\/izdelek\/perserteppich-hamedan-perserteppich-hamedan-5\/"},"modified":"2026-04-13T12:55:51","modified_gmt":"2026-04-13T10:55:51","slug":"perserteppich-hamedan-perserteppich-hamedan-5","status":"publish","type":"product","link":"https:\/\/www.perzijskepreproge.si\/de\/produkt\/perserteppich-hamedan-perserteppich-hamedan-5\/","title":{"rendered":"Persischer Teppich Hamedan \/ Persian carpet Hamedan"},"content":{"rendered":"<p style=\"text-align: left;\">Hamadan ist eine der \u00e4ltesten St\u00e4dte der Welt und seit mehreren Jahrhunderten ein bedeutendes Handels- und Verwaltungszentrum des Iran. Im 6. Jahrhundert v. Chr. war es unter dem Namen Ekbatana die Hauptstadt des medischen K\u00f6nigreichs und sp\u00e4ter die Sommerresidenz der persischen Ach\u00e4meniden-Dynastie. Die Stadt liegt auf einem ausgedehnten Plateau in 1800 Metern H\u00f6he am Fu\u00dfe des Alvand-Gebirges, weshalb dort ein Klima mit milden Sommern und kalten Wintern vorherrscht. Aufgrund ihrer strategisch wichtigen Lage zwischen dem ehemaligen Persien und Mesopotamien war die Stadt viele Male Ziel verschiedener Armeen. Bereits Alexander der Gro\u00dfe eroberte sie, sp\u00e4ter im elften Jahrhundert besetzten die Seldschuken die gesamte Hamadan-Region und das benachbarte Aserbaidschan. Obwohl das gesamte Gebiet vom kulturellen Einfluss der t\u00fcrkisch-altaischen V\u00f6lker gepr\u00e4gt war, wird in Hamadan noch heute die persische Sprache (Farsi) gesprochen, im Gegensatz zum umliegenden Land, wo in der Sprache der t\u00fcrkische Dialekt vorherrscht. Teppiche aus mehr als 600 D\u00f6rfern westlich und n\u00f6rdlich von Hamadan warten auf dem Hamadan-Basar auf K\u00e4ufer. Die Bev\u00f6lkerung dieser D\u00f6rfer besteht auch aus zahlreichen Kurden, \u00fcber die auch Teppiche aus Bidjar und Sanandaj ihren Weg auf die Basare finden, was zu Verwirrung bei der Bestimmung der Herkunft des Teppichs f\u00fchrt. Vor einigen Jahrzehnten hatte jedes Dorf eine charakteristische Kombination von Mustern und Farben bei den Teppichen, sodass H\u00e4ndler auf den Hamadan-Basaren einen echten Hamadan schnell erkennen konnten. Charakteristisch f\u00fcr Hamadan-Teppiche ist, dass sie zwischen zwei Knotenreihen je einen Querschussfaden aus Baumwolle haben, die Knoten sind symmetrisch, die Grundstruktur ist immer aus Baumwolle, mit Ausnahme einiger sehr alter Teppiche. Auch die Belutschen- und Bachtiaren-Nomaden verwenden diese Herstellungstechnik, unterscheiden sich jedoch in der Art der Wolle. Wichtigere Herstellungsgebiete sind Dergazin, Mehriban, Khamseh, Borchalou, und in einem Gebiet allein k\u00f6nnen sich mehr als 40 D\u00f6rfer befinden. Im 16. Jahrhundert schenkte der safawidische Schah Tahmasp dem osmanischen Sultan S\u00fcleyman dem Pr\u00e4chtigen einen Teppich aus der Dergazin-Region, was bedeutet, dass man hier neben traditionellen Teppichen auch feinere Teppiche f\u00fcr H\u00f6fe herzustellen wusste.<\/p>\n","protected":false},"excerpt":{"rendered":"<p>Reg.-Nr.: 673<\/p>\n<p>Gr\u00f6\u00dfe \/ Size: 208 x 133 cm<\/p>\n<p>Material \/ Flor: Wolle<\/p>\n<p>Kette \/ Base: Baumwolle \/ cotton<\/p>\n<p>Farben \/ Colours: pflanzlich \/ plants<\/p>\n<p>Design \/ Design: geometrisch \/ geometrical<\/p>\n<p>Herstellungstechnik \/ Weaving technique: handgekn\u00fcpfter Teppich \/ handmade pile carpet<\/p>\n<p>Kn\u00fcpfdichte: 160.000 m\u00b2<\/p>\n<p>Herkunft \/ Origin: Iran<\/p>\n<p>&nbsp;<\/p>\n","protected":false},"featured_media":26996,"template":"","meta":{"iawp_total_views":1},"product_brand":[],"product_cat":[403,288],"product_tag":[],"class_list":{"0":"post-25542","1":"product","2":"type-product","3":"status-publish","4":"has-post-thumbnail","6":"product_cat-mittlere-teppiche-de-2","7":"product_cat-nomad-teppiche","8":"pa_barva-osnovna-schwarz-dunkelblau","9":"pa_material-wolle","10":"pa_oblika-rechteckig","11":"pa_velikost-cca-200-x-150-de","13":"first","14":"instock","15":"sold-individually","16":"taxable","17":"shipping-taxable","18":"purchasable","19":"product-type-simple"},"yoast_head":"<!-- This site is optimized with the Yoast SEO plugin v27.3 - https:\/\/yoast.com\/product\/yoast-seo-wordpress\/ -->\n<title>Persischer Teppich Hamedan \/ Persian carpet Hamedan - Perzijske preproge Farzad<\/title>\n<meta name=\"robots\" content=\"index, follow, max-snippet:-1, max-image-preview:large, max-video-preview:-1\" \/>\n<link rel=\"canonical\" href=\"https:\/\/www.perzijskepreproge.si\/de\/produkt\/perserteppich-hamedan-perserteppich-hamedan-5\/\" \/>\n<meta property=\"og:locale\" content=\"de_DE\" \/>\n<meta property=\"og:type\" content=\"article\" \/>\n<meta property=\"og:title\" content=\"Persischer Teppich Hamedan \/ Persian carpet Hamedan - Perzijske preproge Farzad\" \/>\n<meta property=\"og:description\" content=\"Reg.-Nr.: 673 Gr\u00f6\u00dfe \/ Size: 208 x 133 cm Material \/ Flor: Wolle Kette \/ Base: Baumwolle \/ cotton Farben \/ Colours: pflanzlich \/ plants Design \/ Design: geometrisch \/ geometrical Herstellungstechnik \/ Weaving technique: handgekn\u00fcpfter Teppich \/ handmade pile carpet Kn\u00fcpfdichte: 160.000 m\u00b2 Herkunft \/ Origin: Iran &nbsp;\" \/>\n<meta property=\"og:url\" content=\"https:\/\/www.perzijskepreproge.si\/de\/produkt\/perserteppich-hamedan-perserteppich-hamedan-5\/\" \/>\n<meta property=\"og:site_name\" content=\"Perzijske preproge Farzad\" \/>\n<meta property=\"article:modified_time\" content=\"2026-04-13T10:55:51+00:00\" \/>\n<meta property=\"og:image\" content=\"https:\/\/www.perzijskepreproge.si\/wp-content\/uploads\/2017\/04\/tepih-8280jpg.webp\" \/>\n\t<meta property=\"og:image:width\" content=\"798\" \/>\n\t<meta property=\"og:image:height\" content=\"1200\" \/>\n\t<meta property=\"og:image:type\" content=\"image\/jpeg\" \/>\n<meta name=\"twitter:card\" content=\"summary_large_image\" \/>\n<meta name=\"twitter:label1\" content=\"Gesch\u00e4tzte Lesezeit\" \/>\n\t<meta name=\"twitter:data1\" content=\"2\u00a0Minute\" \/>\n<script type=\"application\/ld+json\" class=\"yoast-schema-graph\">{\"@context\":\"https:\\\/\\\/schema.org\",\"@graph\":[{\"@type\":\"WebPage\",\"@id\":\"https:\\\/\\\/www.perzijskepreproge.si\\\/de\\\/produkt\\\/perserteppich-hamedan-perserteppich-hamedan-5\\\/\",\"url\":\"https:\\\/\\\/www.perzijskepreproge.si\\\/de\\\/produkt\\\/perserteppich-hamedan-perserteppich-hamedan-5\\\/\",\"name\":\"Persischer Teppich Hamedan \\\/ Persian carpet Hamedan - Perzijske preproge Farzad\",\"isPartOf\":{\"@id\":\"https:\\\/\\\/www.perzijskepreproge.si\\\/de\\\/#website\"},\"primaryImageOfPage\":{\"@id\":\"https:\\\/\\\/www.perzijskepreproge.si\\\/de\\\/produkt\\\/perserteppich-hamedan-perserteppich-hamedan-5\\\/#primaryimage\"},\"image\":{\"@id\":\"https:\\\/\\\/www.perzijskepreproge.si\\\/de\\\/produkt\\\/perserteppich-hamedan-perserteppich-hamedan-5\\\/#primaryimage\"},\"thumbnailUrl\":\"https:\\\/\\\/www.perzijskepreproge.si\\\/wp-content\\\/uploads\\\/2017\\\/04\\\/tepih-8280jpg.jpg\",\"datePublished\":\"2017-04-18T09:37:10+00:00\",\"dateModified\":\"2026-04-13T10:55:51+00:00\",\"breadcrumb\":{\"@id\":\"https:\\\/\\\/www.perzijskepreproge.si\\\/de\\\/produkt\\\/perserteppich-hamedan-perserteppich-hamedan-5\\\/#breadcrumb\"},\"inLanguage\":\"de\",\"potentialAction\":[{\"@type\":\"ReadAction\",\"target\":[\"https:\\\/\\\/www.perzijskepreproge.si\\\/de\\\/produkt\\\/perserteppich-hamedan-perserteppich-hamedan-5\\\/\"]}]},{\"@type\":\"ImageObject\",\"inLanguage\":\"de\",\"@id\":\"https:\\\/\\\/www.perzijskepreproge.si\\\/de\\\/produkt\\\/perserteppich-hamedan-perserteppich-hamedan-5\\\/#primaryimage\",\"url\":\"https:\\\/\\\/www.perzijskepreproge.si\\\/wp-content\\\/uploads\\\/2017\\\/04\\\/tepih-8280jpg.jpg\",\"contentUrl\":\"https:\\\/\\\/www.perzijskepreproge.si\\\/wp-content\\\/uploads\\\/2017\\\/04\\\/tepih-8280jpg.jpg\",\"width\":798,\"height\":1200},{\"@type\":\"BreadcrumbList\",\"@id\":\"https:\\\/\\\/www.perzijskepreproge.si\\\/de\\\/produkt\\\/perserteppich-hamedan-perserteppich-hamedan-5\\\/#breadcrumb\",\"itemListElement\":[{\"@type\":\"ListItem\",\"position\":1,\"name\":\"Heim\",\"item\":\"https:\\\/\\\/www.perzijskepreproge.si\\\/de\\\/perserteppiche-farzad\\\/\"},{\"@type\":\"ListItem\",\"position\":2,\"name\":\"Shop\",\"item\":\"https:\\\/\\\/www.perzijskepreproge.si\\\/de\\\/shop\\\/\"},{\"@type\":\"ListItem\",\"position\":3,\"name\":\"Persischer Teppich Hamedan \\\/ Persian carpet Hamedan\"}]},{\"@type\":\"WebSite\",\"@id\":\"https:\\\/\\\/www.perzijskepreproge.si\\\/de\\\/#website\",\"url\":\"https:\\\/\\\/www.perzijskepreproge.si\\\/de\\\/\",\"name\":\"Perzijske preproge Farzad\",\"description\":\"Perzijske preproge,  preprog in \u010di\u0161\u010denje preprog\",\"potentialAction\":[{\"@type\":\"SearchAction\",\"target\":{\"@type\":\"EntryPoint\",\"urlTemplate\":\"https:\\\/\\\/www.perzijskepreproge.si\\\/de\\\/?s={search_term_string}\"},\"query-input\":{\"@type\":\"PropertyValueSpecification\",\"valueRequired\":true,\"valueName\":\"search_term_string\"}}],\"inLanguage\":\"de\"}]}<\/script>\n<!-- \/ Yoast SEO plugin. -->","yoast_head_json":{"title":"Persischer Teppich Hamedan \/ Persian carpet Hamedan - Perzijske preproge Farzad","robots":{"index":"index","follow":"follow","max-snippet":"max-snippet:-1","max-image-preview":"max-image-preview:large","max-video-preview":"max-video-preview:-1"},"canonical":"https:\/\/www.perzijskepreproge.si\/de\/produkt\/perserteppich-hamedan-perserteppich-hamedan-5\/","og_locale":"de_DE","og_type":"article","og_title":"Persischer Teppich Hamedan \/ Persian carpet Hamedan - Perzijske preproge Farzad","og_description":"Reg.-Nr.: 673 Gr\u00f6\u00dfe \/ Size: 208 x 133 cm Material \/ Flor: Wolle Kette \/ Base: Baumwolle \/ cotton Farben \/ Colours: pflanzlich \/ plants Design \/ Design: geometrisch \/ geometrical Herstellungstechnik \/ Weaving technique: handgekn\u00fcpfter Teppich \/ handmade pile carpet Kn\u00fcpfdichte: 160.000 m\u00b2 Herkunft \/ Origin: Iran &nbsp;","og_url":"https:\/\/www.perzijskepreproge.si\/de\/produkt\/perserteppich-hamedan-perserteppich-hamedan-5\/","og_site_name":"Perzijske preproge Farzad","article_modified_time":"2026-04-13T10:55:51+00:00","og_image":[{"width":798,"height":1200,"url":"https:\/\/www.perzijskepreproge.si\/wp-content\/uploads\/2017\/04\/tepih-8280jpg.webp","type":"image\/jpeg"}],"twitter_card":"summary_large_image","twitter_misc":{"Gesch\u00e4tzte Lesezeit":"2\u00a0Minute"},"schema":{"@context":"https:\/\/schema.org","@graph":[{"@type":"WebPage","@id":"https:\/\/www.perzijskepreproge.si\/de\/produkt\/perserteppich-hamedan-perserteppich-hamedan-5\/","url":"https:\/\/www.perzijskepreproge.si\/de\/produkt\/perserteppich-hamedan-perserteppich-hamedan-5\/","name":"Persischer Teppich Hamedan \/ Persian carpet Hamedan - Perzijske preproge Farzad","isPartOf":{"@id":"https:\/\/www.perzijskepreproge.si\/de\/#website"},"primaryImageOfPage":{"@id":"https:\/\/www.perzijskepreproge.si\/de\/produkt\/perserteppich-hamedan-perserteppich-hamedan-5\/#primaryimage"},"image":{"@id":"https:\/\/www.perzijskepreproge.si\/de\/produkt\/perserteppich-hamedan-perserteppich-hamedan-5\/#primaryimage"},"thumbnailUrl":"https:\/\/www.perzijskepreproge.si\/wp-content\/uploads\/2017\/04\/tepih-8280jpg.jpg","datePublished":"2017-04-18T09:37:10+00:00","dateModified":"2026-04-13T10:55:51+00:00","breadcrumb":{"@id":"https:\/\/www.perzijskepreproge.si\/de\/produkt\/perserteppich-hamedan-perserteppich-hamedan-5\/#breadcrumb"},"inLanguage":"de","potentialAction":[{"@type":"ReadAction","target":["https:\/\/www.perzijskepreproge.si\/de\/produkt\/perserteppich-hamedan-perserteppich-hamedan-5\/"]}]},{"@type":"ImageObject","inLanguage":"de","@id":"https:\/\/www.perzijskepreproge.si\/de\/produkt\/perserteppich-hamedan-perserteppich-hamedan-5\/#primaryimage","url":"https:\/\/www.perzijskepreproge.si\/wp-content\/uploads\/2017\/04\/tepih-8280jpg.jpg","contentUrl":"https:\/\/www.perzijskepreproge.si\/wp-content\/uploads\/2017\/04\/tepih-8280jpg.jpg","width":798,"height":1200},{"@type":"BreadcrumbList","@id":"https:\/\/www.perzijskepreproge.si\/de\/produkt\/perserteppich-hamedan-perserteppich-hamedan-5\/#breadcrumb","itemListElement":[{"@type":"ListItem","position":1,"name":"Heim","item":"https:\/\/www.perzijskepreproge.si\/de\/perserteppiche-farzad\/"},{"@type":"ListItem","position":2,"name":"Shop","item":"https:\/\/www.perzijskepreproge.si\/de\/shop\/"},{"@type":"ListItem","position":3,"name":"Persischer Teppich Hamedan \/ Persian carpet Hamedan"}]},{"@type":"WebSite","@id":"https:\/\/www.perzijskepreproge.si\/de\/#website","url":"https:\/\/www.perzijskepreproge.si\/de\/","name":"Perzijske preproge Farzad","description":"Perzijske preproge,  preprog in \u010di\u0161\u010denje preprog","potentialAction":[{"@type":"SearchAction","target":{"@type":"EntryPoint","urlTemplate":"https:\/\/www.perzijskepreproge.si\/de\/?s={search_term_string}"},"query-input":{"@type":"PropertyValueSpecification","valueRequired":true,"valueName":"search_term_string"}}],"inLanguage":"de"}]}},"_links":{"self":[{"href":"https:\/\/www.perzijskepreproge.si\/de\/wp-json\/wp\/v2\/product\/25542","targetHints":{"allow":["GET"]}}],"collection":[{"href":"https:\/\/www.perzijskepreproge.si\/de\/wp-json\/wp\/v2\/product"}],"about":[{"href":"https:\/\/www.perzijskepreproge.si\/de\/wp-json\/wp\/v2\/types\/product"}],"version-history":[{"count":1,"href":"https:\/\/www.perzijskepreproge.si\/de\/wp-json\/wp\/v2\/product\/25542\/revisions"}],"predecessor-version":[{"id":29279,"href":"https:\/\/www.perzijskepreproge.si\/de\/wp-json\/wp\/v2\/product\/25542\/revisions\/29279"}],"wp:featuredmedia":[{"embeddable":true,"href":"https:\/\/www.perzijskepreproge.si\/de\/wp-json\/wp\/v2\/media\/26996"}],"wp:attachment":[{"href":"https:\/\/www.perzijskepreproge.si\/de\/wp-json\/wp\/v2\/media?parent=25542"}],"wp:term":[{"taxonomy":"product_brand","embeddable":true,"href":"https:\/\/www.perzijskepreproge.si\/de\/wp-json\/wp\/v2\/product_brand?post=25542"},{"taxonomy":"product_cat","embeddable":true,"href":"https:\/\/www.perzijskepreproge.si\/de\/wp-json\/wp\/v2\/product_cat?post=25542"},{"taxonomy":"product_tag","embeddable":true,"href":"https:\/\/www.perzijskepreproge.si\/de\/wp-json\/wp\/v2\/product_tag?post=25542"}],"curies":[{"name":"wp","href":"https:\/\/api.w.org\/{rel}","templated":true}]}}