{"id":25615,"date":"2017-04-26T16:36:42","date_gmt":"2017-04-26T14:36:42","guid":{"rendered":"https:\/\/www.perzijskepreproge.si\/izdelek\/perserteppich-shiraz-perserteppich-shiraz-3\/"},"modified":"2017-04-26T16:36:42","modified_gmt":"2017-04-26T14:36:42","slug":"perserteppich-shiraz-perserteppich-shiraz-3","status":"publish","type":"product","link":"https:\/\/www.perzijskepreproge.si\/de\/produkt\/perserteppich-shiraz-perserteppich-shiraz-3\/","title":{"rendered":"Perserteppich Shiraz \/ Perserteppich Shiraz"},"content":{"rendered":"<p><strong>  Teppiche spielten in der Familie schon immer eine wichtige Rolle als Mittel zur Heiratszahlung oder Mitgift. Die Ehe stellte viel mehr dar als nur die Verbindung zwischen Mann und Frau. Ein M\u00e4dchen, das in jungen Jahren seinen zuk\u00fcnftigen Ehemann fand, wurde zu einer Art Bindeglied in der Allianz zwischen zwei Familien. Die Verbindung zwischen den beiden Familien wurde durch die Schenkung von Teppichen, Schmuck und anderen G\u00fctern praktisch best\u00e4tigt. Zur Mitgift konnten auch Tiere, Weideland und Wasserquellen geh\u00f6ren. Das junge M\u00e4dchen lernte von ihrer Mutter und anderen Familienmitgliedern und begann bald, ihre eigenen Teppiche und andere Produkte herzustellen. Jedes Produkt repr\u00e4sentierte die Familientradition und die Folklore ihres Volkes. Der Status einer Familie war eng mit der Qualit\u00e4t und Quantit\u00e4t der Mitgift der Braut verkn\u00fcpft. Daher wurden die Teppiche mit viel M\u00fche, Liebe und Kreativit\u00e4t hergestellt, auch wenn sie nicht f\u00fcr den Verkauf auf dem Basar bestimmt waren.        <\/strong><\/p>\n<p><strong>  Das nomadische Volk der Gaschgai aus dem S\u00fcdwesten des Iran (um Shiraz) ist f\u00fcr seine traditionellen Teppiche bekannt. Im 16. Jahrhundert kamen sie zusammen mit anderen Turkv\u00f6lkern aus Zentralasien. Daher k\u00f6nnen wir eine Verbindung zwischen den Gaschgai-Mustern auf den Teppichen und denen aus der Kaukasusregion feststellen. Diese Nomaden waren einst f\u00fcr ihre lange und beschwerliche j\u00e4hrliche Migrationsroute von ihren Winterquartieren am Persischen Golf zu ihren Sommerweiden im Zagros-Gebirge ber\u00fchmt. Seit 1925 haben sie erheblich unter der repressiven Politik der persischen Beh\u00f6rden gelitten.       <\/strong><\/p>\n<p><strong>  Die Kaschgais stellen Teppiche her, wenn sie nicht unterwegs sind oder an Zwischenstopps. Interessante, pl\u00f6tzliche Umkehrungen in Mustern und Farben fallen auf, da sie nur geringe Mengen farbigen Fadens tragen k\u00f6nnen. Oft werden Bodenwebst\u00fchle vor der Fertigstellung des Teppichs zusammengeklappt und auf die Reise geschickt. Im n\u00e4chsten Camp erkl\u00e4ren sie sie erneut und arbeiten weiter, daher ist es nicht \u00fcberraschend, dass sich die Muster \u00e4ndern.   <\/strong><\/p>\n<p><strong> <\/strong><\/p>\n<p><strong> <\/strong><\/p>\n","protected":false},"excerpt":{"rendered":"<p>Reg. Nr.: 699<\/p>\n<p>Gr\u00f6\u00dfe: 252 x 120 cm<\/p>\n<p>Material \/ Flor: Wolle<\/p>\n<p>Basis: Wolle<\/p>\n<p>Farben: Pflanzen<\/p>\n<p>Design: geometrisch<\/p>\n<p>Webtechnik: handgefertigter Florteppich<\/p>\n<p>Knotendichte: 90.000 m\/2<\/p>\n<p>Herkunft: Iran<\/p>\n<p>&nbsp;<\/p>\n","protected":false},"featured_media":22385,"template":"","meta":{"iawp_total_views":2},"product_brand":[],"product_cat":[403,288],"product_tag":[],"class_list":{"0":"post-25615","1":"product","2":"type-product","3":"status-publish","4":"has-post-thumbnail","6":"product_cat-mittlere-teppiche-de-2","7":"product_cat-nomad-teppiche","8":"pa_barva-osnovna-braun-erdig","9":"pa_material-wolle","10":"pa_oblika-rechteckig","11":"pa_velikost-cca-200-x-200-de","13":"first","14":"instock","15":"sold-individually","16":"taxable","17":"shipping-taxable","18":"purchasable","19":"product-type-simple"},"yoast_head":"<!-- This site is optimized with the Yoast SEO plugin v27.3 - https:\/\/yoast.com\/product\/yoast-seo-wordpress\/ -->\n<title>Perserteppich Shiraz \/ Perserteppich Shiraz - Perzijske preproge Farzad<\/title>\n<meta name=\"robots\" content=\"index, follow, max-snippet:-1, max-image-preview:large, max-video-preview:-1\" \/>\n<link rel=\"canonical\" href=\"https:\/\/www.perzijskepreproge.si\/de\/produkt\/perserteppich-shiraz-perserteppich-shiraz-3\/\" \/>\n<meta property=\"og:locale\" content=\"de_DE\" \/>\n<meta property=\"og:type\" content=\"article\" \/>\n<meta property=\"og:title\" content=\"Perserteppich Shiraz \/ Perserteppich Shiraz - Perzijske preproge Farzad\" \/>\n<meta property=\"og:description\" content=\"Reg. Nr.: 699 Gr\u00f6\u00dfe: 252 x 120 cm Material \/ Flor: Wolle Basis: Wolle Farben: Pflanzen Design: geometrisch Webtechnik: handgefertigter Florteppich Knotendichte: 90.000 m\/2 Herkunft: Iran &nbsp;\" \/>\n<meta property=\"og:url\" content=\"https:\/\/www.perzijskepreproge.si\/de\/produkt\/perserteppich-shiraz-perserteppich-shiraz-3\/\" \/>\n<meta property=\"og:site_name\" content=\"Perzijske preproge Farzad\" \/>\n<meta property=\"og:image\" content=\"https:\/\/www.perzijskepreproge.si\/wp-content\/uploads\/2017\/04\/DSCF8103.jpg\" \/>\n\t<meta property=\"og:image:width\" content=\"450\" \/>\n\t<meta property=\"og:image:height\" content=\"900\" \/>\n\t<meta property=\"og:image:type\" content=\"image\/jpeg\" \/>\n<meta name=\"twitter:card\" content=\"summary_large_image\" \/>\n<meta name=\"twitter:label1\" content=\"Gesch\u00e4tzte Lesezeit\" \/>\n\t<meta name=\"twitter:data1\" content=\"2\u00a0Minute\" \/>\n<script type=\"application\/ld+json\" class=\"yoast-schema-graph\">{\"@context\":\"https:\\\/\\\/schema.org\",\"@graph\":[{\"@type\":\"WebPage\",\"@id\":\"https:\\\/\\\/www.perzijskepreproge.si\\\/de\\\/produkt\\\/perserteppich-shiraz-perserteppich-shiraz-3\\\/\",\"url\":\"https:\\\/\\\/www.perzijskepreproge.si\\\/de\\\/produkt\\\/perserteppich-shiraz-perserteppich-shiraz-3\\\/\",\"name\":\"Perserteppich Shiraz \\\/ Perserteppich Shiraz - Perzijske preproge Farzad\",\"isPartOf\":{\"@id\":\"https:\\\/\\\/www.perzijskepreproge.si\\\/de\\\/#website\"},\"primaryImageOfPage\":{\"@id\":\"https:\\\/\\\/www.perzijskepreproge.si\\\/de\\\/produkt\\\/perserteppich-shiraz-perserteppich-shiraz-3\\\/#primaryimage\"},\"image\":{\"@id\":\"https:\\\/\\\/www.perzijskepreproge.si\\\/de\\\/produkt\\\/perserteppich-shiraz-perserteppich-shiraz-3\\\/#primaryimage\"},\"thumbnailUrl\":\"https:\\\/\\\/www.perzijskepreproge.si\\\/wp-content\\\/uploads\\\/2017\\\/04\\\/DSCF8103.jpg\",\"datePublished\":\"2017-04-26T14:36:42+00:00\",\"breadcrumb\":{\"@id\":\"https:\\\/\\\/www.perzijskepreproge.si\\\/de\\\/produkt\\\/perserteppich-shiraz-perserteppich-shiraz-3\\\/#breadcrumb\"},\"inLanguage\":\"de\",\"potentialAction\":[{\"@type\":\"ReadAction\",\"target\":[\"https:\\\/\\\/www.perzijskepreproge.si\\\/de\\\/produkt\\\/perserteppich-shiraz-perserteppich-shiraz-3\\\/\"]}]},{\"@type\":\"ImageObject\",\"inLanguage\":\"de\",\"@id\":\"https:\\\/\\\/www.perzijskepreproge.si\\\/de\\\/produkt\\\/perserteppich-shiraz-perserteppich-shiraz-3\\\/#primaryimage\",\"url\":\"https:\\\/\\\/www.perzijskepreproge.si\\\/wp-content\\\/uploads\\\/2017\\\/04\\\/DSCF8103.jpg\",\"contentUrl\":\"https:\\\/\\\/www.perzijskepreproge.si\\\/wp-content\\\/uploads\\\/2017\\\/04\\\/DSCF8103.jpg\",\"width\":450,\"height\":900},{\"@type\":\"BreadcrumbList\",\"@id\":\"https:\\\/\\\/www.perzijskepreproge.si\\\/de\\\/produkt\\\/perserteppich-shiraz-perserteppich-shiraz-3\\\/#breadcrumb\",\"itemListElement\":[{\"@type\":\"ListItem\",\"position\":1,\"name\":\"Heim\",\"item\":\"https:\\\/\\\/www.perzijskepreproge.si\\\/de\\\/perserteppiche-farzad\\\/\"},{\"@type\":\"ListItem\",\"position\":2,\"name\":\"Shop\",\"item\":\"https:\\\/\\\/www.perzijskepreproge.si\\\/de\\\/shop\\\/\"},{\"@type\":\"ListItem\",\"position\":3,\"name\":\"Perserteppich Shiraz \\\/ Perserteppich Shiraz\"}]},{\"@type\":\"WebSite\",\"@id\":\"https:\\\/\\\/www.perzijskepreproge.si\\\/de\\\/#website\",\"url\":\"https:\\\/\\\/www.perzijskepreproge.si\\\/de\\\/\",\"name\":\"Perzijske preproge Farzad\",\"description\":\"Perzijske preproge,  preprog in \u010di\u0161\u010denje preprog\",\"potentialAction\":[{\"@type\":\"SearchAction\",\"target\":{\"@type\":\"EntryPoint\",\"urlTemplate\":\"https:\\\/\\\/www.perzijskepreproge.si\\\/de\\\/?s={search_term_string}\"},\"query-input\":{\"@type\":\"PropertyValueSpecification\",\"valueRequired\":true,\"valueName\":\"search_term_string\"}}],\"inLanguage\":\"de\"}]}<\/script>\n<!-- \/ Yoast SEO plugin. -->","yoast_head_json":{"title":"Perserteppich Shiraz \/ Perserteppich Shiraz - Perzijske preproge Farzad","robots":{"index":"index","follow":"follow","max-snippet":"max-snippet:-1","max-image-preview":"max-image-preview:large","max-video-preview":"max-video-preview:-1"},"canonical":"https:\/\/www.perzijskepreproge.si\/de\/produkt\/perserteppich-shiraz-perserteppich-shiraz-3\/","og_locale":"de_DE","og_type":"article","og_title":"Perserteppich Shiraz \/ Perserteppich Shiraz - Perzijske preproge Farzad","og_description":"Reg. Nr.: 699 Gr\u00f6\u00dfe: 252 x 120 cm Material \/ Flor: Wolle Basis: Wolle Farben: Pflanzen Design: geometrisch Webtechnik: handgefertigter Florteppich Knotendichte: 90.000 m\/2 Herkunft: Iran &nbsp;","og_url":"https:\/\/www.perzijskepreproge.si\/de\/produkt\/perserteppich-shiraz-perserteppich-shiraz-3\/","og_site_name":"Perzijske preproge Farzad","og_image":[{"width":450,"height":900,"url":"https:\/\/www.perzijskepreproge.si\/wp-content\/uploads\/2017\/04\/DSCF8103.jpg","type":"image\/jpeg"}],"twitter_card":"summary_large_image","twitter_misc":{"Gesch\u00e4tzte Lesezeit":"2\u00a0Minute"},"schema":{"@context":"https:\/\/schema.org","@graph":[{"@type":"WebPage","@id":"https:\/\/www.perzijskepreproge.si\/de\/produkt\/perserteppich-shiraz-perserteppich-shiraz-3\/","url":"https:\/\/www.perzijskepreproge.si\/de\/produkt\/perserteppich-shiraz-perserteppich-shiraz-3\/","name":"Perserteppich Shiraz \/ Perserteppich Shiraz - Perzijske preproge Farzad","isPartOf":{"@id":"https:\/\/www.perzijskepreproge.si\/de\/#website"},"primaryImageOfPage":{"@id":"https:\/\/www.perzijskepreproge.si\/de\/produkt\/perserteppich-shiraz-perserteppich-shiraz-3\/#primaryimage"},"image":{"@id":"https:\/\/www.perzijskepreproge.si\/de\/produkt\/perserteppich-shiraz-perserteppich-shiraz-3\/#primaryimage"},"thumbnailUrl":"https:\/\/www.perzijskepreproge.si\/wp-content\/uploads\/2017\/04\/DSCF8103.jpg","datePublished":"2017-04-26T14:36:42+00:00","breadcrumb":{"@id":"https:\/\/www.perzijskepreproge.si\/de\/produkt\/perserteppich-shiraz-perserteppich-shiraz-3\/#breadcrumb"},"inLanguage":"de","potentialAction":[{"@type":"ReadAction","target":["https:\/\/www.perzijskepreproge.si\/de\/produkt\/perserteppich-shiraz-perserteppich-shiraz-3\/"]}]},{"@type":"ImageObject","inLanguage":"de","@id":"https:\/\/www.perzijskepreproge.si\/de\/produkt\/perserteppich-shiraz-perserteppich-shiraz-3\/#primaryimage","url":"https:\/\/www.perzijskepreproge.si\/wp-content\/uploads\/2017\/04\/DSCF8103.jpg","contentUrl":"https:\/\/www.perzijskepreproge.si\/wp-content\/uploads\/2017\/04\/DSCF8103.jpg","width":450,"height":900},{"@type":"BreadcrumbList","@id":"https:\/\/www.perzijskepreproge.si\/de\/produkt\/perserteppich-shiraz-perserteppich-shiraz-3\/#breadcrumb","itemListElement":[{"@type":"ListItem","position":1,"name":"Heim","item":"https:\/\/www.perzijskepreproge.si\/de\/perserteppiche-farzad\/"},{"@type":"ListItem","position":2,"name":"Shop","item":"https:\/\/www.perzijskepreproge.si\/de\/shop\/"},{"@type":"ListItem","position":3,"name":"Perserteppich Shiraz \/ Perserteppich Shiraz"}]},{"@type":"WebSite","@id":"https:\/\/www.perzijskepreproge.si\/de\/#website","url":"https:\/\/www.perzijskepreproge.si\/de\/","name":"Perzijske preproge Farzad","description":"Perzijske preproge,  preprog in \u010di\u0161\u010denje preprog","potentialAction":[{"@type":"SearchAction","target":{"@type":"EntryPoint","urlTemplate":"https:\/\/www.perzijskepreproge.si\/de\/?s={search_term_string}"},"query-input":{"@type":"PropertyValueSpecification","valueRequired":true,"valueName":"search_term_string"}}],"inLanguage":"de"}]}},"_links":{"self":[{"href":"https:\/\/www.perzijskepreproge.si\/de\/wp-json\/wp\/v2\/product\/25615","targetHints":{"allow":["GET"]}}],"collection":[{"href":"https:\/\/www.perzijskepreproge.si\/de\/wp-json\/wp\/v2\/product"}],"about":[{"href":"https:\/\/www.perzijskepreproge.si\/de\/wp-json\/wp\/v2\/types\/product"}],"version-history":[{"count":0,"href":"https:\/\/www.perzijskepreproge.si\/de\/wp-json\/wp\/v2\/product\/25615\/revisions"}],"wp:featuredmedia":[{"embeddable":true,"href":"https:\/\/www.perzijskepreproge.si\/de\/wp-json\/wp\/v2\/media\/22385"}],"wp:attachment":[{"href":"https:\/\/www.perzijskepreproge.si\/de\/wp-json\/wp\/v2\/media?parent=25615"}],"wp:term":[{"taxonomy":"product_brand","embeddable":true,"href":"https:\/\/www.perzijskepreproge.si\/de\/wp-json\/wp\/v2\/product_brand?post=25615"},{"taxonomy":"product_cat","embeddable":true,"href":"https:\/\/www.perzijskepreproge.si\/de\/wp-json\/wp\/v2\/product_cat?post=25615"},{"taxonomy":"product_tag","embeddable":true,"href":"https:\/\/www.perzijskepreproge.si\/de\/wp-json\/wp\/v2\/product_tag?post=25615"}],"curies":[{"name":"wp","href":"https:\/\/api.w.org\/{rel}","templated":true}]}}