{"id":25627,"date":"2025-02-24T12:45:52","date_gmt":"2025-02-24T11:45:52","guid":{"rendered":"https:\/\/www.perzijskepreproge.si\/izdelek\/perserteppich-bidjar-perserteppich-bidjar\/"},"modified":"2026-04-13T13:24:40","modified_gmt":"2026-04-13T11:24:40","slug":"perserteppich-bidjar-perserteppich-bidjar","status":"publish","type":"product","link":"https:\/\/www.perzijskepreproge.si\/de\/produkt\/perserteppich-bidjar-perserteppich-bidjar\/","title":{"rendered":"Persischer Teppich Bidjar \/ Persian carpet Bidjar"},"content":{"rendered":"<p>Auf dem Basar in Bidjar werden die hochwertigsten kurdischen Teppiche mit einigen der sch\u00f6nsten Varianten des Herati- und Mina-Khani-Designs verkauft. Die kompaktesten und feinsten Teppiche dieser Region werden allerdings nicht von den Kurden gefertigt, sondern von einem kleineren Klan der Afscharen, die in etwa 30 D\u00f6rfern rund um den n\u00f6rdlichen Teil von Bidjar leben. Charakteristisch f\u00fcr diese Teppiche ist ein zentrales florales Medaillon in Kombination mit geometrischem Herati-Design im Hintergrund. Es dominieren Blau-, Rot- und Beiget\u00f6ne in verschiedenen Nuancen. Diese Teppiche haben \u00fcblicherweise 3 Schussf\u00e4den zwischen zwei Reihen symmetrischer Knoten. Einen echten Bidjar erkennt man zwar am charakteristischen Design, jedoch muss man wissen, dass \u00e4hnliche Teppiche auch in der weiteren Region Kurdistan gefertigt werden. Doch nur die Bidjars aus seiner unmittelbaren Umgebung sind so kompakt, dass H\u00e4ndler selbst kleinere Teppiche f\u00fcr den Transport zum Basar aufrollen m\u00fcssen, da sie sich keinesfalls falten lassen. Bidjars stehen immer wieder im Mittelpunkt des Interesses auf verschiedenen internationalen Teppichausstellungen, da sie eine praktisch unzerst\u00f6rbare Konstruktion, wundervolle Farbnuancen, raffinierte Verarbeitung sowie ein unvorhersehbares und eigenst\u00e4ndiges Design vereinen.       <\/p>\n","protected":false},"excerpt":{"rendered":"<p>Reg.-Nr.: 986<\/p>\n<p>Gr\u00f6\u00dfe \/ Size: 311 x 204 cm<\/p>\n<p>Material \/ Flor: Wolle<\/p>\n<p>Kette \/ Base: Baumwolle \/ cotton<\/p>\n<p>Farben \/ Colours: pflanzlich \/ plants<\/p>\n<p>Design \/ Design: floral \/ floral<\/p>\n<p>Herstellungstechnik \/ Weaving technique: handgekn\u00fcpfter Teppich \/ handmade pile carpet<\/p>\n<p>Knotendichte \/ Knot density: 360.000 m\/2<\/p>\n<p>Herkunft \/ Origin: Iran<\/p>\n<p>&nbsp;<\/p>\n","protected":false},"featured_media":24957,"template":"","meta":{"iawp_total_views":1},"product_brand":[],"product_cat":[338,305],"product_tag":[],"class_list":{"0":"post-25627","1":"product","2":"type-product","3":"status-publish","4":"has-post-thumbnail","6":"product_cat-grose-teppiche-de","7":"product_cat-klassische-teppiche","8":"pa_barva-osnovna-blau-indigo","9":"pa_material-wolle","10":"pa_oblika-rechteckig","11":"pa_tip-preproge-klassisch-meisterlich","12":"pa_velikost-cca-300-x-200-de","14":"first","15":"instock","16":"sold-individually","17":"taxable","18":"shipping-taxable","19":"purchasable","20":"product-type-simple"},"yoast_head":"<!-- This site is optimized with the Yoast SEO plugin v27.3 - https:\/\/yoast.com\/product\/yoast-seo-wordpress\/ -->\n<title>Persischer Teppich Bidjar \/ Persian carpet Bidjar - Perzijske preproge Farzad<\/title>\n<meta name=\"robots\" content=\"index, follow, max-snippet:-1, max-image-preview:large, max-video-preview:-1\" \/>\n<link rel=\"canonical\" href=\"https:\/\/www.perzijskepreproge.si\/de\/produkt\/perserteppich-bidjar-perserteppich-bidjar\/\" \/>\n<meta property=\"og:locale\" content=\"de_DE\" \/>\n<meta property=\"og:type\" content=\"article\" \/>\n<meta property=\"og:title\" content=\"Persischer Teppich Bidjar \/ Persian carpet Bidjar - Perzijske preproge Farzad\" \/>\n<meta property=\"og:description\" content=\"Reg.-Nr.: 986 Gr\u00f6\u00dfe \/ Size: 311 x 204 cm Material \/ Flor: Wolle Kette \/ Base: Baumwolle \/ cotton Farben \/ Colours: pflanzlich \/ plants Design \/ Design: floral \/ floral Herstellungstechnik \/ Weaving technique: handgekn\u00fcpfter Teppich \/ handmade pile carpet Knotendichte \/ Knot density: 360.000 m\/2 Herkunft \/ Origin: Iran &nbsp;\" \/>\n<meta property=\"og:url\" content=\"https:\/\/www.perzijskepreproge.si\/de\/produkt\/perserteppich-bidjar-perserteppich-bidjar\/\" \/>\n<meta property=\"og:site_name\" content=\"Perzijske preproge Farzad\" \/>\n<meta property=\"article:modified_time\" content=\"2026-04-13T11:24:40+00:00\" \/>\n<meta property=\"og:image\" content=\"https:\/\/www.perzijskepreproge.si\/wp-content\/uploads\/2025\/02\/DSC02998jpg.webp\" \/>\n\t<meta property=\"og:image:width\" content=\"1133\" \/>\n\t<meta property=\"og:image:height\" content=\"1200\" \/>\n\t<meta property=\"og:image:type\" content=\"image\/jpeg\" \/>\n<meta name=\"twitter:card\" content=\"summary_large_image\" \/>\n<meta name=\"twitter:label1\" content=\"Gesch\u00e4tzte Lesezeit\" \/>\n\t<meta name=\"twitter:data1\" content=\"1\u00a0Minute\" \/>\n<script type=\"application\/ld+json\" class=\"yoast-schema-graph\">{\"@context\":\"https:\\\/\\\/schema.org\",\"@graph\":[{\"@type\":\"WebPage\",\"@id\":\"https:\\\/\\\/www.perzijskepreproge.si\\\/de\\\/produkt\\\/perserteppich-bidjar-perserteppich-bidjar\\\/\",\"url\":\"https:\\\/\\\/www.perzijskepreproge.si\\\/de\\\/produkt\\\/perserteppich-bidjar-perserteppich-bidjar\\\/\",\"name\":\"Persischer Teppich Bidjar \\\/ Persian carpet Bidjar - Perzijske preproge Farzad\",\"isPartOf\":{\"@id\":\"https:\\\/\\\/www.perzijskepreproge.si\\\/de\\\/#website\"},\"primaryImageOfPage\":{\"@id\":\"https:\\\/\\\/www.perzijskepreproge.si\\\/de\\\/produkt\\\/perserteppich-bidjar-perserteppich-bidjar\\\/#primaryimage\"},\"image\":{\"@id\":\"https:\\\/\\\/www.perzijskepreproge.si\\\/de\\\/produkt\\\/perserteppich-bidjar-perserteppich-bidjar\\\/#primaryimage\"},\"thumbnailUrl\":\"https:\\\/\\\/www.perzijskepreproge.si\\\/wp-content\\\/uploads\\\/2025\\\/02\\\/DSC02998jpg.jpg\",\"datePublished\":\"2025-02-24T11:45:52+00:00\",\"dateModified\":\"2026-04-13T11:24:40+00:00\",\"breadcrumb\":{\"@id\":\"https:\\\/\\\/www.perzijskepreproge.si\\\/de\\\/produkt\\\/perserteppich-bidjar-perserteppich-bidjar\\\/#breadcrumb\"},\"inLanguage\":\"de\",\"potentialAction\":[{\"@type\":\"ReadAction\",\"target\":[\"https:\\\/\\\/www.perzijskepreproge.si\\\/de\\\/produkt\\\/perserteppich-bidjar-perserteppich-bidjar\\\/\"]}]},{\"@type\":\"ImageObject\",\"inLanguage\":\"de\",\"@id\":\"https:\\\/\\\/www.perzijskepreproge.si\\\/de\\\/produkt\\\/perserteppich-bidjar-perserteppich-bidjar\\\/#primaryimage\",\"url\":\"https:\\\/\\\/www.perzijskepreproge.si\\\/wp-content\\\/uploads\\\/2025\\\/02\\\/DSC02998jpg.jpg\",\"contentUrl\":\"https:\\\/\\\/www.perzijskepreproge.si\\\/wp-content\\\/uploads\\\/2025\\\/02\\\/DSC02998jpg.jpg\",\"width\":1133,\"height\":1200},{\"@type\":\"BreadcrumbList\",\"@id\":\"https:\\\/\\\/www.perzijskepreproge.si\\\/de\\\/produkt\\\/perserteppich-bidjar-perserteppich-bidjar\\\/#breadcrumb\",\"itemListElement\":[{\"@type\":\"ListItem\",\"position\":1,\"name\":\"Heim\",\"item\":\"https:\\\/\\\/www.perzijskepreproge.si\\\/de\\\/perserteppiche-farzad\\\/\"},{\"@type\":\"ListItem\",\"position\":2,\"name\":\"Shop\",\"item\":\"https:\\\/\\\/www.perzijskepreproge.si\\\/de\\\/shop\\\/\"},{\"@type\":\"ListItem\",\"position\":3,\"name\":\"Persischer Teppich Bidjar \\\/ Persian carpet Bidjar\"}]},{\"@type\":\"WebSite\",\"@id\":\"https:\\\/\\\/www.perzijskepreproge.si\\\/de\\\/#website\",\"url\":\"https:\\\/\\\/www.perzijskepreproge.si\\\/de\\\/\",\"name\":\"Perzijske preproge Farzad\",\"description\":\"Perzijske preproge,  preprog in \u010di\u0161\u010denje preprog\",\"potentialAction\":[{\"@type\":\"SearchAction\",\"target\":{\"@type\":\"EntryPoint\",\"urlTemplate\":\"https:\\\/\\\/www.perzijskepreproge.si\\\/de\\\/?s={search_term_string}\"},\"query-input\":{\"@type\":\"PropertyValueSpecification\",\"valueRequired\":true,\"valueName\":\"search_term_string\"}}],\"inLanguage\":\"de\"}]}<\/script>\n<!-- \/ Yoast SEO plugin. -->","yoast_head_json":{"title":"Persischer Teppich Bidjar \/ Persian carpet Bidjar - Perzijske preproge Farzad","robots":{"index":"index","follow":"follow","max-snippet":"max-snippet:-1","max-image-preview":"max-image-preview:large","max-video-preview":"max-video-preview:-1"},"canonical":"https:\/\/www.perzijskepreproge.si\/de\/produkt\/perserteppich-bidjar-perserteppich-bidjar\/","og_locale":"de_DE","og_type":"article","og_title":"Persischer Teppich Bidjar \/ Persian carpet Bidjar - Perzijske preproge Farzad","og_description":"Reg.-Nr.: 986 Gr\u00f6\u00dfe \/ Size: 311 x 204 cm Material \/ Flor: Wolle Kette \/ Base: Baumwolle \/ cotton Farben \/ Colours: pflanzlich \/ plants Design \/ Design: floral \/ floral Herstellungstechnik \/ Weaving technique: handgekn\u00fcpfter Teppich \/ handmade pile carpet Knotendichte \/ Knot density: 360.000 m\/2 Herkunft \/ Origin: Iran &nbsp;","og_url":"https:\/\/www.perzijskepreproge.si\/de\/produkt\/perserteppich-bidjar-perserteppich-bidjar\/","og_site_name":"Perzijske preproge Farzad","article_modified_time":"2026-04-13T11:24:40+00:00","og_image":[{"width":1133,"height":1200,"url":"https:\/\/www.perzijskepreproge.si\/wp-content\/uploads\/2025\/02\/DSC02998jpg.webp","type":"image\/jpeg"}],"twitter_card":"summary_large_image","twitter_misc":{"Gesch\u00e4tzte Lesezeit":"1\u00a0Minute"},"schema":{"@context":"https:\/\/schema.org","@graph":[{"@type":"WebPage","@id":"https:\/\/www.perzijskepreproge.si\/de\/produkt\/perserteppich-bidjar-perserteppich-bidjar\/","url":"https:\/\/www.perzijskepreproge.si\/de\/produkt\/perserteppich-bidjar-perserteppich-bidjar\/","name":"Persischer Teppich Bidjar \/ Persian carpet Bidjar - Perzijske preproge Farzad","isPartOf":{"@id":"https:\/\/www.perzijskepreproge.si\/de\/#website"},"primaryImageOfPage":{"@id":"https:\/\/www.perzijskepreproge.si\/de\/produkt\/perserteppich-bidjar-perserteppich-bidjar\/#primaryimage"},"image":{"@id":"https:\/\/www.perzijskepreproge.si\/de\/produkt\/perserteppich-bidjar-perserteppich-bidjar\/#primaryimage"},"thumbnailUrl":"https:\/\/www.perzijskepreproge.si\/wp-content\/uploads\/2025\/02\/DSC02998jpg.jpg","datePublished":"2025-02-24T11:45:52+00:00","dateModified":"2026-04-13T11:24:40+00:00","breadcrumb":{"@id":"https:\/\/www.perzijskepreproge.si\/de\/produkt\/perserteppich-bidjar-perserteppich-bidjar\/#breadcrumb"},"inLanguage":"de","potentialAction":[{"@type":"ReadAction","target":["https:\/\/www.perzijskepreproge.si\/de\/produkt\/perserteppich-bidjar-perserteppich-bidjar\/"]}]},{"@type":"ImageObject","inLanguage":"de","@id":"https:\/\/www.perzijskepreproge.si\/de\/produkt\/perserteppich-bidjar-perserteppich-bidjar\/#primaryimage","url":"https:\/\/www.perzijskepreproge.si\/wp-content\/uploads\/2025\/02\/DSC02998jpg.jpg","contentUrl":"https:\/\/www.perzijskepreproge.si\/wp-content\/uploads\/2025\/02\/DSC02998jpg.jpg","width":1133,"height":1200},{"@type":"BreadcrumbList","@id":"https:\/\/www.perzijskepreproge.si\/de\/produkt\/perserteppich-bidjar-perserteppich-bidjar\/#breadcrumb","itemListElement":[{"@type":"ListItem","position":1,"name":"Heim","item":"https:\/\/www.perzijskepreproge.si\/de\/perserteppiche-farzad\/"},{"@type":"ListItem","position":2,"name":"Shop","item":"https:\/\/www.perzijskepreproge.si\/de\/shop\/"},{"@type":"ListItem","position":3,"name":"Persischer Teppich Bidjar \/ Persian carpet Bidjar"}]},{"@type":"WebSite","@id":"https:\/\/www.perzijskepreproge.si\/de\/#website","url":"https:\/\/www.perzijskepreproge.si\/de\/","name":"Perzijske preproge Farzad","description":"Perzijske preproge,  preprog in \u010di\u0161\u010denje preprog","potentialAction":[{"@type":"SearchAction","target":{"@type":"EntryPoint","urlTemplate":"https:\/\/www.perzijskepreproge.si\/de\/?s={search_term_string}"},"query-input":{"@type":"PropertyValueSpecification","valueRequired":true,"valueName":"search_term_string"}}],"inLanguage":"de"}]}},"_links":{"self":[{"href":"https:\/\/www.perzijskepreproge.si\/de\/wp-json\/wp\/v2\/product\/25627","targetHints":{"allow":["GET"]}}],"collection":[{"href":"https:\/\/www.perzijskepreproge.si\/de\/wp-json\/wp\/v2\/product"}],"about":[{"href":"https:\/\/www.perzijskepreproge.si\/de\/wp-json\/wp\/v2\/types\/product"}],"version-history":[{"count":1,"href":"https:\/\/www.perzijskepreproge.si\/de\/wp-json\/wp\/v2\/product\/25627\/revisions"}],"predecessor-version":[{"id":29564,"href":"https:\/\/www.perzijskepreproge.si\/de\/wp-json\/wp\/v2\/product\/25627\/revisions\/29564"}],"wp:featuredmedia":[{"embeddable":true,"href":"https:\/\/www.perzijskepreproge.si\/de\/wp-json\/wp\/v2\/media\/24957"}],"wp:attachment":[{"href":"https:\/\/www.perzijskepreproge.si\/de\/wp-json\/wp\/v2\/media?parent=25627"}],"wp:term":[{"taxonomy":"product_brand","embeddable":true,"href":"https:\/\/www.perzijskepreproge.si\/de\/wp-json\/wp\/v2\/product_brand?post=25627"},{"taxonomy":"product_cat","embeddable":true,"href":"https:\/\/www.perzijskepreproge.si\/de\/wp-json\/wp\/v2\/product_cat?post=25627"},{"taxonomy":"product_tag","embeddable":true,"href":"https:\/\/www.perzijskepreproge.si\/de\/wp-json\/wp\/v2\/product_tag?post=25627"}],"curies":[{"name":"wp","href":"https:\/\/api.w.org\/{rel}","templated":true}]}}