{"id":25633,"date":"2025-02-24T12:42:04","date_gmt":"2025-02-24T11:42:04","guid":{"rendered":"https:\/\/www.perzijskepreproge.si\/izdelek\/perserteppich-schlamm-perserteppich-stimmung-5\/"},"modified":"2026-04-13T12:59:15","modified_gmt":"2026-04-13T10:59:15","slug":"perserteppich-schlamm-perserteppich-stimmung-5","status":"publish","type":"product","link":"https:\/\/www.perzijskepreproge.si\/de\/produkt\/perserteppich-schlamm-perserteppich-stimmung-5\/","title":{"rendered":"Persischer Teppich Moud \/ Persian carpet Mood"},"content":{"rendered":"<p data-start=\"0\" data-end=\"366\">Der persische Teppich <strong data-start=\"22\" data-end=\"30\">Moud<\/strong> (auch \u201eMood\u201e geschrieben) stammt aus dem Osten Irans, aus der Region s\u00fcdlich der Stadt Birjand, und ist ein hervorragendes Beispiel f\u00fcr die ausgewogene Verbindung von Eleganz, Raffinesse und traditioneller persischer Symmetrie. Er ist bekannt f\u00fcr seine au\u00dfergew\u00f6hnliche Pr\u00e4zision in den Mustern, feine Wolle und klare, sich wiederholende Struktur, die ihm eine nahezu hypnotische visuelle Wirkung verleiht. <\/p>\n<p data-start=\"368\" data-end=\"796\">Das Mittelfeld des Teppichs ist mit einem feinen <strong data-start=\"412\" data-end=\"430\">Herati-Muster<\/strong> bedeckt, das sich rhythmisch \u00fcber die gesamte Fl\u00e4che wiederholt. Dieses geometrisch-florale Motiv, bestehend aus rautenf\u00f6rmigen Formen, Bl\u00fctenbl\u00e4ttern und stilisierten Fischen, erzeugt ein Gef\u00fchl vollkommener Symmetrie und Ordnung. Der Hintergrund wirkt fast wie ein Gewebe, dicht bes\u00e4t mit feinen Details in warmen und k\u00fchlen T\u00f6nen \u2013 vorherrschend sind Blau-, Dunkelrot- und Beiget\u00f6ne mit Akzenten in Hellblau und Gold.  <\/p>\n<p data-start=\"798\" data-end=\"1253\">Die Bord\u00fcre des Teppichs ist mehrschichtig, mit einem reich verzierten Au\u00dfenrand, wo gr\u00f6\u00dfere florale Motive in Pastell- und Blaut\u00f6nen das Innenfeld sanft umrahmen. Dieser Rahmen verbindet sich harmonisch mit der zentralen Komposition und unterstreicht zus\u00e4tzlich die Pr\u00e4zision des gesamten Designs. Aufgrund seiner Ausgewogenheit und beruhigenden Farbpalette ist der Moud-Teppich sehr vielseitig \u2013 geeignet sowohl f\u00fcr klassische als auch f\u00fcr modernere R\u00e4ume, in denen ein elegantes, aber nicht dominantes dekoratives Element gesucht wird.  <\/p>\n<p data-start=\"1255\" data-end=\"1582\" data-is-last-node=\"\" data-is-only-node=\"\">Moud-Teppiche werden \u00fcblicherweise aus hochwertigster Wolle gekn\u00fcpft, oft mit Seidenakzenten, die ihnen einen subtilen Glanz verleihen. Die Knotendichte ist hoch, was von der Meisterschaft und Pr\u00e4zision der Fertigung zeugt. Dieser Teppich ist nicht nur ein Bodenbelag, sondern ein k\u00fcnstlerischer Ausdruck des persischen Kulturerbes \u2013 subtil, raffiniert und au\u00dferordentlich strapazierf\u00e4hig.  <\/p>\n<p><span style=\"border-radius: 2px; text-indent: 20px; width: auto; padding: 0px 4px 0px 0px; text-align: center; font: bold 11px\/20px 'Helvetica Neue',Helvetica,sans-serif; color: #ffffff; background: #bd081c no-repeat scroll 3px 50% \/ 14px 14px; position: absolute; opacity: 1; z-index: 8675309; display: none; cursor: pointer;\">Speichern<\/span><\/p>\n<p><span style=\"border-radius: 2px; text-indent: 20px; width: auto; padding: 0px 4px 0px 0px; text-align: center; font: bold 11px\/20px 'Helvetica Neue',Helvetica,sans-serif; color: #ffffff; background: #bd081c no-repeat scroll 3px 50% \/ 14px 14px; position: absolute; opacity: 1; z-index: 8675309; display: none; cursor: pointer; top: 604px; left: 20px;\">Speichern<\/span><\/p>\n<p><span style=\"border-radius: 2px; text-indent: 20px; width: auto; padding: 0px 4px 0px 0px; text-align: center; font: bold 11px\/20px 'Helvetica Neue',Helvetica,sans-serif; color: #ffffff; background: #bd081c no-repeat scroll 3px 50% \/ 14px 14px; position: absolute; opacity: 1; z-index: 8675309; display: none; cursor: pointer; top: 604px; left: 20px;\">Speichern<\/span><\/p>\n","protected":false},"excerpt":{"rendered":"<p>Reg.-Nr.: 1047<\/p>\n<p>Gr\u00f6\u00dfe \/ Size: 294 x 198 cm<\/p>\n<p>Material \/ Pile: Wolle, Seide \/ wool, silk<\/p>\n<p>Kette \/ Base: Baumwolle \/ cotton<\/p>\n<p>Farben \/ Colours: pflanzlich \/ plants<\/p>\n<p>Design \/ Design: floral \/ floral (mahi-herati)<\/p>\n<p>Herstellungstechnik \/ Weaving technique: handgekn\u00fcpfter Teppich \/ handmade pile carpet<\/p>\n<p>Knotendichte \/ Knot density: 300.000 m\/2<\/p>\n<p>Herkunft \/ Origin: Iran<\/p>\n<p>&nbsp;<\/p>\n","protected":false},"featured_media":24954,"template":"","meta":{"iawp_total_views":3},"product_brand":[],"product_cat":[338,305],"product_tag":[],"class_list":{"0":"post-25633","1":"product","2":"type-product","3":"status-publish","4":"has-post-thumbnail","6":"product_cat-grose-teppiche-de","7":"product_cat-klassische-teppiche","8":"pa_barva-osnovna-weis-beige","9":"pa_material-wolle-seide","10":"pa_oblika-rechteckig","11":"pa_tip-preproge-klassisch-meisterlich","12":"pa_velikost-cca-300-x-200-de","14":"first","15":"instock","16":"sold-individually","17":"taxable","18":"shipping-taxable","19":"purchasable","20":"product-type-simple"},"yoast_head":"<!-- This site is optimized with the Yoast SEO plugin v27.3 - https:\/\/yoast.com\/product\/yoast-seo-wordpress\/ -->\n<title>Persischer Teppich Moud \/ Persian carpet Mood - Perzijske preproge Farzad<\/title>\n<meta name=\"robots\" content=\"index, follow, max-snippet:-1, max-image-preview:large, max-video-preview:-1\" \/>\n<link rel=\"canonical\" href=\"https:\/\/www.perzijskepreproge.si\/de\/produkt\/perserteppich-schlamm-perserteppich-stimmung-5\/\" \/>\n<meta property=\"og:locale\" content=\"de_DE\" \/>\n<meta property=\"og:type\" content=\"article\" \/>\n<meta property=\"og:title\" content=\"Persischer Teppich Moud \/ Persian carpet Mood - Perzijske preproge Farzad\" \/>\n<meta property=\"og:description\" content=\"Reg.-Nr.: 1047 Gr\u00f6\u00dfe \/ Size: 294 x 198 cm Material \/ Pile: Wolle, Seide \/ wool, silk Kette \/ Base: Baumwolle \/ cotton Farben \/ Colours: pflanzlich \/ plants Design \/ Design: floral \/ floral (mahi-herati) Herstellungstechnik \/ Weaving technique: handgekn\u00fcpfter Teppich \/ handmade pile carpet Knotendichte \/ Knot density: 300.000 m\/2 Herkunft \/ Origin: Iran &nbsp;\" \/>\n<meta property=\"og:url\" content=\"https:\/\/www.perzijskepreproge.si\/de\/produkt\/perserteppich-schlamm-perserteppich-stimmung-5\/\" \/>\n<meta property=\"og:site_name\" content=\"Perzijske preproge Farzad\" \/>\n<meta property=\"article:modified_time\" content=\"2026-04-13T10:59:15+00:00\" \/>\n<meta property=\"og:image\" content=\"https:\/\/www.perzijskepreproge.si\/wp-content\/uploads\/2025\/02\/DSC02987jpg.webp\" \/>\n\t<meta property=\"og:image:width\" content=\"1020\" \/>\n\t<meta property=\"og:image:height\" content=\"1200\" \/>\n\t<meta property=\"og:image:type\" content=\"image\/jpeg\" \/>\n<meta name=\"twitter:card\" content=\"summary_large_image\" \/>\n<meta name=\"twitter:label1\" content=\"Gesch\u00e4tzte Lesezeit\" \/>\n\t<meta name=\"twitter:data1\" content=\"1\u00a0Minute\" \/>\n<script type=\"application\/ld+json\" class=\"yoast-schema-graph\">{\"@context\":\"https:\\\/\\\/schema.org\",\"@graph\":[{\"@type\":\"WebPage\",\"@id\":\"https:\\\/\\\/www.perzijskepreproge.si\\\/de\\\/produkt\\\/perserteppich-schlamm-perserteppich-stimmung-5\\\/\",\"url\":\"https:\\\/\\\/www.perzijskepreproge.si\\\/de\\\/produkt\\\/perserteppich-schlamm-perserteppich-stimmung-5\\\/\",\"name\":\"Persischer Teppich Moud \\\/ Persian carpet Mood - Perzijske preproge Farzad\",\"isPartOf\":{\"@id\":\"https:\\\/\\\/www.perzijskepreproge.si\\\/de\\\/#website\"},\"primaryImageOfPage\":{\"@id\":\"https:\\\/\\\/www.perzijskepreproge.si\\\/de\\\/produkt\\\/perserteppich-schlamm-perserteppich-stimmung-5\\\/#primaryimage\"},\"image\":{\"@id\":\"https:\\\/\\\/www.perzijskepreproge.si\\\/de\\\/produkt\\\/perserteppich-schlamm-perserteppich-stimmung-5\\\/#primaryimage\"},\"thumbnailUrl\":\"https:\\\/\\\/www.perzijskepreproge.si\\\/wp-content\\\/uploads\\\/2025\\\/02\\\/DSC02987jpg.jpg\",\"datePublished\":\"2025-02-24T11:42:04+00:00\",\"dateModified\":\"2026-04-13T10:59:15+00:00\",\"breadcrumb\":{\"@id\":\"https:\\\/\\\/www.perzijskepreproge.si\\\/de\\\/produkt\\\/perserteppich-schlamm-perserteppich-stimmung-5\\\/#breadcrumb\"},\"inLanguage\":\"de\",\"potentialAction\":[{\"@type\":\"ReadAction\",\"target\":[\"https:\\\/\\\/www.perzijskepreproge.si\\\/de\\\/produkt\\\/perserteppich-schlamm-perserteppich-stimmung-5\\\/\"]}]},{\"@type\":\"ImageObject\",\"inLanguage\":\"de\",\"@id\":\"https:\\\/\\\/www.perzijskepreproge.si\\\/de\\\/produkt\\\/perserteppich-schlamm-perserteppich-stimmung-5\\\/#primaryimage\",\"url\":\"https:\\\/\\\/www.perzijskepreproge.si\\\/wp-content\\\/uploads\\\/2025\\\/02\\\/DSC02987jpg.jpg\",\"contentUrl\":\"https:\\\/\\\/www.perzijskepreproge.si\\\/wp-content\\\/uploads\\\/2025\\\/02\\\/DSC02987jpg.jpg\",\"width\":1020,\"height\":1200},{\"@type\":\"BreadcrumbList\",\"@id\":\"https:\\\/\\\/www.perzijskepreproge.si\\\/de\\\/produkt\\\/perserteppich-schlamm-perserteppich-stimmung-5\\\/#breadcrumb\",\"itemListElement\":[{\"@type\":\"ListItem\",\"position\":1,\"name\":\"Heim\",\"item\":\"https:\\\/\\\/www.perzijskepreproge.si\\\/de\\\/perserteppiche-farzad\\\/\"},{\"@type\":\"ListItem\",\"position\":2,\"name\":\"Shop\",\"item\":\"https:\\\/\\\/www.perzijskepreproge.si\\\/de\\\/shop\\\/\"},{\"@type\":\"ListItem\",\"position\":3,\"name\":\"Persischer Teppich Moud \\\/ Persian carpet Mood\"}]},{\"@type\":\"WebSite\",\"@id\":\"https:\\\/\\\/www.perzijskepreproge.si\\\/de\\\/#website\",\"url\":\"https:\\\/\\\/www.perzijskepreproge.si\\\/de\\\/\",\"name\":\"Perzijske preproge Farzad\",\"description\":\"Perzijske preproge,  preprog in \u010di\u0161\u010denje preprog\",\"potentialAction\":[{\"@type\":\"SearchAction\",\"target\":{\"@type\":\"EntryPoint\",\"urlTemplate\":\"https:\\\/\\\/www.perzijskepreproge.si\\\/de\\\/?s={search_term_string}\"},\"query-input\":{\"@type\":\"PropertyValueSpecification\",\"valueRequired\":true,\"valueName\":\"search_term_string\"}}],\"inLanguage\":\"de\"}]}<\/script>\n<!-- \/ Yoast SEO plugin. -->","yoast_head_json":{"title":"Persischer Teppich Moud \/ Persian carpet Mood - Perzijske preproge Farzad","robots":{"index":"index","follow":"follow","max-snippet":"max-snippet:-1","max-image-preview":"max-image-preview:large","max-video-preview":"max-video-preview:-1"},"canonical":"https:\/\/www.perzijskepreproge.si\/de\/produkt\/perserteppich-schlamm-perserteppich-stimmung-5\/","og_locale":"de_DE","og_type":"article","og_title":"Persischer Teppich Moud \/ Persian carpet Mood - Perzijske preproge Farzad","og_description":"Reg.-Nr.: 1047 Gr\u00f6\u00dfe \/ Size: 294 x 198 cm Material \/ Pile: Wolle, Seide \/ wool, silk Kette \/ Base: Baumwolle \/ cotton Farben \/ Colours: pflanzlich \/ plants Design \/ Design: floral \/ floral (mahi-herati) Herstellungstechnik \/ Weaving technique: handgekn\u00fcpfter Teppich \/ handmade pile carpet Knotendichte \/ Knot density: 300.000 m\/2 Herkunft \/ Origin: Iran &nbsp;","og_url":"https:\/\/www.perzijskepreproge.si\/de\/produkt\/perserteppich-schlamm-perserteppich-stimmung-5\/","og_site_name":"Perzijske preproge Farzad","article_modified_time":"2026-04-13T10:59:15+00:00","og_image":[{"width":1020,"height":1200,"url":"https:\/\/www.perzijskepreproge.si\/wp-content\/uploads\/2025\/02\/DSC02987jpg.webp","type":"image\/jpeg"}],"twitter_card":"summary_large_image","twitter_misc":{"Gesch\u00e4tzte Lesezeit":"1\u00a0Minute"},"schema":{"@context":"https:\/\/schema.org","@graph":[{"@type":"WebPage","@id":"https:\/\/www.perzijskepreproge.si\/de\/produkt\/perserteppich-schlamm-perserteppich-stimmung-5\/","url":"https:\/\/www.perzijskepreproge.si\/de\/produkt\/perserteppich-schlamm-perserteppich-stimmung-5\/","name":"Persischer Teppich Moud \/ Persian carpet Mood - Perzijske preproge Farzad","isPartOf":{"@id":"https:\/\/www.perzijskepreproge.si\/de\/#website"},"primaryImageOfPage":{"@id":"https:\/\/www.perzijskepreproge.si\/de\/produkt\/perserteppich-schlamm-perserteppich-stimmung-5\/#primaryimage"},"image":{"@id":"https:\/\/www.perzijskepreproge.si\/de\/produkt\/perserteppich-schlamm-perserteppich-stimmung-5\/#primaryimage"},"thumbnailUrl":"https:\/\/www.perzijskepreproge.si\/wp-content\/uploads\/2025\/02\/DSC02987jpg.jpg","datePublished":"2025-02-24T11:42:04+00:00","dateModified":"2026-04-13T10:59:15+00:00","breadcrumb":{"@id":"https:\/\/www.perzijskepreproge.si\/de\/produkt\/perserteppich-schlamm-perserteppich-stimmung-5\/#breadcrumb"},"inLanguage":"de","potentialAction":[{"@type":"ReadAction","target":["https:\/\/www.perzijskepreproge.si\/de\/produkt\/perserteppich-schlamm-perserteppich-stimmung-5\/"]}]},{"@type":"ImageObject","inLanguage":"de","@id":"https:\/\/www.perzijskepreproge.si\/de\/produkt\/perserteppich-schlamm-perserteppich-stimmung-5\/#primaryimage","url":"https:\/\/www.perzijskepreproge.si\/wp-content\/uploads\/2025\/02\/DSC02987jpg.jpg","contentUrl":"https:\/\/www.perzijskepreproge.si\/wp-content\/uploads\/2025\/02\/DSC02987jpg.jpg","width":1020,"height":1200},{"@type":"BreadcrumbList","@id":"https:\/\/www.perzijskepreproge.si\/de\/produkt\/perserteppich-schlamm-perserteppich-stimmung-5\/#breadcrumb","itemListElement":[{"@type":"ListItem","position":1,"name":"Heim","item":"https:\/\/www.perzijskepreproge.si\/de\/perserteppiche-farzad\/"},{"@type":"ListItem","position":2,"name":"Shop","item":"https:\/\/www.perzijskepreproge.si\/de\/shop\/"},{"@type":"ListItem","position":3,"name":"Persischer Teppich Moud \/ Persian carpet Mood"}]},{"@type":"WebSite","@id":"https:\/\/www.perzijskepreproge.si\/de\/#website","url":"https:\/\/www.perzijskepreproge.si\/de\/","name":"Perzijske preproge Farzad","description":"Perzijske preproge,  preprog in \u010di\u0161\u010denje preprog","potentialAction":[{"@type":"SearchAction","target":{"@type":"EntryPoint","urlTemplate":"https:\/\/www.perzijskepreproge.si\/de\/?s={search_term_string}"},"query-input":{"@type":"PropertyValueSpecification","valueRequired":true,"valueName":"search_term_string"}}],"inLanguage":"de"}]}},"_links":{"self":[{"href":"https:\/\/www.perzijskepreproge.si\/de\/wp-json\/wp\/v2\/product\/25633","targetHints":{"allow":["GET"]}}],"collection":[{"href":"https:\/\/www.perzijskepreproge.si\/de\/wp-json\/wp\/v2\/product"}],"about":[{"href":"https:\/\/www.perzijskepreproge.si\/de\/wp-json\/wp\/v2\/types\/product"}],"version-history":[{"count":1,"href":"https:\/\/www.perzijskepreproge.si\/de\/wp-json\/wp\/v2\/product\/25633\/revisions"}],"predecessor-version":[{"id":29320,"href":"https:\/\/www.perzijskepreproge.si\/de\/wp-json\/wp\/v2\/product\/25633\/revisions\/29320"}],"wp:featuredmedia":[{"embeddable":true,"href":"https:\/\/www.perzijskepreproge.si\/de\/wp-json\/wp\/v2\/media\/24954"}],"wp:attachment":[{"href":"https:\/\/www.perzijskepreproge.si\/de\/wp-json\/wp\/v2\/media?parent=25633"}],"wp:term":[{"taxonomy":"product_brand","embeddable":true,"href":"https:\/\/www.perzijskepreproge.si\/de\/wp-json\/wp\/v2\/product_brand?post=25633"},{"taxonomy":"product_cat","embeddable":true,"href":"https:\/\/www.perzijskepreproge.si\/de\/wp-json\/wp\/v2\/product_cat?post=25633"},{"taxonomy":"product_tag","embeddable":true,"href":"https:\/\/www.perzijskepreproge.si\/de\/wp-json\/wp\/v2\/product_tag?post=25633"}],"curies":[{"name":"wp","href":"https:\/\/api.w.org\/{rel}","templated":true}]}}