{"id":25635,"date":"2025-02-24T12:36:03","date_gmt":"2025-02-24T11:36:03","guid":{"rendered":"https:\/\/www.perzijskepreproge.si\/izdelek\/perserteppich-ardabil-perserteppich-ardabil-7\/"},"modified":"2026-04-13T13:17:16","modified_gmt":"2026-04-13T11:17:16","slug":"perserteppich-ardabil-perserteppich-ardabil-7","status":"publish","type":"product","link":"https:\/\/www.perzijskepreproge.si\/de\/produkt\/perserteppich-ardabil-perserteppich-ardabil-7\/","title":{"rendered":"Persischer Teppich Ardabil"},"content":{"rendered":"<p style=\"text-align: left;\">Die Stadt Ardabil liegt auf 1200 Metern H\u00f6he im Nordwesten Irans in der Provinz Ardabil. Der Name leitet sich vom zoroastrischen Wort Artavil ab, was \u201eheilige Stadt\u201c bedeutet. Die Stadt wird bereits in der heiligen zoroastrischen Schrift Avesta erw\u00e4hnt, in der es hei\u00dft, dass Zoroaster am Fluss Aras geboren wurde und seine Schriften im Sabalan-Gebirge verfasst haben soll. Eine der Hauptsehensw\u00fcrdigkeiten von Ardabil ist das Grabmal von Scheich Safi ad-Din Ardabili, der 1334 verstarb. Zu seiner Zeit war er der Anf\u00fchrer der Sufis, die ihm in der Aus\u00fcbung des mystischen Sufismus folgten. Einer seiner Nachfolger, Schah Ismail, vereinte den Iran nach Jahrhunderten fremder Herrschaft wieder und f\u00fchrte den Schiismus als Staatsreligion ein. Er war der Gr\u00fcnder der Safawiden-Dynastie, unter der der Iran eine neue k\u00fcnstlerische Bl\u00fctezeit erlebte. Ismails Sohn, Schah Tahmasp, erweiterte 1530 das Heiligtum mit dem Grabmal; in dieser Zeit wurden auch die ber\u00fchmten Ardabil-Teppiche f\u00fcr diesen Ort gefertigt. Berichten zweier britischer Reisender zufolge befanden sich die Teppiche 1843 noch an ihrem Platz, doch 30 Jahre sp\u00e4ter besch\u00e4digte ein Erdbeben das Grabmal schwer, woraufhin sie verkauft wurden, um Geld f\u00fcr die Renovierung zu sammeln. Ein britisches Unternehmen kaufte sie, und da sie besch\u00e4digt waren, wurden Teile des einen Teppichs f\u00fcr die Restaurierung des anderen verwendet, was dazu f\u00fchrte, dass einem Teppich die Bord\u00fcre fehlte. 1892 wurde der gr\u00f6\u00dfere Teppich in London versteigert, wo er den Designer William Morris begeisterte, der die Museumsleitung \u00fcberzeugte, ihn f\u00fcr 2000 damalige Pfund zu erwerben. Der kleinere wurde an einen amerikanischen Sammler verkauft und befindet sich heute in einem Museum in Los Angeles. Heute ist Ardabil mit den umliegenden D\u00f6rfern ein wichtiges Zentrum f\u00fcr die Herstellung und den Verkauf von Teppichen. In Bezug auf Verarbeitung, Farben und Muster k\u00f6nnen sie zu den kaukasischen Teppichen gez\u00e4hlt werden, insbesondere jene, die den Kasak-Stil imitieren. \u00dcblicherweise weisen sie zwei Schussf\u00e4den zwischen zwei Knotenreihen auf einer Baumwollkette, einen symmetrischen Knoten sowie geometrische Muster auf; die Farben sind dezent und harmonisch. Die Teppiche aus dem weiteren Gebiet der Provinz Ardabil k\u00f6nnen jedoch sehr unterschiedlich sein, da dort V\u00f6lker wie die Afscharen, Kurden, Baharlu und Schahsavanen leben, die jeweils ihre eigene Tradition der Teppichherstellung haben. Die Schahsavanen sind ein Stammesverband, der im 17. Jahrhundert unter Schah Abbas gegr\u00fcndet wurde, um gemeinsam mit seiner Armee die Grenzen Irans zu verteidigen. Diejenigen, die noch nicht sesshaft geworden sind, verbringen den Sommer auch heute noch im Gebirge entlang des Kaspischen Meeres und ziehen im Winter in die Hochebenen s\u00fcdlich von Teheran und \u00f6stlich von Hamadan.                 <\/p>\n","protected":false},"excerpt":{"rendered":"<p>Reg.-Nr. 1177<\/p>\n<p>Gr\u00f6\u00dfe: 301 x 204 cm<\/p>\n<p>Material \/ Flor: Wolle<\/p>\n<p>Kette \/ Base: Baumwolle \/ cotton<\/p>\n<p>Farben \/ Colours: pflanzlich \/ plants<\/p>\n<p>Design: halbgeometrisch<\/p>\n<p>Knotendichte \/ Knot density: 90.000 m\/2<\/p>\n<p>Herkunft \/ Origin: Iran<\/p>\n","protected":false},"featured_media":27171,"template":"","meta":{"iawp_total_views":1},"product_brand":[],"product_cat":[338,305],"product_tag":[],"class_list":{"0":"post-25635","1":"product","2":"type-product","3":"status-publish","4":"has-post-thumbnail","6":"product_cat-grose-teppiche-de","7":"product_cat-klassische-teppiche","8":"pa_barva-osnovna-blau-indigo","9":"pa_barva-osnovna-blau-turkis","10":"pa_material-wolle","11":"pa_oblika-rechteckig","12":"pa_tip-preproge-klassisch-meisterlich","13":"pa_velikost-cca-300-x-200-de","15":"first","16":"instock","17":"sold-individually","18":"taxable","19":"shipping-taxable","20":"purchasable","21":"product-type-simple"},"yoast_head":"<!-- This site is optimized with the Yoast SEO plugin v27.3 - https:\/\/yoast.com\/product\/yoast-seo-wordpress\/ -->\n<title>Persischer Teppich Ardabil - Perzijske preproge Farzad<\/title>\n<meta name=\"robots\" content=\"index, follow, max-snippet:-1, max-image-preview:large, max-video-preview:-1\" \/>\n<link rel=\"canonical\" href=\"https:\/\/www.perzijskepreproge.si\/de\/produkt\/perserteppich-ardabil-perserteppich-ardabil-7\/\" \/>\n<meta property=\"og:locale\" content=\"de_DE\" \/>\n<meta property=\"og:type\" content=\"article\" \/>\n<meta property=\"og:title\" content=\"Persischer Teppich Ardabil - Perzijske preproge Farzad\" \/>\n<meta property=\"og:description\" content=\"Reg.-Nr. 1177 Gr\u00f6\u00dfe: 301 x 204 cm Material \/ Flor: Wolle Kette \/ Base: Baumwolle \/ cotton Farben \/ Colours: pflanzlich \/ plants Design: halbgeometrisch Knotendichte \/ Knot density: 90.000 m\/2 Herkunft \/ Origin: Iran\" \/>\n<meta property=\"og:url\" content=\"https:\/\/www.perzijskepreproge.si\/de\/produkt\/perserteppich-ardabil-perserteppich-ardabil-7\/\" \/>\n<meta property=\"og:site_name\" content=\"Perzijske preproge Farzad\" \/>\n<meta property=\"article:modified_time\" content=\"2026-04-13T11:17:16+00:00\" \/>\n<meta property=\"og:image\" content=\"https:\/\/www.perzijskepreproge.si\/wp-content\/uploads\/2025\/02\/f43d57a7-e9a8-4b73-b473-3d2ffbadbc39jpg.webp\" \/>\n\t<meta property=\"og:image:width\" content=\"800\" \/>\n\t<meta property=\"og:image:height\" content=\"1200\" \/>\n\t<meta property=\"og:image:type\" content=\"image\/png\" \/>\n<meta name=\"twitter:card\" content=\"summary_large_image\" \/>\n<meta name=\"twitter:label1\" content=\"Gesch\u00e4tzte Lesezeit\" \/>\n\t<meta name=\"twitter:data1\" content=\"2\u00a0Minute\" \/>\n<script type=\"application\/ld+json\" class=\"yoast-schema-graph\">{\"@context\":\"https:\\\/\\\/schema.org\",\"@graph\":[{\"@type\":\"WebPage\",\"@id\":\"https:\\\/\\\/www.perzijskepreproge.si\\\/de\\\/produkt\\\/perserteppich-ardabil-perserteppich-ardabil-7\\\/\",\"url\":\"https:\\\/\\\/www.perzijskepreproge.si\\\/de\\\/produkt\\\/perserteppich-ardabil-perserteppich-ardabil-7\\\/\",\"name\":\"Persischer Teppich Ardabil - Perzijske preproge Farzad\",\"isPartOf\":{\"@id\":\"https:\\\/\\\/www.perzijskepreproge.si\\\/de\\\/#website\"},\"primaryImageOfPage\":{\"@id\":\"https:\\\/\\\/www.perzijskepreproge.si\\\/de\\\/produkt\\\/perserteppich-ardabil-perserteppich-ardabil-7\\\/#primaryimage\"},\"image\":{\"@id\":\"https:\\\/\\\/www.perzijskepreproge.si\\\/de\\\/produkt\\\/perserteppich-ardabil-perserteppich-ardabil-7\\\/#primaryimage\"},\"thumbnailUrl\":\"https:\\\/\\\/www.perzijskepreproge.si\\\/wp-content\\\/uploads\\\/2025\\\/02\\\/f43d57a7-e9a8-4b73-b473-3d2ffbadbc39jpg.png\",\"datePublished\":\"2025-02-24T11:36:03+00:00\",\"dateModified\":\"2026-04-13T11:17:16+00:00\",\"breadcrumb\":{\"@id\":\"https:\\\/\\\/www.perzijskepreproge.si\\\/de\\\/produkt\\\/perserteppich-ardabil-perserteppich-ardabil-7\\\/#breadcrumb\"},\"inLanguage\":\"de\",\"potentialAction\":[{\"@type\":\"ReadAction\",\"target\":[\"https:\\\/\\\/www.perzijskepreproge.si\\\/de\\\/produkt\\\/perserteppich-ardabil-perserteppich-ardabil-7\\\/\"]}]},{\"@type\":\"ImageObject\",\"inLanguage\":\"de\",\"@id\":\"https:\\\/\\\/www.perzijskepreproge.si\\\/de\\\/produkt\\\/perserteppich-ardabil-perserteppich-ardabil-7\\\/#primaryimage\",\"url\":\"https:\\\/\\\/www.perzijskepreproge.si\\\/wp-content\\\/uploads\\\/2025\\\/02\\\/f43d57a7-e9a8-4b73-b473-3d2ffbadbc39jpg.png\",\"contentUrl\":\"https:\\\/\\\/www.perzijskepreproge.si\\\/wp-content\\\/uploads\\\/2025\\\/02\\\/f43d57a7-e9a8-4b73-b473-3d2ffbadbc39jpg.png\",\"width\":800,\"height\":1200},{\"@type\":\"BreadcrumbList\",\"@id\":\"https:\\\/\\\/www.perzijskepreproge.si\\\/de\\\/produkt\\\/perserteppich-ardabil-perserteppich-ardabil-7\\\/#breadcrumb\",\"itemListElement\":[{\"@type\":\"ListItem\",\"position\":1,\"name\":\"Heim\",\"item\":\"https:\\\/\\\/www.perzijskepreproge.si\\\/de\\\/perserteppiche-farzad\\\/\"},{\"@type\":\"ListItem\",\"position\":2,\"name\":\"Shop\",\"item\":\"https:\\\/\\\/www.perzijskepreproge.si\\\/de\\\/shop\\\/\"},{\"@type\":\"ListItem\",\"position\":3,\"name\":\"Persischer Teppich Ardabil\"}]},{\"@type\":\"WebSite\",\"@id\":\"https:\\\/\\\/www.perzijskepreproge.si\\\/de\\\/#website\",\"url\":\"https:\\\/\\\/www.perzijskepreproge.si\\\/de\\\/\",\"name\":\"Perzijske preproge Farzad\",\"description\":\"Perzijske preproge,  preprog in \u010di\u0161\u010denje preprog\",\"potentialAction\":[{\"@type\":\"SearchAction\",\"target\":{\"@type\":\"EntryPoint\",\"urlTemplate\":\"https:\\\/\\\/www.perzijskepreproge.si\\\/de\\\/?s={search_term_string}\"},\"query-input\":{\"@type\":\"PropertyValueSpecification\",\"valueRequired\":true,\"valueName\":\"search_term_string\"}}],\"inLanguage\":\"de\"}]}<\/script>\n<!-- \/ Yoast SEO plugin. -->","yoast_head_json":{"title":"Persischer Teppich Ardabil - Perzijske preproge Farzad","robots":{"index":"index","follow":"follow","max-snippet":"max-snippet:-1","max-image-preview":"max-image-preview:large","max-video-preview":"max-video-preview:-1"},"canonical":"https:\/\/www.perzijskepreproge.si\/de\/produkt\/perserteppich-ardabil-perserteppich-ardabil-7\/","og_locale":"de_DE","og_type":"article","og_title":"Persischer Teppich Ardabil - Perzijske preproge Farzad","og_description":"Reg.-Nr. 1177 Gr\u00f6\u00dfe: 301 x 204 cm Material \/ Flor: Wolle Kette \/ Base: Baumwolle \/ cotton Farben \/ Colours: pflanzlich \/ plants Design: halbgeometrisch Knotendichte \/ Knot density: 90.000 m\/2 Herkunft \/ Origin: Iran","og_url":"https:\/\/www.perzijskepreproge.si\/de\/produkt\/perserteppich-ardabil-perserteppich-ardabil-7\/","og_site_name":"Perzijske preproge Farzad","article_modified_time":"2026-04-13T11:17:16+00:00","og_image":[{"width":800,"height":1200,"url":"https:\/\/www.perzijskepreproge.si\/wp-content\/uploads\/2025\/02\/f43d57a7-e9a8-4b73-b473-3d2ffbadbc39jpg.webp","type":"image\/png"}],"twitter_card":"summary_large_image","twitter_misc":{"Gesch\u00e4tzte Lesezeit":"2\u00a0Minute"},"schema":{"@context":"https:\/\/schema.org","@graph":[{"@type":"WebPage","@id":"https:\/\/www.perzijskepreproge.si\/de\/produkt\/perserteppich-ardabil-perserteppich-ardabil-7\/","url":"https:\/\/www.perzijskepreproge.si\/de\/produkt\/perserteppich-ardabil-perserteppich-ardabil-7\/","name":"Persischer Teppich Ardabil - Perzijske preproge Farzad","isPartOf":{"@id":"https:\/\/www.perzijskepreproge.si\/de\/#website"},"primaryImageOfPage":{"@id":"https:\/\/www.perzijskepreproge.si\/de\/produkt\/perserteppich-ardabil-perserteppich-ardabil-7\/#primaryimage"},"image":{"@id":"https:\/\/www.perzijskepreproge.si\/de\/produkt\/perserteppich-ardabil-perserteppich-ardabil-7\/#primaryimage"},"thumbnailUrl":"https:\/\/www.perzijskepreproge.si\/wp-content\/uploads\/2025\/02\/f43d57a7-e9a8-4b73-b473-3d2ffbadbc39jpg.png","datePublished":"2025-02-24T11:36:03+00:00","dateModified":"2026-04-13T11:17:16+00:00","breadcrumb":{"@id":"https:\/\/www.perzijskepreproge.si\/de\/produkt\/perserteppich-ardabil-perserteppich-ardabil-7\/#breadcrumb"},"inLanguage":"de","potentialAction":[{"@type":"ReadAction","target":["https:\/\/www.perzijskepreproge.si\/de\/produkt\/perserteppich-ardabil-perserteppich-ardabil-7\/"]}]},{"@type":"ImageObject","inLanguage":"de","@id":"https:\/\/www.perzijskepreproge.si\/de\/produkt\/perserteppich-ardabil-perserteppich-ardabil-7\/#primaryimage","url":"https:\/\/www.perzijskepreproge.si\/wp-content\/uploads\/2025\/02\/f43d57a7-e9a8-4b73-b473-3d2ffbadbc39jpg.png","contentUrl":"https:\/\/www.perzijskepreproge.si\/wp-content\/uploads\/2025\/02\/f43d57a7-e9a8-4b73-b473-3d2ffbadbc39jpg.png","width":800,"height":1200},{"@type":"BreadcrumbList","@id":"https:\/\/www.perzijskepreproge.si\/de\/produkt\/perserteppich-ardabil-perserteppich-ardabil-7\/#breadcrumb","itemListElement":[{"@type":"ListItem","position":1,"name":"Heim","item":"https:\/\/www.perzijskepreproge.si\/de\/perserteppiche-farzad\/"},{"@type":"ListItem","position":2,"name":"Shop","item":"https:\/\/www.perzijskepreproge.si\/de\/shop\/"},{"@type":"ListItem","position":3,"name":"Persischer Teppich Ardabil"}]},{"@type":"WebSite","@id":"https:\/\/www.perzijskepreproge.si\/de\/#website","url":"https:\/\/www.perzijskepreproge.si\/de\/","name":"Perzijske preproge Farzad","description":"Perzijske preproge,  preprog in \u010di\u0161\u010denje preprog","potentialAction":[{"@type":"SearchAction","target":{"@type":"EntryPoint","urlTemplate":"https:\/\/www.perzijskepreproge.si\/de\/?s={search_term_string}"},"query-input":{"@type":"PropertyValueSpecification","valueRequired":true,"valueName":"search_term_string"}}],"inLanguage":"de"}]}},"_links":{"self":[{"href":"https:\/\/www.perzijskepreproge.si\/de\/wp-json\/wp\/v2\/product\/25635","targetHints":{"allow":["GET"]}}],"collection":[{"href":"https:\/\/www.perzijskepreproge.si\/de\/wp-json\/wp\/v2\/product"}],"about":[{"href":"https:\/\/www.perzijskepreproge.si\/de\/wp-json\/wp\/v2\/types\/product"}],"version-history":[{"count":1,"href":"https:\/\/www.perzijskepreproge.si\/de\/wp-json\/wp\/v2\/product\/25635\/revisions"}],"predecessor-version":[{"id":29457,"href":"https:\/\/www.perzijskepreproge.si\/de\/wp-json\/wp\/v2\/product\/25635\/revisions\/29457"}],"wp:featuredmedia":[{"embeddable":true,"href":"https:\/\/www.perzijskepreproge.si\/de\/wp-json\/wp\/v2\/media\/27171"}],"wp:attachment":[{"href":"https:\/\/www.perzijskepreproge.si\/de\/wp-json\/wp\/v2\/media?parent=25635"}],"wp:term":[{"taxonomy":"product_brand","embeddable":true,"href":"https:\/\/www.perzijskepreproge.si\/de\/wp-json\/wp\/v2\/product_brand?post=25635"},{"taxonomy":"product_cat","embeddable":true,"href":"https:\/\/www.perzijskepreproge.si\/de\/wp-json\/wp\/v2\/product_cat?post=25635"},{"taxonomy":"product_tag","embeddable":true,"href":"https:\/\/www.perzijskepreproge.si\/de\/wp-json\/wp\/v2\/product_tag?post=25635"}],"curies":[{"name":"wp","href":"https:\/\/api.w.org\/{rel}","templated":true}]}}