{"id":25668,"date":"2024-11-21T12:27:50","date_gmt":"2024-11-21T11:27:50","guid":{"rendered":"https:\/\/www.perzijskepreproge.si\/izdelek\/perserteppich-tabriz-perserteppich-tabriz-13\/"},"modified":"2026-04-13T13:18:06","modified_gmt":"2026-04-13T11:18:06","slug":"perserteppich-tabriz-perserteppich-tabriz-13","status":"publish","type":"product","link":"https:\/\/www.perzijskepreproge.si\/de\/produkt\/perserteppich-tabriz-perserteppich-tabriz-13\/","title":{"rendered":"Persischer Teppich T\u00e4bris \/ Persian carpet Tabriz"},"content":{"rendered":"<p>Tabriz-Teppiche sind bekannt f\u00fcr ihren au\u00dfergew\u00f6hnlichen \u00e4sthetischen Wert und ihre reiche Geschichte, die weit in die Vergangenheit zur\u00fcckreicht. Urspr\u00fcnglich in der iranischen Stadt Tabriz gefertigt, vereinen diese Teppiche Tradition, sch\u00f6ne Kunst und erstklassige Handwerkskunst \u2013 ein echtes Juwel f\u00fcr jedes Zuhause. <\/p>\n<p>Tabriz-Teppiche erkennt man an ihren opulent gestalteten Mustern, lebendigen Farben und komplexen Details. Jeder Teppich ist ein einzigartiges Kunstwerk, das Tradition und modernes Design verbindet. Muster mit floralen Motiven, geometrischen Formen und klassischen persischen Elementen vermitteln Eleganz und Raffinesse.  <\/p>\n<p>Die Farbpalette der Tabriz-Teppiche reicht von warmen, erdigen T\u00f6nen bis zu hellen, lebhaften Nuancen und l\u00e4sst sich so m\u00fchelos mit unterschiedlichsten Stilrichtungen kombinieren \u2013 von klassisch bis modern. Ein Tabriz-Teppich ist nicht nur ein visueller Akzent, sondern auch ein au\u00dfergew\u00f6hnliches Element, um im Raum eine stimmungsvolle Atmosph\u00e4re zu schaffen. <\/p>\n<p><strong>Aufwertung und Versch\u00f6nerung des Raums<\/strong><\/p>\n<p>Ein Tabriz-Teppich hat die Kraft, jeden Raum aufzuwerten \u2013 ob Wohnzimmer, Esszimmer oder Gesch\u00e4ftsumfeld. Mit seiner Pr\u00e4senz kann er m\u00fchelos zum Mittelpunkt der Innenraumgestaltung werden, Blicke auf sich ziehen und dem Raum Tiefe verleihen. <\/p>\n<p>Neben der \u00e4sthetischen Wirkung bieten Tabriz-Teppiche auch praktische Vorteile. Dank hochwertiger Verarbeitung und Materialien sind sie \u00e4u\u00dferst langlebig und widerstandsf\u00e4hig gegen Abnutzung \u2013 so genie\u00dfen Sie ihre Sch\u00f6nheit viele Jahre lang. Zudem bringen sie Komfort und W\u00e4rme auf den Boden und tragen zu einem angenehmen Wohngef\u00fchl bei.  <\/p>\n<p>Eine Investition in einen Tabriz-Teppich ist nicht nur der Kauf eines dekorativen Elements, sondern der Erwerb eines Kunstwerks, das Ihren Raum und Ihren Lebensstil bereichert. Ob Sie klassische Eleganz oder moderne \u00c4sthetik suchen: Tabriz-Teppiche bieten die perfekte Balance aus Funktionalit\u00e4t und sch\u00f6ner Form. Schaffen Sie ein zauberhaftes Ambiente in Ihrem Zuhause und g\u00f6nnen Sie sich das einzigartige Erlebnis, das iranische Tabriz-Teppiche bieten.  <\/p>\n<p>&nbsp;<\/p>\n","protected":false},"excerpt":{"rendered":"<p>Reg.-Nr.: 1128<\/p>\n<p>Gr\u00f6\u00dfe \/ Size: 303 x 204 cm<\/p>\n<p>Material \/ Pile: Wolle, Seide \/ wool, silk<\/p>\n<p>Kette \/ Base: Baumwolle \/ cotton<\/p>\n<p>Farben \/ Colours: pflanzlich \/ plants<\/p>\n<p>Design \/ Design: floral \/ floral<\/p>\n<p>Herstellungstechnik \/ Weaving technique: handgekn\u00fcpfter Teppich \/ handmade pile carpet<\/p>\n<p>Kn\u00fcpfdichte: 640.000 m\/2<\/p>\n<p>Herkunft \/ Origin: Iran<\/p>\n<p>&nbsp;<\/p>\n","protected":false},"featured_media":24876,"template":"","meta":{"iawp_total_views":6},"product_brand":[],"product_cat":[338,305],"product_tag":[],"class_list":{"0":"post-25668","1":"product","2":"type-product","3":"status-publish","4":"has-post-thumbnail","6":"product_cat-grose-teppiche-de","7":"product_cat-klassische-teppiche","8":"pa_barva-osnovna-rosa","9":"pa_barva-osnovna-weis-beige","10":"pa_material-wolle-seide","11":"pa_oblika-rechteckig","12":"pa_tip-preproge-klassisch-meisterlich","13":"pa_velikost-cca-300-x-200-de","15":"first","16":"instock","17":"sold-individually","18":"taxable","19":"shipping-taxable","20":"purchasable","21":"product-type-simple"},"yoast_head":"<!-- This site is optimized with the Yoast SEO plugin v27.3 - https:\/\/yoast.com\/product\/yoast-seo-wordpress\/ -->\n<title>Persischer Teppich T\u00e4bris \/ Persian carpet Tabriz - Perzijske preproge Farzad<\/title>\n<meta name=\"robots\" content=\"index, follow, max-snippet:-1, max-image-preview:large, max-video-preview:-1\" \/>\n<link rel=\"canonical\" href=\"https:\/\/www.perzijskepreproge.si\/de\/produkt\/perserteppich-tabriz-perserteppich-tabriz-13\/\" \/>\n<meta property=\"og:locale\" content=\"de_DE\" \/>\n<meta property=\"og:type\" content=\"article\" \/>\n<meta property=\"og:title\" content=\"Persischer Teppich T\u00e4bris \/ Persian carpet Tabriz - Perzijske preproge Farzad\" \/>\n<meta property=\"og:description\" content=\"Reg.-Nr.: 1128 Gr\u00f6\u00dfe \/ Size: 303 x 204 cm Material \/ Pile: Wolle, Seide \/ wool, silk Kette \/ Base: Baumwolle \/ cotton Farben \/ Colours: pflanzlich \/ plants Design \/ Design: floral \/ floral Herstellungstechnik \/ Weaving technique: handgekn\u00fcpfter Teppich \/ handmade pile carpet Kn\u00fcpfdichte: 640.000 m\/2 Herkunft \/ Origin: Iran &nbsp;\" \/>\n<meta property=\"og:url\" content=\"https:\/\/www.perzijskepreproge.si\/de\/produkt\/perserteppich-tabriz-perserteppich-tabriz-13\/\" \/>\n<meta property=\"og:site_name\" content=\"Perzijske preproge Farzad\" \/>\n<meta property=\"article:modified_time\" content=\"2026-04-13T11:18:06+00:00\" \/>\n<meta property=\"og:image\" content=\"https:\/\/www.perzijskepreproge.si\/wp-content\/uploads\/2024\/11\/IMG_1666jpg.webp\" \/>\n\t<meta property=\"og:image:width\" content=\"900\" \/>\n\t<meta property=\"og:image:height\" content=\"1200\" \/>\n\t<meta property=\"og:image:type\" content=\"image\/jpeg\" \/>\n<meta name=\"twitter:card\" content=\"summary_large_image\" \/>\n<meta name=\"twitter:label1\" content=\"Gesch\u00e4tzte Lesezeit\" \/>\n\t<meta name=\"twitter:data1\" content=\"2\u00a0Minute\" \/>\n<script type=\"application\/ld+json\" class=\"yoast-schema-graph\">{\"@context\":\"https:\\\/\\\/schema.org\",\"@graph\":[{\"@type\":\"WebPage\",\"@id\":\"https:\\\/\\\/www.perzijskepreproge.si\\\/de\\\/produkt\\\/perserteppich-tabriz-perserteppich-tabriz-13\\\/\",\"url\":\"https:\\\/\\\/www.perzijskepreproge.si\\\/de\\\/produkt\\\/perserteppich-tabriz-perserteppich-tabriz-13\\\/\",\"name\":\"Persischer Teppich T\u00e4bris \\\/ Persian carpet Tabriz - Perzijske preproge Farzad\",\"isPartOf\":{\"@id\":\"https:\\\/\\\/www.perzijskepreproge.si\\\/de\\\/#website\"},\"primaryImageOfPage\":{\"@id\":\"https:\\\/\\\/www.perzijskepreproge.si\\\/de\\\/produkt\\\/perserteppich-tabriz-perserteppich-tabriz-13\\\/#primaryimage\"},\"image\":{\"@id\":\"https:\\\/\\\/www.perzijskepreproge.si\\\/de\\\/produkt\\\/perserteppich-tabriz-perserteppich-tabriz-13\\\/#primaryimage\"},\"thumbnailUrl\":\"https:\\\/\\\/www.perzijskepreproge.si\\\/wp-content\\\/uploads\\\/2024\\\/11\\\/IMG_1666jpg.jpg\",\"datePublished\":\"2024-11-21T11:27:50+00:00\",\"dateModified\":\"2026-04-13T11:18:06+00:00\",\"breadcrumb\":{\"@id\":\"https:\\\/\\\/www.perzijskepreproge.si\\\/de\\\/produkt\\\/perserteppich-tabriz-perserteppich-tabriz-13\\\/#breadcrumb\"},\"inLanguage\":\"de\",\"potentialAction\":[{\"@type\":\"ReadAction\",\"target\":[\"https:\\\/\\\/www.perzijskepreproge.si\\\/de\\\/produkt\\\/perserteppich-tabriz-perserteppich-tabriz-13\\\/\"]}]},{\"@type\":\"ImageObject\",\"inLanguage\":\"de\",\"@id\":\"https:\\\/\\\/www.perzijskepreproge.si\\\/de\\\/produkt\\\/perserteppich-tabriz-perserteppich-tabriz-13\\\/#primaryimage\",\"url\":\"https:\\\/\\\/www.perzijskepreproge.si\\\/wp-content\\\/uploads\\\/2024\\\/11\\\/IMG_1666jpg.jpg\",\"contentUrl\":\"https:\\\/\\\/www.perzijskepreproge.si\\\/wp-content\\\/uploads\\\/2024\\\/11\\\/IMG_1666jpg.jpg\",\"width\":900,\"height\":1200},{\"@type\":\"BreadcrumbList\",\"@id\":\"https:\\\/\\\/www.perzijskepreproge.si\\\/de\\\/produkt\\\/perserteppich-tabriz-perserteppich-tabriz-13\\\/#breadcrumb\",\"itemListElement\":[{\"@type\":\"ListItem\",\"position\":1,\"name\":\"Heim\",\"item\":\"https:\\\/\\\/www.perzijskepreproge.si\\\/de\\\/perserteppiche-farzad\\\/\"},{\"@type\":\"ListItem\",\"position\":2,\"name\":\"Shop\",\"item\":\"https:\\\/\\\/www.perzijskepreproge.si\\\/de\\\/shop\\\/\"},{\"@type\":\"ListItem\",\"position\":3,\"name\":\"Persischer Teppich T\u00e4bris \\\/ Persian carpet Tabriz\"}]},{\"@type\":\"WebSite\",\"@id\":\"https:\\\/\\\/www.perzijskepreproge.si\\\/de\\\/#website\",\"url\":\"https:\\\/\\\/www.perzijskepreproge.si\\\/de\\\/\",\"name\":\"Perzijske preproge Farzad\",\"description\":\"Perzijske preproge,  preprog in \u010di\u0161\u010denje preprog\",\"potentialAction\":[{\"@type\":\"SearchAction\",\"target\":{\"@type\":\"EntryPoint\",\"urlTemplate\":\"https:\\\/\\\/www.perzijskepreproge.si\\\/de\\\/?s={search_term_string}\"},\"query-input\":{\"@type\":\"PropertyValueSpecification\",\"valueRequired\":true,\"valueName\":\"search_term_string\"}}],\"inLanguage\":\"de\"}]}<\/script>\n<!-- \/ Yoast SEO plugin. -->","yoast_head_json":{"title":"Persischer Teppich T\u00e4bris \/ Persian carpet Tabriz - Perzijske preproge Farzad","robots":{"index":"index","follow":"follow","max-snippet":"max-snippet:-1","max-image-preview":"max-image-preview:large","max-video-preview":"max-video-preview:-1"},"canonical":"https:\/\/www.perzijskepreproge.si\/de\/produkt\/perserteppich-tabriz-perserteppich-tabriz-13\/","og_locale":"de_DE","og_type":"article","og_title":"Persischer Teppich T\u00e4bris \/ Persian carpet Tabriz - Perzijske preproge Farzad","og_description":"Reg.-Nr.: 1128 Gr\u00f6\u00dfe \/ Size: 303 x 204 cm Material \/ Pile: Wolle, Seide \/ wool, silk Kette \/ Base: Baumwolle \/ cotton Farben \/ Colours: pflanzlich \/ plants Design \/ Design: floral \/ floral Herstellungstechnik \/ Weaving technique: handgekn\u00fcpfter Teppich \/ handmade pile carpet Kn\u00fcpfdichte: 640.000 m\/2 Herkunft \/ Origin: Iran &nbsp;","og_url":"https:\/\/www.perzijskepreproge.si\/de\/produkt\/perserteppich-tabriz-perserteppich-tabriz-13\/","og_site_name":"Perzijske preproge Farzad","article_modified_time":"2026-04-13T11:18:06+00:00","og_image":[{"width":900,"height":1200,"url":"https:\/\/www.perzijskepreproge.si\/wp-content\/uploads\/2024\/11\/IMG_1666jpg.webp","type":"image\/jpeg"}],"twitter_card":"summary_large_image","twitter_misc":{"Gesch\u00e4tzte Lesezeit":"2\u00a0Minute"},"schema":{"@context":"https:\/\/schema.org","@graph":[{"@type":"WebPage","@id":"https:\/\/www.perzijskepreproge.si\/de\/produkt\/perserteppich-tabriz-perserteppich-tabriz-13\/","url":"https:\/\/www.perzijskepreproge.si\/de\/produkt\/perserteppich-tabriz-perserteppich-tabriz-13\/","name":"Persischer Teppich T\u00e4bris \/ Persian carpet Tabriz - Perzijske preproge Farzad","isPartOf":{"@id":"https:\/\/www.perzijskepreproge.si\/de\/#website"},"primaryImageOfPage":{"@id":"https:\/\/www.perzijskepreproge.si\/de\/produkt\/perserteppich-tabriz-perserteppich-tabriz-13\/#primaryimage"},"image":{"@id":"https:\/\/www.perzijskepreproge.si\/de\/produkt\/perserteppich-tabriz-perserteppich-tabriz-13\/#primaryimage"},"thumbnailUrl":"https:\/\/www.perzijskepreproge.si\/wp-content\/uploads\/2024\/11\/IMG_1666jpg.jpg","datePublished":"2024-11-21T11:27:50+00:00","dateModified":"2026-04-13T11:18:06+00:00","breadcrumb":{"@id":"https:\/\/www.perzijskepreproge.si\/de\/produkt\/perserteppich-tabriz-perserteppich-tabriz-13\/#breadcrumb"},"inLanguage":"de","potentialAction":[{"@type":"ReadAction","target":["https:\/\/www.perzijskepreproge.si\/de\/produkt\/perserteppich-tabriz-perserteppich-tabriz-13\/"]}]},{"@type":"ImageObject","inLanguage":"de","@id":"https:\/\/www.perzijskepreproge.si\/de\/produkt\/perserteppich-tabriz-perserteppich-tabriz-13\/#primaryimage","url":"https:\/\/www.perzijskepreproge.si\/wp-content\/uploads\/2024\/11\/IMG_1666jpg.jpg","contentUrl":"https:\/\/www.perzijskepreproge.si\/wp-content\/uploads\/2024\/11\/IMG_1666jpg.jpg","width":900,"height":1200},{"@type":"BreadcrumbList","@id":"https:\/\/www.perzijskepreproge.si\/de\/produkt\/perserteppich-tabriz-perserteppich-tabriz-13\/#breadcrumb","itemListElement":[{"@type":"ListItem","position":1,"name":"Heim","item":"https:\/\/www.perzijskepreproge.si\/de\/perserteppiche-farzad\/"},{"@type":"ListItem","position":2,"name":"Shop","item":"https:\/\/www.perzijskepreproge.si\/de\/shop\/"},{"@type":"ListItem","position":3,"name":"Persischer Teppich T\u00e4bris \/ Persian carpet Tabriz"}]},{"@type":"WebSite","@id":"https:\/\/www.perzijskepreproge.si\/de\/#website","url":"https:\/\/www.perzijskepreproge.si\/de\/","name":"Perzijske preproge Farzad","description":"Perzijske preproge,  preprog in \u010di\u0161\u010denje preprog","potentialAction":[{"@type":"SearchAction","target":{"@type":"EntryPoint","urlTemplate":"https:\/\/www.perzijskepreproge.si\/de\/?s={search_term_string}"},"query-input":{"@type":"PropertyValueSpecification","valueRequired":true,"valueName":"search_term_string"}}],"inLanguage":"de"}]}},"_links":{"self":[{"href":"https:\/\/www.perzijskepreproge.si\/de\/wp-json\/wp\/v2\/product\/25668","targetHints":{"allow":["GET"]}}],"collection":[{"href":"https:\/\/www.perzijskepreproge.si\/de\/wp-json\/wp\/v2\/product"}],"about":[{"href":"https:\/\/www.perzijskepreproge.si\/de\/wp-json\/wp\/v2\/types\/product"}],"version-history":[{"count":1,"href":"https:\/\/www.perzijskepreproge.si\/de\/wp-json\/wp\/v2\/product\/25668\/revisions"}],"predecessor-version":[{"id":29469,"href":"https:\/\/www.perzijskepreproge.si\/de\/wp-json\/wp\/v2\/product\/25668\/revisions\/29469"}],"wp:featuredmedia":[{"embeddable":true,"href":"https:\/\/www.perzijskepreproge.si\/de\/wp-json\/wp\/v2\/media\/24876"}],"wp:attachment":[{"href":"https:\/\/www.perzijskepreproge.si\/de\/wp-json\/wp\/v2\/media?parent=25668"}],"wp:term":[{"taxonomy":"product_brand","embeddable":true,"href":"https:\/\/www.perzijskepreproge.si\/de\/wp-json\/wp\/v2\/product_brand?post=25668"},{"taxonomy":"product_cat","embeddable":true,"href":"https:\/\/www.perzijskepreproge.si\/de\/wp-json\/wp\/v2\/product_cat?post=25668"},{"taxonomy":"product_tag","embeddable":true,"href":"https:\/\/www.perzijskepreproge.si\/de\/wp-json\/wp\/v2\/product_tag?post=25668"}],"curies":[{"name":"wp","href":"https:\/\/api.w.org\/{rel}","templated":true}]}}