{"id":25673,"date":"2024-11-08T12:30:30","date_gmt":"2024-11-08T11:30:30","guid":{"rendered":"https:\/\/www.perzijskepreproge.si\/izdelek\/perserteppich-kashan-perserteppich-kashan-11\/"},"modified":"2026-04-13T13:18:08","modified_gmt":"2026-04-13T11:18:08","slug":"perserteppich-kashan-perserteppich-kashan-11","status":"publish","type":"product","link":"https:\/\/www.perzijskepreproge.si\/de\/produkt\/perserteppich-kashan-perserteppich-kashan-11\/","title":{"rendered":"Persischer Teppich Kaschan \/ Persian carpet Kashan"},"content":{"rendered":"<p style=\"text-align: left;\">Die Stadt Kaschan liegt 250 km s\u00fcdlich von Teheran in einer gro\u00dfen Oase an der Kavir-W\u00fcste im zentralen Iran. Dieses Gebiet war bereits in der Urzeit besiedelt und war schon zur Zeit der Sassaniden-Dynastie sowie sp\u00e4ter nach der Ankunft der islamischen Kultur von Bedeutung. Kaschan-Teppiche werden aus feinster <em>Kork<\/em>-Wolle (vom Hals der L\u00e4mmer) gefertigt. Bei der Herstellung wird die Technik des asymmetrischen Kn\u00fcpfens (persischer Knoten) angewendet, wodurch die Teppiche extrem fein und zugleich sehr strapazierf\u00e4hig sind. Charakteristisch sind vielf\u00e4ltige Blumenmuster, Arabesken, Palmetten und Blattmotive; ein solches Design ist ideal f\u00fcr eine klassische Raumgestaltung. Sie repr\u00e4sentieren das Erbe des goldenen Zeitalters der Teppichherstellung im Iran (16. und 17. Jahrhundert), als Schah Abbas ein gro\u00dfer F\u00f6rderer dieser Kunst war.    <\/p>\n","protected":false},"excerpt":{"rendered":"<p>Reg.-Nr.: 1130<\/p>\n<p>Gr\u00f6\u00dfe \/ Size: 292 x 199 cm<\/p>\n<p>Material \/ Flor: Wolle<\/p>\n<p>Kette \/ Base: Baumwolle \/ cotton<\/p>\n<p>Farben \/ Colours: pflanzlich \/ plants<\/p>\n<p>Design \/ Design: floral \/ floral<\/p>\n<p>Herstellungstechnik \/ Weaving technique: handgekn\u00fcpfter Teppich \/ handmade pile carpet<\/p>\n<p>Kn\u00fcpfdichte \/ Knot density: 250.000 m\/2<\/p>\n<p>Herkunft \/ Origin: Iran<\/p>\n<p>&nbsp;<\/p>\n","protected":false},"featured_media":24838,"template":"","meta":{"iawp_total_views":1},"product_brand":[],"product_cat":[338,305],"product_tag":[],"class_list":{"0":"post-25673","1":"product","2":"type-product","3":"status-publish","4":"has-post-thumbnail","6":"product_cat-grose-teppiche-de","7":"product_cat-klassische-teppiche","8":"pa_barva-osnovna-weis-beige","9":"pa_material-wolle","10":"pa_oblika-rechteckig","11":"pa_tip-preproge-klassisch-meisterlich","12":"pa_velikost-cca-300-x-200-de","14":"first","15":"instock","16":"sold-individually","17":"taxable","18":"shipping-taxable","19":"purchasable","20":"product-type-simple"},"yoast_head":"<!-- This site is optimized with the Yoast SEO plugin v27.3 - https:\/\/yoast.com\/product\/yoast-seo-wordpress\/ -->\n<title>Persischer Teppich Kaschan \/ Persian carpet Kashan - Perzijske preproge Farzad<\/title>\n<meta name=\"robots\" content=\"index, follow, max-snippet:-1, max-image-preview:large, max-video-preview:-1\" \/>\n<link rel=\"canonical\" href=\"https:\/\/www.perzijskepreproge.si\/de\/produkt\/perserteppich-kashan-perserteppich-kashan-11\/\" \/>\n<meta property=\"og:locale\" content=\"de_DE\" \/>\n<meta property=\"og:type\" content=\"article\" \/>\n<meta property=\"og:title\" content=\"Persischer Teppich Kaschan \/ Persian carpet Kashan - Perzijske preproge Farzad\" \/>\n<meta property=\"og:description\" content=\"Reg.-Nr.: 1130 Gr\u00f6\u00dfe \/ Size: 292 x 199 cm Material \/ Flor: Wolle Kette \/ Base: Baumwolle \/ cotton Farben \/ Colours: pflanzlich \/ plants Design \/ Design: floral \/ floral Herstellungstechnik \/ Weaving technique: handgekn\u00fcpfter Teppich \/ handmade pile carpet Kn\u00fcpfdichte \/ Knot density: 250.000 m\/2 Herkunft \/ Origin: Iran &nbsp;\" \/>\n<meta property=\"og:url\" content=\"https:\/\/www.perzijskepreproge.si\/de\/produkt\/perserteppich-kashan-perserteppich-kashan-11\/\" \/>\n<meta property=\"og:site_name\" content=\"Perzijske preproge Farzad\" \/>\n<meta property=\"article:modified_time\" content=\"2026-04-13T11:18:08+00:00\" \/>\n<meta property=\"og:image\" content=\"https:\/\/www.perzijskepreproge.si\/wp-content\/uploads\/2024\/11\/IMG_1610jpg.webp\" \/>\n\t<meta property=\"og:image:width\" content=\"1200\" \/>\n\t<meta property=\"og:image:height\" content=\"1036\" \/>\n\t<meta property=\"og:image:type\" content=\"image\/jpeg\" \/>\n<meta name=\"twitter:card\" content=\"summary_large_image\" \/>\n<meta name=\"twitter:label1\" content=\"Gesch\u00e4tzte Lesezeit\" \/>\n\t<meta name=\"twitter:data1\" content=\"1\u00a0Minute\" \/>\n<script type=\"application\/ld+json\" class=\"yoast-schema-graph\">{\"@context\":\"https:\\\/\\\/schema.org\",\"@graph\":[{\"@type\":\"WebPage\",\"@id\":\"https:\\\/\\\/www.perzijskepreproge.si\\\/de\\\/produkt\\\/perserteppich-kashan-perserteppich-kashan-11\\\/\",\"url\":\"https:\\\/\\\/www.perzijskepreproge.si\\\/de\\\/produkt\\\/perserteppich-kashan-perserteppich-kashan-11\\\/\",\"name\":\"Persischer Teppich Kaschan \\\/ Persian carpet Kashan - Perzijske preproge Farzad\",\"isPartOf\":{\"@id\":\"https:\\\/\\\/www.perzijskepreproge.si\\\/de\\\/#website\"},\"primaryImageOfPage\":{\"@id\":\"https:\\\/\\\/www.perzijskepreproge.si\\\/de\\\/produkt\\\/perserteppich-kashan-perserteppich-kashan-11\\\/#primaryimage\"},\"image\":{\"@id\":\"https:\\\/\\\/www.perzijskepreproge.si\\\/de\\\/produkt\\\/perserteppich-kashan-perserteppich-kashan-11\\\/#primaryimage\"},\"thumbnailUrl\":\"https:\\\/\\\/www.perzijskepreproge.si\\\/wp-content\\\/uploads\\\/2024\\\/11\\\/IMG_1610jpg.jpg\",\"datePublished\":\"2024-11-08T11:30:30+00:00\",\"dateModified\":\"2026-04-13T11:18:08+00:00\",\"breadcrumb\":{\"@id\":\"https:\\\/\\\/www.perzijskepreproge.si\\\/de\\\/produkt\\\/perserteppich-kashan-perserteppich-kashan-11\\\/#breadcrumb\"},\"inLanguage\":\"de\",\"potentialAction\":[{\"@type\":\"ReadAction\",\"target\":[\"https:\\\/\\\/www.perzijskepreproge.si\\\/de\\\/produkt\\\/perserteppich-kashan-perserteppich-kashan-11\\\/\"]}]},{\"@type\":\"ImageObject\",\"inLanguage\":\"de\",\"@id\":\"https:\\\/\\\/www.perzijskepreproge.si\\\/de\\\/produkt\\\/perserteppich-kashan-perserteppich-kashan-11\\\/#primaryimage\",\"url\":\"https:\\\/\\\/www.perzijskepreproge.si\\\/wp-content\\\/uploads\\\/2024\\\/11\\\/IMG_1610jpg.jpg\",\"contentUrl\":\"https:\\\/\\\/www.perzijskepreproge.si\\\/wp-content\\\/uploads\\\/2024\\\/11\\\/IMG_1610jpg.jpg\",\"width\":1200,\"height\":1036},{\"@type\":\"BreadcrumbList\",\"@id\":\"https:\\\/\\\/www.perzijskepreproge.si\\\/de\\\/produkt\\\/perserteppich-kashan-perserteppich-kashan-11\\\/#breadcrumb\",\"itemListElement\":[{\"@type\":\"ListItem\",\"position\":1,\"name\":\"Heim\",\"item\":\"https:\\\/\\\/www.perzijskepreproge.si\\\/de\\\/perserteppiche-farzad\\\/\"},{\"@type\":\"ListItem\",\"position\":2,\"name\":\"Shop\",\"item\":\"https:\\\/\\\/www.perzijskepreproge.si\\\/de\\\/shop\\\/\"},{\"@type\":\"ListItem\",\"position\":3,\"name\":\"Persischer Teppich Kaschan \\\/ Persian carpet Kashan\"}]},{\"@type\":\"WebSite\",\"@id\":\"https:\\\/\\\/www.perzijskepreproge.si\\\/de\\\/#website\",\"url\":\"https:\\\/\\\/www.perzijskepreproge.si\\\/de\\\/\",\"name\":\"Perzijske preproge Farzad\",\"description\":\"Perzijske preproge,  preprog in \u010di\u0161\u010denje preprog\",\"potentialAction\":[{\"@type\":\"SearchAction\",\"target\":{\"@type\":\"EntryPoint\",\"urlTemplate\":\"https:\\\/\\\/www.perzijskepreproge.si\\\/de\\\/?s={search_term_string}\"},\"query-input\":{\"@type\":\"PropertyValueSpecification\",\"valueRequired\":true,\"valueName\":\"search_term_string\"}}],\"inLanguage\":\"de\"}]}<\/script>\n<!-- \/ Yoast SEO plugin. -->","yoast_head_json":{"title":"Persischer Teppich Kaschan \/ Persian carpet Kashan - Perzijske preproge Farzad","robots":{"index":"index","follow":"follow","max-snippet":"max-snippet:-1","max-image-preview":"max-image-preview:large","max-video-preview":"max-video-preview:-1"},"canonical":"https:\/\/www.perzijskepreproge.si\/de\/produkt\/perserteppich-kashan-perserteppich-kashan-11\/","og_locale":"de_DE","og_type":"article","og_title":"Persischer Teppich Kaschan \/ Persian carpet Kashan - Perzijske preproge Farzad","og_description":"Reg.-Nr.: 1130 Gr\u00f6\u00dfe \/ Size: 292 x 199 cm Material \/ Flor: Wolle Kette \/ Base: Baumwolle \/ cotton Farben \/ Colours: pflanzlich \/ plants Design \/ Design: floral \/ floral Herstellungstechnik \/ Weaving technique: handgekn\u00fcpfter Teppich \/ handmade pile carpet Kn\u00fcpfdichte \/ Knot density: 250.000 m\/2 Herkunft \/ Origin: Iran &nbsp;","og_url":"https:\/\/www.perzijskepreproge.si\/de\/produkt\/perserteppich-kashan-perserteppich-kashan-11\/","og_site_name":"Perzijske preproge Farzad","article_modified_time":"2026-04-13T11:18:08+00:00","og_image":[{"width":1200,"height":1036,"url":"https:\/\/www.perzijskepreproge.si\/wp-content\/uploads\/2024\/11\/IMG_1610jpg.webp","type":"image\/jpeg"}],"twitter_card":"summary_large_image","twitter_misc":{"Gesch\u00e4tzte Lesezeit":"1\u00a0Minute"},"schema":{"@context":"https:\/\/schema.org","@graph":[{"@type":"WebPage","@id":"https:\/\/www.perzijskepreproge.si\/de\/produkt\/perserteppich-kashan-perserteppich-kashan-11\/","url":"https:\/\/www.perzijskepreproge.si\/de\/produkt\/perserteppich-kashan-perserteppich-kashan-11\/","name":"Persischer Teppich Kaschan \/ Persian carpet Kashan - Perzijske preproge Farzad","isPartOf":{"@id":"https:\/\/www.perzijskepreproge.si\/de\/#website"},"primaryImageOfPage":{"@id":"https:\/\/www.perzijskepreproge.si\/de\/produkt\/perserteppich-kashan-perserteppich-kashan-11\/#primaryimage"},"image":{"@id":"https:\/\/www.perzijskepreproge.si\/de\/produkt\/perserteppich-kashan-perserteppich-kashan-11\/#primaryimage"},"thumbnailUrl":"https:\/\/www.perzijskepreproge.si\/wp-content\/uploads\/2024\/11\/IMG_1610jpg.jpg","datePublished":"2024-11-08T11:30:30+00:00","dateModified":"2026-04-13T11:18:08+00:00","breadcrumb":{"@id":"https:\/\/www.perzijskepreproge.si\/de\/produkt\/perserteppich-kashan-perserteppich-kashan-11\/#breadcrumb"},"inLanguage":"de","potentialAction":[{"@type":"ReadAction","target":["https:\/\/www.perzijskepreproge.si\/de\/produkt\/perserteppich-kashan-perserteppich-kashan-11\/"]}]},{"@type":"ImageObject","inLanguage":"de","@id":"https:\/\/www.perzijskepreproge.si\/de\/produkt\/perserteppich-kashan-perserteppich-kashan-11\/#primaryimage","url":"https:\/\/www.perzijskepreproge.si\/wp-content\/uploads\/2024\/11\/IMG_1610jpg.jpg","contentUrl":"https:\/\/www.perzijskepreproge.si\/wp-content\/uploads\/2024\/11\/IMG_1610jpg.jpg","width":1200,"height":1036},{"@type":"BreadcrumbList","@id":"https:\/\/www.perzijskepreproge.si\/de\/produkt\/perserteppich-kashan-perserteppich-kashan-11\/#breadcrumb","itemListElement":[{"@type":"ListItem","position":1,"name":"Heim","item":"https:\/\/www.perzijskepreproge.si\/de\/perserteppiche-farzad\/"},{"@type":"ListItem","position":2,"name":"Shop","item":"https:\/\/www.perzijskepreproge.si\/de\/shop\/"},{"@type":"ListItem","position":3,"name":"Persischer Teppich Kaschan \/ Persian carpet Kashan"}]},{"@type":"WebSite","@id":"https:\/\/www.perzijskepreproge.si\/de\/#website","url":"https:\/\/www.perzijskepreproge.si\/de\/","name":"Perzijske preproge Farzad","description":"Perzijske preproge,  preprog in \u010di\u0161\u010denje preprog","potentialAction":[{"@type":"SearchAction","target":{"@type":"EntryPoint","urlTemplate":"https:\/\/www.perzijskepreproge.si\/de\/?s={search_term_string}"},"query-input":{"@type":"PropertyValueSpecification","valueRequired":true,"valueName":"search_term_string"}}],"inLanguage":"de"}]}},"_links":{"self":[{"href":"https:\/\/www.perzijskepreproge.si\/de\/wp-json\/wp\/v2\/product\/25673","targetHints":{"allow":["GET"]}}],"collection":[{"href":"https:\/\/www.perzijskepreproge.si\/de\/wp-json\/wp\/v2\/product"}],"about":[{"href":"https:\/\/www.perzijskepreproge.si\/de\/wp-json\/wp\/v2\/types\/product"}],"version-history":[{"count":1,"href":"https:\/\/www.perzijskepreproge.si\/de\/wp-json\/wp\/v2\/product\/25673\/revisions"}],"predecessor-version":[{"id":29471,"href":"https:\/\/www.perzijskepreproge.si\/de\/wp-json\/wp\/v2\/product\/25673\/revisions\/29471"}],"wp:featuredmedia":[{"embeddable":true,"href":"https:\/\/www.perzijskepreproge.si\/de\/wp-json\/wp\/v2\/media\/24838"}],"wp:attachment":[{"href":"https:\/\/www.perzijskepreproge.si\/de\/wp-json\/wp\/v2\/media?parent=25673"}],"wp:term":[{"taxonomy":"product_brand","embeddable":true,"href":"https:\/\/www.perzijskepreproge.si\/de\/wp-json\/wp\/v2\/product_brand?post=25673"},{"taxonomy":"product_cat","embeddable":true,"href":"https:\/\/www.perzijskepreproge.si\/de\/wp-json\/wp\/v2\/product_cat?post=25673"},{"taxonomy":"product_tag","embeddable":true,"href":"https:\/\/www.perzijskepreproge.si\/de\/wp-json\/wp\/v2\/product_tag?post=25673"}],"curies":[{"name":"wp","href":"https:\/\/api.w.org\/{rel}","templated":true}]}}