{"id":25698,"date":"2024-11-07T16:09:33","date_gmt":"2024-11-07T15:09:33","guid":{"rendered":"https:\/\/www.perzijskepreproge.si\/izdelek\/perserteppich-perserteppich-najaf-abad\/"},"modified":"2026-04-13T13:23:20","modified_gmt":"2026-04-13T11:23:20","slug":"perserteppich-perserteppich-najaf-abad","status":"publish","type":"product","link":"https:\/\/www.perzijskepreproge.si\/de\/produkt\/perserteppich-perserteppich-najaf-abad\/","title":{"rendered":"Persischer Teppich \/ Persian carpet Najaf Abad"},"content":{"rendered":"<p data-start=\"237\" data-end=\"482\">Persische Teppiche aus <strong data-start=\"259\" data-end=\"273\">Najafabad<\/strong>, einer Stadt im Herzen Irans, sind wahre Juwelen orientalischer Kunst. Bekannt f\u00fcr ihre au\u00dfergew\u00f6hnliche Qualit\u00e4t, zeitlose Sch\u00f6nheit und handwerkliche Pr\u00e4zision, z\u00e4hlen sie zu den weltweit meistgesch\u00e4tzten traditionellen Teppichen. <\/p>\n<h4 data-start=\"484\" data-end=\"520\">\u00c4sthetik, die eine Geschichte erz\u00e4hlt<\/h4>\n<p data-start=\"522\" data-end=\"925\">Jeder Najafabad-Teppich ist mehr als nur ein dekoratives St\u00fcck \u2013 er ist ein <strong data-start=\"585\" data-end=\"603\">Kunstwerk<\/strong>, das jahrhundertealte Muster und Symbolik in sich tr\u00e4gt. Typische Motive sind reich verzierte Medaillons, florale Ornamente und symmetrische Muster, oft in warmen Rot-, Blau- und Beiget\u00f6nen. Dank ihrer <strong data-start=\"805\" data-end=\"831\">harmonischen Komposition<\/strong> und der feinen Farbbalance f\u00fcgen sie sich m\u00fchelos in klassische wie auch moderne Interieurs ein.  <\/p>\n<h4 data-start=\"927\" data-end=\"972\">Nat\u00fcrliche Materialien f\u00fcr Best\u00e4ndigkeit und W\u00e4rme<\/h4>\n<p data-start=\"974\" data-end=\"1339\">Ein echter Najafabad-Teppich ist <strong data-start=\"1005\" data-end=\"1051\">handgekn\u00fcpft aus 100 % nat\u00fcrlichen Materialien<\/strong> \u2013 meist aus reiner Wolle auf Baumwollkette. Die verwendete Wolle stammt aus lokaler Produktion und ist bekannt f\u00fcr ihre Weichheit, Widerstandsf\u00e4higkeit und ihren Glanz. Die Farbstoffe sind <strong data-start=\"1219\" data-end=\"1230\">nat\u00fcrlich<\/strong> \u2013 gewonnen aus Pflanzen, Wurzeln und Mineralien \u2013 was dem Teppich eine nat\u00fcrliche Patina und langanhaltende Farbbrillanz verleiht.  <\/p>\n<h4 data-start=\"1341\" data-end=\"1383\">Warum einen Teppich aus Najafabad w\u00e4hlen?<\/h4>\n<ul data-start=\"1385\" data-end=\"1664\">\n<li data-start=\"1385\" data-end=\"1459\">\n<p data-start=\"1387\" data-end=\"1459\"><strong data-start=\"1387\" data-end=\"1416\">Authentische Handarbeit<\/strong> mit mehreren Zehntausend Knoten pro m\u00b2<\/p>\n<\/li>\n<li data-start=\"1460\" data-end=\"1516\">\n<p data-start=\"1462\" data-end=\"1516\"><strong data-start=\"1462\" data-end=\"1483\">Nat\u00fcrliche Materialien<\/strong>, atmungsaktiv und umweltfreundlich<\/p>\n<\/li>\n<li data-start=\"1517\" data-end=\"1578\">\n<p data-start=\"1519\" data-end=\"1578\"><strong data-start=\"1519\" data-end=\"1551\">Elegante, symboltr\u00e4chtige Muster<\/strong>, die dem Raum Charakter verleihen<\/p>\n<\/li>\n<li data-start=\"1579\" data-end=\"1664\">\n<p data-start=\"1581\" data-end=\"1664\"><strong data-start=\"1581\" data-end=\"1607\">Lange Lebensdauer<\/strong> \u2013 Teppiche, die an die n\u00e4chsten Generationen weitergegeben werden k\u00f6nnen<\/p>\n<\/li>\n<\/ul>\n<p data-start=\"1666\" data-end=\"1866\">Najafabad-Teppiche sind nicht nur ein Einrichtungselement, sondern eine <strong data-start=\"1722\" data-end=\"1765\">Investition in Kultur, \u00c4sthetik und Qualit\u00e4t<\/strong>. Jeder Teppich hat seine eigene Seele \u2013 und vielleicht wartet genau der auf Sie, der seinen Platz in Ihrem Zuhause findet. <\/p>\n","protected":false},"excerpt":{"rendered":"<p>Reg.-Nr.: 1138<\/p>\n<p>Gr\u00f6\u00dfe \/ Size: 340 x 226 cm<\/p>\n<p>Material \/ Flor: Wolle<\/p>\n<p>Kette \/ Base: Baumwolle \/ cotton<\/p>\n<p>Farben \/ Colours: pflanzlich \/ plants<\/p>\n<p>Design \/ Design: floral \/ floral<\/p>\n<p>Herstellungstechnik \/ Weaving technique: handgekn\u00fcpfter Teppich \/ handmade pile carpet<\/p>\n<p>Kn\u00fcpfdichte \/ Knot density: 250.000\/m\u00b2<\/p>\n<p>Herkunft \/ Origin: Iran<\/p>\n<p>&nbsp;<\/p>\n","protected":false},"featured_media":24771,"template":"","meta":{"iawp_total_views":2},"product_brand":[],"product_cat":[338,305],"product_tag":[],"class_list":{"0":"post-25698","1":"product","2":"type-product","3":"status-publish","4":"has-post-thumbnail","6":"product_cat-grose-teppiche-de","7":"product_cat-klassische-teppiche","8":"pa_barva-osnovna-rot-burgunderrot","9":"pa_material-wolle","10":"pa_oblika-rechteckig","11":"pa_tip-preproge-klassisch-meisterlich","12":"pa_velikost-cca-350-x-250-de","14":"first","15":"instock","16":"sold-individually","17":"taxable","18":"shipping-taxable","19":"purchasable","20":"product-type-simple"},"yoast_head":"<!-- This site is optimized with the Yoast SEO plugin v27.3 - https:\/\/yoast.com\/product\/yoast-seo-wordpress\/ -->\n<title>Persischer Teppich \/ Persian carpet Najaf Abad - Perzijske preproge Farzad<\/title>\n<meta name=\"robots\" content=\"index, follow, max-snippet:-1, max-image-preview:large, max-video-preview:-1\" \/>\n<link rel=\"canonical\" href=\"https:\/\/www.perzijskepreproge.si\/de\/produkt\/perserteppich-perserteppich-najaf-abad\/\" \/>\n<meta property=\"og:locale\" content=\"de_DE\" \/>\n<meta property=\"og:type\" content=\"article\" \/>\n<meta property=\"og:title\" content=\"Persischer Teppich \/ Persian carpet Najaf Abad - Perzijske preproge Farzad\" \/>\n<meta property=\"og:description\" content=\"Reg.-Nr.: 1138 Gr\u00f6\u00dfe \/ Size: 340 x 226 cm Material \/ Flor: Wolle Kette \/ Base: Baumwolle \/ cotton Farben \/ Colours: pflanzlich \/ plants Design \/ Design: floral \/ floral Herstellungstechnik \/ Weaving technique: handgekn\u00fcpfter Teppich \/ handmade pile carpet Kn\u00fcpfdichte \/ Knot density: 250.000\/m\u00b2 Herkunft \/ Origin: Iran &nbsp;\" \/>\n<meta property=\"og:url\" content=\"https:\/\/www.perzijskepreproge.si\/de\/produkt\/perserteppich-perserteppich-najaf-abad\/\" \/>\n<meta property=\"og:site_name\" content=\"Perzijske preproge Farzad\" \/>\n<meta property=\"article:modified_time\" content=\"2026-04-13T11:23:20+00:00\" \/>\n<meta property=\"og:image\" content=\"https:\/\/www.perzijskepreproge.si\/wp-content\/uploads\/2024\/11\/IMG_1305jpg.webp\" \/>\n\t<meta property=\"og:image:width\" content=\"1200\" \/>\n\t<meta property=\"og:image:height\" content=\"900\" \/>\n\t<meta property=\"og:image:type\" content=\"image\/jpeg\" \/>\n<meta name=\"twitter:card\" content=\"summary_large_image\" \/>\n<meta name=\"twitter:label1\" content=\"Gesch\u00e4tzte Lesezeit\" \/>\n\t<meta name=\"twitter:data1\" content=\"1\u00a0Minute\" \/>\n<script type=\"application\/ld+json\" class=\"yoast-schema-graph\">{\"@context\":\"https:\\\/\\\/schema.org\",\"@graph\":[{\"@type\":\"WebPage\",\"@id\":\"https:\\\/\\\/www.perzijskepreproge.si\\\/de\\\/produkt\\\/perserteppich-perserteppich-najaf-abad\\\/\",\"url\":\"https:\\\/\\\/www.perzijskepreproge.si\\\/de\\\/produkt\\\/perserteppich-perserteppich-najaf-abad\\\/\",\"name\":\"Persischer Teppich \\\/ Persian carpet Najaf Abad - Perzijske preproge Farzad\",\"isPartOf\":{\"@id\":\"https:\\\/\\\/www.perzijskepreproge.si\\\/de\\\/#website\"},\"primaryImageOfPage\":{\"@id\":\"https:\\\/\\\/www.perzijskepreproge.si\\\/de\\\/produkt\\\/perserteppich-perserteppich-najaf-abad\\\/#primaryimage\"},\"image\":{\"@id\":\"https:\\\/\\\/www.perzijskepreproge.si\\\/de\\\/produkt\\\/perserteppich-perserteppich-najaf-abad\\\/#primaryimage\"},\"thumbnailUrl\":\"https:\\\/\\\/www.perzijskepreproge.si\\\/wp-content\\\/uploads\\\/2024\\\/11\\\/IMG_1305jpg.jpg\",\"datePublished\":\"2024-11-07T15:09:33+00:00\",\"dateModified\":\"2026-04-13T11:23:20+00:00\",\"breadcrumb\":{\"@id\":\"https:\\\/\\\/www.perzijskepreproge.si\\\/de\\\/produkt\\\/perserteppich-perserteppich-najaf-abad\\\/#breadcrumb\"},\"inLanguage\":\"de\",\"potentialAction\":[{\"@type\":\"ReadAction\",\"target\":[\"https:\\\/\\\/www.perzijskepreproge.si\\\/de\\\/produkt\\\/perserteppich-perserteppich-najaf-abad\\\/\"]}]},{\"@type\":\"ImageObject\",\"inLanguage\":\"de\",\"@id\":\"https:\\\/\\\/www.perzijskepreproge.si\\\/de\\\/produkt\\\/perserteppich-perserteppich-najaf-abad\\\/#primaryimage\",\"url\":\"https:\\\/\\\/www.perzijskepreproge.si\\\/wp-content\\\/uploads\\\/2024\\\/11\\\/IMG_1305jpg.jpg\",\"contentUrl\":\"https:\\\/\\\/www.perzijskepreproge.si\\\/wp-content\\\/uploads\\\/2024\\\/11\\\/IMG_1305jpg.jpg\",\"width\":1200,\"height\":900},{\"@type\":\"BreadcrumbList\",\"@id\":\"https:\\\/\\\/www.perzijskepreproge.si\\\/de\\\/produkt\\\/perserteppich-perserteppich-najaf-abad\\\/#breadcrumb\",\"itemListElement\":[{\"@type\":\"ListItem\",\"position\":1,\"name\":\"Heim\",\"item\":\"https:\\\/\\\/www.perzijskepreproge.si\\\/de\\\/perserteppiche-farzad\\\/\"},{\"@type\":\"ListItem\",\"position\":2,\"name\":\"Shop\",\"item\":\"https:\\\/\\\/www.perzijskepreproge.si\\\/de\\\/shop\\\/\"},{\"@type\":\"ListItem\",\"position\":3,\"name\":\"Persischer Teppich \\\/ Persian carpet Najaf Abad\"}]},{\"@type\":\"WebSite\",\"@id\":\"https:\\\/\\\/www.perzijskepreproge.si\\\/de\\\/#website\",\"url\":\"https:\\\/\\\/www.perzijskepreproge.si\\\/de\\\/\",\"name\":\"Perzijske preproge Farzad\",\"description\":\"Perzijske preproge,  preprog in \u010di\u0161\u010denje preprog\",\"potentialAction\":[{\"@type\":\"SearchAction\",\"target\":{\"@type\":\"EntryPoint\",\"urlTemplate\":\"https:\\\/\\\/www.perzijskepreproge.si\\\/de\\\/?s={search_term_string}\"},\"query-input\":{\"@type\":\"PropertyValueSpecification\",\"valueRequired\":true,\"valueName\":\"search_term_string\"}}],\"inLanguage\":\"de\"}]}<\/script>\n<!-- \/ Yoast SEO plugin. -->","yoast_head_json":{"title":"Persischer Teppich \/ Persian carpet Najaf Abad - Perzijske preproge Farzad","robots":{"index":"index","follow":"follow","max-snippet":"max-snippet:-1","max-image-preview":"max-image-preview:large","max-video-preview":"max-video-preview:-1"},"canonical":"https:\/\/www.perzijskepreproge.si\/de\/produkt\/perserteppich-perserteppich-najaf-abad\/","og_locale":"de_DE","og_type":"article","og_title":"Persischer Teppich \/ Persian carpet Najaf Abad - Perzijske preproge Farzad","og_description":"Reg.-Nr.: 1138 Gr\u00f6\u00dfe \/ Size: 340 x 226 cm Material \/ Flor: Wolle Kette \/ Base: Baumwolle \/ cotton Farben \/ Colours: pflanzlich \/ plants Design \/ Design: floral \/ floral Herstellungstechnik \/ Weaving technique: handgekn\u00fcpfter Teppich \/ handmade pile carpet Kn\u00fcpfdichte \/ Knot density: 250.000\/m\u00b2 Herkunft \/ Origin: Iran &nbsp;","og_url":"https:\/\/www.perzijskepreproge.si\/de\/produkt\/perserteppich-perserteppich-najaf-abad\/","og_site_name":"Perzijske preproge Farzad","article_modified_time":"2026-04-13T11:23:20+00:00","og_image":[{"width":1200,"height":900,"url":"https:\/\/www.perzijskepreproge.si\/wp-content\/uploads\/2024\/11\/IMG_1305jpg.webp","type":"image\/jpeg"}],"twitter_card":"summary_large_image","twitter_misc":{"Gesch\u00e4tzte Lesezeit":"1\u00a0Minute"},"schema":{"@context":"https:\/\/schema.org","@graph":[{"@type":"WebPage","@id":"https:\/\/www.perzijskepreproge.si\/de\/produkt\/perserteppich-perserteppich-najaf-abad\/","url":"https:\/\/www.perzijskepreproge.si\/de\/produkt\/perserteppich-perserteppich-najaf-abad\/","name":"Persischer Teppich \/ Persian carpet Najaf Abad - Perzijske preproge Farzad","isPartOf":{"@id":"https:\/\/www.perzijskepreproge.si\/de\/#website"},"primaryImageOfPage":{"@id":"https:\/\/www.perzijskepreproge.si\/de\/produkt\/perserteppich-perserteppich-najaf-abad\/#primaryimage"},"image":{"@id":"https:\/\/www.perzijskepreproge.si\/de\/produkt\/perserteppich-perserteppich-najaf-abad\/#primaryimage"},"thumbnailUrl":"https:\/\/www.perzijskepreproge.si\/wp-content\/uploads\/2024\/11\/IMG_1305jpg.jpg","datePublished":"2024-11-07T15:09:33+00:00","dateModified":"2026-04-13T11:23:20+00:00","breadcrumb":{"@id":"https:\/\/www.perzijskepreproge.si\/de\/produkt\/perserteppich-perserteppich-najaf-abad\/#breadcrumb"},"inLanguage":"de","potentialAction":[{"@type":"ReadAction","target":["https:\/\/www.perzijskepreproge.si\/de\/produkt\/perserteppich-perserteppich-najaf-abad\/"]}]},{"@type":"ImageObject","inLanguage":"de","@id":"https:\/\/www.perzijskepreproge.si\/de\/produkt\/perserteppich-perserteppich-najaf-abad\/#primaryimage","url":"https:\/\/www.perzijskepreproge.si\/wp-content\/uploads\/2024\/11\/IMG_1305jpg.jpg","contentUrl":"https:\/\/www.perzijskepreproge.si\/wp-content\/uploads\/2024\/11\/IMG_1305jpg.jpg","width":1200,"height":900},{"@type":"BreadcrumbList","@id":"https:\/\/www.perzijskepreproge.si\/de\/produkt\/perserteppich-perserteppich-najaf-abad\/#breadcrumb","itemListElement":[{"@type":"ListItem","position":1,"name":"Heim","item":"https:\/\/www.perzijskepreproge.si\/de\/perserteppiche-farzad\/"},{"@type":"ListItem","position":2,"name":"Shop","item":"https:\/\/www.perzijskepreproge.si\/de\/shop\/"},{"@type":"ListItem","position":3,"name":"Persischer Teppich \/ Persian carpet Najaf Abad"}]},{"@type":"WebSite","@id":"https:\/\/www.perzijskepreproge.si\/de\/#website","url":"https:\/\/www.perzijskepreproge.si\/de\/","name":"Perzijske preproge Farzad","description":"Perzijske preproge,  preprog in \u010di\u0161\u010denje preprog","potentialAction":[{"@type":"SearchAction","target":{"@type":"EntryPoint","urlTemplate":"https:\/\/www.perzijskepreproge.si\/de\/?s={search_term_string}"},"query-input":{"@type":"PropertyValueSpecification","valueRequired":true,"valueName":"search_term_string"}}],"inLanguage":"de"}]}},"_links":{"self":[{"href":"https:\/\/www.perzijskepreproge.si\/de\/wp-json\/wp\/v2\/product\/25698","targetHints":{"allow":["GET"]}}],"collection":[{"href":"https:\/\/www.perzijskepreproge.si\/de\/wp-json\/wp\/v2\/product"}],"about":[{"href":"https:\/\/www.perzijskepreproge.si\/de\/wp-json\/wp\/v2\/types\/product"}],"version-history":[{"count":1,"href":"https:\/\/www.perzijskepreproge.si\/de\/wp-json\/wp\/v2\/product\/25698\/revisions"}],"predecessor-version":[{"id":29545,"href":"https:\/\/www.perzijskepreproge.si\/de\/wp-json\/wp\/v2\/product\/25698\/revisions\/29545"}],"wp:featuredmedia":[{"embeddable":true,"href":"https:\/\/www.perzijskepreproge.si\/de\/wp-json\/wp\/v2\/media\/24771"}],"wp:attachment":[{"href":"https:\/\/www.perzijskepreproge.si\/de\/wp-json\/wp\/v2\/media?parent=25698"}],"wp:term":[{"taxonomy":"product_brand","embeddable":true,"href":"https:\/\/www.perzijskepreproge.si\/de\/wp-json\/wp\/v2\/product_brand?post=25698"},{"taxonomy":"product_cat","embeddable":true,"href":"https:\/\/www.perzijskepreproge.si\/de\/wp-json\/wp\/v2\/product_cat?post=25698"},{"taxonomy":"product_tag","embeddable":true,"href":"https:\/\/www.perzijskepreproge.si\/de\/wp-json\/wp\/v2\/product_tag?post=25698"}],"curies":[{"name":"wp","href":"https:\/\/api.w.org\/{rel}","templated":true}]}}