{"id":25711,"date":"2024-11-05T16:30:50","date_gmt":"2024-11-05T15:30:50","guid":{"rendered":"https:\/\/www.perzijskepreproge.si\/izdelek\/ziegler-perserteppich-ziegler-perserteppich\/"},"modified":"2026-04-13T13:23:02","modified_gmt":"2026-04-13T11:23:02","slug":"ziegler-perserteppich-ziegler-perserteppich","status":"publish","type":"product","link":"https:\/\/www.perzijskepreproge.si\/de\/produkt\/ziegler-perserteppich-ziegler-perserteppich\/","title":{"rendered":"Persischer Ziegler-Teppich \/ Persian carpet Ziegler"},"content":{"rendered":"<p data-start=\"0\" data-end=\"387\">Der auf dem Foto abgebildete Teppich ist ein wundersch\u00f6nes Beispiel f\u00fcr <strong data-start=\"57\" data-end=\"95\">einen persischen Teppich im Ziegler-Stil<\/strong>, bekannt f\u00fcr seine harmonische Komposition, reiche Farbpalette und zeitlose \u00e4sthetische Ausgewogenheit. Es handelt sich um einen handgekn\u00fcpften Teppich aus <strong data-start=\"229\" data-end=\"249\">feinster Wolle<\/strong>, die ihm eine samtige Oberfl\u00e4che und eine weiche, aber dennoch strapazierf\u00e4hige Struktur verleiht, die f\u00fcr den t\u00e4glichen Gebrauch geeignet ist und gleichzeitig einen raffinierten k\u00fcnstlerischen Charakter besitzt. <\/p>\n<p data-start=\"389\" data-end=\"798\">Der Ziegler-Stil entstand im sp\u00e4ten 19. Jahrhundert, als europ\u00e4ische Auftraggeber persische Teppiche w\u00fcnschten, die dem westlichen Geschmack angepasst waren \u2013 etwas ged\u00e4mpfter, mit \u201eoffeneren\u201c Kompositionen und weicheren Kontrasten. Doch dieses Exemplar weicht vom puristischen Minimalismus des klassischen Ziegler ab: Der reichhaltige rote Hintergrund, akzentuiert mit goldenen und blauen T\u00f6nen, erzeugt einen Eindruck von Luxus, der dennoch elegant und ausgewogen bleibt.  <\/p>\n<p data-start=\"800\" data-end=\"1211\">Im Zentrum des Teppichs entfaltet sich ein pr\u00e4chtiges <strong data-start=\"846\" data-end=\"868\">Medaillonmuster<\/strong>, umrahmt von Arabesken und floralen Motiven, die sich zu den R\u00e4ndern hin ausbreiten. Das charakteristische Ziegler-Design zeigt sich in der Art und Weise, wie sich das Muster \u201e\u00f6ffnet\u201c, was trotz der reichen Ornamentik eine gr\u00f6\u00dfere Luftigkeit und geringere visuelle S\u00e4ttigung erm\u00f6glicht. Der Randstreifen mit seinen geometrisch-stilisierten Zypressen oder Lebensb\u00e4umen verleiht zus\u00e4tzliche symbolische Tiefe.  <\/p>\n<p data-start=\"1213\" data-end=\"1760\" data-is-last-node=\"\" data-is-only-node=\"\">Dieser Teppich wirkt wie ein Kunstobjekt mit einer Geschichte \u2013 unaufdringlich, aber pr\u00e4sent, verleiht er dem Raum Charakter, W\u00e4rme und eine subtile orientalische Noblesse. In einem klassischen Ambiente wird er zu einem integralen Bestandteil der Tradition, w\u00e4hrend er in einem modernen Raum einen spannenden Kontrapunkt bilden kann \u2013 einen warmen, erdigen Akzent, der die K\u00fchle moderner Linien und Materialien ausgleicht. Ziegler-Teppiche wie dieser sind daher sowohl bei Kennern als auch bei Innenarchitekten \u00e4u\u00dferst beliebt, da sie uralte Handwerkskunst mit einem Gesp\u00fcr f\u00fcr modernen Geschmack verbinden.  <\/p>\n","protected":false},"excerpt":{"rendered":"<p>Reg.-Nr.: 1072<\/p>\n<p>Gr\u00f6\u00dfe: 410 x 300 cm<\/p>\n<p>Material \/ Flor: Wolle<\/p>\n<p>Kette \/ Base: Baumwolle \/ cotton<\/p>\n<p>Farben \/ Colours: pflanzlich \/ plants<\/p>\n<p>Design \/ Design: floral \/ floral<\/p>\n<p>Herstellungstechnik \/ Weaving technique: handgekn\u00fcpfter Teppich \/ handmade pile carpet<\/p>\n<p>Kn\u00fcpfdichte: 250.000 m\/2<\/p>\n<p>Herkunft \/ Origin: Iran<\/p>\n<p>&nbsp;<\/p>\n","protected":false},"featured_media":24692,"template":"","meta":{"iawp_total_views":1},"product_brand":[],"product_cat":[338,305],"product_tag":[],"class_list":{"0":"post-25711","1":"product","2":"type-product","3":"status-publish","4":"has-post-thumbnail","6":"product_cat-grose-teppiche-de","7":"product_cat-klassische-teppiche","8":"pa_barva-osnovna-orange-kurkuma","9":"pa_barva-osnovna-rot-burgunderrot","10":"pa_material-wolle","11":"pa_oblika-rechteckig","12":"pa_tip-preproge-klassisch-meisterlich","13":"pa_velikost-cca-400-x-300-de","15":"first","16":"instock","17":"sold-individually","18":"taxable","19":"shipping-taxable","20":"purchasable","21":"product-type-simple"},"yoast_head":"<!-- This site is optimized with the Yoast SEO plugin v27.3 - https:\/\/yoast.com\/product\/yoast-seo-wordpress\/ -->\n<title>Persischer Ziegler-Teppich \/ Persian carpet Ziegler - Perzijske preproge Farzad<\/title>\n<meta name=\"robots\" content=\"index, follow, max-snippet:-1, max-image-preview:large, max-video-preview:-1\" \/>\n<link rel=\"canonical\" href=\"https:\/\/www.perzijskepreproge.si\/de\/produkt\/ziegler-perserteppich-ziegler-perserteppich\/\" \/>\n<meta property=\"og:locale\" content=\"de_DE\" \/>\n<meta property=\"og:type\" content=\"article\" \/>\n<meta property=\"og:title\" content=\"Persischer Ziegler-Teppich \/ Persian carpet Ziegler - Perzijske preproge Farzad\" \/>\n<meta property=\"og:description\" content=\"Reg.-Nr.: 1072 Gr\u00f6\u00dfe: 410 x 300 cm Material \/ Flor: Wolle Kette \/ Base: Baumwolle \/ cotton Farben \/ Colours: pflanzlich \/ plants Design \/ Design: floral \/ floral Herstellungstechnik \/ Weaving technique: handgekn\u00fcpfter Teppich \/ handmade pile carpet Kn\u00fcpfdichte: 250.000 m\/2 Herkunft \/ Origin: Iran &nbsp;\" \/>\n<meta property=\"og:url\" content=\"https:\/\/www.perzijskepreproge.si\/de\/produkt\/ziegler-perserteppich-ziegler-perserteppich\/\" \/>\n<meta property=\"og:site_name\" content=\"Perzijske preproge Farzad\" \/>\n<meta property=\"article:modified_time\" content=\"2026-04-13T11:23:02+00:00\" \/>\n<meta property=\"og:image\" content=\"https:\/\/www.perzijskepreproge.si\/wp-content\/uploads\/2024\/11\/IMG_1180jpg.webp\" \/>\n\t<meta property=\"og:image:width\" content=\"739\" \/>\n\t<meta property=\"og:image:height\" content=\"900\" \/>\n\t<meta property=\"og:image:type\" content=\"image\/jpeg\" \/>\n<meta name=\"twitter:card\" content=\"summary_large_image\" \/>\n<meta name=\"twitter:label1\" content=\"Gesch\u00e4tzte Lesezeit\" \/>\n\t<meta name=\"twitter:data1\" content=\"1\u00a0Minute\" \/>\n<script type=\"application\/ld+json\" class=\"yoast-schema-graph\">{\"@context\":\"https:\\\/\\\/schema.org\",\"@graph\":[{\"@type\":\"WebPage\",\"@id\":\"https:\\\/\\\/www.perzijskepreproge.si\\\/de\\\/produkt\\\/ziegler-perserteppich-ziegler-perserteppich\\\/\",\"url\":\"https:\\\/\\\/www.perzijskepreproge.si\\\/de\\\/produkt\\\/ziegler-perserteppich-ziegler-perserteppich\\\/\",\"name\":\"Persischer Ziegler-Teppich \\\/ Persian carpet Ziegler - Perzijske preproge Farzad\",\"isPartOf\":{\"@id\":\"https:\\\/\\\/www.perzijskepreproge.si\\\/de\\\/#website\"},\"primaryImageOfPage\":{\"@id\":\"https:\\\/\\\/www.perzijskepreproge.si\\\/de\\\/produkt\\\/ziegler-perserteppich-ziegler-perserteppich\\\/#primaryimage\"},\"image\":{\"@id\":\"https:\\\/\\\/www.perzijskepreproge.si\\\/de\\\/produkt\\\/ziegler-perserteppich-ziegler-perserteppich\\\/#primaryimage\"},\"thumbnailUrl\":\"https:\\\/\\\/www.perzijskepreproge.si\\\/wp-content\\\/uploads\\\/2024\\\/11\\\/IMG_1180jpg.jpg\",\"datePublished\":\"2024-11-05T15:30:50+00:00\",\"dateModified\":\"2026-04-13T11:23:02+00:00\",\"breadcrumb\":{\"@id\":\"https:\\\/\\\/www.perzijskepreproge.si\\\/de\\\/produkt\\\/ziegler-perserteppich-ziegler-perserteppich\\\/#breadcrumb\"},\"inLanguage\":\"de\",\"potentialAction\":[{\"@type\":\"ReadAction\",\"target\":[\"https:\\\/\\\/www.perzijskepreproge.si\\\/de\\\/produkt\\\/ziegler-perserteppich-ziegler-perserteppich\\\/\"]}]},{\"@type\":\"ImageObject\",\"inLanguage\":\"de\",\"@id\":\"https:\\\/\\\/www.perzijskepreproge.si\\\/de\\\/produkt\\\/ziegler-perserteppich-ziegler-perserteppich\\\/#primaryimage\",\"url\":\"https:\\\/\\\/www.perzijskepreproge.si\\\/wp-content\\\/uploads\\\/2024\\\/11\\\/IMG_1180jpg.jpg\",\"contentUrl\":\"https:\\\/\\\/www.perzijskepreproge.si\\\/wp-content\\\/uploads\\\/2024\\\/11\\\/IMG_1180jpg.jpg\",\"width\":739,\"height\":900},{\"@type\":\"BreadcrumbList\",\"@id\":\"https:\\\/\\\/www.perzijskepreproge.si\\\/de\\\/produkt\\\/ziegler-perserteppich-ziegler-perserteppich\\\/#breadcrumb\",\"itemListElement\":[{\"@type\":\"ListItem\",\"position\":1,\"name\":\"Heim\",\"item\":\"https:\\\/\\\/www.perzijskepreproge.si\\\/de\\\/perserteppiche-farzad\\\/\"},{\"@type\":\"ListItem\",\"position\":2,\"name\":\"Shop\",\"item\":\"https:\\\/\\\/www.perzijskepreproge.si\\\/de\\\/shop\\\/\"},{\"@type\":\"ListItem\",\"position\":3,\"name\":\"Persischer Ziegler-Teppich \\\/ Persian carpet Ziegler\"}]},{\"@type\":\"WebSite\",\"@id\":\"https:\\\/\\\/www.perzijskepreproge.si\\\/de\\\/#website\",\"url\":\"https:\\\/\\\/www.perzijskepreproge.si\\\/de\\\/\",\"name\":\"Perzijske preproge Farzad\",\"description\":\"Perzijske preproge,  preprog in \u010di\u0161\u010denje preprog\",\"potentialAction\":[{\"@type\":\"SearchAction\",\"target\":{\"@type\":\"EntryPoint\",\"urlTemplate\":\"https:\\\/\\\/www.perzijskepreproge.si\\\/de\\\/?s={search_term_string}\"},\"query-input\":{\"@type\":\"PropertyValueSpecification\",\"valueRequired\":true,\"valueName\":\"search_term_string\"}}],\"inLanguage\":\"de\"}]}<\/script>\n<!-- \/ Yoast SEO plugin. -->","yoast_head_json":{"title":"Persischer Ziegler-Teppich \/ Persian carpet Ziegler - Perzijske preproge Farzad","robots":{"index":"index","follow":"follow","max-snippet":"max-snippet:-1","max-image-preview":"max-image-preview:large","max-video-preview":"max-video-preview:-1"},"canonical":"https:\/\/www.perzijskepreproge.si\/de\/produkt\/ziegler-perserteppich-ziegler-perserteppich\/","og_locale":"de_DE","og_type":"article","og_title":"Persischer Ziegler-Teppich \/ Persian carpet Ziegler - Perzijske preproge Farzad","og_description":"Reg.-Nr.: 1072 Gr\u00f6\u00dfe: 410 x 300 cm Material \/ Flor: Wolle Kette \/ Base: Baumwolle \/ cotton Farben \/ Colours: pflanzlich \/ plants Design \/ Design: floral \/ floral Herstellungstechnik \/ Weaving technique: handgekn\u00fcpfter Teppich \/ handmade pile carpet Kn\u00fcpfdichte: 250.000 m\/2 Herkunft \/ Origin: Iran &nbsp;","og_url":"https:\/\/www.perzijskepreproge.si\/de\/produkt\/ziegler-perserteppich-ziegler-perserteppich\/","og_site_name":"Perzijske preproge Farzad","article_modified_time":"2026-04-13T11:23:02+00:00","og_image":[{"width":739,"height":900,"url":"https:\/\/www.perzijskepreproge.si\/wp-content\/uploads\/2024\/11\/IMG_1180jpg.webp","type":"image\/jpeg"}],"twitter_card":"summary_large_image","twitter_misc":{"Gesch\u00e4tzte Lesezeit":"1\u00a0Minute"},"schema":{"@context":"https:\/\/schema.org","@graph":[{"@type":"WebPage","@id":"https:\/\/www.perzijskepreproge.si\/de\/produkt\/ziegler-perserteppich-ziegler-perserteppich\/","url":"https:\/\/www.perzijskepreproge.si\/de\/produkt\/ziegler-perserteppich-ziegler-perserteppich\/","name":"Persischer Ziegler-Teppich \/ Persian carpet Ziegler - Perzijske preproge Farzad","isPartOf":{"@id":"https:\/\/www.perzijskepreproge.si\/de\/#website"},"primaryImageOfPage":{"@id":"https:\/\/www.perzijskepreproge.si\/de\/produkt\/ziegler-perserteppich-ziegler-perserteppich\/#primaryimage"},"image":{"@id":"https:\/\/www.perzijskepreproge.si\/de\/produkt\/ziegler-perserteppich-ziegler-perserteppich\/#primaryimage"},"thumbnailUrl":"https:\/\/www.perzijskepreproge.si\/wp-content\/uploads\/2024\/11\/IMG_1180jpg.jpg","datePublished":"2024-11-05T15:30:50+00:00","dateModified":"2026-04-13T11:23:02+00:00","breadcrumb":{"@id":"https:\/\/www.perzijskepreproge.si\/de\/produkt\/ziegler-perserteppich-ziegler-perserteppich\/#breadcrumb"},"inLanguage":"de","potentialAction":[{"@type":"ReadAction","target":["https:\/\/www.perzijskepreproge.si\/de\/produkt\/ziegler-perserteppich-ziegler-perserteppich\/"]}]},{"@type":"ImageObject","inLanguage":"de","@id":"https:\/\/www.perzijskepreproge.si\/de\/produkt\/ziegler-perserteppich-ziegler-perserteppich\/#primaryimage","url":"https:\/\/www.perzijskepreproge.si\/wp-content\/uploads\/2024\/11\/IMG_1180jpg.jpg","contentUrl":"https:\/\/www.perzijskepreproge.si\/wp-content\/uploads\/2024\/11\/IMG_1180jpg.jpg","width":739,"height":900},{"@type":"BreadcrumbList","@id":"https:\/\/www.perzijskepreproge.si\/de\/produkt\/ziegler-perserteppich-ziegler-perserteppich\/#breadcrumb","itemListElement":[{"@type":"ListItem","position":1,"name":"Heim","item":"https:\/\/www.perzijskepreproge.si\/de\/perserteppiche-farzad\/"},{"@type":"ListItem","position":2,"name":"Shop","item":"https:\/\/www.perzijskepreproge.si\/de\/shop\/"},{"@type":"ListItem","position":3,"name":"Persischer Ziegler-Teppich \/ Persian carpet Ziegler"}]},{"@type":"WebSite","@id":"https:\/\/www.perzijskepreproge.si\/de\/#website","url":"https:\/\/www.perzijskepreproge.si\/de\/","name":"Perzijske preproge Farzad","description":"Perzijske preproge,  preprog in \u010di\u0161\u010denje preprog","potentialAction":[{"@type":"SearchAction","target":{"@type":"EntryPoint","urlTemplate":"https:\/\/www.perzijskepreproge.si\/de\/?s={search_term_string}"},"query-input":{"@type":"PropertyValueSpecification","valueRequired":true,"valueName":"search_term_string"}}],"inLanguage":"de"}]}},"_links":{"self":[{"href":"https:\/\/www.perzijskepreproge.si\/de\/wp-json\/wp\/v2\/product\/25711","targetHints":{"allow":["GET"]}}],"collection":[{"href":"https:\/\/www.perzijskepreproge.si\/de\/wp-json\/wp\/v2\/product"}],"about":[{"href":"https:\/\/www.perzijskepreproge.si\/de\/wp-json\/wp\/v2\/types\/product"}],"version-history":[{"count":1,"href":"https:\/\/www.perzijskepreproge.si\/de\/wp-json\/wp\/v2\/product\/25711\/revisions"}],"predecessor-version":[{"id":29539,"href":"https:\/\/www.perzijskepreproge.si\/de\/wp-json\/wp\/v2\/product\/25711\/revisions\/29539"}],"wp:featuredmedia":[{"embeddable":true,"href":"https:\/\/www.perzijskepreproge.si\/de\/wp-json\/wp\/v2\/media\/24692"}],"wp:attachment":[{"href":"https:\/\/www.perzijskepreproge.si\/de\/wp-json\/wp\/v2\/media?parent=25711"}],"wp:term":[{"taxonomy":"product_brand","embeddable":true,"href":"https:\/\/www.perzijskepreproge.si\/de\/wp-json\/wp\/v2\/product_brand?post=25711"},{"taxonomy":"product_cat","embeddable":true,"href":"https:\/\/www.perzijskepreproge.si\/de\/wp-json\/wp\/v2\/product_cat?post=25711"},{"taxonomy":"product_tag","embeddable":true,"href":"https:\/\/www.perzijskepreproge.si\/de\/wp-json\/wp\/v2\/product_tag?post=25711"}],"curies":[{"name":"wp","href":"https:\/\/api.w.org\/{rel}","templated":true}]}}