{"id":25714,"date":"2024-11-05T16:48:30","date_gmt":"2024-11-05T15:48:30","guid":{"rendered":"https:\/\/www.perzijskepreproge.si\/izdelek\/perserteppich-bidjar-perserteppich-bidjar-2\/"},"modified":"2026-04-13T13:21:12","modified_gmt":"2026-04-13T11:21:12","slug":"perserteppich-bidjar-perserteppich-bidjar-2","status":"publish","type":"product","link":"https:\/\/www.perzijskepreproge.si\/de\/produkt\/perserteppich-bidjar-perserteppich-bidjar-2\/","title":{"rendered":"Perserteppich Bidschar \/ Persian carpet Bidjar"},"content":{"rendered":"<p data-start=\"228\" data-end=\"528\">Perserteppiche aus der Stadt Bidschar (Bijar), auch bekannt als die \u201eeiserne Stadt Irans\u201c, gelten als einige der strapazierf\u00e4higsten und hochwertigsten handgekn\u00fcpften Teppiche der Welt. Ihre au\u00dfergew\u00f6hnliche Dichte und pr\u00e4zise Verarbeitung sorgen f\u00fcr eine extreme Langlebigkeit, weshalb sie oft an kommende Generationen weitervererbt werden. <\/p>\n<p data-start=\"530\" data-end=\"940\">\u00c4sthetisch zeichnen sich Bidschar-Teppiche durch raffinierte, oft symmetrische Muster mit reicher Ornamentik aus. Traditionelle Motive (wie Medaillons, florale Arabesken und geometrische Formen) verflechten sich mit ausgewogenen Farbkombinationen. Es dominieren warme Rot-, Dunkelblau- und Beiget\u00f6ne, doch immer h\u00e4ufiger finden sich auch Exemplare in weicheren, k\u00fchlen Nuancen \u2013 auch in leicht bl\u00e4ulichen T\u00f6nen, wie von Ihnen erw\u00e4hnt.  <\/p>\n<p data-start=\"942\" data-end=\"1275\">Alle authentischen Bidschar-Teppiche werden aus <strong data-start=\"985\" data-end=\"1014\">100 % nat\u00fcrlichen Materialien<\/strong> gefertigt \u2013 Wolle h\u00f6chster Qualit\u00e4t, oft von lokalen Schafsrassen, und manchmal mit Seidenanteil f\u00fcr zus\u00e4tzliche Raffinesse. Die Farben werden nat\u00fcrlich aus Pflanzen, Wurzeln und Mineralien gewonnen, was ihnen eine au\u00dfergew\u00f6hnliche Tiefe und Subtilit\u00e4t verleiht, die mit k\u00fcnstlichen Farbstoffen nicht erreichbar ist. <\/p>\n<p data-start=\"1277\" data-end=\"1453\">Neben der besonderen \u00c4sthetik sorgen die nat\u00fcrlichen Materialien daf\u00fcr, dass der Teppich \u201eatmet\u201c \u2013 das bedeutet, dass er keine unangenehmen Ger\u00fcche speichert, sich angenehm anf\u00fchlt und gesund f\u00fcr das Wohnklima ist.<\/p>\n","protected":false},"excerpt":{"rendered":"<p>Reg.-Nr.: 1041<\/p>\n<p>Gr\u00f6\u00dfe \/ Size: 345 x 250 cm<\/p>\n<p>Material \/ Flor: Wolle<\/p>\n<p>Kette \/ Base: Baumwolle \/ cotton<\/p>\n<p>Farben \/ Colours: pflanzlich \/ plants<\/p>\n<p>Design \/ Design: floral \/ floral<\/p>\n<p>Herstellungstechnik \/ Weaving technique: handgekn\u00fcpfter Teppich \/ handmade pile carpet<\/p>\n<p>Kn\u00fcpfdichte \/ Knot density: 250.000 m\/2<\/p>\n<p>Herkunft \/ Origin: Iran<\/p>\n<p>&nbsp;<\/p>\n","protected":false},"featured_media":24705,"template":"","meta":{"iawp_total_views":1},"product_brand":[],"product_cat":[338,305],"product_tag":[],"class_list":{"0":"post-25714","1":"product","2":"type-product","3":"status-publish","4":"has-post-thumbnail","6":"product_cat-grose-teppiche-de","7":"product_cat-klassische-teppiche","8":"pa_barva-osnovna-blau-indigo","9":"pa_material-wolle","10":"pa_oblika-rechteckig","11":"pa_tip-preproge-klassisch-meisterlich","12":"pa_velikost-cca-350-x-250-de","14":"first","15":"instock","16":"sold-individually","17":"taxable","18":"shipping-taxable","19":"purchasable","20":"product-type-simple"},"yoast_head":"<!-- This site is optimized with the Yoast SEO plugin v27.3 - https:\/\/yoast.com\/product\/yoast-seo-wordpress\/ -->\n<title>Perserteppich Bidschar \/ Persian carpet Bidjar - Perzijske preproge Farzad<\/title>\n<meta name=\"robots\" content=\"index, follow, max-snippet:-1, max-image-preview:large, max-video-preview:-1\" \/>\n<link rel=\"canonical\" href=\"https:\/\/www.perzijskepreproge.si\/de\/produkt\/perserteppich-bidjar-perserteppich-bidjar-2\/\" \/>\n<meta property=\"og:locale\" content=\"de_DE\" \/>\n<meta property=\"og:type\" content=\"article\" \/>\n<meta property=\"og:title\" content=\"Perserteppich Bidschar \/ Persian carpet Bidjar - Perzijske preproge Farzad\" \/>\n<meta property=\"og:description\" content=\"Reg.-Nr.: 1041 Gr\u00f6\u00dfe \/ Size: 345 x 250 cm Material \/ Flor: Wolle Kette \/ Base: Baumwolle \/ cotton Farben \/ Colours: pflanzlich \/ plants Design \/ Design: floral \/ floral Herstellungstechnik \/ Weaving technique: handgekn\u00fcpfter Teppich \/ handmade pile carpet Kn\u00fcpfdichte \/ Knot density: 250.000 m\/2 Herkunft \/ Origin: Iran &nbsp;\" \/>\n<meta property=\"og:url\" content=\"https:\/\/www.perzijskepreproge.si\/de\/produkt\/perserteppich-bidjar-perserteppich-bidjar-2\/\" \/>\n<meta property=\"og:site_name\" content=\"Perzijske preproge Farzad\" \/>\n<meta property=\"article:modified_time\" content=\"2026-04-13T11:21:12+00:00\" \/>\n<meta property=\"og:image\" content=\"https:\/\/www.perzijskepreproge.si\/wp-content\/uploads\/2024\/11\/IMG_1233jpg.webp\" \/>\n\t<meta property=\"og:image:width\" content=\"739\" \/>\n\t<meta property=\"og:image:height\" content=\"900\" \/>\n\t<meta property=\"og:image:type\" content=\"image\/jpeg\" \/>\n<meta name=\"twitter:card\" content=\"summary_large_image\" \/>\n<meta name=\"twitter:label1\" content=\"Gesch\u00e4tzte Lesezeit\" \/>\n\t<meta name=\"twitter:data1\" content=\"1\u00a0Minute\" \/>\n<script type=\"application\/ld+json\" class=\"yoast-schema-graph\">{\"@context\":\"https:\\\/\\\/schema.org\",\"@graph\":[{\"@type\":\"WebPage\",\"@id\":\"https:\\\/\\\/www.perzijskepreproge.si\\\/de\\\/produkt\\\/perserteppich-bidjar-perserteppich-bidjar-2\\\/\",\"url\":\"https:\\\/\\\/www.perzijskepreproge.si\\\/de\\\/produkt\\\/perserteppich-bidjar-perserteppich-bidjar-2\\\/\",\"name\":\"Perserteppich Bidschar \\\/ Persian carpet Bidjar - Perzijske preproge Farzad\",\"isPartOf\":{\"@id\":\"https:\\\/\\\/www.perzijskepreproge.si\\\/de\\\/#website\"},\"primaryImageOfPage\":{\"@id\":\"https:\\\/\\\/www.perzijskepreproge.si\\\/de\\\/produkt\\\/perserteppich-bidjar-perserteppich-bidjar-2\\\/#primaryimage\"},\"image\":{\"@id\":\"https:\\\/\\\/www.perzijskepreproge.si\\\/de\\\/produkt\\\/perserteppich-bidjar-perserteppich-bidjar-2\\\/#primaryimage\"},\"thumbnailUrl\":\"https:\\\/\\\/www.perzijskepreproge.si\\\/wp-content\\\/uploads\\\/2024\\\/11\\\/IMG_1233jpg.jpg\",\"datePublished\":\"2024-11-05T15:48:30+00:00\",\"dateModified\":\"2026-04-13T11:21:12+00:00\",\"breadcrumb\":{\"@id\":\"https:\\\/\\\/www.perzijskepreproge.si\\\/de\\\/produkt\\\/perserteppich-bidjar-perserteppich-bidjar-2\\\/#breadcrumb\"},\"inLanguage\":\"de\",\"potentialAction\":[{\"@type\":\"ReadAction\",\"target\":[\"https:\\\/\\\/www.perzijskepreproge.si\\\/de\\\/produkt\\\/perserteppich-bidjar-perserteppich-bidjar-2\\\/\"]}]},{\"@type\":\"ImageObject\",\"inLanguage\":\"de\",\"@id\":\"https:\\\/\\\/www.perzijskepreproge.si\\\/de\\\/produkt\\\/perserteppich-bidjar-perserteppich-bidjar-2\\\/#primaryimage\",\"url\":\"https:\\\/\\\/www.perzijskepreproge.si\\\/wp-content\\\/uploads\\\/2024\\\/11\\\/IMG_1233jpg.jpg\",\"contentUrl\":\"https:\\\/\\\/www.perzijskepreproge.si\\\/wp-content\\\/uploads\\\/2024\\\/11\\\/IMG_1233jpg.jpg\",\"width\":739,\"height\":900},{\"@type\":\"BreadcrumbList\",\"@id\":\"https:\\\/\\\/www.perzijskepreproge.si\\\/de\\\/produkt\\\/perserteppich-bidjar-perserteppich-bidjar-2\\\/#breadcrumb\",\"itemListElement\":[{\"@type\":\"ListItem\",\"position\":1,\"name\":\"Heim\",\"item\":\"https:\\\/\\\/www.perzijskepreproge.si\\\/de\\\/perserteppiche-farzad\\\/\"},{\"@type\":\"ListItem\",\"position\":2,\"name\":\"Shop\",\"item\":\"https:\\\/\\\/www.perzijskepreproge.si\\\/de\\\/shop\\\/\"},{\"@type\":\"ListItem\",\"position\":3,\"name\":\"Perserteppich Bidschar \\\/ Persian carpet Bidjar\"}]},{\"@type\":\"WebSite\",\"@id\":\"https:\\\/\\\/www.perzijskepreproge.si\\\/de\\\/#website\",\"url\":\"https:\\\/\\\/www.perzijskepreproge.si\\\/de\\\/\",\"name\":\"Perzijske preproge Farzad\",\"description\":\"Perzijske preproge,  preprog in \u010di\u0161\u010denje preprog\",\"potentialAction\":[{\"@type\":\"SearchAction\",\"target\":{\"@type\":\"EntryPoint\",\"urlTemplate\":\"https:\\\/\\\/www.perzijskepreproge.si\\\/de\\\/?s={search_term_string}\"},\"query-input\":{\"@type\":\"PropertyValueSpecification\",\"valueRequired\":true,\"valueName\":\"search_term_string\"}}],\"inLanguage\":\"de\"}]}<\/script>\n<!-- \/ Yoast SEO plugin. -->","yoast_head_json":{"title":"Perserteppich Bidschar \/ Persian carpet Bidjar - Perzijske preproge Farzad","robots":{"index":"index","follow":"follow","max-snippet":"max-snippet:-1","max-image-preview":"max-image-preview:large","max-video-preview":"max-video-preview:-1"},"canonical":"https:\/\/www.perzijskepreproge.si\/de\/produkt\/perserteppich-bidjar-perserteppich-bidjar-2\/","og_locale":"de_DE","og_type":"article","og_title":"Perserteppich Bidschar \/ Persian carpet Bidjar - Perzijske preproge Farzad","og_description":"Reg.-Nr.: 1041 Gr\u00f6\u00dfe \/ Size: 345 x 250 cm Material \/ Flor: Wolle Kette \/ Base: Baumwolle \/ cotton Farben \/ Colours: pflanzlich \/ plants Design \/ Design: floral \/ floral Herstellungstechnik \/ Weaving technique: handgekn\u00fcpfter Teppich \/ handmade pile carpet Kn\u00fcpfdichte \/ Knot density: 250.000 m\/2 Herkunft \/ Origin: Iran &nbsp;","og_url":"https:\/\/www.perzijskepreproge.si\/de\/produkt\/perserteppich-bidjar-perserteppich-bidjar-2\/","og_site_name":"Perzijske preproge Farzad","article_modified_time":"2026-04-13T11:21:12+00:00","og_image":[{"width":739,"height":900,"url":"https:\/\/www.perzijskepreproge.si\/wp-content\/uploads\/2024\/11\/IMG_1233jpg.webp","type":"image\/jpeg"}],"twitter_card":"summary_large_image","twitter_misc":{"Gesch\u00e4tzte Lesezeit":"1\u00a0Minute"},"schema":{"@context":"https:\/\/schema.org","@graph":[{"@type":"WebPage","@id":"https:\/\/www.perzijskepreproge.si\/de\/produkt\/perserteppich-bidjar-perserteppich-bidjar-2\/","url":"https:\/\/www.perzijskepreproge.si\/de\/produkt\/perserteppich-bidjar-perserteppich-bidjar-2\/","name":"Perserteppich Bidschar \/ Persian carpet Bidjar - Perzijske preproge Farzad","isPartOf":{"@id":"https:\/\/www.perzijskepreproge.si\/de\/#website"},"primaryImageOfPage":{"@id":"https:\/\/www.perzijskepreproge.si\/de\/produkt\/perserteppich-bidjar-perserteppich-bidjar-2\/#primaryimage"},"image":{"@id":"https:\/\/www.perzijskepreproge.si\/de\/produkt\/perserteppich-bidjar-perserteppich-bidjar-2\/#primaryimage"},"thumbnailUrl":"https:\/\/www.perzijskepreproge.si\/wp-content\/uploads\/2024\/11\/IMG_1233jpg.jpg","datePublished":"2024-11-05T15:48:30+00:00","dateModified":"2026-04-13T11:21:12+00:00","breadcrumb":{"@id":"https:\/\/www.perzijskepreproge.si\/de\/produkt\/perserteppich-bidjar-perserteppich-bidjar-2\/#breadcrumb"},"inLanguage":"de","potentialAction":[{"@type":"ReadAction","target":["https:\/\/www.perzijskepreproge.si\/de\/produkt\/perserteppich-bidjar-perserteppich-bidjar-2\/"]}]},{"@type":"ImageObject","inLanguage":"de","@id":"https:\/\/www.perzijskepreproge.si\/de\/produkt\/perserteppich-bidjar-perserteppich-bidjar-2\/#primaryimage","url":"https:\/\/www.perzijskepreproge.si\/wp-content\/uploads\/2024\/11\/IMG_1233jpg.jpg","contentUrl":"https:\/\/www.perzijskepreproge.si\/wp-content\/uploads\/2024\/11\/IMG_1233jpg.jpg","width":739,"height":900},{"@type":"BreadcrumbList","@id":"https:\/\/www.perzijskepreproge.si\/de\/produkt\/perserteppich-bidjar-perserteppich-bidjar-2\/#breadcrumb","itemListElement":[{"@type":"ListItem","position":1,"name":"Heim","item":"https:\/\/www.perzijskepreproge.si\/de\/perserteppiche-farzad\/"},{"@type":"ListItem","position":2,"name":"Shop","item":"https:\/\/www.perzijskepreproge.si\/de\/shop\/"},{"@type":"ListItem","position":3,"name":"Perserteppich Bidschar \/ Persian carpet Bidjar"}]},{"@type":"WebSite","@id":"https:\/\/www.perzijskepreproge.si\/de\/#website","url":"https:\/\/www.perzijskepreproge.si\/de\/","name":"Perzijske preproge Farzad","description":"Perzijske preproge,  preprog in \u010di\u0161\u010denje preprog","potentialAction":[{"@type":"SearchAction","target":{"@type":"EntryPoint","urlTemplate":"https:\/\/www.perzijskepreproge.si\/de\/?s={search_term_string}"},"query-input":{"@type":"PropertyValueSpecification","valueRequired":true,"valueName":"search_term_string"}}],"inLanguage":"de"}]}},"_links":{"self":[{"href":"https:\/\/www.perzijskepreproge.si\/de\/wp-json\/wp\/v2\/product\/25714","targetHints":{"allow":["GET"]}}],"collection":[{"href":"https:\/\/www.perzijskepreproge.si\/de\/wp-json\/wp\/v2\/product"}],"about":[{"href":"https:\/\/www.perzijskepreproge.si\/de\/wp-json\/wp\/v2\/types\/product"}],"version-history":[{"count":1,"href":"https:\/\/www.perzijskepreproge.si\/de\/wp-json\/wp\/v2\/product\/25714\/revisions"}],"predecessor-version":[{"id":29517,"href":"https:\/\/www.perzijskepreproge.si\/de\/wp-json\/wp\/v2\/product\/25714\/revisions\/29517"}],"wp:featuredmedia":[{"embeddable":true,"href":"https:\/\/www.perzijskepreproge.si\/de\/wp-json\/wp\/v2\/media\/24705"}],"wp:attachment":[{"href":"https:\/\/www.perzijskepreproge.si\/de\/wp-json\/wp\/v2\/media?parent=25714"}],"wp:term":[{"taxonomy":"product_brand","embeddable":true,"href":"https:\/\/www.perzijskepreproge.si\/de\/wp-json\/wp\/v2\/product_brand?post=25714"},{"taxonomy":"product_cat","embeddable":true,"href":"https:\/\/www.perzijskepreproge.si\/de\/wp-json\/wp\/v2\/product_cat?post=25714"},{"taxonomy":"product_tag","embeddable":true,"href":"https:\/\/www.perzijskepreproge.si\/de\/wp-json\/wp\/v2\/product_tag?post=25714"}],"curies":[{"name":"wp","href":"https:\/\/api.w.org\/{rel}","templated":true}]}}