{"id":25737,"date":"2024-06-24T12:34:58","date_gmt":"2024-06-24T10:34:58","guid":{"rendered":"https:\/\/www.perzijskepreproge.si\/izdelek\/persischer-seidenteppich-ghom-persischer-seidenteppich-ghom-9\/"},"modified":"2026-04-13T13:20:56","modified_gmt":"2026-04-13T11:20:56","slug":"persischer-seidenteppich-ghom-persischer-seidenteppich-ghom-9","status":"publish","type":"product","link":"https:\/\/www.perzijskepreproge.si\/de\/produkt\/persischer-seidenteppich-ghom-persischer-seidenteppich-ghom-9\/","title":{"rendered":"Persischer Seidenteppich Ghom \/ Persian silk carpet Ghom"},"content":{"rendered":"<p data-start=\"0\" data-end=\"175\">Vielen Dank f\u00fcr die Korrektur \u2013 es handelt sich also um einen <strong data-start=\"42\" data-end=\"72\">seidenen Perserteppich<\/strong>, h\u00f6chstwahrscheinlich aus <strong data-start=\"91\" data-end=\"106\">Ghom (Qom)<\/strong>, einer Stadt, die weltweit f\u00fcr die Herstellung exklusiver Seidenmeisterwerke bekannt ist.<\/p>\n<p data-start=\"177\" data-end=\"583\">Dieser Teppich ist ein hervorragendes Beispiel f\u00fcr eine klassische <strong data-start=\"216\" data-end=\"243\">Medaillon-Komposition<\/strong> auf einem lebhaften <strong data-start=\"265\" data-end=\"282\">roten Grund<\/strong>, der W\u00e4rme, Energie und traditionelle Noblesse ausstrahlt. Das zentrale Motiv \u2013 ein raffiniertes, mehrschichtiges <strong data-start=\"382\" data-end=\"426\">Medaillon in Dunkelblau- und Cremet\u00f6nen<\/strong> \u2013 entfaltet sich symmetrisch wie eine Bl\u00fcte, umgeben von Arabesken, stilisierten floralen Formen und feinen Linien, die eine unglaubliche Kn\u00fcpfpr\u00e4zision offenbaren. <\/p>\n<p data-start=\"585\" data-end=\"968\">Durch den Seidenfaden besitzt der Teppich einen <strong data-start=\"618\" data-end=\"636\">charakteristischen Glanz<\/strong>, der im Raum lebendig wirkt \u2013 die Farben ver\u00e4ndern sich je nach Lichteinfall und Blickwinkel. Eine solche Oberfl\u00e4che ist nicht statisch, sondern dynamisch und fast leuchtend, was einer der Gr\u00fcnde ist, warum Ghom-Seidenteppiche so gesch\u00e4tzt werden. Die Bord\u00fcre mit detaillierten floralen Motiven in kontrastreicher Blau-Creme-Kombination rundet das Ganze mit dekorativer Eleganz ab.  <\/p>\n<p data-start=\"970\" data-end=\"1310\">Im Raum ist ein solcher Teppich nicht blo\u00df Dekoration, sondern ein <strong data-start=\"1025\" data-end=\"1047\">k\u00fcnstlerisches Zentrum<\/strong>. Er wirkt klassisch, aber keineswegs altmodisch \u2013 durch den Glanz der Seide und die feine Ausf\u00fchrung bringt er ein Gef\u00fchl von <strong data-start=\"1154\" data-end=\"1186\">Luxus, Licht und Weichheit<\/strong> in den Raum. Er passt hervorragend zu klassischen Holzm\u00f6beln sowie in modern gestaltete Interieurs, wo er als kostbarer Akzent erstrahlt.  <\/p>\n<p data-start=\"1312\" data-end=\"1513\" data-is-last-node=\"\" data-is-only-node=\"\">Dies ist ein Teppich, der nicht nur ein Bodenbelag ist, sondern eine <strong data-start=\"1357\" data-end=\"1403\">gewebte Geschichte, Kunst und Tradition in einem<\/strong>, gewebt mit jahrhundertealtem Wissen und einer Geduld, die nur ein wahrer Meister aufbringen kann.<\/p>\n","protected":false},"excerpt":{"rendered":"<p>Reg.-Nr.: 1099<\/p>\n<p>Gr\u00f6\u00dfe \/ Size: 145 x 99 cm<\/p>\n<p>Material \/ Flor: Seide \/ silk<\/p>\n<p>Grundgewebe \/ Base: Seide \/ silk<\/p>\n<p>Farben \/ Colours: pflanzlich \/ plants<\/p>\n<p>Design: floral \/ Medaillon<\/p>\n<p>Herstellungstechnik \/ Weaving technique: handgekn\u00fcpfter Teppich \/ handmade pile carpet<\/p>\n<p>Kn\u00fcpfdichte: 1.000.000\/m2<\/p>\n<p>Herkunft \/ Origin: Iran<\/p>\n<p>&nbsp;<\/p>\n","protected":false},"featured_media":24313,"template":"","meta":{"iawp_total_views":2},"product_brand":[],"product_cat":[412],"product_tag":[],"class_list":{"0":"post-25737","1":"product","2":"type-product","3":"status-publish","4":"has-post-thumbnail","6":"product_cat-seidenteppiche","7":"pa_barva-osnovna-rot-burgunderrot","8":"pa_material-seide","9":"pa_oblika-rechteckig","10":"pa_tip-preproge-exklusiv","11":"pa_velikost-cca-150-x-100-de","13":"first","14":"instock","15":"sold-individually","16":"taxable","17":"shipping-taxable","18":"purchasable","19":"product-type-simple"},"yoast_head":"<!-- This site is optimized with the Yoast SEO plugin v27.3 - https:\/\/yoast.com\/product\/yoast-seo-wordpress\/ -->\n<title>Persischer Seidenteppich Ghom \/ Persian silk carpet Ghom - Perzijske preproge Farzad<\/title>\n<meta name=\"description\" content=\"Exklusiver persischer Seidenteppich aus der Stadt Ghom, wo die raffiniertesten und wertvollsten Seidenteppiche der Welt hergestellt werden. 100 % Naturseide.\" \/>\n<meta name=\"robots\" content=\"index, follow, max-snippet:-1, max-image-preview:large, max-video-preview:-1\" \/>\n<link rel=\"canonical\" href=\"https:\/\/www.perzijskepreproge.si\/de\/produkt\/persischer-seidenteppich-ghom-persischer-seidenteppich-ghom-9\/\" \/>\n<meta property=\"og:locale\" content=\"de_DE\" \/>\n<meta property=\"og:type\" content=\"article\" \/>\n<meta property=\"og:title\" content=\"Persischer Seidenteppich Ghom \/ Persian silk carpet Ghom - Perzijske preproge Farzad\" \/>\n<meta property=\"og:description\" content=\"Exklusiver persischer Seidenteppich aus der Stadt Ghom, wo die raffiniertesten und wertvollsten Seidenteppiche der Welt hergestellt werden. 100 % Naturseide.\" \/>\n<meta property=\"og:url\" content=\"https:\/\/www.perzijskepreproge.si\/de\/produkt\/persischer-seidenteppich-ghom-persischer-seidenteppich-ghom-9\/\" \/>\n<meta property=\"og:site_name\" content=\"Perzijske preproge Farzad\" \/>\n<meta property=\"article:modified_time\" content=\"2026-04-13T11:20:56+00:00\" \/>\n<meta property=\"og:image\" content=\"https:\/\/www.perzijskepreproge.si\/wp-content\/uploads\/2024\/06\/IMG_20240624_115853jpg.webp\" \/>\n\t<meta property=\"og:image:width\" content=\"683\" \/>\n\t<meta property=\"og:image:height\" content=\"1000\" \/>\n\t<meta property=\"og:image:type\" content=\"image\/jpeg\" \/>\n<meta name=\"twitter:card\" content=\"summary_large_image\" \/>\n<meta name=\"twitter:label1\" content=\"Gesch\u00e4tzte Lesezeit\" \/>\n\t<meta name=\"twitter:data1\" content=\"1\u00a0Minute\" \/>\n<script type=\"application\/ld+json\" class=\"yoast-schema-graph\">{\"@context\":\"https:\\\/\\\/schema.org\",\"@graph\":[{\"@type\":\"WebPage\",\"@id\":\"https:\\\/\\\/www.perzijskepreproge.si\\\/de\\\/produkt\\\/persischer-seidenteppich-ghom-persischer-seidenteppich-ghom-9\\\/\",\"url\":\"https:\\\/\\\/www.perzijskepreproge.si\\\/de\\\/produkt\\\/persischer-seidenteppich-ghom-persischer-seidenteppich-ghom-9\\\/\",\"name\":\"Persischer Seidenteppich Ghom \\\/ Persian silk carpet Ghom - Perzijske preproge Farzad\",\"isPartOf\":{\"@id\":\"https:\\\/\\\/www.perzijskepreproge.si\\\/de\\\/#website\"},\"primaryImageOfPage\":{\"@id\":\"https:\\\/\\\/www.perzijskepreproge.si\\\/de\\\/produkt\\\/persischer-seidenteppich-ghom-persischer-seidenteppich-ghom-9\\\/#primaryimage\"},\"image\":{\"@id\":\"https:\\\/\\\/www.perzijskepreproge.si\\\/de\\\/produkt\\\/persischer-seidenteppich-ghom-persischer-seidenteppich-ghom-9\\\/#primaryimage\"},\"thumbnailUrl\":\"https:\\\/\\\/www.perzijskepreproge.si\\\/wp-content\\\/uploads\\\/2024\\\/06\\\/IMG_20240624_115853jpg.jpg\",\"datePublished\":\"2024-06-24T10:34:58+00:00\",\"dateModified\":\"2026-04-13T11:20:56+00:00\",\"description\":\"Exklusiver persischer Seidenteppich aus der Stadt Ghom, wo die raffiniertesten und wertvollsten Seidenteppiche der Welt hergestellt werden. 100 % Naturseide.\",\"breadcrumb\":{\"@id\":\"https:\\\/\\\/www.perzijskepreproge.si\\\/de\\\/produkt\\\/persischer-seidenteppich-ghom-persischer-seidenteppich-ghom-9\\\/#breadcrumb\"},\"inLanguage\":\"de\",\"potentialAction\":[{\"@type\":\"ReadAction\",\"target\":[\"https:\\\/\\\/www.perzijskepreproge.si\\\/de\\\/produkt\\\/persischer-seidenteppich-ghom-persischer-seidenteppich-ghom-9\\\/\"]}]},{\"@type\":\"ImageObject\",\"inLanguage\":\"de\",\"@id\":\"https:\\\/\\\/www.perzijskepreproge.si\\\/de\\\/produkt\\\/persischer-seidenteppich-ghom-persischer-seidenteppich-ghom-9\\\/#primaryimage\",\"url\":\"https:\\\/\\\/www.perzijskepreproge.si\\\/wp-content\\\/uploads\\\/2024\\\/06\\\/IMG_20240624_115853jpg.jpg\",\"contentUrl\":\"https:\\\/\\\/www.perzijskepreproge.si\\\/wp-content\\\/uploads\\\/2024\\\/06\\\/IMG_20240624_115853jpg.jpg\",\"width\":683,\"height\":1000},{\"@type\":\"BreadcrumbList\",\"@id\":\"https:\\\/\\\/www.perzijskepreproge.si\\\/de\\\/produkt\\\/persischer-seidenteppich-ghom-persischer-seidenteppich-ghom-9\\\/#breadcrumb\",\"itemListElement\":[{\"@type\":\"ListItem\",\"position\":1,\"name\":\"Heim\",\"item\":\"https:\\\/\\\/www.perzijskepreproge.si\\\/de\\\/perserteppiche-farzad\\\/\"},{\"@type\":\"ListItem\",\"position\":2,\"name\":\"Shop\",\"item\":\"https:\\\/\\\/www.perzijskepreproge.si\\\/de\\\/shop\\\/\"},{\"@type\":\"ListItem\",\"position\":3,\"name\":\"Persischer Seidenteppich Ghom \\\/ Persian silk carpet Ghom\"}]},{\"@type\":\"WebSite\",\"@id\":\"https:\\\/\\\/www.perzijskepreproge.si\\\/de\\\/#website\",\"url\":\"https:\\\/\\\/www.perzijskepreproge.si\\\/de\\\/\",\"name\":\"Perzijske preproge Farzad\",\"description\":\"Perzijske preproge,  preprog in \u010di\u0161\u010denje preprog\",\"potentialAction\":[{\"@type\":\"SearchAction\",\"target\":{\"@type\":\"EntryPoint\",\"urlTemplate\":\"https:\\\/\\\/www.perzijskepreproge.si\\\/de\\\/?s={search_term_string}\"},\"query-input\":{\"@type\":\"PropertyValueSpecification\",\"valueRequired\":true,\"valueName\":\"search_term_string\"}}],\"inLanguage\":\"de\"}]}<\/script>\n<!-- \/ Yoast SEO plugin. -->","yoast_head_json":{"title":"Persischer Seidenteppich Ghom \/ Persian silk carpet Ghom - Perzijske preproge Farzad","description":"Exklusiver persischer Seidenteppich aus der Stadt Ghom, wo die raffiniertesten und wertvollsten Seidenteppiche der Welt hergestellt werden. 100 % Naturseide.","robots":{"index":"index","follow":"follow","max-snippet":"max-snippet:-1","max-image-preview":"max-image-preview:large","max-video-preview":"max-video-preview:-1"},"canonical":"https:\/\/www.perzijskepreproge.si\/de\/produkt\/persischer-seidenteppich-ghom-persischer-seidenteppich-ghom-9\/","og_locale":"de_DE","og_type":"article","og_title":"Persischer Seidenteppich Ghom \/ Persian silk carpet Ghom - Perzijske preproge Farzad","og_description":"Exklusiver persischer Seidenteppich aus der Stadt Ghom, wo die raffiniertesten und wertvollsten Seidenteppiche der Welt hergestellt werden. 100 % Naturseide.","og_url":"https:\/\/www.perzijskepreproge.si\/de\/produkt\/persischer-seidenteppich-ghom-persischer-seidenteppich-ghom-9\/","og_site_name":"Perzijske preproge Farzad","article_modified_time":"2026-04-13T11:20:56+00:00","og_image":[{"width":683,"height":1000,"url":"https:\/\/www.perzijskepreproge.si\/wp-content\/uploads\/2024\/06\/IMG_20240624_115853jpg.webp","type":"image\/jpeg"}],"twitter_card":"summary_large_image","twitter_misc":{"Gesch\u00e4tzte Lesezeit":"1\u00a0Minute"},"schema":{"@context":"https:\/\/schema.org","@graph":[{"@type":"WebPage","@id":"https:\/\/www.perzijskepreproge.si\/de\/produkt\/persischer-seidenteppich-ghom-persischer-seidenteppich-ghom-9\/","url":"https:\/\/www.perzijskepreproge.si\/de\/produkt\/persischer-seidenteppich-ghom-persischer-seidenteppich-ghom-9\/","name":"Persischer Seidenteppich Ghom \/ Persian silk carpet Ghom - Perzijske preproge Farzad","isPartOf":{"@id":"https:\/\/www.perzijskepreproge.si\/de\/#website"},"primaryImageOfPage":{"@id":"https:\/\/www.perzijskepreproge.si\/de\/produkt\/persischer-seidenteppich-ghom-persischer-seidenteppich-ghom-9\/#primaryimage"},"image":{"@id":"https:\/\/www.perzijskepreproge.si\/de\/produkt\/persischer-seidenteppich-ghom-persischer-seidenteppich-ghom-9\/#primaryimage"},"thumbnailUrl":"https:\/\/www.perzijskepreproge.si\/wp-content\/uploads\/2024\/06\/IMG_20240624_115853jpg.jpg","datePublished":"2024-06-24T10:34:58+00:00","dateModified":"2026-04-13T11:20:56+00:00","description":"Exklusiver persischer Seidenteppich aus der Stadt Ghom, wo die raffiniertesten und wertvollsten Seidenteppiche der Welt hergestellt werden. 100 % Naturseide.","breadcrumb":{"@id":"https:\/\/www.perzijskepreproge.si\/de\/produkt\/persischer-seidenteppich-ghom-persischer-seidenteppich-ghom-9\/#breadcrumb"},"inLanguage":"de","potentialAction":[{"@type":"ReadAction","target":["https:\/\/www.perzijskepreproge.si\/de\/produkt\/persischer-seidenteppich-ghom-persischer-seidenteppich-ghom-9\/"]}]},{"@type":"ImageObject","inLanguage":"de","@id":"https:\/\/www.perzijskepreproge.si\/de\/produkt\/persischer-seidenteppich-ghom-persischer-seidenteppich-ghom-9\/#primaryimage","url":"https:\/\/www.perzijskepreproge.si\/wp-content\/uploads\/2024\/06\/IMG_20240624_115853jpg.jpg","contentUrl":"https:\/\/www.perzijskepreproge.si\/wp-content\/uploads\/2024\/06\/IMG_20240624_115853jpg.jpg","width":683,"height":1000},{"@type":"BreadcrumbList","@id":"https:\/\/www.perzijskepreproge.si\/de\/produkt\/persischer-seidenteppich-ghom-persischer-seidenteppich-ghom-9\/#breadcrumb","itemListElement":[{"@type":"ListItem","position":1,"name":"Heim","item":"https:\/\/www.perzijskepreproge.si\/de\/perserteppiche-farzad\/"},{"@type":"ListItem","position":2,"name":"Shop","item":"https:\/\/www.perzijskepreproge.si\/de\/shop\/"},{"@type":"ListItem","position":3,"name":"Persischer Seidenteppich Ghom \/ Persian silk carpet Ghom"}]},{"@type":"WebSite","@id":"https:\/\/www.perzijskepreproge.si\/de\/#website","url":"https:\/\/www.perzijskepreproge.si\/de\/","name":"Perzijske preproge Farzad","description":"Perzijske preproge,  preprog in \u010di\u0161\u010denje preprog","potentialAction":[{"@type":"SearchAction","target":{"@type":"EntryPoint","urlTemplate":"https:\/\/www.perzijskepreproge.si\/de\/?s={search_term_string}"},"query-input":{"@type":"PropertyValueSpecification","valueRequired":true,"valueName":"search_term_string"}}],"inLanguage":"de"}]}},"_links":{"self":[{"href":"https:\/\/www.perzijskepreproge.si\/de\/wp-json\/wp\/v2\/product\/25737","targetHints":{"allow":["GET"]}}],"collection":[{"href":"https:\/\/www.perzijskepreproge.si\/de\/wp-json\/wp\/v2\/product"}],"about":[{"href":"https:\/\/www.perzijskepreproge.si\/de\/wp-json\/wp\/v2\/types\/product"}],"version-history":[{"count":1,"href":"https:\/\/www.perzijskepreproge.si\/de\/wp-json\/wp\/v2\/product\/25737\/revisions"}],"predecessor-version":[{"id":29514,"href":"https:\/\/www.perzijskepreproge.si\/de\/wp-json\/wp\/v2\/product\/25737\/revisions\/29514"}],"wp:featuredmedia":[{"embeddable":true,"href":"https:\/\/www.perzijskepreproge.si\/de\/wp-json\/wp\/v2\/media\/24313"}],"wp:attachment":[{"href":"https:\/\/www.perzijskepreproge.si\/de\/wp-json\/wp\/v2\/media?parent=25737"}],"wp:term":[{"taxonomy":"product_brand","embeddable":true,"href":"https:\/\/www.perzijskepreproge.si\/de\/wp-json\/wp\/v2\/product_brand?post=25737"},{"taxonomy":"product_cat","embeddable":true,"href":"https:\/\/www.perzijskepreproge.si\/de\/wp-json\/wp\/v2\/product_cat?post=25737"},{"taxonomy":"product_tag","embeddable":true,"href":"https:\/\/www.perzijskepreproge.si\/de\/wp-json\/wp\/v2\/product_tag?post=25737"}],"curies":[{"name":"wp","href":"https:\/\/api.w.org\/{rel}","templated":true}]}}