{"id":25775,"date":"2023-04-28T15:46:08","date_gmt":"2023-04-28T13:46:08","guid":{"rendered":"https:\/\/www.perzijskepreproge.si\/izdelek\/perserteppich-hamedan-perserteppich-hamedan-13\/"},"modified":"2023-04-28T15:46:08","modified_gmt":"2023-04-28T13:46:08","slug":"perserteppich-hamedan-perserteppich-hamedan-13","status":"publish","type":"product","link":"https:\/\/www.perzijskepreproge.si\/de\/produkt\/perserteppich-hamedan-perserteppich-hamedan-13\/","title":{"rendered":"Perserteppich Hamedan \/ Perserteppich Hamedan"},"content":{"rendered":"<p>Hamadan ist eine der \u00e4ltesten St\u00e4dte der Welt und seit vielen Jahrhunderten ein wichtiges Handels- und Verwaltungszentrum des Iran. Im 6. Jahrhundert v. Chr. war unter dem Namen Ekbatana die Hauptstadt des Mederk\u00f6nigreichs und sp\u00e4ter die Sommerresidenz der persischen Ach\u00e4meniden-Dynastie. Die Stadt liegt auf einem ausgedehnten Plateau in 1.800 Metern H\u00f6he am Fu\u00dfe des Berges Alvand, daher ist das Klima dort von milden Sommern und kalten Wintern gepr\u00e4gt. Aufgrund ihrer strategisch wichtigen Lage zwischen dem alten Persien und Mesopotamien war die Stadt oft das Ziel verschiedener Armeen. Es wurde bereits von Alexander dem Gro\u00dfen erobert und sp\u00e4ter im 11. Jahrhundert besetzten die Seldschuken die gesamte Region Hamadan und das benachbarte Aserbaidschan. Obwohl das gesamte Gebiet vom kulturellen Einfluss der turk-altaischen V\u00f6lker gepr\u00e4gt war, wird in Hamadan auch heute noch die persische Sprache (Farsi) gesprochen, im Gegensatz zum umliegenden Land, wo der t\u00fcrkische Dialekt die Sprache dominiert. Teppiche aus mehr als 600 D\u00f6rfern westlich und n\u00f6rdlich von Hamedan warten auf dem Hamedan-Basar auf K\u00e4ufer. Die Bev\u00f6lkerung dieser D\u00f6rfer besteht auch aus vielen Kurden, \u00fcber die auch Teppiche aus Bidjar und Sanandaj ihren Weg auf die Basare finden, was zu Verwirrung bei der Bestimmung der Herkunft der Teppiche f\u00fchrt. Vor einigen Jahrzehnten hatte jedes Dorf eine unverwechselbare Kombination aus Mustern und Farben f\u00fcr seine Teppiche, sodass die H\u00e4ndler der Hamadan-Basare einen echten Hamadan-Teppich schnell erkennen konnten. Charakteristisch f\u00fcr Hamadan-Teppiche ist, dass sie zwischen zwei Knotenreihen einen querverlaufenden Baumwollfaden aufweisen, die Knoten symmetrisch sind und die Grundstruktur, mit Ausnahme einiger sehr alter Teppiche, immer aus Baumwolle besteht. Auch die nomadischen V\u00f6lker der Belutschen und Bachtiaren verwenden diese Produktionstechnik, unterscheiden sich jedoch von ihnen in der Art der Wolle. Die wichtigsten Teppichkn\u00fcpfgebiete sind Dergazin, Mehriban, Khamseh und Borchalou. In einem einzigen Gebiet k\u00f6nnen sich \u00fcber 40 D\u00f6rfer befinden. Im 16. Jahrhundert schenkte der Safawiden-Schah Tahmasp dem osmanischen Sultan S\u00fcleyman dem Pr\u00e4chtigen einen Teppich aus der Gegend von Dergazin. Dies bedeutet, dass sie neben traditionellen Teppichen auch wussten, wie man feinere Teppiche f\u00fcr die H\u00f6fe herstellt.<\/p>\n<p>&nbsp;<\/p>\n<p>&nbsp;<\/p>\n","protected":false},"excerpt":{"rendered":"<p>Reg. Nr.: 789<\/p>\n<p>Gr\u00f6\u00dfe: 103 x 75 cm<\/p>\n<p>Material \/ Flor: Wolle<\/p>\n<p>Basis: Baumwolle<\/p>\n<p>Farben: Pflanzen<\/p>\n<p>Design: Medaillon, floral<\/p>\n<p>Webtechnik: handgefertigter Florteppich<\/p>\n<p>Knotendichte: 90.000 m\/2<\/p>\n<p>Herkunft: Iran<\/p>\n","protected":false},"featured_media":24119,"template":"","meta":{"iawp_total_views":1},"product_brand":[],"product_cat":[392,288],"product_tag":[],"class_list":{"0":"post-25775","1":"product","2":"type-product","3":"status-publish","4":"has-post-thumbnail","6":"product_cat-kleine-teppiche-de-2","7":"product_cat-nomad-teppiche","8":"pa_barva-osnovna-rosa","9":"pa_material-wolle","10":"pa_oblika-rechteckig","11":"pa_velikost-cca-100-x-60-de","13":"first","14":"instock","15":"sold-individually","16":"taxable","17":"shipping-taxable","18":"purchasable","19":"product-type-simple"},"yoast_head":"<!-- This site is optimized with the Yoast SEO plugin v27.3 - https:\/\/yoast.com\/product\/yoast-seo-wordpress\/ -->\n<title>Perserteppich Hamedan \/ Perserteppich Hamedan - Perzijske preproge Farzad<\/title>\n<meta name=\"robots\" content=\"index, follow, max-snippet:-1, max-image-preview:large, max-video-preview:-1\" \/>\n<link rel=\"canonical\" href=\"https:\/\/www.perzijskepreproge.si\/de\/produkt\/perserteppich-hamedan-perserteppich-hamedan-13\/\" \/>\n<meta property=\"og:locale\" content=\"de_DE\" \/>\n<meta property=\"og:type\" content=\"article\" \/>\n<meta property=\"og:title\" content=\"Perserteppich Hamedan \/ Perserteppich Hamedan - Perzijske preproge Farzad\" \/>\n<meta property=\"og:description\" content=\"Reg. Nr.: 789 Gr\u00f6\u00dfe: 103 x 75 cm Material \/ Flor: Wolle Basis: Baumwolle Farben: Pflanzen Design: Medaillon, floral Webtechnik: handgefertigter Florteppich Knotendichte: 90.000 m\/2 Herkunft: Iran\" \/>\n<meta property=\"og:url\" content=\"https:\/\/www.perzijskepreproge.si\/de\/produkt\/perserteppich-hamedan-perserteppich-hamedan-13\/\" \/>\n<meta property=\"og:site_name\" content=\"Perzijske preproge Farzad\" \/>\n<meta property=\"og:image\" content=\"https:\/\/www.perzijskepreproge.si\/wp-content\/uploads\/2023\/04\/20230425_172658jpg.jpg\" \/>\n\t<meta property=\"og:image:width\" content=\"600\" \/>\n\t<meta property=\"og:image:height\" content=\"800\" \/>\n\t<meta property=\"og:image:type\" content=\"image\/jpeg\" \/>\n<meta name=\"twitter:card\" content=\"summary_large_image\" \/>\n<meta name=\"twitter:label1\" content=\"Gesch\u00e4tzte Lesezeit\" \/>\n\t<meta name=\"twitter:data1\" content=\"2\u00a0Minute\" \/>\n<script type=\"application\/ld+json\" class=\"yoast-schema-graph\">{\"@context\":\"https:\\\/\\\/schema.org\",\"@graph\":[{\"@type\":\"WebPage\",\"@id\":\"https:\\\/\\\/www.perzijskepreproge.si\\\/de\\\/produkt\\\/perserteppich-hamedan-perserteppich-hamedan-13\\\/\",\"url\":\"https:\\\/\\\/www.perzijskepreproge.si\\\/de\\\/produkt\\\/perserteppich-hamedan-perserteppich-hamedan-13\\\/\",\"name\":\"Perserteppich Hamedan \\\/ Perserteppich Hamedan - Perzijske preproge Farzad\",\"isPartOf\":{\"@id\":\"https:\\\/\\\/www.perzijskepreproge.si\\\/de\\\/#website\"},\"primaryImageOfPage\":{\"@id\":\"https:\\\/\\\/www.perzijskepreproge.si\\\/de\\\/produkt\\\/perserteppich-hamedan-perserteppich-hamedan-13\\\/#primaryimage\"},\"image\":{\"@id\":\"https:\\\/\\\/www.perzijskepreproge.si\\\/de\\\/produkt\\\/perserteppich-hamedan-perserteppich-hamedan-13\\\/#primaryimage\"},\"thumbnailUrl\":\"https:\\\/\\\/www.perzijskepreproge.si\\\/wp-content\\\/uploads\\\/2023\\\/04\\\/20230425_172658jpg.jpg\",\"datePublished\":\"2023-04-28T13:46:08+00:00\",\"breadcrumb\":{\"@id\":\"https:\\\/\\\/www.perzijskepreproge.si\\\/de\\\/produkt\\\/perserteppich-hamedan-perserteppich-hamedan-13\\\/#breadcrumb\"},\"inLanguage\":\"de\",\"potentialAction\":[{\"@type\":\"ReadAction\",\"target\":[\"https:\\\/\\\/www.perzijskepreproge.si\\\/de\\\/produkt\\\/perserteppich-hamedan-perserteppich-hamedan-13\\\/\"]}]},{\"@type\":\"ImageObject\",\"inLanguage\":\"de\",\"@id\":\"https:\\\/\\\/www.perzijskepreproge.si\\\/de\\\/produkt\\\/perserteppich-hamedan-perserteppich-hamedan-13\\\/#primaryimage\",\"url\":\"https:\\\/\\\/www.perzijskepreproge.si\\\/wp-content\\\/uploads\\\/2023\\\/04\\\/20230425_172658jpg.jpg\",\"contentUrl\":\"https:\\\/\\\/www.perzijskepreproge.si\\\/wp-content\\\/uploads\\\/2023\\\/04\\\/20230425_172658jpg.jpg\",\"width\":600,\"height\":800},{\"@type\":\"BreadcrumbList\",\"@id\":\"https:\\\/\\\/www.perzijskepreproge.si\\\/de\\\/produkt\\\/perserteppich-hamedan-perserteppich-hamedan-13\\\/#breadcrumb\",\"itemListElement\":[{\"@type\":\"ListItem\",\"position\":1,\"name\":\"Heim\",\"item\":\"https:\\\/\\\/www.perzijskepreproge.si\\\/de\\\/perserteppiche-farzad\\\/\"},{\"@type\":\"ListItem\",\"position\":2,\"name\":\"Shop\",\"item\":\"https:\\\/\\\/www.perzijskepreproge.si\\\/de\\\/shop\\\/\"},{\"@type\":\"ListItem\",\"position\":3,\"name\":\"Perserteppich Hamedan \\\/ Perserteppich Hamedan\"}]},{\"@type\":\"WebSite\",\"@id\":\"https:\\\/\\\/www.perzijskepreproge.si\\\/de\\\/#website\",\"url\":\"https:\\\/\\\/www.perzijskepreproge.si\\\/de\\\/\",\"name\":\"Perzijske preproge Farzad\",\"description\":\"Perzijske preproge,  preprog in \u010di\u0161\u010denje preprog\",\"potentialAction\":[{\"@type\":\"SearchAction\",\"target\":{\"@type\":\"EntryPoint\",\"urlTemplate\":\"https:\\\/\\\/www.perzijskepreproge.si\\\/de\\\/?s={search_term_string}\"},\"query-input\":{\"@type\":\"PropertyValueSpecification\",\"valueRequired\":true,\"valueName\":\"search_term_string\"}}],\"inLanguage\":\"de\"}]}<\/script>\n<!-- \/ Yoast SEO plugin. -->","yoast_head_json":{"title":"Perserteppich Hamedan \/ Perserteppich Hamedan - Perzijske preproge Farzad","robots":{"index":"index","follow":"follow","max-snippet":"max-snippet:-1","max-image-preview":"max-image-preview:large","max-video-preview":"max-video-preview:-1"},"canonical":"https:\/\/www.perzijskepreproge.si\/de\/produkt\/perserteppich-hamedan-perserteppich-hamedan-13\/","og_locale":"de_DE","og_type":"article","og_title":"Perserteppich Hamedan \/ Perserteppich Hamedan - Perzijske preproge Farzad","og_description":"Reg. Nr.: 789 Gr\u00f6\u00dfe: 103 x 75 cm Material \/ Flor: Wolle Basis: Baumwolle Farben: Pflanzen Design: Medaillon, floral Webtechnik: handgefertigter Florteppich Knotendichte: 90.000 m\/2 Herkunft: Iran","og_url":"https:\/\/www.perzijskepreproge.si\/de\/produkt\/perserteppich-hamedan-perserteppich-hamedan-13\/","og_site_name":"Perzijske preproge Farzad","og_image":[{"width":600,"height":800,"url":"https:\/\/www.perzijskepreproge.si\/wp-content\/uploads\/2023\/04\/20230425_172658jpg.jpg","type":"image\/jpeg"}],"twitter_card":"summary_large_image","twitter_misc":{"Gesch\u00e4tzte Lesezeit":"2\u00a0Minute"},"schema":{"@context":"https:\/\/schema.org","@graph":[{"@type":"WebPage","@id":"https:\/\/www.perzijskepreproge.si\/de\/produkt\/perserteppich-hamedan-perserteppich-hamedan-13\/","url":"https:\/\/www.perzijskepreproge.si\/de\/produkt\/perserteppich-hamedan-perserteppich-hamedan-13\/","name":"Perserteppich Hamedan \/ Perserteppich Hamedan - Perzijske preproge Farzad","isPartOf":{"@id":"https:\/\/www.perzijskepreproge.si\/de\/#website"},"primaryImageOfPage":{"@id":"https:\/\/www.perzijskepreproge.si\/de\/produkt\/perserteppich-hamedan-perserteppich-hamedan-13\/#primaryimage"},"image":{"@id":"https:\/\/www.perzijskepreproge.si\/de\/produkt\/perserteppich-hamedan-perserteppich-hamedan-13\/#primaryimage"},"thumbnailUrl":"https:\/\/www.perzijskepreproge.si\/wp-content\/uploads\/2023\/04\/20230425_172658jpg.jpg","datePublished":"2023-04-28T13:46:08+00:00","breadcrumb":{"@id":"https:\/\/www.perzijskepreproge.si\/de\/produkt\/perserteppich-hamedan-perserteppich-hamedan-13\/#breadcrumb"},"inLanguage":"de","potentialAction":[{"@type":"ReadAction","target":["https:\/\/www.perzijskepreproge.si\/de\/produkt\/perserteppich-hamedan-perserteppich-hamedan-13\/"]}]},{"@type":"ImageObject","inLanguage":"de","@id":"https:\/\/www.perzijskepreproge.si\/de\/produkt\/perserteppich-hamedan-perserteppich-hamedan-13\/#primaryimage","url":"https:\/\/www.perzijskepreproge.si\/wp-content\/uploads\/2023\/04\/20230425_172658jpg.jpg","contentUrl":"https:\/\/www.perzijskepreproge.si\/wp-content\/uploads\/2023\/04\/20230425_172658jpg.jpg","width":600,"height":800},{"@type":"BreadcrumbList","@id":"https:\/\/www.perzijskepreproge.si\/de\/produkt\/perserteppich-hamedan-perserteppich-hamedan-13\/#breadcrumb","itemListElement":[{"@type":"ListItem","position":1,"name":"Heim","item":"https:\/\/www.perzijskepreproge.si\/de\/perserteppiche-farzad\/"},{"@type":"ListItem","position":2,"name":"Shop","item":"https:\/\/www.perzijskepreproge.si\/de\/shop\/"},{"@type":"ListItem","position":3,"name":"Perserteppich Hamedan \/ Perserteppich Hamedan"}]},{"@type":"WebSite","@id":"https:\/\/www.perzijskepreproge.si\/de\/#website","url":"https:\/\/www.perzijskepreproge.si\/de\/","name":"Perzijske preproge Farzad","description":"Perzijske preproge,  preprog in \u010di\u0161\u010denje preprog","potentialAction":[{"@type":"SearchAction","target":{"@type":"EntryPoint","urlTemplate":"https:\/\/www.perzijskepreproge.si\/de\/?s={search_term_string}"},"query-input":{"@type":"PropertyValueSpecification","valueRequired":true,"valueName":"search_term_string"}}],"inLanguage":"de"}]}},"_links":{"self":[{"href":"https:\/\/www.perzijskepreproge.si\/de\/wp-json\/wp\/v2\/product\/25775","targetHints":{"allow":["GET"]}}],"collection":[{"href":"https:\/\/www.perzijskepreproge.si\/de\/wp-json\/wp\/v2\/product"}],"about":[{"href":"https:\/\/www.perzijskepreproge.si\/de\/wp-json\/wp\/v2\/types\/product"}],"version-history":[{"count":0,"href":"https:\/\/www.perzijskepreproge.si\/de\/wp-json\/wp\/v2\/product\/25775\/revisions"}],"wp:featuredmedia":[{"embeddable":true,"href":"https:\/\/www.perzijskepreproge.si\/de\/wp-json\/wp\/v2\/media\/24119"}],"wp:attachment":[{"href":"https:\/\/www.perzijskepreproge.si\/de\/wp-json\/wp\/v2\/media?parent=25775"}],"wp:term":[{"taxonomy":"product_brand","embeddable":true,"href":"https:\/\/www.perzijskepreproge.si\/de\/wp-json\/wp\/v2\/product_brand?post=25775"},{"taxonomy":"product_cat","embeddable":true,"href":"https:\/\/www.perzijskepreproge.si\/de\/wp-json\/wp\/v2\/product_cat?post=25775"},{"taxonomy":"product_tag","embeddable":true,"href":"https:\/\/www.perzijskepreproge.si\/de\/wp-json\/wp\/v2\/product_tag?post=25775"}],"curies":[{"name":"wp","href":"https:\/\/api.w.org\/{rel}","templated":true}]}}