{"id":25835,"date":"2023-03-01T15:47:08","date_gmt":"2023-03-01T14:47:08","guid":{"rendered":"https:\/\/www.perzijskepreproge.si\/izdelek\/perserteppich-malayer-3\/"},"modified":"2023-03-01T15:47:08","modified_gmt":"2023-03-01T14:47:08","slug":"perserteppich-malayer-3","status":"publish","type":"product","link":"https:\/\/www.perzijskepreproge.si\/de\/produkt\/perserteppich-malayer-3\/","title":{"rendered":"Perserteppich Malayer"},"content":{"rendered":"<p>Einige der sch\u00f6nsten und dekorativsten Perserteppiche werden in Malayer und den umliegenden D\u00f6rfern hergestellt. Die F\u00fclle an unterschiedlichen Motiven wie <em>Boteh<\/em> (manchmal bedeutet es einen sprie\u00dfenden Samen, der in der Natur ein Symbol f\u00fcr Wiedergeburt und Fruchtbarkeit ist) war eines der beliebtesten Motive der Teppichkn\u00fcpfer (das heute als antik gilt) in dieser Gegend. Sie stellten auch gerne stilisierte V\u00f6gel, Herati-Muster (Rauten, umgeben von Palmetten oder Blumen) oder Bl\u00fctenblattmotive dar. Die Wolle wurde mit nat\u00fcrlichen, meist pflanzlichen Farbstoffen gef\u00e4rbt und die typische Grundfarbe der Teppiche dieser Region ist Dunkelblau. Wie alle anderen antiken Teppiche sind auch malaiische Teppiche eine gute Investition und erfreuen sich in letzter Zeit bei Teppichsammlern zunehmender Beliebtheit. Die dargestellten Motive sind der nat\u00fcrlichen Umgebung, lokalen und allgemeinen Traditionen sowie ihrem eigenen Leben entnommen. So findet man in Perserteppichen und auch in diesem wundersch\u00f6nen malaiischen Teppich alles von Sternen, stilisierten Blumen und Rauten (Herati) bis hin zu archaischen mesopotamischen Formen (Boteh).      <\/p>\n<p>&nbsp;<\/p>\n<p>&nbsp;<\/p>\n<p>&nbsp;<\/p>\n","protected":false},"excerpt":{"rendered":"<p>Reg. Nr.: 854<\/p>\n<p>Gr\u00f6\u00dfe: 90 x 68 cm<\/p>\n<p>Material \/ Flor: Wolle<\/p>\n<p>Basis: Baumwolle<\/p>\n<p>Farben: Pflanzen<\/p>\n<p>Design: Medaillon, floral<\/p>\n<p>Webtechnik: handgefertigter Florteppich<\/p>\n<p>Knotendichte: 160.000 m\/2<\/p>\n<p>Herkunft: Iran<\/p>\n","protected":false},"featured_media":23912,"template":"","meta":{"iawp_total_views":1},"product_brand":[],"product_cat":[392,288],"product_tag":[],"class_list":{"0":"post-25835","1":"product","2":"type-product","3":"status-publish","4":"has-post-thumbnail","6":"product_cat-kleine-teppiche-de-2","7":"product_cat-nomad-teppiche","8":"pa_barva-osnovna-weis-beige","9":"pa_material-wolle","10":"pa_oblika-rechteckig","11":"pa_velikost-cca-90-x-60-cm-de","13":"first","14":"instock","15":"sold-individually","16":"taxable","17":"shipping-taxable","18":"purchasable","19":"product-type-simple"},"yoast_head":"<!-- This site is optimized with the Yoast SEO plugin v27.3 - https:\/\/yoast.com\/product\/yoast-seo-wordpress\/ -->\n<title>Perserteppich Malayer - Perzijske preproge Farzad<\/title>\n<meta name=\"robots\" content=\"index, follow, max-snippet:-1, max-image-preview:large, max-video-preview:-1\" \/>\n<link rel=\"canonical\" href=\"https:\/\/www.perzijskepreproge.si\/de\/produkt\/perserteppich-malayer-3\/\" \/>\n<meta property=\"og:locale\" content=\"de_DE\" \/>\n<meta property=\"og:type\" content=\"article\" \/>\n<meta property=\"og:title\" content=\"Perserteppich Malayer - Perzijske preproge Farzad\" \/>\n<meta property=\"og:description\" content=\"Reg. Nr.: 854 Gr\u00f6\u00dfe: 90 x 68 cm Material \/ Flor: Wolle Basis: Baumwolle Farben: Pflanzen Design: Medaillon, floral Webtechnik: handgefertigter Florteppich Knotendichte: 160.000 m\/2 Herkunft: Iran\" \/>\n<meta property=\"og:url\" content=\"https:\/\/www.perzijskepreproge.si\/de\/produkt\/perserteppich-malayer-3\/\" \/>\n<meta property=\"og:site_name\" content=\"Perzijske preproge Farzad\" \/>\n<meta property=\"og:image\" content=\"https:\/\/www.perzijskepreproge.si\/wp-content\/uploads\/2023\/03\/IMG_0186jpg.jpg\" \/>\n\t<meta property=\"og:image:width\" content=\"680\" \/>\n\t<meta property=\"og:image:height\" content=\"900\" \/>\n\t<meta property=\"og:image:type\" content=\"image\/jpeg\" \/>\n<meta name=\"twitter:card\" content=\"summary_large_image\" \/>\n<meta name=\"twitter:label1\" content=\"Gesch\u00e4tzte Lesezeit\" \/>\n\t<meta name=\"twitter:data1\" content=\"1\u00a0Minute\" \/>\n<script type=\"application\/ld+json\" class=\"yoast-schema-graph\">{\"@context\":\"https:\\\/\\\/schema.org\",\"@graph\":[{\"@type\":\"WebPage\",\"@id\":\"https:\\\/\\\/www.perzijskepreproge.si\\\/de\\\/produkt\\\/perserteppich-malayer-3\\\/\",\"url\":\"https:\\\/\\\/www.perzijskepreproge.si\\\/de\\\/produkt\\\/perserteppich-malayer-3\\\/\",\"name\":\"Perserteppich Malayer - Perzijske preproge Farzad\",\"isPartOf\":{\"@id\":\"https:\\\/\\\/www.perzijskepreproge.si\\\/de\\\/#website\"},\"primaryImageOfPage\":{\"@id\":\"https:\\\/\\\/www.perzijskepreproge.si\\\/de\\\/produkt\\\/perserteppich-malayer-3\\\/#primaryimage\"},\"image\":{\"@id\":\"https:\\\/\\\/www.perzijskepreproge.si\\\/de\\\/produkt\\\/perserteppich-malayer-3\\\/#primaryimage\"},\"thumbnailUrl\":\"https:\\\/\\\/www.perzijskepreproge.si\\\/wp-content\\\/uploads\\\/2023\\\/03\\\/IMG_0186jpg.jpg\",\"datePublished\":\"2023-03-01T14:47:08+00:00\",\"breadcrumb\":{\"@id\":\"https:\\\/\\\/www.perzijskepreproge.si\\\/de\\\/produkt\\\/perserteppich-malayer-3\\\/#breadcrumb\"},\"inLanguage\":\"de\",\"potentialAction\":[{\"@type\":\"ReadAction\",\"target\":[\"https:\\\/\\\/www.perzijskepreproge.si\\\/de\\\/produkt\\\/perserteppich-malayer-3\\\/\"]}]},{\"@type\":\"ImageObject\",\"inLanguage\":\"de\",\"@id\":\"https:\\\/\\\/www.perzijskepreproge.si\\\/de\\\/produkt\\\/perserteppich-malayer-3\\\/#primaryimage\",\"url\":\"https:\\\/\\\/www.perzijskepreproge.si\\\/wp-content\\\/uploads\\\/2023\\\/03\\\/IMG_0186jpg.jpg\",\"contentUrl\":\"https:\\\/\\\/www.perzijskepreproge.si\\\/wp-content\\\/uploads\\\/2023\\\/03\\\/IMG_0186jpg.jpg\",\"width\":680,\"height\":900},{\"@type\":\"BreadcrumbList\",\"@id\":\"https:\\\/\\\/www.perzijskepreproge.si\\\/de\\\/produkt\\\/perserteppich-malayer-3\\\/#breadcrumb\",\"itemListElement\":[{\"@type\":\"ListItem\",\"position\":1,\"name\":\"Heim\",\"item\":\"https:\\\/\\\/www.perzijskepreproge.si\\\/de\\\/perserteppiche-farzad\\\/\"},{\"@type\":\"ListItem\",\"position\":2,\"name\":\"Shop\",\"item\":\"https:\\\/\\\/www.perzijskepreproge.si\\\/de\\\/shop\\\/\"},{\"@type\":\"ListItem\",\"position\":3,\"name\":\"Perserteppich Malayer\"}]},{\"@type\":\"WebSite\",\"@id\":\"https:\\\/\\\/www.perzijskepreproge.si\\\/de\\\/#website\",\"url\":\"https:\\\/\\\/www.perzijskepreproge.si\\\/de\\\/\",\"name\":\"Perzijske preproge Farzad\",\"description\":\"Perzijske preproge,  preprog in \u010di\u0161\u010denje preprog\",\"potentialAction\":[{\"@type\":\"SearchAction\",\"target\":{\"@type\":\"EntryPoint\",\"urlTemplate\":\"https:\\\/\\\/www.perzijskepreproge.si\\\/de\\\/?s={search_term_string}\"},\"query-input\":{\"@type\":\"PropertyValueSpecification\",\"valueRequired\":true,\"valueName\":\"search_term_string\"}}],\"inLanguage\":\"de\"}]}<\/script>\n<!-- \/ Yoast SEO plugin. -->","yoast_head_json":{"title":"Perserteppich Malayer - Perzijske preproge Farzad","robots":{"index":"index","follow":"follow","max-snippet":"max-snippet:-1","max-image-preview":"max-image-preview:large","max-video-preview":"max-video-preview:-1"},"canonical":"https:\/\/www.perzijskepreproge.si\/de\/produkt\/perserteppich-malayer-3\/","og_locale":"de_DE","og_type":"article","og_title":"Perserteppich Malayer - Perzijske preproge Farzad","og_description":"Reg. Nr.: 854 Gr\u00f6\u00dfe: 90 x 68 cm Material \/ Flor: Wolle Basis: Baumwolle Farben: Pflanzen Design: Medaillon, floral Webtechnik: handgefertigter Florteppich Knotendichte: 160.000 m\/2 Herkunft: Iran","og_url":"https:\/\/www.perzijskepreproge.si\/de\/produkt\/perserteppich-malayer-3\/","og_site_name":"Perzijske preproge Farzad","og_image":[{"width":680,"height":900,"url":"https:\/\/www.perzijskepreproge.si\/wp-content\/uploads\/2023\/03\/IMG_0186jpg.jpg","type":"image\/jpeg"}],"twitter_card":"summary_large_image","twitter_misc":{"Gesch\u00e4tzte Lesezeit":"1\u00a0Minute"},"schema":{"@context":"https:\/\/schema.org","@graph":[{"@type":"WebPage","@id":"https:\/\/www.perzijskepreproge.si\/de\/produkt\/perserteppich-malayer-3\/","url":"https:\/\/www.perzijskepreproge.si\/de\/produkt\/perserteppich-malayer-3\/","name":"Perserteppich Malayer - Perzijske preproge Farzad","isPartOf":{"@id":"https:\/\/www.perzijskepreproge.si\/de\/#website"},"primaryImageOfPage":{"@id":"https:\/\/www.perzijskepreproge.si\/de\/produkt\/perserteppich-malayer-3\/#primaryimage"},"image":{"@id":"https:\/\/www.perzijskepreproge.si\/de\/produkt\/perserteppich-malayer-3\/#primaryimage"},"thumbnailUrl":"https:\/\/www.perzijskepreproge.si\/wp-content\/uploads\/2023\/03\/IMG_0186jpg.jpg","datePublished":"2023-03-01T14:47:08+00:00","breadcrumb":{"@id":"https:\/\/www.perzijskepreproge.si\/de\/produkt\/perserteppich-malayer-3\/#breadcrumb"},"inLanguage":"de","potentialAction":[{"@type":"ReadAction","target":["https:\/\/www.perzijskepreproge.si\/de\/produkt\/perserteppich-malayer-3\/"]}]},{"@type":"ImageObject","inLanguage":"de","@id":"https:\/\/www.perzijskepreproge.si\/de\/produkt\/perserteppich-malayer-3\/#primaryimage","url":"https:\/\/www.perzijskepreproge.si\/wp-content\/uploads\/2023\/03\/IMG_0186jpg.jpg","contentUrl":"https:\/\/www.perzijskepreproge.si\/wp-content\/uploads\/2023\/03\/IMG_0186jpg.jpg","width":680,"height":900},{"@type":"BreadcrumbList","@id":"https:\/\/www.perzijskepreproge.si\/de\/produkt\/perserteppich-malayer-3\/#breadcrumb","itemListElement":[{"@type":"ListItem","position":1,"name":"Heim","item":"https:\/\/www.perzijskepreproge.si\/de\/perserteppiche-farzad\/"},{"@type":"ListItem","position":2,"name":"Shop","item":"https:\/\/www.perzijskepreproge.si\/de\/shop\/"},{"@type":"ListItem","position":3,"name":"Perserteppich Malayer"}]},{"@type":"WebSite","@id":"https:\/\/www.perzijskepreproge.si\/de\/#website","url":"https:\/\/www.perzijskepreproge.si\/de\/","name":"Perzijske preproge Farzad","description":"Perzijske preproge,  preprog in \u010di\u0161\u010denje preprog","potentialAction":[{"@type":"SearchAction","target":{"@type":"EntryPoint","urlTemplate":"https:\/\/www.perzijskepreproge.si\/de\/?s={search_term_string}"},"query-input":{"@type":"PropertyValueSpecification","valueRequired":true,"valueName":"search_term_string"}}],"inLanguage":"de"}]}},"_links":{"self":[{"href":"https:\/\/www.perzijskepreproge.si\/de\/wp-json\/wp\/v2\/product\/25835","targetHints":{"allow":["GET"]}}],"collection":[{"href":"https:\/\/www.perzijskepreproge.si\/de\/wp-json\/wp\/v2\/product"}],"about":[{"href":"https:\/\/www.perzijskepreproge.si\/de\/wp-json\/wp\/v2\/types\/product"}],"version-history":[{"count":0,"href":"https:\/\/www.perzijskepreproge.si\/de\/wp-json\/wp\/v2\/product\/25835\/revisions"}],"wp:featuredmedia":[{"embeddable":true,"href":"https:\/\/www.perzijskepreproge.si\/de\/wp-json\/wp\/v2\/media\/23912"}],"wp:attachment":[{"href":"https:\/\/www.perzijskepreproge.si\/de\/wp-json\/wp\/v2\/media?parent=25835"}],"wp:term":[{"taxonomy":"product_brand","embeddable":true,"href":"https:\/\/www.perzijskepreproge.si\/de\/wp-json\/wp\/v2\/product_brand?post=25835"},{"taxonomy":"product_cat","embeddable":true,"href":"https:\/\/www.perzijskepreproge.si\/de\/wp-json\/wp\/v2\/product_cat?post=25835"},{"taxonomy":"product_tag","embeddable":true,"href":"https:\/\/www.perzijskepreproge.si\/de\/wp-json\/wp\/v2\/product_tag?post=25835"}],"curies":[{"name":"wp","href":"https:\/\/api.w.org\/{rel}","templated":true}]}}