{"id":26906,"date":"2025-05-22T16:13:49","date_gmt":"2025-05-22T14:13:49","guid":{"rendered":"https:\/\/www.perzijskepreproge.si\/?post_type=product&#038;p=26906"},"modified":"2025-07-16T12:42:50","modified_gmt":"2025-07-16T10:42:50","slug":"perserteppich-gabbeh-perserteppich-gabbeh-kopija","status":"publish","type":"product","link":"https:\/\/www.perzijskepreproge.si\/de\/produkt\/perserteppich-gabbeh-perserteppich-gabbeh-kopija\/","title":{"rendered":"Perserteppich Gabbeh \/ Perserteppich Gabbeh"},"content":{"rendered":"<p>Gaba, Gabeh ( <em>Gava<\/em> im kurdischen und Lori-Dialekt, <em>Ker\u015fak<\/em> im Bachtiari-Dialekt) ist ein gekn\u00fcpfter Wollteppich, erkennbar an seinen l\u00e4ngeren F\u00e4den als es f\u00fcr persische Teppiche typisch ist. Charakteristisch ist zudem eine schlichte Gestaltung, die meist nur wenige Farben, Zeichen und Ornamente verwendet und auch stilisierte Figuren von Menschen oder Tieren beinhalten kann. Solche Teppiche werden von den Loris, Kurden und Gaschgais im Zagros-Gebirge hergestellt, das sich \u00fcber weite Teile des Iran erstreckt. Der Ursprung dieser Teppiche liegt angeblich in der Region Lorestan, von wo aus sich ihre Verwendung und Herstellung nach Norden bis in die kurdischen Gebiete und nach S\u00fcden bis in die Gaschgai-Gebiete ausbreitete.   <\/p>\n<p>Die Bergregion im Westen des Iran ist die Heimat der Lor und Bachtiaren, stolzer V\u00f6lker, deren Angeh\u00f6rige Nachkommen der urspr\u00fcnglichen Siedler des heutigen Iran sind. Die Lori stellen seit Tausenden von Jahren Teppiche auf urspr\u00fcngliche, unver\u00e4nderte Weise her. Die Produktionstechnik und die traditionellen Muster werden von Generation zu Generation weitergegeben, das endg\u00fcltige Aussehen h\u00e4ngt jedoch vor allem von der pers\u00f6nlichen Note des Herstellers ab. M\u00fctter bringen ihren T\u00f6chtern das Spinnen und Verarbeiten von Wolle bei, w\u00e4hrend V\u00e4ter das Wissen \u00fcber das Scheren von Wolle und den Bau von Webst\u00fchlen an ihre S\u00f6hne weitergeben. Die Motive, die sie darstellen, beziehen sie aus der Umgebung, der lokalen Tradition und ihrem eigenen Leben. In den Teppichen findet sich alles von Sternen bis hin zu archaischen mesopotamischen Formen.     <\/p>\n<p>Traditionelle Gabionen sind zwar sp\u00e4rlich gekn\u00fcpft (geringe Knotendichte pro Quadratzentimeter oder -meter), weisen daf\u00fcr aber recht lange F\u00e4den (ca. 3\u20134 cm) und viele Schussf\u00e4den (Querf\u00e4den in der Kette) zwischen den Knotenreihen auf, was f\u00fcr andere zeitgen\u00f6ssische Teppiche untypisch ist. Einzige Ausnahme hiervon sind die alten <em>Gabbeji ye \u0161iri<\/em> mit L\u00f6wenmotiv, die vom Stamm der Darra\u0161uri hergestellt werden. Die Farben der Gabionen sind meist pflanzlichen Ursprungs, es wird aber auch ungef\u00e4rbte Wolle verwendet ( <em>shiri<\/em> \u2013 creme, <em>\u0161etori<\/em> \u2013 hellbraun, <em>siah<\/em> \u2013 schwarz).  <\/p>\n<p>Eine Frau, die vor ihrer Reise einen so dicken Wollteppich hergestellt hat, kann <em>eine Ma\u0161k<\/em> (eine Wasserflasche aus Ziegenleder), einen Faltwebstuhl, eine Wiege, ein wertvolles Fell oder andere Gegenst\u00e4nde darin einwickeln. Aufgrund seiner Weichheit eignet sich Gaba auch sehr gut als Sattel und zum Schlafen. <\/p>\n","protected":false},"excerpt":{"rendered":"<p>Reg. Nr.: 1121<\/p>\n<p>Gr\u00f6\u00dfe: 181 x 146 cm<\/p>\n<p>Material \/ Flor: Wolle<\/p>\n<p>Basis: Wolle<\/p>\n<p>Farben: Pflanzen<\/p>\n<p>Design: geometrisch<\/p>\n<p>Webtechnik: handgefertigter Florteppich<\/p>\n<p>Knotendichte: 150.000 m\/2<\/p>\n<p>Herkunft: Iran<\/p>\n<p>&nbsp;<\/p>\n","protected":false},"featured_media":26924,"template":"","meta":{"iawp_total_views":1},"product_brand":[],"product_cat":[425],"product_tag":[],"class_list":{"0":"post-26906","1":"product","2":"type-product","3":"status-publish","4":"has-post-thumbnail","6":"product_cat-moderne-teppiche","7":"pa_material-wolle","8":"pa_oblika-rechteckig","10":"first","11":"instock","12":"sold-individually","13":"taxable","14":"shipping-taxable","15":"purchasable","16":"product-type-simple"},"yoast_head":"<!-- This site is optimized with the Yoast SEO plugin v27.3 - https:\/\/yoast.com\/product\/yoast-seo-wordpress\/ -->\n<title>Perserteppich Gabbeh \/ Perserteppich Gabbeh - Perzijske preproge Farzad<\/title>\n<meta name=\"robots\" content=\"index, follow, max-snippet:-1, max-image-preview:large, max-video-preview:-1\" \/>\n<link rel=\"canonical\" href=\"https:\/\/www.perzijskepreproge.si\/de\/produkt\/perserteppich-gabbeh-perserteppich-gabbeh-kopija\/\" \/>\n<meta property=\"og:locale\" content=\"de_DE\" \/>\n<meta property=\"og:type\" content=\"article\" \/>\n<meta property=\"og:title\" content=\"Perserteppich Gabbeh \/ Perserteppich Gabbeh - Perzijske preproge Farzad\" \/>\n<meta property=\"og:description\" content=\"Reg. Nr.: 1121 Gr\u00f6\u00dfe: 181 x 146 cm Material \/ Flor: Wolle Basis: Wolle Farben: Pflanzen Design: geometrisch Webtechnik: handgefertigter Florteppich Knotendichte: 150.000 m\/2 Herkunft: Iran &nbsp;\" \/>\n<meta property=\"og:url\" content=\"https:\/\/www.perzijskepreproge.si\/de\/produkt\/perserteppich-gabbeh-perserteppich-gabbeh-kopija\/\" \/>\n<meta property=\"og:site_name\" content=\"Perzijske preproge Farzad\" \/>\n<meta property=\"article:modified_time\" content=\"2025-07-16T10:42:50+00:00\" \/>\n<meta property=\"og:image\" content=\"https:\/\/www.perzijskepreproge.si\/wp-content\/uploads\/2025\/05\/IMG_20250522_160051jpg.jpg\" \/>\n\t<meta property=\"og:image:width\" content=\"900\" \/>\n\t<meta property=\"og:image:height\" content=\"1200\" \/>\n\t<meta property=\"og:image:type\" content=\"image\/jpeg\" \/>\n<meta name=\"twitter:card\" content=\"summary_large_image\" \/>\n<meta name=\"twitter:label1\" content=\"Gesch\u00e4tzte Lesezeit\" \/>\n\t<meta name=\"twitter:data1\" content=\"2\u00a0Minute\" \/>\n<script type=\"application\/ld+json\" class=\"yoast-schema-graph\">{\"@context\":\"https:\\\/\\\/schema.org\",\"@graph\":[{\"@type\":\"WebPage\",\"@id\":\"https:\\\/\\\/www.perzijskepreproge.si\\\/de\\\/produkt\\\/perserteppich-gabbeh-perserteppich-gabbeh-kopija\\\/\",\"url\":\"https:\\\/\\\/www.perzijskepreproge.si\\\/de\\\/produkt\\\/perserteppich-gabbeh-perserteppich-gabbeh-kopija\\\/\",\"name\":\"Perserteppich Gabbeh \\\/ Perserteppich Gabbeh - Perzijske preproge Farzad\",\"isPartOf\":{\"@id\":\"https:\\\/\\\/www.perzijskepreproge.si\\\/de\\\/#website\"},\"primaryImageOfPage\":{\"@id\":\"https:\\\/\\\/www.perzijskepreproge.si\\\/de\\\/produkt\\\/perserteppich-gabbeh-perserteppich-gabbeh-kopija\\\/#primaryimage\"},\"image\":{\"@id\":\"https:\\\/\\\/www.perzijskepreproge.si\\\/de\\\/produkt\\\/perserteppich-gabbeh-perserteppich-gabbeh-kopija\\\/#primaryimage\"},\"thumbnailUrl\":\"https:\\\/\\\/www.perzijskepreproge.si\\\/wp-content\\\/uploads\\\/2025\\\/05\\\/IMG_20250522_160051jpg.jpg\",\"datePublished\":\"2025-05-22T14:13:49+00:00\",\"dateModified\":\"2025-07-16T10:42:50+00:00\",\"breadcrumb\":{\"@id\":\"https:\\\/\\\/www.perzijskepreproge.si\\\/de\\\/produkt\\\/perserteppich-gabbeh-perserteppich-gabbeh-kopija\\\/#breadcrumb\"},\"inLanguage\":\"de\",\"potentialAction\":[{\"@type\":\"ReadAction\",\"target\":[\"https:\\\/\\\/www.perzijskepreproge.si\\\/de\\\/produkt\\\/perserteppich-gabbeh-perserteppich-gabbeh-kopija\\\/\"]}]},{\"@type\":\"ImageObject\",\"inLanguage\":\"de\",\"@id\":\"https:\\\/\\\/www.perzijskepreproge.si\\\/de\\\/produkt\\\/perserteppich-gabbeh-perserteppich-gabbeh-kopija\\\/#primaryimage\",\"url\":\"https:\\\/\\\/www.perzijskepreproge.si\\\/wp-content\\\/uploads\\\/2025\\\/05\\\/IMG_20250522_160051jpg.jpg\",\"contentUrl\":\"https:\\\/\\\/www.perzijskepreproge.si\\\/wp-content\\\/uploads\\\/2025\\\/05\\\/IMG_20250522_160051jpg.jpg\",\"width\":900,\"height\":1200},{\"@type\":\"BreadcrumbList\",\"@id\":\"https:\\\/\\\/www.perzijskepreproge.si\\\/de\\\/produkt\\\/perserteppich-gabbeh-perserteppich-gabbeh-kopija\\\/#breadcrumb\",\"itemListElement\":[{\"@type\":\"ListItem\",\"position\":1,\"name\":\"Heim\",\"item\":\"https:\\\/\\\/www.perzijskepreproge.si\\\/de\\\/perserteppiche-farzad\\\/\"},{\"@type\":\"ListItem\",\"position\":2,\"name\":\"Shop\",\"item\":\"https:\\\/\\\/www.perzijskepreproge.si\\\/de\\\/shop\\\/\"},{\"@type\":\"ListItem\",\"position\":3,\"name\":\"Perserteppich Gabbeh \\\/ Perserteppich Gabbeh\"}]},{\"@type\":\"WebSite\",\"@id\":\"https:\\\/\\\/www.perzijskepreproge.si\\\/de\\\/#website\",\"url\":\"https:\\\/\\\/www.perzijskepreproge.si\\\/de\\\/\",\"name\":\"Perzijske preproge Farzad\",\"description\":\"Perzijske preproge,  preprog in \u010di\u0161\u010denje preprog\",\"potentialAction\":[{\"@type\":\"SearchAction\",\"target\":{\"@type\":\"EntryPoint\",\"urlTemplate\":\"https:\\\/\\\/www.perzijskepreproge.si\\\/de\\\/?s={search_term_string}\"},\"query-input\":{\"@type\":\"PropertyValueSpecification\",\"valueRequired\":true,\"valueName\":\"search_term_string\"}}],\"inLanguage\":\"de\"}]}<\/script>\n<!-- \/ Yoast SEO plugin. -->","yoast_head_json":{"title":"Perserteppich Gabbeh \/ Perserteppich Gabbeh - Perzijske preproge Farzad","robots":{"index":"index","follow":"follow","max-snippet":"max-snippet:-1","max-image-preview":"max-image-preview:large","max-video-preview":"max-video-preview:-1"},"canonical":"https:\/\/www.perzijskepreproge.si\/de\/produkt\/perserteppich-gabbeh-perserteppich-gabbeh-kopija\/","og_locale":"de_DE","og_type":"article","og_title":"Perserteppich Gabbeh \/ Perserteppich Gabbeh - Perzijske preproge Farzad","og_description":"Reg. Nr.: 1121 Gr\u00f6\u00dfe: 181 x 146 cm Material \/ Flor: Wolle Basis: Wolle Farben: Pflanzen Design: geometrisch Webtechnik: handgefertigter Florteppich Knotendichte: 150.000 m\/2 Herkunft: Iran &nbsp;","og_url":"https:\/\/www.perzijskepreproge.si\/de\/produkt\/perserteppich-gabbeh-perserteppich-gabbeh-kopija\/","og_site_name":"Perzijske preproge Farzad","article_modified_time":"2025-07-16T10:42:50+00:00","og_image":[{"width":900,"height":1200,"url":"https:\/\/www.perzijskepreproge.si\/wp-content\/uploads\/2025\/05\/IMG_20250522_160051jpg.jpg","type":"image\/jpeg"}],"twitter_card":"summary_large_image","twitter_misc":{"Gesch\u00e4tzte Lesezeit":"2\u00a0Minute"},"schema":{"@context":"https:\/\/schema.org","@graph":[{"@type":"WebPage","@id":"https:\/\/www.perzijskepreproge.si\/de\/produkt\/perserteppich-gabbeh-perserteppich-gabbeh-kopija\/","url":"https:\/\/www.perzijskepreproge.si\/de\/produkt\/perserteppich-gabbeh-perserteppich-gabbeh-kopija\/","name":"Perserteppich Gabbeh \/ Perserteppich Gabbeh - Perzijske preproge Farzad","isPartOf":{"@id":"https:\/\/www.perzijskepreproge.si\/de\/#website"},"primaryImageOfPage":{"@id":"https:\/\/www.perzijskepreproge.si\/de\/produkt\/perserteppich-gabbeh-perserteppich-gabbeh-kopija\/#primaryimage"},"image":{"@id":"https:\/\/www.perzijskepreproge.si\/de\/produkt\/perserteppich-gabbeh-perserteppich-gabbeh-kopija\/#primaryimage"},"thumbnailUrl":"https:\/\/www.perzijskepreproge.si\/wp-content\/uploads\/2025\/05\/IMG_20250522_160051jpg.jpg","datePublished":"2025-05-22T14:13:49+00:00","dateModified":"2025-07-16T10:42:50+00:00","breadcrumb":{"@id":"https:\/\/www.perzijskepreproge.si\/de\/produkt\/perserteppich-gabbeh-perserteppich-gabbeh-kopija\/#breadcrumb"},"inLanguage":"de","potentialAction":[{"@type":"ReadAction","target":["https:\/\/www.perzijskepreproge.si\/de\/produkt\/perserteppich-gabbeh-perserteppich-gabbeh-kopija\/"]}]},{"@type":"ImageObject","inLanguage":"de","@id":"https:\/\/www.perzijskepreproge.si\/de\/produkt\/perserteppich-gabbeh-perserteppich-gabbeh-kopija\/#primaryimage","url":"https:\/\/www.perzijskepreproge.si\/wp-content\/uploads\/2025\/05\/IMG_20250522_160051jpg.jpg","contentUrl":"https:\/\/www.perzijskepreproge.si\/wp-content\/uploads\/2025\/05\/IMG_20250522_160051jpg.jpg","width":900,"height":1200},{"@type":"BreadcrumbList","@id":"https:\/\/www.perzijskepreproge.si\/de\/produkt\/perserteppich-gabbeh-perserteppich-gabbeh-kopija\/#breadcrumb","itemListElement":[{"@type":"ListItem","position":1,"name":"Heim","item":"https:\/\/www.perzijskepreproge.si\/de\/perserteppiche-farzad\/"},{"@type":"ListItem","position":2,"name":"Shop","item":"https:\/\/www.perzijskepreproge.si\/de\/shop\/"},{"@type":"ListItem","position":3,"name":"Perserteppich Gabbeh \/ Perserteppich Gabbeh"}]},{"@type":"WebSite","@id":"https:\/\/www.perzijskepreproge.si\/de\/#website","url":"https:\/\/www.perzijskepreproge.si\/de\/","name":"Perzijske preproge Farzad","description":"Perzijske preproge,  preprog in \u010di\u0161\u010denje preprog","potentialAction":[{"@type":"SearchAction","target":{"@type":"EntryPoint","urlTemplate":"https:\/\/www.perzijskepreproge.si\/de\/?s={search_term_string}"},"query-input":{"@type":"PropertyValueSpecification","valueRequired":true,"valueName":"search_term_string"}}],"inLanguage":"de"}]}},"_links":{"self":[{"href":"https:\/\/www.perzijskepreproge.si\/de\/wp-json\/wp\/v2\/product\/26906","targetHints":{"allow":["GET"]}}],"collection":[{"href":"https:\/\/www.perzijskepreproge.si\/de\/wp-json\/wp\/v2\/product"}],"about":[{"href":"https:\/\/www.perzijskepreproge.si\/de\/wp-json\/wp\/v2\/types\/product"}],"version-history":[{"count":2,"href":"https:\/\/www.perzijskepreproge.si\/de\/wp-json\/wp\/v2\/product\/26906\/revisions"}],"predecessor-version":[{"id":27472,"href":"https:\/\/www.perzijskepreproge.si\/de\/wp-json\/wp\/v2\/product\/26906\/revisions\/27472"}],"wp:featuredmedia":[{"embeddable":true,"href":"https:\/\/www.perzijskepreproge.si\/de\/wp-json\/wp\/v2\/media\/26924"}],"wp:attachment":[{"href":"https:\/\/www.perzijskepreproge.si\/de\/wp-json\/wp\/v2\/media?parent=26906"}],"wp:term":[{"taxonomy":"product_brand","embeddable":true,"href":"https:\/\/www.perzijskepreproge.si\/de\/wp-json\/wp\/v2\/product_brand?post=26906"},{"taxonomy":"product_cat","embeddable":true,"href":"https:\/\/www.perzijskepreproge.si\/de\/wp-json\/wp\/v2\/product_cat?post=26906"},{"taxonomy":"product_tag","embeddable":true,"href":"https:\/\/www.perzijskepreproge.si\/de\/wp-json\/wp\/v2\/product_tag?post=26906"}],"curies":[{"name":"wp","href":"https:\/\/api.w.org\/{rel}","templated":true}]}}