{"id":27208,"date":"2025-06-02T11:59:37","date_gmt":"2025-06-02T09:59:37","guid":{"rendered":"https:\/\/www.perzijskepreproge.si\/?post_type=product&#038;p=27208"},"modified":"2025-07-16T12:42:49","modified_gmt":"2025-07-16T10:42:49","slug":"persischer-kelim-persischer-kelim-kopija-2","status":"publish","type":"product","link":"https:\/\/www.perzijskepreproge.si\/de\/produkt\/persischer-kelim-persischer-kelim-kopija-2\/","title":{"rendered":"Persischer Kelim \/ Persischer Kelim"},"content":{"rendered":"<p style=\"text-align: left;\"><strong> <\/strong><\/p>\n<p>&nbsp;<\/p>\n","protected":false},"excerpt":{"rendered":"<p>Reg. Nr.: 128<\/p>\n<p> Gr\u00f6\u00dfe: 161 x 107 cm<\/p>\n<p> Material \/ Flor: Wolle<\/p>\n<p> Basis: Wolle<\/p>\n<p> Farben: Pflanzen<\/p>\n<p> Design: geometrisch<\/p>\n<p> Webtechnik: handgefertigtes Flachgewebe<\/p>\n<p> Herkunft: Iran<\/p>\n<p>&nbsp;<\/p>\n","protected":false},"featured_media":27218,"template":"","meta":{"iawp_total_views":1},"product_brand":[],"product_cat":[358,363],"product_tag":[],"class_list":{"0":"post-27208","1":"product","2":"type-product","3":"status-publish","4":"has-post-thumbnail","6":"product_cat-kelims","7":"product_cat-mittlere-teppiche-de","8":"pa_barva-osnovna-mehrfarbig","9":"pa_material-wolle","10":"pa_oblika-rechteckig","11":"pa_velikost-cca-200-x-120-de","13":"first","14":"instock","15":"featured","16":"sold-individually","17":"taxable","18":"shipping-taxable","19":"purchasable","20":"product-type-simple"},"yoast_head":"<!-- This site is optimized with the Yoast SEO plugin v27.3 - https:\/\/yoast.com\/product\/yoast-seo-wordpress\/ -->\n<title>Persischer Kelim \/ Persischer Kelim - Perzijske preproge Farzad<\/title>\n<meta name=\"robots\" content=\"index, follow, max-snippet:-1, max-image-preview:large, max-video-preview:-1\" \/>\n<link rel=\"canonical\" href=\"https:\/\/www.perzijskepreproge.si\/de\/produkt\/persischer-kelim-persischer-kelim-kopija-2\/\" \/>\n<meta property=\"og:locale\" content=\"de_DE\" \/>\n<meta property=\"og:type\" content=\"article\" \/>\n<meta property=\"og:title\" content=\"Persischer Kelim \/ Persischer Kelim - Perzijske preproge Farzad\" \/>\n<meta property=\"og:description\" content=\"Reg. Nr.: 128  Gr\u00f6\u00dfe: 161 x 107 cm  Material \/ Flor: Wolle  Basis: Wolle  Farben: Pflanzen  Design: geometrisch  Webtechnik: handgefertigtes Flachgewebe  Herkunft: Iran &nbsp;\" \/>\n<meta property=\"og:url\" content=\"https:\/\/www.perzijskepreproge.si\/de\/produkt\/persischer-kelim-persischer-kelim-kopija-2\/\" \/>\n<meta property=\"og:site_name\" content=\"Perzijske preproge Farzad\" \/>\n<meta property=\"article:modified_time\" content=\"2025-07-16T10:42:49+00:00\" \/>\n<meta property=\"og:image\" content=\"https:\/\/www.perzijskepreproge.si\/wp-content\/uploads\/2025\/06\/IMG_20250602_114728jpg.jpg\" \/>\n\t<meta property=\"og:image:width\" content=\"840\" \/>\n\t<meta property=\"og:image:height\" content=\"1200\" \/>\n\t<meta property=\"og:image:type\" content=\"image\/jpeg\" \/>\n<meta name=\"twitter:card\" content=\"summary_large_image\" \/>\n<script type=\"application\/ld+json\" class=\"yoast-schema-graph\">{\"@context\":\"https:\\\/\\\/schema.org\",\"@graph\":[{\"@type\":\"WebPage\",\"@id\":\"https:\\\/\\\/www.perzijskepreproge.si\\\/de\\\/produkt\\\/persischer-kelim-persischer-kelim-kopija-2\\\/\",\"url\":\"https:\\\/\\\/www.perzijskepreproge.si\\\/de\\\/produkt\\\/persischer-kelim-persischer-kelim-kopija-2\\\/\",\"name\":\"Persischer Kelim \\\/ Persischer Kelim - Perzijske preproge Farzad\",\"isPartOf\":{\"@id\":\"https:\\\/\\\/www.perzijskepreproge.si\\\/de\\\/#website\"},\"primaryImageOfPage\":{\"@id\":\"https:\\\/\\\/www.perzijskepreproge.si\\\/de\\\/produkt\\\/persischer-kelim-persischer-kelim-kopija-2\\\/#primaryimage\"},\"image\":{\"@id\":\"https:\\\/\\\/www.perzijskepreproge.si\\\/de\\\/produkt\\\/persischer-kelim-persischer-kelim-kopija-2\\\/#primaryimage\"},\"thumbnailUrl\":\"https:\\\/\\\/www.perzijskepreproge.si\\\/wp-content\\\/uploads\\\/2025\\\/06\\\/IMG_20250602_114728jpg.jpg\",\"datePublished\":\"2025-06-02T09:59:37+00:00\",\"dateModified\":\"2025-07-16T10:42:49+00:00\",\"breadcrumb\":{\"@id\":\"https:\\\/\\\/www.perzijskepreproge.si\\\/de\\\/produkt\\\/persischer-kelim-persischer-kelim-kopija-2\\\/#breadcrumb\"},\"inLanguage\":\"de\",\"potentialAction\":[{\"@type\":\"ReadAction\",\"target\":[\"https:\\\/\\\/www.perzijskepreproge.si\\\/de\\\/produkt\\\/persischer-kelim-persischer-kelim-kopija-2\\\/\"]}]},{\"@type\":\"ImageObject\",\"inLanguage\":\"de\",\"@id\":\"https:\\\/\\\/www.perzijskepreproge.si\\\/de\\\/produkt\\\/persischer-kelim-persischer-kelim-kopija-2\\\/#primaryimage\",\"url\":\"https:\\\/\\\/www.perzijskepreproge.si\\\/wp-content\\\/uploads\\\/2025\\\/06\\\/IMG_20250602_114728jpg.jpg\",\"contentUrl\":\"https:\\\/\\\/www.perzijskepreproge.si\\\/wp-content\\\/uploads\\\/2025\\\/06\\\/IMG_20250602_114728jpg.jpg\",\"width\":840,\"height\":1200},{\"@type\":\"BreadcrumbList\",\"@id\":\"https:\\\/\\\/www.perzijskepreproge.si\\\/de\\\/produkt\\\/persischer-kelim-persischer-kelim-kopija-2\\\/#breadcrumb\",\"itemListElement\":[{\"@type\":\"ListItem\",\"position\":1,\"name\":\"Heim\",\"item\":\"https:\\\/\\\/www.perzijskepreproge.si\\\/de\\\/perserteppiche-farzad\\\/\"},{\"@type\":\"ListItem\",\"position\":2,\"name\":\"Shop\",\"item\":\"https:\\\/\\\/www.perzijskepreproge.si\\\/de\\\/shop\\\/\"},{\"@type\":\"ListItem\",\"position\":3,\"name\":\"Persischer Kelim \\\/ Persischer Kelim\"}]},{\"@type\":\"WebSite\",\"@id\":\"https:\\\/\\\/www.perzijskepreproge.si\\\/de\\\/#website\",\"url\":\"https:\\\/\\\/www.perzijskepreproge.si\\\/de\\\/\",\"name\":\"Perzijske preproge Farzad\",\"description\":\"Perzijske preproge,  preprog in \u010di\u0161\u010denje preprog\",\"potentialAction\":[{\"@type\":\"SearchAction\",\"target\":{\"@type\":\"EntryPoint\",\"urlTemplate\":\"https:\\\/\\\/www.perzijskepreproge.si\\\/de\\\/?s={search_term_string}\"},\"query-input\":{\"@type\":\"PropertyValueSpecification\",\"valueRequired\":true,\"valueName\":\"search_term_string\"}}],\"inLanguage\":\"de\"}]}<\/script>\n<!-- \/ Yoast SEO plugin. -->","yoast_head_json":{"title":"Persischer Kelim \/ Persischer Kelim - Perzijske preproge Farzad","robots":{"index":"index","follow":"follow","max-snippet":"max-snippet:-1","max-image-preview":"max-image-preview:large","max-video-preview":"max-video-preview:-1"},"canonical":"https:\/\/www.perzijskepreproge.si\/de\/produkt\/persischer-kelim-persischer-kelim-kopija-2\/","og_locale":"de_DE","og_type":"article","og_title":"Persischer Kelim \/ Persischer Kelim - Perzijske preproge Farzad","og_description":"Reg. Nr.: 128  Gr\u00f6\u00dfe: 161 x 107 cm  Material \/ Flor: Wolle  Basis: Wolle  Farben: Pflanzen  Design: geometrisch  Webtechnik: handgefertigtes Flachgewebe  Herkunft: Iran &nbsp;","og_url":"https:\/\/www.perzijskepreproge.si\/de\/produkt\/persischer-kelim-persischer-kelim-kopija-2\/","og_site_name":"Perzijske preproge Farzad","article_modified_time":"2025-07-16T10:42:49+00:00","og_image":[{"width":840,"height":1200,"url":"https:\/\/www.perzijskepreproge.si\/wp-content\/uploads\/2025\/06\/IMG_20250602_114728jpg.jpg","type":"image\/jpeg"}],"twitter_card":"summary_large_image","schema":{"@context":"https:\/\/schema.org","@graph":[{"@type":"WebPage","@id":"https:\/\/www.perzijskepreproge.si\/de\/produkt\/persischer-kelim-persischer-kelim-kopija-2\/","url":"https:\/\/www.perzijskepreproge.si\/de\/produkt\/persischer-kelim-persischer-kelim-kopija-2\/","name":"Persischer Kelim \/ Persischer Kelim - Perzijske preproge Farzad","isPartOf":{"@id":"https:\/\/www.perzijskepreproge.si\/de\/#website"},"primaryImageOfPage":{"@id":"https:\/\/www.perzijskepreproge.si\/de\/produkt\/persischer-kelim-persischer-kelim-kopija-2\/#primaryimage"},"image":{"@id":"https:\/\/www.perzijskepreproge.si\/de\/produkt\/persischer-kelim-persischer-kelim-kopija-2\/#primaryimage"},"thumbnailUrl":"https:\/\/www.perzijskepreproge.si\/wp-content\/uploads\/2025\/06\/IMG_20250602_114728jpg.jpg","datePublished":"2025-06-02T09:59:37+00:00","dateModified":"2025-07-16T10:42:49+00:00","breadcrumb":{"@id":"https:\/\/www.perzijskepreproge.si\/de\/produkt\/persischer-kelim-persischer-kelim-kopija-2\/#breadcrumb"},"inLanguage":"de","potentialAction":[{"@type":"ReadAction","target":["https:\/\/www.perzijskepreproge.si\/de\/produkt\/persischer-kelim-persischer-kelim-kopija-2\/"]}]},{"@type":"ImageObject","inLanguage":"de","@id":"https:\/\/www.perzijskepreproge.si\/de\/produkt\/persischer-kelim-persischer-kelim-kopija-2\/#primaryimage","url":"https:\/\/www.perzijskepreproge.si\/wp-content\/uploads\/2025\/06\/IMG_20250602_114728jpg.jpg","contentUrl":"https:\/\/www.perzijskepreproge.si\/wp-content\/uploads\/2025\/06\/IMG_20250602_114728jpg.jpg","width":840,"height":1200},{"@type":"BreadcrumbList","@id":"https:\/\/www.perzijskepreproge.si\/de\/produkt\/persischer-kelim-persischer-kelim-kopija-2\/#breadcrumb","itemListElement":[{"@type":"ListItem","position":1,"name":"Heim","item":"https:\/\/www.perzijskepreproge.si\/de\/perserteppiche-farzad\/"},{"@type":"ListItem","position":2,"name":"Shop","item":"https:\/\/www.perzijskepreproge.si\/de\/shop\/"},{"@type":"ListItem","position":3,"name":"Persischer Kelim \/ Persischer Kelim"}]},{"@type":"WebSite","@id":"https:\/\/www.perzijskepreproge.si\/de\/#website","url":"https:\/\/www.perzijskepreproge.si\/de\/","name":"Perzijske preproge Farzad","description":"Perzijske preproge,  preprog in \u010di\u0161\u010denje preprog","potentialAction":[{"@type":"SearchAction","target":{"@type":"EntryPoint","urlTemplate":"https:\/\/www.perzijskepreproge.si\/de\/?s={search_term_string}"},"query-input":{"@type":"PropertyValueSpecification","valueRequired":true,"valueName":"search_term_string"}}],"inLanguage":"de"}]}},"_links":{"self":[{"href":"https:\/\/www.perzijskepreproge.si\/de\/wp-json\/wp\/v2\/product\/27208","targetHints":{"allow":["GET"]}}],"collection":[{"href":"https:\/\/www.perzijskepreproge.si\/de\/wp-json\/wp\/v2\/product"}],"about":[{"href":"https:\/\/www.perzijskepreproge.si\/de\/wp-json\/wp\/v2\/types\/product"}],"version-history":[{"count":2,"href":"https:\/\/www.perzijskepreproge.si\/de\/wp-json\/wp\/v2\/product\/27208\/revisions"}],"predecessor-version":[{"id":27463,"href":"https:\/\/www.perzijskepreproge.si\/de\/wp-json\/wp\/v2\/product\/27208\/revisions\/27463"}],"wp:featuredmedia":[{"embeddable":true,"href":"https:\/\/www.perzijskepreproge.si\/de\/wp-json\/wp\/v2\/media\/27218"}],"wp:attachment":[{"href":"https:\/\/www.perzijskepreproge.si\/de\/wp-json\/wp\/v2\/media?parent=27208"}],"wp:term":[{"taxonomy":"product_brand","embeddable":true,"href":"https:\/\/www.perzijskepreproge.si\/de\/wp-json\/wp\/v2\/product_brand?post=27208"},{"taxonomy":"product_cat","embeddable":true,"href":"https:\/\/www.perzijskepreproge.si\/de\/wp-json\/wp\/v2\/product_cat?post=27208"},{"taxonomy":"product_tag","embeddable":true,"href":"https:\/\/www.perzijskepreproge.si\/de\/wp-json\/wp\/v2\/product_tag?post=27208"}],"curies":[{"name":"wp","href":"https:\/\/api.w.org\/{rel}","templated":true}]}}