{"id":27319,"date":"2025-06-02T16:34:17","date_gmt":"2025-06-02T14:34:17","guid":{"rendered":"https:\/\/www.perzijskepreproge.si\/?post_type=product&#038;p=27319"},"modified":"2026-04-13T13:25:29","modified_gmt":"2026-04-13T11:25:29","slug":"persischer-kelim-persischer-kelim-kopija-kopija-kopija","status":"publish","type":"product","link":"https:\/\/www.perzijskepreproge.si\/de\/produkt\/persischer-kelim-persischer-kelim-kopija-kopija-kopija\/","title":{"rendered":"Persischer Kilim \/ Persian Kilim Senneh"},"content":{"rendered":"<p>Nomadische persische Kilims sind wunderbare Beispiele der Kunst, die das reiche kulturelle Erbe und die Lebensweise nomadischer Gemeinschaften widerspiegeln. Ihre Muster und Farben sind h\u00e4ufig Ausdruck der Geschichte, der Natur und der Glaubensvorstellungen der Menschen, die sie herstellen, und sind voller Symbolik und Geschichten.  Was an nomadischen persischen Kilims besonders sch\u00f6n ist, ist ihre Authentizit\u00e4t und Einzigartigkeit. Jedes St\u00fcck wird in Handarbeit mit Liebe und Sorgfalt gefertigt, was ihnen einen besonderen Wert verleiht. Ihre farbenfrohen Motive, geometrischen Muster und Symbole spiegeln Naturelemente, Schutzsymbole, Fruchtbarkeit und andere wichtige Aspekte des Nomadenlebens wider. Neben dem \u00e4sthetischen Aspekt sind diese Kilims auch funktional \u2013 sie dienen als Decken, Schlafunterlagen oder dekorative Elemente in Wohnr\u00e4umen und tragen zugleich Geschichten und Traditionen weiter, die von Generation zu Generation \u00fcberliefert wurden. Jeder nomadische persische Kilim ist somit ein einzigartiges Erbe, das Kunst, Geschichte und Leben vereint &#8230;.     <\/p>\n","protected":false},"excerpt":{"rendered":"<p>Reg.-Nr.: 877<\/p>\n<p>Gr\u00f6\u00dfe \/ Size: 200 x 120 cm<\/p>\n<p>Material \/ Pile: Wolle \/ wool<\/p>\n<p>Kette \/ Base: Baumwolle \/ cotton<\/p>\n<p>Farben \/ Colours: pflanzlich \/ plants<\/p>\n<p>Design \/ Design: geometrisch \/ geometrical<\/p>\n<p>Webtechnik \/ Weaving technique: handgewebter Flachgewebe-Teppich \/ handmade flatweave<\/p>\n<p>Herkunft \/ Origin: Iran<\/p>\n<p>&nbsp;<\/p>\n","protected":false},"featured_media":27325,"template":"","meta":{"iawp_total_views":1},"product_brand":[],"product_cat":[358,363],"product_tag":[],"class_list":{"0":"post-27319","1":"product","2":"type-product","3":"status-publish","4":"has-post-thumbnail","6":"product_cat-kelims","7":"product_cat-mittlere-teppiche-de","8":"pa_barva-osnovna-mehrfarbig","9":"pa_material-wolle","10":"pa_oblika-rechteckig","11":"pa_velikost-cca-200-x-120-de","13":"first","14":"instock","15":"featured","16":"sold-individually","17":"taxable","18":"shipping-taxable","19":"purchasable","20":"product-type-simple"},"yoast_head":"<!-- This site is optimized with the Yoast SEO plugin v27.3 - https:\/\/yoast.com\/product\/yoast-seo-wordpress\/ -->\n<title>Persischer Kilim \/ Persian Kilim Senneh - Perzijske preproge Farzad<\/title>\n<meta name=\"robots\" content=\"index, follow, max-snippet:-1, max-image-preview:large, max-video-preview:-1\" \/>\n<link rel=\"canonical\" href=\"https:\/\/www.perzijskepreproge.si\/de\/produkt\/persischer-kelim-persischer-kelim-kopija-kopija-kopija\/\" \/>\n<meta property=\"og:locale\" content=\"de_DE\" \/>\n<meta property=\"og:type\" content=\"article\" \/>\n<meta property=\"og:title\" content=\"Persischer Kilim \/ Persian Kilim Senneh - Perzijske preproge Farzad\" \/>\n<meta property=\"og:description\" content=\"Reg.-Nr.: 877 Gr\u00f6\u00dfe \/ Size: 200 x 120 cm Material \/ Pile: Wolle \/ wool Kette \/ Base: Baumwolle \/ cotton Farben \/ Colours: pflanzlich \/ plants Design \/ Design: geometrisch \/ geometrical Webtechnik \/ Weaving technique: handgewebter Flachgewebe-Teppich \/ handmade flatweave Herkunft \/ Origin: Iran &nbsp;\" \/>\n<meta property=\"og:url\" content=\"https:\/\/www.perzijskepreproge.si\/de\/produkt\/persischer-kelim-persischer-kelim-kopija-kopija-kopija\/\" \/>\n<meta property=\"og:site_name\" content=\"Perzijske preproge Farzad\" \/>\n<meta property=\"article:modified_time\" content=\"2026-04-13T11:25:29+00:00\" \/>\n<meta property=\"og:image\" content=\"https:\/\/www.perzijskepreproge.si\/wp-content\/uploads\/2025\/06\/IMG_20250602_154413jpg.webp\" \/>\n\t<meta property=\"og:image:width\" content=\"837\" \/>\n\t<meta property=\"og:image:height\" content=\"1200\" \/>\n\t<meta property=\"og:image:type\" content=\"image\/jpeg\" \/>\n<meta name=\"twitter:card\" content=\"summary_large_image\" \/>\n<meta name=\"twitter:label1\" content=\"Gesch\u00e4tzte Lesezeit\" \/>\n\t<meta name=\"twitter:data1\" content=\"1\u00a0Minute\" \/>\n<script type=\"application\/ld+json\" class=\"yoast-schema-graph\">{\"@context\":\"https:\\\/\\\/schema.org\",\"@graph\":[{\"@type\":\"WebPage\",\"@id\":\"https:\\\/\\\/www.perzijskepreproge.si\\\/de\\\/produkt\\\/persischer-kelim-persischer-kelim-kopija-kopija-kopija\\\/\",\"url\":\"https:\\\/\\\/www.perzijskepreproge.si\\\/de\\\/produkt\\\/persischer-kelim-persischer-kelim-kopija-kopija-kopija\\\/\",\"name\":\"Persischer Kilim \\\/ Persian Kilim Senneh - Perzijske preproge Farzad\",\"isPartOf\":{\"@id\":\"https:\\\/\\\/www.perzijskepreproge.si\\\/de\\\/#website\"},\"primaryImageOfPage\":{\"@id\":\"https:\\\/\\\/www.perzijskepreproge.si\\\/de\\\/produkt\\\/persischer-kelim-persischer-kelim-kopija-kopija-kopija\\\/#primaryimage\"},\"image\":{\"@id\":\"https:\\\/\\\/www.perzijskepreproge.si\\\/de\\\/produkt\\\/persischer-kelim-persischer-kelim-kopija-kopija-kopija\\\/#primaryimage\"},\"thumbnailUrl\":\"https:\\\/\\\/www.perzijskepreproge.si\\\/wp-content\\\/uploads\\\/2025\\\/06\\\/IMG_20250602_154413jpg.jpg\",\"datePublished\":\"2025-06-02T14:34:17+00:00\",\"dateModified\":\"2026-04-13T11:25:29+00:00\",\"breadcrumb\":{\"@id\":\"https:\\\/\\\/www.perzijskepreproge.si\\\/de\\\/produkt\\\/persischer-kelim-persischer-kelim-kopija-kopija-kopija\\\/#breadcrumb\"},\"inLanguage\":\"de\",\"potentialAction\":[{\"@type\":\"ReadAction\",\"target\":[\"https:\\\/\\\/www.perzijskepreproge.si\\\/de\\\/produkt\\\/persischer-kelim-persischer-kelim-kopija-kopija-kopija\\\/\"]}]},{\"@type\":\"ImageObject\",\"inLanguage\":\"de\",\"@id\":\"https:\\\/\\\/www.perzijskepreproge.si\\\/de\\\/produkt\\\/persischer-kelim-persischer-kelim-kopija-kopija-kopija\\\/#primaryimage\",\"url\":\"https:\\\/\\\/www.perzijskepreproge.si\\\/wp-content\\\/uploads\\\/2025\\\/06\\\/IMG_20250602_154413jpg.jpg\",\"contentUrl\":\"https:\\\/\\\/www.perzijskepreproge.si\\\/wp-content\\\/uploads\\\/2025\\\/06\\\/IMG_20250602_154413jpg.jpg\",\"width\":837,\"height\":1200},{\"@type\":\"BreadcrumbList\",\"@id\":\"https:\\\/\\\/www.perzijskepreproge.si\\\/de\\\/produkt\\\/persischer-kelim-persischer-kelim-kopija-kopija-kopija\\\/#breadcrumb\",\"itemListElement\":[{\"@type\":\"ListItem\",\"position\":1,\"name\":\"Heim\",\"item\":\"https:\\\/\\\/www.perzijskepreproge.si\\\/de\\\/perserteppiche-farzad\\\/\"},{\"@type\":\"ListItem\",\"position\":2,\"name\":\"Shop\",\"item\":\"https:\\\/\\\/www.perzijskepreproge.si\\\/de\\\/shop\\\/\"},{\"@type\":\"ListItem\",\"position\":3,\"name\":\"Persischer Kilim \\\/ Persian Kilim Senneh\"}]},{\"@type\":\"WebSite\",\"@id\":\"https:\\\/\\\/www.perzijskepreproge.si\\\/de\\\/#website\",\"url\":\"https:\\\/\\\/www.perzijskepreproge.si\\\/de\\\/\",\"name\":\"Perzijske preproge Farzad\",\"description\":\"Perzijske preproge,  preprog in \u010di\u0161\u010denje preprog\",\"potentialAction\":[{\"@type\":\"SearchAction\",\"target\":{\"@type\":\"EntryPoint\",\"urlTemplate\":\"https:\\\/\\\/www.perzijskepreproge.si\\\/de\\\/?s={search_term_string}\"},\"query-input\":{\"@type\":\"PropertyValueSpecification\",\"valueRequired\":true,\"valueName\":\"search_term_string\"}}],\"inLanguage\":\"de\"}]}<\/script>\n<!-- \/ Yoast SEO plugin. -->","yoast_head_json":{"title":"Persischer Kilim \/ Persian Kilim Senneh - Perzijske preproge Farzad","robots":{"index":"index","follow":"follow","max-snippet":"max-snippet:-1","max-image-preview":"max-image-preview:large","max-video-preview":"max-video-preview:-1"},"canonical":"https:\/\/www.perzijskepreproge.si\/de\/produkt\/persischer-kelim-persischer-kelim-kopija-kopija-kopija\/","og_locale":"de_DE","og_type":"article","og_title":"Persischer Kilim \/ Persian Kilim Senneh - Perzijske preproge Farzad","og_description":"Reg.-Nr.: 877 Gr\u00f6\u00dfe \/ Size: 200 x 120 cm Material \/ Pile: Wolle \/ wool Kette \/ Base: Baumwolle \/ cotton Farben \/ Colours: pflanzlich \/ plants Design \/ Design: geometrisch \/ geometrical Webtechnik \/ Weaving technique: handgewebter Flachgewebe-Teppich \/ handmade flatweave Herkunft \/ Origin: Iran &nbsp;","og_url":"https:\/\/www.perzijskepreproge.si\/de\/produkt\/persischer-kelim-persischer-kelim-kopija-kopija-kopija\/","og_site_name":"Perzijske preproge Farzad","article_modified_time":"2026-04-13T11:25:29+00:00","og_image":[{"width":837,"height":1200,"url":"https:\/\/www.perzijskepreproge.si\/wp-content\/uploads\/2025\/06\/IMG_20250602_154413jpg.webp","type":"image\/jpeg"}],"twitter_card":"summary_large_image","twitter_misc":{"Gesch\u00e4tzte Lesezeit":"1\u00a0Minute"},"schema":{"@context":"https:\/\/schema.org","@graph":[{"@type":"WebPage","@id":"https:\/\/www.perzijskepreproge.si\/de\/produkt\/persischer-kelim-persischer-kelim-kopija-kopija-kopija\/","url":"https:\/\/www.perzijskepreproge.si\/de\/produkt\/persischer-kelim-persischer-kelim-kopija-kopija-kopija\/","name":"Persischer Kilim \/ Persian Kilim Senneh - Perzijske preproge Farzad","isPartOf":{"@id":"https:\/\/www.perzijskepreproge.si\/de\/#website"},"primaryImageOfPage":{"@id":"https:\/\/www.perzijskepreproge.si\/de\/produkt\/persischer-kelim-persischer-kelim-kopija-kopija-kopija\/#primaryimage"},"image":{"@id":"https:\/\/www.perzijskepreproge.si\/de\/produkt\/persischer-kelim-persischer-kelim-kopija-kopija-kopija\/#primaryimage"},"thumbnailUrl":"https:\/\/www.perzijskepreproge.si\/wp-content\/uploads\/2025\/06\/IMG_20250602_154413jpg.jpg","datePublished":"2025-06-02T14:34:17+00:00","dateModified":"2026-04-13T11:25:29+00:00","breadcrumb":{"@id":"https:\/\/www.perzijskepreproge.si\/de\/produkt\/persischer-kelim-persischer-kelim-kopija-kopija-kopija\/#breadcrumb"},"inLanguage":"de","potentialAction":[{"@type":"ReadAction","target":["https:\/\/www.perzijskepreproge.si\/de\/produkt\/persischer-kelim-persischer-kelim-kopija-kopija-kopija\/"]}]},{"@type":"ImageObject","inLanguage":"de","@id":"https:\/\/www.perzijskepreproge.si\/de\/produkt\/persischer-kelim-persischer-kelim-kopija-kopija-kopija\/#primaryimage","url":"https:\/\/www.perzijskepreproge.si\/wp-content\/uploads\/2025\/06\/IMG_20250602_154413jpg.jpg","contentUrl":"https:\/\/www.perzijskepreproge.si\/wp-content\/uploads\/2025\/06\/IMG_20250602_154413jpg.jpg","width":837,"height":1200},{"@type":"BreadcrumbList","@id":"https:\/\/www.perzijskepreproge.si\/de\/produkt\/persischer-kelim-persischer-kelim-kopija-kopija-kopija\/#breadcrumb","itemListElement":[{"@type":"ListItem","position":1,"name":"Heim","item":"https:\/\/www.perzijskepreproge.si\/de\/perserteppiche-farzad\/"},{"@type":"ListItem","position":2,"name":"Shop","item":"https:\/\/www.perzijskepreproge.si\/de\/shop\/"},{"@type":"ListItem","position":3,"name":"Persischer Kilim \/ Persian Kilim Senneh"}]},{"@type":"WebSite","@id":"https:\/\/www.perzijskepreproge.si\/de\/#website","url":"https:\/\/www.perzijskepreproge.si\/de\/","name":"Perzijske preproge Farzad","description":"Perzijske preproge,  preprog in \u010di\u0161\u010denje preprog","potentialAction":[{"@type":"SearchAction","target":{"@type":"EntryPoint","urlTemplate":"https:\/\/www.perzijskepreproge.si\/de\/?s={search_term_string}"},"query-input":{"@type":"PropertyValueSpecification","valueRequired":true,"valueName":"search_term_string"}}],"inLanguage":"de"}]}},"_links":{"self":[{"href":"https:\/\/www.perzijskepreproge.si\/de\/wp-json\/wp\/v2\/product\/27319","targetHints":{"allow":["GET"]}}],"collection":[{"href":"https:\/\/www.perzijskepreproge.si\/de\/wp-json\/wp\/v2\/product"}],"about":[{"href":"https:\/\/www.perzijskepreproge.si\/de\/wp-json\/wp\/v2\/types\/product"}],"version-history":[{"count":3,"href":"https:\/\/www.perzijskepreproge.si\/de\/wp-json\/wp\/v2\/product\/27319\/revisions"}],"predecessor-version":[{"id":29572,"href":"https:\/\/www.perzijskepreproge.si\/de\/wp-json\/wp\/v2\/product\/27319\/revisions\/29572"}],"wp:featuredmedia":[{"embeddable":true,"href":"https:\/\/www.perzijskepreproge.si\/de\/wp-json\/wp\/v2\/media\/27325"}],"wp:attachment":[{"href":"https:\/\/www.perzijskepreproge.si\/de\/wp-json\/wp\/v2\/media?parent=27319"}],"wp:term":[{"taxonomy":"product_brand","embeddable":true,"href":"https:\/\/www.perzijskepreproge.si\/de\/wp-json\/wp\/v2\/product_brand?post=27319"},{"taxonomy":"product_cat","embeddable":true,"href":"https:\/\/www.perzijskepreproge.si\/de\/wp-json\/wp\/v2\/product_cat?post=27319"},{"taxonomy":"product_tag","embeddable":true,"href":"https:\/\/www.perzijskepreproge.si\/de\/wp-json\/wp\/v2\/product_tag?post=27319"}],"curies":[{"name":"wp","href":"https:\/\/api.w.org\/{rel}","templated":true}]}}