{"id":27634,"date":"2025-10-01T11:15:44","date_gmt":"2025-10-01T09:15:44","guid":{"rendered":"https:\/\/www.perzijskepreproge.si\/?post_type=product&#038;p=27634"},"modified":"2026-04-13T12:07:55","modified_gmt":"2026-04-13T10:07:55","slug":"perserteppich-nain-perserteppich-nain-kopija","status":"publish","type":"product","link":"https:\/\/www.perzijskepreproge.si\/de\/produkt\/perserteppich-nain-perserteppich-nain-kopija\/","title":{"rendered":"Persischer Teppich T\u00e4bris \/ Persian carpet Tabriz"},"content":{"rendered":"<p>Dieser Perserteppich aus T\u00e4bris ist handgekn\u00fcpft aus Wolle und Seide, was ihm au\u00dfergew\u00f6hnliche Weichheit, Glanz und eine lange Lebensdauer verleiht. Der Teppich weist ein charakteristisches Muster auf, umgeben von Arabesken und floralen Motiven, oft mit Ranken- oder Zypressenimpressionen. Die Farbpalette ist zart, mit pflanzlichen Pigmenten gef\u00e4rbten Nuancen, die dem Raum zeitlose Eleganz und ein Gef\u00fchl von W\u00e4rme verleihen. Die Wolle sorgt f\u00fcr Strapazierf\u00e4higkeit und Weichheit, w\u00e4hrend die Seide einen subtilen Glanz und eine F\u00fclle von Details bietet, die sich je nach Lichteinfall ver\u00e4ndern. Dank der hohen Knotendichte und der pr\u00e4zisen Handkn\u00fcpfung bietet der Teppich ein \u00e4u\u00dferst detailliertes dekoratives Muster, das sowohl klassisch als auch \u00e4sthetisch perfekt ist. Die Platzierung eines solchen Teppichs in einem Raum unterstreicht dessen Prestige und W\u00e4rme, wodurch er sich ideal f\u00fcr elegante Wohn- oder Gesellschaftsr\u00e4ume eignet, wo er zu einem zentralen k\u00fcnstlerischen Akzent wird. Seine \u00c4sthetik und Qualit\u00e4t verleihen dem Raum zeitlose Sch\u00f6nheit und visuellen Reichtum, der Blicke auf sich zieht und gleichzeitig die kulturelle Tradition der Herstellung feinster Perserteppiche zum Ausdruck bringt.      <\/p>\n","protected":false},"excerpt":{"rendered":"<p>Reg.-Nr.: 1153<\/p>\n<p>Gr\u00f6\u00dfe \/ Size: 145 x 99 cm<\/p>\n<p>Material \/ Pile: Wolle, Seide \/ wool, silk<\/p>\n<p>Grundgewebe \/ Base: Baumwolle \/ cotton<\/p>\n<p>Farben \/ Colours: pflanzlich \/ plants<\/p>\n<p>Design \/ Design: floral (Medaillon \u2013 Turm)<\/p>\n<p>Webtechnik \/ Weaving technique: handgekn\u00fcpfter Teppich \/ handmade pile carpet<\/p>\n<p>Knotendichte \/ Knot density: 490.000 Knoten\/m\u00b2<\/p>\n<p>Herkunft \/ Origin: T\u00e4bris \u2013 Iran<\/p>\n<p>&nbsp;<\/p>\n","protected":false},"featured_media":27656,"template":"","meta":{"iawp_total_views":1},"product_brand":[],"product_cat":[305,383],"product_tag":[],"class_list":{"0":"post-27634","1":"product","2":"type-product","3":"status-publish","4":"has-post-thumbnail","6":"product_cat-klassische-teppiche","7":"product_cat-kleine-teppiche-de","8":"pa_barva-osnovna-grun-pistazie","9":"pa_material-wolle-seide","10":"pa_oblika-rechteckig","11":"pa_velikost-cca-150-x-100-de","13":"first","14":"instock","15":"sold-individually","16":"taxable","17":"shipping-taxable","18":"purchasable","19":"product-type-simple"},"yoast_head":"<!-- This site is optimized with the Yoast SEO plugin v27.3 - https:\/\/yoast.com\/product\/yoast-seo-wordpress\/ -->\n<title>Persischer Teppich T\u00e4bris \/ Persian carpet Tabriz - Perzijske preproge Farzad<\/title>\n<meta name=\"robots\" content=\"index, follow, max-snippet:-1, max-image-preview:large, max-video-preview:-1\" \/>\n<link rel=\"canonical\" href=\"https:\/\/www.perzijskepreproge.si\/de\/produkt\/perserteppich-nain-perserteppich-nain-kopija\/\" \/>\n<meta property=\"og:locale\" content=\"de_DE\" \/>\n<meta property=\"og:type\" content=\"article\" \/>\n<meta property=\"og:title\" content=\"Persischer Teppich T\u00e4bris \/ Persian carpet Tabriz - Perzijske preproge Farzad\" \/>\n<meta property=\"og:description\" content=\"Reg.-Nr.: 1153 Gr\u00f6\u00dfe \/ Size: 145 x 99 cm Material \/ Pile: Wolle, Seide \/ wool, silk Grundgewebe \/ Base: Baumwolle \/ cotton Farben \/ Colours: pflanzlich \/ plants Design \/ Design: floral (Medaillon - Turm) Webtechnik \/ Weaving technique: handgekn\u00fcpfter Teppich \/ handmade pile carpet Knotendichte \/ Knot density: 490.000 Knoten\/m\u00b2 Herkunft \/ Origin: T\u00e4bris - Iran &nbsp;\" \/>\n<meta property=\"og:url\" content=\"https:\/\/www.perzijskepreproge.si\/de\/produkt\/perserteppich-nain-perserteppich-nain-kopija\/\" \/>\n<meta property=\"og:site_name\" content=\"Perzijske preproge Farzad\" \/>\n<meta property=\"article:modified_time\" content=\"2026-04-13T10:07:55+00:00\" \/>\n<meta property=\"og:image\" content=\"https:\/\/www.perzijskepreproge.si\/wp-content\/uploads\/2025\/10\/IMG_20251001_110045jpg.webp\" \/>\n\t<meta property=\"og:image:width\" content=\"900\" \/>\n\t<meta property=\"og:image:height\" content=\"1200\" \/>\n\t<meta property=\"og:image:type\" content=\"image\/jpeg\" \/>\n<meta name=\"twitter:card\" content=\"summary_large_image\" \/>\n<meta name=\"twitter:label1\" content=\"Gesch\u00e4tzte Lesezeit\" \/>\n\t<meta name=\"twitter:data1\" content=\"1\u00a0Minute\" \/>\n<script type=\"application\/ld+json\" class=\"yoast-schema-graph\">{\"@context\":\"https:\\\/\\\/schema.org\",\"@graph\":[{\"@type\":\"WebPage\",\"@id\":\"https:\\\/\\\/www.perzijskepreproge.si\\\/de\\\/produkt\\\/perserteppich-nain-perserteppich-nain-kopija\\\/\",\"url\":\"https:\\\/\\\/www.perzijskepreproge.si\\\/de\\\/produkt\\\/perserteppich-nain-perserteppich-nain-kopija\\\/\",\"name\":\"Persischer Teppich T\u00e4bris \\\/ Persian carpet Tabriz - Perzijske preproge Farzad\",\"isPartOf\":{\"@id\":\"https:\\\/\\\/www.perzijskepreproge.si\\\/de\\\/#website\"},\"primaryImageOfPage\":{\"@id\":\"https:\\\/\\\/www.perzijskepreproge.si\\\/de\\\/produkt\\\/perserteppich-nain-perserteppich-nain-kopija\\\/#primaryimage\"},\"image\":{\"@id\":\"https:\\\/\\\/www.perzijskepreproge.si\\\/de\\\/produkt\\\/perserteppich-nain-perserteppich-nain-kopija\\\/#primaryimage\"},\"thumbnailUrl\":\"https:\\\/\\\/www.perzijskepreproge.si\\\/wp-content\\\/uploads\\\/2025\\\/10\\\/IMG_20251001_110045jpg.jpg\",\"datePublished\":\"2025-10-01T09:15:44+00:00\",\"dateModified\":\"2026-04-13T10:07:55+00:00\",\"breadcrumb\":{\"@id\":\"https:\\\/\\\/www.perzijskepreproge.si\\\/de\\\/produkt\\\/perserteppich-nain-perserteppich-nain-kopija\\\/#breadcrumb\"},\"inLanguage\":\"de\",\"potentialAction\":[{\"@type\":\"ReadAction\",\"target\":[\"https:\\\/\\\/www.perzijskepreproge.si\\\/de\\\/produkt\\\/perserteppich-nain-perserteppich-nain-kopija\\\/\"]}]},{\"@type\":\"ImageObject\",\"inLanguage\":\"de\",\"@id\":\"https:\\\/\\\/www.perzijskepreproge.si\\\/de\\\/produkt\\\/perserteppich-nain-perserteppich-nain-kopija\\\/#primaryimage\",\"url\":\"https:\\\/\\\/www.perzijskepreproge.si\\\/wp-content\\\/uploads\\\/2025\\\/10\\\/IMG_20251001_110045jpg.jpg\",\"contentUrl\":\"https:\\\/\\\/www.perzijskepreproge.si\\\/wp-content\\\/uploads\\\/2025\\\/10\\\/IMG_20251001_110045jpg.jpg\",\"width\":900,\"height\":1200},{\"@type\":\"BreadcrumbList\",\"@id\":\"https:\\\/\\\/www.perzijskepreproge.si\\\/de\\\/produkt\\\/perserteppich-nain-perserteppich-nain-kopija\\\/#breadcrumb\",\"itemListElement\":[{\"@type\":\"ListItem\",\"position\":1,\"name\":\"Heim\",\"item\":\"https:\\\/\\\/www.perzijskepreproge.si\\\/de\\\/perserteppiche-farzad\\\/\"},{\"@type\":\"ListItem\",\"position\":2,\"name\":\"Shop\",\"item\":\"https:\\\/\\\/www.perzijskepreproge.si\\\/de\\\/shop\\\/\"},{\"@type\":\"ListItem\",\"position\":3,\"name\":\"Persischer Teppich T\u00e4bris \\\/ Persian carpet Tabriz\"}]},{\"@type\":\"WebSite\",\"@id\":\"https:\\\/\\\/www.perzijskepreproge.si\\\/de\\\/#website\",\"url\":\"https:\\\/\\\/www.perzijskepreproge.si\\\/de\\\/\",\"name\":\"Perzijske preproge Farzad\",\"description\":\"Perzijske preproge,  preprog in \u010di\u0161\u010denje preprog\",\"potentialAction\":[{\"@type\":\"SearchAction\",\"target\":{\"@type\":\"EntryPoint\",\"urlTemplate\":\"https:\\\/\\\/www.perzijskepreproge.si\\\/de\\\/?s={search_term_string}\"},\"query-input\":{\"@type\":\"PropertyValueSpecification\",\"valueRequired\":true,\"valueName\":\"search_term_string\"}}],\"inLanguage\":\"de\"}]}<\/script>\n<!-- \/ Yoast SEO plugin. -->","yoast_head_json":{"title":"Persischer Teppich T\u00e4bris \/ Persian carpet Tabriz - Perzijske preproge Farzad","robots":{"index":"index","follow":"follow","max-snippet":"max-snippet:-1","max-image-preview":"max-image-preview:large","max-video-preview":"max-video-preview:-1"},"canonical":"https:\/\/www.perzijskepreproge.si\/de\/produkt\/perserteppich-nain-perserteppich-nain-kopija\/","og_locale":"de_DE","og_type":"article","og_title":"Persischer Teppich T\u00e4bris \/ Persian carpet Tabriz - Perzijske preproge Farzad","og_description":"Reg.-Nr.: 1153 Gr\u00f6\u00dfe \/ Size: 145 x 99 cm Material \/ Pile: Wolle, Seide \/ wool, silk Grundgewebe \/ Base: Baumwolle \/ cotton Farben \/ Colours: pflanzlich \/ plants Design \/ Design: floral (Medaillon - Turm) Webtechnik \/ Weaving technique: handgekn\u00fcpfter Teppich \/ handmade pile carpet Knotendichte \/ Knot density: 490.000 Knoten\/m\u00b2 Herkunft \/ Origin: T\u00e4bris - Iran &nbsp;","og_url":"https:\/\/www.perzijskepreproge.si\/de\/produkt\/perserteppich-nain-perserteppich-nain-kopija\/","og_site_name":"Perzijske preproge Farzad","article_modified_time":"2026-04-13T10:07:55+00:00","og_image":[{"width":900,"height":1200,"url":"https:\/\/www.perzijskepreproge.si\/wp-content\/uploads\/2025\/10\/IMG_20251001_110045jpg.webp","type":"image\/jpeg"}],"twitter_card":"summary_large_image","twitter_misc":{"Gesch\u00e4tzte Lesezeit":"1\u00a0Minute"},"schema":{"@context":"https:\/\/schema.org","@graph":[{"@type":"WebPage","@id":"https:\/\/www.perzijskepreproge.si\/de\/produkt\/perserteppich-nain-perserteppich-nain-kopija\/","url":"https:\/\/www.perzijskepreproge.si\/de\/produkt\/perserteppich-nain-perserteppich-nain-kopija\/","name":"Persischer Teppich T\u00e4bris \/ Persian carpet Tabriz - Perzijske preproge Farzad","isPartOf":{"@id":"https:\/\/www.perzijskepreproge.si\/de\/#website"},"primaryImageOfPage":{"@id":"https:\/\/www.perzijskepreproge.si\/de\/produkt\/perserteppich-nain-perserteppich-nain-kopija\/#primaryimage"},"image":{"@id":"https:\/\/www.perzijskepreproge.si\/de\/produkt\/perserteppich-nain-perserteppich-nain-kopija\/#primaryimage"},"thumbnailUrl":"https:\/\/www.perzijskepreproge.si\/wp-content\/uploads\/2025\/10\/IMG_20251001_110045jpg.jpg","datePublished":"2025-10-01T09:15:44+00:00","dateModified":"2026-04-13T10:07:55+00:00","breadcrumb":{"@id":"https:\/\/www.perzijskepreproge.si\/de\/produkt\/perserteppich-nain-perserteppich-nain-kopija\/#breadcrumb"},"inLanguage":"de","potentialAction":[{"@type":"ReadAction","target":["https:\/\/www.perzijskepreproge.si\/de\/produkt\/perserteppich-nain-perserteppich-nain-kopija\/"]}]},{"@type":"ImageObject","inLanguage":"de","@id":"https:\/\/www.perzijskepreproge.si\/de\/produkt\/perserteppich-nain-perserteppich-nain-kopija\/#primaryimage","url":"https:\/\/www.perzijskepreproge.si\/wp-content\/uploads\/2025\/10\/IMG_20251001_110045jpg.jpg","contentUrl":"https:\/\/www.perzijskepreproge.si\/wp-content\/uploads\/2025\/10\/IMG_20251001_110045jpg.jpg","width":900,"height":1200},{"@type":"BreadcrumbList","@id":"https:\/\/www.perzijskepreproge.si\/de\/produkt\/perserteppich-nain-perserteppich-nain-kopija\/#breadcrumb","itemListElement":[{"@type":"ListItem","position":1,"name":"Heim","item":"https:\/\/www.perzijskepreproge.si\/de\/perserteppiche-farzad\/"},{"@type":"ListItem","position":2,"name":"Shop","item":"https:\/\/www.perzijskepreproge.si\/de\/shop\/"},{"@type":"ListItem","position":3,"name":"Persischer Teppich T\u00e4bris \/ Persian carpet Tabriz"}]},{"@type":"WebSite","@id":"https:\/\/www.perzijskepreproge.si\/de\/#website","url":"https:\/\/www.perzijskepreproge.si\/de\/","name":"Perzijske preproge Farzad","description":"Perzijske preproge,  preprog in \u010di\u0161\u010denje preprog","potentialAction":[{"@type":"SearchAction","target":{"@type":"EntryPoint","urlTemplate":"https:\/\/www.perzijskepreproge.si\/de\/?s={search_term_string}"},"query-input":{"@type":"PropertyValueSpecification","valueRequired":true,"valueName":"search_term_string"}}],"inLanguage":"de"}]}},"_links":{"self":[{"href":"https:\/\/www.perzijskepreproge.si\/de\/wp-json\/wp\/v2\/product\/27634","targetHints":{"allow":["GET"]}}],"collection":[{"href":"https:\/\/www.perzijskepreproge.si\/de\/wp-json\/wp\/v2\/product"}],"about":[{"href":"https:\/\/www.perzijskepreproge.si\/de\/wp-json\/wp\/v2\/types\/product"}],"version-history":[{"count":4,"href":"https:\/\/www.perzijskepreproge.si\/de\/wp-json\/wp\/v2\/product\/27634\/revisions"}],"predecessor-version":[{"id":28960,"href":"https:\/\/www.perzijskepreproge.si\/de\/wp-json\/wp\/v2\/product\/27634\/revisions\/28960"}],"wp:featuredmedia":[{"embeddable":true,"href":"https:\/\/www.perzijskepreproge.si\/de\/wp-json\/wp\/v2\/media\/27656"}],"wp:attachment":[{"href":"https:\/\/www.perzijskepreproge.si\/de\/wp-json\/wp\/v2\/media?parent=27634"}],"wp:term":[{"taxonomy":"product_brand","embeddable":true,"href":"https:\/\/www.perzijskepreproge.si\/de\/wp-json\/wp\/v2\/product_brand?post=27634"},{"taxonomy":"product_cat","embeddable":true,"href":"https:\/\/www.perzijskepreproge.si\/de\/wp-json\/wp\/v2\/product_cat?post=27634"},{"taxonomy":"product_tag","embeddable":true,"href":"https:\/\/www.perzijskepreproge.si\/de\/wp-json\/wp\/v2\/product_tag?post=27634"}],"curies":[{"name":"wp","href":"https:\/\/api.w.org\/{rel}","templated":true}]}}