{"id":28378,"date":"2026-03-12T11:21:43","date_gmt":"2026-03-12T10:21:43","guid":{"rendered":"https:\/\/www.perzijskepreproge.si\/?post_type=product&#038;p=28378"},"modified":"2026-03-24T16:13:05","modified_gmt":"2026-03-24T15:13:05","slug":"persischer-kelim-persischer-kelim-kopija-kopija-kopija-kopija-kopija-kopija-kopija-kopija-kopija-kopija-kopija-kopija-kopija-kopija-kopija-kopija-kopija-kopija-k-16","status":"publish","type":"product","link":"https:\/\/www.perzijskepreproge.si\/de\/produkt\/persischer-kelim-persischer-kelim-kopija-kopija-kopija-kopija-kopija-kopija-kopija-kopija-kopija-kopija-kopija-kopija-kopija-kopija-kopija-kopija-kopija-kopija-k-16\/","title":{"rendered":"Persischer Kelim \/ Persischer Kelim"},"content":{"rendered":"<p style=\"text-align: left;\">\n<p>&nbsp;<\/p>\n","protected":false},"excerpt":{"rendered":"<p>Reg. Nr.: 309<\/p>\n<p>Gr\u00f6\u00dfe: 260 x 107 cm<\/p>\n<p>Material \/ Flor: Wolle<\/p>\n<p>Basis: Baumwolle<\/p>\n<p>Farben: Pflanzen<\/p>\n<p>Design: geometrisch<\/p>\n<p>Webtechnik: handgefertigtes Flachgewebe<\/p>\n<p>Herkunft: Iran<\/p>\n<p>&nbsp;<\/p>\n","protected":false},"featured_media":28382,"template":"","meta":{"iawp_total_views":1},"product_brand":[],"product_cat":[358,359],"product_tag":[],"class_list":{"0":"post-28378","1":"product","2":"type-product","3":"status-publish","4":"has-post-thumbnail","6":"product_cat-kelims","7":"product_cat-kleine-teppiche","8":"pa_barva-osnovna-mehrfarbig","9":"pa_material-wolle","10":"pa_oblika-rechteckig","11":"pa_velikost-cca-100-x-60-de","13":"first","14":"instock","15":"featured","16":"virtual","17":"sold-individually","18":"taxable","19":"purchasable","20":"product-type-simple"},"yoast_head":"<!-- This site is optimized with the Yoast SEO plugin v27.3 - https:\/\/yoast.com\/product\/yoast-seo-wordpress\/ -->\n<title>Persischer Kelim \/ Persischer Kelim - Perzijske preproge Farzad<\/title>\n<meta name=\"robots\" content=\"index, follow, max-snippet:-1, max-image-preview:large, max-video-preview:-1\" \/>\n<link rel=\"canonical\" href=\"https:\/\/www.perzijskepreproge.si\/de\/produkt\/persischer-kelim-persischer-kelim-kopija-kopija-kopija-kopija-kopija-kopija-kopija-kopija-kopija-kopija-kopija-kopija-kopija-kopija-kopija-kopija-kopija-kopija-k-16\/\" \/>\n<meta property=\"og:locale\" content=\"de_DE\" \/>\n<meta property=\"og:type\" content=\"article\" \/>\n<meta property=\"og:title\" content=\"Persischer Kelim \/ Persischer Kelim - Perzijske preproge Farzad\" \/>\n<meta property=\"og:description\" content=\"Reg. Nr.: 309  Gr\u00f6\u00dfe: 260 x 107 cm  Material \/ Flor: Wolle  Basis: Baumwolle  Farben: Pflanzen  Design: geometrisch  Webtechnik: handgefertigtes Flachgewebe  Herkunft: Iran  &nbsp;\" \/>\n<meta property=\"og:url\" content=\"https:\/\/www.perzijskepreproge.si\/de\/produkt\/persischer-kelim-persischer-kelim-kopija-kopija-kopija-kopija-kopija-kopija-kopija-kopija-kopija-kopija-kopija-kopija-kopija-kopija-kopija-kopija-kopija-kopija-k-16\/\" \/>\n<meta property=\"og:site_name\" content=\"Perzijske preproge Farzad\" \/>\n<meta property=\"article:modified_time\" content=\"2026-03-24T15:13:05+00:00\" \/>\n<meta property=\"og:image\" content=\"https:\/\/www.perzijskepreproge.si\/wp-content\/uploads\/2026\/03\/33.jpg\" \/>\n\t<meta property=\"og:image:width\" content=\"580\" \/>\n\t<meta property=\"og:image:height\" content=\"1200\" \/>\n\t<meta property=\"og:image:type\" content=\"image\/jpeg\" \/>\n<meta name=\"twitter:card\" content=\"summary_large_image\" \/>\n<meta name=\"twitter:label1\" content=\"Gesch\u00e4tzte Lesezeit\" \/>\n\t<meta name=\"twitter:data1\" content=\"1\u00a0Minute\" \/>\n<script type=\"application\/ld+json\" class=\"yoast-schema-graph\">{\"@context\":\"https:\\\/\\\/schema.org\",\"@graph\":[{\"@type\":\"WebPage\",\"@id\":\"https:\\\/\\\/www.perzijskepreproge.si\\\/de\\\/produkt\\\/persischer-kelim-persischer-kelim-kopija-kopija-kopija-kopija-kopija-kopija-kopija-kopija-kopija-kopija-kopija-kopija-kopija-kopija-kopija-kopija-kopija-kopija-k-16\\\/\",\"url\":\"https:\\\/\\\/www.perzijskepreproge.si\\\/de\\\/produkt\\\/persischer-kelim-persischer-kelim-kopija-kopija-kopija-kopija-kopija-kopija-kopija-kopija-kopija-kopija-kopija-kopija-kopija-kopija-kopija-kopija-kopija-kopija-k-16\\\/\",\"name\":\"Persischer Kelim \\\/ Persischer Kelim - Perzijske preproge Farzad\",\"isPartOf\":{\"@id\":\"https:\\\/\\\/www.perzijskepreproge.si\\\/de\\\/#website\"},\"primaryImageOfPage\":{\"@id\":\"https:\\\/\\\/www.perzijskepreproge.si\\\/de\\\/produkt\\\/persischer-kelim-persischer-kelim-kopija-kopija-kopija-kopija-kopija-kopija-kopija-kopija-kopija-kopija-kopija-kopija-kopija-kopija-kopija-kopija-kopija-kopija-k-16\\\/#primaryimage\"},\"image\":{\"@id\":\"https:\\\/\\\/www.perzijskepreproge.si\\\/de\\\/produkt\\\/persischer-kelim-persischer-kelim-kopija-kopija-kopija-kopija-kopija-kopija-kopija-kopija-kopija-kopija-kopija-kopija-kopija-kopija-kopija-kopija-kopija-kopija-k-16\\\/#primaryimage\"},\"thumbnailUrl\":\"https:\\\/\\\/www.perzijskepreproge.si\\\/wp-content\\\/uploads\\\/2026\\\/03\\\/33.jpg\",\"datePublished\":\"2026-03-12T10:21:43+00:00\",\"dateModified\":\"2026-03-24T15:13:05+00:00\",\"breadcrumb\":{\"@id\":\"https:\\\/\\\/www.perzijskepreproge.si\\\/de\\\/produkt\\\/persischer-kelim-persischer-kelim-kopija-kopija-kopija-kopija-kopija-kopija-kopija-kopija-kopija-kopija-kopija-kopija-kopija-kopija-kopija-kopija-kopija-kopija-k-16\\\/#breadcrumb\"},\"inLanguage\":\"de\",\"potentialAction\":[{\"@type\":\"ReadAction\",\"target\":[\"https:\\\/\\\/www.perzijskepreproge.si\\\/de\\\/produkt\\\/persischer-kelim-persischer-kelim-kopija-kopija-kopija-kopija-kopija-kopija-kopija-kopija-kopija-kopija-kopija-kopija-kopija-kopija-kopija-kopija-kopija-kopija-k-16\\\/\"]}]},{\"@type\":\"ImageObject\",\"inLanguage\":\"de\",\"@id\":\"https:\\\/\\\/www.perzijskepreproge.si\\\/de\\\/produkt\\\/persischer-kelim-persischer-kelim-kopija-kopija-kopija-kopija-kopija-kopija-kopija-kopija-kopija-kopija-kopija-kopija-kopija-kopija-kopija-kopija-kopija-kopija-k-16\\\/#primaryimage\",\"url\":\"https:\\\/\\\/www.perzijskepreproge.si\\\/wp-content\\\/uploads\\\/2026\\\/03\\\/33.jpg\",\"contentUrl\":\"https:\\\/\\\/www.perzijskepreproge.si\\\/wp-content\\\/uploads\\\/2026\\\/03\\\/33.jpg\",\"width\":580,\"height\":1200},{\"@type\":\"BreadcrumbList\",\"@id\":\"https:\\\/\\\/www.perzijskepreproge.si\\\/de\\\/produkt\\\/persischer-kelim-persischer-kelim-kopija-kopija-kopija-kopija-kopija-kopija-kopija-kopija-kopija-kopija-kopija-kopija-kopija-kopija-kopija-kopija-kopija-kopija-k-16\\\/#breadcrumb\",\"itemListElement\":[{\"@type\":\"ListItem\",\"position\":1,\"name\":\"Heim\",\"item\":\"https:\\\/\\\/www.perzijskepreproge.si\\\/de\\\/perserteppiche-farzad\\\/\"},{\"@type\":\"ListItem\",\"position\":2,\"name\":\"Shop\",\"item\":\"https:\\\/\\\/www.perzijskepreproge.si\\\/de\\\/shop\\\/\"},{\"@type\":\"ListItem\",\"position\":3,\"name\":\"Persischer Kelim \\\/ Persischer Kelim\"}]},{\"@type\":\"WebSite\",\"@id\":\"https:\\\/\\\/www.perzijskepreproge.si\\\/de\\\/#website\",\"url\":\"https:\\\/\\\/www.perzijskepreproge.si\\\/de\\\/\",\"name\":\"Perzijske preproge Farzad\",\"description\":\"Perzijske preproge,  preprog in \u010di\u0161\u010denje preprog\",\"potentialAction\":[{\"@type\":\"SearchAction\",\"target\":{\"@type\":\"EntryPoint\",\"urlTemplate\":\"https:\\\/\\\/www.perzijskepreproge.si\\\/de\\\/?s={search_term_string}\"},\"query-input\":{\"@type\":\"PropertyValueSpecification\",\"valueRequired\":true,\"valueName\":\"search_term_string\"}}],\"inLanguage\":\"de\"}]}<\/script>\n<!-- \/ Yoast SEO plugin. -->","yoast_head_json":{"title":"Persischer Kelim \/ Persischer Kelim - Perzijske preproge Farzad","robots":{"index":"index","follow":"follow","max-snippet":"max-snippet:-1","max-image-preview":"max-image-preview:large","max-video-preview":"max-video-preview:-1"},"canonical":"https:\/\/www.perzijskepreproge.si\/de\/produkt\/persischer-kelim-persischer-kelim-kopija-kopija-kopija-kopija-kopija-kopija-kopija-kopija-kopija-kopija-kopija-kopija-kopija-kopija-kopija-kopija-kopija-kopija-k-16\/","og_locale":"de_DE","og_type":"article","og_title":"Persischer Kelim \/ Persischer Kelim - Perzijske preproge Farzad","og_description":"Reg. Nr.: 309  Gr\u00f6\u00dfe: 260 x 107 cm  Material \/ Flor: Wolle  Basis: Baumwolle  Farben: Pflanzen  Design: geometrisch  Webtechnik: handgefertigtes Flachgewebe  Herkunft: Iran  &nbsp;","og_url":"https:\/\/www.perzijskepreproge.si\/de\/produkt\/persischer-kelim-persischer-kelim-kopija-kopija-kopija-kopija-kopija-kopija-kopija-kopija-kopija-kopija-kopija-kopija-kopija-kopija-kopija-kopija-kopija-kopija-k-16\/","og_site_name":"Perzijske preproge Farzad","article_modified_time":"2026-03-24T15:13:05+00:00","og_image":[{"width":580,"height":1200,"url":"https:\/\/www.perzijskepreproge.si\/wp-content\/uploads\/2026\/03\/33.jpg","type":"image\/jpeg"}],"twitter_card":"summary_large_image","twitter_misc":{"Gesch\u00e4tzte Lesezeit":"1\u00a0Minute"},"schema":{"@context":"https:\/\/schema.org","@graph":[{"@type":"WebPage","@id":"https:\/\/www.perzijskepreproge.si\/de\/produkt\/persischer-kelim-persischer-kelim-kopija-kopija-kopija-kopija-kopija-kopija-kopija-kopija-kopija-kopija-kopija-kopija-kopija-kopija-kopija-kopija-kopija-kopija-k-16\/","url":"https:\/\/www.perzijskepreproge.si\/de\/produkt\/persischer-kelim-persischer-kelim-kopija-kopija-kopija-kopija-kopija-kopija-kopija-kopija-kopija-kopija-kopija-kopija-kopija-kopija-kopija-kopija-kopija-kopija-k-16\/","name":"Persischer Kelim \/ Persischer Kelim - Perzijske preproge Farzad","isPartOf":{"@id":"https:\/\/www.perzijskepreproge.si\/de\/#website"},"primaryImageOfPage":{"@id":"https:\/\/www.perzijskepreproge.si\/de\/produkt\/persischer-kelim-persischer-kelim-kopija-kopija-kopija-kopija-kopija-kopija-kopija-kopija-kopija-kopija-kopija-kopija-kopija-kopija-kopija-kopija-kopija-kopija-k-16\/#primaryimage"},"image":{"@id":"https:\/\/www.perzijskepreproge.si\/de\/produkt\/persischer-kelim-persischer-kelim-kopija-kopija-kopija-kopija-kopija-kopija-kopija-kopija-kopija-kopija-kopija-kopija-kopija-kopija-kopija-kopija-kopija-kopija-k-16\/#primaryimage"},"thumbnailUrl":"https:\/\/www.perzijskepreproge.si\/wp-content\/uploads\/2026\/03\/33.jpg","datePublished":"2026-03-12T10:21:43+00:00","dateModified":"2026-03-24T15:13:05+00:00","breadcrumb":{"@id":"https:\/\/www.perzijskepreproge.si\/de\/produkt\/persischer-kelim-persischer-kelim-kopija-kopija-kopija-kopija-kopija-kopija-kopija-kopija-kopija-kopija-kopija-kopija-kopija-kopija-kopija-kopija-kopija-kopija-k-16\/#breadcrumb"},"inLanguage":"de","potentialAction":[{"@type":"ReadAction","target":["https:\/\/www.perzijskepreproge.si\/de\/produkt\/persischer-kelim-persischer-kelim-kopija-kopija-kopija-kopija-kopija-kopija-kopija-kopija-kopija-kopija-kopija-kopija-kopija-kopija-kopija-kopija-kopija-kopija-k-16\/"]}]},{"@type":"ImageObject","inLanguage":"de","@id":"https:\/\/www.perzijskepreproge.si\/de\/produkt\/persischer-kelim-persischer-kelim-kopija-kopija-kopija-kopija-kopija-kopija-kopija-kopija-kopija-kopija-kopija-kopija-kopija-kopija-kopija-kopija-kopija-kopija-k-16\/#primaryimage","url":"https:\/\/www.perzijskepreproge.si\/wp-content\/uploads\/2026\/03\/33.jpg","contentUrl":"https:\/\/www.perzijskepreproge.si\/wp-content\/uploads\/2026\/03\/33.jpg","width":580,"height":1200},{"@type":"BreadcrumbList","@id":"https:\/\/www.perzijskepreproge.si\/de\/produkt\/persischer-kelim-persischer-kelim-kopija-kopija-kopija-kopija-kopija-kopija-kopija-kopija-kopija-kopija-kopija-kopija-kopija-kopija-kopija-kopija-kopija-kopija-k-16\/#breadcrumb","itemListElement":[{"@type":"ListItem","position":1,"name":"Heim","item":"https:\/\/www.perzijskepreproge.si\/de\/perserteppiche-farzad\/"},{"@type":"ListItem","position":2,"name":"Shop","item":"https:\/\/www.perzijskepreproge.si\/de\/shop\/"},{"@type":"ListItem","position":3,"name":"Persischer Kelim \/ Persischer Kelim"}]},{"@type":"WebSite","@id":"https:\/\/www.perzijskepreproge.si\/de\/#website","url":"https:\/\/www.perzijskepreproge.si\/de\/","name":"Perzijske preproge Farzad","description":"Perzijske preproge,  preprog in \u010di\u0161\u010denje preprog","potentialAction":[{"@type":"SearchAction","target":{"@type":"EntryPoint","urlTemplate":"https:\/\/www.perzijskepreproge.si\/de\/?s={search_term_string}"},"query-input":{"@type":"PropertyValueSpecification","valueRequired":true,"valueName":"search_term_string"}}],"inLanguage":"de"}]}},"_links":{"self":[{"href":"https:\/\/www.perzijskepreproge.si\/de\/wp-json\/wp\/v2\/product\/28378","targetHints":{"allow":["GET"]}}],"collection":[{"href":"https:\/\/www.perzijskepreproge.si\/de\/wp-json\/wp\/v2\/product"}],"about":[{"href":"https:\/\/www.perzijskepreproge.si\/de\/wp-json\/wp\/v2\/types\/product"}],"version-history":[{"count":2,"href":"https:\/\/www.perzijskepreproge.si\/de\/wp-json\/wp\/v2\/product\/28378\/revisions"}],"predecessor-version":[{"id":28650,"href":"https:\/\/www.perzijskepreproge.si\/de\/wp-json\/wp\/v2\/product\/28378\/revisions\/28650"}],"wp:featuredmedia":[{"embeddable":true,"href":"https:\/\/www.perzijskepreproge.si\/de\/wp-json\/wp\/v2\/media\/28382"}],"wp:attachment":[{"href":"https:\/\/www.perzijskepreproge.si\/de\/wp-json\/wp\/v2\/media?parent=28378"}],"wp:term":[{"taxonomy":"product_brand","embeddable":true,"href":"https:\/\/www.perzijskepreproge.si\/de\/wp-json\/wp\/v2\/product_brand?post=28378"},{"taxonomy":"product_cat","embeddable":true,"href":"https:\/\/www.perzijskepreproge.si\/de\/wp-json\/wp\/v2\/product_cat?post=28378"},{"taxonomy":"product_tag","embeddable":true,"href":"https:\/\/www.perzijskepreproge.si\/de\/wp-json\/wp\/v2\/product_tag?post=28378"}],"curies":[{"name":"wp","href":"https:\/\/api.w.org\/{rel}","templated":true}]}}