{"id":29066,"date":"2026-03-31T11:29:30","date_gmt":"2026-03-31T09:29:30","guid":{"rendered":"https:\/\/www.perzijskepreproge.si\/izdelek\/persischer-teppich-taebris-persian-carpet-tabriz\/"},"modified":"2026-03-31T11:29:30","modified_gmt":"2026-03-31T09:29:30","slug":"persischer-teppich-taebris-persian-carpet-tabriz","status":"publish","type":"product","link":"https:\/\/www.perzijskepreproge.si\/de\/produkt\/persischer-teppich-taebris-persian-carpet-tabriz\/","title":{"rendered":"Persischer Teppich T\u00e4bris \/ Persian carpet Tabriz"},"content":{"rendered":"<h2 data-section-id=\"18eck1n\" data-start=\"163\" data-end=\"205\">\ud83c\udfa8 \u00c4sthetik<\/h2>\n<p data-start=\"207\" data-end=\"528\"><strong data-start=\"207\" data-end=\"253\">1. Zentralmedaillon (Symmetrie und Fokus)<\/strong><br data-start=\"253\" data-end=\"256\">Das visuelle Hauptelement ist ein markantes <strong data-start=\"291\" data-end=\"322\">sternf\u00f6rmiges Medaillon in der Mitte<\/strong>, um das sich die Motive radial ausbreiten. Dies ist ein typisches <em data-start=\"380\" data-end=\"388\">Toranj-Design<\/em> (Medaillon + Eckl\u00f6sungen), das ein Gef\u00fchl von Ordnung, Harmonie und fast architektonischer Komposition vermittelt. <\/p>\n<p data-start=\"530\" data-end=\"592\"><strong data-start=\"530\" data-end=\"564\">2. Floral-arabeskes Ornament<\/strong><br data-start=\"564\" data-end=\"567\">Das Muster ist sehr fein und reich an:<\/p>\n<ul data-start=\"593\" data-end=\"639\">\n<li data-section-id=\"rb89td\" data-start=\"593\" data-end=\"616\">stilisierten Bl\u00fcten<\/li>\n<li data-section-id=\"4unqgj\" data-start=\"617\" data-end=\"627\">Bl\u00e4ttern<\/li>\n<li data-section-id=\"1qk3cx1\" data-start=\"628\" data-end=\"639\">Arabesken<\/li>\n<\/ul>\n<p data-start=\"641\" data-end=\"761\">Dies verleiht dem Teppich eine \u201esanfte Komplexit\u00e4t\u201c \u2013 er wirkt nicht aggressiv, sondern reichhaltig und elegant.<\/p>\n<p data-start=\"763\" data-end=\"812\"><strong data-start=\"763\" data-end=\"802\">3. Farppalette (warm + dezent)<\/strong><br data-start=\"802\" data-end=\"805\">Wir sehen:<\/p>\n<ul data-start=\"813\" data-end=\"900\">\n<li data-section-id=\"1nkj325\" data-start=\"813\" data-end=\"844\">warme Rot- \/ Terrakottat\u00f6ne<\/li>\n<li data-section-id=\"q6jryp\" data-start=\"845\" data-end=\"868\">eine elfenbeinfarbene Basis<\/li>\n<li data-section-id=\"r8x2b2\" data-start=\"869\" data-end=\"900\">zarte blau-gr\u00fcne Akzente<\/li>\n<\/ul>\n<p data-start=\"902\" data-end=\"1018\">Dies ist eine klassische T\u00e4bris-Palette: anspruchsvoll und niemals aufdringlich.<\/p>\n<p data-start=\"1020\" data-end=\"1175\"><strong data-start=\"1020\" data-end=\"1056\">4. Bord\u00fcre (Rahmen wie bei einem Gem\u00e4lde)<\/strong><br data-start=\"1056\" data-end=\"1059\">Die mehrschichtige Bord\u00fcre mit feinen Motiven fungiert als Rahmen \u2013 der Teppich wirkt fast wie ein Kunstwerk, nicht nur wie ein Textil.<\/p>\n<p data-start=\"1177\" data-end=\"1210\"><strong data-start=\"1177\" data-end=\"1208\">5. Material (Wolle + Seide)<\/strong><\/p>\n<ul data-start=\"1211\" data-end=\"1317\">\n<li data-section-id=\"7jeagd\" data-start=\"1211\" data-end=\"1249\">Wolle \u2192 W\u00e4rme, Weichheit, Langlebigkeit<\/li>\n<li data-section-id=\"1k66k8d\" data-start=\"1250\" data-end=\"1317\">Seide \u2192 subtiler Glanz und Akzente (sichtbar in den helleren Partien)<\/li>\n<\/ul>\n<p data-start=\"1319\" data-end=\"1464\">Diese Kombination verleiht dem Teppich <strong data-start=\"1348\" data-end=\"1378\">Tiefe und ein \u201eLichtspiel\u201c<\/strong>, da Seide das Licht anders reflektiert als Wolle.<\/p>\n<hr data-start=\"1466\" data-end=\"1469\">\n<h2 data-section-id=\"m3u5to\" data-start=\"1471\" data-end=\"1515\">\ud83e\uddf5 Gesamteindruck<\/h2>\n<p data-start=\"1517\" data-end=\"1536\">Dieser Teppich wirkt:<\/p>\n<ul data-start=\"1537\" data-end=\"1638\">\n<li data-section-id=\"1xa8u47\" data-start=\"1537\" data-end=\"1569\"><strong data-start=\"1539\" data-end=\"1567\">klassisch, aber nicht veraltet<\/strong><\/li>\n<li data-section-id=\"1tubfad\" data-start=\"1570\" data-end=\"1598\"><strong data-start=\"1572\" data-end=\"1596\">luxuri\u00f6s, aber unaufdringlich<\/strong><\/li>\n<li data-section-id=\"1jxymy7\" data-start=\"1599\" data-end=\"1638\"><strong data-start=\"1601\" data-end=\"1638\">ornamental, aber sehr ausgewogen<\/strong><\/li>\n<\/ul>\n<p data-start=\"1640\" data-end=\"1830\">T\u00e4bris-Teppiche sind f\u00fcr ihre au\u00dfergew\u00f6hnliche Kn\u00fcpfdichte bekannt, weshalb die Muster fast mikroskopisch genau sind \u2013 dies vermittelt ein Gef\u00fchl von Prestige und intellektueller Kunstfertigkeit.<\/p>\n<hr data-start=\"1832\" data-end=\"1835\">\n<h2 data-section-id=\"1adj2j8\" data-start=\"1837\" data-end=\"1874\">\ud83c\udfe1 Einsetzbarkeit in modernen Ambientes<\/h2>\n<p data-start=\"1876\" data-end=\"1989\">Dies ist der interessanteste Teil \u2013 ein solcher Teppich ist nicht nur \u201etraditionell\u201c, sondern auch sehr <strong data-start=\"1954\" data-end=\"1988\">n\u00fctzlich in modernen Interieurs<\/strong>:<\/p>\n<h3 data-section-id=\"1j9evux\" data-start=\"1991\" data-end=\"2021\">1. Minimalistische R\u00e4ume<\/h3>\n<p data-start=\"2022\" data-end=\"2071\">\ud83d\udc49 fungiert als <strong data-start=\"2036\" data-end=\"2069\">Statement-Piece (Fokuspunkt)<\/strong><\/p>\n<ul data-start=\"2072\" data-end=\"2245\">\n<li data-section-id=\"vu96ev\" data-start=\"2072\" data-end=\"2147\">wei\u00dfes, graues oder beiges Interieur + dieser Teppich = sofortige W\u00e4rme und Charakter<\/li>\n<li data-section-id=\"xeca0f\" data-start=\"2148\" data-end=\"2245\">Designer nutzen ihn oft als \u201eAnker des Raumes\u201c<\/li>\n<\/ul>\n<h3 data-section-id=\"1guu4\" data-start=\"2247\" data-end=\"2281\">2. Skandinavischer \/ Japandi-Stil<\/h3>\n<ul data-start=\"2282\" data-end=\"2400\">\n<li data-section-id=\"1rjiej7\" data-start=\"2282\" data-end=\"2337\">Kontrast zwischen klaren Linien und reichem Ornament<\/li>\n<li data-section-id=\"1cl4ktv\" data-start=\"2338\" data-end=\"2400\">f\u00fcgt <strong data-start=\"2345\" data-end=\"2367\">Textur und Geschichte<\/strong> hinzu, damit der Raum nicht steril wirkt<\/li>\n<\/ul>\n<h3 data-section-id=\"72cv3n\" data-start=\"2402\" data-end=\"2440\">3. Modern-Klassisch (Transitional)<\/h3>\n<ul data-start=\"2441\" data-end=\"2542\">\n<li data-section-id=\"9047xj\" data-start=\"2441\" data-end=\"2476\">perfekte Br\u00fccke zwischen Alt und Neu<\/li>\n<li data-section-id=\"vpjm45\" data-start=\"2477\" data-end=\"2542\">kann moderne M\u00f6bel mit traditionelleren Elementen verbinden<\/li>\n<\/ul>\n<h3 data-section-id=\"o2gbdo\" data-start=\"2544\" data-end=\"2588\">4. Industrielles Interieur (Beton, Metall)<\/h3>\n<ul data-start=\"2589\" data-end=\"2657\">\n<li data-section-id=\"11r3hf5\" data-start=\"2589\" data-end=\"2618\">mildert die K\u00fchle der Materialien ab<\/li>\n<li data-section-id=\"vguq8f\" data-start=\"2619\" data-end=\"2657\">f\u00fcgt ein \u201emenschliches\u201c Element und W\u00e4rme hinzu<\/li>\n<\/ul>\n<hr data-start=\"2659\" data-end=\"2662\">\n<h2 data-section-id=\"nuo0ch\" data-start=\"2664\" data-end=\"2689\">\u2714\ufe0f Praktische Vorteile<\/h2>\n<ul data-start=\"2691\" data-end=\"2839\">\n<li data-section-id=\"1qeundp\" data-start=\"2691\" data-end=\"2735\">sehr <strong data-start=\"2698\" data-end=\"2709\">strapazierf\u00e4hig<\/strong> (hohe Kn\u00fcpfdichte)<\/li>\n<li data-section-id=\"117yqox\" data-start=\"2736\" data-end=\"2804\">geeignet f\u00fcr Wohnzimmer, Schlafzimmer und repr\u00e4sentative R\u00e4ume<\/li>\n<li data-section-id=\"1utsi0f\" data-start=\"2805\" data-end=\"2839\"><strong data-start=\"2807\" data-end=\"2820\">zeitlos<\/strong> \u2013 kommt nie aus der Mode<\/li>\n<\/ul>\n<hr data-start=\"2841\" data-end=\"2844\">\n<h2 data-section-id=\"1swaryv\" data-start=\"2846\" data-end=\"2867\">\ud83d\udca1 Kurzzusammenfassung<\/h2>\n<p data-start=\"2869\" data-end=\"2881\">Dieser Teppich:<\/p>\n<ul data-start=\"2882\" data-end=\"3086\">\n<li data-section-id=\"6h4y31\" data-start=\"2882\" data-end=\"2934\">ist visuell <strong data-start=\"2896\" data-end=\"2932\">harmonisch, symmetrisch und reichhaltig<\/strong><\/li>\n<li data-section-id=\"1d5a9s0\" data-start=\"2935\" data-end=\"3008\">vereint <strong data-start=\"2946\" data-end=\"3006\">traditionelle persische Kunst + den subtilen Luxus von Seide<\/strong><\/li>\n<li data-section-id=\"bkxqx1\" data-start=\"3009\" data-end=\"3086\">wirkt in modernen R\u00e4umen als <strong data-start=\"3042\" data-end=\"3071\">k\u00fcnstlerisches Zentrum<\/strong>, nicht nur als Dekoration<\/li>\n<\/ul>\n","protected":false},"excerpt":{"rendered":"<p>Reg.-Nr.: 1265<\/p>\n<p>Gr\u00f6\u00dfe \/ Size: 149 x 99 cm<\/p>\n<p>Material \/ Pile: Wolle, Seide \/ wool, silk<\/p>\n<p>Kette \/ Base: Baumwolle \/ cotton<\/p>\n<p>Farben \/ Colours: pflanzlich \/ plants<\/p>\n<p>Design \/ Design: floral \/ floral<\/p>\n<p>Herstellungstechnik \/ Weaving technique: handgekn\u00fcpfter Teppich \/ handmade pile carpet<\/p>\n<p>Kn\u00fcpfdichte \/ Knot density: 490.000 m\/2<\/p>\n<p>Herkunft \/ Origin: T\u00e4bris \u2013 Iran<\/p>\n<p>&nbsp;<\/p>\n","protected":false},"featured_media":29067,"template":"","meta":{"iawp_total_views":0},"product_brand":[],"product_cat":[305,383],"product_tag":[],"class_list":{"0":"post-29066","1":"product","2":"type-product","3":"status-publish","4":"has-post-thumbnail","6":"product_cat-klassische-teppiche","7":"product_cat-kleine-teppiche-de","8":"pa_barva-osnovna-weis-beige","9":"pa_material-wolle-seide","10":"pa_oblika-rechteckig","11":"pa_velikost-cca-150-x-100-de","13":"first","14":"instock","15":"sold-individually","16":"taxable","17":"shipping-taxable","18":"purchasable","19":"product-type-simple"},"yoast_head":"<!-- This site is optimized with the Yoast SEO plugin v27.3 - https:\/\/yoast.com\/product\/yoast-seo-wordpress\/ -->\n<title>Persischer Teppich T\u00e4bris \/ Persian carpet Tabriz - Perzijske preproge Farzad<\/title>\n<meta name=\"robots\" content=\"index, follow, max-snippet:-1, max-image-preview:large, max-video-preview:-1\" \/>\n<link rel=\"canonical\" href=\"https:\/\/www.perzijskepreproge.si\/de\/produkt\/persischer-teppich-taebris-persian-carpet-tabriz\/\" \/>\n<meta property=\"og:locale\" content=\"de_DE\" \/>\n<meta property=\"og:type\" content=\"article\" \/>\n<meta property=\"og:title\" content=\"Persischer Teppich T\u00e4bris \/ Persian carpet Tabriz - Perzijske preproge Farzad\" \/>\n<meta property=\"og:description\" content=\"Reg.-Nr.: 1265 Gr\u00f6\u00dfe \/ Size: 149 x 99 cm Material \/ Pile: Wolle, Seide \/ wool, silk Kette \/ Base: Baumwolle \/ cotton Farben \/ Colours: pflanzlich \/ plants Design \/ Design: floral \/ floral Herstellungstechnik \/ Weaving technique: handgekn\u00fcpfter Teppich \/ handmade pile carpet Kn\u00fcpfdichte \/ Knot density: 490.000 m\/2 Herkunft \/ Origin: T\u00e4bris - Iran &nbsp;\" \/>\n<meta property=\"og:url\" content=\"https:\/\/www.perzijskepreproge.si\/de\/produkt\/persischer-teppich-taebris-persian-carpet-tabriz\/\" \/>\n<meta property=\"og:site_name\" content=\"Perzijske preproge Farzad\" \/>\n<meta property=\"og:image\" content=\"https:\/\/www.perzijskepreproge.si\/wp-content\/uploads\/2026\/03\/IMG_7835jpg.webp\" \/>\n\t<meta property=\"og:image:width\" content=\"786\" \/>\n\t<meta property=\"og:image:height\" content=\"1200\" \/>\n\t<meta property=\"og:image:type\" content=\"image\/jpeg\" \/>\n<meta name=\"twitter:card\" content=\"summary_large_image\" \/>\n<meta name=\"twitter:label1\" content=\"Gesch\u00e4tzte Lesezeit\" \/>\n\t<meta name=\"twitter:data1\" content=\"2\u00a0Minute\" \/>\n<script type=\"application\/ld+json\" class=\"yoast-schema-graph\">{\"@context\":\"https:\\\/\\\/schema.org\",\"@graph\":[{\"@type\":\"WebPage\",\"@id\":\"https:\\\/\\\/www.perzijskepreproge.si\\\/de\\\/produkt\\\/persischer-teppich-taebris-persian-carpet-tabriz\\\/\",\"url\":\"https:\\\/\\\/www.perzijskepreproge.si\\\/de\\\/produkt\\\/persischer-teppich-taebris-persian-carpet-tabriz\\\/\",\"name\":\"Persischer Teppich T\u00e4bris \\\/ Persian carpet Tabriz - Perzijske preproge Farzad\",\"isPartOf\":{\"@id\":\"https:\\\/\\\/www.perzijskepreproge.si\\\/de\\\/#website\"},\"primaryImageOfPage\":{\"@id\":\"https:\\\/\\\/www.perzijskepreproge.si\\\/de\\\/produkt\\\/persischer-teppich-taebris-persian-carpet-tabriz\\\/#primaryimage\"},\"image\":{\"@id\":\"https:\\\/\\\/www.perzijskepreproge.si\\\/de\\\/produkt\\\/persischer-teppich-taebris-persian-carpet-tabriz\\\/#primaryimage\"},\"thumbnailUrl\":\"https:\\\/\\\/www.perzijskepreproge.si\\\/wp-content\\\/uploads\\\/2026\\\/03\\\/IMG_7835jpg.jpg\",\"datePublished\":\"2026-03-31T09:29:30+00:00\",\"breadcrumb\":{\"@id\":\"https:\\\/\\\/www.perzijskepreproge.si\\\/de\\\/produkt\\\/persischer-teppich-taebris-persian-carpet-tabriz\\\/#breadcrumb\"},\"inLanguage\":\"de\",\"potentialAction\":[{\"@type\":\"ReadAction\",\"target\":[\"https:\\\/\\\/www.perzijskepreproge.si\\\/de\\\/produkt\\\/persischer-teppich-taebris-persian-carpet-tabriz\\\/\"]}]},{\"@type\":\"ImageObject\",\"inLanguage\":\"de\",\"@id\":\"https:\\\/\\\/www.perzijskepreproge.si\\\/de\\\/produkt\\\/persischer-teppich-taebris-persian-carpet-tabriz\\\/#primaryimage\",\"url\":\"https:\\\/\\\/www.perzijskepreproge.si\\\/wp-content\\\/uploads\\\/2026\\\/03\\\/IMG_7835jpg.jpg\",\"contentUrl\":\"https:\\\/\\\/www.perzijskepreproge.si\\\/wp-content\\\/uploads\\\/2026\\\/03\\\/IMG_7835jpg.jpg\",\"width\":786,\"height\":1200},{\"@type\":\"BreadcrumbList\",\"@id\":\"https:\\\/\\\/www.perzijskepreproge.si\\\/de\\\/produkt\\\/persischer-teppich-taebris-persian-carpet-tabriz\\\/#breadcrumb\",\"itemListElement\":[{\"@type\":\"ListItem\",\"position\":1,\"name\":\"Heim\",\"item\":\"https:\\\/\\\/www.perzijskepreproge.si\\\/de\\\/perserteppiche-farzad\\\/\"},{\"@type\":\"ListItem\",\"position\":2,\"name\":\"Shop\",\"item\":\"https:\\\/\\\/www.perzijskepreproge.si\\\/de\\\/shop\\\/\"},{\"@type\":\"ListItem\",\"position\":3,\"name\":\"Persischer Teppich T\u00e4bris \\\/ Persian carpet Tabriz\"}]},{\"@type\":\"WebSite\",\"@id\":\"https:\\\/\\\/www.perzijskepreproge.si\\\/de\\\/#website\",\"url\":\"https:\\\/\\\/www.perzijskepreproge.si\\\/de\\\/\",\"name\":\"Perzijske preproge Farzad\",\"description\":\"Perzijske preproge,  preprog in \u010di\u0161\u010denje preprog\",\"potentialAction\":[{\"@type\":\"SearchAction\",\"target\":{\"@type\":\"EntryPoint\",\"urlTemplate\":\"https:\\\/\\\/www.perzijskepreproge.si\\\/de\\\/?s={search_term_string}\"},\"query-input\":{\"@type\":\"PropertyValueSpecification\",\"valueRequired\":true,\"valueName\":\"search_term_string\"}}],\"inLanguage\":\"de\"}]}<\/script>\n<!-- \/ Yoast SEO plugin. -->","yoast_head_json":{"title":"Persischer Teppich T\u00e4bris \/ Persian carpet Tabriz - Perzijske preproge Farzad","robots":{"index":"index","follow":"follow","max-snippet":"max-snippet:-1","max-image-preview":"max-image-preview:large","max-video-preview":"max-video-preview:-1"},"canonical":"https:\/\/www.perzijskepreproge.si\/de\/produkt\/persischer-teppich-taebris-persian-carpet-tabriz\/","og_locale":"de_DE","og_type":"article","og_title":"Persischer Teppich T\u00e4bris \/ Persian carpet Tabriz - Perzijske preproge Farzad","og_description":"Reg.-Nr.: 1265 Gr\u00f6\u00dfe \/ Size: 149 x 99 cm Material \/ Pile: Wolle, Seide \/ wool, silk Kette \/ Base: Baumwolle \/ cotton Farben \/ Colours: pflanzlich \/ plants Design \/ Design: floral \/ floral Herstellungstechnik \/ Weaving technique: handgekn\u00fcpfter Teppich \/ handmade pile carpet Kn\u00fcpfdichte \/ Knot density: 490.000 m\/2 Herkunft \/ Origin: T\u00e4bris - Iran &nbsp;","og_url":"https:\/\/www.perzijskepreproge.si\/de\/produkt\/persischer-teppich-taebris-persian-carpet-tabriz\/","og_site_name":"Perzijske preproge Farzad","og_image":[{"width":786,"height":1200,"url":"https:\/\/www.perzijskepreproge.si\/wp-content\/uploads\/2026\/03\/IMG_7835jpg.webp","type":"image\/jpeg"}],"twitter_card":"summary_large_image","twitter_misc":{"Gesch\u00e4tzte Lesezeit":"2\u00a0Minute"},"schema":{"@context":"https:\/\/schema.org","@graph":[{"@type":"WebPage","@id":"https:\/\/www.perzijskepreproge.si\/de\/produkt\/persischer-teppich-taebris-persian-carpet-tabriz\/","url":"https:\/\/www.perzijskepreproge.si\/de\/produkt\/persischer-teppich-taebris-persian-carpet-tabriz\/","name":"Persischer Teppich T\u00e4bris \/ Persian carpet Tabriz - Perzijske preproge Farzad","isPartOf":{"@id":"https:\/\/www.perzijskepreproge.si\/de\/#website"},"primaryImageOfPage":{"@id":"https:\/\/www.perzijskepreproge.si\/de\/produkt\/persischer-teppich-taebris-persian-carpet-tabriz\/#primaryimage"},"image":{"@id":"https:\/\/www.perzijskepreproge.si\/de\/produkt\/persischer-teppich-taebris-persian-carpet-tabriz\/#primaryimage"},"thumbnailUrl":"https:\/\/www.perzijskepreproge.si\/wp-content\/uploads\/2026\/03\/IMG_7835jpg.jpg","datePublished":"2026-03-31T09:29:30+00:00","breadcrumb":{"@id":"https:\/\/www.perzijskepreproge.si\/de\/produkt\/persischer-teppich-taebris-persian-carpet-tabriz\/#breadcrumb"},"inLanguage":"de","potentialAction":[{"@type":"ReadAction","target":["https:\/\/www.perzijskepreproge.si\/de\/produkt\/persischer-teppich-taebris-persian-carpet-tabriz\/"]}]},{"@type":"ImageObject","inLanguage":"de","@id":"https:\/\/www.perzijskepreproge.si\/de\/produkt\/persischer-teppich-taebris-persian-carpet-tabriz\/#primaryimage","url":"https:\/\/www.perzijskepreproge.si\/wp-content\/uploads\/2026\/03\/IMG_7835jpg.jpg","contentUrl":"https:\/\/www.perzijskepreproge.si\/wp-content\/uploads\/2026\/03\/IMG_7835jpg.jpg","width":786,"height":1200},{"@type":"BreadcrumbList","@id":"https:\/\/www.perzijskepreproge.si\/de\/produkt\/persischer-teppich-taebris-persian-carpet-tabriz\/#breadcrumb","itemListElement":[{"@type":"ListItem","position":1,"name":"Heim","item":"https:\/\/www.perzijskepreproge.si\/de\/perserteppiche-farzad\/"},{"@type":"ListItem","position":2,"name":"Shop","item":"https:\/\/www.perzijskepreproge.si\/de\/shop\/"},{"@type":"ListItem","position":3,"name":"Persischer Teppich T\u00e4bris \/ Persian carpet Tabriz"}]},{"@type":"WebSite","@id":"https:\/\/www.perzijskepreproge.si\/de\/#website","url":"https:\/\/www.perzijskepreproge.si\/de\/","name":"Perzijske preproge Farzad","description":"Perzijske preproge,  preprog in \u010di\u0161\u010denje preprog","potentialAction":[{"@type":"SearchAction","target":{"@type":"EntryPoint","urlTemplate":"https:\/\/www.perzijskepreproge.si\/de\/?s={search_term_string}"},"query-input":{"@type":"PropertyValueSpecification","valueRequired":true,"valueName":"search_term_string"}}],"inLanguage":"de"}]}},"_links":{"self":[{"href":"https:\/\/www.perzijskepreproge.si\/de\/wp-json\/wp\/v2\/product\/29066","targetHints":{"allow":["GET"]}}],"collection":[{"href":"https:\/\/www.perzijskepreproge.si\/de\/wp-json\/wp\/v2\/product"}],"about":[{"href":"https:\/\/www.perzijskepreproge.si\/de\/wp-json\/wp\/v2\/types\/product"}],"version-history":[{"count":0,"href":"https:\/\/www.perzijskepreproge.si\/de\/wp-json\/wp\/v2\/product\/29066\/revisions"}],"wp:featuredmedia":[{"embeddable":true,"href":"https:\/\/www.perzijskepreproge.si\/de\/wp-json\/wp\/v2\/media\/29067"}],"wp:attachment":[{"href":"https:\/\/www.perzijskepreproge.si\/de\/wp-json\/wp\/v2\/media?parent=29066"}],"wp:term":[{"taxonomy":"product_brand","embeddable":true,"href":"https:\/\/www.perzijskepreproge.si\/de\/wp-json\/wp\/v2\/product_brand?post=29066"},{"taxonomy":"product_cat","embeddable":true,"href":"https:\/\/www.perzijskepreproge.si\/de\/wp-json\/wp\/v2\/product_cat?post=29066"},{"taxonomy":"product_tag","embeddable":true,"href":"https:\/\/www.perzijskepreproge.si\/de\/wp-json\/wp\/v2\/product_tag?post=29066"}],"curies":[{"name":"wp","href":"https:\/\/api.w.org\/{rel}","templated":true}]}}