{"id":29164,"date":"2026-03-23T11:00:10","date_gmt":"2026-03-23T10:00:10","guid":{"rendered":"https:\/\/www.perzijskepreproge.si\/izdelek\/persischer-kelim-persian-kilim-4\/"},"modified":"2026-03-23T11:00:10","modified_gmt":"2026-03-23T10:00:10","slug":"persischer-kelim-persian-kilim-4","status":"publish","type":"product","link":"https:\/\/www.perzijskepreproge.si\/de\/produkt\/persischer-kelim-persian-kilim-4\/","title":{"rendered":"Persischer Kelim \/ Persian kilim"},"content":{"rendered":"<p>Nomadische persische Kelims sind wundersch\u00f6ne Kunstwerke, die das reiche kulturelle Erbe und die Lebensweise nomadischer Gemeinschaften widerspiegeln. Ihre Muster und Farben sind oft ein Spiegelbild der Geschichte, Natur und \u00dcberzeugungen der Menschen, die sie herstellen, und sind voller Symbolik und Geschichten. Was an nomadischen persischen Kelims besonders sch\u00f6n ist, ist ihre Authentizit\u00e4t und Einzigartigkeit. Jedes St\u00fcck wird mit Liebe und Sorgfalt handgefertigt, was ihm einen besonderen Wert verleiht. Ihre farbenfrohen Motive, geometrischen Muster und Symbole spiegeln nat\u00fcrliche Elemente, Schutzsymbole, Fruchtbarkeit und andere wichtige Aspekte des Nomadenlebens wider. Neben ihrem \u00e4sthetischen Aspekt sind diese Kelims auch funktional \u2013 sie dienen als Decken, Schlafunterlagen oder dekorative Elemente in Wohnungen und \u00fcbermitteln gleichzeitig Geschichten und Traditionen, die von Generation zu Generation weitergegeben wurden. Jeder nomadische persische Kelim ist somit ein einzigartiges Erbe, das Kunst, Geschichte und Leben vereint&#8230;.      <\/p>\n","protected":false},"excerpt":{"rendered":"<p>Reg.nr.: #1237<\/p>\n<p>Gr\u00f6\u00dfe \/ Size: 94 x 49 cm<\/p>\n<p>Material \/ Pile: Wolle \/ wool<\/p>\n<p>Grundgewebe \/ Base: Wolle \/ wool<\/p>\n<p>Farben \/ Colours: Pflanzenfarben \/ plants<\/p>\n<p>Design \/ Design: geometrisch \/ geometrical<\/p>\n<p>Webtechnik \/ Weaving technique: handgewebter Flachgewebe-Teppich \/ handmade flatweave<\/p>\n<p>Herkunft \/ Origin: Iran<\/p>\n<p>&nbsp;<\/p>\n","protected":false},"featured_media":29165,"template":"","meta":{"iawp_total_views":0},"product_brand":[],"product_cat":[358,359],"product_tag":[],"class_list":{"0":"post-29164","1":"product","2":"type-product","3":"status-publish","4":"has-post-thumbnail","6":"product_cat-kelims","7":"product_cat-kleine-teppiche","8":"pa_barva-osnovna-mehrfarbig","9":"pa_material-wolle","10":"pa_oblika-rechteckig","11":"pa_tip-preproge-kilim","12":"pa_velikost-cca-100-x-60-de","14":"first","15":"instock","16":"featured","17":"virtual","18":"sold-individually","19":"taxable","20":"purchasable","21":"product-type-simple"},"yoast_head":"<!-- This site is optimized with the Yoast SEO plugin v27.3 - https:\/\/yoast.com\/product\/yoast-seo-wordpress\/ -->\n<title>Persischer Kelim \/ Persian kilim - Perzijske preproge Farzad<\/title>\n<meta name=\"robots\" content=\"index, follow, max-snippet:-1, max-image-preview:large, max-video-preview:-1\" \/>\n<link rel=\"canonical\" href=\"https:\/\/www.perzijskepreproge.si\/de\/produkt\/persischer-kelim-persian-kilim-4\/\" \/>\n<meta property=\"og:locale\" content=\"de_DE\" \/>\n<meta property=\"og:type\" content=\"article\" \/>\n<meta property=\"og:title\" content=\"Persischer Kelim \/ Persian kilim - Perzijske preproge Farzad\" \/>\n<meta property=\"og:description\" content=\"Reg.nr.: #1237 Gr\u00f6\u00dfe \/ Size: 94 x 49 cm Material \/ Pile: Wolle \/ wool Grundgewebe \/ Base: Wolle \/ wool Farben \/ Colours: Pflanzenfarben \/ plants Design \/ Design: geometrisch \/ geometrical Webtechnik \/ Weaving technique: handgewebter Flachgewebe-Teppich \/ handmade flatweave Herkunft \/ Origin: Iran &nbsp;\" \/>\n<meta property=\"og:url\" content=\"https:\/\/www.perzijskepreproge.si\/de\/produkt\/persischer-kelim-persian-kilim-4\/\" \/>\n<meta property=\"og:site_name\" content=\"Perzijske preproge Farzad\" \/>\n<meta property=\"og:image\" content=\"https:\/\/www.perzijskepreproge.si\/wp-content\/uploads\/2026\/03\/53.webp\" \/>\n\t<meta property=\"og:image:width\" content=\"610\" \/>\n\t<meta property=\"og:image:height\" content=\"1200\" \/>\n\t<meta property=\"og:image:type\" content=\"image\/jpeg\" \/>\n<meta name=\"twitter:card\" content=\"summary_large_image\" \/>\n<meta name=\"twitter:label1\" content=\"Gesch\u00e4tzte Lesezeit\" \/>\n\t<meta name=\"twitter:data1\" content=\"1\u00a0Minute\" \/>\n<script type=\"application\/ld+json\" class=\"yoast-schema-graph\">{\"@context\":\"https:\\\/\\\/schema.org\",\"@graph\":[{\"@type\":\"WebPage\",\"@id\":\"https:\\\/\\\/www.perzijskepreproge.si\\\/de\\\/produkt\\\/persischer-kelim-persian-kilim-4\\\/\",\"url\":\"https:\\\/\\\/www.perzijskepreproge.si\\\/de\\\/produkt\\\/persischer-kelim-persian-kilim-4\\\/\",\"name\":\"Persischer Kelim \\\/ Persian kilim - Perzijske preproge Farzad\",\"isPartOf\":{\"@id\":\"https:\\\/\\\/www.perzijskepreproge.si\\\/de\\\/#website\"},\"primaryImageOfPage\":{\"@id\":\"https:\\\/\\\/www.perzijskepreproge.si\\\/de\\\/produkt\\\/persischer-kelim-persian-kilim-4\\\/#primaryimage\"},\"image\":{\"@id\":\"https:\\\/\\\/www.perzijskepreproge.si\\\/de\\\/produkt\\\/persischer-kelim-persian-kilim-4\\\/#primaryimage\"},\"thumbnailUrl\":\"https:\\\/\\\/www.perzijskepreproge.si\\\/wp-content\\\/uploads\\\/2026\\\/03\\\/53.jpg\",\"datePublished\":\"2026-03-23T10:00:10+00:00\",\"breadcrumb\":{\"@id\":\"https:\\\/\\\/www.perzijskepreproge.si\\\/de\\\/produkt\\\/persischer-kelim-persian-kilim-4\\\/#breadcrumb\"},\"inLanguage\":\"de\",\"potentialAction\":[{\"@type\":\"ReadAction\",\"target\":[\"https:\\\/\\\/www.perzijskepreproge.si\\\/de\\\/produkt\\\/persischer-kelim-persian-kilim-4\\\/\"]}]},{\"@type\":\"ImageObject\",\"inLanguage\":\"de\",\"@id\":\"https:\\\/\\\/www.perzijskepreproge.si\\\/de\\\/produkt\\\/persischer-kelim-persian-kilim-4\\\/#primaryimage\",\"url\":\"https:\\\/\\\/www.perzijskepreproge.si\\\/wp-content\\\/uploads\\\/2026\\\/03\\\/53.jpg\",\"contentUrl\":\"https:\\\/\\\/www.perzijskepreproge.si\\\/wp-content\\\/uploads\\\/2026\\\/03\\\/53.jpg\",\"width\":610,\"height\":1200},{\"@type\":\"BreadcrumbList\",\"@id\":\"https:\\\/\\\/www.perzijskepreproge.si\\\/de\\\/produkt\\\/persischer-kelim-persian-kilim-4\\\/#breadcrumb\",\"itemListElement\":[{\"@type\":\"ListItem\",\"position\":1,\"name\":\"Heim\",\"item\":\"https:\\\/\\\/www.perzijskepreproge.si\\\/de\\\/perserteppiche-farzad\\\/\"},{\"@type\":\"ListItem\",\"position\":2,\"name\":\"Shop\",\"item\":\"https:\\\/\\\/www.perzijskepreproge.si\\\/de\\\/shop\\\/\"},{\"@type\":\"ListItem\",\"position\":3,\"name\":\"Persischer Kelim \\\/ Persian kilim\"}]},{\"@type\":\"WebSite\",\"@id\":\"https:\\\/\\\/www.perzijskepreproge.si\\\/de\\\/#website\",\"url\":\"https:\\\/\\\/www.perzijskepreproge.si\\\/de\\\/\",\"name\":\"Perzijske preproge Farzad\",\"description\":\"Perzijske preproge,  preprog in \u010di\u0161\u010denje preprog\",\"potentialAction\":[{\"@type\":\"SearchAction\",\"target\":{\"@type\":\"EntryPoint\",\"urlTemplate\":\"https:\\\/\\\/www.perzijskepreproge.si\\\/de\\\/?s={search_term_string}\"},\"query-input\":{\"@type\":\"PropertyValueSpecification\",\"valueRequired\":true,\"valueName\":\"search_term_string\"}}],\"inLanguage\":\"de\"}]}<\/script>\n<!-- \/ Yoast SEO plugin. -->","yoast_head_json":{"title":"Persischer Kelim \/ Persian kilim - Perzijske preproge Farzad","robots":{"index":"index","follow":"follow","max-snippet":"max-snippet:-1","max-image-preview":"max-image-preview:large","max-video-preview":"max-video-preview:-1"},"canonical":"https:\/\/www.perzijskepreproge.si\/de\/produkt\/persischer-kelim-persian-kilim-4\/","og_locale":"de_DE","og_type":"article","og_title":"Persischer Kelim \/ Persian kilim - Perzijske preproge Farzad","og_description":"Reg.nr.: #1237 Gr\u00f6\u00dfe \/ Size: 94 x 49 cm Material \/ Pile: Wolle \/ wool Grundgewebe \/ Base: Wolle \/ wool Farben \/ Colours: Pflanzenfarben \/ plants Design \/ Design: geometrisch \/ geometrical Webtechnik \/ Weaving technique: handgewebter Flachgewebe-Teppich \/ handmade flatweave Herkunft \/ Origin: Iran &nbsp;","og_url":"https:\/\/www.perzijskepreproge.si\/de\/produkt\/persischer-kelim-persian-kilim-4\/","og_site_name":"Perzijske preproge Farzad","og_image":[{"width":610,"height":1200,"url":"https:\/\/www.perzijskepreproge.si\/wp-content\/uploads\/2026\/03\/53.webp","type":"image\/jpeg"}],"twitter_card":"summary_large_image","twitter_misc":{"Gesch\u00e4tzte Lesezeit":"1\u00a0Minute"},"schema":{"@context":"https:\/\/schema.org","@graph":[{"@type":"WebPage","@id":"https:\/\/www.perzijskepreproge.si\/de\/produkt\/persischer-kelim-persian-kilim-4\/","url":"https:\/\/www.perzijskepreproge.si\/de\/produkt\/persischer-kelim-persian-kilim-4\/","name":"Persischer Kelim \/ Persian kilim - Perzijske preproge Farzad","isPartOf":{"@id":"https:\/\/www.perzijskepreproge.si\/de\/#website"},"primaryImageOfPage":{"@id":"https:\/\/www.perzijskepreproge.si\/de\/produkt\/persischer-kelim-persian-kilim-4\/#primaryimage"},"image":{"@id":"https:\/\/www.perzijskepreproge.si\/de\/produkt\/persischer-kelim-persian-kilim-4\/#primaryimage"},"thumbnailUrl":"https:\/\/www.perzijskepreproge.si\/wp-content\/uploads\/2026\/03\/53.jpg","datePublished":"2026-03-23T10:00:10+00:00","breadcrumb":{"@id":"https:\/\/www.perzijskepreproge.si\/de\/produkt\/persischer-kelim-persian-kilim-4\/#breadcrumb"},"inLanguage":"de","potentialAction":[{"@type":"ReadAction","target":["https:\/\/www.perzijskepreproge.si\/de\/produkt\/persischer-kelim-persian-kilim-4\/"]}]},{"@type":"ImageObject","inLanguage":"de","@id":"https:\/\/www.perzijskepreproge.si\/de\/produkt\/persischer-kelim-persian-kilim-4\/#primaryimage","url":"https:\/\/www.perzijskepreproge.si\/wp-content\/uploads\/2026\/03\/53.jpg","contentUrl":"https:\/\/www.perzijskepreproge.si\/wp-content\/uploads\/2026\/03\/53.jpg","width":610,"height":1200},{"@type":"BreadcrumbList","@id":"https:\/\/www.perzijskepreproge.si\/de\/produkt\/persischer-kelim-persian-kilim-4\/#breadcrumb","itemListElement":[{"@type":"ListItem","position":1,"name":"Heim","item":"https:\/\/www.perzijskepreproge.si\/de\/perserteppiche-farzad\/"},{"@type":"ListItem","position":2,"name":"Shop","item":"https:\/\/www.perzijskepreproge.si\/de\/shop\/"},{"@type":"ListItem","position":3,"name":"Persischer Kelim \/ Persian kilim"}]},{"@type":"WebSite","@id":"https:\/\/www.perzijskepreproge.si\/de\/#website","url":"https:\/\/www.perzijskepreproge.si\/de\/","name":"Perzijske preproge Farzad","description":"Perzijske preproge,  preprog in \u010di\u0161\u010denje preprog","potentialAction":[{"@type":"SearchAction","target":{"@type":"EntryPoint","urlTemplate":"https:\/\/www.perzijskepreproge.si\/de\/?s={search_term_string}"},"query-input":{"@type":"PropertyValueSpecification","valueRequired":true,"valueName":"search_term_string"}}],"inLanguage":"de"}]}},"_links":{"self":[{"href":"https:\/\/www.perzijskepreproge.si\/de\/wp-json\/wp\/v2\/product\/29164","targetHints":{"allow":["GET"]}}],"collection":[{"href":"https:\/\/www.perzijskepreproge.si\/de\/wp-json\/wp\/v2\/product"}],"about":[{"href":"https:\/\/www.perzijskepreproge.si\/de\/wp-json\/wp\/v2\/types\/product"}],"version-history":[{"count":0,"href":"https:\/\/www.perzijskepreproge.si\/de\/wp-json\/wp\/v2\/product\/29164\/revisions"}],"wp:featuredmedia":[{"embeddable":true,"href":"https:\/\/www.perzijskepreproge.si\/de\/wp-json\/wp\/v2\/media\/29165"}],"wp:attachment":[{"href":"https:\/\/www.perzijskepreproge.si\/de\/wp-json\/wp\/v2\/media?parent=29164"}],"wp:term":[{"taxonomy":"product_brand","embeddable":true,"href":"https:\/\/www.perzijskepreproge.si\/de\/wp-json\/wp\/v2\/product_brand?post=29164"},{"taxonomy":"product_cat","embeddable":true,"href":"https:\/\/www.perzijskepreproge.si\/de\/wp-json\/wp\/v2\/product_cat?post=29164"},{"taxonomy":"product_tag","embeddable":true,"href":"https:\/\/www.perzijskepreproge.si\/de\/wp-json\/wp\/v2\/product_tag?post=29164"}],"curies":[{"name":"wp","href":"https:\/\/api.w.org\/{rel}","templated":true}]}}