{"id":25301,"date":"2017-03-09T15:04:32","date_gmt":"2017-03-09T14:04:32","guid":{"rendered":"https:\/\/www.perzijskepreproge.si\/izdelek\/persian-carpet-mahal-persian-carpet-mahal\/"},"modified":"2026-04-13T13:09:20","modified_gmt":"2026-04-13T11:09:20","slug":"persian-carpet-mahal-persian-carpet-mahal","status":"publish","type":"product","link":"https:\/\/www.perzijskepreproge.si\/en\/product\/persian-carpet-mahal-persian-carpet-mahal\/","title":{"rendered":"Persian Carpet Mahal \/ Persian carpet Mahal"},"content":{"rendered":"<p data-start=\"0\" data-end=\"337\">This Persian Mahal carpet (also Mahallat), hand-woven in central Iran, radiates the warmth, comfort, and richness of traditional design characteristic of the Sarough-Mahal region. Its aesthetic is balanced, pleasing, and accessible, which has long ensured the popularity of Mahal carpets among collectors and enthusiasts of Oriental rugs. <\/p>\n<p data-start=\"339\" data-end=\"797\">The main field of the carpet features a rich <strong data-start=\"373\" data-end=\"385\">all-over<\/strong> pattern that repeats across the entire surface, without a central medallion. The deep navy blue background provides a profound and contrasting foundation upon which floral motifs in warm tones\u2014red, coral, beige, ochre, blue, and light green\u2014vividly shine. The motifs are strongly inspired by nature and include stylized flowers, palmettes, and leaf rosettes, connected in a geometric lattice that creates a sense of order and rhythm.  <\/p>\n<p data-start=\"799\" data-end=\"1102\">The carpet&#8217;s border is classic and multi-layered. The wide main border in vibrant red is richly decorated with botanical motifs and fine details that harmoniously connect with the inner field in color. The inner and outer guard stripes in beige and darker tones create soft transitions and frame the entire composition.  <\/p>\n<p data-start=\"1104\" data-end=\"1552\" data-is-last-node=\"\" data-is-only-node=\"\">Mahal carpets are renowned for their somewhat thicker, soft woolen pile and are known for their durability and practicality. Due to the warm color spectrum and distinctive yet unobtrusive pattern, this carpet complements traditional, rustic, or classic interiors beautifully, while also adding an interesting contrast to more contemporary settings. This is an authentic Oriental carpet with strong character that brings a rich story and timeless aesthetic to any space.  <\/p>\n","protected":false},"excerpt":{"rendered":"<p>Reg.no.: 985<\/p>\n<p>Size \/ Size: 316 x 207 cm<\/p>\n<p>Pile: wool<\/p>\n<p>Base: cotton<\/p>\n<p>Colors: plants<\/p>\n<p>Design: floral<\/p>\n<p>Weaving technique: handmade pile carpet<\/p>\n<p>Knot density \/ Knot density: 120,000 m\/2<\/p>\n<p>Origin: Iran<\/p>\n<p>&nbsp;<\/p>\n","protected":false},"featured_media":20757,"template":"","meta":{"iawp_total_views":4},"product_brand":[],"product_cat":[316,346],"product_tag":[],"class_list":{"0":"post-25301","1":"product","2":"type-product","3":"status-publish","4":"has-post-thumbnail","6":"product_cat-classic-carpets","7":"product_cat-large-rugs-en","8":"pa_barva-osnovna-red-burgundy","9":"pa_material-wool","10":"pa_oblika-rectangular","11":"pa_tip-preproge-classic-masterpiece","12":"pa_velikost-cca-300x200-en","14":"first","15":"instock","16":"featured","17":"sold-individually","18":"taxable","19":"shipping-taxable","20":"purchasable","21":"product-type-simple"},"yoast_head":"<!-- This site is optimized with the Yoast SEO plugin v27.3 - https:\/\/yoast.com\/product\/yoast-seo-wordpress\/ -->\n<title>Persian Carpet Mahal \/ Persian carpet Mahal - Perzijske preproge Farzad<\/title>\n<meta name=\"robots\" content=\"index, follow, max-snippet:-1, max-image-preview:large, max-video-preview:-1\" \/>\n<link rel=\"canonical\" href=\"https:\/\/www.perzijskepreproge.si\/en\/product\/persian-carpet-mahal-persian-carpet-mahal\/\" \/>\n<meta property=\"og:locale\" content=\"en_US\" \/>\n<meta property=\"og:type\" content=\"article\" \/>\n<meta property=\"og:title\" content=\"Persian Carpet Mahal \/ Persian carpet Mahal - Perzijske preproge Farzad\" \/>\n<meta property=\"og:description\" content=\"Reg.no.: 985 Size \/ Size: 316 x 207 cm Pile: wool Base: cotton Colors: plants Design: floral Weaving technique: handmade pile carpet Knot density \/ Knot density: 120,000 m\/2 Origin: Iran &nbsp;\" \/>\n<meta property=\"og:url\" content=\"https:\/\/www.perzijskepreproge.si\/en\/product\/persian-carpet-mahal-persian-carpet-mahal\/\" \/>\n<meta property=\"og:site_name\" content=\"Perzijske preproge Farzad\" \/>\n<meta property=\"article:modified_time\" content=\"2026-04-13T11:09:20+00:00\" \/>\n<meta property=\"og:image\" content=\"https:\/\/www.perzijskepreproge.si\/wp-content\/uploads\/2017\/03\/DSCF6982.webp\" \/>\n\t<meta property=\"og:image:width\" content=\"502\" \/>\n\t<meta property=\"og:image:height\" content=\"900\" \/>\n\t<meta property=\"og:image:type\" content=\"image\/jpeg\" \/>\n<meta name=\"twitter:card\" content=\"summary_large_image\" \/>\n<meta name=\"twitter:label1\" content=\"Est. reading time\" \/>\n\t<meta name=\"twitter:data1\" content=\"1 minute\" \/>\n<script type=\"application\/ld+json\" class=\"yoast-schema-graph\">{\"@context\":\"https:\\\/\\\/schema.org\",\"@graph\":[{\"@type\":\"WebPage\",\"@id\":\"https:\\\/\\\/www.perzijskepreproge.si\\\/en\\\/product\\\/persian-carpet-mahal-persian-carpet-mahal\\\/\",\"url\":\"https:\\\/\\\/www.perzijskepreproge.si\\\/en\\\/product\\\/persian-carpet-mahal-persian-carpet-mahal\\\/\",\"name\":\"Persian Carpet Mahal \\\/ Persian carpet Mahal - Perzijske preproge Farzad\",\"isPartOf\":{\"@id\":\"https:\\\/\\\/www.perzijskepreproge.si\\\/en\\\/#website\"},\"primaryImageOfPage\":{\"@id\":\"https:\\\/\\\/www.perzijskepreproge.si\\\/en\\\/product\\\/persian-carpet-mahal-persian-carpet-mahal\\\/#primaryimage\"},\"image\":{\"@id\":\"https:\\\/\\\/www.perzijskepreproge.si\\\/en\\\/product\\\/persian-carpet-mahal-persian-carpet-mahal\\\/#primaryimage\"},\"thumbnailUrl\":\"https:\\\/\\\/www.perzijskepreproge.si\\\/wp-content\\\/uploads\\\/2017\\\/03\\\/DSCF6982.jpg\",\"datePublished\":\"2017-03-09T14:04:32+00:00\",\"dateModified\":\"2026-04-13T11:09:20+00:00\",\"breadcrumb\":{\"@id\":\"https:\\\/\\\/www.perzijskepreproge.si\\\/en\\\/product\\\/persian-carpet-mahal-persian-carpet-mahal\\\/#breadcrumb\"},\"inLanguage\":\"en-US\",\"potentialAction\":[{\"@type\":\"ReadAction\",\"target\":[\"https:\\\/\\\/www.perzijskepreproge.si\\\/en\\\/product\\\/persian-carpet-mahal-persian-carpet-mahal\\\/\"]}]},{\"@type\":\"ImageObject\",\"inLanguage\":\"en-US\",\"@id\":\"https:\\\/\\\/www.perzijskepreproge.si\\\/en\\\/product\\\/persian-carpet-mahal-persian-carpet-mahal\\\/#primaryimage\",\"url\":\"https:\\\/\\\/www.perzijskepreproge.si\\\/wp-content\\\/uploads\\\/2017\\\/03\\\/DSCF6982.jpg\",\"contentUrl\":\"https:\\\/\\\/www.perzijskepreproge.si\\\/wp-content\\\/uploads\\\/2017\\\/03\\\/DSCF6982.jpg\",\"width\":502,\"height\":900,\"caption\":\"Mahal carpet\"},{\"@type\":\"BreadcrumbList\",\"@id\":\"https:\\\/\\\/www.perzijskepreproge.si\\\/en\\\/product\\\/persian-carpet-mahal-persian-carpet-mahal\\\/#breadcrumb\",\"itemListElement\":[{\"@type\":\"ListItem\",\"position\":1,\"name\":\"Home\",\"item\":\"https:\\\/\\\/www.perzijskepreproge.si\\\/en\\\/persian-carpets-farzad\\\/\"},{\"@type\":\"ListItem\",\"position\":2,\"name\":\"Shop\",\"item\":\"https:\\\/\\\/www.perzijskepreproge.si\\\/en\\\/shop\\\/\"},{\"@type\":\"ListItem\",\"position\":3,\"name\":\"Persian Carpet Mahal \\\/ Persian carpet Mahal\"}]},{\"@type\":\"WebSite\",\"@id\":\"https:\\\/\\\/www.perzijskepreproge.si\\\/en\\\/#website\",\"url\":\"https:\\\/\\\/www.perzijskepreproge.si\\\/en\\\/\",\"name\":\"Perzijske preproge Farzad\",\"description\":\"Perzijske preproge,  preprog in \u010di\u0161\u010denje preprog\",\"potentialAction\":[{\"@type\":\"SearchAction\",\"target\":{\"@type\":\"EntryPoint\",\"urlTemplate\":\"https:\\\/\\\/www.perzijskepreproge.si\\\/en\\\/?s={search_term_string}\"},\"query-input\":{\"@type\":\"PropertyValueSpecification\",\"valueRequired\":true,\"valueName\":\"search_term_string\"}}],\"inLanguage\":\"en-US\"}]}<\/script>\n<!-- \/ Yoast SEO plugin. -->","yoast_head_json":{"title":"Persian Carpet Mahal \/ Persian carpet Mahal - Perzijske preproge Farzad","robots":{"index":"index","follow":"follow","max-snippet":"max-snippet:-1","max-image-preview":"max-image-preview:large","max-video-preview":"max-video-preview:-1"},"canonical":"https:\/\/www.perzijskepreproge.si\/en\/product\/persian-carpet-mahal-persian-carpet-mahal\/","og_locale":"en_US","og_type":"article","og_title":"Persian Carpet Mahal \/ Persian carpet Mahal - Perzijske preproge Farzad","og_description":"Reg.no.: 985 Size \/ Size: 316 x 207 cm Pile: wool Base: cotton Colors: plants Design: floral Weaving technique: handmade pile carpet Knot density \/ Knot density: 120,000 m\/2 Origin: Iran &nbsp;","og_url":"https:\/\/www.perzijskepreproge.si\/en\/product\/persian-carpet-mahal-persian-carpet-mahal\/","og_site_name":"Perzijske preproge Farzad","article_modified_time":"2026-04-13T11:09:20+00:00","og_image":[{"width":502,"height":900,"url":"https:\/\/www.perzijskepreproge.si\/wp-content\/uploads\/2017\/03\/DSCF6982.webp","type":"image\/jpeg"}],"twitter_card":"summary_large_image","twitter_misc":{"Est. reading time":"1 minute"},"schema":{"@context":"https:\/\/schema.org","@graph":[{"@type":"WebPage","@id":"https:\/\/www.perzijskepreproge.si\/en\/product\/persian-carpet-mahal-persian-carpet-mahal\/","url":"https:\/\/www.perzijskepreproge.si\/en\/product\/persian-carpet-mahal-persian-carpet-mahal\/","name":"Persian Carpet Mahal \/ Persian carpet Mahal - Perzijske preproge Farzad","isPartOf":{"@id":"https:\/\/www.perzijskepreproge.si\/en\/#website"},"primaryImageOfPage":{"@id":"https:\/\/www.perzijskepreproge.si\/en\/product\/persian-carpet-mahal-persian-carpet-mahal\/#primaryimage"},"image":{"@id":"https:\/\/www.perzijskepreproge.si\/en\/product\/persian-carpet-mahal-persian-carpet-mahal\/#primaryimage"},"thumbnailUrl":"https:\/\/www.perzijskepreproge.si\/wp-content\/uploads\/2017\/03\/DSCF6982.jpg","datePublished":"2017-03-09T14:04:32+00:00","dateModified":"2026-04-13T11:09:20+00:00","breadcrumb":{"@id":"https:\/\/www.perzijskepreproge.si\/en\/product\/persian-carpet-mahal-persian-carpet-mahal\/#breadcrumb"},"inLanguage":"en-US","potentialAction":[{"@type":"ReadAction","target":["https:\/\/www.perzijskepreproge.si\/en\/product\/persian-carpet-mahal-persian-carpet-mahal\/"]}]},{"@type":"ImageObject","inLanguage":"en-US","@id":"https:\/\/www.perzijskepreproge.si\/en\/product\/persian-carpet-mahal-persian-carpet-mahal\/#primaryimage","url":"https:\/\/www.perzijskepreproge.si\/wp-content\/uploads\/2017\/03\/DSCF6982.jpg","contentUrl":"https:\/\/www.perzijskepreproge.si\/wp-content\/uploads\/2017\/03\/DSCF6982.jpg","width":502,"height":900,"caption":"Mahal carpet"},{"@type":"BreadcrumbList","@id":"https:\/\/www.perzijskepreproge.si\/en\/product\/persian-carpet-mahal-persian-carpet-mahal\/#breadcrumb","itemListElement":[{"@type":"ListItem","position":1,"name":"Home","item":"https:\/\/www.perzijskepreproge.si\/en\/persian-carpets-farzad\/"},{"@type":"ListItem","position":2,"name":"Shop","item":"https:\/\/www.perzijskepreproge.si\/en\/shop\/"},{"@type":"ListItem","position":3,"name":"Persian Carpet Mahal \/ Persian carpet Mahal"}]},{"@type":"WebSite","@id":"https:\/\/www.perzijskepreproge.si\/en\/#website","url":"https:\/\/www.perzijskepreproge.si\/en\/","name":"Perzijske preproge Farzad","description":"Perzijske preproge,  preprog in \u010di\u0161\u010denje preprog","potentialAction":[{"@type":"SearchAction","target":{"@type":"EntryPoint","urlTemplate":"https:\/\/www.perzijskepreproge.si\/en\/?s={search_term_string}"},"query-input":{"@type":"PropertyValueSpecification","valueRequired":true,"valueName":"search_term_string"}}],"inLanguage":"en-US"}]}},"_links":{"self":[{"href":"https:\/\/www.perzijskepreproge.si\/en\/wp-json\/wp\/v2\/product\/25301","targetHints":{"allow":["GET"]}}],"collection":[{"href":"https:\/\/www.perzijskepreproge.si\/en\/wp-json\/wp\/v2\/product"}],"about":[{"href":"https:\/\/www.perzijskepreproge.si\/en\/wp-json\/wp\/v2\/types\/product"}],"version-history":[{"count":1,"href":"https:\/\/www.perzijskepreproge.si\/en\/wp-json\/wp\/v2\/product\/25301\/revisions"}],"predecessor-version":[{"id":29391,"href":"https:\/\/www.perzijskepreproge.si\/en\/wp-json\/wp\/v2\/product\/25301\/revisions\/29391"}],"wp:featuredmedia":[{"embeddable":true,"href":"https:\/\/www.perzijskepreproge.si\/en\/wp-json\/wp\/v2\/media\/20757"}],"wp:attachment":[{"href":"https:\/\/www.perzijskepreproge.si\/en\/wp-json\/wp\/v2\/media?parent=25301"}],"wp:term":[{"taxonomy":"product_brand","embeddable":true,"href":"https:\/\/www.perzijskepreproge.si\/en\/wp-json\/wp\/v2\/product_brand?post=25301"},{"taxonomy":"product_cat","embeddable":true,"href":"https:\/\/www.perzijskepreproge.si\/en\/wp-json\/wp\/v2\/product_cat?post=25301"},{"taxonomy":"product_tag","embeddable":true,"href":"https:\/\/www.perzijskepreproge.si\/en\/wp-json\/wp\/v2\/product_tag?post=25301"}],"curies":[{"name":"wp","href":"https:\/\/api.w.org\/{rel}","templated":true}]}}