{"id":25353,"date":"2022-08-23T16:20:45","date_gmt":"2022-08-23T14:20:45","guid":{"rendered":"https:\/\/www.perzijskepreproge.si\/izdelek\/persian-carpet-2\/"},"modified":"2022-08-23T16:20:45","modified_gmt":"2022-08-23T14:20:45","slug":"persian-carpet-2","status":"publish","type":"product","link":"https:\/\/www.perzijskepreproge.si\/en\/product\/persian-carpet-2\/","title":{"rendered":"Persian carpet"},"content":{"rendered":"","protected":false},"excerpt":{"rendered":"<p>Reg. no.: 847<\/p>\n<p>Size: 185 x 139 cm<\/p>\n<p>Material \/ Pile: wool<\/p>\n<p>Base: cotton<\/p>\n<p>Colors: plants<\/p>\n<p>Design \/ Design: medallion\/ medallion<\/p>\n<p>Weaving technique: handmade pile carpet<\/p>\n<p>Knot density: 250,000 m\/2<\/p>\n<p>Origin: Iran<\/p>\n","protected":false},"featured_media":23652,"template":"","meta":{"iawp_total_views":4},"product_brand":[],"product_cat":[316,317],"product_tag":[],"class_list":{"0":"post-25353","1":"product","2":"type-product","3":"status-publish","4":"has-post-thumbnail","6":"product_cat-classic-carpets","7":"product_cat-medium-carpets","8":"pa_barva-osnovna-blue-turquoise","9":"pa_material-wool","10":"pa_oblika-rectangular","11":"pa_velikost-cca-200x150-en","13":"first","14":"instock","15":"sold-individually","16":"taxable","17":"shipping-taxable","18":"purchasable","19":"product-type-simple"},"yoast_head":"<!-- This site is optimized with the Yoast SEO plugin v27.3 - https:\/\/yoast.com\/product\/yoast-seo-wordpress\/ -->\n<title>Persian carpet - Perzijske preproge Farzad<\/title>\n<meta name=\"robots\" content=\"index, follow, max-snippet:-1, max-image-preview:large, max-video-preview:-1\" \/>\n<link rel=\"canonical\" href=\"https:\/\/www.perzijskepreproge.si\/en\/product\/persian-carpet-2\/\" \/>\n<meta property=\"og:locale\" content=\"en_US\" \/>\n<meta property=\"og:type\" content=\"article\" \/>\n<meta property=\"og:title\" content=\"Persian carpet - Perzijske preproge Farzad\" \/>\n<meta property=\"og:description\" content=\"Reg. no.: 847 Size: 185 x 139 cm Material \/ Pile: wool Base: cotton Colors: plants Design \/ Design: medallion\/ medallion Weaving technique: handmade pile carpet Knot density: 250,000 m\/2 Origin: Iran\" \/>\n<meta property=\"og:url\" content=\"https:\/\/www.perzijskepreproge.si\/en\/product\/persian-carpet-2\/\" \/>\n<meta property=\"og:site_name\" content=\"Perzijske preproge Farzad\" \/>\n<meta property=\"og:image\" content=\"https:\/\/www.perzijskepreproge.si\/wp-content\/uploads\/2022\/08\/IMG_20220823_120626jpg.jpg\" \/>\n\t<meta property=\"og:image:width\" content=\"755\" \/>\n\t<meta property=\"og:image:height\" content=\"1000\" \/>\n\t<meta property=\"og:image:type\" content=\"image\/jpeg\" \/>\n<meta name=\"twitter:card\" content=\"summary_large_image\" \/>\n<script type=\"application\/ld+json\" class=\"yoast-schema-graph\">{\"@context\":\"https:\\\/\\\/schema.org\",\"@graph\":[{\"@type\":\"WebPage\",\"@id\":\"https:\\\/\\\/www.perzijskepreproge.si\\\/en\\\/product\\\/persian-carpet-2\\\/\",\"url\":\"https:\\\/\\\/www.perzijskepreproge.si\\\/en\\\/product\\\/persian-carpet-2\\\/\",\"name\":\"Persian carpet - Perzijske preproge Farzad\",\"isPartOf\":{\"@id\":\"https:\\\/\\\/www.perzijskepreproge.si\\\/en\\\/#website\"},\"primaryImageOfPage\":{\"@id\":\"https:\\\/\\\/www.perzijskepreproge.si\\\/en\\\/product\\\/persian-carpet-2\\\/#primaryimage\"},\"image\":{\"@id\":\"https:\\\/\\\/www.perzijskepreproge.si\\\/en\\\/product\\\/persian-carpet-2\\\/#primaryimage\"},\"thumbnailUrl\":\"https:\\\/\\\/www.perzijskepreproge.si\\\/wp-content\\\/uploads\\\/2022\\\/08\\\/IMG_20220823_120626jpg.jpg\",\"datePublished\":\"2022-08-23T14:20:45+00:00\",\"breadcrumb\":{\"@id\":\"https:\\\/\\\/www.perzijskepreproge.si\\\/en\\\/product\\\/persian-carpet-2\\\/#breadcrumb\"},\"inLanguage\":\"en-US\",\"potentialAction\":[{\"@type\":\"ReadAction\",\"target\":[\"https:\\\/\\\/www.perzijskepreproge.si\\\/en\\\/product\\\/persian-carpet-2\\\/\"]}]},{\"@type\":\"ImageObject\",\"inLanguage\":\"en-US\",\"@id\":\"https:\\\/\\\/www.perzijskepreproge.si\\\/en\\\/product\\\/persian-carpet-2\\\/#primaryimage\",\"url\":\"https:\\\/\\\/www.perzijskepreproge.si\\\/wp-content\\\/uploads\\\/2022\\\/08\\\/IMG_20220823_120626jpg.jpg\",\"contentUrl\":\"https:\\\/\\\/www.perzijskepreproge.si\\\/wp-content\\\/uploads\\\/2022\\\/08\\\/IMG_20220823_120626jpg.jpg\",\"width\":755,\"height\":1000},{\"@type\":\"BreadcrumbList\",\"@id\":\"https:\\\/\\\/www.perzijskepreproge.si\\\/en\\\/product\\\/persian-carpet-2\\\/#breadcrumb\",\"itemListElement\":[{\"@type\":\"ListItem\",\"position\":1,\"name\":\"Home\",\"item\":\"https:\\\/\\\/www.perzijskepreproge.si\\\/en\\\/persian-carpets-farzad\\\/\"},{\"@type\":\"ListItem\",\"position\":2,\"name\":\"Shop\",\"item\":\"https:\\\/\\\/www.perzijskepreproge.si\\\/en\\\/shop\\\/\"},{\"@type\":\"ListItem\",\"position\":3,\"name\":\"Persian carpet\"}]},{\"@type\":\"WebSite\",\"@id\":\"https:\\\/\\\/www.perzijskepreproge.si\\\/en\\\/#website\",\"url\":\"https:\\\/\\\/www.perzijskepreproge.si\\\/en\\\/\",\"name\":\"Perzijske preproge Farzad\",\"description\":\"Perzijske preproge,  preprog in \u010di\u0161\u010denje preprog\",\"potentialAction\":[{\"@type\":\"SearchAction\",\"target\":{\"@type\":\"EntryPoint\",\"urlTemplate\":\"https:\\\/\\\/www.perzijskepreproge.si\\\/en\\\/?s={search_term_string}\"},\"query-input\":{\"@type\":\"PropertyValueSpecification\",\"valueRequired\":true,\"valueName\":\"search_term_string\"}}],\"inLanguage\":\"en-US\"}]}<\/script>\n<!-- \/ Yoast SEO plugin. -->","yoast_head_json":{"title":"Persian carpet - Perzijske preproge Farzad","robots":{"index":"index","follow":"follow","max-snippet":"max-snippet:-1","max-image-preview":"max-image-preview:large","max-video-preview":"max-video-preview:-1"},"canonical":"https:\/\/www.perzijskepreproge.si\/en\/product\/persian-carpet-2\/","og_locale":"en_US","og_type":"article","og_title":"Persian carpet - Perzijske preproge Farzad","og_description":"Reg. no.: 847 Size: 185 x 139 cm Material \/ Pile: wool Base: cotton Colors: plants Design \/ Design: medallion\/ medallion Weaving technique: handmade pile carpet Knot density: 250,000 m\/2 Origin: Iran","og_url":"https:\/\/www.perzijskepreproge.si\/en\/product\/persian-carpet-2\/","og_site_name":"Perzijske preproge Farzad","og_image":[{"width":755,"height":1000,"url":"https:\/\/www.perzijskepreproge.si\/wp-content\/uploads\/2022\/08\/IMG_20220823_120626jpg.jpg","type":"image\/jpeg"}],"twitter_card":"summary_large_image","schema":{"@context":"https:\/\/schema.org","@graph":[{"@type":"WebPage","@id":"https:\/\/www.perzijskepreproge.si\/en\/product\/persian-carpet-2\/","url":"https:\/\/www.perzijskepreproge.si\/en\/product\/persian-carpet-2\/","name":"Persian carpet - Perzijske preproge Farzad","isPartOf":{"@id":"https:\/\/www.perzijskepreproge.si\/en\/#website"},"primaryImageOfPage":{"@id":"https:\/\/www.perzijskepreproge.si\/en\/product\/persian-carpet-2\/#primaryimage"},"image":{"@id":"https:\/\/www.perzijskepreproge.si\/en\/product\/persian-carpet-2\/#primaryimage"},"thumbnailUrl":"https:\/\/www.perzijskepreproge.si\/wp-content\/uploads\/2022\/08\/IMG_20220823_120626jpg.jpg","datePublished":"2022-08-23T14:20:45+00:00","breadcrumb":{"@id":"https:\/\/www.perzijskepreproge.si\/en\/product\/persian-carpet-2\/#breadcrumb"},"inLanguage":"en-US","potentialAction":[{"@type":"ReadAction","target":["https:\/\/www.perzijskepreproge.si\/en\/product\/persian-carpet-2\/"]}]},{"@type":"ImageObject","inLanguage":"en-US","@id":"https:\/\/www.perzijskepreproge.si\/en\/product\/persian-carpet-2\/#primaryimage","url":"https:\/\/www.perzijskepreproge.si\/wp-content\/uploads\/2022\/08\/IMG_20220823_120626jpg.jpg","contentUrl":"https:\/\/www.perzijskepreproge.si\/wp-content\/uploads\/2022\/08\/IMG_20220823_120626jpg.jpg","width":755,"height":1000},{"@type":"BreadcrumbList","@id":"https:\/\/www.perzijskepreproge.si\/en\/product\/persian-carpet-2\/#breadcrumb","itemListElement":[{"@type":"ListItem","position":1,"name":"Home","item":"https:\/\/www.perzijskepreproge.si\/en\/persian-carpets-farzad\/"},{"@type":"ListItem","position":2,"name":"Shop","item":"https:\/\/www.perzijskepreproge.si\/en\/shop\/"},{"@type":"ListItem","position":3,"name":"Persian carpet"}]},{"@type":"WebSite","@id":"https:\/\/www.perzijskepreproge.si\/en\/#website","url":"https:\/\/www.perzijskepreproge.si\/en\/","name":"Perzijske preproge Farzad","description":"Perzijske preproge,  preprog in \u010di\u0161\u010denje preprog","potentialAction":[{"@type":"SearchAction","target":{"@type":"EntryPoint","urlTemplate":"https:\/\/www.perzijskepreproge.si\/en\/?s={search_term_string}"},"query-input":{"@type":"PropertyValueSpecification","valueRequired":true,"valueName":"search_term_string"}}],"inLanguage":"en-US"}]}},"_links":{"self":[{"href":"https:\/\/www.perzijskepreproge.si\/en\/wp-json\/wp\/v2\/product\/25353","targetHints":{"allow":["GET"]}}],"collection":[{"href":"https:\/\/www.perzijskepreproge.si\/en\/wp-json\/wp\/v2\/product"}],"about":[{"href":"https:\/\/www.perzijskepreproge.si\/en\/wp-json\/wp\/v2\/types\/product"}],"version-history":[{"count":0,"href":"https:\/\/www.perzijskepreproge.si\/en\/wp-json\/wp\/v2\/product\/25353\/revisions"}],"wp:featuredmedia":[{"embeddable":true,"href":"https:\/\/www.perzijskepreproge.si\/en\/wp-json\/wp\/v2\/media\/23652"}],"wp:attachment":[{"href":"https:\/\/www.perzijskepreproge.si\/en\/wp-json\/wp\/v2\/media?parent=25353"}],"wp:term":[{"taxonomy":"product_brand","embeddable":true,"href":"https:\/\/www.perzijskepreproge.si\/en\/wp-json\/wp\/v2\/product_brand?post=25353"},{"taxonomy":"product_cat","embeddable":true,"href":"https:\/\/www.perzijskepreproge.si\/en\/wp-json\/wp\/v2\/product_cat?post=25353"},{"taxonomy":"product_tag","embeddable":true,"href":"https:\/\/www.perzijskepreproge.si\/en\/wp-json\/wp\/v2\/product_tag?post=25353"}],"curies":[{"name":"wp","href":"https:\/\/api.w.org\/{rel}","templated":true}]}}