{"id":25363,"date":"2022-08-22T15:15:35","date_gmt":"2022-08-22T13:15:35","guid":{"rendered":"https:\/\/www.perzijskepreproge.si\/izdelek\/persian-kilim-azari-persian-kilim-azari-5\/"},"modified":"2026-04-13T13:18:39","modified_gmt":"2026-04-13T11:18:39","slug":"persian-kilim-azari-persian-kilim-azari-5","status":"publish","type":"product","link":"https:\/\/www.perzijskepreproge.si\/en\/product\/persian-kilim-azari-persian-kilim-azari-5\/","title":{"rendered":"Persian kilim Azari \/ Persian kilim Azari"},"content":{"rendered":"<p>For millennia, rugs have been faithful, time-tested companions to nomadic peoples\u2014used to cover floors, in place of furniture, as decoration, as a horse saddle cover, for sleeping, as a travel tent, for meditation, as a shroud for the final farewell from this world&#8230; Special rugs are made for healing and wedding rituals. Rugs are rich in symbolism; they enable communication across time and space, with messages expressed through various compositional structures, colors, and the figures within them. The Azeri, who have lived in northern Iran and Azerbaijan for centuries and millennia, have been making rugs in an original, unchanged way. The weaving technique and traditional patterns are passed down from generation to generation, but the rug\u2019s final look depends most on the maker\u2019s personal touch. Mothers teach daughters how to spin and work with wool, while fathers pass on to sons the knowledge of dyeing wool and making looms. The motifs they depict are drawn from their surroundings, local tradition, and their lives. Thus, in these rugs you can find everything from stars to archaic Mesopotamian forms. The characteristic stylized figures (stepped diamond and stars) lend this Azeri kilim a special playfulness. Under skilled fingers, beautiful combinations have emerged using plant-based earthy dyes and archaic patterns.          <\/p>\n","protected":false},"excerpt":{"rendered":"<p>Reg. no.: 1075<\/p>\n<p>Size: 318 x 119 cm<\/p>\n<p>Material \/ Pile: wool<\/p>\n<p>Base: wool<\/p>\n<p>Colours: plant-based<\/p>\n<p>Design: geometric<\/p>\n<p>Weaving technique: handwoven rug \/ handmade flatweave<\/p>\n<p>Origin: Iran<\/p>\n<p>&nbsp;<\/p>\n","protected":false},"featured_media":23625,"template":"","meta":{"iawp_total_views":3},"product_brand":[],"product_cat":[354,374],"product_tag":[],"class_list":{"0":"post-25363","1":"product","2":"type-product","3":"status-publish","4":"has-post-thumbnail","6":"product_cat-kilims","7":"product_cat-large-rugs-en-2","8":"pa_barva-osnovna-brown-earthy","9":"pa_barva-osnovna-orange-turmeric","10":"pa_barva-osnovna-red-burgundy","11":"pa_material-wool","12":"pa_oblika-rectangular","13":"pa_oblika-runners","14":"pa_tip-preproge-kilim","15":"pa_velikost-cca-runner","17":"first","18":"instock","19":"featured","20":"sold-individually","21":"taxable","22":"shipping-taxable","23":"purchasable","24":"product-type-simple"},"yoast_head":"<!-- This site is optimized with the Yoast SEO plugin v27.3 - https:\/\/yoast.com\/product\/yoast-seo-wordpress\/ -->\n<title>Persian kilim Azari \/ Persian kilim Azari - Perzijske preproge Farzad<\/title>\n<meta name=\"robots\" content=\"index, follow, max-snippet:-1, max-image-preview:large, max-video-preview:-1\" \/>\n<link rel=\"canonical\" href=\"https:\/\/www.perzijskepreproge.si\/en\/product\/persian-kilim-azari-persian-kilim-azari-5\/\" \/>\n<meta property=\"og:locale\" content=\"en_US\" \/>\n<meta property=\"og:type\" content=\"article\" \/>\n<meta property=\"og:title\" content=\"Persian kilim Azari \/ Persian kilim Azari - Perzijske preproge Farzad\" \/>\n<meta property=\"og:description\" content=\"Reg. no.: 1075 Size: 318 x 119 cm Material \/ Pile: wool Base: wool Colours: plant-based Design: geometric Weaving technique: handwoven rug \/ handmade flatweave Origin: Iran &nbsp;\" \/>\n<meta property=\"og:url\" content=\"https:\/\/www.perzijskepreproge.si\/en\/product\/persian-kilim-azari-persian-kilim-azari-5\/\" \/>\n<meta property=\"og:site_name\" content=\"Perzijske preproge Farzad\" \/>\n<meta property=\"article:modified_time\" content=\"2026-04-13T11:18:39+00:00\" \/>\n<meta property=\"og:image\" content=\"https:\/\/www.perzijskepreproge.si\/wp-content\/uploads\/2022\/08\/IMG_20220822_151836JPG.webp\" \/>\n\t<meta property=\"og:image:width\" content=\"453\" \/>\n\t<meta property=\"og:image:height\" content=\"1000\" \/>\n\t<meta property=\"og:image:type\" content=\"image\/jpeg\" \/>\n<meta name=\"twitter:card\" content=\"summary_large_image\" \/>\n<meta name=\"twitter:label1\" content=\"Est. reading time\" \/>\n\t<meta name=\"twitter:data1\" content=\"1 minute\" \/>\n<script type=\"application\/ld+json\" class=\"yoast-schema-graph\">{\"@context\":\"https:\\\/\\\/schema.org\",\"@graph\":[{\"@type\":\"WebPage\",\"@id\":\"https:\\\/\\\/www.perzijskepreproge.si\\\/en\\\/product\\\/persian-kilim-azari-persian-kilim-azari-5\\\/\",\"url\":\"https:\\\/\\\/www.perzijskepreproge.si\\\/en\\\/product\\\/persian-kilim-azari-persian-kilim-azari-5\\\/\",\"name\":\"Persian kilim Azari \\\/ Persian kilim Azari - Perzijske preproge Farzad\",\"isPartOf\":{\"@id\":\"https:\\\/\\\/www.perzijskepreproge.si\\\/en\\\/#website\"},\"primaryImageOfPage\":{\"@id\":\"https:\\\/\\\/www.perzijskepreproge.si\\\/en\\\/product\\\/persian-kilim-azari-persian-kilim-azari-5\\\/#primaryimage\"},\"image\":{\"@id\":\"https:\\\/\\\/www.perzijskepreproge.si\\\/en\\\/product\\\/persian-kilim-azari-persian-kilim-azari-5\\\/#primaryimage\"},\"thumbnailUrl\":\"https:\\\/\\\/www.perzijskepreproge.si\\\/wp-content\\\/uploads\\\/2022\\\/08\\\/IMG_20220822_151836JPG.jpg\",\"datePublished\":\"2022-08-22T13:15:35+00:00\",\"dateModified\":\"2026-04-13T11:18:39+00:00\",\"breadcrumb\":{\"@id\":\"https:\\\/\\\/www.perzijskepreproge.si\\\/en\\\/product\\\/persian-kilim-azari-persian-kilim-azari-5\\\/#breadcrumb\"},\"inLanguage\":\"en-US\",\"potentialAction\":[{\"@type\":\"ReadAction\",\"target\":[\"https:\\\/\\\/www.perzijskepreproge.si\\\/en\\\/product\\\/persian-kilim-azari-persian-kilim-azari-5\\\/\"]}]},{\"@type\":\"ImageObject\",\"inLanguage\":\"en-US\",\"@id\":\"https:\\\/\\\/www.perzijskepreproge.si\\\/en\\\/product\\\/persian-kilim-azari-persian-kilim-azari-5\\\/#primaryimage\",\"url\":\"https:\\\/\\\/www.perzijskepreproge.si\\\/wp-content\\\/uploads\\\/2022\\\/08\\\/IMG_20220822_151836JPG.jpg\",\"contentUrl\":\"https:\\\/\\\/www.perzijskepreproge.si\\\/wp-content\\\/uploads\\\/2022\\\/08\\\/IMG_20220822_151836JPG.jpg\",\"width\":453,\"height\":1000},{\"@type\":\"BreadcrumbList\",\"@id\":\"https:\\\/\\\/www.perzijskepreproge.si\\\/en\\\/product\\\/persian-kilim-azari-persian-kilim-azari-5\\\/#breadcrumb\",\"itemListElement\":[{\"@type\":\"ListItem\",\"position\":1,\"name\":\"Home\",\"item\":\"https:\\\/\\\/www.perzijskepreproge.si\\\/en\\\/persian-carpets-farzad\\\/\"},{\"@type\":\"ListItem\",\"position\":2,\"name\":\"Shop\",\"item\":\"https:\\\/\\\/www.perzijskepreproge.si\\\/en\\\/shop\\\/\"},{\"@type\":\"ListItem\",\"position\":3,\"name\":\"Persian kilim Azari \\\/ Persian kilim Azari\"}]},{\"@type\":\"WebSite\",\"@id\":\"https:\\\/\\\/www.perzijskepreproge.si\\\/en\\\/#website\",\"url\":\"https:\\\/\\\/www.perzijskepreproge.si\\\/en\\\/\",\"name\":\"Perzijske preproge Farzad\",\"description\":\"Perzijske preproge,  preprog in \u010di\u0161\u010denje preprog\",\"potentialAction\":[{\"@type\":\"SearchAction\",\"target\":{\"@type\":\"EntryPoint\",\"urlTemplate\":\"https:\\\/\\\/www.perzijskepreproge.si\\\/en\\\/?s={search_term_string}\"},\"query-input\":{\"@type\":\"PropertyValueSpecification\",\"valueRequired\":true,\"valueName\":\"search_term_string\"}}],\"inLanguage\":\"en-US\"}]}<\/script>\n<!-- \/ Yoast SEO plugin. -->","yoast_head_json":{"title":"Persian kilim Azari \/ Persian kilim Azari - Perzijske preproge Farzad","robots":{"index":"index","follow":"follow","max-snippet":"max-snippet:-1","max-image-preview":"max-image-preview:large","max-video-preview":"max-video-preview:-1"},"canonical":"https:\/\/www.perzijskepreproge.si\/en\/product\/persian-kilim-azari-persian-kilim-azari-5\/","og_locale":"en_US","og_type":"article","og_title":"Persian kilim Azari \/ Persian kilim Azari - Perzijske preproge Farzad","og_description":"Reg. no.: 1075 Size: 318 x 119 cm Material \/ Pile: wool Base: wool Colours: plant-based Design: geometric Weaving technique: handwoven rug \/ handmade flatweave Origin: Iran &nbsp;","og_url":"https:\/\/www.perzijskepreproge.si\/en\/product\/persian-kilim-azari-persian-kilim-azari-5\/","og_site_name":"Perzijske preproge Farzad","article_modified_time":"2026-04-13T11:18:39+00:00","og_image":[{"width":453,"height":1000,"url":"https:\/\/www.perzijskepreproge.si\/wp-content\/uploads\/2022\/08\/IMG_20220822_151836JPG.webp","type":"image\/jpeg"}],"twitter_card":"summary_large_image","twitter_misc":{"Est. reading time":"1 minute"},"schema":{"@context":"https:\/\/schema.org","@graph":[{"@type":"WebPage","@id":"https:\/\/www.perzijskepreproge.si\/en\/product\/persian-kilim-azari-persian-kilim-azari-5\/","url":"https:\/\/www.perzijskepreproge.si\/en\/product\/persian-kilim-azari-persian-kilim-azari-5\/","name":"Persian kilim Azari \/ Persian kilim Azari - Perzijske preproge Farzad","isPartOf":{"@id":"https:\/\/www.perzijskepreproge.si\/en\/#website"},"primaryImageOfPage":{"@id":"https:\/\/www.perzijskepreproge.si\/en\/product\/persian-kilim-azari-persian-kilim-azari-5\/#primaryimage"},"image":{"@id":"https:\/\/www.perzijskepreproge.si\/en\/product\/persian-kilim-azari-persian-kilim-azari-5\/#primaryimage"},"thumbnailUrl":"https:\/\/www.perzijskepreproge.si\/wp-content\/uploads\/2022\/08\/IMG_20220822_151836JPG.jpg","datePublished":"2022-08-22T13:15:35+00:00","dateModified":"2026-04-13T11:18:39+00:00","breadcrumb":{"@id":"https:\/\/www.perzijskepreproge.si\/en\/product\/persian-kilim-azari-persian-kilim-azari-5\/#breadcrumb"},"inLanguage":"en-US","potentialAction":[{"@type":"ReadAction","target":["https:\/\/www.perzijskepreproge.si\/en\/product\/persian-kilim-azari-persian-kilim-azari-5\/"]}]},{"@type":"ImageObject","inLanguage":"en-US","@id":"https:\/\/www.perzijskepreproge.si\/en\/product\/persian-kilim-azari-persian-kilim-azari-5\/#primaryimage","url":"https:\/\/www.perzijskepreproge.si\/wp-content\/uploads\/2022\/08\/IMG_20220822_151836JPG.jpg","contentUrl":"https:\/\/www.perzijskepreproge.si\/wp-content\/uploads\/2022\/08\/IMG_20220822_151836JPG.jpg","width":453,"height":1000},{"@type":"BreadcrumbList","@id":"https:\/\/www.perzijskepreproge.si\/en\/product\/persian-kilim-azari-persian-kilim-azari-5\/#breadcrumb","itemListElement":[{"@type":"ListItem","position":1,"name":"Home","item":"https:\/\/www.perzijskepreproge.si\/en\/persian-carpets-farzad\/"},{"@type":"ListItem","position":2,"name":"Shop","item":"https:\/\/www.perzijskepreproge.si\/en\/shop\/"},{"@type":"ListItem","position":3,"name":"Persian kilim Azari \/ Persian kilim Azari"}]},{"@type":"WebSite","@id":"https:\/\/www.perzijskepreproge.si\/en\/#website","url":"https:\/\/www.perzijskepreproge.si\/en\/","name":"Perzijske preproge Farzad","description":"Perzijske preproge,  preprog in \u010di\u0161\u010denje preprog","potentialAction":[{"@type":"SearchAction","target":{"@type":"EntryPoint","urlTemplate":"https:\/\/www.perzijskepreproge.si\/en\/?s={search_term_string}"},"query-input":{"@type":"PropertyValueSpecification","valueRequired":true,"valueName":"search_term_string"}}],"inLanguage":"en-US"}]}},"_links":{"self":[{"href":"https:\/\/www.perzijskepreproge.si\/en\/wp-json\/wp\/v2\/product\/25363","targetHints":{"allow":["GET"]}}],"collection":[{"href":"https:\/\/www.perzijskepreproge.si\/en\/wp-json\/wp\/v2\/product"}],"about":[{"href":"https:\/\/www.perzijskepreproge.si\/en\/wp-json\/wp\/v2\/types\/product"}],"version-history":[{"count":1,"href":"https:\/\/www.perzijskepreproge.si\/en\/wp-json\/wp\/v2\/product\/25363\/revisions"}],"predecessor-version":[{"id":29477,"href":"https:\/\/www.perzijskepreproge.si\/en\/wp-json\/wp\/v2\/product\/25363\/revisions\/29477"}],"wp:featuredmedia":[{"embeddable":true,"href":"https:\/\/www.perzijskepreproge.si\/en\/wp-json\/wp\/v2\/media\/23625"}],"wp:attachment":[{"href":"https:\/\/www.perzijskepreproge.si\/en\/wp-json\/wp\/v2\/media?parent=25363"}],"wp:term":[{"taxonomy":"product_brand","embeddable":true,"href":"https:\/\/www.perzijskepreproge.si\/en\/wp-json\/wp\/v2\/product_brand?post=25363"},{"taxonomy":"product_cat","embeddable":true,"href":"https:\/\/www.perzijskepreproge.si\/en\/wp-json\/wp\/v2\/product_cat?post=25363"},{"taxonomy":"product_tag","embeddable":true,"href":"https:\/\/www.perzijskepreproge.si\/en\/wp-json\/wp\/v2\/product_tag?post=25363"}],"curies":[{"name":"wp","href":"https:\/\/api.w.org\/{rel}","templated":true}]}}