{"id":25368,"date":"2022-08-22T15:34:33","date_gmt":"2022-08-22T13:34:33","guid":{"rendered":"https:\/\/www.perzijskepreproge.si\/izdelek\/persian-kilim-azari-persian-kilim-azari-6\/"},"modified":"2026-04-13T13:19:10","modified_gmt":"2026-04-13T11:19:10","slug":"persian-kilim-azari-persian-kilim-azari-6","status":"publish","type":"product","link":"https:\/\/www.perzijskepreproge.si\/en\/product\/persian-kilim-azari-persian-kilim-azari-6\/","title":{"rendered":"Persian Kilim Azari \/ Persian Kilim Azari"},"content":{"rendered":"<p>For nomadic peoples, rugs have been faithful and proven companions for millennia, used for covering floors, as furniture, as decoration, for horse saddles, for sleeping, as travel tents, for meditation, as shrouds for final farewells from the world&#8230; Special rugs are made for healing and wedding ceremonies. Rugs are full of rich symbolism, serving as communication through time and space, with messages expressed through various compositional structures, colors, and figures within them. The Azeris, who have lived in the northern part of Iran and Azerbaijan for centuries and millennia, produce rugs in an original, unchanged manner. The production technique and traditional patterns are passed down from generation to generation, but the final appearance of the rug depends most on the personal touch of the maker. Mothers teach daughters how to spin and use wool, while fathers pass on knowledge of dyeing wool and making looms to their sons. The motifs they depict are drawn from their environment, local tradition, and their lives. Thus, you can find everything from stars to archaic Mesopotamian forms in the rugs. Characteristic stylized figures (stepped diamonds and stars) give special playfulness to this Azeri kilim. Under skilled fingers, wonderful combinations have been created using natural earth colors and archaic patterns.          <\/p>\n","protected":false},"excerpt":{"rendered":"<p>Reg.no.: 1106<\/p>\n<p>Size: 298 x 140 cm<\/p>\n<p>Pile: wool<\/p>\n<p>Base: wool<\/p>\n<p>Colours: natural dyes<\/p>\n<p>Design: geometrical<\/p>\n<p>Weaving technique: handmade flatweave<\/p>\n<p>Origin: Iran<\/p>\n<p>&nbsp;<\/p>\n","protected":false},"featured_media":23628,"template":"","meta":{"iawp_total_views":7},"product_brand":[],"product_cat":[354,374,285],"product_tag":[],"class_list":{"0":"post-25368","1":"product","2":"type-product","3":"status-publish","4":"has-post-thumbnail","6":"product_cat-kilims","7":"product_cat-large-rugs-en-2","8":"product_cat-special-offer","9":"pa_barva-osnovna-brown-earthy","10":"pa_barva-osnovna-orange-turmeric","11":"pa_barva-osnovna-pink-purple","12":"pa_barva-osnovna-red-burgundy","13":"pa_material-wool","14":"pa_oblika-rectangular","15":"pa_oblika-runners","16":"pa_tip-preproge-kilim","17":"pa_velikost-cca-runner","19":"first","20":"instock","21":"sale","22":"featured","23":"sold-individually","24":"taxable","25":"shipping-taxable","26":"purchasable","27":"product-type-simple"},"yoast_head":"<!-- This site is optimized with the Yoast SEO plugin v27.3 - https:\/\/yoast.com\/product\/yoast-seo-wordpress\/ -->\n<title>Persian Kilim Azari \/ Persian Kilim Azari - Perzijske preproge Farzad<\/title>\n<meta name=\"robots\" content=\"index, follow, max-snippet:-1, max-image-preview:large, max-video-preview:-1\" \/>\n<link rel=\"canonical\" href=\"https:\/\/www.perzijskepreproge.si\/en\/product\/persian-kilim-azari-persian-kilim-azari-6\/\" \/>\n<meta property=\"og:locale\" content=\"en_US\" \/>\n<meta property=\"og:type\" content=\"article\" \/>\n<meta property=\"og:title\" content=\"Persian Kilim Azari \/ Persian Kilim Azari - Perzijske preproge Farzad\" \/>\n<meta property=\"og:description\" content=\"Reg.no.: 1106 Size: 298 x 140 cm Pile: wool Base: wool Colours: natural dyes Design: geometrical Weaving technique: handmade flatweave Origin: Iran &nbsp;\" \/>\n<meta property=\"og:url\" content=\"https:\/\/www.perzijskepreproge.si\/en\/product\/persian-kilim-azari-persian-kilim-azari-6\/\" \/>\n<meta property=\"og:site_name\" content=\"Perzijske preproge Farzad\" \/>\n<meta property=\"article:modified_time\" content=\"2026-04-13T11:19:10+00:00\" \/>\n<meta property=\"og:image\" content=\"https:\/\/www.perzijskepreproge.si\/wp-content\/uploads\/2022\/08\/IMG_20220706_095614_resized_20220706_124327929jpg.webp\" \/>\n\t<meta property=\"og:image:width\" content=\"498\" \/>\n\t<meta property=\"og:image:height\" content=\"1000\" \/>\n\t<meta property=\"og:image:type\" content=\"image\/jpeg\" \/>\n<meta name=\"twitter:card\" content=\"summary_large_image\" \/>\n<meta name=\"twitter:label1\" content=\"Est. reading time\" \/>\n\t<meta name=\"twitter:data1\" content=\"1 minute\" \/>\n<script type=\"application\/ld+json\" class=\"yoast-schema-graph\">{\"@context\":\"https:\\\/\\\/schema.org\",\"@graph\":[{\"@type\":\"WebPage\",\"@id\":\"https:\\\/\\\/www.perzijskepreproge.si\\\/en\\\/product\\\/persian-kilim-azari-persian-kilim-azari-6\\\/\",\"url\":\"https:\\\/\\\/www.perzijskepreproge.si\\\/en\\\/product\\\/persian-kilim-azari-persian-kilim-azari-6\\\/\",\"name\":\"Persian Kilim Azari \\\/ Persian Kilim Azari - Perzijske preproge Farzad\",\"isPartOf\":{\"@id\":\"https:\\\/\\\/www.perzijskepreproge.si\\\/en\\\/#website\"},\"primaryImageOfPage\":{\"@id\":\"https:\\\/\\\/www.perzijskepreproge.si\\\/en\\\/product\\\/persian-kilim-azari-persian-kilim-azari-6\\\/#primaryimage\"},\"image\":{\"@id\":\"https:\\\/\\\/www.perzijskepreproge.si\\\/en\\\/product\\\/persian-kilim-azari-persian-kilim-azari-6\\\/#primaryimage\"},\"thumbnailUrl\":\"https:\\\/\\\/www.perzijskepreproge.si\\\/wp-content\\\/uploads\\\/2022\\\/08\\\/IMG_20220706_095614_resized_20220706_124327929jpg.jpg\",\"datePublished\":\"2022-08-22T13:34:33+00:00\",\"dateModified\":\"2026-04-13T11:19:10+00:00\",\"breadcrumb\":{\"@id\":\"https:\\\/\\\/www.perzijskepreproge.si\\\/en\\\/product\\\/persian-kilim-azari-persian-kilim-azari-6\\\/#breadcrumb\"},\"inLanguage\":\"en-US\",\"potentialAction\":[{\"@type\":\"ReadAction\",\"target\":[\"https:\\\/\\\/www.perzijskepreproge.si\\\/en\\\/product\\\/persian-kilim-azari-persian-kilim-azari-6\\\/\"]}]},{\"@type\":\"ImageObject\",\"inLanguage\":\"en-US\",\"@id\":\"https:\\\/\\\/www.perzijskepreproge.si\\\/en\\\/product\\\/persian-kilim-azari-persian-kilim-azari-6\\\/#primaryimage\",\"url\":\"https:\\\/\\\/www.perzijskepreproge.si\\\/wp-content\\\/uploads\\\/2022\\\/08\\\/IMG_20220706_095614_resized_20220706_124327929jpg.jpg\",\"contentUrl\":\"https:\\\/\\\/www.perzijskepreproge.si\\\/wp-content\\\/uploads\\\/2022\\\/08\\\/IMG_20220706_095614_resized_20220706_124327929jpg.jpg\",\"width\":498,\"height\":1000},{\"@type\":\"BreadcrumbList\",\"@id\":\"https:\\\/\\\/www.perzijskepreproge.si\\\/en\\\/product\\\/persian-kilim-azari-persian-kilim-azari-6\\\/#breadcrumb\",\"itemListElement\":[{\"@type\":\"ListItem\",\"position\":1,\"name\":\"Home\",\"item\":\"https:\\\/\\\/www.perzijskepreproge.si\\\/en\\\/persian-carpets-farzad\\\/\"},{\"@type\":\"ListItem\",\"position\":2,\"name\":\"Shop\",\"item\":\"https:\\\/\\\/www.perzijskepreproge.si\\\/en\\\/shop\\\/\"},{\"@type\":\"ListItem\",\"position\":3,\"name\":\"Persian Kilim Azari \\\/ Persian Kilim Azari\"}]},{\"@type\":\"WebSite\",\"@id\":\"https:\\\/\\\/www.perzijskepreproge.si\\\/en\\\/#website\",\"url\":\"https:\\\/\\\/www.perzijskepreproge.si\\\/en\\\/\",\"name\":\"Perzijske preproge Farzad\",\"description\":\"Perzijske preproge,  preprog in \u010di\u0161\u010denje preprog\",\"potentialAction\":[{\"@type\":\"SearchAction\",\"target\":{\"@type\":\"EntryPoint\",\"urlTemplate\":\"https:\\\/\\\/www.perzijskepreproge.si\\\/en\\\/?s={search_term_string}\"},\"query-input\":{\"@type\":\"PropertyValueSpecification\",\"valueRequired\":true,\"valueName\":\"search_term_string\"}}],\"inLanguage\":\"en-US\"}]}<\/script>\n<!-- \/ Yoast SEO plugin. -->","yoast_head_json":{"title":"Persian Kilim Azari \/ Persian Kilim Azari - Perzijske preproge Farzad","robots":{"index":"index","follow":"follow","max-snippet":"max-snippet:-1","max-image-preview":"max-image-preview:large","max-video-preview":"max-video-preview:-1"},"canonical":"https:\/\/www.perzijskepreproge.si\/en\/product\/persian-kilim-azari-persian-kilim-azari-6\/","og_locale":"en_US","og_type":"article","og_title":"Persian Kilim Azari \/ Persian Kilim Azari - Perzijske preproge Farzad","og_description":"Reg.no.: 1106 Size: 298 x 140 cm Pile: wool Base: wool Colours: natural dyes Design: geometrical Weaving technique: handmade flatweave Origin: Iran &nbsp;","og_url":"https:\/\/www.perzijskepreproge.si\/en\/product\/persian-kilim-azari-persian-kilim-azari-6\/","og_site_name":"Perzijske preproge Farzad","article_modified_time":"2026-04-13T11:19:10+00:00","og_image":[{"width":498,"height":1000,"url":"https:\/\/www.perzijskepreproge.si\/wp-content\/uploads\/2022\/08\/IMG_20220706_095614_resized_20220706_124327929jpg.webp","type":"image\/jpeg"}],"twitter_card":"summary_large_image","twitter_misc":{"Est. reading time":"1 minute"},"schema":{"@context":"https:\/\/schema.org","@graph":[{"@type":"WebPage","@id":"https:\/\/www.perzijskepreproge.si\/en\/product\/persian-kilim-azari-persian-kilim-azari-6\/","url":"https:\/\/www.perzijskepreproge.si\/en\/product\/persian-kilim-azari-persian-kilim-azari-6\/","name":"Persian Kilim Azari \/ Persian Kilim Azari - Perzijske preproge Farzad","isPartOf":{"@id":"https:\/\/www.perzijskepreproge.si\/en\/#website"},"primaryImageOfPage":{"@id":"https:\/\/www.perzijskepreproge.si\/en\/product\/persian-kilim-azari-persian-kilim-azari-6\/#primaryimage"},"image":{"@id":"https:\/\/www.perzijskepreproge.si\/en\/product\/persian-kilim-azari-persian-kilim-azari-6\/#primaryimage"},"thumbnailUrl":"https:\/\/www.perzijskepreproge.si\/wp-content\/uploads\/2022\/08\/IMG_20220706_095614_resized_20220706_124327929jpg.jpg","datePublished":"2022-08-22T13:34:33+00:00","dateModified":"2026-04-13T11:19:10+00:00","breadcrumb":{"@id":"https:\/\/www.perzijskepreproge.si\/en\/product\/persian-kilim-azari-persian-kilim-azari-6\/#breadcrumb"},"inLanguage":"en-US","potentialAction":[{"@type":"ReadAction","target":["https:\/\/www.perzijskepreproge.si\/en\/product\/persian-kilim-azari-persian-kilim-azari-6\/"]}]},{"@type":"ImageObject","inLanguage":"en-US","@id":"https:\/\/www.perzijskepreproge.si\/en\/product\/persian-kilim-azari-persian-kilim-azari-6\/#primaryimage","url":"https:\/\/www.perzijskepreproge.si\/wp-content\/uploads\/2022\/08\/IMG_20220706_095614_resized_20220706_124327929jpg.jpg","contentUrl":"https:\/\/www.perzijskepreproge.si\/wp-content\/uploads\/2022\/08\/IMG_20220706_095614_resized_20220706_124327929jpg.jpg","width":498,"height":1000},{"@type":"BreadcrumbList","@id":"https:\/\/www.perzijskepreproge.si\/en\/product\/persian-kilim-azari-persian-kilim-azari-6\/#breadcrumb","itemListElement":[{"@type":"ListItem","position":1,"name":"Home","item":"https:\/\/www.perzijskepreproge.si\/en\/persian-carpets-farzad\/"},{"@type":"ListItem","position":2,"name":"Shop","item":"https:\/\/www.perzijskepreproge.si\/en\/shop\/"},{"@type":"ListItem","position":3,"name":"Persian Kilim Azari \/ Persian Kilim Azari"}]},{"@type":"WebSite","@id":"https:\/\/www.perzijskepreproge.si\/en\/#website","url":"https:\/\/www.perzijskepreproge.si\/en\/","name":"Perzijske preproge Farzad","description":"Perzijske preproge,  preprog in \u010di\u0161\u010denje preprog","potentialAction":[{"@type":"SearchAction","target":{"@type":"EntryPoint","urlTemplate":"https:\/\/www.perzijskepreproge.si\/en\/?s={search_term_string}"},"query-input":{"@type":"PropertyValueSpecification","valueRequired":true,"valueName":"search_term_string"}}],"inLanguage":"en-US"}]}},"_links":{"self":[{"href":"https:\/\/www.perzijskepreproge.si\/en\/wp-json\/wp\/v2\/product\/25368","targetHints":{"allow":["GET"]}}],"collection":[{"href":"https:\/\/www.perzijskepreproge.si\/en\/wp-json\/wp\/v2\/product"}],"about":[{"href":"https:\/\/www.perzijskepreproge.si\/en\/wp-json\/wp\/v2\/types\/product"}],"version-history":[{"count":1,"href":"https:\/\/www.perzijskepreproge.si\/en\/wp-json\/wp\/v2\/product\/25368\/revisions"}],"predecessor-version":[{"id":29484,"href":"https:\/\/www.perzijskepreproge.si\/en\/wp-json\/wp\/v2\/product\/25368\/revisions\/29484"}],"wp:featuredmedia":[{"embeddable":true,"href":"https:\/\/www.perzijskepreproge.si\/en\/wp-json\/wp\/v2\/media\/23628"}],"wp:attachment":[{"href":"https:\/\/www.perzijskepreproge.si\/en\/wp-json\/wp\/v2\/media?parent=25368"}],"wp:term":[{"taxonomy":"product_brand","embeddable":true,"href":"https:\/\/www.perzijskepreproge.si\/en\/wp-json\/wp\/v2\/product_brand?post=25368"},{"taxonomy":"product_cat","embeddable":true,"href":"https:\/\/www.perzijskepreproge.si\/en\/wp-json\/wp\/v2\/product_cat?post=25368"},{"taxonomy":"product_tag","embeddable":true,"href":"https:\/\/www.perzijskepreproge.si\/en\/wp-json\/wp\/v2\/product_tag?post=25368"}],"curies":[{"name":"wp","href":"https:\/\/api.w.org\/{rel}","templated":true}]}}