{"id":25416,"date":"2021-07-22T17:09:05","date_gmt":"2021-07-22T15:09:05","guid":{"rendered":"https:\/\/www.perzijskepreproge.si\/izdelek\/persian-carpet-kashan-persian-carpet-kashan-3\/"},"modified":"2026-04-13T13:04:05","modified_gmt":"2026-04-13T11:04:05","slug":"persian-carpet-kashan-persian-carpet-kashan-3","status":"publish","type":"product","link":"https:\/\/www.perzijskepreproge.si\/en\/product\/persian-carpet-kashan-persian-carpet-kashan-3\/","title":{"rendered":"Persian Carpet Kashan \/ Persian carpet Kashan"},"content":{"rendered":"<p style=\"text-align: left;\">The city of Kashan is located 250 km south of Tehran in a large oasis by the Kavir Desert in central Iran. This area has been inhabited since ancient times, it was important during the Sasanian dynasty, as well as later after the arrival of Islamic culture. Kashan carpets are made from the finest <em>kork<\/em> wool (from the necks of lambs), using an asymmetrical knotting technique (Persian knot), which makes the carpets exceptionally fine and at the same time very durable. Characteristic are diverse floral patterns, as well as arabesques, palmettes, leaf motifs, and such design is ideal for classic interior d\u00e9cor. They represent the heritage of the golden age of carpet making in Iran (16th and 17th centuries), when Shah Abbas was a great patron of this art.    <\/p>\n<p data-start=\"223\" data-end=\"555\">Carpets from the city of <strong data-start=\"241\" data-end=\"251\">Kashan<\/strong>, one of the oldest and most esteemed centers of Persian weaving art, represent the pinnacle of classical Persian aesthetics. Their orderly composition, rich symbolism, and refined color palette are the reason they are among the most popular choices of traditional carpet connoisseurs around the world. <\/p>\n<p data-start=\"557\" data-end=\"895\">The <strong data-start=\"557\" data-end=\"585\">aesthetics of the Kashan carpet<\/strong> are based on balance and harmony \u2013 it is recognizable by its central <strong data-start=\"656\" data-end=\"669\">medallion<\/strong> with lavish floral ornaments that flow across the entire surface in the form of vignettes, leaves, and arabesques. The patterns are extremely detailed and executed with high precision, giving the carpet a sense of delicacy and nobility. <\/p>\n<p data-start=\"897\" data-end=\"1220\">The <strong data-start=\"897\" data-end=\"914\">color palette<\/strong> of Kashan carpets typically includes deep reds, dark blues, ivory, and gold shades, and occasionally softer bluish or pastel tones. The colors are derived from <strong data-start=\"1087\" data-end=\"1106\">natural dyes<\/strong>, such as indigo, rhubarb roots, pomegranate, or walnut shells, which give them a special softness and warmth. <\/p>\n","protected":false},"excerpt":{"rendered":"<p>Reg.no.: 1045<\/p>\n<p>Size \/ Size: 303 x 202 cm<\/p>\n<p>Material \/ Pile: wool, silk \/ wool, silk<\/p>\n<p>Base: cotton<\/p>\n<p>Colors: plants<\/p>\n<p>Design: floral<\/p>\n<p>Weaving technique: handmade pile carpet<\/p>\n<p>Knot density \/ Knot density: 350,000 m\/2<\/p>\n<p>Origin: Iran<\/p>\n<p>&nbsp;<\/p>\n","protected":false},"featured_media":23325,"template":"","meta":{"iawp_total_views":3},"product_brand":[],"product_cat":[316,346],"product_tag":[],"class_list":{"0":"post-25416","1":"product","2":"type-product","3":"status-publish","4":"has-post-thumbnail","6":"product_cat-classic-carpets","7":"product_cat-large-rugs-en","8":"pa_barva-osnovna-white-beige","9":"pa_material-wool-silk","10":"pa_oblika-rectangular","11":"pa_tip-preproge-classic-masterpiece","12":"pa_velikost-cca-300x200-en","14":"first","15":"instock","16":"sold-individually","17":"taxable","18":"shipping-taxable","19":"purchasable","20":"product-type-simple"},"yoast_head":"<!-- This site is optimized with the Yoast SEO plugin v27.3 - https:\/\/yoast.com\/product\/yoast-seo-wordpress\/ -->\n<title>Persian Carpet Kashan \/ Persian carpet Kashan - Perzijske preproge Farzad<\/title>\n<meta name=\"robots\" content=\"index, follow, max-snippet:-1, max-image-preview:large, max-video-preview:-1\" \/>\n<link rel=\"canonical\" href=\"https:\/\/www.perzijskepreproge.si\/en\/product\/persian-carpet-kashan-persian-carpet-kashan-3\/\" \/>\n<meta property=\"og:locale\" content=\"en_US\" \/>\n<meta property=\"og:type\" content=\"article\" \/>\n<meta property=\"og:title\" content=\"Persian Carpet Kashan \/ Persian carpet Kashan - Perzijske preproge Farzad\" \/>\n<meta property=\"og:description\" content=\"Reg.no.: 1045 Size \/ Size: 303 x 202 cm Material \/ Pile: wool, silk \/ wool, silk Base: cotton Colors: plants Design: floral Weaving technique: handmade pile carpet Knot density \/ Knot density: 350,000 m\/2 Origin: Iran &nbsp;\" \/>\n<meta property=\"og:url\" content=\"https:\/\/www.perzijskepreproge.si\/en\/product\/persian-carpet-kashan-persian-carpet-kashan-3\/\" \/>\n<meta property=\"og:site_name\" content=\"Perzijske preproge Farzad\" \/>\n<meta property=\"article:modified_time\" content=\"2026-04-13T11:04:05+00:00\" \/>\n<meta property=\"og:image\" content=\"https:\/\/www.perzijskepreproge.si\/wp-content\/uploads\/2021\/07\/IMG_20210721_161959jpg.webp\" \/>\n\t<meta property=\"og:image:width\" content=\"635\" \/>\n\t<meta property=\"og:image:height\" content=\"1000\" \/>\n\t<meta property=\"og:image:type\" content=\"image\/jpeg\" \/>\n<meta name=\"twitter:card\" content=\"summary_large_image\" \/>\n<meta name=\"twitter:label1\" content=\"Est. reading time\" \/>\n\t<meta name=\"twitter:data1\" content=\"1 minute\" \/>\n<script type=\"application\/ld+json\" class=\"yoast-schema-graph\">{\"@context\":\"https:\\\/\\\/schema.org\",\"@graph\":[{\"@type\":\"WebPage\",\"@id\":\"https:\\\/\\\/www.perzijskepreproge.si\\\/en\\\/product\\\/persian-carpet-kashan-persian-carpet-kashan-3\\\/\",\"url\":\"https:\\\/\\\/www.perzijskepreproge.si\\\/en\\\/product\\\/persian-carpet-kashan-persian-carpet-kashan-3\\\/\",\"name\":\"Persian Carpet Kashan \\\/ Persian carpet Kashan - Perzijske preproge Farzad\",\"isPartOf\":{\"@id\":\"https:\\\/\\\/www.perzijskepreproge.si\\\/en\\\/#website\"},\"primaryImageOfPage\":{\"@id\":\"https:\\\/\\\/www.perzijskepreproge.si\\\/en\\\/product\\\/persian-carpet-kashan-persian-carpet-kashan-3\\\/#primaryimage\"},\"image\":{\"@id\":\"https:\\\/\\\/www.perzijskepreproge.si\\\/en\\\/product\\\/persian-carpet-kashan-persian-carpet-kashan-3\\\/#primaryimage\"},\"thumbnailUrl\":\"https:\\\/\\\/www.perzijskepreproge.si\\\/wp-content\\\/uploads\\\/2021\\\/07\\\/IMG_20210721_161959jpg.jpg\",\"datePublished\":\"2021-07-22T15:09:05+00:00\",\"dateModified\":\"2026-04-13T11:04:05+00:00\",\"breadcrumb\":{\"@id\":\"https:\\\/\\\/www.perzijskepreproge.si\\\/en\\\/product\\\/persian-carpet-kashan-persian-carpet-kashan-3\\\/#breadcrumb\"},\"inLanguage\":\"en-US\",\"potentialAction\":[{\"@type\":\"ReadAction\",\"target\":[\"https:\\\/\\\/www.perzijskepreproge.si\\\/en\\\/product\\\/persian-carpet-kashan-persian-carpet-kashan-3\\\/\"]}]},{\"@type\":\"ImageObject\",\"inLanguage\":\"en-US\",\"@id\":\"https:\\\/\\\/www.perzijskepreproge.si\\\/en\\\/product\\\/persian-carpet-kashan-persian-carpet-kashan-3\\\/#primaryimage\",\"url\":\"https:\\\/\\\/www.perzijskepreproge.si\\\/wp-content\\\/uploads\\\/2021\\\/07\\\/IMG_20210721_161959jpg.jpg\",\"contentUrl\":\"https:\\\/\\\/www.perzijskepreproge.si\\\/wp-content\\\/uploads\\\/2021\\\/07\\\/IMG_20210721_161959jpg.jpg\",\"width\":635,\"height\":1000},{\"@type\":\"BreadcrumbList\",\"@id\":\"https:\\\/\\\/www.perzijskepreproge.si\\\/en\\\/product\\\/persian-carpet-kashan-persian-carpet-kashan-3\\\/#breadcrumb\",\"itemListElement\":[{\"@type\":\"ListItem\",\"position\":1,\"name\":\"Home\",\"item\":\"https:\\\/\\\/www.perzijskepreproge.si\\\/en\\\/persian-carpets-farzad\\\/\"},{\"@type\":\"ListItem\",\"position\":2,\"name\":\"Shop\",\"item\":\"https:\\\/\\\/www.perzijskepreproge.si\\\/en\\\/shop\\\/\"},{\"@type\":\"ListItem\",\"position\":3,\"name\":\"Persian Carpet Kashan \\\/ Persian carpet Kashan\"}]},{\"@type\":\"WebSite\",\"@id\":\"https:\\\/\\\/www.perzijskepreproge.si\\\/en\\\/#website\",\"url\":\"https:\\\/\\\/www.perzijskepreproge.si\\\/en\\\/\",\"name\":\"Perzijske preproge Farzad\",\"description\":\"Perzijske preproge,  preprog in \u010di\u0161\u010denje preprog\",\"potentialAction\":[{\"@type\":\"SearchAction\",\"target\":{\"@type\":\"EntryPoint\",\"urlTemplate\":\"https:\\\/\\\/www.perzijskepreproge.si\\\/en\\\/?s={search_term_string}\"},\"query-input\":{\"@type\":\"PropertyValueSpecification\",\"valueRequired\":true,\"valueName\":\"search_term_string\"}}],\"inLanguage\":\"en-US\"}]}<\/script>\n<!-- \/ Yoast SEO plugin. -->","yoast_head_json":{"title":"Persian Carpet Kashan \/ Persian carpet Kashan - Perzijske preproge Farzad","robots":{"index":"index","follow":"follow","max-snippet":"max-snippet:-1","max-image-preview":"max-image-preview:large","max-video-preview":"max-video-preview:-1"},"canonical":"https:\/\/www.perzijskepreproge.si\/en\/product\/persian-carpet-kashan-persian-carpet-kashan-3\/","og_locale":"en_US","og_type":"article","og_title":"Persian Carpet Kashan \/ Persian carpet Kashan - Perzijske preproge Farzad","og_description":"Reg.no.: 1045 Size \/ Size: 303 x 202 cm Material \/ Pile: wool, silk \/ wool, silk Base: cotton Colors: plants Design: floral Weaving technique: handmade pile carpet Knot density \/ Knot density: 350,000 m\/2 Origin: Iran &nbsp;","og_url":"https:\/\/www.perzijskepreproge.si\/en\/product\/persian-carpet-kashan-persian-carpet-kashan-3\/","og_site_name":"Perzijske preproge Farzad","article_modified_time":"2026-04-13T11:04:05+00:00","og_image":[{"width":635,"height":1000,"url":"https:\/\/www.perzijskepreproge.si\/wp-content\/uploads\/2021\/07\/IMG_20210721_161959jpg.webp","type":"image\/jpeg"}],"twitter_card":"summary_large_image","twitter_misc":{"Est. reading time":"1 minute"},"schema":{"@context":"https:\/\/schema.org","@graph":[{"@type":"WebPage","@id":"https:\/\/www.perzijskepreproge.si\/en\/product\/persian-carpet-kashan-persian-carpet-kashan-3\/","url":"https:\/\/www.perzijskepreproge.si\/en\/product\/persian-carpet-kashan-persian-carpet-kashan-3\/","name":"Persian Carpet Kashan \/ Persian carpet Kashan - Perzijske preproge Farzad","isPartOf":{"@id":"https:\/\/www.perzijskepreproge.si\/en\/#website"},"primaryImageOfPage":{"@id":"https:\/\/www.perzijskepreproge.si\/en\/product\/persian-carpet-kashan-persian-carpet-kashan-3\/#primaryimage"},"image":{"@id":"https:\/\/www.perzijskepreproge.si\/en\/product\/persian-carpet-kashan-persian-carpet-kashan-3\/#primaryimage"},"thumbnailUrl":"https:\/\/www.perzijskepreproge.si\/wp-content\/uploads\/2021\/07\/IMG_20210721_161959jpg.jpg","datePublished":"2021-07-22T15:09:05+00:00","dateModified":"2026-04-13T11:04:05+00:00","breadcrumb":{"@id":"https:\/\/www.perzijskepreproge.si\/en\/product\/persian-carpet-kashan-persian-carpet-kashan-3\/#breadcrumb"},"inLanguage":"en-US","potentialAction":[{"@type":"ReadAction","target":["https:\/\/www.perzijskepreproge.si\/en\/product\/persian-carpet-kashan-persian-carpet-kashan-3\/"]}]},{"@type":"ImageObject","inLanguage":"en-US","@id":"https:\/\/www.perzijskepreproge.si\/en\/product\/persian-carpet-kashan-persian-carpet-kashan-3\/#primaryimage","url":"https:\/\/www.perzijskepreproge.si\/wp-content\/uploads\/2021\/07\/IMG_20210721_161959jpg.jpg","contentUrl":"https:\/\/www.perzijskepreproge.si\/wp-content\/uploads\/2021\/07\/IMG_20210721_161959jpg.jpg","width":635,"height":1000},{"@type":"BreadcrumbList","@id":"https:\/\/www.perzijskepreproge.si\/en\/product\/persian-carpet-kashan-persian-carpet-kashan-3\/#breadcrumb","itemListElement":[{"@type":"ListItem","position":1,"name":"Home","item":"https:\/\/www.perzijskepreproge.si\/en\/persian-carpets-farzad\/"},{"@type":"ListItem","position":2,"name":"Shop","item":"https:\/\/www.perzijskepreproge.si\/en\/shop\/"},{"@type":"ListItem","position":3,"name":"Persian Carpet Kashan \/ Persian carpet Kashan"}]},{"@type":"WebSite","@id":"https:\/\/www.perzijskepreproge.si\/en\/#website","url":"https:\/\/www.perzijskepreproge.si\/en\/","name":"Perzijske preproge Farzad","description":"Perzijske preproge,  preprog in \u010di\u0161\u010denje preprog","potentialAction":[{"@type":"SearchAction","target":{"@type":"EntryPoint","urlTemplate":"https:\/\/www.perzijskepreproge.si\/en\/?s={search_term_string}"},"query-input":{"@type":"PropertyValueSpecification","valueRequired":true,"valueName":"search_term_string"}}],"inLanguage":"en-US"}]}},"_links":{"self":[{"href":"https:\/\/www.perzijskepreproge.si\/en\/wp-json\/wp\/v2\/product\/25416","targetHints":{"allow":["GET"]}}],"collection":[{"href":"https:\/\/www.perzijskepreproge.si\/en\/wp-json\/wp\/v2\/product"}],"about":[{"href":"https:\/\/www.perzijskepreproge.si\/en\/wp-json\/wp\/v2\/types\/product"}],"version-history":[{"count":1,"href":"https:\/\/www.perzijskepreproge.si\/en\/wp-json\/wp\/v2\/product\/25416\/revisions"}],"predecessor-version":[{"id":29355,"href":"https:\/\/www.perzijskepreproge.si\/en\/wp-json\/wp\/v2\/product\/25416\/revisions\/29355"}],"wp:featuredmedia":[{"embeddable":true,"href":"https:\/\/www.perzijskepreproge.si\/en\/wp-json\/wp\/v2\/media\/23325"}],"wp:attachment":[{"href":"https:\/\/www.perzijskepreproge.si\/en\/wp-json\/wp\/v2\/media?parent=25416"}],"wp:term":[{"taxonomy":"product_brand","embeddable":true,"href":"https:\/\/www.perzijskepreproge.si\/en\/wp-json\/wp\/v2\/product_brand?post=25416"},{"taxonomy":"product_cat","embeddable":true,"href":"https:\/\/www.perzijskepreproge.si\/en\/wp-json\/wp\/v2\/product_cat?post=25416"},{"taxonomy":"product_tag","embeddable":true,"href":"https:\/\/www.perzijskepreproge.si\/en\/wp-json\/wp\/v2\/product_tag?post=25416"}],"curies":[{"name":"wp","href":"https:\/\/api.w.org\/{rel}","templated":true}]}}