{"id":25486,"date":"2018-05-24T16:53:41","date_gmt":"2018-05-24T14:53:41","guid":{"rendered":"https:\/\/www.perzijskepreproge.si\/izdelek\/persian-carpet-mud-persian-carpet-moud\/"},"modified":"2018-05-24T16:53:41","modified_gmt":"2018-05-24T14:53:41","slug":"persian-carpet-mud-persian-carpet-moud","status":"publish","type":"product","link":"https:\/\/www.perzijskepreproge.si\/en\/product\/persian-carpet-mud-persian-carpet-moud\/","title":{"rendered":"Persian carpet Mud \/ Persian carpet Moud"},"content":{"rendered":"<p>Persian Mud carpet with a characteristic repeating minimalist Herati design, where there is a medallion or Persian <em>tower<\/em> in the middle. In a burgundy red frame there are lotus flowers and an archaic Mesopotamian boteh figure. Silk shines from the flowers. A beautiful carpet that conjures up different color spectra over and over again in different lighting.   <\/p>\n<p>Classical (master) hand-knotted carpets are carpets dominated by motifs of arabesques, flowers, gardens, animals, hunting and scenes from the rich Persian mythology. They are made in master workshops in cities such as Isfahan, Tabriz, Nain, Ghom, Mashhad, Kerman, Mud, Kashan &#8230;. They are the bearers of the tradition of making carpets for Persian courts, which reached its peak in the 16th century during the time of Shah Abbas, who was a great patron of the arts. Carpets from this period are today on display in museums in Tehran, Vienna, London, New York &#8230; They are made precisely according to pictorial templates, the authors of which were renowned painters or carpet designers. The Mahi motif (rhomboid &#8211; a diamond surrounded by four palmettes) was developed in the city of Herat along the Silk Road as early as the 16th century, when it was the center of culture and art in this part of the world, where the greatest masters of the time created works under the patronage of the rulers.       <\/p>\n","protected":false},"excerpt":{"rendered":"<p>Reg. no.: 892<\/p>\n<p>Size: 123 x 79 cm<\/p>\n<p>Material \/ Pile: wool, silk<\/p>\n<p>Base: cotton<\/p>\n<p>Colors: plants<\/p>\n<p>Design: floral<\/p>\n<p>Weaving technique: handmade pile carpet<\/p>\n<p>Knot density: 420,000 m\/2<\/p>\n<p>Origin: Iran<\/p>\n<p>&nbsp;<\/p>\n","protected":false},"featured_media":22821,"template":"","meta":{"iawp_total_views":3},"product_brand":[],"product_cat":[316,387],"product_tag":[],"class_list":{"0":"post-25486","1":"product","2":"type-product","3":"status-publish","4":"has-post-thumbnail","6":"product_cat-classic-carpets","7":"product_cat-small-rugs-en","8":"pa_barva-osnovna-pink-purple","9":"pa_material-wool-silk","10":"pa_oblika-rectangular","11":"pa_velikost-cca-120x80","13":"first","14":"instock","15":"sold-individually","16":"taxable","17":"shipping-taxable","18":"purchasable","19":"product-type-simple"},"yoast_head":"<!-- This site is optimized with the Yoast SEO plugin v27.3 - https:\/\/yoast.com\/product\/yoast-seo-wordpress\/ -->\n<title>Persian carpet Mud \/ Persian carpet Moud - Perzijske preproge Farzad<\/title>\n<meta name=\"robots\" content=\"index, follow, max-snippet:-1, max-image-preview:large, max-video-preview:-1\" \/>\n<link rel=\"canonical\" href=\"https:\/\/www.perzijskepreproge.si\/en\/product\/persian-carpet-mud-persian-carpet-moud\/\" \/>\n<meta property=\"og:locale\" content=\"en_US\" \/>\n<meta property=\"og:type\" content=\"article\" \/>\n<meta property=\"og:title\" content=\"Persian carpet Mud \/ Persian carpet Moud - Perzijske preproge Farzad\" \/>\n<meta property=\"og:description\" content=\"Reg. no.: 892 Size: 123 x 79 cm Material \/ Pile: wool, silk Base: cotton Colors: plants Design: floral Weaving technique: handmade pile carpet Knot density: 420,000 m\/2 Origin: Iran &nbsp;\" \/>\n<meta property=\"og:url\" content=\"https:\/\/www.perzijskepreproge.si\/en\/product\/persian-carpet-mud-persian-carpet-moud\/\" \/>\n<meta property=\"og:site_name\" content=\"Perzijske preproge Farzad\" \/>\n<meta property=\"og:image\" content=\"https:\/\/www.perzijskepreproge.si\/wp-content\/uploads\/2018\/05\/DSCF6113.jpg\" \/>\n\t<meta property=\"og:image:width\" content=\"615\" \/>\n\t<meta property=\"og:image:height\" content=\"900\" \/>\n\t<meta property=\"og:image:type\" content=\"image\/jpeg\" \/>\n<meta name=\"twitter:card\" content=\"summary_large_image\" \/>\n<meta name=\"twitter:label1\" content=\"Est. reading time\" \/>\n\t<meta name=\"twitter:data1\" content=\"1 minute\" \/>\n<script type=\"application\/ld+json\" class=\"yoast-schema-graph\">{\"@context\":\"https:\\\/\\\/schema.org\",\"@graph\":[{\"@type\":\"WebPage\",\"@id\":\"https:\\\/\\\/www.perzijskepreproge.si\\\/en\\\/product\\\/persian-carpet-mud-persian-carpet-moud\\\/\",\"url\":\"https:\\\/\\\/www.perzijskepreproge.si\\\/en\\\/product\\\/persian-carpet-mud-persian-carpet-moud\\\/\",\"name\":\"Persian carpet Mud \\\/ Persian carpet Moud - Perzijske preproge Farzad\",\"isPartOf\":{\"@id\":\"https:\\\/\\\/www.perzijskepreproge.si\\\/en\\\/#website\"},\"primaryImageOfPage\":{\"@id\":\"https:\\\/\\\/www.perzijskepreproge.si\\\/en\\\/product\\\/persian-carpet-mud-persian-carpet-moud\\\/#primaryimage\"},\"image\":{\"@id\":\"https:\\\/\\\/www.perzijskepreproge.si\\\/en\\\/product\\\/persian-carpet-mud-persian-carpet-moud\\\/#primaryimage\"},\"thumbnailUrl\":\"https:\\\/\\\/www.perzijskepreproge.si\\\/wp-content\\\/uploads\\\/2018\\\/05\\\/DSCF6113.jpg\",\"datePublished\":\"2018-05-24T14:53:41+00:00\",\"breadcrumb\":{\"@id\":\"https:\\\/\\\/www.perzijskepreproge.si\\\/en\\\/product\\\/persian-carpet-mud-persian-carpet-moud\\\/#breadcrumb\"},\"inLanguage\":\"en-US\",\"potentialAction\":[{\"@type\":\"ReadAction\",\"target\":[\"https:\\\/\\\/www.perzijskepreproge.si\\\/en\\\/product\\\/persian-carpet-mud-persian-carpet-moud\\\/\"]}]},{\"@type\":\"ImageObject\",\"inLanguage\":\"en-US\",\"@id\":\"https:\\\/\\\/www.perzijskepreproge.si\\\/en\\\/product\\\/persian-carpet-mud-persian-carpet-moud\\\/#primaryimage\",\"url\":\"https:\\\/\\\/www.perzijskepreproge.si\\\/wp-content\\\/uploads\\\/2018\\\/05\\\/DSCF6113.jpg\",\"contentUrl\":\"https:\\\/\\\/www.perzijskepreproge.si\\\/wp-content\\\/uploads\\\/2018\\\/05\\\/DSCF6113.jpg\",\"width\":615,\"height\":900},{\"@type\":\"BreadcrumbList\",\"@id\":\"https:\\\/\\\/www.perzijskepreproge.si\\\/en\\\/product\\\/persian-carpet-mud-persian-carpet-moud\\\/#breadcrumb\",\"itemListElement\":[{\"@type\":\"ListItem\",\"position\":1,\"name\":\"Home\",\"item\":\"https:\\\/\\\/www.perzijskepreproge.si\\\/en\\\/persian-carpets-farzad\\\/\"},{\"@type\":\"ListItem\",\"position\":2,\"name\":\"Shop\",\"item\":\"https:\\\/\\\/www.perzijskepreproge.si\\\/en\\\/shop\\\/\"},{\"@type\":\"ListItem\",\"position\":3,\"name\":\"Persian carpet Mud \\\/ Persian carpet Moud\"}]},{\"@type\":\"WebSite\",\"@id\":\"https:\\\/\\\/www.perzijskepreproge.si\\\/en\\\/#website\",\"url\":\"https:\\\/\\\/www.perzijskepreproge.si\\\/en\\\/\",\"name\":\"Perzijske preproge Farzad\",\"description\":\"Perzijske preproge,  preprog in \u010di\u0161\u010denje preprog\",\"potentialAction\":[{\"@type\":\"SearchAction\",\"target\":{\"@type\":\"EntryPoint\",\"urlTemplate\":\"https:\\\/\\\/www.perzijskepreproge.si\\\/en\\\/?s={search_term_string}\"},\"query-input\":{\"@type\":\"PropertyValueSpecification\",\"valueRequired\":true,\"valueName\":\"search_term_string\"}}],\"inLanguage\":\"en-US\"}]}<\/script>\n<!-- \/ Yoast SEO plugin. -->","yoast_head_json":{"title":"Persian carpet Mud \/ Persian carpet Moud - Perzijske preproge Farzad","robots":{"index":"index","follow":"follow","max-snippet":"max-snippet:-1","max-image-preview":"max-image-preview:large","max-video-preview":"max-video-preview:-1"},"canonical":"https:\/\/www.perzijskepreproge.si\/en\/product\/persian-carpet-mud-persian-carpet-moud\/","og_locale":"en_US","og_type":"article","og_title":"Persian carpet Mud \/ Persian carpet Moud - Perzijske preproge Farzad","og_description":"Reg. no.: 892 Size: 123 x 79 cm Material \/ Pile: wool, silk Base: cotton Colors: plants Design: floral Weaving technique: handmade pile carpet Knot density: 420,000 m\/2 Origin: Iran &nbsp;","og_url":"https:\/\/www.perzijskepreproge.si\/en\/product\/persian-carpet-mud-persian-carpet-moud\/","og_site_name":"Perzijske preproge Farzad","og_image":[{"width":615,"height":900,"url":"https:\/\/www.perzijskepreproge.si\/wp-content\/uploads\/2018\/05\/DSCF6113.jpg","type":"image\/jpeg"}],"twitter_card":"summary_large_image","twitter_misc":{"Est. reading time":"1 minute"},"schema":{"@context":"https:\/\/schema.org","@graph":[{"@type":"WebPage","@id":"https:\/\/www.perzijskepreproge.si\/en\/product\/persian-carpet-mud-persian-carpet-moud\/","url":"https:\/\/www.perzijskepreproge.si\/en\/product\/persian-carpet-mud-persian-carpet-moud\/","name":"Persian carpet Mud \/ Persian carpet Moud - Perzijske preproge Farzad","isPartOf":{"@id":"https:\/\/www.perzijskepreproge.si\/en\/#website"},"primaryImageOfPage":{"@id":"https:\/\/www.perzijskepreproge.si\/en\/product\/persian-carpet-mud-persian-carpet-moud\/#primaryimage"},"image":{"@id":"https:\/\/www.perzijskepreproge.si\/en\/product\/persian-carpet-mud-persian-carpet-moud\/#primaryimage"},"thumbnailUrl":"https:\/\/www.perzijskepreproge.si\/wp-content\/uploads\/2018\/05\/DSCF6113.jpg","datePublished":"2018-05-24T14:53:41+00:00","breadcrumb":{"@id":"https:\/\/www.perzijskepreproge.si\/en\/product\/persian-carpet-mud-persian-carpet-moud\/#breadcrumb"},"inLanguage":"en-US","potentialAction":[{"@type":"ReadAction","target":["https:\/\/www.perzijskepreproge.si\/en\/product\/persian-carpet-mud-persian-carpet-moud\/"]}]},{"@type":"ImageObject","inLanguage":"en-US","@id":"https:\/\/www.perzijskepreproge.si\/en\/product\/persian-carpet-mud-persian-carpet-moud\/#primaryimage","url":"https:\/\/www.perzijskepreproge.si\/wp-content\/uploads\/2018\/05\/DSCF6113.jpg","contentUrl":"https:\/\/www.perzijskepreproge.si\/wp-content\/uploads\/2018\/05\/DSCF6113.jpg","width":615,"height":900},{"@type":"BreadcrumbList","@id":"https:\/\/www.perzijskepreproge.si\/en\/product\/persian-carpet-mud-persian-carpet-moud\/#breadcrumb","itemListElement":[{"@type":"ListItem","position":1,"name":"Home","item":"https:\/\/www.perzijskepreproge.si\/en\/persian-carpets-farzad\/"},{"@type":"ListItem","position":2,"name":"Shop","item":"https:\/\/www.perzijskepreproge.si\/en\/shop\/"},{"@type":"ListItem","position":3,"name":"Persian carpet Mud \/ Persian carpet Moud"}]},{"@type":"WebSite","@id":"https:\/\/www.perzijskepreproge.si\/en\/#website","url":"https:\/\/www.perzijskepreproge.si\/en\/","name":"Perzijske preproge Farzad","description":"Perzijske preproge,  preprog in \u010di\u0161\u010denje preprog","potentialAction":[{"@type":"SearchAction","target":{"@type":"EntryPoint","urlTemplate":"https:\/\/www.perzijskepreproge.si\/en\/?s={search_term_string}"},"query-input":{"@type":"PropertyValueSpecification","valueRequired":true,"valueName":"search_term_string"}}],"inLanguage":"en-US"}]}},"_links":{"self":[{"href":"https:\/\/www.perzijskepreproge.si\/en\/wp-json\/wp\/v2\/product\/25486","targetHints":{"allow":["GET"]}}],"collection":[{"href":"https:\/\/www.perzijskepreproge.si\/en\/wp-json\/wp\/v2\/product"}],"about":[{"href":"https:\/\/www.perzijskepreproge.si\/en\/wp-json\/wp\/v2\/types\/product"}],"version-history":[{"count":0,"href":"https:\/\/www.perzijskepreproge.si\/en\/wp-json\/wp\/v2\/product\/25486\/revisions"}],"wp:featuredmedia":[{"embeddable":true,"href":"https:\/\/www.perzijskepreproge.si\/en\/wp-json\/wp\/v2\/media\/22821"}],"wp:attachment":[{"href":"https:\/\/www.perzijskepreproge.si\/en\/wp-json\/wp\/v2\/media?parent=25486"}],"wp:term":[{"taxonomy":"product_brand","embeddable":true,"href":"https:\/\/www.perzijskepreproge.si\/en\/wp-json\/wp\/v2\/product_brand?post=25486"},{"taxonomy":"product_cat","embeddable":true,"href":"https:\/\/www.perzijskepreproge.si\/en\/wp-json\/wp\/v2\/product_cat?post=25486"},{"taxonomy":"product_tag","embeddable":true,"href":"https:\/\/www.perzijskepreproge.si\/en\/wp-json\/wp\/v2\/product_tag?post=25486"}],"curies":[{"name":"wp","href":"https:\/\/api.w.org\/{rel}","templated":true}]}}