{"id":25593,"date":"2017-04-06T13:45:30","date_gmt":"2017-04-06T11:45:30","guid":{"rendered":"https:\/\/www.perzijskepreproge.si\/izdelek\/persian-carpet-nain-persian-carpet-nain-20\/"},"modified":"2017-04-06T13:45:30","modified_gmt":"2017-04-06T11:45:30","slug":"persian-carpet-nain-persian-carpet-nain-20","status":"publish","type":"product","link":"https:\/\/www.perzijskepreproge.si\/en\/product\/persian-carpet-nain-persian-carpet-nain-20\/","title":{"rendered":"Persian carpet Nain \/ Persian carpet Nain"},"content":{"rendered":"<p>Nain is a town on the edge of the desert and is very famous for its fine, especially classic Persian carpets. They are usually made of cotton warp (tassel), and very fine and soft wool and silk with a lot of lanolin. Lanolin (wax) ensures the wool has a long life, so quality carpets are passed down from generation to generation and are wonderful family heirlooms.  <\/p>\n<p>The great carpet connoisseur and lover Alexander A. Loos once wrote: &#8220;There is no more beautiful connection between an art object and a useful product than this genuine Oriental carpet, a unique work of art with the most concentrated utility of all products of human creation.&#8221;<\/p>\n<p>Classic carpets include those made in cities such as Tabriz, Isfahan, <strong>Nain<\/strong> , Qum, Mashhad, Kashmar, Kerman, Ardabil&#8230; They are made according to graphic templates (in Persian &#8211; Talim), where all the details and colors for each cart used can be seen precisely. This allows them to make several carpets with a similar design. These carpets are made in master workshops, and the templates are the work of established carpet designers and painters. The most common motifs on them are flowers, arabesques, animals, gardens, hunting scenes and various depictions from the rich treasury of Persian mythology. These carpets are the bearers of the tradition of making carpets for Persian courts, which reached its peak in the 16th century during the Safavid dynasty.     <\/p>\n","protected":false},"excerpt":{"rendered":"<p>Reg. no.: 925<\/p>\n<p>Size: 199 x 198 cm<\/p>\n<p>Material \/ Pile: wool, silk<\/p>\n<p>Base: cotton<\/p>\n<p>Colors: plants<\/p>\n<p>Design: floral (medallion &#8211; tower)<\/p>\n<p>Weaving technique: handmade pile carpet<\/p>\n<p>Knot density: 250,000 m\/2<\/p>\n<p>Origin: Iran<\/p>\n<p>&nbsp;<\/p>\n","protected":false},"featured_media":21312,"template":"","meta":{"iawp_total_views":1},"product_brand":[],"product_cat":[316,317],"product_tag":[],"class_list":{"0":"post-25593","1":"product","2":"type-product","3":"status-publish","4":"has-post-thumbnail","6":"product_cat-classic-carpets","7":"product_cat-medium-carpets","8":"pa_barva-osnovna-white-beige","9":"pa_material-wool-silk","10":"pa_oblika-square","11":"pa_velikost-cca-200x200-en","13":"first","14":"instock","15":"sold-individually","16":"taxable","17":"shipping-taxable","18":"purchasable","19":"product-type-simple"},"yoast_head":"<!-- This site is optimized with the Yoast SEO plugin v27.3 - https:\/\/yoast.com\/product\/yoast-seo-wordpress\/ -->\n<title>Persian carpet Nain \/ Persian carpet Nain - Perzijske preproge Farzad<\/title>\n<meta name=\"robots\" content=\"index, follow, max-snippet:-1, max-image-preview:large, max-video-preview:-1\" \/>\n<link rel=\"canonical\" href=\"https:\/\/www.perzijskepreproge.si\/en\/product\/persian-carpet-nain-persian-carpet-nain-20\/\" \/>\n<meta property=\"og:locale\" content=\"en_US\" \/>\n<meta property=\"og:type\" content=\"article\" \/>\n<meta property=\"og:title\" content=\"Persian carpet Nain \/ Persian carpet Nain - Perzijske preproge Farzad\" \/>\n<meta property=\"og:description\" content=\"Reg. no.: 925 Size: 199 x 198 cm Material \/ Pile: wool, silk Base: cotton Colors: plants Design: floral (medallion - tower) Weaving technique: handmade pile carpet Knot density: 250,000 m\/2 Origin: Iran &nbsp;\" \/>\n<meta property=\"og:url\" content=\"https:\/\/www.perzijskepreproge.si\/en\/product\/persian-carpet-nain-persian-carpet-nain-20\/\" \/>\n<meta property=\"og:site_name\" content=\"Perzijske preproge Farzad\" \/>\n<meta property=\"og:image\" content=\"https:\/\/www.perzijskepreproge.si\/wp-content\/uploads\/2017\/04\/DSCF7290.jpg\" \/>\n\t<meta property=\"og:image:width\" content=\"676\" \/>\n\t<meta property=\"og:image:height\" content=\"900\" \/>\n\t<meta property=\"og:image:type\" content=\"image\/jpeg\" \/>\n<meta name=\"twitter:card\" content=\"summary_large_image\" \/>\n<meta name=\"twitter:label1\" content=\"Est. reading time\" \/>\n\t<meta name=\"twitter:data1\" content=\"1 minute\" \/>\n<script type=\"application\/ld+json\" class=\"yoast-schema-graph\">{\"@context\":\"https:\\\/\\\/schema.org\",\"@graph\":[{\"@type\":\"WebPage\",\"@id\":\"https:\\\/\\\/www.perzijskepreproge.si\\\/en\\\/product\\\/persian-carpet-nain-persian-carpet-nain-20\\\/\",\"url\":\"https:\\\/\\\/www.perzijskepreproge.si\\\/en\\\/product\\\/persian-carpet-nain-persian-carpet-nain-20\\\/\",\"name\":\"Persian carpet Nain \\\/ Persian carpet Nain - Perzijske preproge Farzad\",\"isPartOf\":{\"@id\":\"https:\\\/\\\/www.perzijskepreproge.si\\\/en\\\/#website\"},\"primaryImageOfPage\":{\"@id\":\"https:\\\/\\\/www.perzijskepreproge.si\\\/en\\\/product\\\/persian-carpet-nain-persian-carpet-nain-20\\\/#primaryimage\"},\"image\":{\"@id\":\"https:\\\/\\\/www.perzijskepreproge.si\\\/en\\\/product\\\/persian-carpet-nain-persian-carpet-nain-20\\\/#primaryimage\"},\"thumbnailUrl\":\"https:\\\/\\\/www.perzijskepreproge.si\\\/wp-content\\\/uploads\\\/2017\\\/04\\\/DSCF7290.jpg\",\"datePublished\":\"2017-04-06T11:45:30+00:00\",\"breadcrumb\":{\"@id\":\"https:\\\/\\\/www.perzijskepreproge.si\\\/en\\\/product\\\/persian-carpet-nain-persian-carpet-nain-20\\\/#breadcrumb\"},\"inLanguage\":\"en-US\",\"potentialAction\":[{\"@type\":\"ReadAction\",\"target\":[\"https:\\\/\\\/www.perzijskepreproge.si\\\/en\\\/product\\\/persian-carpet-nain-persian-carpet-nain-20\\\/\"]}]},{\"@type\":\"ImageObject\",\"inLanguage\":\"en-US\",\"@id\":\"https:\\\/\\\/www.perzijskepreproge.si\\\/en\\\/product\\\/persian-carpet-nain-persian-carpet-nain-20\\\/#primaryimage\",\"url\":\"https:\\\/\\\/www.perzijskepreproge.si\\\/wp-content\\\/uploads\\\/2017\\\/04\\\/DSCF7290.jpg\",\"contentUrl\":\"https:\\\/\\\/www.perzijskepreproge.si\\\/wp-content\\\/uploads\\\/2017\\\/04\\\/DSCF7290.jpg\",\"width\":676,\"height\":900},{\"@type\":\"BreadcrumbList\",\"@id\":\"https:\\\/\\\/www.perzijskepreproge.si\\\/en\\\/product\\\/persian-carpet-nain-persian-carpet-nain-20\\\/#breadcrumb\",\"itemListElement\":[{\"@type\":\"ListItem\",\"position\":1,\"name\":\"Home\",\"item\":\"https:\\\/\\\/www.perzijskepreproge.si\\\/en\\\/persian-carpets-farzad\\\/\"},{\"@type\":\"ListItem\",\"position\":2,\"name\":\"Shop\",\"item\":\"https:\\\/\\\/www.perzijskepreproge.si\\\/en\\\/shop\\\/\"},{\"@type\":\"ListItem\",\"position\":3,\"name\":\"Persian carpet Nain \\\/ Persian carpet Nain\"}]},{\"@type\":\"WebSite\",\"@id\":\"https:\\\/\\\/www.perzijskepreproge.si\\\/en\\\/#website\",\"url\":\"https:\\\/\\\/www.perzijskepreproge.si\\\/en\\\/\",\"name\":\"Perzijske preproge Farzad\",\"description\":\"Perzijske preproge,  preprog in \u010di\u0161\u010denje preprog\",\"potentialAction\":[{\"@type\":\"SearchAction\",\"target\":{\"@type\":\"EntryPoint\",\"urlTemplate\":\"https:\\\/\\\/www.perzijskepreproge.si\\\/en\\\/?s={search_term_string}\"},\"query-input\":{\"@type\":\"PropertyValueSpecification\",\"valueRequired\":true,\"valueName\":\"search_term_string\"}}],\"inLanguage\":\"en-US\"}]}<\/script>\n<!-- \/ Yoast SEO plugin. -->","yoast_head_json":{"title":"Persian carpet Nain \/ Persian carpet Nain - Perzijske preproge Farzad","robots":{"index":"index","follow":"follow","max-snippet":"max-snippet:-1","max-image-preview":"max-image-preview:large","max-video-preview":"max-video-preview:-1"},"canonical":"https:\/\/www.perzijskepreproge.si\/en\/product\/persian-carpet-nain-persian-carpet-nain-20\/","og_locale":"en_US","og_type":"article","og_title":"Persian carpet Nain \/ Persian carpet Nain - Perzijske preproge Farzad","og_description":"Reg. no.: 925 Size: 199 x 198 cm Material \/ Pile: wool, silk Base: cotton Colors: plants Design: floral (medallion - tower) Weaving technique: handmade pile carpet Knot density: 250,000 m\/2 Origin: Iran &nbsp;","og_url":"https:\/\/www.perzijskepreproge.si\/en\/product\/persian-carpet-nain-persian-carpet-nain-20\/","og_site_name":"Perzijske preproge Farzad","og_image":[{"width":676,"height":900,"url":"https:\/\/www.perzijskepreproge.si\/wp-content\/uploads\/2017\/04\/DSCF7290.jpg","type":"image\/jpeg"}],"twitter_card":"summary_large_image","twitter_misc":{"Est. reading time":"1 minute"},"schema":{"@context":"https:\/\/schema.org","@graph":[{"@type":"WebPage","@id":"https:\/\/www.perzijskepreproge.si\/en\/product\/persian-carpet-nain-persian-carpet-nain-20\/","url":"https:\/\/www.perzijskepreproge.si\/en\/product\/persian-carpet-nain-persian-carpet-nain-20\/","name":"Persian carpet Nain \/ Persian carpet Nain - Perzijske preproge Farzad","isPartOf":{"@id":"https:\/\/www.perzijskepreproge.si\/en\/#website"},"primaryImageOfPage":{"@id":"https:\/\/www.perzijskepreproge.si\/en\/product\/persian-carpet-nain-persian-carpet-nain-20\/#primaryimage"},"image":{"@id":"https:\/\/www.perzijskepreproge.si\/en\/product\/persian-carpet-nain-persian-carpet-nain-20\/#primaryimage"},"thumbnailUrl":"https:\/\/www.perzijskepreproge.si\/wp-content\/uploads\/2017\/04\/DSCF7290.jpg","datePublished":"2017-04-06T11:45:30+00:00","breadcrumb":{"@id":"https:\/\/www.perzijskepreproge.si\/en\/product\/persian-carpet-nain-persian-carpet-nain-20\/#breadcrumb"},"inLanguage":"en-US","potentialAction":[{"@type":"ReadAction","target":["https:\/\/www.perzijskepreproge.si\/en\/product\/persian-carpet-nain-persian-carpet-nain-20\/"]}]},{"@type":"ImageObject","inLanguage":"en-US","@id":"https:\/\/www.perzijskepreproge.si\/en\/product\/persian-carpet-nain-persian-carpet-nain-20\/#primaryimage","url":"https:\/\/www.perzijskepreproge.si\/wp-content\/uploads\/2017\/04\/DSCF7290.jpg","contentUrl":"https:\/\/www.perzijskepreproge.si\/wp-content\/uploads\/2017\/04\/DSCF7290.jpg","width":676,"height":900},{"@type":"BreadcrumbList","@id":"https:\/\/www.perzijskepreproge.si\/en\/product\/persian-carpet-nain-persian-carpet-nain-20\/#breadcrumb","itemListElement":[{"@type":"ListItem","position":1,"name":"Home","item":"https:\/\/www.perzijskepreproge.si\/en\/persian-carpets-farzad\/"},{"@type":"ListItem","position":2,"name":"Shop","item":"https:\/\/www.perzijskepreproge.si\/en\/shop\/"},{"@type":"ListItem","position":3,"name":"Persian carpet Nain \/ Persian carpet Nain"}]},{"@type":"WebSite","@id":"https:\/\/www.perzijskepreproge.si\/en\/#website","url":"https:\/\/www.perzijskepreproge.si\/en\/","name":"Perzijske preproge Farzad","description":"Perzijske preproge,  preprog in \u010di\u0161\u010denje preprog","potentialAction":[{"@type":"SearchAction","target":{"@type":"EntryPoint","urlTemplate":"https:\/\/www.perzijskepreproge.si\/en\/?s={search_term_string}"},"query-input":{"@type":"PropertyValueSpecification","valueRequired":true,"valueName":"search_term_string"}}],"inLanguage":"en-US"}]}},"_links":{"self":[{"href":"https:\/\/www.perzijskepreproge.si\/en\/wp-json\/wp\/v2\/product\/25593","targetHints":{"allow":["GET"]}}],"collection":[{"href":"https:\/\/www.perzijskepreproge.si\/en\/wp-json\/wp\/v2\/product"}],"about":[{"href":"https:\/\/www.perzijskepreproge.si\/en\/wp-json\/wp\/v2\/types\/product"}],"version-history":[{"count":0,"href":"https:\/\/www.perzijskepreproge.si\/en\/wp-json\/wp\/v2\/product\/25593\/revisions"}],"wp:featuredmedia":[{"embeddable":true,"href":"https:\/\/www.perzijskepreproge.si\/en\/wp-json\/wp\/v2\/media\/21312"}],"wp:attachment":[{"href":"https:\/\/www.perzijskepreproge.si\/en\/wp-json\/wp\/v2\/media?parent=25593"}],"wp:term":[{"taxonomy":"product_brand","embeddable":true,"href":"https:\/\/www.perzijskepreproge.si\/en\/wp-json\/wp\/v2\/product_brand?post=25593"},{"taxonomy":"product_cat","embeddable":true,"href":"https:\/\/www.perzijskepreproge.si\/en\/wp-json\/wp\/v2\/product_cat?post=25593"},{"taxonomy":"product_tag","embeddable":true,"href":"https:\/\/www.perzijskepreproge.si\/en\/wp-json\/wp\/v2\/product_tag?post=25593"}],"curies":[{"name":"wp","href":"https:\/\/api.w.org\/{rel}","templated":true}]}}