{"id":25769,"date":"2024-04-23T14:35:44","date_gmt":"2024-04-23T12:35:44","guid":{"rendered":"https:\/\/www.perzijskepreproge.si\/izdelek\/persian-carpet-ardabil-persian-carpet-ardabil-9\/"},"modified":"2026-04-13T13:20:39","modified_gmt":"2026-04-13T11:20:39","slug":"persian-carpet-ardabil-persian-carpet-ardabil-9","status":"publish","type":"product","link":"https:\/\/www.perzijskepreproge.si\/en\/product\/persian-carpet-ardabil-persian-carpet-ardabil-9\/","title":{"rendered":"Persian Carpet Ardabil \/ Persian carpet Ardabil"},"content":{"rendered":"<p style=\"text-align: left;\"><strong>Ardabil<\/strong> is located at 1200 meters above sea level in northwestern Iran in the Ardabil province. The name derives from the Zoroastrian word Artavil, which denotes a holy place. The city is mentioned in the Zoroastrian sacred text Avesta, which records that Zoroaster was born by the Aras River and wrote his scriptures in the Salaban mountains. One of Ardabil&#8217;s main landmarks is the tomb of ruler Safi al-Din Ardabili, who died in 1334. In his time, he was a leader of Sufis who followed him in practicing mystical Sufism. One of his successors, Shah Ismail, after several centuries of foreign rule, reunited Iran and introduced Shiism as the state religion. He was the founder of the Safavid dynasty, during which Iran again achieved a flourishing in the arts. Ismail&#8217;s son Shah Tahmasp expanded the shrine with the tomb in 1530, and during this time the famous Ardabil carpets were also made for this space. According to reports by two British travelers, the carpets were still in their place in 1843, but 30 years later an earthquake severely damaged the tomb and they were sold to raise money for restoration. They were purchased by a British company, and because they were damaged, some parts of one carpet were used in restoring the other, which was evident in that one carpet was missing its border. In 1892, the larger carpet was put up for auction in London, where designer William Morris became enthusiastic about it and convinced the museum management to purchase it for 2000 pounds at the time. The smaller one was sold to an American collector and is now in a museum in Los Angeles. Today, Ardabil with its surrounding villages is an important center for the production and sale of carpets. By construction, colors, and patterns, they can be counted among Caucasian carpets, especially those that imitate the Kazak style. They usually have two weft threads between two rows of knots on a cotton foundation, symmetrical knots, geometric patterns, and the colors are subdued and harmonious. However, carpets from the wider Ardabil province area can be very different from each other, as peoples such as the Afshar, Kurds, Baharlus, and Shahsavan live there, each with their own tradition in carpet making. The Shahsavan are a kind of tribal confederation established under the direction of Shah Abbas in the seventeenth century to defend Iran&#8217;s borders together with his army. Those who have not yet settled still spend summers in the mountains along the Caspian Sea and migrate in winter to the plateaus south of Tehran and east of Hamadan.                 <\/p>\n<p style=\"text-align: left;\">\n","protected":false},"excerpt":{"rendered":"<p>Reg.no.: 652<\/p>\n<p>Size \/ Size: 280 x 91 cm<\/p>\n<p>Pile: wool<\/p>\n<p>Base: cotton<\/p>\n<p>Colors: plants<\/p>\n<p>Design: geometric<\/p>\n<p>Weaving technique: handmade pile carpet<\/p>\n<p>Knot density: 120,000 m\/2<\/p>\n<p>Origin: Iran<\/p>\n<p>&nbsp;<\/p>\n","protected":false},"featured_media":24162,"template":"","meta":{"iawp_total_views":4},"product_brand":[],"product_cat":[283],"product_tag":[],"class_list":{"0":"post-25769","1":"product","2":"type-product","3":"status-publish","4":"has-post-thumbnail","6":"product_cat-runners","7":"pa_barva-osnovna-red-burgundy","8":"pa_material-wool","9":"pa_oblika-runners","10":"pa_velikost-cca-runner","12":"first","13":"instock","14":"sale","15":"sold-individually","16":"taxable","17":"shipping-taxable","18":"purchasable","19":"product-type-simple"},"yoast_head":"<!-- This site is optimized with the Yoast SEO plugin v27.3 - https:\/\/yoast.com\/product\/yoast-seo-wordpress\/ -->\n<title>Persian Carpet Ardabil \/ Persian carpet Ardabil - Perzijske preproge Farzad<\/title>\n<meta name=\"robots\" content=\"index, follow, max-snippet:-1, max-image-preview:large, max-video-preview:-1\" \/>\n<link rel=\"canonical\" href=\"https:\/\/www.perzijskepreproge.si\/en\/product\/persian-carpet-ardabil-persian-carpet-ardabil-9\/\" \/>\n<meta property=\"og:locale\" content=\"en_US\" \/>\n<meta property=\"og:type\" content=\"article\" \/>\n<meta property=\"og:title\" content=\"Persian Carpet Ardabil \/ Persian carpet Ardabil - Perzijske preproge Farzad\" \/>\n<meta property=\"og:description\" content=\"Reg.no.: 652 Size \/ Size: 280 x 91 cm Pile: wool Base: cotton Colors: plants Design: geometric Weaving technique: handmade pile carpet Knot density: 120,000 m\/2 Origin: Iran &nbsp;\" \/>\n<meta property=\"og:url\" content=\"https:\/\/www.perzijskepreproge.si\/en\/product\/persian-carpet-ardabil-persian-carpet-ardabil-9\/\" \/>\n<meta property=\"og:site_name\" content=\"Perzijske preproge Farzad\" \/>\n<meta property=\"article:modified_time\" content=\"2026-04-13T11:20:39+00:00\" \/>\n<meta property=\"og:image\" content=\"https:\/\/www.perzijskepreproge.si\/wp-content\/uploads\/2024\/04\/IMG_20240423_142507jpg.webp\" \/>\n\t<meta property=\"og:image:width\" content=\"478\" \/>\n\t<meta property=\"og:image:height\" content=\"1200\" \/>\n\t<meta property=\"og:image:type\" content=\"image\/jpeg\" \/>\n<meta name=\"twitter:card\" content=\"summary_large_image\" \/>\n<meta name=\"twitter:label1\" content=\"Est. reading time\" \/>\n\t<meta name=\"twitter:data1\" content=\"2 minutes\" \/>\n<script type=\"application\/ld+json\" class=\"yoast-schema-graph\">{\"@context\":\"https:\\\/\\\/schema.org\",\"@graph\":[{\"@type\":\"WebPage\",\"@id\":\"https:\\\/\\\/www.perzijskepreproge.si\\\/en\\\/product\\\/persian-carpet-ardabil-persian-carpet-ardabil-9\\\/\",\"url\":\"https:\\\/\\\/www.perzijskepreproge.si\\\/en\\\/product\\\/persian-carpet-ardabil-persian-carpet-ardabil-9\\\/\",\"name\":\"Persian Carpet Ardabil \\\/ Persian carpet Ardabil - Perzijske preproge Farzad\",\"isPartOf\":{\"@id\":\"https:\\\/\\\/www.perzijskepreproge.si\\\/en\\\/#website\"},\"primaryImageOfPage\":{\"@id\":\"https:\\\/\\\/www.perzijskepreproge.si\\\/en\\\/product\\\/persian-carpet-ardabil-persian-carpet-ardabil-9\\\/#primaryimage\"},\"image\":{\"@id\":\"https:\\\/\\\/www.perzijskepreproge.si\\\/en\\\/product\\\/persian-carpet-ardabil-persian-carpet-ardabil-9\\\/#primaryimage\"},\"thumbnailUrl\":\"https:\\\/\\\/www.perzijskepreproge.si\\\/wp-content\\\/uploads\\\/2024\\\/04\\\/IMG_20240423_142507jpg.jpg\",\"datePublished\":\"2024-04-23T12:35:44+00:00\",\"dateModified\":\"2026-04-13T11:20:39+00:00\",\"breadcrumb\":{\"@id\":\"https:\\\/\\\/www.perzijskepreproge.si\\\/en\\\/product\\\/persian-carpet-ardabil-persian-carpet-ardabil-9\\\/#breadcrumb\"},\"inLanguage\":\"en-US\",\"potentialAction\":[{\"@type\":\"ReadAction\",\"target\":[\"https:\\\/\\\/www.perzijskepreproge.si\\\/en\\\/product\\\/persian-carpet-ardabil-persian-carpet-ardabil-9\\\/\"]}]},{\"@type\":\"ImageObject\",\"inLanguage\":\"en-US\",\"@id\":\"https:\\\/\\\/www.perzijskepreproge.si\\\/en\\\/product\\\/persian-carpet-ardabil-persian-carpet-ardabil-9\\\/#primaryimage\",\"url\":\"https:\\\/\\\/www.perzijskepreproge.si\\\/wp-content\\\/uploads\\\/2024\\\/04\\\/IMG_20240423_142507jpg.jpg\",\"contentUrl\":\"https:\\\/\\\/www.perzijskepreproge.si\\\/wp-content\\\/uploads\\\/2024\\\/04\\\/IMG_20240423_142507jpg.jpg\",\"width\":478,\"height\":1200},{\"@type\":\"BreadcrumbList\",\"@id\":\"https:\\\/\\\/www.perzijskepreproge.si\\\/en\\\/product\\\/persian-carpet-ardabil-persian-carpet-ardabil-9\\\/#breadcrumb\",\"itemListElement\":[{\"@type\":\"ListItem\",\"position\":1,\"name\":\"Home\",\"item\":\"https:\\\/\\\/www.perzijskepreproge.si\\\/en\\\/persian-carpets-farzad\\\/\"},{\"@type\":\"ListItem\",\"position\":2,\"name\":\"Shop\",\"item\":\"https:\\\/\\\/www.perzijskepreproge.si\\\/en\\\/shop\\\/\"},{\"@type\":\"ListItem\",\"position\":3,\"name\":\"Persian Carpet Ardabil \\\/ Persian carpet Ardabil\"}]},{\"@type\":\"WebSite\",\"@id\":\"https:\\\/\\\/www.perzijskepreproge.si\\\/en\\\/#website\",\"url\":\"https:\\\/\\\/www.perzijskepreproge.si\\\/en\\\/\",\"name\":\"Perzijske preproge Farzad\",\"description\":\"Perzijske preproge,  preprog in \u010di\u0161\u010denje preprog\",\"potentialAction\":[{\"@type\":\"SearchAction\",\"target\":{\"@type\":\"EntryPoint\",\"urlTemplate\":\"https:\\\/\\\/www.perzijskepreproge.si\\\/en\\\/?s={search_term_string}\"},\"query-input\":{\"@type\":\"PropertyValueSpecification\",\"valueRequired\":true,\"valueName\":\"search_term_string\"}}],\"inLanguage\":\"en-US\"}]}<\/script>\n<!-- \/ Yoast SEO plugin. -->","yoast_head_json":{"title":"Persian Carpet Ardabil \/ Persian carpet Ardabil - Perzijske preproge Farzad","robots":{"index":"index","follow":"follow","max-snippet":"max-snippet:-1","max-image-preview":"max-image-preview:large","max-video-preview":"max-video-preview:-1"},"canonical":"https:\/\/www.perzijskepreproge.si\/en\/product\/persian-carpet-ardabil-persian-carpet-ardabil-9\/","og_locale":"en_US","og_type":"article","og_title":"Persian Carpet Ardabil \/ Persian carpet Ardabil - Perzijske preproge Farzad","og_description":"Reg.no.: 652 Size \/ Size: 280 x 91 cm Pile: wool Base: cotton Colors: plants Design: geometric Weaving technique: handmade pile carpet Knot density: 120,000 m\/2 Origin: Iran &nbsp;","og_url":"https:\/\/www.perzijskepreproge.si\/en\/product\/persian-carpet-ardabil-persian-carpet-ardabil-9\/","og_site_name":"Perzijske preproge Farzad","article_modified_time":"2026-04-13T11:20:39+00:00","og_image":[{"width":478,"height":1200,"url":"https:\/\/www.perzijskepreproge.si\/wp-content\/uploads\/2024\/04\/IMG_20240423_142507jpg.webp","type":"image\/jpeg"}],"twitter_card":"summary_large_image","twitter_misc":{"Est. reading time":"2 minutes"},"schema":{"@context":"https:\/\/schema.org","@graph":[{"@type":"WebPage","@id":"https:\/\/www.perzijskepreproge.si\/en\/product\/persian-carpet-ardabil-persian-carpet-ardabil-9\/","url":"https:\/\/www.perzijskepreproge.si\/en\/product\/persian-carpet-ardabil-persian-carpet-ardabil-9\/","name":"Persian Carpet Ardabil \/ Persian carpet Ardabil - Perzijske preproge Farzad","isPartOf":{"@id":"https:\/\/www.perzijskepreproge.si\/en\/#website"},"primaryImageOfPage":{"@id":"https:\/\/www.perzijskepreproge.si\/en\/product\/persian-carpet-ardabil-persian-carpet-ardabil-9\/#primaryimage"},"image":{"@id":"https:\/\/www.perzijskepreproge.si\/en\/product\/persian-carpet-ardabil-persian-carpet-ardabil-9\/#primaryimage"},"thumbnailUrl":"https:\/\/www.perzijskepreproge.si\/wp-content\/uploads\/2024\/04\/IMG_20240423_142507jpg.jpg","datePublished":"2024-04-23T12:35:44+00:00","dateModified":"2026-04-13T11:20:39+00:00","breadcrumb":{"@id":"https:\/\/www.perzijskepreproge.si\/en\/product\/persian-carpet-ardabil-persian-carpet-ardabil-9\/#breadcrumb"},"inLanguage":"en-US","potentialAction":[{"@type":"ReadAction","target":["https:\/\/www.perzijskepreproge.si\/en\/product\/persian-carpet-ardabil-persian-carpet-ardabil-9\/"]}]},{"@type":"ImageObject","inLanguage":"en-US","@id":"https:\/\/www.perzijskepreproge.si\/en\/product\/persian-carpet-ardabil-persian-carpet-ardabil-9\/#primaryimage","url":"https:\/\/www.perzijskepreproge.si\/wp-content\/uploads\/2024\/04\/IMG_20240423_142507jpg.jpg","contentUrl":"https:\/\/www.perzijskepreproge.si\/wp-content\/uploads\/2024\/04\/IMG_20240423_142507jpg.jpg","width":478,"height":1200},{"@type":"BreadcrumbList","@id":"https:\/\/www.perzijskepreproge.si\/en\/product\/persian-carpet-ardabil-persian-carpet-ardabil-9\/#breadcrumb","itemListElement":[{"@type":"ListItem","position":1,"name":"Home","item":"https:\/\/www.perzijskepreproge.si\/en\/persian-carpets-farzad\/"},{"@type":"ListItem","position":2,"name":"Shop","item":"https:\/\/www.perzijskepreproge.si\/en\/shop\/"},{"@type":"ListItem","position":3,"name":"Persian Carpet Ardabil \/ Persian carpet Ardabil"}]},{"@type":"WebSite","@id":"https:\/\/www.perzijskepreproge.si\/en\/#website","url":"https:\/\/www.perzijskepreproge.si\/en\/","name":"Perzijske preproge Farzad","description":"Perzijske preproge,  preprog in \u010di\u0161\u010denje preprog","potentialAction":[{"@type":"SearchAction","target":{"@type":"EntryPoint","urlTemplate":"https:\/\/www.perzijskepreproge.si\/en\/?s={search_term_string}"},"query-input":{"@type":"PropertyValueSpecification","valueRequired":true,"valueName":"search_term_string"}}],"inLanguage":"en-US"}]}},"_links":{"self":[{"href":"https:\/\/www.perzijskepreproge.si\/en\/wp-json\/wp\/v2\/product\/25769","targetHints":{"allow":["GET"]}}],"collection":[{"href":"https:\/\/www.perzijskepreproge.si\/en\/wp-json\/wp\/v2\/product"}],"about":[{"href":"https:\/\/www.perzijskepreproge.si\/en\/wp-json\/wp\/v2\/types\/product"}],"version-history":[{"count":1,"href":"https:\/\/www.perzijskepreproge.si\/en\/wp-json\/wp\/v2\/product\/25769\/revisions"}],"predecessor-version":[{"id":29509,"href":"https:\/\/www.perzijskepreproge.si\/en\/wp-json\/wp\/v2\/product\/25769\/revisions\/29509"}],"wp:featuredmedia":[{"embeddable":true,"href":"https:\/\/www.perzijskepreproge.si\/en\/wp-json\/wp\/v2\/media\/24162"}],"wp:attachment":[{"href":"https:\/\/www.perzijskepreproge.si\/en\/wp-json\/wp\/v2\/media?parent=25769"}],"wp:term":[{"taxonomy":"product_brand","embeddable":true,"href":"https:\/\/www.perzijskepreproge.si\/en\/wp-json\/wp\/v2\/product_brand?post=25769"},{"taxonomy":"product_cat","embeddable":true,"href":"https:\/\/www.perzijskepreproge.si\/en\/wp-json\/wp\/v2\/product_cat?post=25769"},{"taxonomy":"product_tag","embeddable":true,"href":"https:\/\/www.perzijskepreproge.si\/en\/wp-json\/wp\/v2\/product_tag?post=25769"}],"curies":[{"name":"wp","href":"https:\/\/api.w.org\/{rel}","templated":true}]}}